{"id":39439,"date":"2024-06-10T14:35:42","date_gmt":"2024-06-10T14:35:42","guid":{"rendered":"https:\/\/ghgalaxyhome.com\/?post_type=product&#038;p=39439"},"modified":"2024-06-10T15:34:29","modified_gmt":"2024-06-10T15:34:29","slug":"products-detail-4738437","status":"publish","type":"product","link":"https:\/\/ghgalaxyhome.com\/fr\/video\/products-detail-4738437","title":{"rendered":"Meilleures armoires de salle de bain personnalisables pour votre entreprise \u00e0 domicile \u2013 Galaxy Home"},"content":{"rendered":"<div class=\"cons_box ls-product\">\n<div class=\"text-center d-tem20-title border-color d-interval\" data-detail=\"wrap\">\n<div class=\"title-header\">\n<div class=\"title font-color\" style=\"text-align: center\"><strong><span style=\"font-size: 18px\">Pr\u00e9sentation des produits<\/span><\/strong><\/div>\n<div class=\"description\" style=\"text-align: center\">Vanit\u00e9 de salle de bain Galaxy Home<\/div>\n<\/div>\n<\/div>\n<p style=\"text-align: center\"><img decoding=\"async\" src=\"https:\/\/ghgalaxyhome.com\/wp-content\/uploads\/2024\/06\/file_01714788645048.jpg?x-oss-process=image\/resize,m_lfit,w_1224\/format,webp\/quality,80\" alt=\"\" data-src=\"https:\/\/ghgalaxyhome.com\/wp-content\/uploads\/2024\/06\/file_01714788645048.jpg\" class=\"img-self show_imgss\"><\/p>\n<table>\n<tbody>\n<tr class=\"firstRow\">\n<td width=\"2230\" valign=\"top\">Ensemble de meuble-lavabo de salle de bain 2024\u00a0: adopter les nouvelles tendances de la vie intelligente. Ce meuble de salle de bain int\u00e8gre une technologie de capteurs de pointe. \u00c0 mesure que vous vous approchez, l&#039;armoire active ses lumi\u00e8res LED sup\u00e9rieure et inf\u00e9rieure, assurant un environnement bien \u00e9clair\u00e9. Une fois que vous partez, il s&#039;\u00e9teint intelligemment, favorisant ainsi l&#039;efficacit\u00e9 \u00e9nerg\u00e9tique et le respect de l&#039;environnement. Le comptoir est dot\u00e9 d&#039;un lavabo en c\u00e9ramique int\u00e9gr\u00e9, alliant harmonieusement style et fonctionnalit\u00e9. Le miroir intelligent, avec sa plaque arri\u00e8re elliptique faisant \u00e9cho au design du meuble de salle de bain, est \u00e9quip\u00e9 d&#039;un r\u00e9tro\u00e9clairage, de lumi\u00e8res LED et d&#039;une fonction anti-bu\u00e9e. Les fonctionnalit\u00e9s du miroir sont personnalisables et offrent des options telles que l&#039;affichage de l&#039;heure, l&#039;indication de la temp\u00e9rature, la connectivit\u00e9 Bluetooth, etc.<\/td>\n<\/tr>\n<\/tbody>\n<\/table>\n<p><\/p>\n<table>\n<tbody>\n<tr class=\"firstRow\">\n<td width=\"325\" valign=\"top\" style=\"text-align: center\">garantie<\/td>\n<td width=\"325\" valign=\"top\" style=\"text-align: center\">2 ans<\/td>\n<td width=\"325\" valign=\"top\" style=\"text-align: center\">Service apr\u00e8s-vente<\/td>\n<td width=\"325\" valign=\"top\" style=\"text-align: center\">Support technique en ligne<\/td>\n<\/tr>\n<tr>\n<td width=\"325\" valign=\"top\" style=\"text-align: center\">Lieu d&#039;origine<\/td>\n<td width=\"325\" valign=\"top\" style=\"text-align: center\">Foshan, Chine<\/td>\n<td width=\"325\" valign=\"top\" style=\"text-align: center\">Marque<\/td>\n<td width=\"325\" valign=\"top\" style=\"text-align: center\">Accueil Galaxie<\/td>\n<\/tr>\n<tr>\n<td width=\"325\" valign=\"top\" style=\"text-align: center\">Style<\/td>\n<td width=\"325\" valign=\"top\" style=\"text-align: center\">Moderne<\/td>\n<td width=\"325\" valign=\"top\" style=\"text-align: center\">Forme<\/td>\n<td width=\"325\" valign=\"top\" style=\"text-align: center\">Rectangle<\/td>\n<\/tr>\n<tr>\n<td width=\"325\" valign=\"top\" style=\"text-align: center\">Nom du produit<\/td>\n<td width=\"325\" valign=\"top\" style=\"text-align: center\">Ensemble d&#039;armoires de salle de bain<\/td>\n<td width=\"325\" valign=\"top\" style=\"text-align: center\">Taille<\/td>\n<td width=\"325\" valign=\"top\" style=\"text-align: center\">Personnalis\u00e9<\/td>\n<\/tr>\n<tr>\n<td width=\"325\" valign=\"top\" style=\"text-align: center\">Couleur<\/td>\n<td width=\"325\" valign=\"top\" style=\"text-align: center\">Couleur personnalis\u00e9e<\/td>\n<td width=\"325\" valign=\"top\" style=\"text-align: center\">Mat\u00e9riaux d&#039;armoire<\/td>\n<td width=\"325\" valign=\"top\" style=\"text-align: center\">Personnalis\u00e9<\/td>\n<\/tr>\n<tr>\n<td width=\"325\" valign=\"top\" style=\"text-align: center\">Fonctionnalit\u00e9<\/td>\n<td width=\"325\" valign=\"top\" style=\"text-align: center\">Imperm\u00e9able<\/td>\n<td width=\"325\" valign=\"top\" style=\"text-align: center\">Usage<\/td>\n<td width=\"325\" valign=\"top\" style=\"text-align: center\">Meubles de salle de bains \u00e0 la maison d&#039;h\u00f4tel<\/td>\n<\/tr>\n<\/tbody>\n<\/table>\n<div class=\"d-tem11-graphic tem11-graphic mockup\" data-detail=\"wrap\">\n<div class=\"tab_row\">\n<div class=\"img\" style=\"width: 50%;text-align: center\"><img decoding=\"async\" src=\"https:\/\/ghgalaxyhome.com\/wp-content\/uploads\/2024\/06\/file_01714785678258.jpg?x-oss-process=image\/resize,m_lfit,w_1224\/format,webp\/quality,80\" alt=\"\" data-src=\"https:\/\/ghgalaxyhome.com\/wp-content\/uploads\/2024\/06\/file_01714785678258.jpg\" class=\"img-self show_imgss\"><\/div>\n<div class=\"text_box\" style=\"width:50%\">\n<div class=\"txt\">\n<div class=\"title\" style=\"text-align: left\"><a href=\"https:\/\/www.ghgalaxyhome.com\/products-40712\" target=\"_self\" title=\"salle de bains vanit\u00e9\" data-lv=\"0\" rel=\"noopener\"><span style=\"font-size: 18px\">Armoire de toilette<\/span><\/a><\/div>\n<div class=\"description\">\n<p><\/p>\n<p style=\"text-align: left\"><span style=\"font-size: 18px\"><\/span><\/p>\n<p><span style=\"font-size: 18px\"><\/span><\/p>\n<p>Construction en bois massif : con\u00e7ue pour durer, notre armoire de salle de bain est fabriqu\u00e9e \u00e0 partir de bois massif de haute qualit\u00e9, garantissant durabilit\u00e9 et long\u00e9vit\u00e9.<\/p>\n<p><\/p>\n<p>Conception de tiroirs et de portes : Dot\u00e9e d&#039;un tiroir pratique et d&#039;une armoire spacieuse, cette pi\u00e8ce offre un grand espace de rangement pour tous les essentiels de votre salle de bain.<\/p>\n<p><\/p>\n<p>\u00c9clairage int\u00e9gr\u00e9 : Rehaussez l&#039;ambiance de votre salle de bain avec la bande LED int\u00e9gr\u00e9e install\u00e9e entre le meuble et le comptoir. Ce d\u00e9tail d&#039;\u00e9clairage subtil ajoute une touche de sophistication et de chaleur \u00e0 votre espace.<\/p>\n<p><\/p>\n<p>Accessoires silencieux : \u00e9quip\u00e9 d&#039;accessoires silencieux, notamment des poign\u00e9es m\u00e9talliques dissimul\u00e9es, notre armoire assure un fonctionnement fluide et silencieux, minimisant les nuisances sonores dans votre salle de bain.<\/p>\n<p><span style=\"font-size: 18px\"><\/span><\/p>\n<p style=\"text-align: left\"><span style=\"font-size: 18px\"><\/span><\/p>\n<\/div>\n<\/div>\n<\/div>\n<\/div>\n<\/div>\n<div class=\"d-tem12-graphic d-tem11-graphic tem12-graphic tem11-graphic mockup\" data-detail=\"wrap\">\n<div class=\"tab_row\">\n<div class=\"img\" style=\"width: 50%;text-align: center\"><img decoding=\"async\" src=\"https:\/\/ghgalaxyhome.com\/wp-content\/uploads\/2024\/06\/file_01714788907832.jpg?x-oss-process=image\/resize,m_lfit,w_1224\/format,webp\/quality,80\" alt=\"\" data-src=\"https:\/\/ghgalaxyhome.com\/wp-content\/uploads\/2024\/06\/file_01714788907832.jpg\" class=\"img-self show_imgss\"><\/div>\n<div class=\"text_box\" style=\"width:50%\">\n<div class=\"txt\">\n<div class=\"title\" style=\"text-align: left\"><span style=\"font-size: 18px\">Miroir intelligent<\/span><\/div>\n<div class=\"description\">\n<p style=\"text-align: left\"><span style=\"font-size: 18px\"><br \/><\/span><\/p>\n<p style=\"text-align: left\"><span style=\"font-size: 18px\"><\/span><\/p>\n<p style=\"text-align: left\"><span style=\"font-size: 18px\"><\/span>Associez notre armoire \u00e0 notre miroir intelligent pour une mise \u00e0 niveau ultime de la salle de bain. Le cadre du miroir est con\u00e7u pour correspondre \u00e0 la couleur et au mat\u00e9riau du meuble, cr\u00e9ant ainsi un aspect coh\u00e9rent. De plus, le miroir est \u00e9quip\u00e9 de lumi\u00e8res LED et d&#039;une fonctionnalit\u00e9 de d\u00e9sembuage, offrant plus de commodit\u00e9 et de fonctionnalit\u00e9.<span style=\"font-size: 18px\"><\/span><\/p>\n<p style=\"text-align: left\"><span style=\"font-size: 18px\"><\/span><\/p>\n<\/div>\n<\/div>\n<\/div>\n<\/div>\n<\/div>\n<div class=\"d-tem11-graphic tem11-graphic mockup\" data-detail=\"wrap\">\n<div class=\"tab_row\">\n<div class=\"img\" style=\"width: 50%;text-align: center\"><img decoding=\"async\" src=\"https:\/\/ghgalaxyhome.com\/wp-content\/uploads\/2024\/06\/file_21714785678258.jpg?x-oss-process=image\/resize,m_lfit,w_1224\/format,webp\/quality,80\" alt=\"\" data-src=\"https:\/\/ghgalaxyhome.com\/wp-content\/uploads\/2024\/06\/file_21714785678258.jpg\" class=\"img-self show_imgss\"><\/div>\n<div class=\"text_box\" style=\"width:50%\">\n<div class=\"txt\">\n<div class=\"title\" style=\"text-align: left\"><span style=\"font-size: 18px\">Comptoir et bassin<\/span><\/div>\n<div class=\"description\">\n<p><\/p>\n<p style=\"text-align: left\"><span style=\"font-size: 18px\"><\/span><\/p>\n<p><span style=\"font-size: 18px\"><\/span>L&#039;armoire est compl\u00e9t\u00e9e par un \u00e9l\u00e9gant comptoir en pierre fritt\u00e9e noire, connu pour sa durabilit\u00e9 et son aspect luxueux. Parfaitement int\u00e9gr\u00e9, le comptoir est dot\u00e9 d&#039;un lavabo en c\u00e9ramique sans couture, ajoutant \u00e0 l&#039;esth\u00e9tique moderne de l&#039;armoire.<span style=\"font-size: 18px\"><\/span><\/p>\n<p style=\"text-align: left\"><span style=\"font-size: 18px\"><\/span><\/p>\n<\/div>\n<\/div>\n<\/div>\n<\/div>\n<\/div>\n<p><\/p>\n<div class=\"de_m_faq_5 cont_section\">\n<div class=\"head_title text-center\">FAQ<\/div>\n<div class=\"li_con text-center\">Questions fr\u00e9quemment pos\u00e9es sur le plan tarifaire<\/div>\n<ul class=\"_ul\">\n<li class=\"_li\">\n<div class=\"li_head\">1.Quels types de produits pouvez-vous fournir\u00a0?<\/div>\n<div class=\"li_con\">Les principaux produits de GALAXY HOME sont les vanit\u00e9s de salle de bains, les baignoires, les robinets de lavabo, les pommes de douche, les cabines de douche, les toilettes et les accessoires de salle de bains.<\/div>\n<\/li>\n<li class=\"_li\">\n<div class=\"li_head\">2.La personnalisation est-elle possible ?<\/div>\n<div class=\"li_con\">Oui. Nous avons une \u00e9quipe professionnelle de conception et de production avec une riche exp\u00e9rience. Faites-nous part de vos demandes et nous vous proposons une solution.<\/div>\n<\/li>\n<li class=\"_li\">\n<div class=\"li_head\">3.L&#039;ODM ou l&#039;OEM sont-ils acceptables\u00a0?<\/div>\n<div class=\"li_con\">Oui. Gr\u00e2ce \u00e0 notre exp\u00e9rience de production et d&#039;exportation depuis au moins 18 ans, nous avons termin\u00e9 de nombreuses commandes ODM et OEM au cours des derni\u00e8res ann\u00e9es. Notre usine couvre une superficie de 40 000\u00a0?O avec des lignes de production avanc\u00e9es. Notre capacit\u00e9 \u00e0 faire des ODM et des OEM est digne de confiance.<\/div>\n<\/li>\n<li class=\"_li\">\n<div class=\"li_head\">4. De quels certificats de produits disposez-vous\u00a0?<\/div>\n<div class=\"li_con\">Les produits GALAXY HOME ont \u00e9t\u00e9 certifi\u00e9s par SGS, CNAS, CMA, CAL et jlac-mra. Des certificats ont \u00e9t\u00e9 d\u00e9livr\u00e9s.<\/div>\n<\/li>\n<li class=\"_li\">\n<div class=\"li_head\">5.Comment puis-je obtenir le dernier prix ?<\/div>\n<div class=\"li_con\">Les clients peuvent cliquer sur le bouton Contactez-nous pour nous envoyer une demande. Nous citons g\u00e9n\u00e9ralement dans les 24 heures pendant les jours ouvrables. Vous pouvez \u00e9galement nous envoyer un e-mail ou Whatspp directement si vous souhaitez une r\u00e9ponse rapide. L&#039;adresse e-mail est info@ghgalaxyhome.com et le num\u00e9ro de t\u00e9l\u00e9phone est le 86-17722731431.<\/div>\n<\/li>\n<li class=\"_li\">\n<div class=\"li_head\">6.Puis-je acheter des \u00e9chantillons ?<\/div>\n<div class=\"li_con\">Oui. Des d\u00e9tails tels que le fret et le d\u00e9lai de livraison peuvent \u00eatre discut\u00e9s.<\/div>\n<\/li>\n<li class=\"_li\">\n<div class=\"li_head\">7.Quel est le d\u00e9lai d&#039;ex\u00e9cution ??<\/div>\n<div class=\"li_con\">Le d\u00e9lai de livraison d\u00e9pend de la quantit\u00e9 command\u00e9e et du stock. G\u00e9n\u00e9ralement, il faut compter 7 \u00e0 15 jours pour des stocks ad\u00e9quats et environ 30 jours pour des stocks faibles.<\/div>\n<\/li>\n<li class=\"_li\">\n<div class=\"li_head\">8.Quel est le mode de livraison ?<\/div>\n<div class=\"li_con\">Les produits peuvent \u00eatre livr\u00e9s par voie maritime, a\u00e9rienne ou express (EMS, UPS, DHL, TNT, FEDEX, etc.). Veuillez nous parler avant de passer des commandes.<\/div>\n<\/li>\n<li class=\"_li\">\n<div class=\"li_head\">9.Comment puis-je payer ? Quel est le mode de paiement ?<\/div>\n<div class=\"li_con\">T\/T, L\/C, Western Union, Moneygram, Paypal sont tous acceptables.<\/div>\n<\/li>\n<li class=\"_li\">\n<div class=\"li_head\">10.Que pouvez-vous faire pour assurer la qualit\u00e9 ?<\/div>\n<div class=\"li_con\">Le service d\u2019inspection qualit\u00e9 de notre usine v\u00e9rifie chaque aspect de la production. Nous vous tiendrons \u00e9galement inform\u00e9s par des photos et des vid\u00e9os pour nous assurer que chaque d\u00e9tail est r\u00e9gl\u00e9. Nous resterons toujours en contact avec les acheteurs en cas de question.<\/div>\n<\/li>\n<\/ul>\n<\/div><\/div>","protected":false},"excerpt":{"rendered":"<p>Am\u00e9liorez votre exp\u00e9rience de salle de bain avec notre dernier ajout : l&#039;armoire de salle de bain en bois massif. Fabriqu\u00e9e avec pr\u00e9cision et \u00e9l\u00e9gance, cette armoire pr\u00e9sente un design \u00e9l\u00e9gant qui allie harmonieusement fonctionnalit\u00e9 et esth\u00e9tique.<\/p>","protected":false},"featured_media":31821,"comment_status":"open","ping_status":"closed","template":"","meta":[],"product_brand":[],"product_cat":[18],"product_tag":[],"class_list":{"0":"post-39439","1":"product","2":"type-product","3":"status-publish","4":"has-post-thumbnail","6":"product_cat-products-40712","8":"first","9":"instock","10":"shipping-taxable","11":"product-type-simple"},"_links":{"self":[{"href":"https:\/\/ghgalaxyhome.com\/fr\/wp-json\/wp\/v2\/product\/39439","targetHints":{"allow":["GET"]}}],"collection":[{"href":"https:\/\/ghgalaxyhome.com\/fr\/wp-json\/wp\/v2\/product"}],"about":[{"href":"https:\/\/ghgalaxyhome.com\/fr\/wp-json\/wp\/v2\/types\/product"}],"replies":[{"embeddable":true,"href":"https:\/\/ghgalaxyhome.com\/fr\/wp-json\/wp\/v2\/comments?post=39439"}],"version-history":[{"count":2,"href":"https:\/\/ghgalaxyhome.com\/fr\/wp-json\/wp\/v2\/product\/39439\/revisions"}],"predecessor-version":[{"id":41576,"href":"https:\/\/ghgalaxyhome.com\/fr\/wp-json\/wp\/v2\/product\/39439\/revisions\/41576"}],"wp:featuredmedia":[{"embeddable":true,"href":"https:\/\/ghgalaxyhome.com\/fr\/wp-json\/wp\/v2\/media\/31821"}],"wp:attachment":[{"href":"https:\/\/ghgalaxyhome.com\/fr\/wp-json\/wp\/v2\/media?parent=39439"}],"wp:term":[{"taxonomy":"product_brand","embeddable":true,"href":"https:\/\/ghgalaxyhome.com\/fr\/wp-json\/wp\/v2\/product_brand?post=39439"},{"taxonomy":"product_cat","embeddable":true,"href":"https:\/\/ghgalaxyhome.com\/fr\/wp-json\/wp\/v2\/product_cat?post=39439"},{"taxonomy":"product_tag","embeddable":true,"href":"https:\/\/ghgalaxyhome.com\/fr\/wp-json\/wp\/v2\/product_tag?post=39439"}],"curies":[{"name":"wp","href":"https:\/\/api.w.org\/{rel}","templated":true}]}}