{"id":39404,"date":"2024-06-10T14:35:17","date_gmt":"2024-06-10T14:35:17","guid":{"rendered":"https:\/\/ghgalaxyhome.com\/?post_type=product&#038;p=39404"},"modified":"2024-06-11T06:13:46","modified_gmt":"2024-06-11T06:13:46","slug":"products-detail-4692984","status":"publish","type":"product","link":"https:\/\/ghgalaxyhome.com\/fr\/video\/products-detail-4692984","title":{"rendered":"Fabricants professionnels de miroirs et d&#039;armoires de salle de bains de personnalisation-Galaxy Home"},"content":{"rendered":"<div class=\"cons_box ls-product\">\n<div class=\"text-center d-tem20-title border-color d-interval\" data-detail=\"wrap\">\n<div class=\"title-header\">\n<div class=\"title font-color\" style=\"text-align: center;\"><strong><span style=\"font-size: 18px;\">Pr\u00e9sentation des produits<\/span><\/strong><\/div>\n<div class=\"description\" style=\"text-align: center;\">Vanit\u00e9 de salle de bain Galaxy Home<\/div>\n<\/div>\n<\/div>\n<p style=\"text-align: center;\"><img decoding=\"async\" class=\"img-self show_imgss\" src=\"https:\/\/ghgalaxyhome.com\/wp-content\/uploads\/2024\/06\/file_01709257944387.jpg?x-oss-process=image\/resize,m_lfit,w_1224\/format,webp\/quality,80\" alt=\"Bathroom Solutions\" data-src=\"https:\/\/ghgalaxyhome.com\/wp-content\/uploads\/2024\/06\/file_01709257944387.jpg\" \/><\/p>\n<table>\n<tbody>\n<tr class=\"firstRow\">\n<td valign=\"top\" width=\"2230\"><strong>Customizing bathroom mirrors and cabinets<\/strong> offers homeowners the opportunity to create personalized, functional, and stylish spaces that cater to their specific needs and preferences. By understanding design options, practical considerations, and incorporating innovative features, you can transform your bathroom into a luxurious retreat that reflects your unique lifestyle. Start your customization journey today and elevate your <a title=\"salle de bains vanit\u00e9\" href=\"https:\/\/www.ghgalaxyhome.com\/products-40712\" target=\"_self\" rel=\"noopener\" data-lv=\"0\"><strong>bathroom<\/strong><\/a> experience to new heights of comfort and elegance.<\/td>\n<\/tr>\n<\/tbody>\n<\/table>\n<p>&nbsp;<\/p>\n<table>\n<tbody>\n<tr class=\"firstRow\">\n<td style=\"text-align: center;\" valign=\"top\" width=\"325\">garantie<\/td>\n<td style=\"text-align: center;\" valign=\"top\" width=\"325\">2 ans<\/td>\n<td style=\"text-align: center;\" valign=\"top\" width=\"325\">Service apr\u00e8s-vente<\/td>\n<td style=\"text-align: center;\" valign=\"top\" width=\"325\">Support technique en ligne<\/td>\n<\/tr>\n<tr>\n<td style=\"text-align: center;\" valign=\"top\" width=\"325\">Lieu d&#039;origine<\/td>\n<td style=\"text-align: center;\" valign=\"top\" width=\"325\">Foshan, Chine<\/td>\n<td style=\"text-align: center;\" valign=\"top\" width=\"325\">Marque<\/td>\n<td style=\"text-align: center;\" valign=\"top\" width=\"325\">Accueil Galaxie<\/td>\n<\/tr>\n<tr>\n<td style=\"text-align: center;\" valign=\"top\" width=\"325\">Style<\/td>\n<td style=\"text-align: center;\" valign=\"top\" width=\"325\">Moderne<\/td>\n<td style=\"text-align: center;\" valign=\"top\" width=\"325\">Forme<\/td>\n<td style=\"text-align: center;\" valign=\"top\" width=\"325\">Personnalis\u00e9<\/td>\n<\/tr>\n<tr>\n<td style=\"text-align: center;\" valign=\"top\" width=\"325\">Nom du produit<\/td>\n<td style=\"text-align: center;\" valign=\"top\" width=\"325\">Miroir et armoire \u00e0 glace<\/td>\n<td style=\"text-align: center;\" valign=\"top\" width=\"325\">Taille<\/td>\n<td style=\"text-align: center;\" valign=\"top\" width=\"325\">Personnalis\u00e9<\/td>\n<\/tr>\n<tr>\n<td style=\"text-align: center;\" valign=\"top\" width=\"325\">Couleur<\/td>\n<td style=\"text-align: center;\" valign=\"top\" width=\"325\">Couleur personnalis\u00e9e<\/td>\n<td style=\"text-align: center;\" valign=\"top\" width=\"325\">Mat\u00e9riaux<\/td>\n<td style=\"text-align: center;\" valign=\"top\" width=\"325\">Personnalis\u00e9<\/td>\n<\/tr>\n<tr>\n<td style=\"text-align: center;\" valign=\"top\" width=\"325\">Fonctionnalit\u00e9<\/td>\n<td style=\"text-align: center;\" valign=\"top\" width=\"325\">Imperm\u00e9able<\/td>\n<td style=\"text-align: center;\" valign=\"top\" width=\"325\">Usage<\/td>\n<td style=\"text-align: center;\" valign=\"top\" width=\"325\">Meubles de salle de bains \u00e0 la maison d&#039;h\u00f4tel<\/td>\n<\/tr>\n<\/tbody>\n<\/table>\n<div class=\"d-tem11-graphic tem11-graphic mockup\" data-detail=\"wrap\">\n<div class=\"tab_row\">\n<div class=\"img\" style=\"width: 50%; text-align: center;\"><a href=\"https:\/\/www.ghgalaxyhome.com\/\" target=\"_blank\" rel=\"noopener\"><img decoding=\"async\" class=\"img-self show_imgss\" src=\"https:\/\/ghgalaxyhome.com\/wp-content\/uploads\/2024\/06\/file_01709258780829.jpg?x-oss-process=image\/resize,m_lfit,w_1224\/format,webp\/quality,80\" alt=\"meuble de salle de bain avec miroir\" data-src=\"https:\/\/ghgalaxyhome.com\/wp-content\/uploads\/2024\/06\/file_01709258780829.jpg\" \/><\/a><\/div>\n<div class=\"text_box\" style=\"width: 50%;\">\n<div class=\"txt\">\n<div class=\"title\" style=\"text-align: left;\"><span style=\"font-size: 18px;\">Understanding the Importance of Customization<\/span><\/div>\n<div class=\"description\">\n<p>&nbsp;<\/p>\n<p style=\"text-align: left;\">\n<p>&nbsp;<\/p>\n<p><span style=\"font-size: 18px;\">Customizing <a title=\"bathroom mirror and mirror cabinet\" href=\"https:\/\/www.ghgalaxyhome.com\/products-81046\" target=\"_self\" rel=\"noopener\" data-lv=\"0\"><strong>bathroom mirrors<\/strong><\/a> and cabinets allows homeowners to optimize space usage and reflect their personal style.<\/span><\/p>\n<p>&nbsp;<\/p>\n<p><span style=\"font-size: 18px;\">Tailored designs can enhance functionality by providing ample storage solutions and incorporating innovative features.<\/span><\/p>\n<p>&nbsp;<\/p>\n<\/div>\n<\/div>\n<\/div>\n<\/div>\n<\/div>\n<div class=\"d-tem12-graphic d-tem11-graphic tem12-graphic tem11-graphic mockup\" data-detail=\"wrap\">\n<div class=\"tab_row\">\n<div class=\"img\" style=\"width: 50%; text-align: center;\"><img decoding=\"async\" class=\"img-self show_imgss\" src=\"https:\/\/ghgalaxyhome.com\/wp-content\/uploads\/2024\/06\/file_01709259109140.jpg?x-oss-process=image\/resize,m_lfit,w_1224\/format,webp\/quality,80\" alt=\"\" data-src=\"https:\/\/ghgalaxyhome.com\/wp-content\/uploads\/2024\/06\/file_01709259109140.jpg\" \/><\/div>\n<div class=\"text_box\" style=\"width: 50%;\">\n<div class=\"txt\">\n<div class=\"title\" style=\"text-align: left;\"><a title=\"custom bathroom\" href=\"https:\/\/www.ghgalaxyhome.com\/service\" target=\"_self\" rel=\"noopener\" data-lv=\"0\"><span style=\"font-size: 18px;\">Design<\/span><\/a><span style=\"font-size: 18px;\"> Options for Bathroom Mirrors<\/span><\/div>\n<div class=\"description\">\n<p style=\"text-align: left;\"><span style=\"font-size: 18px;\">\u00a0<\/span><\/p>\n<p style=\"text-align: left;\">\n<p style=\"text-align: left;\">\n<p style=\"text-align: left;\"><span style=\"font-size: 18px;\">Explore a myriad of <strong>design options<\/strong>, including framed and frameless mirrors, various shapes, and sizes to suit different bathroom layouts and styles.<\/span><\/p>\n<p style=\"text-align: left;\"><span style=\"font-size: 18px;\">Incorporate decorative elements such as beveled edges, etched patterns, or <a title=\"led mirror\" href=\"https:\/\/www.ghgalaxyhome.com\/video\/products-detail-4689136\" target=\"_self\" rel=\"noopener\" data-lv=\"0\"><strong>LED backlighting<\/strong><\/a> to add visual interest and ambiance.<\/span><\/p>\n<p style=\"text-align: left;\">\n<p style=\"text-align: left;\">\n<\/div>\n<\/div>\n<\/div>\n<\/div>\n<\/div>\n<div class=\"d-tem11-graphic tem11-graphic mockup\" data-detail=\"wrap\">\n<div class=\"tab_row\">\n<div class=\"img\" style=\"width: 50%; text-align: center;\"><img decoding=\"async\" class=\"img-self show_imgss\" src=\"https:\/\/ghgalaxyhome.com\/wp-content\/uploads\/2024\/06\/file_01709259329837.jpg?x-oss-process=image\/resize,m_lfit,w_1224\/format,webp\/quality,80\" alt=\"\" data-src=\"https:\/\/ghgalaxyhome.com\/wp-content\/uploads\/2024\/06\/file_01709259329837.jpg\" \/><\/div>\n<div class=\"text_box\" style=\"width: 50%;\">\n<div class=\"txt\">\n<div class=\"title\" style=\"text-align: left;\"><span style=\"font-size: 18px;\">Customization Choices for Bathroom <a title=\"mirror cabinet\" href=\"https:\/\/www.ghgalaxyhome.com\/video\/products-detail-4421825\" target=\"_self\" rel=\"noopener\" data-lv=\"0\">Mirror Cabinets<\/a><\/span><\/div>\n<div class=\"description\">\n<p>&nbsp;<\/p>\n<p style=\"text-align: left;\">\n<p>&nbsp;<\/p>\n<p><span style=\"font-size: 18px;\">Consider the material options for cabinets, from durable MDF to elegant solid wood, ensuring durability and aesthetics meet your preferences.<\/span><\/p>\n<p><span style=\"font-size: 18px;\">\u00a0<\/span><\/p>\n<p><span style=\"font-size: 18px;\">Explore organizational features such as adjustable shelves, pull-out drawers, and built-in lighting to maximize <strong>storage<\/strong> efficiency and usability.<\/span><\/p>\n<p>&nbsp;<\/p>\n<\/div>\n<\/div>\n<\/div>\n<\/div>\n<\/div>\n<p>&nbsp;<\/p>\n<div class=\"de_m_faq_5 cont_section\">\n<div class=\"head_title text-center\">FAQ<\/div>\n<div class=\"li_con text-center\">Questions fr\u00e9quemment pos\u00e9es sur le plan tarifaire<\/div>\n<ul class=\"_ul\">\n<li class=\"_li\">\n<div class=\"li_head\">1.Quels types de produits pouvez-vous fournir\u00a0?<\/div>\n<div class=\"li_con\">Les principaux produits de GALAXY HOME sont les vanit\u00e9s de salle de bains, les baignoires, les robinets de lavabo, les pommes de douche, les cabines de douche, les toilettes et les accessoires de salle de bains.<\/div>\n<\/li>\n<li class=\"_li\">\n<div class=\"li_head\">2.La personnalisation est-elle possible ?<\/div>\n<div class=\"li_con\">Oui. Nous avons une \u00e9quipe professionnelle de conception et de production avec une riche exp\u00e9rience. Faites-nous part de vos demandes et nous vous proposons une solution.<\/div>\n<\/li>\n<li class=\"_li\">\n<div class=\"li_head\">3.L&#039;ODM ou l&#039;OEM sont-ils acceptables\u00a0?<\/div>\n<div class=\"li_con\">Oui. Gr\u00e2ce \u00e0 notre exp\u00e9rience de production et d&#039;exportation depuis au moins 18 ans, nous avons termin\u00e9 de nombreuses commandes ODM et OEM au cours des derni\u00e8res ann\u00e9es. Notre usine couvre une superficie de 40 000\u00a0?O avec des lignes de production avanc\u00e9es. Notre capacit\u00e9 \u00e0 faire des ODM et des OEM est digne de confiance.<\/div>\n<\/li>\n<li class=\"_li\">\n<div class=\"li_head\">4. De quels certificats de produits disposez-vous\u00a0?<\/div>\n<div class=\"li_con\">Les produits GALAXY HOME ont \u00e9t\u00e9 certifi\u00e9s par SGS, CNAS, CMA, CAL et jlac-mra. Des certificats ont \u00e9t\u00e9 d\u00e9livr\u00e9s.<\/div>\n<\/li>\n<li class=\"_li\">\n<div class=\"li_head\">5.Comment puis-je obtenir le dernier prix ?<\/div>\n<div class=\"li_con\">Les clients peuvent cliquer sur le bouton Contactez-nous pour nous envoyer une demande. Nous citons g\u00e9n\u00e9ralement dans les 24 heures pendant les jours ouvrables. Vous pouvez \u00e9galement nous envoyer un e-mail ou Whatspp directement si vous souhaitez une r\u00e9ponse rapide. L&#039;adresse e-mail est info@ghgalaxyhome.com et le num\u00e9ro de t\u00e9l\u00e9phone est le 86-17722731431.<\/div>\n<\/li>\n<li class=\"_li\">\n<div class=\"li_head\">6.Puis-je acheter des \u00e9chantillons ?<\/div>\n<div class=\"li_con\">Oui. Des d\u00e9tails tels que le fret et le d\u00e9lai de livraison peuvent \u00eatre discut\u00e9s.<\/div>\n<\/li>\n<li class=\"_li\">\n<div class=\"li_head\">7.Quel est le d\u00e9lai d&#039;ex\u00e9cution ??<\/div>\n<div class=\"li_con\">Le d\u00e9lai de livraison d\u00e9pend de la quantit\u00e9 command\u00e9e et du stock. G\u00e9n\u00e9ralement, il faut compter 7 \u00e0 15 jours pour des stocks ad\u00e9quats et environ 30 jours pour des stocks faibles.<\/div>\n<\/li>\n<li class=\"_li\">\n<div class=\"li_head\">8.Quel est le mode de livraison ?<\/div>\n<div class=\"li_con\">Les produits peuvent \u00eatre livr\u00e9s par voie maritime, a\u00e9rienne ou express (EMS, UPS, DHL, TNT, FEDEX, etc.). Veuillez nous parler avant de passer des commandes.<\/div>\n<\/li>\n<li class=\"_li\">\n<div class=\"li_head\">9.Comment puis-je payer ? Quel est le mode de paiement ?<\/div>\n<div class=\"li_con\">T\/T, L\/C, Western Union, Moneygram, Paypal sont tous acceptables.<\/div>\n<\/li>\n<li class=\"_li\">\n<div class=\"li_head\">10.Que pouvez-vous faire pour assurer la qualit\u00e9 ?<\/div>\n<div class=\"li_con\">Le service d\u2019inspection qualit\u00e9 de notre usine v\u00e9rifie chaque aspect de la production. Nous vous tiendrons \u00e9galement inform\u00e9s par des photos et des vid\u00e9os pour nous assurer que chaque d\u00e9tail est r\u00e9gl\u00e9. Nous resterons toujours en contact avec les acheteurs en cas de question.<\/div>\n<\/li>\n<\/ul>\n<\/div>\n<p>&nbsp;<\/p>\n<p>&nbsp;<\/p>\n<\/div>","protected":false},"excerpt":{"rendered":"<p>Introducing Products Galaxy Home Bathroom Vanity Customizing bathroom mirrors and cabinets offers homeowners the opportunity to create personalized, functional, and<\/p>","protected":false},"featured_media":39135,"comment_status":"open","ping_status":"closed","template":"","meta":[],"product_brand":[],"product_cat":[18],"product_tag":[],"class_list":{"0":"post-39404","1":"product","2":"type-product","3":"status-publish","4":"has-post-thumbnail","6":"product_cat-products-40712","8":"first","9":"instock","10":"shipping-taxable","11":"product-type-simple"},"_links":{"self":[{"href":"https:\/\/ghgalaxyhome.com\/fr\/wp-json\/wp\/v2\/product\/39404","targetHints":{"allow":["GET"]}}],"collection":[{"href":"https:\/\/ghgalaxyhome.com\/fr\/wp-json\/wp\/v2\/product"}],"about":[{"href":"https:\/\/ghgalaxyhome.com\/fr\/wp-json\/wp\/v2\/types\/product"}],"replies":[{"embeddable":true,"href":"https:\/\/ghgalaxyhome.com\/fr\/wp-json\/wp\/v2\/comments?post=39404"}],"version-history":[{"count":3,"href":"https:\/\/ghgalaxyhome.com\/fr\/wp-json\/wp\/v2\/product\/39404\/revisions"}],"predecessor-version":[{"id":41666,"href":"https:\/\/ghgalaxyhome.com\/fr\/wp-json\/wp\/v2\/product\/39404\/revisions\/41666"}],"wp:featuredmedia":[{"embeddable":true,"href":"https:\/\/ghgalaxyhome.com\/fr\/wp-json\/wp\/v2\/media\/39135"}],"wp:attachment":[{"href":"https:\/\/ghgalaxyhome.com\/fr\/wp-json\/wp\/v2\/media?parent=39404"}],"wp:term":[{"taxonomy":"product_brand","embeddable":true,"href":"https:\/\/ghgalaxyhome.com\/fr\/wp-json\/wp\/v2\/product_brand?post=39404"},{"taxonomy":"product_cat","embeddable":true,"href":"https:\/\/ghgalaxyhome.com\/fr\/wp-json\/wp\/v2\/product_cat?post=39404"},{"taxonomy":"product_tag","embeddable":true,"href":"https:\/\/ghgalaxyhome.com\/fr\/wp-json\/wp\/v2\/product_tag?post=39404"}],"curies":[{"name":"wp","href":"https:\/\/api.w.org\/{rel}","templated":true}]}}