{"id":39372,"date":"2024-06-10T14:34:53","date_gmt":"2024-06-10T14:34:53","guid":{"rendered":"https:\/\/ghgalaxyhome.com\/?post_type=product&#038;p=39372"},"modified":"2024-06-10T15:36:56","modified_gmt":"2024-06-10T15:36:56","slug":"products-detail-4655853","status":"publish","type":"product","link":"https:\/\/ghgalaxyhome.com\/fr\/video\/products-detail-4655853","title":{"rendered":"Fabricants de vanit\u00e9s de salle de bain standard am\u00e9ricains personnalis\u00e9s de Chine | Accueil Galaxie"},"content":{"rendered":"<div class=\"cons_box ls-product\">\n<div class=\"text-center d-tem20-title border-color d-interval\" data-detail=\"wrap\">\n<div class=\"title-header\">\n<div class=\"title font-color\" style=\"text-align: center\"><strong><span style=\"font-size: 18px\">Pr\u00e9sentation des produits<\/span><\/strong><\/div>\n<div class=\"description\" style=\"text-align: center\">Vanit\u00e9 de salle de bain Galaxy Home<\/div>\n<\/div>\n<\/div>\n<p style=\"text-align: center\"><img decoding=\"async\" src=\"https:\/\/ghgalaxyhome.com\/wp-content\/uploads\/2024\/06\/file_01706232236136.jpg?x-oss-process=image\/resize,m_lfit,w_1224\/format,webp\/quality,80\" alt=\"\" data-src=\"https:\/\/ghgalaxyhome.com\/wp-content\/uploads\/2024\/06\/file_01706232236136.jpg\" class=\"img-self show_imgss\"><\/p>\n<table>\n<tbody>\n<tr class=\"firstRow\">\n<td width=\"2230\" valign=\"top\">\n<p>Ensemble de meuble-lavabo de style am\u00e9ricain\u00a0: Transformez votre salle de bain avec notre ensemble de meuble-lavabo spacieux et luxueux. Fabriqu\u00e9e \u00e0 partir de bois massif, cette vanit\u00e9 offre une abondance d&#039;espace de rangement, offrant un m\u00e9lange parfait de fonctionnalit\u00e9 et de style. Le mat\u00e9riau en bois v\u00e9ritable permet des options de conception polyvalentes, s&#039;adaptant \u00e0 la fois aux formes simples et aux motifs sculpt\u00e9s complexes.<\/p>\n<p><\/p>\n<p>La personnalisation est au premier plan de notre philosophie de conception. Le corps de l&#039;armoire est personnalisable et offre des options telles que le bois massif, les panneaux en bois massif sans peinture, une vari\u00e9t\u00e9 de couleurs de peinture et le placage en bois. Le comptoir, fabriqu\u00e9 en pierre fritt\u00e9e ou en marbre, s&#039;int\u00e8gre parfaitement \u00e0 un lavabo en c\u00e9ramique. Choisissez parmi une gamme de mat\u00e9riaux de comptoir, notamment la pierre fritt\u00e9e, le marbre, la pierre reconstitu\u00e9e, la c\u00e9ramique, et s\u00e9lectionnez des options pour les lavabos au-dessus du comptoir ou sous le plan.<\/p>\n<p><\/p>\n<p>Associ\u00e9e \u00e0 un miroir minimaliste, cette armoire de salle de bain offre des fonctionnalit\u00e9s personnalisables telles que l&#039;\u00e9clairage LED, le contr\u00f4le gestuel, l&#039;activation du capteur, le d\u00e9sembuage, la connectivit\u00e9 Bluetooth et l&#039;affichage de l&#039;heure et de la temp\u00e9rature. Adaptez les dimensions pour qu&#039;elles s&#039;adaptent parfaitement \u00e0 votre salle de bain, assurant ainsi un ajout unique et personnalis\u00e9 \u00e0 votre espace. D\u00e9couvrez la quintessence du luxe \u00e0 l&#039;am\u00e9ricaine avec notre ensemble de meuble-lavabo personnalisable.<\/p>\n<\/td>\n<\/tr>\n<\/tbody>\n<\/table>\n<p><\/p>\n<table>\n<tbody>\n<tr class=\"firstRow\">\n<td width=\"325\" valign=\"top\" style=\"text-align: center\">garantie<\/td>\n<td width=\"325\" valign=\"top\" style=\"text-align: center\">2 ans<\/td>\n<td width=\"325\" valign=\"top\" style=\"text-align: center\">Service apr\u00e8s-vente<\/td>\n<td width=\"325\" valign=\"top\" style=\"text-align: center\">Support technique en ligne<\/td>\n<\/tr>\n<tr>\n<td width=\"325\" valign=\"top\" style=\"text-align: center\">Lieu d&#039;origine<\/td>\n<td width=\"325\" valign=\"top\" style=\"text-align: center\">Foshan, Chine<\/td>\n<td width=\"325\" valign=\"top\" style=\"text-align: center\">Marque<\/td>\n<td width=\"325\" valign=\"top\" style=\"text-align: center\">Accueil Galaxie<\/td>\n<\/tr>\n<tr>\n<td width=\"325\" valign=\"top\" style=\"text-align: center\">Style<\/td>\n<td width=\"325\" valign=\"top\" style=\"text-align: center\">Moderne<\/td>\n<td width=\"325\" valign=\"top\" style=\"text-align: center\">Forme<\/td>\n<td width=\"325\" valign=\"top\" style=\"text-align: center\">Rectangle<\/td>\n<\/tr>\n<tr>\n<td width=\"325\" valign=\"top\" style=\"text-align: center\">Nom du produit<\/td>\n<td width=\"325\" valign=\"top\" style=\"text-align: center\">Ensemble d&#039;armoires de salle de bain<\/td>\n<td width=\"325\" valign=\"top\" style=\"text-align: center\">Taille<\/td>\n<td width=\"325\" valign=\"top\" style=\"text-align: center\">Personnalis\u00e9<\/td>\n<\/tr>\n<tr>\n<td width=\"325\" valign=\"top\" style=\"text-align: center\">Couleur<\/td>\n<td width=\"325\" valign=\"top\" style=\"text-align: center\">Couleur personnalis\u00e9e<\/td>\n<td width=\"325\" valign=\"top\" style=\"text-align: center\">Mat\u00e9riaux d&#039;armoire<\/td>\n<td width=\"325\" valign=\"top\" style=\"text-align: center\">Personnalis\u00e9<\/td>\n<\/tr>\n<tr>\n<td width=\"325\" valign=\"top\" style=\"text-align: center\">Fonctionnalit\u00e9<\/td>\n<td width=\"325\" valign=\"top\" style=\"text-align: center\">Imperm\u00e9able<\/td>\n<td width=\"325\" valign=\"top\" style=\"text-align: center\">Usage<\/td>\n<td width=\"325\" valign=\"top\" style=\"text-align: center\">Meubles de salle de bains \u00e0 la maison d&#039;h\u00f4tel<\/td>\n<\/tr>\n<\/tbody>\n<\/table>\n<div class=\"d-tem11-graphic tem11-graphic mockup\" data-detail=\"wrap\">\n<div class=\"tab_row\">\n<div class=\"img\" style=\"width: 50%;text-align: center\"><img decoding=\"async\" src=\"https:\/\/ghgalaxyhome.com\/wp-content\/uploads\/2024\/06\/file_31706231396904.jpg?x-oss-process=image\/resize,m_lfit,w_1224\/format,webp\/quality,80\" alt=\"\" data-src=\"https:\/\/ghgalaxyhome.com\/wp-content\/uploads\/2024\/06\/file_31706231396904.jpg\" class=\"img-self show_imgss\"><\/div>\n<div class=\"text_box\" style=\"width:50%\">\n<div class=\"txt\">\n<div class=\"title\" style=\"text-align: left\"><span style=\"font-size: 18px\">Armoire de salle de bain sur mesure<\/span><\/div>\n<div class=\"description\">\n<p><\/p>\n<p style=\"text-align: left\"><span style=\"font-size: 18px\"><\/span><\/p>\n<p><span style=\"font-size: 18px\"><\/span><\/p>\n<p><span style=\"font-size: 18px\">Vari\u00e9t\u00e9 de mat\u00e9riaux : Nos armoires de salle de bain personnalis\u00e9es offrent une gamme diversifi\u00e9e de mat\u00e9riaux, notamment du bois massif, des panneaux en bois massif sans peinture, des finitions peintes et du placage en bois. Adaptez le corps de l&#039;armoire \u00e0 votre go\u00fbt, en choisissant parmi diff\u00e9rents mat\u00e9riaux qui correspondent \u00e0 vos pr\u00e9f\u00e9rences esth\u00e9tiques.<\/span><\/p>\n<p><\/p>\n<p><span style=\"font-size: 18px\">Flexibilit\u00e9 de conception\u00a0: obtenez le look parfait gr\u00e2ce \u00e0 nos options de conception personnalisables. Que vous pr\u00e9f\u00e9riez une forme simple et \u00e9pur\u00e9e ou un design finement sculpt\u00e9, nos armoires de salle de bain de style am\u00e9ricain s&#039;adaptent \u00e0 une vari\u00e9t\u00e9 de styles.<\/span><\/p>\n<p><span style=\"font-size: 18px\"><\/span><\/p>\n<\/div>\n<\/div>\n<\/div>\n<\/div>\n<\/div>\n<div class=\"d-tem12-graphic d-tem11-graphic tem12-graphic tem11-graphic mockup\" data-detail=\"wrap\">\n<div class=\"tab_row\">\n<div class=\"img\" style=\"width: 50%;text-align: center\"><img decoding=\"async\" src=\"https:\/\/ghgalaxyhome.com\/wp-content\/uploads\/2024\/06\/file_11706231396904.jpg?x-oss-process=image\/resize,m_lfit,w_1224\/format,webp\/quality,80\" alt=\"\" data-src=\"https:\/\/ghgalaxyhome.com\/wp-content\/uploads\/2024\/06\/file_11706231396904.jpg\" class=\"img-self show_imgss\"><\/div>\n<div class=\"text_box\" style=\"width:50%\">\n<div class=\"txt\">\n<div class=\"title\" style=\"text-align: left\"><span style=\"font-size: 18px\">Miroir personnalis\u00e9<\/span><\/div>\n<div class=\"description\">\n<p style=\"text-align: left\"><span style=\"font-size: 18px\"><br \/><\/span><\/p>\n<p style=\"text-align: left\"><span style=\"font-size: 18px\"><\/span><\/p>\n<p style=\"text-align: left\"><span style=\"font-size: 18px\"><\/span><\/p>\n<p style=\"text-align: left\"><span style=\"font-size: 18px\">Fonctionnalit\u00e9s sur mesure : Nos miroirs personnalis\u00e9s offrent une multitude de fonctionnalit\u00e9s qui peuvent \u00eatre personnalis\u00e9es en fonction de vos besoins. Les options incluent l&#039;\u00e9clairage LED, le contr\u00f4le gestuel, l&#039;activation du capteur, le d\u00e9sembuage, la connectivit\u00e9 Bluetooth et l&#039;affichage de l&#039;heure et de la temp\u00e9rature.<\/span><\/p>\n<p style=\"text-align: left\"><span style=\"font-size: 18px\"><br \/><\/span><\/p>\n<p style=\"text-align: left\"><span style=\"font-size: 18px\">Choix de conception\u00a0: choisissez entre des designs minimalistes et d\u00e9taill\u00e9s, en vous assurant que le miroir compl\u00e8te l&#039;esth\u00e9tique globale de votre salle de bain. Nos miroirs peuvent \u00eatre personnalis\u00e9s pour correspondre \u00e0 votre style et \u00e0 vos exigences uniques.<\/span><\/p>\n<p style=\"text-align: left\"><span style=\"font-size: 18px\"><\/span><\/p>\n<p style=\"text-align: left\"><span style=\"font-size: 18px\"><\/span><\/p>\n<\/div>\n<\/div>\n<\/div>\n<\/div>\n<\/div>\n<div class=\"d-tem11-graphic tem11-graphic mockup\" data-detail=\"wrap\">\n<div class=\"tab_row\">\n<div class=\"img\" style=\"width: 50%;text-align: center\"><img decoding=\"async\" src=\"https:\/\/ghgalaxyhome.com\/wp-content\/uploads\/2024\/06\/file_21706231396904.jpg?x-oss-process=image\/resize,m_lfit,w_1224\/format,webp\/quality,80\" alt=\"\" data-src=\"https:\/\/ghgalaxyhome.com\/wp-content\/uploads\/2024\/06\/file_21706231396904.jpg\" class=\"img-self show_imgss\"><\/div>\n<div class=\"text_box\" style=\"width:50%\">\n<div class=\"txt\">\n<div class=\"title\" style=\"text-align: left\"><span style=\"font-size: 18px\">Bassin sur mesure<\/span><\/div>\n<div class=\"description\">\n<p><\/p>\n<p style=\"text-align: left\"><span style=\"font-size: 18px\"><\/span><\/p>\n<p><span style=\"font-size: 18px\"><\/span><\/p>\n<p><span style=\"font-size: 18px\">Options de mat\u00e9riaux de comptoir : Le lavabo de notre ensemble de salle de bain offre des mat\u00e9riaux de comptoir personnalisables, tels que la pierre fritt\u00e9e, le marbre, la pierre reconstitu\u00e9e et la c\u00e9ramique. S\u00e9lectionnez le mat\u00e9riau qui correspond \u00e0 vos pr\u00e9f\u00e9rences pour une int\u00e9gration transparente dans le design de votre salle de bain.<\/span><\/p>\n<p><\/p>\n<p><span style=\"font-size: 18px\">S\u00e9lection du type de bassin\u00a0: adaptez votre bassin \u00e0 votre go\u00fbt avec des options telles que des bassins au-dessus du comptoir ou sous le plan. Personnalisez le type de lavabo en fonction de vos exigences esth\u00e9tiques et fonctionnelles, garantissant ainsi un ajustement harmonieux dans l&#039;espace de votre salle de bain.<\/span><\/p>\n<p><span style=\"font-size: 18px\"><\/span><\/p>\n<p style=\"text-align: left\"><span style=\"font-size: 18px\"><\/span><\/p>\n<\/div>\n<\/div>\n<\/div>\n<\/div>\n<\/div>\n<p><\/p>\n<div class=\"de_m_faq_5 cont_section\">\n<div class=\"head_title text-center\">FAQ<\/div>\n<div class=\"li_con text-center\">Questions fr\u00e9quemment pos\u00e9es sur le plan tarifaire<\/div>\n<ul class=\"_ul\">\n<li class=\"_li\">\n<div class=\"li_head\">1.Quels types de produits pouvez-vous fournir\u00a0?<\/div>\n<div class=\"li_con\">Les principaux produits de GALAXY HOME sont les vanit\u00e9s de salle de bains, les baignoires, les robinets de lavabo, les pommes de douche, les cabines de douche, les toilettes et les accessoires de salle de bains.<\/div>\n<\/li>\n<li class=\"_li\">\n<div class=\"li_head\">2.La personnalisation est-elle possible ?<\/div>\n<div class=\"li_con\">Oui. Nous avons une \u00e9quipe professionnelle de conception et de production avec une riche exp\u00e9rience. Faites-nous part de vos demandes et nous vous proposons une solution.<\/div>\n<\/li>\n<li class=\"_li\">\n<div class=\"li_head\">3.L&#039;ODM ou l&#039;OEM sont-ils acceptables\u00a0?<\/div>\n<div class=\"li_con\">Oui. Gr\u00e2ce \u00e0 notre exp\u00e9rience de production et d&#039;exportation depuis au moins 18 ans, nous avons termin\u00e9 de nombreuses commandes ODM et OEM au cours des derni\u00e8res ann\u00e9es. Notre usine couvre une superficie de 40 000\u00a0?O avec des lignes de production avanc\u00e9es. Notre capacit\u00e9 \u00e0 faire des ODM et des OEM est digne de confiance.<\/div>\n<\/li>\n<li class=\"_li\">\n<div class=\"li_head\">4. De quels certificats de produits disposez-vous\u00a0?<\/div>\n<div class=\"li_con\">Les produits GALAXY HOME ont \u00e9t\u00e9 certifi\u00e9s par SGS, CNAS, CMA, CAL et jlac-mra. Des certificats ont \u00e9t\u00e9 d\u00e9livr\u00e9s.<\/div>\n<\/li>\n<li class=\"_li\">\n<div class=\"li_head\">5.Comment puis-je obtenir le dernier prix ?<\/div>\n<div class=\"li_con\">Les clients peuvent cliquer sur le bouton Contactez-nous pour nous envoyer une demande. Nous citons g\u00e9n\u00e9ralement dans les 24 heures pendant les jours ouvrables. Vous pouvez \u00e9galement nous envoyer un e-mail ou Whatspp directement si vous souhaitez une r\u00e9ponse rapide. L&#039;adresse e-mail est info@ghgalaxyhome.com et le num\u00e9ro de t\u00e9l\u00e9phone est le 86-17722731431.<\/div>\n<\/li>\n<li class=\"_li\">\n<div class=\"li_head\">6.Puis-je acheter des \u00e9chantillons ?<\/div>\n<div class=\"li_con\">Oui. Des d\u00e9tails tels que le fret et le d\u00e9lai de livraison peuvent \u00eatre discut\u00e9s.<\/div>\n<\/li>\n<li class=\"_li\">\n<div class=\"li_head\">7.Quel est le d\u00e9lai d&#039;ex\u00e9cution ??<\/div>\n<div class=\"li_con\">Le d\u00e9lai de livraison d\u00e9pend de la quantit\u00e9 command\u00e9e et du stock. G\u00e9n\u00e9ralement, il faut compter 7 \u00e0 15 jours pour des stocks ad\u00e9quats et environ 30 jours pour des stocks faibles.<\/div>\n<\/li>\n<li class=\"_li\">\n<div class=\"li_head\">8.Quel est le mode de livraison ?<\/div>\n<div class=\"li_con\">Les produits peuvent \u00eatre livr\u00e9s par voie maritime, a\u00e9rienne ou express (EMS, UPS, DHL, TNT, FEDEX, etc.). Veuillez nous parler avant de passer des commandes.<\/div>\n<\/li>\n<li class=\"_li\">\n<div class=\"li_head\">9.Comment puis-je payer ? Quel est le mode de paiement ?<\/div>\n<div class=\"li_con\">T\/T, L\/C, Western Union, Moneygram, Paypal sont tous acceptables.<\/div>\n<\/li>\n<li class=\"_li\">\n<div class=\"li_head\">10.Que pouvez-vous faire pour assurer la qualit\u00e9 ?<\/div>\n<div class=\"li_con\">Le service d\u2019inspection qualit\u00e9 de notre usine v\u00e9rifie chaque aspect de la production. Nous vous tiendrons \u00e9galement inform\u00e9s par des photos et des vid\u00e9os pour nous assurer que chaque d\u00e9tail est r\u00e9gl\u00e9. Nous resterons toujours en contact avec les acheteurs en cas de question.<\/div>\n<\/li>\n<\/ul>\n<\/div>\n<p><\/p>\n<p><\/p>\n<p><\/p>\n<p><\/p>\n<p><\/p>\n<p><\/p>\n<p><\/p>\n<p><\/p>\n<p><\/p>\n<p><\/p>\n<p><\/p>\n<p><\/p>\n<p><\/p>\n<\/p><\/div>","protected":false},"excerpt":{"rendered":"<p>Ensemble de meuble-lavabo de style am\u00e9ricain\u00a0: Transformez votre salle de bain avec notre ensemble de meuble-lavabo spacieux et luxueux. Fabriqu\u00e9e \u00e0 partir de bois massif, cette vanit\u00e9 offre une abondance d&#039;espace de rangement, offrant un m\u00e9lange parfait de fonctionnalit\u00e9 et de style. Le mat\u00e9riau en bois v\u00e9ritable permet des options de conception polyvalentes, s&#039;adaptant \u00e0 la fois aux formes simples et aux motifs sculpt\u00e9s complexes.<\/p>","protected":false},"featured_media":31564,"comment_status":"open","ping_status":"closed","template":"","meta":[],"product_brand":[],"product_cat":[18],"product_tag":[],"class_list":{"0":"post-39372","1":"product","2":"type-product","3":"status-publish","4":"has-post-thumbnail","6":"product_cat-products-40712","8":"first","9":"instock","10":"shipping-taxable","11":"product-type-simple"},"_links":{"self":[{"href":"https:\/\/ghgalaxyhome.com\/fr\/wp-json\/wp\/v2\/product\/39372","targetHints":{"allow":["GET"]}}],"collection":[{"href":"https:\/\/ghgalaxyhome.com\/fr\/wp-json\/wp\/v2\/product"}],"about":[{"href":"https:\/\/ghgalaxyhome.com\/fr\/wp-json\/wp\/v2\/types\/product"}],"replies":[{"embeddable":true,"href":"https:\/\/ghgalaxyhome.com\/fr\/wp-json\/wp\/v2\/comments?post=39372"}],"version-history":[{"count":2,"href":"https:\/\/ghgalaxyhome.com\/fr\/wp-json\/wp\/v2\/product\/39372\/revisions"}],"predecessor-version":[{"id":41610,"href":"https:\/\/ghgalaxyhome.com\/fr\/wp-json\/wp\/v2\/product\/39372\/revisions\/41610"}],"wp:featuredmedia":[{"embeddable":true,"href":"https:\/\/ghgalaxyhome.com\/fr\/wp-json\/wp\/v2\/media\/31564"}],"wp:attachment":[{"href":"https:\/\/ghgalaxyhome.com\/fr\/wp-json\/wp\/v2\/media?parent=39372"}],"wp:term":[{"taxonomy":"product_brand","embeddable":true,"href":"https:\/\/ghgalaxyhome.com\/fr\/wp-json\/wp\/v2\/product_brand?post=39372"},{"taxonomy":"product_cat","embeddable":true,"href":"https:\/\/ghgalaxyhome.com\/fr\/wp-json\/wp\/v2\/product_cat?post=39372"},{"taxonomy":"product_tag","embeddable":true,"href":"https:\/\/ghgalaxyhome.com\/fr\/wp-json\/wp\/v2\/product_tag?post=39372"}],"curies":[{"name":"wp","href":"https:\/\/api.w.org\/{rel}","templated":true}]}}