{"id":39341,"date":"2024-06-10T14:34:30","date_gmt":"2024-06-10T14:34:30","guid":{"rendered":"https:\/\/ghgalaxyhome.com\/?post_type=product&#038;p=39341"},"modified":"2024-06-10T15:37:35","modified_gmt":"2024-06-10T15:37:35","slug":"products-detail-4602598","status":"publish","type":"product","link":"https:\/\/ghgalaxyhome.com\/fr\/video\/products-detail-4602598","title":{"rendered":"Vanit\u00e9s en bois de qualit\u00e9 pour salles de bains Fabricant | Accueil Galaxie"},"content":{"rendered":"<div class=\"cons_box ls-product\">\n<div class=\"text-center d-tem20-title border-color d-interval\" data-detail=\"wrap\">\n<div class=\"title-header\">\n<div class=\"title font-color\"><strong>Pr\u00e9sentation des produits<\/strong><\/div>\n<div class=\"description\">Salle de bains vanit\u00e9<\/div>\n<\/p><\/div>\n<\/div>\n<p><\/p>\n<p style=\"text-align: center\"><img decoding=\"async\" src=\"https:\/\/ghgalaxyhome.com\/wp-content\/uploads\/2024\/06\/file_01705460522626.jpg?x-oss-process=image\/resize,m_lfit,w_1224\/format,webp\/quality,80\" alt=\"\" data-src=\"https:\/\/ghgalaxyhome.com\/wp-content\/uploads\/2024\/06\/file_01705460522626.jpg\" class=\"img-self show_imgss\"><\/p>\n<p style=\"text-align: center\"><\/p>\n<table>\n<tbody>\n<tr class=\"firstRow\">\n<td width=\"304\" valign=\"top\">garantie<\/td>\n<td width=\"304\" valign=\"top\">2 ans<\/td>\n<td width=\"304\" valign=\"top\">Service apr\u00e8s-vente<\/td>\n<td width=\"304\" valign=\"top\">Support technique en ligne<\/td>\n<\/tr>\n<tr>\n<td width=\"304\" valign=\"top\">Lieu d&#039;origine<\/td>\n<td width=\"304\" valign=\"top\">Guangdong, Chine<\/td>\n<td width=\"304\" valign=\"top\">Marque<\/td>\n<td width=\"304\" valign=\"top\">Accueil Galaxie<\/td>\n<\/tr>\n<tr>\n<td width=\"304\" valign=\"top\">Style<\/td>\n<td width=\"304\" valign=\"top\">Moderne<\/td>\n<td width=\"304\" valign=\"top\">Forme<\/td>\n<td width=\"304\" valign=\"top\">Rectangle<\/td>\n<\/tr>\n<tr>\n<td width=\"304\" valign=\"top\">Nom du produit<\/td>\n<td width=\"304\" valign=\"top\">Ensemble d&#039;armoires de salle de bain<\/td>\n<td width=\"304\" valign=\"top\">Taille<\/td>\n<td width=\"304\" valign=\"top\">Personnalis\u00e9<\/td>\n<\/tr>\n<tr>\n<td width=\"304\" valign=\"top\">Couleur<\/td>\n<td width=\"304\" valign=\"top\">Couleur personnalis\u00e9e<\/td>\n<td width=\"304\" valign=\"top\">Mat\u00e9riaux d&#039;armoire<\/td>\n<td width=\"304\" valign=\"top\">Personnalis\u00e9<\/td>\n<\/tr>\n<tr>\n<td width=\"304\" valign=\"top\">Fonctionnalit\u00e9<\/td>\n<td width=\"304\" valign=\"top\">Imperm\u00e9able<\/td>\n<td width=\"304\" valign=\"top\">Usage<\/td>\n<td width=\"304\" valign=\"top\">Meubles de salle de bains \u00e0 la maison d&#039;h\u00f4tel<\/td>\n<\/tr>\n<\/tbody>\n<\/table>\n<p><\/p>\n<div class=\"d-tem11-graphic tem11-graphic mockup\" data-detail=\"wrap\">\n<div class=\"tab_row\">\n<div class=\"img\" style=\"width:50%\"><img decoding=\"async\" src=\"https:\/\/ghgalaxyhome.com\/wp-content\/uploads\/2024\/06\/file_01705457896669.png?x-oss-process=image\/resize,m_lfit,w_1224\/format,webp\/quality,80\" alt=\"\" data-src=\"https:\/\/ghgalaxyhome.com\/wp-content\/uploads\/2024\/06\/file_01705457896669.png\" class=\"img-self show_imgss\"><\/div>\n<div class=\"text_box\" style=\"width:50%\">\n<div class=\"txt\">\n<div class=\"title\"><a href=\"https:\/\/www.ghgalaxyhome.com\/products-40712\" target=\"_self\" title=\"salle de bains vanit\u00e9\" data-lv=\"0\" rel=\"noopener\"><span style=\"font-size: 18px\">Armoire de toilette<\/span><\/a><\/div>\n<div class=\"description\">\n<p><\/p>\n<p><span style=\"font-size: 18px\">Design color-block tendance : le panneau avant est dot\u00e9 d&#039;un placage en bois massif gris clair, mettant en valeur un design color-block tendance.<\/span><\/p>\n<p><span style=\"font-size: 18px\"><br \/><\/span><\/p>\n<p><span style=\"font-size: 18px\">Conception \u00e0 \u00e9tag\u00e8re ouverte : l&#039;armoire de salle de bain orient\u00e9e vers l&#039;avant int\u00e8gre une \u00e9tag\u00e8re ouverte d&#039;un seul c\u00f4t\u00e9 \u00e0 deux niveaux, facilitant un rangement pratique et permettant une installation flexible sur le c\u00f4t\u00e9 gauche ou droit.<\/span><\/p>\n<p><span style=\"font-size: 18px\"><br \/><\/span><\/p>\n<p><span style=\"font-size: 18px\">Mat\u00e9riau en bois massif : fabriqu\u00e9 en placage de bois massif, il pr\u00e9sente des motifs de grain de bois naturel, ajoutant une touche de sophistication.<\/span><\/p>\n<\/div>\n<\/div>\n<\/div>\n<\/div>\n<\/div>\n<div class=\"d-tem12-graphic d-tem11-graphic tem12-graphic tem11-graphic mockup\" data-detail=\"wrap\">\n<div class=\"tab_row\">\n<div class=\"img\" style=\"width:50%\"><img decoding=\"async\" src=\"https:\/\/ghgalaxyhome.com\/wp-content\/uploads\/2024\/06\/file_01705457910554.png?x-oss-process=image\/resize,m_lfit,w_1224\/format,webp\/quality,80\" alt=\"\" data-src=\"https:\/\/ghgalaxyhome.com\/wp-content\/uploads\/2024\/06\/file_01705457910554.png\" class=\"img-self show_imgss\"><\/div>\n<div class=\"text_box\" style=\"width:50%\">\n<div class=\"txt\">\n<div class=\"title\" style=\"text-align: left\"><span style=\"font-size: 18px\">Bassin int\u00e9gr\u00e9<\/span><\/div>\n<div class=\"description\">\n<p style=\"text-align: left\"><\/p>\n<p style=\"text-align: left\"><span style=\"font-size: 18px\">Conception int\u00e9gr\u00e9e\u00a0: Le comptoir utilise de la pierre fritt\u00e9e, obtenant ainsi une conception de lavabo int\u00e9gr\u00e9e sans couture pour une esth\u00e9tique moderne.<\/span><\/p>\n<p style=\"text-align: left\"><\/p>\n<p style=\"text-align: left\"><span style=\"font-size: 18px\">Robinet gris\u00a0: associ\u00e9 \u00e0 un \u00e9l\u00e9gant robinet gris bronze, s&#039;harmonisant avec la palette de couleurs globale et am\u00e9liorant la coh\u00e9rence du design.<\/span><\/p>\n<\/div>\n<\/div>\n<\/div>\n<\/div>\n<\/div>\n<div class=\"d-tem11-graphic tem11-graphic mockup\" data-detail=\"wrap\">\n<div class=\"tab_row\">\n<div class=\"img\" style=\"width:50%\"><img decoding=\"async\" src=\"https:\/\/ghgalaxyhome.com\/wp-content\/uploads\/2024\/06\/file_01705461275567.jpg?x-oss-process=image\/resize,m_lfit,w_1224\/format,webp\/quality,80\" alt=\"\" data-src=\"https:\/\/ghgalaxyhome.com\/wp-content\/uploads\/2024\/06\/file_01705461275567.jpg\" class=\"img-self show_imgss\"><\/div>\n<div class=\"text_box\" style=\"width:50%\">\n<div class=\"txt\">\n<div class=\"title\"><span style=\"font-size: 18px\">Miroir intelligent<\/span><\/div>\n<div class=\"description\">\n<p><\/p>\n<p><span style=\"font-size: 18px\">Fonctionnalit\u00e9 intelligente : le miroir intelligent carr\u00e9 dispose d&#039;une fonctionnalit\u00e9 d&#039;\u00e9clairage LED et prend en charge la personnalisation telle que le d\u00e9sembuage, la connectivit\u00e9 Bluetooth et l&#039;affichage de l&#039;heure et de la temp\u00e9rature.<\/span><\/p>\n<p><\/p>\n<p><span style=\"font-size: 18px\">Design \u00e9l\u00e9gant : le design du miroir ajoute une touche moderne \u00e0 la salle de bain, avec un attrait visuel am\u00e9lior\u00e9 gr\u00e2ce \u00e0 ses effets d&#039;\u00e9clairage.<\/span><\/p>\n<\/div>\n<\/div>\n<\/div>\n<\/div>\n<\/div>\n<div class=\"d-tem12-graphic d-tem11-graphic tem12-graphic tem11-graphic mockup\" data-detail=\"wrap\">\n<div class=\"tab_row\">\n<div class=\"img\" style=\"width:50%\"><img decoding=\"async\" src=\"https:\/\/ghgalaxyhome.com\/wp-content\/uploads\/2024\/06\/file_01705461371138.jpg?x-oss-process=image\/resize,m_lfit,w_1224\/format,webp\/quality,80\" alt=\"\" data-src=\"https:\/\/ghgalaxyhome.com\/wp-content\/uploads\/2024\/06\/file_01705461371138.jpg\" class=\"img-self show_imgss\"><\/div>\n<div class=\"text_box\" style=\"width:50%\">\n<div class=\"txt\">\n<div class=\"title\" style=\"text-align: left\"><span style=\"font-size: 18px\">Armoire lat\u00e9rale<\/span><\/div>\n<div class=\"description\">\n<p style=\"text-align: left\"><span style=\"font-size: 18px\"><br \/><\/span><\/p>\n<p style=\"text-align: left\"><span style=\"font-size: 18px\">Conception \u00e0 trois niveaux : l&#039;armoire lat\u00e9rale offre trois niveaux d&#039;espace de rangement, offrant suffisamment de rangement pour garder la salle de bain organis\u00e9e et bien rang\u00e9e.<\/span><\/p>\n<p style=\"text-align: left\"><span style=\"font-size: 18px\"><br \/><\/span><\/p>\n<p style=\"text-align: left\"><span style=\"font-size: 18px\">Lumi\u00e8res activ\u00e9es par capteur\u00a0:\u00a0\u00e9quip\u00e9e de lumi\u00e8res activ\u00e9es par capteur \u00e0 l&#039;int\u00e9rieur, l&#039;armoire \u00e9met un \u00e9clairage tendance \u00e0 travers la porte vitr\u00e9e, am\u00e9liorant ainsi l&#039;attrait visuel.<\/span><\/p>\n<\/div>\n<\/div>\n<\/div>\n<\/div>\n<\/div>\n<p><\/p>\n<div class=\"de_m_faq_5 cont_section\">\n<div class=\"head_title text-center\">FAQ<\/div>\n<div class=\"li_con text-center\">Questions fr\u00e9quemment pos\u00e9es sur le plan tarifaire<\/div>\n<ul class=\"_ul\">\n<li class=\"_li\">\n<div class=\"li_head\">1.Quels types de produits pouvez-vous fournir\u00a0?<\/div>\n<div class=\"li_con\">Les principaux produits de GALAXY HOME sont les vanit\u00e9s de salle de bains, les baignoires, les robinets de lavabo, les pommes de douche, les cabines de douche, les toilettes et les accessoires de salle de bains.<\/div>\n<\/li>\n<li class=\"_li\">\n<div class=\"li_head\">2.La personnalisation est-elle possible ?<\/div>\n<div class=\"li_con\">Oui. Nous avons une \u00e9quipe professionnelle de conception et de production avec une riche exp\u00e9rience. Faites-nous part de vos demandes et nous vous proposons une solution.<\/div>\n<\/li>\n<li class=\"_li\">\n<div class=\"li_head\">3.L&#039;ODM ou l&#039;OEM sont-ils acceptables\u00a0?<\/div>\n<div class=\"li_con\">Oui. Gr\u00e2ce \u00e0 notre exp\u00e9rience de production et d&#039;exportation depuis au moins 18 ans, nous avons termin\u00e9 de nombreuses commandes ODM et OEM au cours des derni\u00e8res ann\u00e9es. Notre usine couvre une superficie de 40 000\u00a0?O avec des lignes de production avanc\u00e9es. Notre capacit\u00e9 \u00e0 faire des ODM et des OEM est digne de confiance.<\/div>\n<\/li>\n<li class=\"_li\">\n<div class=\"li_head\">4. De quels certificats de produits disposez-vous\u00a0?<\/div>\n<div class=\"li_con\">Les produits GALAXY HOME ont \u00e9t\u00e9 certifi\u00e9s par SGS, CNAS, CMA, CAL et jlac-mra. Des certificats ont \u00e9t\u00e9 d\u00e9livr\u00e9s.<\/div>\n<\/li>\n<li class=\"_li\">\n<div class=\"li_head\">5.Comment puis-je obtenir le dernier prix ?<\/div>\n<div class=\"li_con\">Les clients peuvent cliquer sur le bouton Contactez-nous pour nous envoyer une demande. Nous citons g\u00e9n\u00e9ralement dans les 24 heures pendant les jours ouvrables. Vous pouvez \u00e9galement nous envoyer un e-mail ou Whatspp directement si vous souhaitez une r\u00e9ponse rapide. L&#039;adresse e-mail est info@ghgalaxyhome.com et le num\u00e9ro de t\u00e9l\u00e9phone est le 86-17722731431.<\/div>\n<\/li>\n<li class=\"_li\">\n<div class=\"li_head\">6.Puis-je acheter des \u00e9chantillons ?<\/div>\n<div class=\"li_con\">Oui. Des d\u00e9tails tels que le fret et le d\u00e9lai de livraison peuvent \u00eatre discut\u00e9s.<\/div>\n<\/li>\n<li class=\"_li\">\n<div class=\"li_head\">7.Quel est le d\u00e9lai d&#039;ex\u00e9cution ??<\/div>\n<div class=\"li_con\">Le d\u00e9lai de livraison d\u00e9pend de la quantit\u00e9 command\u00e9e et du stock. G\u00e9n\u00e9ralement, il faut compter 7 \u00e0 15 jours pour des stocks ad\u00e9quats et environ 30 jours pour des stocks faibles.<\/div>\n<\/li>\n<li class=\"_li\">\n<div class=\"li_head\">8.Quel est le mode de livraison ?<\/div>\n<div class=\"li_con\">Les produits peuvent \u00eatre livr\u00e9s par voie maritime, a\u00e9rienne ou express (EMS, UPS, DHL, TNT, FEDEX, etc.). Veuillez nous parler avant de passer des commandes.<\/div>\n<\/li>\n<li class=\"_li\">\n<div class=\"li_head\">9.Comment puis-je payer ? Quel est le mode de paiement ?<\/div>\n<div class=\"li_con\">T\/T, L\/C, Western Union, Moneygram, Paypal sont tous acceptables.<\/div>\n<\/li>\n<li class=\"_li\">\n<div class=\"li_head\">10.Que pouvez-vous faire pour assurer la qualit\u00e9 ?<\/div>\n<div class=\"li_con\">Le service d\u2019inspection qualit\u00e9 de notre usine v\u00e9rifie chaque aspect de la production. Nous vous tiendrons \u00e9galement inform\u00e9s par des photos et des vid\u00e9os pour nous assurer que chaque d\u00e9tail est r\u00e9gl\u00e9. Nous resterons toujours en contact avec les acheteurs en cas de question.<\/div>\n<\/li>\n<\/ul>\n<\/div>\n<p><\/p>\n<p><\/p>\n<p><\/p>\n<p><\/p>\n<p><\/p>\n<p><\/p>\n<p><\/p>\n<p><\/p>\n<\/p><\/div>","protected":false},"excerpt":{"rendered":"<p>Combinaison d&#039;armoires de salle de bain : Cette armoire de salle de bain tendance aux couleurs contrast\u00e9es pr\u00e9sente un placage en bois massif gris clair sur ses panneaux frontaux. L&#039;armoire orient\u00e9e vers l&#039;avant comprend une \u00e9tag\u00e8re ouverte \u00e0 deux niveaux d&#039;un seul c\u00f4t\u00e9 dans une teinte gris clair pratique, con\u00e7ue pour un acc\u00e8s et une installation faciles \u00e0 c\u00f4t\u00e9 des toilettes. La conception polyvalente de cette \u00e9tag\u00e8re ouverte permet un placement flexible sur le c\u00f4t\u00e9 gauche ou droit. Le comptoir comprend un lavabo unifi\u00e9 en pierre fritt\u00e9e, associ\u00e9 \u00e0 un \u00e9l\u00e9gant robinet gris bronze.<\/p>","protected":false},"featured_media":31448,"comment_status":"open","ping_status":"closed","template":"","meta":[],"product_brand":[],"product_cat":[18],"product_tag":[],"class_list":{"0":"post-39341","1":"product","2":"type-product","3":"status-publish","4":"has-post-thumbnail","6":"product_cat-products-40712","8":"first","9":"instock","10":"shipping-taxable","11":"product-type-simple"},"_links":{"self":[{"href":"https:\/\/ghgalaxyhome.com\/fr\/wp-json\/wp\/v2\/product\/39341","targetHints":{"allow":["GET"]}}],"collection":[{"href":"https:\/\/ghgalaxyhome.com\/fr\/wp-json\/wp\/v2\/product"}],"about":[{"href":"https:\/\/ghgalaxyhome.com\/fr\/wp-json\/wp\/v2\/types\/product"}],"replies":[{"embeddable":true,"href":"https:\/\/ghgalaxyhome.com\/fr\/wp-json\/wp\/v2\/comments?post=39341"}],"version-history":[{"count":2,"href":"https:\/\/ghgalaxyhome.com\/fr\/wp-json\/wp\/v2\/product\/39341\/revisions"}],"predecessor-version":[{"id":41627,"href":"https:\/\/ghgalaxyhome.com\/fr\/wp-json\/wp\/v2\/product\/39341\/revisions\/41627"}],"wp:featuredmedia":[{"embeddable":true,"href":"https:\/\/ghgalaxyhome.com\/fr\/wp-json\/wp\/v2\/media\/31448"}],"wp:attachment":[{"href":"https:\/\/ghgalaxyhome.com\/fr\/wp-json\/wp\/v2\/media?parent=39341"}],"wp:term":[{"taxonomy":"product_brand","embeddable":true,"href":"https:\/\/ghgalaxyhome.com\/fr\/wp-json\/wp\/v2\/product_brand?post=39341"},{"taxonomy":"product_cat","embeddable":true,"href":"https:\/\/ghgalaxyhome.com\/fr\/wp-json\/wp\/v2\/product_cat?post=39341"},{"taxonomy":"product_tag","embeddable":true,"href":"https:\/\/ghgalaxyhome.com\/fr\/wp-json\/wp\/v2\/product_tag?post=39341"}],"curies":[{"name":"wp","href":"https:\/\/api.w.org\/{rel}","templated":true}]}}