{"id":39326,"date":"2024-06-10T14:34:18","date_gmt":"2024-06-10T14:34:18","guid":{"rendered":"https:\/\/ghgalaxyhome.com\/?post_type=product&#038;p=39326"},"modified":"2024-06-10T15:37:52","modified_gmt":"2024-06-10T15:37:52","slug":"products-detail-938794","status":"publish","type":"product","link":"https:\/\/ghgalaxyhome.com\/fr\/video\/products-detail-938794","title":{"rendered":"Armoire de salle de bain \u00e9tanche murale la plus vendue | Accueil Galaxie"},"content":{"rendered":"<div class=\"cons_box ls-product\">\n<div class=\"text-center d-tem20-title border-color d-interval\" data-detail=\"wrap\">\n<div class=\"title-header\">\n<div class=\"title font-color\"><span style=\"font-size: 24px\"><strong>\u00c0 propos de ce produit<\/strong><\/span><\/div>\n<div class=\"description\">D\u00e9tails importants<\/div>\n<\/div>\n<\/div>\n<p>The characteristic and unique part of the&nbsp;Best Selling Wall-mount Waterproof Bathroom Cabinet is there are four open shelves on the left side of the cabinet, which is really a considerate design for daily life. What we want our customers to know is that every aspect of the bathroom vanity is able to be custom made, including the layout, size, material, color, mirror shape and functions.<br \/>&nbsp;&nbsp;<\/p>\n<p style=\"text-align: center\"><img decoding=\"async\" src=\"https:\/\/ghgalaxyhome.com\/wp-content\/uploads\/2024\/06\/file_01664180746691.jpg?x-oss-process=image\/resize,m_lfit,w_1224\/format,webp\/quality,80\" alt=\"\" data-src=\"https:\/\/ghgalaxyhome.com\/wp-content\/uploads\/2024\/06\/file_01664180746691.jpg\" class=\"img-self show_imgss\"><\/p>\n<table>\n<tbody>\n<tr class=\"ue-table-interlace-color-single firstRow\">\n<td width=\"311\" valign=\"top\">Marque du produit<\/td>\n<td width=\"311\" valign=\"top\">Accueil Galaxie<\/td>\n<td width=\"311\" valign=\"top\">Style de conception<\/td>\n<td width=\"311\" valign=\"top\">Moderne<\/td>\n<\/tr>\n<tr class=\"ue-table-interlace-color-double\">\n<td width=\"311\" valign=\"top\">type de produit<\/td>\n<td width=\"311\" valign=\"top\">Combinaison d&#039;armoires<\/td>\n<td width=\"311\" valign=\"top\">Type d&#039;installation<\/td>\n<td width=\"311\" valign=\"top\">mural<\/td>\n<\/tr>\n<tr class=\"ue-table-interlace-color-single\">\n<td width=\"311\" valign=\"top\">garantie<\/td>\n<td width=\"311\" valign=\"top\">3 ann\u00e9es<\/td>\n<td width=\"311\" valign=\"top\">Lieu d&#039;origine<\/td>\n<td width=\"311\" valign=\"top\">Foshan, Chine<\/td>\n<\/tr>\n<tr class=\"ue-table-interlace-color-double\">\n<td width=\"311\" valign=\"top\">Miroir&nbsp;<\/td>\n<td width=\"311\" valign=\"top\">Inclus&nbsp;<\/td>\n<td width=\"311\" valign=\"top\">Service apr\u00e8s-vente<\/td>\n<td width=\"311\" valign=\"top\">Assistance en ligne pour les pi\u00e8ces de rechange techniques et gratuites<\/td>\n<\/tr>\n<tr class=\"ue-table-interlace-color-single\">\n<td width=\"311\" valign=\"top\">Lumi\u00e8re du miroir<\/td>\n<td width=\"311\" valign=\"top\">Inclus&nbsp;<\/td>\n<td width=\"311\" valign=\"top\">m\u00e9thode de livraison<\/td>\n<td width=\"311\" valign=\"top\">Exp\u00e9dition ou comme discut\u00e9<\/td>\n<\/tr>\n<tr class=\"ue-table-interlace-color-double\">\n<td valign=\"top\" colspan=\"1\" rowspan=\"1\">Bassin<\/td>\n<td valign=\"top\" colspan=\"1\" rowspan=\"1\">Inclus&nbsp;<\/td>\n<td valign=\"top\" colspan=\"1\" rowspan=\"1\">Application du produit<\/td>\n<td valign=\"top\" colspan=\"1\" rowspan=\"1\">Salle de bains des r\u00e9sidences, restaurants et h\u00f4tels<\/td>\n<\/tr>\n<tr class=\"ue-table-interlace-color-single\">\n<td valign=\"top\" colspan=\"1\" rowspan=\"1\">Comptoir<\/td>\n<td valign=\"top\" colspan=\"1\" rowspan=\"1\">Inclus&nbsp;<\/td>\n<td valign=\"top\" colspan=\"1\" rowspan=\"1\">Service de personnalisation<\/td>\n<td valign=\"top\" colspan=\"1\" rowspan=\"1\">Disponible pour la taille, la couleur, les fonctions et la forme du miroir<\/td>\n<\/tr>\n<tr class=\"ue-table-interlace-color-double\">\n<td valign=\"top\" colspan=\"1\" rowspan=\"1\">Bassin<\/td>\n<td valign=\"top\" colspan=\"1\" rowspan=\"1\">Inclus&nbsp;<\/td>\n<td valign=\"top\" colspan=\"1\" rowspan=\"1\">Mat\u00e9riau du carton<\/td>\n<td valign=\"top\" colspan=\"1\" rowspan=\"1\">Bois massif<\/td>\n<\/tr>\n<tr class=\"ue-table-interlace-color-single\">\n<td valign=\"top\" colspan=\"1\" rowspan=\"1\">D\u00e9lai d&#039;ex\u00e9cution<\/td>\n<td valign=\"top\" colspan=\"1\" rowspan=\"1\">30 jours<\/td>\n<td valign=\"top\" colspan=\"1\" rowspan=\"1\"><\/td>\n<td valign=\"top\" colspan=\"1\" rowspan=\"1\"><\/td>\n<\/tr>\n<\/tbody>\n<\/table>\n<div class=\"text-center d-tem20-title border-color d-interval\" data-detail=\"wrap\">\n<div class=\"title-header\">\n<div class=\"title font-color\">\n<div class=\"title font-color\" style=\"font-size: 16px;font-family: Montserrat-Regular-8, Arial, myanmar_font;font-weight: 700;overflow: hidden;text-align: center;max-width: 100%\"><span style=\"max-width: 100%;font-size: 24px\">\u00c0 propos de l&#039;entreprise<\/span><\/div>\n<div class=\"description\" style=\"max-width: 100%;font-family: CeraPRO-Regular, Arial, myanmar_font;text-align: center\">Choses que vous voudrez peut-\u00eatre savoir<\/div>\n<\/div>\n<\/div>\n<\/div>\n<p style=\"text-align: center\"><img decoding=\"async\" src=\"https:\/\/ghgalaxyhome.com\/wp-content\/uploads\/2024\/06\/file_01655518919144.jpg?x-oss-process=image\/resize,m_lfit,w_1224\/format,webp\/quality,80\" alt=\"\" data-src=\"https:\/\/ghgalaxyhome.com\/wp-content\/uploads\/2024\/06\/file_01655518919144.jpg\" class=\"img-self show_imgss\"><\/p>\n<div class=\"text-center d-tem20-title border-color d-interval\" data-detail=\"wrap\">\n<div class=\"title-header\">\n<div class=\"title font-color\"><span style=\"font-size: 24px\"><strong>FAQ<\/strong><\/span><\/div>\n<\/div>\n<\/div>\n<div class=\"de_m_faq_5 cont_section\">\n<ul class=\"_ul\">\n<li class=\"_li\">\n<div class=\"li_head\">1.Quels types de produits pouvez-vous fournir\u00a0?<\/div>\n<div class=\"li_con\">Les principaux produits de GALAXY HOME sont les vanit\u00e9s de salle de bains, les baignoires, les robinets de lavabo, les pommes de douche, les cabines de douche, les toilettes et les accessoires de salle de bains.<\/div>\n<\/li>\n<li class=\"_li\">\n<div class=\"li_head\">2.La personnalisation est-elle possible ?<\/div>\n<div class=\"li_con\">Oui. Nous avons une \u00e9quipe professionnelle de conception et de production avec une riche exp\u00e9rience. Faites-nous part de vos demandes et nous vous proposons une solution.<\/div>\n<\/li>\n<li class=\"_li\">\n<div class=\"li_head\">3.L&#039;ODM ou l&#039;OEM sont-ils acceptables\u00a0?<\/div>\n<div class=\"li_con\">Oui. Gr\u00e2ce \u00e0 notre exp\u00e9rience de production et d&#039;exportation depuis au moins 18 ans, nous avons termin\u00e9 de nombreuses commandes ODM et OEM au cours des derni\u00e8res ann\u00e9es. Notre usine couvre une superficie de 40 000\u00a0?O avec des lignes de production avanc\u00e9es. Notre capacit\u00e9 \u00e0 faire des ODM et des OEM est digne de confiance.<\/div>\n<\/li>\n<li class=\"_li\">\n<div class=\"li_head\">4. De quels certificats de produits disposez-vous\u00a0?<\/div>\n<div class=\"li_con\">Les produits GALAXY HOME ont \u00e9t\u00e9 certifi\u00e9s par SGS, CNAS, CMA, CAL et jlac-mra. Des certificats ont \u00e9t\u00e9 d\u00e9livr\u00e9s.<\/div>\n<\/li>\n<li class=\"_li\">\n<div class=\"li_head\">5.Comment puis-je obtenir le dernier prix ?<\/div>\n<div class=\"li_con\">Les clients peuvent cliquer sur le bouton Contactez-nous pour nous envoyer une demande. Nous citons g\u00e9n\u00e9ralement dans les 24 heures pendant les jours ouvrables. Vous pouvez \u00e9galement nous envoyer un e-mail ou Whatspp directement si vous souhaitez une r\u00e9ponse rapide. L&#039;adresse e-mail est info@ghgalaxyhome.com et le num\u00e9ro de t\u00e9l\u00e9phone est le 86-17722731431.<\/div>\n<\/li>\n<li class=\"_li\">\n<div class=\"li_head\">6.Puis-je acheter des \u00e9chantillons ?<\/div>\n<div class=\"li_con\">Oui. Des d\u00e9tails tels que le fret et le d\u00e9lai de livraison peuvent \u00eatre discut\u00e9s.<\/div>\n<\/li>\n<li class=\"_li\">\n<div class=\"li_head\">7.Quel est le d\u00e9lai d&#039;ex\u00e9cution ??<\/div>\n<div class=\"li_con\">Le d\u00e9lai de livraison d\u00e9pend de la quantit\u00e9 command\u00e9e et du stock. G\u00e9n\u00e9ralement, il faut compter 7 \u00e0 15 jours pour des stocks ad\u00e9quats et environ 30 jours pour des stocks faibles.<\/div>\n<\/li>\n<li class=\"_li\">\n<div class=\"li_head\">8.Quel est le mode de livraison ?<\/div>\n<div class=\"li_con\">Les produits peuvent \u00eatre livr\u00e9s par voie maritime, a\u00e9rienne ou express (EMS, UPS, DHL, TNT, FEDEX, etc.). Veuillez nous parler avant de passer des commandes.<\/div>\n<\/li>\n<li class=\"_li\">\n<div class=\"li_head\">9.Comment puis-je payer ? Quel est le mode de paiement ?<\/div>\n<div class=\"li_con\">T\/T, L\/C, Western Union, Moneygram, Paypal sont tous acceptables.<\/div>\n<\/li>\n<li class=\"_li\">\n<div class=\"li_head\">10.Que pouvez-vous faire pour assurer la qualit\u00e9 ?<\/div>\n<div class=\"li_con\">Le service d\u2019inspection qualit\u00e9 de notre usine v\u00e9rifie chaque aspect de la production. Nous vous tiendrons \u00e9galement inform\u00e9s par des photos et des vid\u00e9os pour nous assurer que chaque d\u00e9tail est r\u00e9gl\u00e9. Nous resterons toujours en contact avec les acheteurs en cas de question.<\/div>\n<\/li>\n<\/ul>\n<\/div>\n<p><\/p>\n<p><\/p>\n<p><\/p>\n<p><\/p>\n<\/p><\/div>","protected":false},"excerpt":{"rendered":"<p>GALAXY HOME fait toujours de son mieux pour d\u00e9ployer des vanit\u00e9s de salle de bain cr\u00e9atives, pratiques et durables pour satisfaire les clients, et pour r\u00e9pondre et mener les tendances du march\u00e9. Cette armoire de salle de bain \u00e9tanche murale la plus vendue est un excellent exemple.<br \/>\nCe meuble montre tr\u00e8s bien la technique et le savoir-faire. La partie grise, qui est en ch\u00eane, peut en fait \u00eatre transform\u00e9e en de nombreuses autres couleurs. La partie gauche est en noyer, qui est appr\u00e9ci\u00e9 pour sa belle couleur et ses grains originaux. GALAXY HOME combine deux mat\u00e9riaux diff\u00e9rents pour rendre le meuble plus distinctif et moins terne. Et le plan de toilette color\u00e9 en bois est en r\u00e9alit\u00e9 de la pierre fritt\u00e9e, un type de mat\u00e9riau qui peut \u00eatre transform\u00e9 en diff\u00e9rentes couleurs et motifs.<\/p>","protected":false},"featured_media":31389,"comment_status":"open","ping_status":"closed","template":"","meta":[],"product_brand":[],"product_cat":[18],"product_tag":[],"class_list":{"0":"post-39326","1":"product","2":"type-product","3":"status-publish","4":"has-post-thumbnail","6":"product_cat-products-40712","8":"first","9":"instock","10":"shipping-taxable","11":"product-type-simple"},"_links":{"self":[{"href":"https:\/\/ghgalaxyhome.com\/fr\/wp-json\/wp\/v2\/product\/39326","targetHints":{"allow":["GET"]}}],"collection":[{"href":"https:\/\/ghgalaxyhome.com\/fr\/wp-json\/wp\/v2\/product"}],"about":[{"href":"https:\/\/ghgalaxyhome.com\/fr\/wp-json\/wp\/v2\/types\/product"}],"replies":[{"embeddable":true,"href":"https:\/\/ghgalaxyhome.com\/fr\/wp-json\/wp\/v2\/comments?post=39326"}],"version-history":[{"count":2,"href":"https:\/\/ghgalaxyhome.com\/fr\/wp-json\/wp\/v2\/product\/39326\/revisions"}],"predecessor-version":[{"id":41636,"href":"https:\/\/ghgalaxyhome.com\/fr\/wp-json\/wp\/v2\/product\/39326\/revisions\/41636"}],"wp:featuredmedia":[{"embeddable":true,"href":"https:\/\/ghgalaxyhome.com\/fr\/wp-json\/wp\/v2\/media\/31389"}],"wp:attachment":[{"href":"https:\/\/ghgalaxyhome.com\/fr\/wp-json\/wp\/v2\/media?parent=39326"}],"wp:term":[{"taxonomy":"product_brand","embeddable":true,"href":"https:\/\/ghgalaxyhome.com\/fr\/wp-json\/wp\/v2\/product_brand?post=39326"},{"taxonomy":"product_cat","embeddable":true,"href":"https:\/\/ghgalaxyhome.com\/fr\/wp-json\/wp\/v2\/product_cat?post=39326"},{"taxonomy":"product_tag","embeddable":true,"href":"https:\/\/ghgalaxyhome.com\/fr\/wp-json\/wp\/v2\/product_tag?post=39326"}],"curies":[{"name":"wp","href":"https:\/\/api.w.org\/{rel}","templated":true}]}}