{"id":39324,"date":"2024-06-10T14:34:18","date_gmt":"2024-06-10T14:34:18","guid":{"rendered":"https:\/\/ghgalaxyhome.com\/?post_type=product&#038;p=39324"},"modified":"2024-06-10T15:37:51","modified_gmt":"2024-06-10T15:37:51","slug":"products-detail-4580454","status":"publish","type":"product","link":"https:\/\/ghgalaxyhome.com\/fr\/video\/products-detail-4580454","title":{"rendered":"Solutions de stockage de luxe Fabricants de meubles de vanit\u00e9 de salle de bains de Chine | Accueil Galaxie"},"content":{"rendered":"<div class=\"cons_box ls-product\">\n<div class=\"d-tem07-title text-center d-interval\" data-detail=\"wrap\">\n<div class=\"title-header\">\n<div class=\"title\">\n\t\t\t<span class=\"title-border\">Pr\u00e9sentation des produits<\/span>\n\t\t<\/div>\n<div class=\"subtitle\">Salle de bains vanit\u00e9<\/div>\n<\/p><\/div>\n<\/div>\n<p style=\"text-align: center\"><img decoding=\"async\" src=\"https:\/\/ghgalaxyhome.com\/wp-content\/uploads\/2024\/06\/file_01705117944136.jpg?x-oss-process=image\/resize,m_lfit,w_1224\/format,webp\/quality,80\" alt=\"\" data-src=\"https:\/\/ghgalaxyhome.com\/wp-content\/uploads\/2024\/06\/file_01705117944136.jpg\" class=\"img-self show_imgss\"><\/p>\n<p><\/p>\n<table width=\"1362\">\n<tbody>\n<tr class=\"firstRow\">\n<td valign=\"top\" width=\"266\"><strong>garantie<\/strong><\/td>\n<td valign=\"top\" width=\"375\">2 ans<\/td>\n<td valign=\"top\" width=\"306\"><strong>Service apr\u00e8s-vente<\/strong><\/td>\n<td valign=\"top\" width=\"413\">Support technique en ligne<\/td>\n<\/tr>\n<tr>\n<td valign=\"top\" width=\"266\"><strong>Lieu d&#039;origine<\/strong><\/td>\n<td valign=\"top\" width=\"375\">Guangdong, Chine<\/td>\n<td valign=\"top\" width=\"306\"><strong>Marque<\/strong><\/td>\n<td valign=\"top\" width=\"413\">Accueil Galaxie<\/td>\n<\/tr>\n<tr>\n<td valign=\"top\" width=\"266\"><strong>Style<\/strong><\/td>\n<td valign=\"top\" width=\"375\">Luxe<\/td>\n<td valign=\"top\" width=\"306\"><strong>Forme<\/strong><\/td>\n<td valign=\"top\" width=\"413\">Rectangle<\/td>\n<\/tr>\n<tr>\n<td valign=\"top\" width=\"266\"><strong>Nom du produit<\/strong><\/td>\n<td valign=\"top\" width=\"375\">Ensemble d&#039;armoires de salle de bain<\/td>\n<td valign=\"top\" width=\"306\"><strong>Taille<\/strong><\/td>\n<td valign=\"top\" width=\"413\">Personnalis\u00e9<\/td>\n<\/tr>\n<tr>\n<td valign=\"top\" colspan=\"1\" rowspan=\"1\" width=\"266\"><strong>Couleur<\/strong><\/td>\n<td valign=\"top\" colspan=\"1\" rowspan=\"1\" width=\"375\">Couleur personnalis\u00e9e<\/td>\n<td valign=\"top\" colspan=\"1\" rowspan=\"1\" width=\"306\"><strong>MOQ<\/strong><\/td>\n<td valign=\"top\" colspan=\"1\" rowspan=\"1\" width=\"413\">1 jeu<\/td>\n<\/tr>\n<tr>\n<td valign=\"top\" colspan=\"1\" rowspan=\"1\" width=\"266\"><strong>Fonctionnalit\u00e9<\/strong><\/td>\n<td valign=\"top\" colspan=\"1\" rowspan=\"1\" width=\"375\">Imperm\u00e9able<\/td>\n<td valign=\"top\" colspan=\"1\" rowspan=\"1\" width=\"306\"><strong>Usage<\/strong><\/td>\n<td valign=\"top\" colspan=\"1\" rowspan=\"1\" width=\"413\">Meubles de salle de bains \u00e0 la maison d&#039;h\u00f4tel<\/td>\n<\/tr>\n<\/tbody>\n<\/table>\n<div class=\"d-tem11-graphic tem11-graphic mockup\" data-detail=\"wrap\">\n<div class=\"tab_row\">\n<div class=\"img\" style=\"width:50%\"><img decoding=\"async\" src=\"https:\/\/ghgalaxyhome.com\/wp-content\/uploads\/2024\/06\/file_31705115189913.jpg?x-oss-process=image\/resize,m_lfit,w_1224\/format,webp\/quality,80\" alt=\"\" data-src=\"https:\/\/ghgalaxyhome.com\/wp-content\/uploads\/2024\/06\/file_31705115189913.jpg\" class=\"img-self show_imgss\"><\/div>\n<div class=\"text_box\" style=\"width:50%\">\n<div class=\"txt\">\n<div class=\"title\">Expansive Bathroom Combination: Mirror Cabinet + <a href=\"https:\/\/www.ghgalaxyhome.com\/products-40712\" target=\"_self\" title=\"vanity unit\" data-lv=\"0\" rel=\"noopener\">Vanity Unit<\/a>.<\/div>\n<div class=\"description\">\n<p><\/p>\n<p><span style=\"font-size: 18px;font-family: arial, helvetica, sans-serif\">Elevate your bathroom storage with our vanity cabinet offering abundant space, featuring a large and a small compartment. The left side of the mirror cabinet includes a designated spot for a hairdryer and efficient storage for frequently used skincare essentials. On the right side, a three-tiered side cabinet ensures meticulous organization of your items. Experience customizable options for the vanity cabinet, allowing you to tailor the material, dimensions, and features to your preferences.<\/span><\/p>\n<p><\/p>\n<p><\/p>\n<p><\/p>\n<p><\/p>\n<p><\/p>\n<\/div>\n<\/div>\n<\/div>\n<\/div>\n<\/div>\n<div class=\"d-tem12-graphic d-tem11-graphic tem12-graphic tem11-graphic mockup\" data-detail=\"wrap\">\n<div class=\"tab_row\">\n<div class=\"img\" style=\"width:50%\"><img decoding=\"async\" src=\"https:\/\/ghgalaxyhome.com\/wp-content\/uploads\/2024\/06\/file_01705124388855.jpg?x-oss-process=image\/resize,m_lfit,w_1224\/format,webp\/quality,80\" alt=\"\" data-src=\"https:\/\/ghgalaxyhome.com\/wp-content\/uploads\/2024\/06\/file_01705124388855.jpg\" class=\"img-self show_imgss\"><\/div>\n<div class=\"text_box\" style=\"width:50%\">\n<div class=\"txt\">\n<div class=\"title\" style=\"text-align: left\"><span style=\"font-size: 18px\">LED-Illuminated Mirror Cabinet with Ample Storage Space.<\/span><\/div>\n<p style=\"text-align: left\"><\/p>\n<p style=\"text-align: left\"><span style=\"font-size: 18px\">Explore the functionality of our LED-lit mirror cabinet, boasting a spacious design and a mirrored door on the right that can be utilized without opening. When opened, the mirrored interior offers a handy space for daily necessities, complete with a dedicated spot for storing a hairdryer. The left side features a three-tiered side cabinet for organized storage. Enhanced with LED light strips on both sides, this cabinet not only provides practicality but also elevates your bathroom with stylish illumination.<\/span><\/p>\n<\/div>\n<\/div>\n<\/div>\n<\/div>\n<div class=\"d-tem16-graphic mockup\" data-detail=\"wrap\">\n<div class=\"clearfix d-clearfix\">\n<div class=\"col-md-3 col-sm-6 col-xs-6\">\n<div class=\"thumbnail\"><img decoding=\"async\" src=\"https:\/\/ghgalaxyhome.com\/wp-content\/uploads\/2024\/06\/file_01705125035780.jpg?x-oss-process=image\/resize,m_lfit,w_1224\/format,webp\/quality,80\" alt=\"\" data-src=\"https:\/\/ghgalaxyhome.com\/wp-content\/uploads\/2024\/06\/file_01705125035780.jpg\" class=\"img-self show_imgss\"><br \/>\n &nbsp; &nbsp; &nbsp; &nbsp; &nbsp; &nbsp; &nbsp; &nbsp;<\/p>\n<div class=\"caption\">\n<p>??One touch button ??<\/p>\n<p>*Three light colors change<\/p>\n<p>(white\/neutral\/warm??<\/p>\n<p>*Light dimming<\/p>\n<p>*Antifog<\/p>\n<\/div>\n<\/div>\n<\/div>\n<div class=\"col-md-3 col-sm-6 col-xs-6\">\n<div class=\"thumbnail\"><img decoding=\"async\" src=\"https:\/\/ghgalaxyhome.com\/wp-content\/uploads\/2024\/06\/file_01705125098745.jpg?x-oss-process=image\/resize,m_lfit,w_1224\/format,webp\/quality,80\" alt=\"\" data-src=\"https:\/\/ghgalaxyhome.com\/wp-content\/uploads\/2024\/06\/file_01705125098745.jpg\" class=\"img-self show_imgss\"><br \/>\n &nbsp; &nbsp; &nbsp; &nbsp; &nbsp; &nbsp; &nbsp; &nbsp;<\/p>\n<div class=\"caption\">\n<div class=\"h3\">\n<p>??One touch button ??<\/p>\n<p>*Three light colors change<\/p>\n<p>(white\/neutral\/warm)<\/p>\n<p>*Light dimming<\/p>\n<p>*Time display<\/p>\n<p>*Temperature display<\/p>\n<p>*Antifog<\/p>\n<\/div>\n<\/div>\n<\/div>\n<\/div>\n<div class=\"col-md-3 col-sm-6 col-xs-6\">\n<div class=\"thumbnail\"><img decoding=\"async\" src=\"https:\/\/ghgalaxyhome.com\/wp-content\/uploads\/2024\/06\/file_01705125160891.jpg?x-oss-process=image\/resize,m_lfit,w_1224\/format,webp\/quality,80\" alt=\"\" data-src=\"https:\/\/ghgalaxyhome.com\/wp-content\/uploads\/2024\/06\/file_01705125160891.jpg\" class=\"img-self show_imgss\"><br \/>\n &nbsp; &nbsp; &nbsp; &nbsp; &nbsp; &nbsp; &nbsp; &nbsp;<\/p>\n<div class=\"caption\">\n<p>??Two touch buttons??<\/p>\n<p>*Three light colors change<\/p>\n<p>??white\/neutral\/warm??<\/p>\n<p>*Light dimming<\/p>\n<p>*Antifog<\/p>\n<\/div>\n<\/div>\n<\/div>\n<div class=\"col-md-3 col-sm-6 col-xs-6\">\n<div class=\"thumbnail\"><img decoding=\"async\" src=\"https:\/\/ghgalaxyhome.com\/wp-content\/uploads\/2024\/06\/file_01705125233853.jpg?x-oss-process=image\/resize,m_lfit,w_1224\/format,webp\/quality,80\" alt=\"\" data-src=\"https:\/\/ghgalaxyhome.com\/wp-content\/uploads\/2024\/06\/file_01705125233853.jpg\" class=\"img-self show_imgss\"><br \/>\n &nbsp; &nbsp; &nbsp; &nbsp; &nbsp; &nbsp; &nbsp; &nbsp;<\/p>\n<div class=\"caption\">\n<div class=\"h3\">\n<p>??Two touch buttons??<\/p>\n<p>*Three light colors change<\/p>\n<p>(white\/neutral\/warm??<\/p>\n<p>*Light dimming<\/p>\n<p>*Time display<\/p>\n<p>*Temperature display<\/p>\n<p>*Antifog<\/p>\n<\/div>\n<\/div>\n<\/div>\n<\/div>\n<\/div>\n<\/div>\n<p><\/p>\n<p><\/p>\n<div class=\"d-tem16-graphic mockup\" data-detail=\"wrap\">\n<div class=\"clearfix d-clearfix\">\n<div class=\"col-md-3 col-sm-6 col-xs-6\">\n<div class=\"thumbnail\"><img decoding=\"async\" src=\"https:\/\/ghgalaxyhome.com\/wp-content\/uploads\/2024\/06\/file_01705125318288.jpg?x-oss-process=image\/resize,m_lfit,w_1224\/format,webp\/quality,80\" alt=\"\" data-src=\"https:\/\/ghgalaxyhome.com\/wp-content\/uploads\/2024\/06\/file_01705125318288.jpg\" class=\"img-self show_imgss\"><br \/>\n &nbsp; &nbsp; &nbsp; &nbsp; &nbsp; &nbsp; &nbsp; &nbsp;<\/p>\n<div class=\"caption\">\n<p>??Radar Sensor??<\/p>\n<p>*Three light colors change<\/p>\n<p>(white\/neutralwarm)<\/p>\n<p>*Light dimming<\/p>\n<p>*Antifog<\/p>\n<\/div>\n<\/div>\n<\/div>\n<div class=\"col-md-3 col-sm-6 col-xs-6\">\n<div class=\"thumbnail\"><img decoding=\"async\" src=\"https:\/\/ghgalaxyhome.com\/wp-content\/uploads\/2024\/06\/file_01705125388311.jpg?x-oss-process=image\/resize,m_lfit,w_1224\/format,webp\/quality,80\" alt=\"\" data-src=\"https:\/\/ghgalaxyhome.com\/wp-content\/uploads\/2024\/06\/file_01705125388311.jpg\" class=\"img-self show_imgss\"><br \/>\n &nbsp; &nbsp; &nbsp; &nbsp; &nbsp; &nbsp; &nbsp; &nbsp;<\/p>\n<div class=\"caption\">\n<p>??Infared sensor??<\/p>\n<p>*Three light colors change<\/p>\n<p>(white\/neutral\/warm??<\/p>\n<p>*Light dimming<\/p>\n<p>*Antifog<\/p>\n<\/div>\n<\/div>\n<\/div>\n<div class=\"col-md-3 col-sm-6 col-xs-6\">\n<div class=\"thumbnail\"><img decoding=\"async\" src=\"https:\/\/ghgalaxyhome.com\/wp-content\/uploads\/2024\/06\/file_01705125450408.jpg?x-oss-process=image\/resize,m_lfit,w_1224\/format,webp\/quality,80\" alt=\"\" data-src=\"https:\/\/ghgalaxyhome.com\/wp-content\/uploads\/2024\/06\/file_01705125450408.jpg\" class=\"img-self show_imgss\"><br \/>\n &nbsp; &nbsp; &nbsp; &nbsp; &nbsp; &nbsp; &nbsp; &nbsp;<\/p>\n<div class=\"caption\">\n<p>??hree touch buttons??<\/p>\n<p>*Three light colors change<\/p>\n<p>(white\/neutral\/warm??<\/p>\n<p>*Light dimmingAntifog<\/p>\n<\/div>\n<\/div>\n<\/div>\n<div class=\"col-md-3 col-sm-6 col-xs-6\">\n<div class=\"thumbnail\"><img decoding=\"async\" src=\"https:\/\/ghgalaxyhome.com\/wp-content\/uploads\/2024\/06\/file_01705125508315.jpg?x-oss-process=image\/resize,m_lfit,w_1224\/format,webp\/quality,80\" alt=\"\" data-src=\"https:\/\/ghgalaxyhome.com\/wp-content\/uploads\/2024\/06\/file_01705125508315.jpg\" class=\"img-self show_imgss\"><br \/>\n &nbsp; &nbsp; &nbsp; &nbsp; &nbsp; &nbsp; &nbsp; &nbsp;<\/p>\n<div class=\"caption\">\n<div class=\"h3\">\n<p>??Six touch radar sensor??<\/p>\n<p>*Three light colors change<\/p>\n<p>??white\/neutral\/warm??<\/p>\n<p>*Light dimming<\/p>\n<p>*Time&#038;Temperature&#038;Date display<\/p>\n<p>*Antifog<\/p>\n<p>*Bluetooth music<\/p>\n<\/div>\n<\/div>\n<\/div>\n<\/div>\n<\/div>\n<\/div>\n<p><\/p>\n<div class=\"d-tem11-graphic tem11-graphic mockup\" data-detail=\"wrap\">\n<div class=\"tab_row\">\n<div class=\"img\" style=\"width:50%\"><img decoding=\"async\" src=\"https:\/\/ghgalaxyhome.com\/wp-content\/uploads\/2024\/06\/file_01705115189913.jpg?x-oss-process=image\/resize,m_lfit,w_1224\/format,webp\/quality,80\" alt=\"\" data-src=\"https:\/\/ghgalaxyhome.com\/wp-content\/uploads\/2024\/06\/file_01705115189913.jpg\" class=\"img-self show_imgss\"><\/div>\n<div class=\"text_box\" style=\"width:50%\">\n<div class=\"txt\">\n<div class=\"title\"><span style=\"font-size: 18px\">Cream Bathroom Cabinet &#8211; Customizable, Solid Wood, and Spacious Storage<\/span><\/div>\n<p><\/p>\n<p><span style=\"font-size: 18px\">Explore the sophistication of our cream-colored bathroom cabinet. Crafted from solid wood with a health-conscious, smooth paint finish, this cabinet offers ample storage, boasting a large and a small compartment. The cream hue is customizable, with Galaxyhome providing options in different materials like solid wood or veneer. The seamlessly integrated cream Sintered Stone countertop adds a touch of luxury, complemented by a ceramic sink. Discover the perfect blend of style and functionality for your bathroom.<\/span><\/p>\n<\/div>\n<\/div>\n<\/div>\n<\/div>\n<p><\/p>\n<p><\/p>\n<p><\/p>\n<p><\/p>\n<p><\/p>\n<p><\/p>\n<p><\/p>\n<p><\/p>\n<p><\/p>\n<p><\/p>\n<p><\/p>\n<\/p><\/div>","protected":false},"excerpt":{"rendered":"<p>L&#039;ensemble de meuble-lavabo de salle de bain en bois massif, de couleur cr\u00e8me \u00e9l\u00e9gante, offre un grand espace de rangement dans l&#039;armoire de salle de bain et l&#039;armoire \u00e0 miroir. L&#039;armoire \u00e0 miroir \u00e9clair\u00e9e dispose d&#039;un espace d\u00e9di\u00e9 pour ranger un s\u00e8che-cheveux. Le comptoir est parfaitement fabriqu\u00e9 en pierre fritt\u00e9e, combin\u00e9 \u00e0 un lavabo en c\u00e9ramique. Des services de personnalisation sont disponibles, vous permettant d&#039;adapter le mat\u00e9riau, la taille et les caract\u00e9ristiques du meuble de salle de bain.<\/p>","protected":false},"featured_media":31373,"comment_status":"open","ping_status":"closed","template":"","meta":[],"product_brand":[],"product_cat":[18],"product_tag":[],"class_list":{"0":"post-39324","1":"product","2":"type-product","3":"status-publish","4":"has-post-thumbnail","6":"product_cat-products-40712","8":"first","9":"instock","10":"shipping-taxable","11":"product-type-simple"},"_links":{"self":[{"href":"https:\/\/ghgalaxyhome.com\/fr\/wp-json\/wp\/v2\/product\/39324","targetHints":{"allow":["GET"]}}],"collection":[{"href":"https:\/\/ghgalaxyhome.com\/fr\/wp-json\/wp\/v2\/product"}],"about":[{"href":"https:\/\/ghgalaxyhome.com\/fr\/wp-json\/wp\/v2\/types\/product"}],"replies":[{"embeddable":true,"href":"https:\/\/ghgalaxyhome.com\/fr\/wp-json\/wp\/v2\/comments?post=39324"}],"version-history":[{"count":2,"href":"https:\/\/ghgalaxyhome.com\/fr\/wp-json\/wp\/v2\/product\/39324\/revisions"}],"predecessor-version":[{"id":41634,"href":"https:\/\/ghgalaxyhome.com\/fr\/wp-json\/wp\/v2\/product\/39324\/revisions\/41634"}],"wp:featuredmedia":[{"embeddable":true,"href":"https:\/\/ghgalaxyhome.com\/fr\/wp-json\/wp\/v2\/media\/31373"}],"wp:attachment":[{"href":"https:\/\/ghgalaxyhome.com\/fr\/wp-json\/wp\/v2\/media?parent=39324"}],"wp:term":[{"taxonomy":"product_brand","embeddable":true,"href":"https:\/\/ghgalaxyhome.com\/fr\/wp-json\/wp\/v2\/product_brand?post=39324"},{"taxonomy":"product_cat","embeddable":true,"href":"https:\/\/ghgalaxyhome.com\/fr\/wp-json\/wp\/v2\/product_cat?post=39324"},{"taxonomy":"product_tag","embeddable":true,"href":"https:\/\/ghgalaxyhome.com\/fr\/wp-json\/wp\/v2\/product_tag?post=39324"}],"curies":[{"name":"wp","href":"https:\/\/api.w.org\/{rel}","templated":true}]}}