{"id":31111,"date":"2024-06-09T16:56:40","date_gmt":"2024-06-09T16:56:40","guid":{"rendered":"https:\/\/ghgalaxyhome.com\/?post_type=product&#038;p=31111"},"modified":"2024-06-09T17:02:22","modified_gmt":"2024-06-09T17:02:22","slug":"products-detail-582381","status":"publish","type":"product","link":"https:\/\/ghgalaxyhome.com\/fr\/video\/products-detail-582381","title":{"rendered":"Galaxy Home \u2013 Baignoire de luxe pour adultes, grandes baignoires de salle de bain autoportantes en acrylique"},"content":{"rendered":"<div class=\"cons_box ls-product\">\n<p>Foshan Baihuo Home Technology Co., Ltd. propose une gamme de baignoires et de bains \u00e0 remous de qualit\u00e9 exceptionnelle. Il s&#039;adresse aux march\u00e9s \u00e9trangers. \u00c0 l\u2019avenir, l\u2019entreprise continuera \u00e0 d\u00e9velopper ses activit\u00e9s.<\/p>\n<div class=\"rich-text-table\">\n<table>\n<tbody>\n<tr class=\"firstRow\">\n<td style=\"width:25%;padding:5px 20px;font-size:14px;background:#f8fafc\">Garantie:<\/td>\n<td style=\"width:25%;padding:5px 20px;font-size:14px\">3 ann\u00e9es<\/td>\n<td style=\"width:25%;padding:5px 20px;font-size:14px;background:#f8fafc\">Service apr\u00e8s-vente:<\/td>\n<td style=\"width:25%;padding:5px 20px;font-size:14px\">Support technique en ligne, pi\u00e8ces de rechange gratuites<\/td>\n<\/tr>\n<tr>\n<td style=\"width:25%;padding:5px 20px;font-size:14px;background:#f8fafc\">Style:<\/td>\n<td style=\"width:25%;padding:5px 20px;font-size:14px\">Sur pied<\/td>\n<td style=\"width:25%;padding:5px 20px;font-size:14px;background:#f8fafc\">Longueur:<\/td>\n<td style=\"width:25%;padding:5px 20px;font-size:14px\">1,7 m<\/td>\n<\/tr>\n<tr>\n<td style=\"width:25%;padding:5px 20px;font-size:14px;background:#f8fafc\">Capacit\u00e9 de la solution du projet\u00a0:<\/td>\n<td style=\"width:25%;padding:5px 20px;font-size:14px\">conception graphique, conception de mod\u00e8les 3D, solution totale pour les projets, consolidation multicat\u00e9gories<\/td>\n<td style=\"width:25%;padding:5px 20px;font-size:14px;background:#f8fafc\">Application:<\/td>\n<td style=\"width:25%;padding:5px 20px;font-size:14px\">H\u00f4tel Villa Appartement salle de bain<\/td>\n<\/tr>\n<tr>\n<td style=\"width:25%;padding:5px 20px;font-size:14px;background:#f8fafc\">Style de conception\u00a0:<\/td>\n<td style=\"width:25%;padding:5px 20px;font-size:14px\">Moderne<\/td>\n<td style=\"width:25%;padding:5px 20px;font-size:14px;background:#f8fafc\">Lieu d&#039;origine\u00a0:<\/td>\n<td style=\"width:25%;padding:5px 20px;font-size:14px\">Guangdong, Chine<\/td>\n<\/tr>\n<tr>\n<td style=\"width:25%;padding:5px 20px;font-size:14px;background:#f8fafc\">Marque:<\/td>\n<td style=\"width:25%;padding:5px 20px;font-size:14px\">Accueil Galaxie<\/td>\n<td style=\"width:25%;padding:5px 20px;font-size:14px;background:#f8fafc\">Num\u00e9ro de mod\u00e8le:<\/td>\n<td style=\"width:25%;padding:5px 20px;font-size:14px\">BT09931-170<\/td>\n<\/tr>\n<tr>\n<td style=\"width:25%;padding:5px 20px;font-size:14px;background:#f8fafc\">Mat\u00e9riel:<\/td>\n<td style=\"width:25%;padding:5px 20px;font-size:14px\">Acrylique<\/td>\n<td style=\"width:25%;padding:5px 20px;font-size:14px;background:#f8fafc\">Fonction:<\/td>\n<td style=\"width:25%;padding:5px 20px;font-size:14px\">Trempage<\/td>\n<\/tr>\n<tr>\n<td style=\"width:25%;padding:5px 20px;font-size:14px;background:#f8fafc\">Type d&#039;installation\u00a0:<\/td>\n<td style=\"width:25%;padding:5px 20px;font-size:14px\">Sur pied<\/td>\n<td style=\"width:25%;padding:5px 20px;font-size:14px;background:#f8fafc\">Emplacement de vidange\u00a0:<\/td>\n<td style=\"width:25%;padding:5px 20px;font-size:14px\">Centre<\/td>\n<\/tr>\n<tr>\n<td style=\"width:25%;padding:5px 20px;font-size:14px;background:#f8fafc\">Couleur:<\/td>\n<td style=\"width:25%;padding:5px 20px;font-size:14px\">Blanc<\/td>\n<td style=\"width:25%;padding:5px 20px;font-size:14px;background:#f8fafc\">Taille:<\/td>\n<td style=\"width:25%;padding:5px 20px;font-size:14px\">1700*780*760mm<\/td>\n<\/tr>\n<\/tbody>\n<\/table>\n<\/div>\n<p><\/p>\n<div data-magic-global=\"%7B%22bizId%22%3A2211240675273%2C%22pageId%22%3A21005650377%2C%22siteId%22%3A10002499104%7D\" id=\"detail_decorate_root\">#detail_decorate_root .magic-0{border-bottom-style:solid;border-bottom-color:#53647a;font-family:Roboto;font-size:24px;color:#53647a;font-style:normal;border-bottom-width\u00a0: 2px;padding-top:8px;padding-bottom:4px}#detail_decorate_root .magic-1{width:750px;border-collapse:collapse}#detail_decorate_root .magic-2{min-height:28px;padding:5px 10px;width:241px ;hauteur min:28px;dimensionnement de la bo\u00eete:content-box}#detail_decorate_root .magic-3{hauteur min:28px;padding:5px 10px;largeur:460px;hauteur min:28px;dimensionnement de la bo\u00eete:content-box} #detail_decorate_root .magic-4{margin-bottom:10px;line-height:0}#detail_decorate_root .magic-5{margin-bottom:0}#detail_decorate_root .magic-6{position:relative;width:100%}#detail_decorate_root .magic-7{ width:750px}#detail_decorate_root .magic-8{overflow:hidden;width:750px;height:473px;margin-top:0;margin-bottom:0;margin-left:0;margin-right:0}#detail_decorate_root .magic- 9{margin-top:0;margin-left:0;width:750px;height:473px}#detail_decorate_root .magic-10{margin-bottom:10px;overflow:hidden}#detail_decorate_root .magic-11{overflow:hidden;width\u00a0: 750px;hauteur:1556px;margin-top:0;margin-bottom:0;margin-left:0;margin-right:0}#detail_decorate_root .magic-12{margin-top:0;margin-left:0;largeur\u00a0: 750 px ; magic-14{margin-top:0;margin-left:0;width:750px;height:787px}#detail_decorate_root .magic-15{overflow:hidden;width:750px;height:469px;margin-top:0;margin- bottom:0;margin-left:0;margin-right:0}#detail_decorate_root .magic-16{margin-top:0;margin-left:0;width:750px;height:469px}<\/p>\n<div class=\"J_module\">\n<div id=\"ali-anchor-AliMagic-bqugfd\" data-section=\"AliMagic-bqugfd\" data-section-title=\"Specification\" class=\"magic-0\">sp\u00e9cification<\/div>\n<\/div>\n<div class=\"J_module\">\n<div class=\"ife-detail-decorate-table\">\n<table class=\"has-title all magic-1\">\n<tbody>\n<tr class=\"firstRow\">\n<td colspan=\"1\" rowspan=\"1\">\n<div class=\"magic-2\">Nom du produit<\/div>\n<\/td>\n<td colspan=\"1\" rowspan=\"1\">\n<div class=\"magic-3\">Baignoire de luxe mod\u00e8le BT09931 170, grande baignoire autoportante en acrylique pour adulte<\/div>\n<\/td>\n<\/tr>\n<tr>\n<td colspan=\"1\" rowspan=\"1\">\n<div class=\"magic-2\">Marque<\/div>\n<\/td>\n<td colspan=\"1\" rowspan=\"1\">\n<div class=\"magic-3\">Accueil Galaxie<\/div>\n<\/td>\n<\/tr>\n<tr>\n<td colspan=\"1\" rowspan=\"1\">\n<div class=\"magic-2\">Num\u00e9ro de mod\u00e8le<\/div>\n<\/td>\n<td colspan=\"1\" rowspan=\"1\">\n<div class=\"magic-3\">BT09931-170<\/div>\n<\/td>\n<\/tr>\n<tr>\n<td colspan=\"1\" rowspan=\"1\">\n<div class=\"magic-2\">Mat\u00e9riel<\/div>\n<\/td>\n<td colspan=\"1\" rowspan=\"1\">\n<div class=\"magic-3\">Acrylique<\/div>\n<\/td>\n<\/tr>\n<tr>\n<td colspan=\"1\" rowspan=\"1\">\n<div class=\"magic-2\">Taille<\/div>\n<\/td>\n<td colspan=\"1\" rowspan=\"1\">\n<div class=\"magic-3\">1700*780*760mm<\/div>\n<\/td>\n<\/tr>\n<tr>\n<td colspan=\"1\" rowspan=\"1\">\n<div class=\"magic-2\">\u00c9gouttoir<\/div>\n<\/td>\n<td colspan=\"1\" rowspan=\"1\">\n<div class=\"magic-3\">Avec \u00e9gouttoir, n\u00e9gociable<\/div>\n<\/td>\n<\/tr>\n<tr>\n<td colspan=\"1\" rowspan=\"1\">\n<div class=\"magic-2\">Couleur<\/div>\n<\/td>\n<td colspan=\"1\" rowspan=\"1\">\n<div class=\"magic-3\">Blanc<\/div>\n<\/td>\n<\/tr>\n<tr>\n<td colspan=\"1\" rowspan=\"1\">\n<div class=\"magic-2\">D\u00e9tails de l&#039;&#039; emballage<\/div>\n<\/td>\n<td colspan=\"1\" rowspan=\"1\">\n<div class=\"magic-3\">Sac plastique + mousse + carton, n\u00e9gociable<\/div>\n<\/td>\n<\/tr>\n<\/tbody>\n<\/table>\n<\/div>\n<\/div>\n<div class=\"J_module\">\n<div id=\"ali-anchor-AliMagic-r4ple5\" data-section=\"AliMagic-r4ple5\" data-section-title=\"Details Images\" class=\"magic-0\">D\u00e9tails Images<\/div>\n<\/div>\n<div class=\"J_module\">\n<div class=\"icbu-pc-detailManyImage magic-4\">\n<div class=\"magic-5\"><img decoding=\"async\" src=\"https:\/\/ghgalaxyhome.com\/wp-content\/uploads\/2024\/06\/ef489ff4f400d3310bbad1b6c43d9cdd.jpg?x-oss-process=image\/resize,m_lfit,w_1224\/format,webp\/quality,80\" class=\"magic-6 img-self show_imgss\" data-src=\"https:\/\/ghgalaxyhome.com\/wp-content\/uploads\/2024\/06\/ef489ff4f400d3310bbad1b6c43d9cdd.jpg\"><\/div>\n<div class=\"magic-5\"><img decoding=\"async\" src=\"https:\/\/ghgalaxyhome.com\/wp-content\/uploads\/2024\/06\/83fa7234b6f5bba47244097f0af2b297.jpg?x-oss-process=image\/resize,m_lfit,w_1224\/format,webp\/quality,80\" class=\"magic-6 img-self show_imgss\" data-src=\"https:\/\/ghgalaxyhome.com\/wp-content\/uploads\/2024\/06\/83fa7234b6f5bba47244097f0af2b297.jpg\"><\/div>\n<div class=\"magic-5\"><img decoding=\"async\" src=\"https:\/\/ghgalaxyhome.com\/wp-content\/uploads\/2024\/06\/3faff1a924967dbc576a823ecb499b53.jpg?x-oss-process=image\/resize,m_lfit,w_1224\/format,webp\/quality,80\" class=\"magic-6 img-self show_imgss\" data-src=\"https:\/\/ghgalaxyhome.com\/wp-content\/uploads\/2024\/06\/3faff1a924967dbc576a823ecb499b53.jpg\"><\/div>\n<div class=\"magic-5\"><img decoding=\"async\" src=\"https:\/\/ghgalaxyhome.com\/wp-content\/uploads\/2024\/06\/bc3ef20d09df51cee5d2c46e0b9c11b9.jpg?x-oss-process=image\/resize,m_lfit,w_1224\/format,webp\/quality,80\" class=\"magic-6 img-self show_imgss\" data-src=\"https:\/\/ghgalaxyhome.com\/wp-content\/uploads\/2024\/06\/bc3ef20d09df51cee5d2c46e0b9c11b9.jpg\"><\/div>\n<div class=\"magic-5\"><img decoding=\"async\" src=\"https:\/\/ghgalaxyhome.com\/wp-content\/uploads\/2024\/06\/8fb8aa816e2635249c3d411057cdd8f5.jpg?x-oss-process=image\/resize,m_lfit,w_1224\/format,webp\/quality,80\" class=\"magic-6 img-self show_imgss\" data-src=\"https:\/\/ghgalaxyhome.com\/wp-content\/uploads\/2024\/06\/8fb8aa816e2635249c3d411057cdd8f5.jpg\"><\/div>\n<\/div>\n<\/div>\n<div class=\"J_module\">\n<div class=\"icbu-pc-images magic-7\">\n<div>\n<div class=\"flex-layout-v\">\n<div class=\"flex-layout-h magic-7\">\n<div class=\"magic-8\"><img decoding=\"async\" src=\"https:\/\/ghgalaxyhome.com\/wp-content\/uploads\/2024\/06\/812643060191df6ea0c9f14f0ebcbe18.jpg?x-oss-process=image\/resize,m_lfit,w_1224\/format,webp\/quality,80\" class=\"magic-9 img-self show_imgss\" data-src=\"https:\/\/ghgalaxyhome.com\/wp-content\/uploads\/2024\/06\/812643060191df6ea0c9f14f0ebcbe18.jpg\"><\/div>\n<\/div>\n<\/div>\n<\/div>\n<\/div>\n<\/div>\n<div class=\"J_module\">\n<div data-magic=\"{&quot;mds&quot;:{&quot;assetsVersion&quot;:&quot;0.0.14&quot;,&quot;assetsPackageName&quot;:&quot;icbumod&quot;,&quot;moduleNameAlias&quot;:&quot;icbu-pc-detailSellerRecommend&quot;,&quot;moduleData&quot;:{&quot;config&quot;:{&quot;columnCount&quot;:4,&quot;titleKey&quot;:6,&quot;products&quot;:[1600369066062,1600370553282,1600423331911,1600407686887,1600430357196,1600429912688,1600428042031,1600427659279,1600427211240,1600426850665,1600428045445,1600428598737]}}},&quot;version&quot;:1}\" class=\"icbu-pc-detailSellerRecommend magic-10\"><\/div>\n<\/div>\n<div class=\"J_module\">\n<div class=\"icbu-pc-images magic-7\">\n<div>\n<div class=\"flex-layout-v\">\n<div class=\"flex-layout-h magic-7\">\n<div class=\"magic-11\"><img decoding=\"async\" src=\"https:\/\/ghgalaxyhome.com\/wp-content\/uploads\/2024\/06\/232819ccbb2ef3c7fed622427453aaee.jpg?x-oss-process=image\/resize,m_lfit,w_1224\/format,webp\/quality,80\" class=\"magic-12 img-self show_imgss\" data-src=\"https:\/\/ghgalaxyhome.com\/wp-content\/uploads\/2024\/06\/232819ccbb2ef3c7fed622427453aaee.jpg\"><\/div>\n<\/div>\n<\/div>\n<\/div>\n<\/div>\n<\/div>\n<div class=\"J_module\">\n<div class=\"icbu-pc-images magic-7\">\n<div>\n<div class=\"flex-layout-v\">\n<div class=\"flex-layout-h magic-7\">\n<div class=\"magic-13\"><img decoding=\"async\" src=\"https:\/\/ghgalaxyhome.com\/wp-content\/uploads\/2024\/06\/237afc98df82979a2961dd982b92c604.jpg?x-oss-process=image\/resize,m_lfit,w_1224\/format,webp\/quality,80\" class=\"magic-14 img-self show_imgss\" data-src=\"https:\/\/ghgalaxyhome.com\/wp-content\/uploads\/2024\/06\/237afc98df82979a2961dd982b92c604.jpg\"><\/div>\n<\/div>\n<\/div>\n<\/div>\n<\/div>\n<\/div>\n<div class=\"J_module\">\n<div class=\"icbu-pc-images magic-7\">\n<div>\n<div class=\"flex-layout-v\">\n<div class=\"flex-layout-h magic-7\">\n<div class=\"magic-15\"><img decoding=\"async\" src=\"https:\/\/ghgalaxyhome.com\/wp-content\/uploads\/2024\/06\/fca8d35615d463d4224e55c5c22fe092.jpg?x-oss-process=image\/resize,m_lfit,w_1224\/format,webp\/quality,80\" class=\"magic-16 img-self show_imgss\" data-src=\"https:\/\/ghgalaxyhome.com\/wp-content\/uploads\/2024\/06\/fca8d35615d463d4224e55c5c22fe092.jpg\"><\/div>\n<\/div>\n<\/div>\n<\/div>\n<\/div>\n<\/div>\n<\/div><\/div>","protected":false},"excerpt":{"rendered":"<p>Les talents et la technologie sont des facteurs de soutien indispensables pour que la baignoire de luxe mod\u00e8le BT09931 170 pour adultes, grandes baignoires de salle de bains autoportantes en acrylique, soit largement salu\u00e9e. L&#039;utilisation g\u00e9n\u00e9ralis\u00e9e du produit dans les baignoires et les bains \u00e0 remous lui permet d&#039;attirer beaucoup d&#039;attention sur le march\u00e9.<\/p>","protected":false},"featured_media":28910,"comment_status":"open","ping_status":"closed","template":"","meta":[],"product_brand":[],"product_cat":[20],"product_tag":[],"class_list":{"0":"post-31111","1":"product","2":"type-product","3":"status-publish","4":"has-post-thumbnail","6":"product_cat-products-40768","8":"first","9":"instock","10":"shipping-taxable","11":"product-type-simple"},"_links":{"self":[{"href":"https:\/\/ghgalaxyhome.com\/fr\/wp-json\/wp\/v2\/product\/31111","targetHints":{"allow":["GET"]}}],"collection":[{"href":"https:\/\/ghgalaxyhome.com\/fr\/wp-json\/wp\/v2\/product"}],"about":[{"href":"https:\/\/ghgalaxyhome.com\/fr\/wp-json\/wp\/v2\/types\/product"}],"replies":[{"embeddable":true,"href":"https:\/\/ghgalaxyhome.com\/fr\/wp-json\/wp\/v2\/comments?post=31111"}],"version-history":[{"count":2,"href":"https:\/\/ghgalaxyhome.com\/fr\/wp-json\/wp\/v2\/product\/31111\/revisions"}],"predecessor-version":[{"id":31220,"href":"https:\/\/ghgalaxyhome.com\/fr\/wp-json\/wp\/v2\/product\/31111\/revisions\/31220"}],"wp:featuredmedia":[{"embeddable":true,"href":"https:\/\/ghgalaxyhome.com\/fr\/wp-json\/wp\/v2\/media\/28910"}],"wp:attachment":[{"href":"https:\/\/ghgalaxyhome.com\/fr\/wp-json\/wp\/v2\/media?parent=31111"}],"wp:term":[{"taxonomy":"product_brand","embeddable":true,"href":"https:\/\/ghgalaxyhome.com\/fr\/wp-json\/wp\/v2\/product_brand?post=31111"},{"taxonomy":"product_cat","embeddable":true,"href":"https:\/\/ghgalaxyhome.com\/fr\/wp-json\/wp\/v2\/product_cat?post=31111"},{"taxonomy":"product_tag","embeddable":true,"href":"https:\/\/ghgalaxyhome.com\/fr\/wp-json\/wp\/v2\/product_tag?post=31111"}],"curies":[{"name":"wp","href":"https:\/\/api.w.org\/{rel}","templated":true}]}}