{"id":31078,"date":"2024-06-09T16:53:20","date_gmt":"2024-06-09T16:53:20","guid":{"rendered":"https:\/\/ghgalaxyhome.com\/?post_type=product&#038;p=31078"},"modified":"2024-06-09T17:02:48","modified_gmt":"2024-06-09T17:02:48","slug":"products-detail-3556580","status":"publish","type":"product","link":"https:\/\/ghgalaxyhome.com\/fr\/video\/products-detail-3556580","title":{"rendered":"\u00c9l\u00e9gance moderne\u00a0: d\u00e9couvrez les nouveaux mod\u00e8les de baignoires en r\u00e9sine transparente | Galaxy Home"},"content":{"rendered":"<div class=\"cons_box ls-product\">\n<div class=\"text-center d-tem20-title border-color d-interval\" data-detail=\"wrap\">\n<div class=\"title-header\">\n<div class=\"title font-color\"><span style=\"font-size: 24px\"><strong>\u00c0 propos de ce produit<\/strong><\/span><\/div>\n<div class=\"description\">D\u00e9tails importants<\/div>\n<\/div>\n<\/div>\n<p style=\"text-align: justify;line-height: 1.5em\">La baignoire en r\u00e9sine orange allie style, durabilit\u00e9 et facilit\u00e9 d&#039;entretien, ce qui en fait un excellent choix pour ceux qui recherchent une solution de bain saisissante et durable.<\/p>\n<p style=\"text-align: justify;line-height: 1.5em\"><strong>Couleurs vives: <\/strong>La baignoire en r\u00e9sine orange se distingue par sa teinte vibrante et accrocheuse, ajoutant une touche audacieuse et \u00e9nergique \u00e0 tout design de salle de bain.<\/p>\n<p style=\"text-align: justify;line-height: 1.5em\"><strong>Mat\u00e9riau r\u00e9sistant\u00a0:<\/strong> Fabriqu\u00e9e \u00e0 partir de r\u00e9sine de haute qualit\u00e9, cette baignoire est con\u00e7ue pour durer. Il r\u00e9siste aux fissures, \u00e0 l\u2019\u00e9caillage et \u00e0 la d\u00e9coloration, garantissant ainsi une durabilit\u00e9 et une beaut\u00e9 \u00e0 long terme.<\/p>\n<p style=\"text-align: justify;line-height: 1.5em\"><strong>Entretien facile:<\/strong> La surface non poreuse de la baignoire en r\u00e9sine la rend facile \u00e0 nettoyer et \u00e0 entretenir. Les taches et la d\u00e9coloration peuvent \u00eatre facilement essuy\u00e9es, gardant la baignoire fra\u00eeche et belle.<\/p>\n<p style=\"text-align: justify;line-height: 1.5em\"><strong>Conception autonome\u00a0: <\/strong>Le caract\u00e8re autoportant de la baignoire en r\u00e9sine orange ajoute une touche d&#039;\u00e9l\u00e9gance et de polyvalence \u00e0 votre salle de bain. Il devient une pi\u00e8ce ma\u00eetresse, permettant un placement flexible et cr\u00e9ant un superbe point focal.<\/p>\n<p style=\"text-align: justify;line-height: 1.5em\"><strong>Excellente r\u00e9tention de chaleur\u00a0: <\/strong>Le mat\u00e9riau en r\u00e9sine utilis\u00e9 dans la baignoire assure une excellente r\u00e9tention de la chaleur, vous permettant de profiter d&#039;une exp\u00e9rience de bain plus longue et plus relaxante.<\/p>\n<p style=\"text-align: justify;line-height: 1.5em\"><strong>Options de personnalisation\u00a0:<\/strong> Many resin bathtubs offer customization options, allowing you to choose from different colors,&nbsp; to match your personal style and preferences.<\/p>\n<p style=\"text-align: justify;line-height: 1.5em\"><strong>Hygi\u00e9nique et \u00e9cologique\u00a0:<\/strong> Les baignoires en r\u00e9sine sont connues pour leur nature non poreuse, ce qui emp\u00eache la croissance de bact\u00e9ries et de moisissures. De plus, ils sont souvent fabriqu\u00e9s \u00e0 partir de mat\u00e9riaux respectueux de l\u2019environnement, favorisant ainsi un choix plus durable pour votre salle de bain.<\/p>\n<p style=\"text-align: justify;line-height: 1.5em\">Appel polyvalent : la baignoire en r\u00e9sine orange peut compl\u00e9ter les designs de salle de bain contemporains et traditionnels, ajoutant une touche de chaleur et de dynamisme \u00e0 n&#039;importe quel espace.<\/p>\n<p style=\"text-align: center\"><\/p>\n<p style=\"text-align: center\"><img decoding=\"async\" src=\"https:\/\/ghgalaxyhome.com\/wp-content\/uploads\/2024\/06\/file_01690942367692.jpg?x-oss-process=image\/resize,m_lfit,w_1224\/format,webp\/quality,80\" alt=\"\" data-src=\"https:\/\/ghgalaxyhome.com\/wp-content\/uploads\/2024\/06\/file_01690942367692.jpg\" class=\"img-self show_imgss\"><\/p>\n<table>\n<tbody>\n<tr class=\"ue-table-interlace-color-single firstRow\">\n<td width=\"311\" valign=\"top\">Marque du produit<\/td>\n<td width=\"311\" valign=\"top\">Accueil Galaxie<\/td>\n<td width=\"311\" valign=\"top\">Style de conception<\/td>\n<td width=\"311\" valign=\"top\">Moderne<\/td>\n<\/tr>\n<tr class=\"ue-table-interlace-color-double\">\n<td width=\"311\" valign=\"top\">type de produit<\/td>\n<td width=\"311\" valign=\"top\">Baignoire en r\u00e9sine transparente<\/td>\n<td width=\"311\" valign=\"top\">Type d&#039;installation<\/td>\n<td width=\"311\" valign=\"top\">Sur pied<\/td>\n<\/tr>\n<tr class=\"ue-table-interlace-color-single\">\n<td width=\"311\" valign=\"top\">garantie<\/td>\n<td width=\"311\" valign=\"top\">3 ann\u00e9es<\/td>\n<td width=\"311\" valign=\"top\">Capacit\u00e9 de solution de projet<\/td>\n<td width=\"311\" valign=\"top\">Conception graphique, conception de mod\u00e8les 3D, Consolidation crois\u00e9e<\/td>\n<\/tr>\n<tr class=\"ue-table-interlace-color-double\">\n<td width=\"311\" valign=\"top\">Lieu d&#039;origine<\/td>\n<td width=\"311\" valign=\"top\">Foshan, Chine<\/td>\n<td width=\"311\" valign=\"top\">Service apr\u00e8s-vente<\/td>\n<td width=\"311\" valign=\"top\">Assistance en ligne pour les pi\u00e8ces de rechange techniques et gratuites<\/td>\n<\/tr>\n<tr class=\"ue-table-interlace-color-single\">\n<td width=\"311\" valign=\"top\">Num\u00e9ro de mod\u00e8le<\/td>\n<td width=\"311\" valign=\"top\">BT312004<\/td>\n<td width=\"311\" valign=\"top\">Marque<\/td>\n<td width=\"311\" valign=\"top\">Pierre fa\u00e7onn\u00e9e<\/td>\n<\/tr>\n<tr class=\"ue-table-interlace-color-double\">\n<td valign=\"top\" colspan=\"1\" rowspan=\"1\">Taille<\/td>\n<td valign=\"top\" colspan=\"1\" rowspan=\"1\">1500x700x560mm<\/td>\n<td valign=\"top\" colspan=\"1\" rowspan=\"1\">Application du produit<\/td>\n<td valign=\"top\" colspan=\"1\" rowspan=\"1\">Bathroom of residences, restaurants &#038; hotels<\/td>\n<\/tr>\n<tr class=\"ue-table-interlace-color-single\">\n<td valign=\"top\" colspan=\"1\" rowspan=\"1\">Type d&#039;installation<\/td>\n<td valign=\"top\" colspan=\"1\" rowspan=\"1\">Sur pied<\/td>\n<td valign=\"top\" colspan=\"1\" rowspan=\"1\">Emplacement du drain<\/td>\n<td valign=\"top\" colspan=\"1\" rowspan=\"1\">Centre<\/td>\n<\/tr>\n<tr class=\"ue-table-interlace-color-double\">\n<td valign=\"top\" colspan=\"1\" rowspan=\"1\">Emplacement du drain<\/td>\n<td valign=\"top\" colspan=\"1\" rowspan=\"1\">Centre<\/td>\n<td valign=\"top\" colspan=\"1\" rowspan=\"1\">Couleur<\/td>\n<td valign=\"top\" colspan=\"1\" rowspan=\"1\">Orange<\/td>\n<\/tr>\n<tr class=\"ue-table-interlace-color-single\">\n<td valign=\"top\" colspan=\"1\" rowspan=\"1\">Fonction<\/td>\n<td valign=\"top\" colspan=\"1\" rowspan=\"1\">Poli, aiguis\u00e9 et personnalis\u00e9<\/td>\n<td valign=\"top\" colspan=\"1\" rowspan=\"1\"><\/td>\n<td valign=\"top\" colspan=\"1\" rowspan=\"1\"><\/td>\n<\/tr>\n<\/tbody>\n<\/table>\n<div class=\"d-tem24-graphic mockup\" data-detail=\"wrap\">\n<div class=\"cont-section\">\n<div class=\"image\" style=\"text-align: center\"><a href=\"#\"><img decoding=\"async\" src=\"https:\/\/ghgalaxyhome.com\/wp-content\/uploads\/2024\/06\/file_01686380067162.jpg?x-oss-process=image\/resize,m_lfit,w_1224\/format,webp\/quality,80\" alt=\"\" data-src=\"https:\/\/ghgalaxyhome.com\/wp-content\/uploads\/2024\/06\/file_01686380067162.jpg\" class=\"img-self show_imgss\"><\/a><\/div>\n<div class=\"jumbotron\">\n<div class=\"h3\">Nouvelle baignoire en r\u00e9sine color\u00e9e<\/div>\n<div class=\"description\">\n<p>Il est compos\u00e9 de r\u00e9sine de haute qualit\u00e9&nbsp;<\/p>\n<p>et colorant, avec transparent&nbsp;<\/p>\n<p>et aspect naturel et r\u00e9sistance \u00e0 la corrosion.<\/p>\n<\/div>\n<\/div>\n<\/div>\n<\/div>\n<div class=\"text-center d-tem20-title border-color d-interval\" data-detail=\"wrap\">\n<div class=\"title-header\">\n<div class=\"title font-color\">\n<p class=\"title\" style=\"font-size: 24px\">Pr\u00e9sentation du produit<\/p>\n<\/div>\n<div class=\"description\">D\u00e9tails importants<\/div>\n<\/div>\n<\/div>\n<div class=\"d-tem14-graphic mockup\" data-detail=\"wrap\">\n<div class=\"clearfix d-clearfix\">\n<div class=\"col-md-6 col-sm-6 col-xs-6\">\n<div class=\"thumbnail\"><img decoding=\"async\" src=\"https:\/\/ghgalaxyhome.com\/wp-content\/uploads\/2024\/06\/file_01686380899346.jpg?x-oss-process=image\/resize,m_lfit,w_1224\/format,webp\/quality,80\" alt=\"\" data-src=\"https:\/\/ghgalaxyhome.com\/wp-content\/uploads\/2024\/06\/file_01686380899346.jpg\" class=\"img-self show_imgss\"><\/div>\n<\/div>\n<div class=\"col-md-6 col-sm-6 col-xs-6\">\n<div class=\"thumbnail\"><img decoding=\"async\" src=\"https:\/\/ghgalaxyhome.com\/wp-content\/uploads\/2024\/06\/file_01686380752122.jpg?x-oss-process=image\/resize,m_lfit,w_1224\/format,webp\/quality,80\" alt=\"\" data-src=\"https:\/\/ghgalaxyhome.com\/wp-content\/uploads\/2024\/06\/file_01686380752122.jpg\" class=\"img-self show_imgss\"><\/div>\n<\/div>\n<\/div>\n<\/div>\n<div class=\"d-tem24-graphic mockup\" data-detail=\"wrap\">\n<div class=\"cont-section\">\n<div class=\"image\">\n<p style=\"text-align:center\"><a href=\"#\"><img decoding=\"async\" src=\"https:\/\/ghgalaxyhome.com\/wp-content\/uploads\/2024\/06\/file_01686381248215.jpg?x-oss-process=image\/resize,m_lfit,w_1224\/format,webp\/quality,80\" alt=\"\" data-src=\"https:\/\/ghgalaxyhome.com\/wp-content\/uploads\/2024\/06\/file_01686381248215.jpg\" class=\"img-self show_imgss\"><\/a><\/p>\n<\/div>\n<div class=\"jumbotron\">\n<div class=\"h3\">Moulage int\u00e9gr\u00e9<\/div>\n<div class=\"description\">Surface solide<\/div>\n<\/div>\n<\/div>\n<\/div>\n<div class=\"d-tem24-graphic mockup\" data-detail=\"wrap\">\n<div class=\"cont-section\">\n<div class=\"image\">\n<p style=\"text-align:center\"><a href=\"#\"><img decoding=\"async\" src=\"https:\/\/ghgalaxyhome.com\/wp-content\/uploads\/2024\/06\/file_11686381248215.jpg?x-oss-process=image\/resize,m_lfit,w_1224\/format,webp\/quality,80\" alt=\"\" data-src=\"https:\/\/ghgalaxyhome.com\/wp-content\/uploads\/2024\/06\/file_11686381248215.jpg\" class=\"img-self show_imgss\"><\/a><\/p>\n<\/div>\n<\/div>\n<\/div>\n<div class=\"de_m_graphic_1 cont_section\">\n<div class=\"cont-section\">\n<div class=\"h2 heading\">Plus de couleurs, plus de choix<\/div>\n<div class=\"description\">\n<p>Les couleurs ne sont que des indications, veuillez vous r\u00e9f\u00e9rer aux produits r\u00e9els.<\/p>\n<\/div>\n<\/div>\n<\/div>\n<h2 class=\"title\" style=\"font-size: 24px;text-align: center\"><img decoding=\"async\" src=\"https:\/\/ghgalaxyhome.com\/wp-content\/uploads\/2024\/06\/file_01686384446207.jpg?x-oss-process=image\/resize,m_lfit,w_1224\/format,webp\/quality,80\" alt=\"\" data-src=\"https:\/\/ghgalaxyhome.com\/wp-content\/uploads\/2024\/06\/file_01686384446207.jpg\" class=\"img-self show_imgss\"><\/h2>\n<h2 class=\"title\" style=\"font-size: 24px;text-align: center\"><\/h2>\n<div class=\"de_m_graphic_1 cont_section\">\n<div class=\"cont-section\">\n<div class=\"h2 heading\">Nouvelle r\u00e9sine color\u00e9e<\/div>\n<div class=\"description\">\n<p>Il poss\u00e8de \u00e0 la fois la texture et la perm\u00e9abilit\u00e9 du cristal naturel.<\/p>\n<p>Il est transparent et naturel, avec une texture d\u00e9licate,&nbsp;<\/p>\n<p>toucher chaleureux, r\u00e9sistance color\u00e9e et color\u00e9e.<\/p>\n<\/div>\n<\/div>\n<\/div>\n<h2 class=\"title\" style=\"font-size: 24px;text-align: center\"><img decoding=\"async\" src=\"https:\/\/ghgalaxyhome.com\/wp-content\/uploads\/2024\/06\/file_01686385247373.jpg?x-oss-process=image\/resize,m_lfit,w_1224\/format,webp\/quality,80\" alt=\"\" data-src=\"https:\/\/ghgalaxyhome.com\/wp-content\/uploads\/2024\/06\/file_01686385247373.jpg\" class=\"img-self show_imgss\"><img decoding=\"async\" src=\"https:\/\/ghgalaxyhome.com\/wp-content\/uploads\/2024\/06\/file_01686117830132.jpg?x-oss-process=image\/resize,m_lfit,w_1224\/format,webp\/quality,80\" alt=\"\" data-src=\"https:\/\/ghgalaxyhome.com\/wp-content\/uploads\/2024\/06\/file_01686117830132.jpg\" class=\"img-self show_imgss\"><img decoding=\"async\" src=\"https:\/\/ghgalaxyhome.com\/wp-content\/uploads\/2024\/06\/file_11686117830132.jpg?x-oss-process=image\/resize,m_lfit,w_1224\/format,webp\/quality,80\" alt=\"\" data-src=\"https:\/\/ghgalaxyhome.com\/wp-content\/uploads\/2024\/06\/file_11686117830132.jpg\" class=\"img-self show_imgss\"><\/h2>\n<div class=\"text-center d-tem20-title border-color d-interval\" data-detail=\"wrap\">\n<div class=\"title-header\">\n<div class=\"title font-color\"><span style=\"font-size: 24px\">\u00c0 propos de l&#039;entreprise<\/span><\/div>\n<div class=\"description\">Choses que vous voudrez peut-\u00eatre savoir<\/div>\n<\/div>\n<\/div>\n<h2 class=\"title\" style=\"font-size: 24px;text-align: center\"><img decoding=\"async\" src=\"https:\/\/ghgalaxyhome.com\/wp-content\/uploads\/2024\/06\/file_21686117830132.jpg?x-oss-process=image\/resize,m_lfit,w_1224\/format,webp\/quality,80\" alt=\"\" data-src=\"https:\/\/ghgalaxyhome.com\/wp-content\/uploads\/2024\/06\/file_21686117830132.jpg\" class=\"img-self show_imgss\"><br \/><\/h2>\n<p style=\"text-align: center\"><img decoding=\"async\" src=\"https:\/\/ghgalaxyhome.com\/wp-content\/uploads\/2024\/06\/file_01686042185861.jpg?x-oss-process=image\/resize,m_lfit,w_1224\/format,webp\/quality,80\" alt=\"\" data-src=\"https:\/\/ghgalaxyhome.com\/wp-content\/uploads\/2024\/06\/file_01686042185861.jpg\" class=\"img-self show_imgss\"><\/p>\n<div class=\"text-center d-tem20-title border-color d-interval\" data-detail=\"wrap\">\n<div class=\"title-header\">\n<div class=\"title font-color\">\n<p class=\"recommended-product-heading\" style=\"margin-bottom: 0.3125rem;font-family: var(--skin-header-font),sans-serif;font-weight: 500;line-height: 1.6875rem;font-size: 1.375rem;padding-top: 0.5rem;padding-bottom: 0.5rem\">Vous pourriez aussi aimer\u2026<\/p>\n<\/div><\/div>\n<\/div>\n<div class=\"d-tem10-productdetail mockup text-center\" data-detail=\"wrap\">\n<div class=\"d-clearfix clearfix\">\n<div class=\"wrap row\">\n<div class=\"col-lg-6 col-md-6 col-sm-6 col-xs-12\">\n<div class=\"item\">\n<div class=\"image\"><a href=\"https:\/\/www.ghgalaxyhome.com\/video\/products-detail-3126370\" target=\"_blank\" rel=\"noopener\"><img decoding=\"async\" alt=\"\" src=\"https:\/\/ghgalaxyhome.com\/wp-content\/uploads\/2024\/06\/file_01686043408640.jpg?x-oss-process=image\/resize,m_lfit,w_1224\/format,webp\/quality,80\" class=\"img-self show_imgss\" data-src=\"https:\/\/ghgalaxyhome.com\/wp-content\/uploads\/2024\/06\/file_01686043408640.jpg\"><\/a><\/div>\n<div class=\"text\">\n<div class=\"title\">\n<p style=\"font-size: 32px;font-family: Montserrat-Regular-8, Arial, myanmar_font;overflow: hidden;font-weight: 500;line-height: normal\"><span style=\"font-size: 24px\">Armoires de salle de bains \u00e9l\u00e9gantes et personnalis\u00e9es pour une mise \u00e0 niveau \u00e9poustouflante\u00a0!<\/span><\/p>\n<\/div>\n<\/div>\n<\/div>\n<\/div>\n<div class=\"col-lg-6 col-md-6 col-sm-6 col-xs-12\">\n<div class=\"item\">\n<div class=\"image\"><a href=\"https:\/\/www.ghgalaxyhome.com\/video\/products-detail-1553692\" target=\"_blank\" rel=\"noopener\"><img decoding=\"async\" alt=\"\" src=\"https:\/\/ghgalaxyhome.com\/wp-content\/uploads\/2024\/06\/16729161404457.jpg?x-oss-process=image\/resize,m_lfit,w_1224\/format,webp\/quality,80\" class=\"img-self show_imgss\" data-src=\"https:\/\/ghgalaxyhome.com\/wp-content\/uploads\/2024\/06\/16729161404457.jpg\"><\/a><\/div>\n<div class=\"text\">\n<div class=\"title\">\n<p class=\"top_title\" style=\"line-height: 1.3;font-size: 32px;font-family: Montserrat-Regular-8, Arial, myanmar_font;overflow: hidden;font-weight: 500\"><span style=\"font-size: 24px\">Vanit\u00e9 de salle de bain murale \u00e9l\u00e9gante en or avec miroir et lavabo<\/span><\/p>\n<\/div>\n<\/div>\n<\/div>\n<\/div>\n<\/div>\n<\/div>\n<\/div>\n<div class=\"de_m_contacts_1 de_m_contacts_5 cont_section\">\n<div class=\"flex_row wrap_reverse\">\n<div class=\"flex_l pd_l\">\n<div class=\"text\">\n<div class=\"title_1 font-color\">Contactez-nous<\/div>\n<div class=\"describe_1\">Vous avez des questions et souhaitez nous contacter ?<\/div>\n<div class=\"title_2 font-color\">Appelez-nous ou visitez-nous.<\/div>\n<p>Salle 2623, b\u00e2timent 1, Xinrui Plaza, Lingnan Avenue, Foshan, Guangdong, Chine<\/p>\n<p><\/p>\n<div class=\"d-tem01-button d-interval text-left clearfix\" data-detail=\"wrap\">\n<div class=\"item d-font-size-fix\">\n<div class=\"bg-color-hover\"><a href=\"https:\/\/www.ghgalaxyhome.com\/products-40756\" target=\"_blank\" data-lv=\"0\" rel=\"noopener\">PLUS<\/a><\/div>\n<\/div>\n<\/div>\n<\/div>\n<\/div>\n<div class=\"flex_l\">\n<div class=\"text\">\n<ul class=\"flex_ul\">\n<li class=\"flex_li\">\n<div class=\"li_txt bg-color\">\n<div class=\"img_boxs\"><span class=\"iconfont iconbank\"><\/span><br \/>\n &nbsp; &nbsp; &nbsp; &nbsp; &nbsp; &nbsp; &nbsp; &nbsp; &nbsp; &nbsp; &nbsp; &nbsp; &nbsp; &nbsp;<\/div>\n<div class=\"txt_text\">Foshan Baihuo Home Technology Co., Ltd.<\/div>\n<\/div>\n<\/li>\n<li class=\"flex_li\">\n<div class=\"li_txt bg-color\">\n<div class=\"img_boxs\"><span class=\"iconfont iconmail3\"><\/span><br \/>\n &nbsp; &nbsp; &nbsp; &nbsp; &nbsp; &nbsp; &nbsp; &nbsp; &nbsp; &nbsp; &nbsp; &nbsp; &nbsp; &nbsp;<\/div>\n<div class=\"txt_text\">info@ghgalaxyhome.com<\/div>\n<\/div>\n<\/li>\n<li class=\"flex_li\">\n<div class=\"li_txt bg-color\">\n<div class=\"img_boxs\"><span class=\"iconfont iconshake\"><\/span><br \/>\n &nbsp; &nbsp; &nbsp; &nbsp; &nbsp; &nbsp; &nbsp; &nbsp; &nbsp; &nbsp; &nbsp; &nbsp; &nbsp; &nbsp;<\/div>\n<div class=\"txt_text\">86-17722731431<\/div>\n<\/div>\n<\/li>\n<\/ul>\n<\/div>\n<\/div>\n<\/div>\n<\/div>\n<p><\/p>\n<p><\/p>\n<\/p><\/div>","protected":false},"excerpt":{"rendered":"<p>Experience the epitome of modern luxury with our Transparent Resin Bathtub. Crafted with premium-quality materials, this freestanding bathtub offers a clear acrylic design that exudes elegance and sophistication. Its non-porous surface ensures easy cleaning and maintenance, while the excellent heat retention property guarantees a long-lasting, indulgent bathing experience. Choose from a variety of shapes and sizes to personalize your bathroom and create a captivating focal point. With a spa-like ambiance, our Transparent Resin Bathtub delivers the ultimate relaxation and a sleek, contemporary touch to any bathroom space. Elevate your bathing experience with this eco-friendly, durable, and visually striking masterpiece.<\/p>","protected":false},"featured_media":28792,"comment_status":"open","ping_status":"closed","template":"","meta":[],"product_brand":[],"product_cat":[20],"product_tag":[],"class_list":{"0":"post-31078","1":"product","2":"type-product","3":"status-publish","4":"has-post-thumbnail","6":"product_cat-products-40768","8":"first","9":"instock","10":"shipping-taxable","11":"product-type-simple"},"_links":{"self":[{"href":"https:\/\/ghgalaxyhome.com\/fr\/wp-json\/wp\/v2\/product\/31078","targetHints":{"allow":["GET"]}}],"collection":[{"href":"https:\/\/ghgalaxyhome.com\/fr\/wp-json\/wp\/v2\/product"}],"about":[{"href":"https:\/\/ghgalaxyhome.com\/fr\/wp-json\/wp\/v2\/types\/product"}],"replies":[{"embeddable":true,"href":"https:\/\/ghgalaxyhome.com\/fr\/wp-json\/wp\/v2\/comments?post=31078"}],"version-history":[{"count":2,"href":"https:\/\/ghgalaxyhome.com\/fr\/wp-json\/wp\/v2\/product\/31078\/revisions"}],"predecessor-version":[{"id":31241,"href":"https:\/\/ghgalaxyhome.com\/fr\/wp-json\/wp\/v2\/product\/31078\/revisions\/31241"}],"wp:featuredmedia":[{"embeddable":true,"href":"https:\/\/ghgalaxyhome.com\/fr\/wp-json\/wp\/v2\/media\/28792"}],"wp:attachment":[{"href":"https:\/\/ghgalaxyhome.com\/fr\/wp-json\/wp\/v2\/media?parent=31078"}],"wp:term":[{"taxonomy":"product_brand","embeddable":true,"href":"https:\/\/ghgalaxyhome.com\/fr\/wp-json\/wp\/v2\/product_brand?post=31078"},{"taxonomy":"product_cat","embeddable":true,"href":"https:\/\/ghgalaxyhome.com\/fr\/wp-json\/wp\/v2\/product_cat?post=31078"},{"taxonomy":"product_tag","embeddable":true,"href":"https:\/\/ghgalaxyhome.com\/fr\/wp-json\/wp\/v2\/product_tag?post=31078"}],"curies":[{"name":"wp","href":"https:\/\/api.w.org\/{rel}","templated":true}]}}