{"id":31077,"date":"2024-06-09T16:53:20","date_gmt":"2024-06-09T16:53:20","guid":{"rendered":"https:\/\/ghgalaxyhome.com\/?post_type=product&#038;p=31077"},"modified":"2024-06-09T17:02:49","modified_gmt":"2024-06-09T17:02:49","slug":"products-detail-582401","status":"publish","type":"product","link":"https:\/\/ghgalaxyhome.com\/fr\/video\/products-detail-582401","title":{"rendered":"Baignoires rectangulaires blanches en acrylique pour salle de bains romantique autoportante"},"content":{"rendered":"<div class=\"cons_box ls-product\">\n<p>Always putting an emphasis on the improvement of the research and development, Foshan Baihuo Home Technology Co., Ltd. has finally developed Model BT09916 170 Freestanding Romantic Bathroom Bathtub Bath Tub Acrylic White Rectangle Bathtubs. The product with improved properties and features is expected to lead the trend of the industry. Bathtubs Foshan Baihuo Home Technology Co., Ltd. will strive toward excellence by building our working principles of guaranteeing quality for survival and seeking innovation for development, into everything we deliver. We are confident that we will overcome all the difficulties and obstacles to make a success in the end.<\/p>\n<div class=\"rich-text-table\">\n<table>\n<tbody>\n<tr class=\"firstRow\">\n<td style=\"width:25%;padding:5px 20px;font-size:14px;background:#f8fafc\">Garantie:<\/td>\n<td style=\"width:25%;padding:5px 20px;font-size:14px\">3 ann\u00e9es<\/td>\n<td style=\"width:25%;padding:5px 20px;font-size:14px;background:#f8fafc\">Accessoire de baignoire\u00a0:<\/td>\n<td style=\"width:25%;padding:5px 20px;font-size:14px\">\u00c9gouttoir<\/td>\n<\/tr>\n<tr>\n<td style=\"width:25%;padding:5px 20px;font-size:14px;background:#f8fafc\">Service apr\u00e8s-vente:<\/td>\n<td style=\"width:25%;padding:5px 20px;font-size:14px\">Support technique en ligne, pi\u00e8ces de rechange gratuites<\/td>\n<td style=\"width:25%;padding:5px 20px;font-size:14px;background:#f8fafc\">Style:<\/td>\n<td style=\"width:25%;padding:5px 20px;font-size:14px\">Sur pied<\/td>\n<\/tr>\n<tr>\n<td style=\"width:25%;padding:5px 20px;font-size:14px;background:#f8fafc\">Longueur:<\/td>\n<td style=\"width:25%;padding:5px 20px;font-size:14px\">1,7 m<\/td>\n<td style=\"width:25%;padding:5px 20px;font-size:14px;background:#f8fafc\">Capacit\u00e9 de la solution du projet\u00a0:<\/td>\n<td style=\"width:25%;padding:5px 20px;font-size:14px\">conception graphique, conception de mod\u00e8les 3D, solution totale pour les projets, consolidation multicat\u00e9gories<\/td>\n<\/tr>\n<tr>\n<td style=\"width:25%;padding:5px 20px;font-size:14px;background:#f8fafc\">Application:<\/td>\n<td style=\"width:25%;padding:5px 20px;font-size:14px\">H\u00f4tel Villa Appartement salle de bain<\/td>\n<td style=\"width:25%;padding:5px 20px;font-size:14px;background:#f8fafc\">Style de conception\u00a0:<\/td>\n<td style=\"width:25%;padding:5px 20px;font-size:14px\">Moderne<\/td>\n<\/tr>\n<tr>\n<td style=\"width:25%;padding:5px 20px;font-size:14px;background:#f8fafc\">Lieu d&#039;origine\u00a0:<\/td>\n<td style=\"width:25%;padding:5px 20px;font-size:14px\">Guangdong, Chine<\/td>\n<td style=\"width:25%;padding:5px 20px;font-size:14px;background:#f8fafc\">Marque:<\/td>\n<td style=\"width:25%;padding:5px 20px;font-size:14px\">Accueil Galaxie<\/td>\n<\/tr>\n<tr>\n<td style=\"width:25%;padding:5px 20px;font-size:14px;background:#f8fafc\">Num\u00e9ro de mod\u00e8le:<\/td>\n<td style=\"width:25%;padding:5px 20px;font-size:14px\">BT09916-170<\/td>\n<td style=\"width:25%;padding:5px 20px;font-size:14px;background:#f8fafc\">Mat\u00e9riel:<\/td>\n<td style=\"width:25%;padding:5px 20px;font-size:14px\">Acrylique<\/td>\n<\/tr>\n<tr>\n<td style=\"width:25%;padding:5px 20px;font-size:14px;background:#f8fafc\">Fonction:<\/td>\n<td style=\"width:25%;padding:5px 20px;font-size:14px\">Trempage<\/td>\n<td style=\"width:25%;padding:5px 20px;font-size:14px;background:#f8fafc\">Type d&#039;installation\u00a0:<\/td>\n<td style=\"width:25%;padding:5px 20px;font-size:14px\">Sur pied<\/td>\n<\/tr>\n<tr>\n<td style=\"width:25%;padding:5px 20px;font-size:14px;background:#f8fafc\">Emplacement de vidange\u00a0:<\/td>\n<td style=\"width:25%;padding:5px 20px;font-size:14px\">Droite<\/td>\n<td style=\"width:25%;padding:5px 20px;font-size:14px;background:#f8fafc\">Couleur:<\/td>\n<td style=\"width:25%;padding:5px 20px;font-size:14px\">Blanc<\/td>\n<\/tr>\n<tr>\n<td style=\"width:25%;padding:5px 20px;font-size:14px;background:#f8fafc\">Taille:<\/td>\n<td style=\"width:25%;padding:5px 20px;font-size:14px\">1700*750*570mm<\/td>\n<td style=\"width:25%;padding:5px 20px;font-size:14px\"><\/td>\n<td style=\"width:25%;padding:5px 20px;font-size:14px\"><\/td>\n<\/tr>\n<\/tbody>\n<\/table>\n<\/div>\n<p><\/p>\n<div data-magic-global=\"%7B%22bizId%22%3A2211240675273%2C%22pageId%22%3A21007000503%2C%22siteId%22%3A10002499104%7D\" id=\"detail_decorate_root\">#detail_decorate_root .magic-0{border-bottom-style:solid;border-bottom-color:#53647a;font-family:Roboto;font-size:24px;color:#53647a;font-style:normal;border-bottom-width\u00a0: 2px;padding-top:8px;padding-bottom:4px}#detail_decorate_root .magic-1{width:750px;border-collapse:collapse}#detail_decorate_root .magic-2{min-height:28px;padding:5px 10px;width:241px ;hauteur min:28px;dimensionnement de la bo\u00eete:content-box}#detail_decorate_root .magic-3{hauteur min:28px;padding:5px 10px;largeur:460px;hauteur min:28px;dimensionnement de la bo\u00eete:content-box} #detail_decorate_root .magic-4{margin-bottom:10px;line-height:0}#detail_decorate_root .magic-5{margin-bottom:0}#detail_decorate_root .magic-6{position:relative;width:100%}#detail_decorate_root .magic-7{ width:750px}#detail_decorate_root .magic-8{overflow:hidden;width:750px;height:473px;margin-top:0;margin-bottom:0;margin-left:0;margin-right:0}#detail_decorate_root .magic- 9{margin-top:0;margin-left:0;width:750px;height:473px}#detail_decorate_root .magic-10{margin-bottom:10px;overflow:hidden}#detail_decorate_root .magic-11{overflow:hidden;width\u00a0: 750px;hauteur:1556px;margin-top:0;margin-bottom:0;margin-left:0;margin-right:0}#detail_decorate_root .magic-12{margin-top:0;margin-left:0;largeur\u00a0: 750 px ; magic-14{margin-top:0;margin-left:0;width:750px;height:787px}#detail_decorate_root .magic-15{overflow:hidden;width:750px;height:469px;margin-top:0;margin- bottom:0;margin-left:0;margin-right:0}#detail_decorate_root .magic-16{margin-top:0;margin-left:0;width:750px;height:469px}<\/p>\n<div class=\"J_module\">\n<div id=\"ali-anchor-AliMagic-miw0us\" data-section=\"AliMagic-miw0us\" data-section-title=\"Specification\" class=\"magic-0\">sp\u00e9cification<\/div>\n<\/div>\n<div class=\"J_module\">\n<div class=\"ife-detail-decorate-table\">\n<table class=\"has-title all magic-1\">\n<tbody>\n<tr class=\"firstRow\">\n<td colspan=\"1\" rowspan=\"1\">\n<div class=\"magic-2\">Nom du produit<\/div>\n<\/td>\n<td colspan=\"1\" rowspan=\"1\">\n<div class=\"magic-3\">Model BT09916 170 Freestanding Romantic Bathroom Bathtub Bath Tub Acrylic White Rectangle Bathtubs<\/div>\n<\/td>\n<\/tr>\n<tr>\n<td colspan=\"1\" rowspan=\"1\">\n<div class=\"magic-2\">Marque<\/div>\n<\/td>\n<td colspan=\"1\" rowspan=\"1\">\n<div class=\"magic-3\">Accueil Galaxie<\/div>\n<\/td>\n<\/tr>\n<tr>\n<td colspan=\"1\" rowspan=\"1\">\n<div class=\"magic-2\">Num\u00e9ro de mod\u00e8le<\/div>\n<\/td>\n<td colspan=\"1\" rowspan=\"1\">\n<div class=\"magic-3\">BT09916-170<\/div>\n<\/td>\n<\/tr>\n<tr>\n<td colspan=\"1\" rowspan=\"1\">\n<div class=\"magic-2\">Mat\u00e9riel<\/div>\n<\/td>\n<td colspan=\"1\" rowspan=\"1\">\n<div class=\"magic-3\">Acrylique<\/div>\n<\/td>\n<\/tr>\n<tr>\n<td colspan=\"1\" rowspan=\"1\">\n<div class=\"magic-2\">Taille<\/div>\n<\/td>\n<td colspan=\"1\" rowspan=\"1\">\n<div class=\"magic-3\">1700*750*570mm<\/div>\n<\/td>\n<\/tr>\n<tr>\n<td colspan=\"1\" rowspan=\"1\">\n<div class=\"magic-2\">Options de taille<\/div>\n<\/td>\n<td colspan=\"1\" rowspan=\"1\">\n<div class=\"magic-3\">\n<div data-spm-anchor-id=\"a2700.pc-decorate.0.i11.72e03333p8rAz0\">1500*700*570mm,<\/div>\n<div data-spm-anchor-id=\"a2700.pc-decorate.0.i11.72e03333p8rAz0\">1600*750*570mm,<\/div>\n<div data-spm-anchor-id=\"a2700.pc-decorate.0.i11.72e03333p8rAz0\">1700*750*570mm,<\/div>\n<div data-spm-anchor-id=\"a2700.pc-decorate.0.i11.72e03333p8rAz0\">1800*750*570mm.<\/div>\n<\/div>\n<\/td>\n<\/tr>\n<tr>\n<td colspan=\"1\" rowspan=\"1\">\n<div class=\"magic-2\">\u00c9gouttoir<\/div>\n<\/td>\n<td colspan=\"1\" rowspan=\"1\">\n<div class=\"magic-3\">Avec \u00e9gouttoir, n\u00e9gociable<\/div>\n<\/td>\n<\/tr>\n<tr>\n<td colspan=\"1\" rowspan=\"1\">\n<div class=\"magic-2\">Couleur<\/div>\n<\/td>\n<td colspan=\"1\" rowspan=\"1\">\n<div class=\"magic-3\">Blanc<\/div>\n<\/td>\n<\/tr>\n<tr>\n<td colspan=\"1\" rowspan=\"1\">\n<div class=\"magic-2\">Fonction<\/div>\n<\/td>\n<td colspan=\"1\" rowspan=\"1\">\n<div class=\"magic-3\">Trempage<\/div>\n<\/td>\n<\/tr>\n<tr>\n<td colspan=\"1\" rowspan=\"1\">\n<div class=\"magic-2\">D\u00e9tails de l&#039;&#039; emballage<\/div>\n<\/td>\n<td colspan=\"1\" rowspan=\"1\">\n<div class=\"magic-3\">Sac plastique + mousse + carton, n\u00e9gociable<\/div>\n<\/td>\n<\/tr>\n<\/tbody>\n<\/table>\n<\/div>\n<\/div>\n<div class=\"J_module\">\n<div id=\"ali-anchor-AliMagic-9guux5\" data-section=\"AliMagic-9guux5\" data-section-title=\"Details Images\" class=\"magic-0\">D\u00e9tails Images<\/div>\n<\/div>\n<div class=\"J_module\">\n<div class=\"icbu-pc-detailManyImage magic-4\">\n<div class=\"magic-5\"><img decoding=\"async\" src=\"https:\/\/ghgalaxyhome.com\/wp-content\/uploads\/2024\/06\/62ac3901d50e6db054cfc347e4909bd5.jpg?x-oss-process=image\/resize,m_lfit,w_1224\/format,webp\/quality,80\" class=\"magic-6 img-self show_imgss\" data-src=\"https:\/\/ghgalaxyhome.com\/wp-content\/uploads\/2024\/06\/62ac3901d50e6db054cfc347e4909bd5.jpg\"><\/div>\n<div class=\"magic-5\"><img decoding=\"async\" src=\"https:\/\/ghgalaxyhome.com\/wp-content\/uploads\/2024\/06\/748dd81d197675a92b4d1d1ed2319b08.jpg?x-oss-process=image\/resize,m_lfit,w_1224\/format,webp\/quality,80\" class=\"magic-6 img-self show_imgss\" data-src=\"https:\/\/ghgalaxyhome.com\/wp-content\/uploads\/2024\/06\/748dd81d197675a92b4d1d1ed2319b08.jpg\"><\/div>\n<div class=\"magic-5\"><img decoding=\"async\" src=\"https:\/\/ghgalaxyhome.com\/wp-content\/uploads\/2024\/06\/7198d4120f23722e37673a41dafa42f7.jpg?x-oss-process=image\/resize,m_lfit,w_1224\/format,webp\/quality,80\" class=\"magic-6 img-self show_imgss\" data-src=\"https:\/\/ghgalaxyhome.com\/wp-content\/uploads\/2024\/06\/7198d4120f23722e37673a41dafa42f7.jpg\"><\/div>\n<div class=\"magic-5\"><img decoding=\"async\" src=\"https:\/\/ghgalaxyhome.com\/wp-content\/uploads\/2024\/06\/f8b3f76143fa18e942260cb6f3050b02.jpg?x-oss-process=image\/resize,m_lfit,w_1224\/format,webp\/quality,80\" class=\"magic-6 img-self show_imgss\" data-src=\"https:\/\/ghgalaxyhome.com\/wp-content\/uploads\/2024\/06\/f8b3f76143fa18e942260cb6f3050b02.jpg\"><\/div>\n<div class=\"magic-5\"><img decoding=\"async\" src=\"https:\/\/ghgalaxyhome.com\/wp-content\/uploads\/2024\/06\/2f938e303cfe2d436f7663e92aa03b62.jpg?x-oss-process=image\/resize,m_lfit,w_1224\/format,webp\/quality,80\" class=\"magic-6 img-self show_imgss\" data-src=\"https:\/\/ghgalaxyhome.com\/wp-content\/uploads\/2024\/06\/2f938e303cfe2d436f7663e92aa03b62.jpg\"><\/div>\n<div class=\"magic-5\"><img decoding=\"async\" src=\"https:\/\/ghgalaxyhome.com\/wp-content\/uploads\/2024\/06\/6ebff41c7ea5f4d01cf016f42eccec25.jpg?x-oss-process=image\/resize,m_lfit,w_1224\/format,webp\/quality,80\" class=\"magic-6 img-self show_imgss\" data-src=\"https:\/\/ghgalaxyhome.com\/wp-content\/uploads\/2024\/06\/6ebff41c7ea5f4d01cf016f42eccec25.jpg\"><\/div>\n<div class=\"magic-5\"><img decoding=\"async\" src=\"https:\/\/ghgalaxyhome.com\/wp-content\/uploads\/2024\/06\/9f0921c3191969055911bcdaee7e14c5.jpg?x-oss-process=image\/resize,m_lfit,w_1224\/format,webp\/quality,80\" class=\"magic-6 img-self show_imgss\" data-src=\"https:\/\/ghgalaxyhome.com\/wp-content\/uploads\/2024\/06\/9f0921c3191969055911bcdaee7e14c5.jpg\"><\/div>\n<\/div>\n<\/div>\n<div class=\"J_module\">\n<div class=\"icbu-pc-images magic-7\">\n<div>\n<div class=\"flex-layout-v\">\n<div class=\"flex-layout-h magic-7\">\n<div class=\"magic-8\"><img decoding=\"async\" src=\"https:\/\/ghgalaxyhome.com\/wp-content\/uploads\/2024\/06\/812643060191df6ea0c9f14f0ebcbe18.jpg?x-oss-process=image\/resize,m_lfit,w_1224\/format,webp\/quality,80\" class=\"magic-9 img-self show_imgss\" data-src=\"https:\/\/ghgalaxyhome.com\/wp-content\/uploads\/2024\/06\/812643060191df6ea0c9f14f0ebcbe18.jpg\"><\/div>\n<\/div>\n<\/div>\n<\/div>\n<\/div>\n<\/div>\n<div class=\"J_module\">\n<div data-magic=\"{&quot;mds&quot;:{&quot;assetsVersion&quot;:&quot;0.0.14&quot;,&quot;assetsPackageName&quot;:&quot;icbumod&quot;,&quot;moduleNameAlias&quot;:&quot;icbu-pc-detailSellerRecommend&quot;,&quot;moduleData&quot;:{&quot;config&quot;:{&quot;columnCount&quot;:4,&quot;titleKey&quot;:6,&quot;products&quot;:[1600431076241,1600430363564,1600430990657,1600429912688,1600427211240,1600428045445,1600415507284,1600428598737,1600385790205,1600424531981,1600410879370,1600406137521]}}},&quot;version&quot;:1}\" class=\"icbu-pc-detailSellerRecommend magic-10\"><\/div>\n<\/div>\n<div class=\"J_module\">\n<div class=\"icbu-pc-images magic-7\">\n<div>\n<div class=\"flex-layout-v\">\n<div class=\"flex-layout-h magic-7\">\n<div class=\"magic-11\"><img decoding=\"async\" src=\"https:\/\/ghgalaxyhome.com\/wp-content\/uploads\/2024\/06\/232819ccbb2ef3c7fed622427453aaee.jpg?x-oss-process=image\/resize,m_lfit,w_1224\/format,webp\/quality,80\" class=\"magic-12 img-self show_imgss\" data-src=\"https:\/\/ghgalaxyhome.com\/wp-content\/uploads\/2024\/06\/232819ccbb2ef3c7fed622427453aaee.jpg\"><\/div>\n<\/div>\n<\/div>\n<\/div>\n<\/div>\n<\/div>\n<div class=\"J_module\">\n<div class=\"icbu-pc-images magic-7\">\n<div>\n<div class=\"flex-layout-v\">\n<div class=\"flex-layout-h magic-7\">\n<div class=\"magic-13\"><img decoding=\"async\" src=\"https:\/\/ghgalaxyhome.com\/wp-content\/uploads\/2024\/06\/237afc98df82979a2961dd982b92c604.jpg?x-oss-process=image\/resize,m_lfit,w_1224\/format,webp\/quality,80\" class=\"magic-14 img-self show_imgss\" data-src=\"https:\/\/ghgalaxyhome.com\/wp-content\/uploads\/2024\/06\/237afc98df82979a2961dd982b92c604.jpg\"><\/div>\n<\/div>\n<\/div>\n<\/div>\n<\/div>\n<\/div>\n<div class=\"J_module\">\n<div class=\"icbu-pc-images magic-7\">\n<div>\n<div class=\"flex-layout-v\">\n<div class=\"flex-layout-h magic-7\">\n<div class=\"magic-15\"><img decoding=\"async\" src=\"https:\/\/ghgalaxyhome.com\/wp-content\/uploads\/2024\/06\/fca8d35615d463d4224e55c5c22fe092.jpg?x-oss-process=image\/resize,m_lfit,w_1224\/format,webp\/quality,80\" class=\"magic-16 img-self show_imgss\" data-src=\"https:\/\/ghgalaxyhome.com\/wp-content\/uploads\/2024\/06\/fca8d35615d463d4224e55c5c22fe092.jpg\"><\/div>\n<\/div>\n<\/div>\n<\/div>\n<\/div>\n<\/div>\n<\/div><\/div>","protected":false},"excerpt":{"rendered":"<p>Mod\u00e8le BT09916 170 Baignoire de salle de bain romantique autoportante La baignoire rectangulaire blanche en acrylique est compos\u00e9e de mati\u00e8res premi\u00e8res qualifi\u00e9es et faciles \u00e0 traiter. Combinant toutes les excellentes performances de ces mat\u00e9riaux, Galaxy Home est stable et durable. C&#039;est une combinaison parfaite de toute la perfection et ne manquera pas de cr\u00e9er des avantages pour les clients.<\/p>","protected":false},"featured_media":28785,"comment_status":"open","ping_status":"closed","template":"","meta":[],"product_brand":[],"product_cat":[20],"product_tag":[],"class_list":{"0":"post-31077","1":"product","2":"type-product","3":"status-publish","4":"has-post-thumbnail","6":"product_cat-products-40768","8":"first","9":"instock","10":"shipping-taxable","11":"product-type-simple"},"_links":{"self":[{"href":"https:\/\/ghgalaxyhome.com\/fr\/wp-json\/wp\/v2\/product\/31077","targetHints":{"allow":["GET"]}}],"collection":[{"href":"https:\/\/ghgalaxyhome.com\/fr\/wp-json\/wp\/v2\/product"}],"about":[{"href":"https:\/\/ghgalaxyhome.com\/fr\/wp-json\/wp\/v2\/types\/product"}],"replies":[{"embeddable":true,"href":"https:\/\/ghgalaxyhome.com\/fr\/wp-json\/wp\/v2\/comments?post=31077"}],"version-history":[{"count":2,"href":"https:\/\/ghgalaxyhome.com\/fr\/wp-json\/wp\/v2\/product\/31077\/revisions"}],"predecessor-version":[{"id":31242,"href":"https:\/\/ghgalaxyhome.com\/fr\/wp-json\/wp\/v2\/product\/31077\/revisions\/31242"}],"wp:featuredmedia":[{"embeddable":true,"href":"https:\/\/ghgalaxyhome.com\/fr\/wp-json\/wp\/v2\/media\/28785"}],"wp:attachment":[{"href":"https:\/\/ghgalaxyhome.com\/fr\/wp-json\/wp\/v2\/media?parent=31077"}],"wp:term":[{"taxonomy":"product_brand","embeddable":true,"href":"https:\/\/ghgalaxyhome.com\/fr\/wp-json\/wp\/v2\/product_brand?post=31077"},{"taxonomy":"product_cat","embeddable":true,"href":"https:\/\/ghgalaxyhome.com\/fr\/wp-json\/wp\/v2\/product_cat?post=31077"},{"taxonomy":"product_tag","embeddable":true,"href":"https:\/\/ghgalaxyhome.com\/fr\/wp-json\/wp\/v2\/product_tag?post=31077"}],"curies":[{"name":"wp","href":"https:\/\/api.w.org\/{rel}","templated":true}]}}