{"id":31065,"date":"2024-06-09T16:53:11","date_gmt":"2024-06-09T16:53:11","guid":{"rendered":"https:\/\/ghgalaxyhome.com\/?post_type=product&#038;p=31065"},"modified":"2024-06-09T17:03:04","modified_gmt":"2024-06-09T17:03:04","slug":"products-detail-4347686","status":"publish","type":"product","link":"https:\/\/ghgalaxyhome.com\/fr\/video\/products-detail-4347686","title":{"rendered":"Personnalisez votre exp\u00e9rience en plein air avec nos spas et fournitures de bain haut de gamme | GalaxyAccueil"},"content":{"rendered":"<div class=\"cons_box ls-product\">\n<div class=\"text-center d-tem20-title border-color d-interval\" data-detail=\"wrap\">\n<div class=\"title-header\">\n<div class=\"title font-color\"><span style=\"font-size: 24px\"><strong>\u00c0 propos de ce produit<\/strong><\/span><\/div>\n<div class=\"description\">D\u00e9tails importants<\/div>\n<\/div>\n<\/div>\n<p><em><strong>Jets d&#039;hydroth\u00e9rapie\u00a0: <\/strong><\/em>Recherchez des spas dot\u00e9s de jets d&#039;hydroth\u00e9rapie strat\u00e9giquement plac\u00e9s pour cibler des groupes musculaires sp\u00e9cifiques, offrant ainsi une exp\u00e9rience de massage apaisante.<\/p>\n<p><em><strong>\u00c9clairage personnalisable\u00a0:<\/strong><\/em> Cr\u00e9ez l\u2019ambiance parfaite avec des fonctionnalit\u00e9s d\u2019\u00e9clairage personnalisables. Les lumi\u00e8res LED peuvent am\u00e9liorer votre exp\u00e9rience de spa, que vous pr\u00e9f\u00e9riez une lueur apaisante ou des couleurs vives.<\/p>\n<p><em><strong>Efficacit\u00e9 \u00e9nerg\u00e9tique\u00a0: <\/strong><\/em>Optez pour des conceptions \u00e9conomes en \u00e9nergie avec une isolation avanc\u00e9e et des syst\u00e8mes de chauffage efficaces pour minimiser les co\u00fbts d\u2019exploitation.<\/p>\n<p style=\"text-align: center\"><\/p>\n<p style=\"text-align: center\"><\/p>\n<table>\n<tbody>\n<tr class=\"ue-table-interlace-color-single firstRow\">\n<td width=\"311\" valign=\"top\">Marque du produit<\/td>\n<td width=\"311\" valign=\"top\">Accueil Galaxie<\/td>\n<td width=\"311\" valign=\"top\">Style de conception<\/td>\n<td width=\"311\" valign=\"top\">Moderne<\/td>\n<\/tr>\n<tr class=\"ue-table-interlace-color-double\">\n<td width=\"311\" valign=\"top\">type de produit<\/td>\n<td width=\"311\" valign=\"top\">jacuzzi<\/td>\n<td width=\"311\" valign=\"top\">\n<p>Place inclinable\/assise<\/p>\n<\/td>\n<td width=\"311\" valign=\"top\">\n<p>2 personnes \/ 1 personne<\/p>\n<\/td>\n<\/tr>\n<tr class=\"ue-table-interlace-color-single\">\n<td width=\"311\" valign=\"top\">\n<p>Poids net\/volume d&#039;eau<\/p>\n<\/td>\n<td width=\"311\" valign=\"top\">\n<p>308Kgs \/ 998L<\/p>\n<\/td>\n<td width=\"311\" valign=\"top\">\n<p>Isolation<\/p>\n<\/td>\n<td width=\"311\" valign=\"top\">\n<p>25mm<\/p>\n<\/td>\n<\/tr>\n<tr class=\"ue-table-interlace-color-double\">\n<td width=\"311\" valign=\"top\">Lieu d&#039;origine<\/td>\n<td width=\"311\" valign=\"top\">Foshan, Chine<\/td>\n<td width=\"311\" valign=\"top\">\n<p>Bo\u00eetier de commande<\/p>\n<\/td>\n<td width=\"311\" valign=\"top\">\n<p>Balboa<\/p>\n<\/td>\n<\/tr>\n<tr class=\"ue-table-interlace-color-single\">\n<td width=\"311\" valign=\"top\">Num\u00e9ro de mod\u00e8le<\/td>\n<td width=\"311\" valign=\"top\">\n<p>MBT44964<\/p>\n<\/td>\n<td width=\"311\" valign=\"top\">\n<p>Chauffage<\/p>\n<\/td>\n<td width=\"311\" valign=\"top\">\n<p>3KW<\/p>\n<\/td>\n<\/tr>\n<tr class=\"ue-table-interlace-color-double\">\n<td valign=\"top\" colspan=\"1\" rowspan=\"1\">Taille<\/td>\n<td valign=\"top\" colspan=\"1\" rowspan=\"1\">\n<p>2100X1600X900mm<\/p>\n<\/td>\n<td valign=\"top\" colspan=\"1\" rowspan=\"1\">\n<p>Nombre total de jets<\/p>\n<\/td>\n<td valign=\"top\" colspan=\"1\" rowspan=\"1\">\n<p>79 pi\u00e8ces (jets d&#039;eau\u00a0: 69 pi\u00e8ces et<\/p>\n<p>Buses d&#039;air\u00a0: 10\u00a0pi\u00e8ces)<\/p>\n<\/td>\n<\/tr>\n<tr class=\"ue-table-interlace-color-single\">\n<td valign=\"top\" colspan=\"1\" rowspan=\"1\">\n<p>Pompes<\/p>\n<\/td>\n<td valign=\"top\" colspan=\"1\" rowspan=\"1\">\n<p>4 pi\u00e8ces<\/p>\n<\/td>\n<td valign=\"top\" colspan=\"1\" rowspan=\"1\">Lumi\u00e8res LED<\/td>\n<td valign=\"top\" colspan=\"1\" rowspan=\"1\">\n<p>15 pi\u00e8ces<\/p>\n<\/td>\n<\/tr>\n<tr class=\"ue-table-interlace-color-double\">\n<td valign=\"top\" colspan=\"1\" rowspan=\"1\">\n<p>Assainissement de l&#039;eau<\/p>\n<\/td>\n<td valign=\"top\" colspan=\"1\" rowspan=\"1\">\n<p>Ozonateur<\/p>\n<\/td>\n<td valign=\"top\" colspan=\"1\" rowspan=\"1\">\n<p>Appuie-t\u00eate<\/p>\n<\/td>\n<td valign=\"top\" colspan=\"1\" rowspan=\"1\">\n<p>2 pi\u00e8ces<\/p>\n<\/td>\n<\/tr>\n<\/tbody>\n<\/table>\n<div class=\"d-tem24-graphic mockup\" data-detail=\"wrap\">\n<div class=\"cont-section\">\n<div class=\"image\" style=\"text-align: center\"><\/div>\n<div class=\"jumbotron\">\n<div class=\"h3\">Nouvelle baignoire en r\u00e9sine color\u00e9e<span style=\"font-size: 18px;font-family: sans-serif\">Il est compos\u00e9 de r\u00e9sine de haute qualit\u00e9&nbsp;<\/span><\/div>\n<div class=\"description\">\n<p>et colorant, avec transparent&nbsp;<\/p>\n<p>et aspect naturel et r\u00e9sistance \u00e0 la corrosion.<\/p>\n<\/div>\n<\/div>\n<\/div>\n<\/div>\n<div class=\"text-center d-tem20-title border-color d-interval\" data-detail=\"wrap\">\n<div class=\"title-header\">\n<div class=\"title font-color\">\n<p class=\"title\" style=\"font-size: 24px\">Pr\u00e9sentation du produit<\/p>\n<\/div>\n<div class=\"description\">D\u00e9tails importants<\/div>\n<\/div>\n<\/div>\n<div class=\"d-tem14-graphic mockup\" data-detail=\"wrap\">\n<div class=\"clearfix d-clearfix\">\n<\/div>\n<\/div>\n<div class=\"de_m_graphic_1 cont_section\">\n<div class=\"cont-section\">\n<div class=\"h2 heading\"><img decoding=\"async\" src=\"https:\/\/ghgalaxyhome.com\/wp-content\/uploads\/2024\/06\/file_11701834029418.jpg?x-oss-process=image\/resize,m_lfit,w_1224\/format,webp\/quality,80\" alt=\"\" data-src=\"https:\/\/ghgalaxyhome.com\/wp-content\/uploads\/2024\/06\/file_11701834029418.jpg\" class=\"img-self show_imgss\"><\/div>\n<\/div>\n<\/div>\n<div class=\"text-center d-tem20-title border-color d-interval\" data-detail=\"wrap\">\n<div class=\"title-header\">\n<div class=\"title font-color\"><span style=\"font-size: 24px\">\u00c0 propos de l&#039;entreprise<\/span><\/div>\n<div class=\"description\">Choses que vous voudrez peut-\u00eatre savoir<\/div>\n<\/div>\n<\/div>\n<h2 class=\"title\" style=\"font-size: 24px;text-align: center\"><img decoding=\"async\" src=\"https:\/\/ghgalaxyhome.com\/wp-content\/uploads\/2024\/06\/file_21686117830132.jpg?x-oss-process=image\/resize,m_lfit,w_1224\/format,webp\/quality,80\" alt=\"\" data-src=\"https:\/\/ghgalaxyhome.com\/wp-content\/uploads\/2024\/06\/file_21686117830132.jpg\" class=\"img-self show_imgss\"><br \/><\/h2>\n<p style=\"text-align: center\"><img decoding=\"async\" src=\"https:\/\/ghgalaxyhome.com\/wp-content\/uploads\/2024\/06\/file_01686042185861.jpg?x-oss-process=image\/resize,m_lfit,w_1224\/format,webp\/quality,80\" alt=\"\" data-src=\"https:\/\/ghgalaxyhome.com\/wp-content\/uploads\/2024\/06\/file_01686042185861.jpg\" class=\"img-self show_imgss\"><\/p>\n<div class=\"text-center d-tem20-title border-color d-interval\" data-detail=\"wrap\">\n<div class=\"title-header\">\n<div class=\"title font-color\">\n<p class=\"recommended-product-heading\" style=\"margin-bottom: 0.3125rem;font-family: var(--skin-header-font),sans-serif;font-weight: 500;line-height: 1.6875rem;font-size: 1.375rem;padding-top: 0.5rem;padding-bottom: 0.5rem\">Vous pourriez aussi aimer\u2026<\/p>\n<\/div>\n<\/div>\n<\/div>\n<div class=\"d-tem10-productdetail mockup text-center\" data-detail=\"wrap\">\n<div class=\"d-clearfix clearfix\">\n<div class=\"wrap row\">\n<div class=\"col-lg-6 col-md-6 col-sm-6 col-xs-12\">\n<div class=\"item\">\n<div class=\"image\"><a href=\"https:\/\/www.ghgalaxyhome.com\/video\/products-detail-3126370\" target=\"_blank\" rel=\"noopener\"><img decoding=\"async\" alt=\"\" src=\"https:\/\/ghgalaxyhome.com\/wp-content\/uploads\/2024\/06\/file_01686043408640.jpg?x-oss-process=image\/resize,m_lfit,w_1224\/format,webp\/quality,80\" class=\"img-self show_imgss\" data-src=\"https:\/\/ghgalaxyhome.com\/wp-content\/uploads\/2024\/06\/file_01686043408640.jpg\"><\/a><\/div>\n<div class=\"text\">\n<div class=\"title\">\n<p style=\"font-size: 32px;font-family: Montserrat-Regular-8, Arial, myanmar_font;overflow: hidden;font-weight: 500;line-height: normal\"><span style=\"font-size: 24px\">Armoires de salle de bains \u00e9l\u00e9gantes et personnalis\u00e9es pour une mise \u00e0 niveau \u00e9poustouflante\u00a0!<\/span><\/p>\n<\/div>\n<\/div>\n<\/div>\n<\/div>\n<div class=\"col-lg-6 col-md-6 col-sm-6 col-xs-12\">\n<div class=\"item\">\n<div class=\"image\"><a href=\"https:\/\/www.ghgalaxyhome.com\/video\/products-detail-1553692\" target=\"_blank\" rel=\"noopener\"><img decoding=\"async\" alt=\"\" src=\"https:\/\/ghgalaxyhome.com\/wp-content\/uploads\/2024\/06\/16729161404457.jpg?x-oss-process=image\/resize,m_lfit,w_1224\/format,webp\/quality,80\" class=\"img-self show_imgss\" data-src=\"https:\/\/ghgalaxyhome.com\/wp-content\/uploads\/2024\/06\/16729161404457.jpg\"><\/a><\/div>\n<div class=\"text\">\n<div class=\"title\">\n<p class=\"top_title\" style=\"line-height: 1.3;font-size: 32px;font-family: Montserrat-Regular-8, Arial, myanmar_font;overflow: hidden;font-weight: 500\"><span style=\"font-size: 24px\">Vanit\u00e9 de salle de bain murale \u00e9l\u00e9gante en or avec miroir et lavabo<\/span><\/p>\n<\/div>\n<\/div>\n<\/div>\n<\/div>\n<\/div>\n<\/div>\n<\/div>\n<div class=\"de_m_contacts_1 de_m_contacts_5 cont_section\">\n<div class=\"flex_row wrap_reverse\">\n<div class=\"flex_l pd_l\">\n<div class=\"text\">\n<div class=\"title_1 font-color\">Contactez-nous<\/div>\n<div class=\"describe_1\">Vous avez des questions et souhaitez nous contacter ?<\/div>\n<div class=\"title_2 font-color\">Appelez-nous ou visitez-nous.<\/div>\n<p>Salle 2623, b\u00e2timent 1, Xinrui Plaza, Lingnan Avenue, Foshan, Guangdong, Chine<\/p>\n<p><\/p>\n<div class=\"d-tem01-button d-interval text-left clearfix\" data-detail=\"wrap\">\n<div class=\"item d-font-size-fix\">\n<div class=\"bg-color-hover\"><a href=\"https:\/\/www.ghgalaxyhome.com\/products-40756\" target=\"_blank\" data-lv=\"0\" rel=\"noopener\">PLUS<\/a><\/div>\n<\/div>\n<\/div>\n<\/div>\n<\/div>\n<div class=\"flex_l\">\n<div class=\"text\">\n<ul class=\"flex_ul\">\n<li class=\"flex_li\">\n<div class=\"li_txt bg-color\"><span class=\"iconfont iconbank\"><\/span><br \/>\n &nbsp; &nbsp; &nbsp; &nbsp; &nbsp; &nbsp; &nbsp; &nbsp; &nbsp; &nbsp; &nbsp; &nbsp; &nbsp; &nbsp;<\/p>\n<div class=\"txt_text\">Foshan Baihuo Home Technology Co., Ltd.<\/div>\n<\/div>\n<\/li>\n<li class=\"flex_li\">\n<div class=\"li_txt bg-color\"><span class=\"iconfont iconmail3\"><\/span><br \/>\n &nbsp; &nbsp; &nbsp; &nbsp; &nbsp; &nbsp; &nbsp; &nbsp; &nbsp; &nbsp; &nbsp; &nbsp; &nbsp; &nbsp;<\/p>\n<div class=\"txt_text\">info@ghgalaxyhome.com<\/div>\n<\/div>\n<\/li>\n<li class=\"flex_li\">\n<div class=\"li_txt bg-color\"><span class=\"iconfont iconshake\"><\/span><br \/>\n &nbsp; &nbsp; &nbsp; &nbsp; &nbsp; &nbsp; &nbsp; &nbsp; &nbsp; &nbsp; &nbsp; &nbsp; &nbsp; &nbsp;<\/p>\n<div class=\"txt_text\">86-17722731431<\/div>\n<\/div>\n<\/li>\n<\/ul>\n<\/div>\n<\/div>\n<\/div>\n<\/div>\n<p><\/p>\n<p><\/p>\n<\/p><\/div>","protected":false},"excerpt":{"rendered":"<p>D\u00e9couvrez les caract\u00e9ristiques uniques qui distinguent nos spas ext\u00e9rieurs. Des jets d&#039;hydroth\u00e9rapie puissants \u00e0 l&#039;\u00e9clairage LED personnalisable en passant par des conceptions \u00e9conomes en \u00e9nergie, nos baignoires sont \u00e9quip\u00e9es pour am\u00e9liorer votre bien-\u00eatre. D\u00e9couvrez les syst\u00e8mes de contr\u00f4le intuitifs, les mat\u00e9riaux haut de gamme et la technologie de filtration de pointe qui font de nos spas une classe \u00e0 part.<\/p>","protected":false},"featured_media":28762,"comment_status":"open","ping_status":"closed","template":"","meta":[],"product_brand":[],"product_cat":[20],"product_tag":[],"class_list":{"0":"post-31065","1":"product","2":"type-product","3":"status-publish","4":"has-post-thumbnail","6":"product_cat-products-40768","8":"first","9":"instock","10":"shipping-taxable","11":"product-type-simple"},"_links":{"self":[{"href":"https:\/\/ghgalaxyhome.com\/fr\/wp-json\/wp\/v2\/product\/31065","targetHints":{"allow":["GET"]}}],"collection":[{"href":"https:\/\/ghgalaxyhome.com\/fr\/wp-json\/wp\/v2\/product"}],"about":[{"href":"https:\/\/ghgalaxyhome.com\/fr\/wp-json\/wp\/v2\/types\/product"}],"replies":[{"embeddable":true,"href":"https:\/\/ghgalaxyhome.com\/fr\/wp-json\/wp\/v2\/comments?post=31065"}],"version-history":[{"count":2,"href":"https:\/\/ghgalaxyhome.com\/fr\/wp-json\/wp\/v2\/product\/31065\/revisions"}],"predecessor-version":[{"id":31246,"href":"https:\/\/ghgalaxyhome.com\/fr\/wp-json\/wp\/v2\/product\/31065\/revisions\/31246"}],"wp:featuredmedia":[{"embeddable":true,"href":"https:\/\/ghgalaxyhome.com\/fr\/wp-json\/wp\/v2\/media\/28762"}],"wp:attachment":[{"href":"https:\/\/ghgalaxyhome.com\/fr\/wp-json\/wp\/v2\/media?parent=31065"}],"wp:term":[{"taxonomy":"product_brand","embeddable":true,"href":"https:\/\/ghgalaxyhome.com\/fr\/wp-json\/wp\/v2\/product_brand?post=31065"},{"taxonomy":"product_cat","embeddable":true,"href":"https:\/\/ghgalaxyhome.com\/fr\/wp-json\/wp\/v2\/product_cat?post=31065"},{"taxonomy":"product_tag","embeddable":true,"href":"https:\/\/ghgalaxyhome.com\/fr\/wp-json\/wp\/v2\/product_tag?post=31065"}],"curies":[{"name":"wp","href":"https:\/\/api.w.org\/{rel}","templated":true}]}}