{"id":31061,"date":"2024-06-09T16:53:11","date_gmt":"2024-06-09T16:53:11","guid":{"rendered":"https:\/\/ghgalaxyhome.com\/?post_type=product&#038;p=31061"},"modified":"2024-06-10T06:56:17","modified_gmt":"2024-06-10T06:56:17","slug":"products-detail-4340470","status":"publish","type":"product","link":"https:\/\/ghgalaxyhome.com\/fr\/video\/products-detail-4340470","title":{"rendered":"D\u00e9couvrez le summum de la d\u00e9tente avec notre collection de spas ext\u00e9rieurs | GalaxyAccueil"},"content":{"rendered":"<div class=\"cons_box ls-product\">\n<div class=\"text-center d-tem20-title border-color d-interval\" data-detail=\"wrap\">\n<div class=\"title-header\">\n<div class=\"title font-color\"><span style=\"font-size: 24px;\"><strong>\u00c0 propos de ce produit<\/strong><\/span><\/div>\n<div class=\"description\">D\u00e9tails importants<\/div>\n<\/div>\n<\/div>\n<p style=\"text-align: justify; line-height: 1.5em;\">D\u00e9couvrez les caract\u00e9ristiques uniques qui distinguent nos spas ext\u00e9rieurs. Des jets d&#039;hydroth\u00e9rapie puissants \u00e0 l&#039;\u00e9clairage LED personnalisable en passant par des conceptions \u00e9conomes en \u00e9nergie, nos baignoires sont \u00e9quip\u00e9es pour am\u00e9liorer votre bien-\u00eatre. D\u00e9couvrez les syst\u00e8mes de contr\u00f4le intuitifs, les mat\u00e9riaux haut de gamme et la technologie de filtration de pointe qui font de nos spas une classe \u00e0 part.<\/p>\n<p style=\"text-align: justify; line-height: 1.5em;\">Embark on a virtual tour of our outdoor hot tubs through immersive videos and 360-degree views. Get up close and personal with each model, exploring details like seating configurations, size options, and design aesthetics. Our virtual tour ensures that you can experience the luxury of our hot tubs from the comfort of your home before making a selection.<\/p>\n<p style=\"text-align: justify; line-height: 1.5em;\">Transform your outdoor space into a haven of relaxation with our Outdoor Hot Tub Collection. Explore the features, watch immersive videos, and gain insights into the technology that makes our hot tubs extraordinary. Your journey to elevated outdoor living begins here??visit our product website and discover the epitome of luxury in every bubble and jet.<\/p>\n<p style=\"text-align: center;\">\n<p style=\"text-align: center;\">\n<table>\n<tbody>\n<tr class=\"ue-table-interlace-color-single firstRow\">\n<td valign=\"top\" width=\"311\">Marque du produit<\/td>\n<td valign=\"top\" width=\"311\">Accueil Galaxie<\/td>\n<td valign=\"top\" width=\"311\">Style de conception<\/td>\n<td valign=\"top\" width=\"311\">Moderne<\/td>\n<\/tr>\n<tr class=\"ue-table-interlace-color-double\">\n<td valign=\"top\" width=\"311\">type de produit<\/td>\n<td valign=\"top\" width=\"311\">jacuzzi<\/td>\n<td valign=\"top\" width=\"311\">Heate<\/td>\n<td valign=\"top\" width=\"311\">3KW<\/td>\n<\/tr>\n<tr class=\"ue-table-interlace-color-single\">\n<td valign=\"top\" width=\"311\">garantie<\/td>\n<td valign=\"top\" width=\"311\">3 ann\u00e9es<\/td>\n<td valign=\"top\" width=\"311\">Capacit\u00e9 de solution de projet<\/td>\n<td valign=\"top\" width=\"311\">Conception graphique, conception de mod\u00e8les 3D, Consolidation crois\u00e9e<\/td>\n<\/tr>\n<tr class=\"ue-table-interlace-color-double\">\n<td valign=\"top\" width=\"311\">Lieu d&#039;origine<\/td>\n<td valign=\"top\" width=\"311\">Foshan, Chine<\/td>\n<td valign=\"top\" width=\"311\">Nombre total de jets<\/td>\n<td valign=\"top\" width=\"311\">68pcs (Water jets: 52pcs &amp;<\/p>\n<p>Air Nozzles: 16pcs)<\/td>\n<\/tr>\n<tr class=\"ue-table-interlace-color-single\">\n<td valign=\"top\" width=\"311\">Num\u00e9ro de mod\u00e8le<\/td>\n<td valign=\"top\" width=\"311\">MBT44902<\/td>\n<td valign=\"top\" width=\"311\">Pump<\/td>\n<td valign=\"top\" width=\"311\">4 pi\u00e8ces<\/td>\n<\/tr>\n<tr class=\"ue-table-interlace-color-double\">\n<td colspan=\"1\" rowspan=\"1\" valign=\"top\">Taille<\/td>\n<td colspan=\"1\" rowspan=\"1\" valign=\"top\">2100 X 2100X 960mm<\/td>\n<td colspan=\"1\" rowspan=\"1\" valign=\"top\">Cartridge filte<\/td>\n<td colspan=\"1\" rowspan=\"1\" valign=\"top\">1pc<\/td>\n<\/tr>\n<tr class=\"ue-table-interlace-color-single\">\n<td colspan=\"1\" rowspan=\"1\" valign=\"top\">Place inclinable\/assise<\/td>\n<td colspan=\"1\" rowspan=\"1\" valign=\"top\">1 person \/ 5 persons<\/td>\n<td colspan=\"1\" rowspan=\"1\" valign=\"top\">Water Sanitizatio<\/td>\n<td colspan=\"1\" rowspan=\"1\" valign=\"top\">Ozonateur<\/td>\n<\/tr>\n<tr class=\"ue-table-interlace-color-double\">\n<td colspan=\"1\" rowspan=\"1\" valign=\"top\">Poids net\/volume d&#039;eau<\/td>\n<td colspan=\"1\" rowspan=\"1\" valign=\"top\">380Kgs \/ 1430L<\/td>\n<td colspan=\"1\" rowspan=\"1\" valign=\"top\">LED light<\/td>\n<td colspan=\"1\" rowspan=\"1\" valign=\"top\">18pcs<\/td>\n<\/tr>\n<tr class=\"ue-table-interlace-color-single\">\n<td colspan=\"1\" rowspan=\"1\" valign=\"top\">Isolation<\/td>\n<td colspan=\"1\" rowspan=\"1\" valign=\"top\">25mm<\/td>\n<td colspan=\"1\" rowspan=\"1\" valign=\"top\">Headrest<\/td>\n<td colspan=\"1\" rowspan=\"1\" valign=\"top\">3pcs<\/td>\n<\/tr>\n<\/tbody>\n<\/table>\n<div class=\"d-tem24-graphic mockup\" data-detail=\"wrap\">\n<div class=\"cont-section\">\n<div class=\"image\" style=\"text-align: center;\"><\/div>\n<div class=\"jumbotron\">\n<div class=\"h3\">Nouvelle baignoire en r\u00e9sine color\u00e9e<\/div>\n<div class=\"description\">\n<p>Il est compos\u00e9 de r\u00e9sine de haute qualit\u00e9<\/p>\n<p>et colorant, avec transparent<\/p>\n<p>et aspect naturel et r\u00e9sistance \u00e0 la corrosion.<\/p>\n<\/div>\n<\/div>\n<\/div>\n<\/div>\n<div class=\"text-center d-tem20-title border-color d-interval\" data-detail=\"wrap\">\n<div class=\"title-header\">\n<div class=\"title font-color\">\n<p class=\"title\" style=\"font-size: 24px;\">Pr\u00e9sentation du produit<\/p>\n<\/div>\n<div class=\"description\">D\u00e9tails importants<\/div>\n<\/div>\n<\/div>\n<div class=\"d-tem14-graphic mockup\" data-detail=\"wrap\">\n<div class=\"clearfix d-clearfix\" style=\"text-align: center;\"><img decoding=\"async\" class=\"img-self show_imgss\" src=\"https:\/\/ghgalaxyhome.com\/wp-content\/uploads\/2024\/06\/file_01701743329307.jpg?x-oss-process=image\/resize,m_lfit,w_1224\/format,webp\/quality,80\" alt=\"\" data-src=\"https:\/\/ghgalaxyhome.com\/wp-content\/uploads\/2024\/06\/file_01701743329307.jpg\" \/><img decoding=\"async\" class=\"img-self show_imgss\" src=\"https:\/\/ghgalaxyhome.com\/wp-content\/uploads\/2024\/06\/file_01701744544154.jpg?x-oss-process=image\/resize,m_lfit,w_1224\/format,webp\/quality,80\" alt=\"\" data-src=\"https:\/\/ghgalaxyhome.com\/wp-content\/uploads\/2024\/06\/file_01701744544154.jpg\" \/><\/div>\n<\/div>\n<div class=\"text-center d-tem20-title border-color d-interval\" data-detail=\"wrap\">\n<div class=\"title-header\">\n<div class=\"title font-color\"><span style=\"font-size: 24px;\">\u00c0 propos de l&#039;entreprise<\/span><\/div>\n<div class=\"description\">Choses que vous voudrez peut-\u00eatre savoir<\/div>\n<\/div>\n<\/div>\n<h2 class=\"title\" style=\"font-size: 24px; text-align: center;\"><\/h2>\n<p style=\"text-align: center;\"><img decoding=\"async\" class=\"img-self show_imgss\" src=\"https:\/\/ghgalaxyhome.com\/wp-content\/uploads\/2024\/06\/file_01701744623059.jpg?x-oss-process=image\/resize,m_lfit,w_1224\/format,webp\/quality,80\" alt=\"\" data-src=\"https:\/\/ghgalaxyhome.com\/wp-content\/uploads\/2024\/06\/file_01701744623059.jpg\" \/><img decoding=\"async\" class=\"img-self show_imgss\" src=\"https:\/\/ghgalaxyhome.com\/wp-content\/uploads\/2024\/06\/file_11701744623059.jpg?x-oss-process=image\/resize,m_lfit,w_1224\/format,webp\/quality,80\" alt=\"\" data-src=\"https:\/\/ghgalaxyhome.com\/wp-content\/uploads\/2024\/06\/file_11701744623059.jpg\" \/><img decoding=\"async\" class=\"img-self show_imgss\" src=\"https:\/\/ghgalaxyhome.com\/wp-content\/uploads\/2024\/06\/file_21701744623059.jpg?x-oss-process=image\/resize,m_lfit,w_1224\/format,webp\/quality,80\" alt=\"\" data-src=\"https:\/\/ghgalaxyhome.com\/wp-content\/uploads\/2024\/06\/file_21701744623059.jpg\" \/><img decoding=\"async\" class=\"img-self show_imgss\" src=\"https:\/\/ghgalaxyhome.com\/wp-content\/uploads\/2024\/06\/file_31701744623059.jpg?x-oss-process=image\/resize,m_lfit,w_1224\/format,webp\/quality,80\" alt=\"\" data-src=\"https:\/\/ghgalaxyhome.com\/wp-content\/uploads\/2024\/06\/file_31701744623059.jpg\" \/><img decoding=\"async\" class=\"img-self show_imgss\" src=\"https:\/\/ghgalaxyhome.com\/wp-content\/uploads\/2024\/06\/file_41701744623059.jpg?x-oss-process=image\/resize,m_lfit,w_1224\/format,webp\/quality,80\" alt=\"\" data-src=\"https:\/\/ghgalaxyhome.com\/wp-content\/uploads\/2024\/06\/file_41701744623059.jpg\" \/><img decoding=\"async\" class=\"img-self show_imgss\" src=\"https:\/\/ghgalaxyhome.com\/wp-content\/uploads\/2024\/06\/file_51701744623059.jpg?x-oss-process=image\/resize,m_lfit,w_1224\/format,webp\/quality,80\" alt=\"\" data-src=\"https:\/\/ghgalaxyhome.com\/wp-content\/uploads\/2024\/06\/file_51701744623059.jpg\" \/><\/p>\n<div class=\"text-center d-tem20-title border-color d-interval\" data-detail=\"wrap\">\n<div class=\"title-header\">\n<div class=\"title font-color\">\n<p class=\"recommended-product-heading\" style=\"margin-bottom: 0.3125rem; font-family: var(--skin-header-font),sans-serif; font-weight: 500; line-height: 1.6875rem; font-size: 1.375rem; padding-top: 0.5rem; padding-bottom: 0.5rem;\">Vous pourriez aussi aimer\u2026<\/p>\n<\/div>\n<\/div>\n<\/div>\n<div class=\"d-tem10-productdetail mockup text-center\" data-detail=\"wrap\">\n<div class=\"d-clearfix clearfix\">\n<div class=\"wrap row\">\n<div class=\"col-lg-6 col-md-6 col-sm-6 col-xs-12\">\n<div class=\"item\">\n<div class=\"image\"><a href=\"https:\/\/www.ghgalaxyhome.com\/video\/products-detail-3126370\" target=\"_blank\" rel=\"noopener\"><img decoding=\"async\" class=\"img-self show_imgss\" src=\"https:\/\/ghgalaxyhome.com\/wp-content\/uploads\/2024\/06\/file_01686043408640.jpg?x-oss-process=image\/resize,m_lfit,w_1224\/format,webp\/quality,80\" alt=\"\" data-src=\"https:\/\/ghgalaxyhome.com\/wp-content\/uploads\/2024\/06\/file_01686043408640.jpg\" \/><\/a><\/div>\n<div class=\"text\">\n<div class=\"title\">\n<p style=\"font-size: 32px; font-family: Montserrat-Regular-8, Arial, myanmar_font; overflow: hidden; font-weight: 500; line-height: normal;\"><span style=\"font-size: 24px;\">Armoires de salle de bains \u00e9l\u00e9gantes et personnalis\u00e9es pour une mise \u00e0 niveau \u00e9poustouflante\u00a0!<\/span><\/p>\n<\/div>\n<\/div>\n<\/div>\n<\/div>\n<div class=\"col-lg-6 col-md-6 col-sm-6 col-xs-12\">\n<div class=\"item\">\n<div class=\"image\"><a href=\"https:\/\/www.ghgalaxyhome.com\/video\/products-detail-1553692\" target=\"_blank\" rel=\"noopener\"><img decoding=\"async\" class=\"img-self show_imgss\" src=\"https:\/\/ghgalaxyhome.com\/wp-content\/uploads\/2024\/06\/16729161404457.jpg?x-oss-process=image\/resize,m_lfit,w_1224\/format,webp\/quality,80\" alt=\"\" data-src=\"https:\/\/ghgalaxyhome.com\/wp-content\/uploads\/2024\/06\/16729161404457.jpg\" \/><\/a><\/div>\n<div class=\"text\">\n<div class=\"title\">\n<p class=\"top_title\" style=\"line-height: 1.3; font-size: 32px; font-family: Montserrat-Regular-8, Arial, myanmar_font; overflow: hidden; font-weight: 500;\"><span style=\"font-size: 24px;\">Vanit\u00e9 de salle de bain murale \u00e9l\u00e9gante en or avec miroir et lavabo<\/span><\/p>\n<\/div>\n<\/div>\n<\/div>\n<\/div>\n<\/div>\n<\/div>\n<\/div>\n<div class=\"de_m_contacts_1 de_m_contacts_5 cont_section\">\n<div class=\"flex_row wrap_reverse\">\n<div class=\"flex_l pd_l\">\n<div class=\"text\">\n<div class=\"title_1 font-color\">Contactez-nous<\/div>\n<div class=\"describe_1\">Vous avez des questions et souhaitez nous contacter ?<\/div>\n<div class=\"title_2 font-color\">Appelez-nous ou visitez-nous.<\/div>\n<p>Salle 2623, b\u00e2timent 1, Xinrui Plaza, Lingnan Avenue, Foshan, Guangdong, Chine<\/p>\n<p>&nbsp;<\/p>\n<div class=\"d-tem01-button d-interval text-left clearfix\" data-detail=\"wrap\">\n<div class=\"item d-font-size-fix\">\n<div class=\"bg-color-hover\"><a href=\"https:\/\/www.ghgalaxyhome.com\/products-40756\" target=\"_blank\" rel=\"noopener\" data-lv=\"0\">PLUS<\/a><\/div>\n<\/div>\n<\/div>\n<\/div>\n<\/div>\n<div class=\"flex_l\">\n<div class=\"text\">\n<ul class=\"flex_ul\">\n<li class=\"flex_li\">\n<div class=\"li_txt bg-color\">\n<div class=\"txt_text\">Foshan Baihuo Home Technology Co., Ltd.<\/div>\n<\/div>\n<\/li>\n<li class=\"flex_li\">\n<div class=\"li_txt bg-color\">\n<div class=\"txt_text\">info@ghgalaxyhome.com<\/div>\n<\/div>\n<\/li>\n<li class=\"flex_li\">\n<div class=\"li_txt bg-color\">\n<div class=\"txt_text\">86-17722731431<\/div>\n<\/div>\n<\/li>\n<\/ul>\n<\/div>\n<\/div>\n<\/div>\n<\/div>\n<p>&nbsp;<\/p>\n<p>&nbsp;<\/p>\n<\/div>","protected":false},"excerpt":{"rendered":"<p>About this Product Important Details Delve into the unique features that set our outdoor hot tubs apart. From powerful hydrotherapy<\/p>","protected":false},"featured_media":37919,"comment_status":"open","ping_status":"closed","template":"","meta":[],"product_brand":[],"product_cat":[20],"product_tag":[],"class_list":{"0":"post-31061","1":"product","2":"type-product","3":"status-publish","4":"has-post-thumbnail","6":"product_cat-products-40768","8":"first","9":"instock","10":"shipping-taxable","11":"product-type-simple"},"_links":{"self":[{"href":"https:\/\/ghgalaxyhome.com\/fr\/wp-json\/wp\/v2\/product\/31061","targetHints":{"allow":["GET"]}}],"collection":[{"href":"https:\/\/ghgalaxyhome.com\/fr\/wp-json\/wp\/v2\/product"}],"about":[{"href":"https:\/\/ghgalaxyhome.com\/fr\/wp-json\/wp\/v2\/types\/product"}],"replies":[{"embeddable":true,"href":"https:\/\/ghgalaxyhome.com\/fr\/wp-json\/wp\/v2\/comments?post=31061"}],"version-history":[{"count":3,"href":"https:\/\/ghgalaxyhome.com\/fr\/wp-json\/wp\/v2\/product\/31061\/revisions"}],"predecessor-version":[{"id":37920,"href":"https:\/\/ghgalaxyhome.com\/fr\/wp-json\/wp\/v2\/product\/31061\/revisions\/37920"}],"wp:featuredmedia":[{"embeddable":true,"href":"https:\/\/ghgalaxyhome.com\/fr\/wp-json\/wp\/v2\/media\/37919"}],"wp:attachment":[{"href":"https:\/\/ghgalaxyhome.com\/fr\/wp-json\/wp\/v2\/media?parent=31061"}],"wp:term":[{"taxonomy":"product_brand","embeddable":true,"href":"https:\/\/ghgalaxyhome.com\/fr\/wp-json\/wp\/v2\/product_brand?post=31061"},{"taxonomy":"product_cat","embeddable":true,"href":"https:\/\/ghgalaxyhome.com\/fr\/wp-json\/wp\/v2\/product_cat?post=31061"},{"taxonomy":"product_tag","embeddable":true,"href":"https:\/\/ghgalaxyhome.com\/fr\/wp-json\/wp\/v2\/product_tag?post=31061"}],"curies":[{"name":"wp","href":"https:\/\/api.w.org\/{rel}","templated":true}]}}