{"id":31060,"date":"2024-06-09T16:53:11","date_gmt":"2024-06-09T16:53:11","guid":{"rendered":"https:\/\/ghgalaxyhome.com\/?post_type=product&#038;p=31060"},"modified":"2024-06-09T17:03:16","modified_gmt":"2024-06-09T17:03:16","slug":"products-detail-582137","status":"publish","type":"product","link":"https:\/\/ghgalaxyhome.com\/fr\/video\/products-detail-582137","title":{"rendered":"Galaxy Home - Mod\u00e8le BT09923 170 Baignoires d&#039;angle de salle de bains blanches modernes Grande baignoire de luxe pour baignoires pour adultes"},"content":{"rendered":"<div class=\"cons_box ls-product\">\n<p>Our months of efforts in product R&#038;D has finally paid off. Foshan Baihuo Home Technology Co., Ltd. has successfully transformed the innovative idea into a reality &#8211; Model BT09923 170 Modern White Bathroom Corner Bath Tubs Luxury Large Bathtub For Adults. It is the newest product series of our company now. The technology greatly improves product performance and accelerates the manufacturing process.It has a considerably expanded application range and is popular in the field(s) of Bathtubs &#038; Whirlpools. We regard Model BT09923 170 Modern White Bathroom Corner Bath Tubs Luxury Large Bathtub For Adults product features as its core competitiveness. Adopting high-quality raw materials purchased from reliable suppliers,Galaxy Home has the guaranteed quality and advantages of Bathroom vanities, bathtubs, toilets, faucets, shower enclosures and other accessories. Moreover, it has a look designed by our creative designers, making it highly attractive in its appearance.<\/p>\n<div class=\"rich-text-table\">\n<table>\n<tbody>\n<tr>\n<td style=\"width:25%;padding:5px 20px;font-size:14px;background:#f8fafc\">Garantie:<\/td>\n<td style=\"width:25%;padding:5px 20px;font-size:14px\">3 ann\u00e9es<\/td>\n<td style=\"width:25%;padding:5px 20px;font-size:14px;background:#f8fafc\">Accessoire de baignoire\u00a0:<\/td>\n<td style=\"width:25%;padding:5px 20px;font-size:14px\">\u00c9gouttoir<\/td>\n<\/tr>\n<tr>\n<td style=\"width:25%;padding:5px 20px;font-size:14px;background:#f8fafc\">Service apr\u00e8s-vente:<\/td>\n<td style=\"width:25%;padding:5px 20px;font-size:14px\">Support technique en ligne, pi\u00e8ces de rechange gratuites<\/td>\n<td style=\"width:25%;padding:5px 20px;font-size:14px;background:#f8fafc\">Style:<\/td>\n<td style=\"width:25%;padding:5px 20px;font-size:14px\">Sur pied<\/td>\n<\/tr>\n<tr>\n<td style=\"width:25%;padding:5px 20px;font-size:14px;background:#f8fafc\">Longueur:<\/td>\n<td style=\"width:25%;padding:5px 20px;font-size:14px\">1,7 m<\/td>\n<td style=\"width:25%;padding:5px 20px;font-size:14px;background:#f8fafc\">Capacit\u00e9 de la solution du projet\u00a0:<\/td>\n<td style=\"width:25%;padding:5px 20px;font-size:14px\">conception graphique, conception de mod\u00e8les 3D, solution totale pour les projets, consolidation multicat\u00e9gories<\/td>\n<\/tr>\n<tr>\n<td style=\"width:25%;padding:5px 20px;font-size:14px;background:#f8fafc\">Application:<\/td>\n<td style=\"width:25%;padding:5px 20px;font-size:14px\">H\u00f4tel Villa Appartement salle de bain<\/td>\n<td style=\"width:25%;padding:5px 20px;font-size:14px;background:#f8fafc\">Style de conception\u00a0:<\/td>\n<td style=\"width:25%;padding:5px 20px;font-size:14px\">Moderne<\/td>\n<\/tr>\n<tr>\n<td style=\"width:25%;padding:5px 20px;font-size:14px;background:#f8fafc\">Lieu d&#039;origine\u00a0:<\/td>\n<td style=\"width:25%;padding:5px 20px;font-size:14px\">Guangdong, Chine<\/td>\n<td style=\"width:25%;padding:5px 20px;font-size:14px;background:#f8fafc\">Marque:<\/td>\n<td style=\"width:25%;padding:5px 20px;font-size:14px\">Accueil Galaxie<\/td>\n<\/tr>\n<tr>\n<td style=\"width:25%;padding:5px 20px;font-size:14px;background:#f8fafc\">Num\u00e9ro de mod\u00e8le:<\/td>\n<td style=\"width:25%;padding:5px 20px;font-size:14px\">BT09923-170<\/td>\n<td style=\"width:25%;padding:5px 20px;font-size:14px;background:#f8fafc\">Mat\u00e9riel:<\/td>\n<td style=\"width:25%;padding:5px 20px;font-size:14px\">Acrylique<\/td>\n<\/tr>\n<tr>\n<td style=\"width:25%;padding:5px 20px;font-size:14px;background:#f8fafc\">Fonction:<\/td>\n<td style=\"width:25%;padding:5px 20px;font-size:14px\">Trempage<\/td>\n<td style=\"width:25%;padding:5px 20px;font-size:14px;background:#f8fafc\">Type d&#039;installation\u00a0:<\/td>\n<td style=\"width:25%;padding:5px 20px;font-size:14px\">Sur pied<\/td>\n<\/tr>\n<tr>\n<td style=\"width:25%;padding:5px 20px;font-size:14px;background:#f8fafc\">Emplacement de vidange\u00a0:<\/td>\n<td style=\"width:25%;padding:5px 20px;font-size:14px\">Droite<\/td>\n<td style=\"width:25%;padding:5px 20px;font-size:14px;background:#f8fafc\">Couleur:<\/td>\n<td style=\"width:25%;padding:5px 20px;font-size:14px\">Blanc<\/td>\n<\/tr>\n<tr>\n<td style=\"width:25%;padding:5px 20px;font-size:14px;background:#f8fafc\">Taille:<\/td>\n<td style=\"width:25%;padding:5px 20px;font-size:14px\">1700*800*580mm<\/td>\n<td style=\"width:25%;padding:5px 20px;font-size:14px\"><\/td>\n<td style=\"width:25%;padding:5px 20px;font-size:14px\"><\/td>\n<\/tr>\n<\/tbody>\n<\/table>\n<\/div>\n<p><\/p>\n<div data-magic-global=\"%7B%22bizId%22%3A2211240675273%2C%22pageId%22%3A21007262693%2C%22siteId%22%3A10002499104%7D\" id=\"detail_decorate_root\"> &#8211; <\/p>\n<div class=\"J_module\">\n<div class=\"icbu-detail-showroom magic-0\">\n<div class=\"svg-wrapper magic-1\">\n<div class=\"magic-2\"><\/div>\n<p><span class=\"magic-3\">VR<\/span><\/div>\n<div class=\"icbu-pc-images magic-4\">\n<div>\n<div class=\"flex-layout-v\">\n<div class=\"flex-layout-h magic-4\">\n<div class=\"magic-5\"><img decoding=\"async\" data-src=\"https:\/\/imgbd.weyesimg.com\/prod\/moving\/img\/96aab06199335991f33366894aebf8dd\/3b6b18a8a8fc220ca38ba96688d31d26.jpg\" src=\"https:\/\/ghgalaxyhome.com\/wp-content\/uploads\/2024\/06\/34_quality80.webp\" class=\"magic-6 img-self show_imgss\"><\/div>\n<\/div>\n<\/div>\n<\/div>\n<\/div>\n<\/div>\n<\/div>\n<div class=\"J_module\">\n<div id=\"ali-anchor-AliMagic-5pxadi\" data-section=\"AliMagic-5pxadi\" data-section-title=\"Details Images\" class=\"magic-7\">D\u00e9tails Images<\/div>\n<\/div>\n<div class=\"J_module\">\n<div class=\"icbu-pc-detailManyImage magic-8\">\n<div class=\"magic-9\"><img decoding=\"async\" data-src=\"https:\/\/imgbd.weyesimg.com\/prod\/moving\/img\/96aab06199335991f33366894aebf8dd\/4e97fb56b1bfd4526e94a05bc6fd08f9.jpg\" src=\"https:\/\/ghgalaxyhome.com\/wp-content\/uploads\/2024\/06\/167_quality80.webp\" class=\"magic-10 img-self show_imgss\"><\/div>\n<div class=\"magic-9\"><img decoding=\"async\" data-src=\"https:\/\/imgbd.weyesimg.com\/prod\/moving\/img\/96aab06199335991f33366894aebf8dd\/a6448ad56a5ae6b055798e8c7e4b0c4b.jpg\" src=\"https:\/\/ghgalaxyhome.com\/wp-content\/uploads\/2024\/06\/168_quality80.webp\" class=\"magic-10 img-self show_imgss\"><\/div>\n<div class=\"magic-9\"><img decoding=\"async\" data-src=\"https:\/\/imgbd.weyesimg.com\/prod\/moving\/img\/96aab06199335991f33366894aebf8dd\/bc51f459aabd96c556c168fe12df04b5.jpg\" src=\"https:\/\/ghgalaxyhome.com\/wp-content\/uploads\/2024\/06\/169_quality80.webp\" class=\"magic-10 img-self show_imgss\"><\/div>\n<div class=\"magic-9\"><img decoding=\"async\" data-src=\"https:\/\/imgbd.weyesimg.com\/prod\/moving\/img\/96aab06199335991f33366894aebf8dd\/5c8683cacc6b8ac0668decb83fc60846.jpg\" src=\"https:\/\/ghgalaxyhome.com\/wp-content\/uploads\/2024\/06\/170_quality80.webp\" class=\"magic-10 img-self show_imgss\"><\/div>\n<div class=\"magic-9\"><img decoding=\"async\" data-src=\"https:\/\/imgbd.weyesimg.com\/prod\/moving\/img\/96aab06199335991f33366894aebf8dd\/d92171cca4c7940a16d4946b447cc4ca.jpg\" src=\"https:\/\/ghgalaxyhome.com\/wp-content\/uploads\/2024\/06\/171_quality80.webp\" class=\"magic-10 img-self show_imgss\"><\/div>\n<\/div>\n<\/div>\n<div class=\"J_module\">\n<div class=\"icbu-pc-images magic-4\">\n<div>\n<div class=\"flex-layout-v\">\n<div class=\"flex-layout-h magic-4\">\n<div class=\"magic-11\"><img decoding=\"async\" data-src=\"https:\/\/imgbd.weyesimg.com\/prod\/moving\/img\/96aab06199335991f33366894aebf8dd\/232819ccbb2ef3c7fed622427453aaee.jpg\" src=\"https:\/\/ghgalaxyhome.com\/wp-content\/uploads\/2024\/06\/24_quality80.webp\" class=\"magic-12 img-self show_imgss\"><\/div>\n<\/div>\n<\/div>\n<\/div>\n<\/div>\n<\/div>\n<div class=\"J_module\">\n<div id=\"ali-anchor-AliMagic-e7tug6\" data-section=\"AliMagic-e7tug6\" data-section-title=\"Specification\" class=\"magic-7\">sp\u00e9cification<\/div>\n<\/div>\n<div class=\"J_module\">\n<div class=\"ife-detail-decorate-table\">\n<table class=\"has-title all magic-13\">\n<tbody>\n<tr>\n<td colspan=\"1\" rowspan=\"1\">\n<div class=\"magic-14\">Nom du produit<\/div>\n<\/td>\n<td colspan=\"1\" rowspan=\"1\">\n<div class=\"magic-15\">Model BT09923 170 Modern White Bathroom Corner Bath Tubs Luxury Large Bathtub For Adults<\/div>\n<\/td>\n<\/tr>\n<tr>\n<td colspan=\"1\" rowspan=\"1\">\n<div class=\"magic-14\">Marque<\/div>\n<\/td>\n<td colspan=\"1\" rowspan=\"1\">\n<div class=\"magic-15\">Accueil Galaxie<\/div>\n<\/td>\n<\/tr>\n<tr>\n<td colspan=\"1\" rowspan=\"1\">\n<div class=\"magic-14\">Num\u00e9ro de mod\u00e8le<\/div>\n<\/td>\n<td colspan=\"1\" rowspan=\"1\">\n<div class=\"magic-15\">BT09923-170<\/div>\n<\/td>\n<\/tr>\n<tr>\n<td colspan=\"1\" rowspan=\"1\">\n<div class=\"magic-14\">Mat\u00e9riel<\/div>\n<\/td>\n<td colspan=\"1\" rowspan=\"1\">\n<div class=\"magic-15\">Acrylique<\/div>\n<\/td>\n<\/tr>\n<tr>\n<td colspan=\"1\" rowspan=\"1\">\n<div class=\"magic-14\">Taille<\/div>\n<\/td>\n<td colspan=\"1\" rowspan=\"1\">\n<div class=\"magic-15\">1700*800*580mm<\/div>\n<\/td>\n<\/tr>\n<tr>\n<td colspan=\"1\" rowspan=\"1\">\n<div class=\"magic-14\">\u00c9gouttoir<\/div>\n<\/td>\n<td colspan=\"1\" rowspan=\"1\">\n<div class=\"magic-15\">Avec \u00e9gouttoir, n\u00e9gociable<\/div>\n<\/td>\n<\/tr>\n<tr>\n<td colspan=\"1\" rowspan=\"1\">\n<div class=\"magic-14\">Couleur<\/div>\n<\/td>\n<td colspan=\"1\" rowspan=\"1\">\n<div class=\"magic-15\">Blanc<\/div>\n<\/td>\n<\/tr>\n<tr>\n<td colspan=\"1\" rowspan=\"1\">\n<div class=\"magic-14\">Fonction<\/div>\n<\/td>\n<td colspan=\"1\" rowspan=\"1\">\n<div class=\"magic-15\">Trempage<\/div>\n<\/td>\n<\/tr>\n<tr>\n<td colspan=\"1\" rowspan=\"1\">\n<div class=\"magic-14\">D\u00e9tails de l&#039;&#039; emballage<\/div>\n<\/td>\n<td colspan=\"1\" rowspan=\"1\">\n<div class=\"magic-15\">Sac plastique + mousse + carton, n\u00e9gociable<\/div>\n<\/td>\n<\/tr>\n<\/tbody>\n<\/table>\n<\/div>\n<\/div>\n<div class=\"J_module\">\n<div class=\"icbu-pc-images magic-4\">\n<div>\n<div class=\"flex-layout-v\">\n<div class=\"flex-layout-h magic-4\">\n<div class=\"magic-16\"><img decoding=\"async\" data-src=\"https:\/\/imgbd.weyesimg.com\/prod\/moving\/img\/96aab06199335991f33366894aebf8dd\/6c7f50c25a52eda82c335f03b6db3227.jpg\" src=\"https:\/\/ghgalaxyhome.com\/wp-content\/uploads\/2024\/06\/43_quality80.webp\" class=\"magic-17 img-self show_imgss\"><\/div>\n<\/div>\n<\/div>\n<\/div>\n<\/div>\n<\/div>\n<div class=\"J_module\">\n<div class=\"icbu-pc-images magic-4\">\n<div>\n<div class=\"flex-layout-v\">\n<div class=\"flex-layout-h magic-4\">\n<div class=\"magic-18\"><img decoding=\"async\" data-src=\"https:\/\/imgbd.weyesimg.com\/prod\/moving\/img\/96aab06199335991f33366894aebf8dd\/812643060191df6ea0c9f14f0ebcbe18.jpg\" src=\"https:\/\/ghgalaxyhome.com\/wp-content\/uploads\/2024\/06\/5_quality80.webp\" class=\"magic-19 img-self show_imgss\"><\/div>\n<\/div>\n<\/div>\n<\/div>\n<\/div>\n<\/div>\n<div class=\"J_module\">\n<div class=\"icbu-pc-images magic-4\">\n<div>\n<div class=\"flex-layout-v\">\n<div class=\"flex-layout-h magic-4\">\n<div class=\"magic-20\"><img decoding=\"async\" data-src=\"https:\/\/imgbd.weyesimg.com\/prod\/moving\/img\/96aab06199335991f33366894aebf8dd\/e48d2dd6f83d26f84c395a9228c855e6.jpg\" src=\"https:\/\/ghgalaxyhome.com\/wp-content\/uploads\/2024\/06\/44_quality80.webp\" class=\"magic-21 img-self show_imgss\"><\/div>\n<\/div>\n<\/div>\n<\/div>\n<\/div>\n<\/div>\n<div class=\"J_module\">\n<div class=\"detail-decorate-json-renderer-container\">\n<div class=\"magic-22\">\n<div class=\"magic-23\">\n<div class=\"magic-24\">\n<div class=\"magic-25\"><b><font color=\"#000000\">Q : Comment puis-je obtenir le prix ?<\/font><\/b><\/p>\n<div><font color=\"#7a90b2\"><b class=\"magic-26\">UN:<\/b> Nous citons g\u00e9n\u00e9ralement dans les 24 heures suivant la r\u00e9ception de votre demande (sauf week-end et jours f\u00e9ri\u00e9s). Si vous \u00eates press\u00e9 d&#039;obtenir le prix, veuillez nous envoyer un e-mail ou nous contacter par d&#039;autres moyens afin que nous puissions vous proposer un devis.<\/font><\/div>\n<div><font class=\"magic-26\"><font color=\"#7a90b2\">&#8212;&#8212;&#8212;&#8212;&#8212;&#8212;&#8212;&#8212;&#8212;&#8212;&#8212;&#8212;&#8212;&#8212;&#8212;&#8212;&#8212;&#8212;&#8212;&#8212;&#8212;&#8212;&#8212;&#8212;&#8212;&#8212;&#8212;&#8212;&#8212;&#8212;&#8212;&#8212;&#8212;&#8212;&#8212;&#8212;&#8212;&#8212;&#8212;&#8212;&#8212;&#8212;&#8212;&#8212;&#8212;&#8212;&#8212;&#8212;&#8212;&#8212;&#8212;&#8212;&#8212;&#8212;&#8212;&#8212;&#8212;&#8212;&#8212;&#8212;&#8212;&#8212;&#8212;&#8212;&#8212;-<\/font><font color=\"#a0b0d0\"><br \/>\n<\/font><\/font><span><b>Question\u00a0: <span class=\"magic-26\">Puis-je acheter des \u00e9chantillons ?<br \/>\n<\/span><\/b><\/span><font color=\"#7a90b2\"><b class=\"magic-26\">UN: <\/b>Oui. N&#039;h\u00e9sitez pas \u00e0 nous contacter.<br \/>\n&#8212;&#8212;&#8212;&#8212;&#8212;&#8212;&#8212;&#8212;&#8212;&#8212;&#8212;&#8212;&#8212;&#8212;&#8212;&#8212;&#8212;&#8212;&#8212;&#8212;&#8212;&#8212;&#8212;&#8212;&#8212;&#8212;&#8212;&#8212;&#8212;&#8212;&#8212;&#8212;&#8212;&#8212;&#8212;&#8212;&#8212;&#8212;&#8212;&#8212;&#8212;&#8212;&#8212;&#8212;&#8212;&#8212;&#8212;&#8212;&#8212;&#8212;&#8212;&#8212;&#8212;&#8212;&#8212;&#8212;&#8212;&#8212;&#8212;&#8212;&#8212;&#8212;&#8212;&#8212;&#8212;-<\/font><\/div>\n<div><b class=\"magic-26\"><font color=\"#000000\">Q : Quel est votre d\u00e9lai de livraison ?<\/font><\/b><font color=\"#a0b0d0\"><br \/>\n<\/font><font color=\"#7a90b2\"><span class=\"magic-26\"><b class=\"magic-26\">UN:<\/b> Cela d\u00e9pend de la quantit\u00e9 command\u00e9e et de la saison pendant laquelle vous passez la commande. Habituellement, nous pouvons exp\u00e9dier sous 7 \u00e0 15 jours pour une petite quantit\u00e9 et environ 30 jours pour une grande quantit\u00e9.<br \/>\n<\/span>&#8212;&#8212;&#8212;&#8212;&#8212;&#8212;&#8212;&#8212;&#8212;&#8212;&#8212;&#8212;&#8212;&#8212;&#8212;&#8212;&#8212;&#8212;&#8212;&#8212;&#8212;&#8212;&#8212;&#8212;&#8212;&#8212;&#8212;&#8212;&#8212;&#8212;&#8212;&#8212;&#8212;&#8212;&#8212;&#8212;&#8212;&#8212;&#8212;&#8212;&#8212;&#8212;&#8212;&#8212;&#8212;&#8212;&#8212;&#8212;&#8212;&#8212;&#8212;&#8212;&#8212;&#8212;&#8212;&#8212;&#8212;&#8212;&#8212;&#8212;&#8212;&#8212;&#8212;&#8212;&#8212;-<\/font><\/div>\n<div><b class=\"magic-26\"><font color=\"#000000\">Q : Quelle est votre condition de paiement ?<br \/>\n<\/font><\/b><font color=\"#7a90b2\"><b class=\"magic-26\">UN:<\/b> T\/T, Western Union, MoneyGram et Paypal. C&#039;est n\u00e9gociable.<br \/>\n<font>&#8212;&#8212;&#8212;&#8212;&#8212;&#8212;&#8212;&#8212;&#8212;&#8212;&#8212;&#8212;&#8212;&#8212;&#8212;&#8212;&#8212;&#8212;&#8212;&#8212;&#8212;&#8212;&#8212;&#8212;&#8212;&#8212;&#8212;&#8212;&#8212;&#8212;&#8212;&#8212;&#8212;&#8212;&#8212;&#8212;&#8212;&#8212;&#8212;&#8212;&#8212;&#8212;&#8212;&#8212;&#8212;&#8212;&#8212;&#8212;&#8212;&#8212;&#8212;&#8212;&#8212;&#8212;&#8212;&#8212;&#8212;&#8212;&#8212;&#8212;&#8212;&#8212;&#8212;&#8212;&#8212;-<\/font><\/font><\/div>\n<div><b class=\"magic-26\"><font color=\"#000000\">Q : Quelle est la m\u00e9thode d\u2019exp\u00e9dition ?<\/font><\/b><\/div>\n<div><font color=\"#7a90b2\"><b class=\"magic-26\">UN:<\/b>Il peut \u00eatre exp\u00e9di\u00e9 par voie maritime, a\u00e9rienne ou express (EMS, UPS, DHL, TNT, FEDEX, etc.). Veuillez confirmer avec nous avant de passer commande.<\/font><\/div>\n<div><span class=\"magic-26\"><font color=\"#7a90b2\">&#8212;&#8212;&#8212;&#8212;&#8212;&#8212;&#8212;&#8212;&#8212;&#8212;&#8212;&#8212;&#8212;&#8212;&#8212;&#8212;&#8212;&#8212;&#8212;&#8212;&#8212;&#8212;&#8212;&#8212;&#8212;&#8212;&#8212;&#8212;&#8212;&#8212;&#8212;&#8212;&#8212;&#8212;&#8212;&#8212;&#8212;&#8212;&#8212;&#8212;&#8212;&#8212;&#8212;&#8212;&#8212;&#8212;&#8212;&#8212;&#8212;&#8212;&#8212;&#8212;&#8212;&#8212;&#8212;&#8212;&#8212;&#8212;&#8212;&#8212;&#8212;&#8212;&#8212;&#8212;&#8212;-<\/font><\/span><span class=\"magic-27\"><br \/>\n<\/span><b class=\"magic-26\"><font color=\"#000000\">Q\u00a0:\u00a0Comment faites-vous pour que nos relations commerciales soient durables et bonnes\u00a0?<\/font><\/b><\/div>\n<div><font color=\"#7a90b2\"><b class=\"magic-26\">UN:<\/b> Nous maintenons une bonne qualit\u00e9 et des prix comp\u00e9titifs pour garantir le b\u00e9n\u00e9fice de nos clients. De plus, nous respectons chaque client comme notre ami et nous faisons sinc\u00e8rement des affaires et nous lions d&#039;amiti\u00e9 avec eux, peu importe d&#039;o\u00f9 ils viennent.<b class=\"magic-26\"><br \/>\n<\/b>&#8212;&#8212;&#8212;&#8212;&#8212;&#8212;&#8212;&#8212;&#8212;&#8212;&#8212;&#8212;&#8212;&#8212;&#8212;&#8212;&#8212;&#8212;&#8212;&#8212;&#8212;&#8212;&#8212;&#8212;&#8212;&#8212;&#8212;&#8212;&#8212;&#8212;&#8212;&#8212;&#8212;&#8212;&#8212;&#8212;&#8212;&#8212;&#8212;&#8212;&#8212;&#8212;&#8212;&#8212;&#8212;&#8212;&#8212;&#8212;&#8212;&#8212;&#8212;&#8212;&#8212;&#8212;&#8212;&#8212;&#8212;&#8212;&#8212;&#8212;&#8212;&#8212;&#8212;&#8212;&#8212;-<\/font><\/div>\n<\/div>\n<\/div>\n<\/div>\n<\/div>\n<\/div>\n<\/div>\n<div class=\"J_module\">\n<div data-magic=\"{&quot;mds&quot;:{&quot;assetsVersion&quot;:&quot;0.0.14&quot;,&quot;assetsPackageName&quot;:&quot;icbumod&quot;,&quot;moduleNameAlias&quot;:&quot;icbu-pc-detailSellerRecommend&quot;,&quot;moduleData&quot;:{&quot;config&quot;:{&quot;columnCount&quot;:4,&quot;titleKey&quot;:6,&quot;products&quot;:[1600366761900,1600405589295,1600375644931,1600424060300,1600429912688,1600431636613,1600427314848,1600427879753,1600427280274,1600412362449,1600428045445,1600428598737]}}},&quot;version&quot;:1}\" class=\"icbu-pc-detailSellerRecommend magic-28\"><\/div>\n<\/div>\n<div class=\"J_module\">\n<div class=\"icbu-pc-images magic-4\">\n<div>\n<div class=\"flex-layout-v\">\n<div class=\"flex-layout-h magic-4\">\n<div class=\"magic-29\"><img decoding=\"async\" data-src=\"https:\/\/imgbd.weyesimg.com\/prod\/moving\/img\/96aab06199335991f33366894aebf8dd\/f720390c06422a9260318d0aa9e95dec.jpg\" src=\"https:\/\/ghgalaxyhome.com\/wp-content\/uploads\/2024\/06\/45_quality80.webp\" class=\"magic-30 img-self show_imgss\"><\/div>\n<\/div>\n<\/div>\n<\/div>\n<\/div>\n<\/div><\/div>\n<\/p><\/div>","protected":false},"excerpt":{"rendered":"<p>Model BT09923 170 Modern White Bathroom Corner Bath Tubs Luxury Large Bathtub For Adults relying on excellent technical performance and high-quality user experience, it occupied the market once it was launched, which effectively improved the company&#8217;s industry status.It is made of material which is environment-friendly, safe and durable for long-term use.What&#8217;s more,Product customization is welcomed warmly.<\/p>","protected":false},"featured_media":28731,"comment_status":"open","ping_status":"closed","template":"","meta":[],"product_brand":[],"product_cat":[20],"product_tag":[],"class_list":{"0":"post-31060","1":"product","2":"type-product","3":"status-publish","4":"has-post-thumbnail","6":"product_cat-products-40768","8":"first","9":"instock","10":"shipping-taxable","11":"product-type-simple"},"_links":{"self":[{"href":"https:\/\/ghgalaxyhome.com\/fr\/wp-json\/wp\/v2\/product\/31060","targetHints":{"allow":["GET"]}}],"collection":[{"href":"https:\/\/ghgalaxyhome.com\/fr\/wp-json\/wp\/v2\/product"}],"about":[{"href":"https:\/\/ghgalaxyhome.com\/fr\/wp-json\/wp\/v2\/types\/product"}],"replies":[{"embeddable":true,"href":"https:\/\/ghgalaxyhome.com\/fr\/wp-json\/wp\/v2\/comments?post=31060"}],"version-history":[{"count":2,"href":"https:\/\/ghgalaxyhome.com\/fr\/wp-json\/wp\/v2\/product\/31060\/revisions"}],"predecessor-version":[{"id":31251,"href":"https:\/\/ghgalaxyhome.com\/fr\/wp-json\/wp\/v2\/product\/31060\/revisions\/31251"}],"wp:featuredmedia":[{"embeddable":true,"href":"https:\/\/ghgalaxyhome.com\/fr\/wp-json\/wp\/v2\/media\/28731"}],"wp:attachment":[{"href":"https:\/\/ghgalaxyhome.com\/fr\/wp-json\/wp\/v2\/media?parent=31060"}],"wp:term":[{"taxonomy":"product_brand","embeddable":true,"href":"https:\/\/ghgalaxyhome.com\/fr\/wp-json\/wp\/v2\/product_brand?post=31060"},{"taxonomy":"product_cat","embeddable":true,"href":"https:\/\/ghgalaxyhome.com\/fr\/wp-json\/wp\/v2\/product_cat?post=31060"},{"taxonomy":"product_tag","embeddable":true,"href":"https:\/\/ghgalaxyhome.com\/fr\/wp-json\/wp\/v2\/product_tag?post=31060"}],"curies":[{"name":"wp","href":"https:\/\/api.w.org\/{rel}","templated":true}]}}