{"id":30714,"date":"2024-06-09T14:27:46","date_gmt":"2024-06-09T14:27:46","guid":{"rendered":"https:\/\/ghgalaxyhome.com\/?post_type=product&#038;p=30714"},"modified":"2024-06-09T16:09:10","modified_gmt":"2024-06-09T16:09:10","slug":"products-detail-581516","status":"publish","type":"product","link":"https:\/\/ghgalaxyhome.com\/fr\/video\/products-detail-581516","title":{"rendered":"Galaxy Home - Robinet de lavabo \u00e0 cendres de pistolet bross\u00e9 \u00e0 main \u00e0 levier unique moderne avec poign\u00e9e en alliage de zinc Robinets"},"content":{"rendered":"<div class=\"cons_box ls-product\">\n<p>Foshan Baihuo Home Technology Co., Ltd. always keeps well informed about the technical development and new product R&amp;D, which guarantees we can develop new products on a regular basis. It is designed to cater to the changing demands and requisites of customers. Foshan Baihuo Home Technology Co., Ltd. will keep focusing on customers&#8217; needs and keep up with the industry trends so as to develop the products that better satisfy customers. Our wish is to cover a wide range of global markets and win wider recognition from customers all over the world.<\/p>\n<div class=\"rich-text-table\">\n<table>\n<tbody>\n<tr>\n<td style=\"width: 25%; padding: 5px 20px; font-size: 14px; background: #f8fafc;\">Num\u00e9ro de mod\u00e8le:<\/td>\n<td style=\"width: 25%; padding: 5px 20px; font-size: 14px;\">BF11602YD<\/td>\n<td style=\"width: 25%; padding: 5px 20px; font-size: 14px; background: #f8fafc;\">Taper:<\/td>\n<td style=\"width: 25%; padding: 5px 20px; font-size: 14px;\">Robinets de lavabo<\/td>\n<\/tr>\n<tr>\n<td style=\"width: 25%; padding: 5px 20px; font-size: 14px; background: #f8fafc;\">Garantie:<\/td>\n<td style=\"width: 25%; padding: 5px 20px; font-size: 14px;\">5 ann\u00e9es<\/td>\n<td style=\"width: 25%; padding: 5px 20px; font-size: 14px; background: #f8fafc;\">Mat\u00e9riel:<\/td>\n<td style=\"width: 25%; padding: 5px 20px; font-size: 14px;\">Laiton, corps principal en laiton, poign\u00e9e en alliage de zinc<\/td>\n<\/tr>\n<tr>\n<td style=\"width: 25%; padding: 5px 20px; font-size: 14px; background: #f8fafc;\">Service apr\u00e8s-vente:<\/td>\n<td style=\"width: 25%; padding: 5px 20px; font-size: 14px;\">Support technique en ligne, pi\u00e8ces de rechange gratuites<\/td>\n<td style=\"width: 25%; padding: 5px 20px; font-size: 14px; background: #f8fafc;\">Capacit\u00e9 de la solution du projet\u00a0:<\/td>\n<td style=\"width: 25%; padding: 5px 20px; font-size: 14px;\">conception graphique, conception de mod\u00e8les 3D, solution totale pour les projets, consolidation multicat\u00e9gories<\/td>\n<\/tr>\n<tr>\n<td style=\"width: 25%; padding: 5px 20px; font-size: 14px; background: #f8fafc;\">Application:<\/td>\n<td style=\"width: 25%; padding: 5px 20px; font-size: 14px;\">H\u00f4tel Villa Appartement<\/td>\n<td style=\"width: 25%; padding: 5px 20px; font-size: 14px; background: #f8fafc;\">Style de conception\u00a0:<\/td>\n<td style=\"width: 25%; padding: 5px 20px; font-size: 14px;\">Moderne<\/td>\n<\/tr>\n<tr>\n<td style=\"width: 25%; padding: 5px 20px; font-size: 14px; background: #f8fafc;\">Lieu d&#039;origine\u00a0:<\/td>\n<td style=\"width: 25%; padding: 5px 20px; font-size: 14px;\">Guangdong, Chine<\/td>\n<td style=\"width: 25%; padding: 5px 20px; font-size: 14px; background: #f8fafc;\">Marque:<\/td>\n<td style=\"width: 25%; padding: 5px 20px; font-size: 14px;\">Accueil Galaxie<\/td>\n<\/tr>\n<tr>\n<td style=\"width: 25%; padding: 5px 20px; font-size: 14px; background: #f8fafc;\">Fonctionnalit\u00e9:<\/td>\n<td style=\"width: 25%; padding: 5px 20px; font-size: 14px;\">Robinets avec compteur<\/td>\n<td style=\"width: 25%; padding: 5px 20px; font-size: 14px; background: #f8fafc;\">Traitement de surface:<\/td>\n<td style=\"width: 25%; padding: 5px 20px; font-size: 14px;\">Brillant<\/td>\n<\/tr>\n<tr>\n<td style=\"width: 25%; padding: 5px 20px; font-size: 14px; background: #f8fafc;\">Support de robinet\u00a0:<\/td>\n<td style=\"width: 25%; padding: 5px 20px; font-size: 14px;\">Trou unique<\/td>\n<td style=\"width: 25%; padding: 5px 20px; font-size: 14px; background: #f8fafc;\">Type d&#039;installation\u00a0:<\/td>\n<td style=\"width: 25%; padding: 5px 20px; font-size: 14px;\">Mont\u00e9 sur le pont<\/td>\n<\/tr>\n<tr>\n<td style=\"width: 25%; padding: 5px 20px; font-size: 14px; background: #f8fafc;\">Nombre de poign\u00e9es\u00a0:<\/td>\n<td style=\"width: 25%; padding: 5px 20px; font-size: 14px;\">Poign\u00e9e unique<\/td>\n<td style=\"width: 25%; padding: 5px 20px; font-size: 14px; background: #f8fafc;\">Style:<\/td>\n<td style=\"width: 25%; padding: 5px 20px; font-size: 14px;\">Contemporain, Robinet de lavabo, Mitigeur de lavabo<\/td>\n<\/tr>\n<tr>\n<td style=\"width: 25%; padding: 5px 20px; font-size: 14px; background: #f8fafc;\">Mat\u00e9riau du noyau de valve\u00a0:<\/td>\n<td style=\"width: 25%; padding: 5px 20px; font-size: 14px;\">Laiton<\/td>\n<td style=\"width: 25%; padding: 5px 20px; font-size: 14px; background: #f8fafc;\">Fonction:<\/td>\n<td style=\"width: 25%; padding: 5px 20px; font-size: 14px;\">Chaud et froid<\/td>\n<\/tr>\n<tr>\n<td style=\"width: 25%; padding: 5px 20px; font-size: 14px; background: #f8fafc;\">Couleur:<\/td>\n<td style=\"width: 25%; padding: 5px 20px; font-size: 14px;\">brushed gun ash<\/td>\n<td style=\"width: 25%; padding: 5px 20px; font-size: 14px; background: #f8fafc;\">Nom du produit\u00a0:<\/td>\n<td style=\"width: 25%; padding: 5px 20px; font-size: 14px;\">Brass Basin Mixer Faucet<\/td>\n<\/tr>\n<tr>\n<td style=\"width: 25%; padding: 5px 20px; font-size: 14px; background: #f8fafc;\">Quantit\u00e9 minimale de commande\u00a0:<\/td>\n<td style=\"width: 25%; padding: 5px 20px; font-size: 14px;\">1 Piece<\/td>\n<td style=\"width: 25%; padding: 5px 20px; font-size: 14px; background: #f8fafc;\">OEM et ODM\u00a0:<\/td>\n<td style=\"width: 25%; padding: 5px 20px; font-size: 14px;\">Acceptable<\/td>\n<\/tr>\n<tr>\n<td style=\"width: 25%; padding: 5px 20px; font-size: 14px; background: #f8fafc;\">Mot-cl\u00e9:<\/td>\n<td style=\"width: 25%; padding: 5px 20px; font-size: 14px;\">Basin Sink Mixer Taps<\/td>\n<td style=\"width: 25%; padding: 5px 20px; font-size: 14px; background: #f8fafc;\">Usage:<\/td>\n<td style=\"width: 25%; padding: 5px 20px; font-size: 14px;\">Washroom Wash Basin Faucet<\/td>\n<\/tr>\n<tr>\n<td style=\"width: 25%; padding: 5px 20px; font-size: 14px; background: #f8fafc;\">Faucet Material:<\/td>\n<td style=\"width: 25%; padding: 5px 20px; font-size: 14px;\">Brass Water Mixer<\/td>\n<td style=\"width: 25%; padding: 5px 20px; font-size: 14px;\"><\/td>\n<td style=\"width: 25%; padding: 5px 20px; font-size: 14px;\"><\/td>\n<\/tr>\n<\/tbody>\n<\/table>\n<\/div>\n<p>&nbsp;<\/p>\n<div id=\"detail_decorate_root\" data-magic-global=\"%7B%22bizId%22%3A2211240675273%2C%22pageId%22%3A21047462405%2C%22siteId%22%3A10002499104%7D\">\n<p>&lt;style&gt;#detail_decorate_root .magic-0{width:750px}#detail_decorate_root .magic-1{overflow:hidden;width:750px;height:661.7647058823529px;margin-top:0;margin-bottom:0;margin-left:0;margin-right:0}#detail_decorate_root .magic-2{margin-top:0;margin-left:0;width:750px;height:661.7647058823529px}#detail_decorate_root .magic-3{border-bottom-style:solid;border-bottom-color:#53647a;font-family:Roboto;font-size:24px;color:#53647a;font-style:normal;border-bottom-width:2px;padding-top:8px;padding-bottom:4px}#detail_decorate_root .magic-4{width:750px;border-collapse:collapse}#detail_decorate_root .magic-5{min-height:28px;padding:5px 10px;width:164px;min-height:28px;box-sizing:content-box}#detail_decorate_root .magic-6{min-height:28px;padding:5px 10px;width:531px;min-height:28px;box-sizing:content-box}#detail_decorate_root .magic-7{display:none}#detail_decorate_root .magic-8{min-height:28px;padding:5px 10px;width:127px;min-height:28px;box-sizing:content-box}#detail_decorate_root .magic-9{min-height:28px;padding:5px 10px;width:530px;min-height:28px;box-sizing:content-box}#detail_decorate_root .magic-10{min-height:28px;padding:5px 10px;width:117px;min-height:28px;box-sizing:content-box}#detail_decorate_root .magic-11{min-height:28px;padding:5px 10px;width:118px;min-height:28px;box-sizing:content-box}#detail_decorate_root .magic-12{margin-bottom:10px;line-height:0}#detail_decorate_root .magic-13{width:750px;height:773px;overflow:hidden;margin-bottom:0}#detail_decorate_root .magic-14{position:relative;left:0;top:0;width:750px;height:773px}#detail_decorate_root .magic-15{width:750px;height:768px;overflow:hidden;margin-bottom:0}#detail_decorate_root .magic-16{position:relative;left:0;top:0;width:750px;height:768px}#detail_decorate_root .magic-17{width:750px;height:415px;overflow:hidden;margin-bottom:0}#detail_decorate_root .magic-18{position:relative;left:0;top:0;width:750px;height:415px}#detail_decorate_root .magic-19{margin-bottom:10px;overflow:hidden}#detail_decorate_root .magic-20{overflow:hidden;width:750px;height:1556px;margin-top:0;margin-bottom:0;margin-left:0;margin-right:0}#detail_decorate_root .magic-21{margin-top:0;margin-left:0;width:750px;height:1556px}#detail_decorate_root .magic-22{overflow:hidden;width:750px;height:2461px;margin-top:0;margin-bottom:0;margin-left:0;margin-right:0}#detail_decorate_root .magic-23{margin-top:0;margin-left:0;width:750px;height:2461px}#detail_decorate_root .magic-24{overflow:hidden;width:750px;height:473px;margin-top:0;margin-bottom:0;margin-left:0;margin-right:0}#detail_decorate_root .magic-25{margin-top:0;margin-left:0;width:750px;height:473px}#detail_decorate_root .magic-26{overflow:hidden;width:750px;height:107px;margin-top:0;margin-bottom:0;margin-left:0;margin-right:0}#detail_decorate_root .magic-27{margin-top:0;margin-left:0;width:750px;height:787px}#detail_decorate_root .magic-28{vertical-align:top}#detail_decorate_root .magic-29{vertical-align:top;display:block;padding-right:4px;box-sizing:border-box;padding-left:4px}#detail_decorate_root .magic-30{vertical-align:top;padding-bottom:4px;box-sizing:border-box;padding-top:4px}#detail_decorate_root .magic-31{padding:0;margin:0;white-space:pre-wrap;font-size:14px}#detail_decorate_root .magic-33{color:#a0b0d0}#detail_decorate_root .magic-34{overflow:hidden;width:750px;height:453px;margin-top:0;margin-bottom:0;margin-left:0;margin-right:0}#detail_decorate_root .magic-35{margin-top:0;margin-left:0;width:750px;height:453px}&lt;\/style&gt;<\/p>\n<div class=\"J_module\">\n<div class=\"icbu-pc-images magic-0\">\n<div>\n<div class=\"flex-layout-v\">\n<div class=\"flex-layout-h magic-0\">\n<div class=\"magic-1\"><img decoding=\"async\" class=\"magic-2 img-self show_imgss\" src=\"https:\/\/ghgalaxyhome.com\/wp-content\/uploads\/2024\/06\/a3888444eb8c2f1a2c7f2df6462e2929.png?x-oss-process=image\/resize,m_lfit,w_1224\/format,webp\/quality,80\" data-src=\"https:\/\/ghgalaxyhome.com\/wp-content\/uploads\/2024\/06\/a3888444eb8c2f1a2c7f2df6462e2929.png\" \/><\/div>\n<\/div>\n<\/div>\n<\/div>\n<\/div>\n<\/div>\n<div class=\"J_module\">\n<div id=\"ali-anchor-AliMagic-7knc1p\" class=\"magic-3\" data-section=\"AliMagic-7knc1p\" data-section-title=\"Products Description\">Description des produits<\/div>\n<\/div>\n<div class=\"J_module\">\n<div class=\"ife-detail-decorate-table\">\n<table class=\"all magic-4\">\n<tbody>\n<tr>\n<td colspan=\"1\" rowspan=\"1\">\n<div class=\"magic-5\">Nom des produits<\/div>\n<\/td>\n<td colspan=\"4\" rowspan=\"1\">\n<div class=\"magic-6\">Robinet de salle de bains \u00e0 poign\u00e9e unique, mitigeur de lavabo, noyau de Valve en laiton chaud et froid chrom\u00e9, robinet de lavabo de salle de bains<\/div>\n<\/td>\n<td class=\"magic-7\" rowspan=\"0\">\n<div class=\"magic-8\"><\/div>\n<\/td>\n<td class=\"magic-7\" rowspan=\"0\">\n<div class=\"magic-8\"><\/div>\n<\/td>\n<td class=\"magic-7\" rowspan=\"0\">\n<div class=\"magic-8\"><\/div>\n<\/td>\n<\/tr>\n<tr>\n<td colspan=\"1\" rowspan=\"1\">\n<div class=\"magic-5\">Marque<\/div>\n<\/td>\n<td colspan=\"4\" rowspan=\"1\">\n<div class=\"magic-6\">Accueil Galaxie<\/div>\n<\/td>\n<td class=\"magic-7\" rowspan=\"0\">\n<div class=\"magic-8\"><\/div>\n<\/td>\n<td class=\"magic-7\" rowspan=\"0\">\n<div class=\"magic-8\"><\/div>\n<\/td>\n<td class=\"magic-7\" rowspan=\"0\">\n<div class=\"magic-8\"><\/div>\n<\/td>\n<\/tr>\n<tr>\n<td colspan=\"1\" rowspan=\"1\">\n<div class=\"magic-5\">Num\u00e9ro de mod\u00e8le.<\/div>\n<\/td>\n<td colspan=\"4\" rowspan=\"1\">\n<div class=\"magic-6\">BF11602YD<\/div>\n<\/td>\n<td class=\"magic-7\" rowspan=\"0\">\n<div class=\"magic-8\"><\/div>\n<\/td>\n<td class=\"magic-7\" rowspan=\"0\">\n<div class=\"magic-8\"><\/div>\n<\/td>\n<td class=\"magic-7\" rowspan=\"0\">\n<div class=\"magic-8\"><\/div>\n<\/td>\n<\/tr>\n<tr>\n<td colspan=\"1\" rowspan=\"1\">\n<div class=\"magic-5\">Mat\u00e9riel<\/div>\n<\/td>\n<td colspan=\"4\" rowspan=\"1\">\n<div class=\"magic-6\">Le corps principal est en cuivre et la poign\u00e9e est en alliage de zinc<\/div>\n<\/td>\n<td class=\"magic-7\" rowspan=\"0\">\n<div class=\"magic-8\"><\/div>\n<\/td>\n<td class=\"magic-7\" rowspan=\"0\">\n<div class=\"magic-8\"><\/div>\n<\/td>\n<td class=\"magic-7\" rowspan=\"0\">\n<div class=\"magic-8\"><\/div>\n<\/td>\n<\/tr>\n<tr>\n<td colspan=\"1\" rowspan=\"1\">\n<div class=\"magic-5\">Mat\u00e9riau du noyau de la vanne<\/div>\n<\/td>\n<td colspan=\"4\" rowspan=\"1\">\n<div class=\"magic-9\">c\u00e9ramique<\/div>\n<\/td>\n<td class=\"magic-7\" rowspan=\"0\">\n<div class=\"magic-10\"><\/div>\n<\/td>\n<td class=\"magic-7\" rowspan=\"0\">\n<div class=\"magic-10\"><\/div>\n<\/td>\n<td class=\"magic-7\" rowspan=\"0\">\n<div class=\"magic-11\"><\/div>\n<\/td>\n<\/tr>\n<tr>\n<td colspan=\"1\" rowspan=\"1\">\n<div class=\"magic-5\">Barboteur<\/div>\n<\/td>\n<td colspan=\"4\" rowspan=\"1\">\n<div class=\"magic-6\">Barboteur suisse r\u00e9cent<\/div>\n<\/td>\n<td class=\"magic-7\" rowspan=\"0\">\n<div class=\"magic-8\"><\/div>\n<\/td>\n<td class=\"magic-7\" rowspan=\"0\">\n<div class=\"magic-8\"><\/div>\n<\/td>\n<td class=\"magic-7\" rowspan=\"0\">\n<div class=\"magic-8\"><\/div>\n<\/td>\n<\/tr>\n<tr>\n<td colspan=\"1\" rowspan=\"1\">\n<div class=\"magic-5\">Avantages du produit<\/div>\n<\/td>\n<td colspan=\"4\" rowspan=\"1\">\n<div class=\"magic-9\">R\u00e9sistance aux hautes temp\u00e9ratures et \u00e9tanch\u00e9it\u00e9\u2026<\/div>\n<\/td>\n<td class=\"magic-7\" rowspan=\"0\">\n<div class=\"magic-8\"><\/div>\n<\/td>\n<td class=\"magic-7\" rowspan=\"0\">\n<div class=\"magic-8\"><\/div>\n<\/td>\n<td class=\"magic-7\" rowspan=\"0\">\n<div class=\"magic-8\"><\/div>\n<\/td>\n<\/tr>\n<\/tbody>\n<\/table>\n<\/div>\n<\/div>\n<div class=\"J_module\">\n<div id=\"ali-anchor-AliMagic-9txo7z\" class=\"magic-3\" data-section=\"AliMagic-9txo7z\" data-section-title=\"Details Images\">D\u00e9tails Images<\/div>\n<\/div>\n<div class=\"J_module\">\n<div class=\"icbu-pc-detailManyImage magic-12\">\n<div class=\"magic-13\"><img decoding=\"async\" class=\"magic-14 img-self show_imgss\" src=\"https:\/\/ghgalaxyhome.com\/wp-content\/uploads\/2024\/06\/490dd6daf7a466f66eac90ecfcf5ca6d.jpg?x-oss-process=image\/resize,m_lfit,w_1224\/format,webp\/quality,80\" data-src=\"https:\/\/ghgalaxyhome.com\/wp-content\/uploads\/2024\/06\/490dd6daf7a466f66eac90ecfcf5ca6d.jpg\" \/><\/div>\n<div class=\"magic-15\"><img decoding=\"async\" class=\"magic-16 img-self show_imgss\" src=\"https:\/\/ghgalaxyhome.com\/wp-content\/uploads\/2024\/06\/153138c58d9fc0728f263b908b8837f0.jpg?x-oss-process=image\/resize,m_lfit,w_1224\/format,webp\/quality,80\" data-src=\"https:\/\/ghgalaxyhome.com\/wp-content\/uploads\/2024\/06\/153138c58d9fc0728f263b908b8837f0.jpg\" \/><\/div>\n<div class=\"magic-17\"><img decoding=\"async\" class=\"magic-18 img-self show_imgss\" src=\"https:\/\/ghgalaxyhome.com\/wp-content\/uploads\/2024\/06\/76574a68e46fb4042df70d4887fd6939.jpg?x-oss-process=image\/resize,m_lfit,w_1224\/format,webp\/quality,80\" data-src=\"https:\/\/ghgalaxyhome.com\/wp-content\/uploads\/2024\/06\/76574a68e46fb4042df70d4887fd6939.jpg\" \/><\/div>\n<\/div>\n<\/div>\n<div class=\"J_module\">\n<div id=\"ali-anchor-AliMagic-502dej\" class=\"magic-3\" data-section=\"AliMagic-502dej\" data-section-title=\"Recommend Products\">Recommander des produits<\/div>\n<\/div>\n<div class=\"J_module\">\n<div class=\"icbu-pc-detailSellerRecommend magic-19\" data-magic=\"{&quot;mds&quot;:{&quot;assetsVersion&quot;:&quot;0.0.14&quot;,&quot;assetsPackageName&quot;:&quot;icbumod&quot;,&quot;moduleNameAlias&quot;:&quot;icbu-pc-detailSellerRecommend&quot;,&quot;moduleData&quot;:{&quot;config&quot;:{&quot;columnCount&quot;:4,&quot;titleKey&quot;:6,&quot;products&quot;:[1600415507284,1600415893266,1600426566905,1600425617229,1600424614274,1600424395822,1600375872319,1600361622695,1600369391093,1600396667144,1600409885545,1600387357607]}}},&quot;version&quot;:1}\"><\/div>\n<\/div>\n<div class=\"J_module\">\n<div class=\"icbu-pc-images magic-0\">\n<div>\n<div class=\"flex-layout-v\">\n<div class=\"flex-layout-h magic-0\">\n<div class=\"magic-20\"><img decoding=\"async\" class=\"magic-21 img-self show_imgss\" src=\"https:\/\/ghgalaxyhome.com\/wp-content\/uploads\/2024\/06\/232819ccbb2ef3c7fed622427453aaee.jpg?x-oss-process=image\/resize,m_lfit,w_1224\/format,webp\/quality,80\" data-src=\"https:\/\/ghgalaxyhome.com\/wp-content\/uploads\/2024\/06\/232819ccbb2ef3c7fed622427453aaee.jpg\" \/><\/div>\n<\/div>\n<\/div>\n<\/div>\n<\/div>\n<\/div>\n<div class=\"J_module\">\n<div class=\"icbu-pc-images magic-0\">\n<div>\n<div class=\"flex-layout-v\">\n<div class=\"flex-layout-h magic-0\">\n<div class=\"magic-22\"><img decoding=\"async\" class=\"magic-23 img-self show_imgss\" src=\"https:\/\/ghgalaxyhome.com\/wp-content\/uploads\/2024\/06\/6c7f50c25a52eda82c335f03b6db3227.jpg?x-oss-process=image\/resize,m_lfit,w_1224\/format,webp\/quality,80\" data-src=\"https:\/\/ghgalaxyhome.com\/wp-content\/uploads\/2024\/06\/6c7f50c25a52eda82c335f03b6db3227.jpg\" \/><\/div>\n<\/div>\n<\/div>\n<\/div>\n<\/div>\n<\/div>\n<div class=\"J_module\">\n<div class=\"icbu-pc-images magic-0\">\n<div>\n<div class=\"flex-layout-v\">\n<div class=\"flex-layout-h magic-0\">\n<div class=\"magic-24\"><img decoding=\"async\" class=\"magic-25 img-self show_imgss\" src=\"https:\/\/ghgalaxyhome.com\/wp-content\/uploads\/2024\/06\/812643060191df6ea0c9f14f0ebcbe18.jpg?x-oss-process=image\/resize,m_lfit,w_1224\/format,webp\/quality,80\" data-src=\"https:\/\/ghgalaxyhome.com\/wp-content\/uploads\/2024\/06\/812643060191df6ea0c9f14f0ebcbe18.jpg\" \/><\/div>\n<\/div>\n<\/div>\n<\/div>\n<\/div>\n<\/div>\n<div class=\"J_module\">\n<div class=\"icbu-pc-images magic-0\">\n<div>\n<div class=\"flex-layout-v\">\n<div class=\"flex-layout-h magic-0\">\n<div class=\"magic-26\"><img decoding=\"async\" class=\"magic-27 img-self show_imgss\" src=\"https:\/\/ghgalaxyhome.com\/wp-content\/uploads\/2024\/06\/e48d2dd6f83d26f84c395a9228c855e6.jpg?x-oss-process=image\/resize,m_lfit,w_1224\/format,webp\/quality,80\" data-src=\"https:\/\/ghgalaxyhome.com\/wp-content\/uploads\/2024\/06\/e48d2dd6f83d26f84c395a9228c855e6.jpg\" \/><\/div>\n<\/div>\n<\/div>\n<\/div>\n<\/div>\n<\/div>\n<div class=\"J_module\">\n<div class=\"detail-decorate-json-renderer-container\">\n<div class=\"magic-28\">\n<div class=\"magic-29\">\n<div class=\"magic-30\">\n<div class=\"magic-31\">\n<p><b><span style=\"color: #000000;\">Q : Comment puis-je obtenir le prix ?<\/span><\/b><\/p>\n<div><span style=\"color: #7a90b2;\"><b class=\"magic-32\">UN:<\/b> Nous citons g\u00e9n\u00e9ralement dans les 24 heures suivant la r\u00e9ception de votre demande (sauf week-end et jours f\u00e9ri\u00e9s). Si vous \u00eates press\u00e9 d&#039;obtenir le prix, veuillez nous envoyer un e-mail ou nous contacter par d&#039;autres moyens afin que nous puissions vous proposer un devis.<\/span><\/div>\n<div><span class=\"magic-32\"><span style=\"color: #7a90b2;\">&#8212;&#8212;&#8212;&#8212;&#8212;&#8212;&#8212;&#8212;&#8212;&#8212;&#8212;&#8212;&#8212;&#8212;&#8212;&#8212;&#8212;&#8212;&#8212;&#8212;&#8212;&#8212;&#8212;&#8212;&#8212;&#8212;&#8212;&#8212;&#8212;&#8212;&#8212;&#8212;&#8212;&#8212;&#8212;&#8212;&#8212;&#8212;&#8212;&#8212;&#8212;&#8212;&#8212;&#8212;&#8212;&#8212;&#8212;&#8212;&#8212;&#8212;&#8212;&#8212;&#8212;&#8212;&#8212;&#8212;&#8212;&#8212;&#8212;&#8212;&#8212;&#8212;&#8212;&#8212;&#8212;-<\/span><span style=\"color: #a0b0d0;\"><br \/>\n<\/span><\/span><b>Question\u00a0: <span class=\"magic-32\">Puis-je acheter des \u00e9chantillons ?<br \/>\n<\/span><\/b><span style=\"color: #7a90b2;\"><b class=\"magic-32\">UN: <\/b>Oui. N&#039;h\u00e9sitez pas \u00e0 nous contacter.<br \/>\n&#8212;&#8212;&#8212;&#8212;&#8212;&#8212;&#8212;&#8212;&#8212;&#8212;&#8212;&#8212;&#8212;&#8212;&#8212;&#8212;&#8212;&#8212;&#8212;&#8212;&#8212;&#8212;&#8212;&#8212;&#8212;&#8212;&#8212;&#8212;&#8212;&#8212;&#8212;&#8212;&#8212;&#8212;&#8212;&#8212;&#8212;&#8212;&#8212;&#8212;&#8212;&#8212;&#8212;&#8212;&#8212;&#8212;&#8212;&#8212;&#8212;&#8212;&#8212;&#8212;&#8212;&#8212;&#8212;&#8212;&#8212;&#8212;&#8212;&#8212;&#8212;&#8212;&#8212;&#8212;&#8212;-<\/span><\/div>\n<div><b class=\"magic-32\"><span style=\"color: #000000;\">Q : Quel est votre d\u00e9lai de livraison ?<\/span><\/b><span style=\"color: #a0b0d0;\"><br \/>\n<\/span><span style=\"color: #7a90b2;\"><span class=\"magic-32\"><b class=\"magic-32\">UN:<\/b> Cela d\u00e9pend de la quantit\u00e9 command\u00e9e et de la saison pendant laquelle vous passez la commande. Habituellement, nous pouvons exp\u00e9dier sous 7 \u00e0 15 jours pour une petite quantit\u00e9 et environ 30 jours pour une grande quantit\u00e9.<br \/>\n<\/span>&#8212;&#8212;&#8212;&#8212;&#8212;&#8212;&#8212;&#8212;&#8212;&#8212;&#8212;&#8212;&#8212;&#8212;&#8212;&#8212;&#8212;&#8212;&#8212;&#8212;&#8212;&#8212;&#8212;&#8212;&#8212;&#8212;&#8212;&#8212;&#8212;&#8212;&#8212;&#8212;&#8212;&#8212;&#8212;&#8212;&#8212;&#8212;&#8212;&#8212;&#8212;&#8212;&#8212;&#8212;&#8212;&#8212;&#8212;&#8212;&#8212;&#8212;&#8212;&#8212;&#8212;&#8212;&#8212;&#8212;&#8212;&#8212;&#8212;&#8212;&#8212;&#8212;&#8212;&#8212;&#8212;-<\/span><\/div>\n<div><b class=\"magic-32\"><span style=\"color: #000000;\">Q : Quelle est votre condition de paiement ?<br \/>\n<\/span><\/b><span style=\"color: #7a90b2;\"><b class=\"magic-32\">UN:<\/b> T\/T, Western Union, MoneyGram et Paypal. C&#039;est n\u00e9gociable.<br \/>\n<span>&#8212;&#8212;&#8212;&#8212;&#8212;&#8212;&#8212;&#8212;&#8212;&#8212;&#8212;&#8212;&#8212;&#8212;&#8212;&#8212;&#8212;&#8212;&#8212;&#8212;&#8212;&#8212;&#8212;&#8212;&#8212;&#8212;&#8212;&#8212;&#8212;&#8212;&#8212;&#8212;&#8212;&#8212;&#8212;&#8212;&#8212;&#8212;&#8212;&#8212;&#8212;&#8212;&#8212;&#8212;&#8212;&#8212;&#8212;&#8212;&#8212;&#8212;&#8212;&#8212;&#8212;&#8212;&#8212;&#8212;&#8212;&#8212;&#8212;&#8212;&#8212;&#8212;&#8212;&#8212;&#8212;-<\/span><\/span><\/div>\n<div><b class=\"magic-32\"><span style=\"color: #000000;\">Q : Quelle est la m\u00e9thode d\u2019exp\u00e9dition ?<\/span><\/b><\/div>\n<div><span style=\"color: #7a90b2;\"><b class=\"magic-32\">UN:<\/b>Il peut \u00eatre exp\u00e9di\u00e9 par voie maritime, a\u00e9rienne ou express (EMS, UPS, DHL, TNT, FEDEX, etc.). Veuillez confirmer avec nous avant de passer commande.<\/span><\/div>\n<div><span class=\"magic-32\"><span style=\"color: #7a90b2;\">&#8212;&#8212;&#8212;&#8212;&#8212;&#8212;&#8212;&#8212;&#8212;&#8212;&#8212;&#8212;&#8212;&#8212;&#8212;&#8212;&#8212;&#8212;&#8212;&#8212;&#8212;&#8212;&#8212;&#8212;&#8212;&#8212;&#8212;&#8212;&#8212;&#8212;&#8212;&#8212;&#8212;&#8212;&#8212;&#8212;&#8212;&#8212;&#8212;&#8212;&#8212;&#8212;&#8212;&#8212;&#8212;&#8212;&#8212;&#8212;&#8212;&#8212;&#8212;&#8212;&#8212;&#8212;&#8212;&#8212;&#8212;&#8212;&#8212;&#8212;&#8212;&#8212;&#8212;&#8212;&#8212;-<\/span><\/span><span class=\"magic-33\"><br \/>\n<\/span><b class=\"magic-32\"><span style=\"color: #000000;\">Q\u00a0:\u00a0Comment faites-vous pour que nos relations commerciales soient durables et bonnes\u00a0?<\/span><\/b><\/div>\n<div><span style=\"color: #7a90b2;\"><b class=\"magic-32\">UN:<\/b> Nous maintenons une bonne qualit\u00e9 et des prix comp\u00e9titifs pour garantir le b\u00e9n\u00e9fice de nos clients. De plus, nous respectons chaque client comme notre ami et nous faisons sinc\u00e8rement des affaires et nous lions d&#039;amiti\u00e9 avec eux, peu importe d&#039;o\u00f9 ils viennent.<b class=\"magic-32\"><br \/>\n<\/b>&#8212;&#8212;&#8212;&#8212;&#8212;&#8212;&#8212;&#8212;&#8212;&#8212;&#8212;&#8212;&#8212;&#8212;&#8212;&#8212;&#8212;&#8212;&#8212;&#8212;&#8212;&#8212;&#8212;&#8212;&#8212;&#8212;&#8212;&#8212;&#8212;&#8212;&#8212;&#8212;&#8212;&#8212;&#8212;&#8212;&#8212;&#8212;&#8212;&#8212;&#8212;&#8212;&#8212;&#8212;&#8212;&#8212;&#8212;&#8212;&#8212;&#8212;&#8212;&#8212;&#8212;&#8212;&#8212;&#8212;&#8212;&#8212;&#8212;&#8212;&#8212;&#8212;&#8212;&#8212;&#8212;-<\/span><\/div>\n<\/div>\n<\/div>\n<\/div>\n<\/div>\n<\/div>\n<\/div>\n<div class=\"J_module\">\n<div class=\"icbu-pc-images magic-0\">\n<div>\n<div class=\"flex-layout-v\">\n<div class=\"flex-layout-h magic-0\">\n<div class=\"magic-34\"><img decoding=\"async\" class=\"magic-35 img-self show_imgss\" src=\"https:\/\/ghgalaxyhome.com\/wp-content\/uploads\/2024\/06\/f720390c06422a9260318d0aa9e95dec.jpg?x-oss-process=image\/resize,m_lfit,w_1224\/format,webp\/quality,80\" data-src=\"https:\/\/ghgalaxyhome.com\/wp-content\/uploads\/2024\/06\/f720390c06422a9260318d0aa9e95dec.jpg\" \/><\/div>\n<\/div>\n<\/div>\n<\/div>\n<\/div>\n<\/div>\n<\/div>\n<\/div>","protected":false},"excerpt":{"rendered":"<p>Les technologies peuvent garantir que notre processus de fabrication est rationalis\u00e9 et am\u00e9lior\u00e9, ce qui nous fait gagner beaucoup de temps et d&#039;\u00e9nergie. Sa couverture d&#039;application a \u00e9t\u00e9 \u00e9tendue au(x) domaine(s) des robinets.<\/p>","protected":false},"featured_media":30719,"comment_status":"open","ping_status":"closed","template":"","meta":[],"product_brand":[],"product_cat":[24],"product_tag":[],"class_list":{"0":"post-30714","1":"product","2":"type-product","3":"status-publish","4":"has-post-thumbnail","6":"product_cat-products-40776","8":"first","9":"instock","10":"shipping-taxable","11":"product-type-simple"},"_links":{"self":[{"href":"https:\/\/ghgalaxyhome.com\/fr\/wp-json\/wp\/v2\/product\/30714","targetHints":{"allow":["GET"]}}],"collection":[{"href":"https:\/\/ghgalaxyhome.com\/fr\/wp-json\/wp\/v2\/product"}],"about":[{"href":"https:\/\/ghgalaxyhome.com\/fr\/wp-json\/wp\/v2\/types\/product"}],"replies":[{"embeddable":true,"href":"https:\/\/ghgalaxyhome.com\/fr\/wp-json\/wp\/v2\/comments?post=30714"}],"version-history":[{"count":2,"href":"https:\/\/ghgalaxyhome.com\/fr\/wp-json\/wp\/v2\/product\/30714\/revisions"}],"predecessor-version":[{"id":30743,"href":"https:\/\/ghgalaxyhome.com\/fr\/wp-json\/wp\/v2\/product\/30714\/revisions\/30743"}],"wp:featuredmedia":[{"embeddable":true,"href":"https:\/\/ghgalaxyhome.com\/fr\/wp-json\/wp\/v2\/media\/30719"}],"wp:attachment":[{"href":"https:\/\/ghgalaxyhome.com\/fr\/wp-json\/wp\/v2\/media?parent=30714"}],"wp:term":[{"taxonomy":"product_brand","embeddable":true,"href":"https:\/\/ghgalaxyhome.com\/fr\/wp-json\/wp\/v2\/product_brand?post=30714"},{"taxonomy":"product_cat","embeddable":true,"href":"https:\/\/ghgalaxyhome.com\/fr\/wp-json\/wp\/v2\/product_cat?post=30714"},{"taxonomy":"product_tag","embeddable":true,"href":"https:\/\/ghgalaxyhome.com\/fr\/wp-json\/wp\/v2\/product_tag?post=30714"}],"curies":[{"name":"wp","href":"https:\/\/api.w.org\/{rel}","templated":true}]}}