{"id":30667,"date":"2024-06-09T14:27:22","date_gmt":"2024-06-09T14:27:22","guid":{"rendered":"https:\/\/ghgalaxyhome.com\/?post_type=product&#038;p=30667"},"modified":"2024-06-09T14:27:37","modified_gmt":"2024-06-09T14:27:37","slug":"products-detail-581606","status":"publish","type":"product","link":"https:\/\/ghgalaxyhome.com\/fr\/video\/products-detail-581606","title":{"rendered":"Galaxy Home \u2013 Robinets de salle de bains modernes mont\u00e9s sur le pont, robinet de lavabo sans pression, robinet de luxe, robinets m\u00e9langeurs d&#039;eau"},"content":{"rendered":"<div class=\"cons_box ls-product\">\n<p>Foshan Baihuo Home Technology Co., Ltd. has many years rich experience in manufacturing Modern Bathroom Faucets Deck Mounted Less Pressure Basin Faucet Luxury Faucet Water Tap Mixer. Modern Bathroom Faucets Deck Mounted Less Pressure Basin Faucet Luxury Faucet Water Tap Mixer can bring greater value to customers and help customers gain a firm foothold in the complex market environment. Modern Bathroom Faucets Deck Mounted Less Pressure Basin Faucet Luxury Faucet Water Tap Mixer is not only manufactured to draw the attention of people but also to bring them convenience and benefits. Designed by creative designers, Bathroom vanities, bathtubs, toilets, faucets, shower enclosures and other accessories presents a style of aesthetics. In addition, it is excellent characterized thanks to the adopted high-quality raw materials and high-end technologies.<\/p>\n<div class=\"rich-text-table\">\n<table>\n<tbody>\n<tr>\n<td style=\"width:25%;padding:5px 20px;font-size:14px;background:#f8fafc\">Num\u00e9ro de mod\u00e8le:<\/td>\n<td style=\"width:25%;padding:5px 20px;font-size:14px\">BF08609<\/td>\n<td style=\"width:25%;padding:5px 20px;font-size:14px;background:#f8fafc\">Taper:<\/td>\n<td style=\"width:25%;padding:5px 20px;font-size:14px\">Robinets de lavabo<\/td>\n<\/tr>\n<tr>\n<td style=\"width:25%;padding:5px 20px;font-size:14px;background:#f8fafc\">Garantie:<\/td>\n<td style=\"width:25%;padding:5px 20px;font-size:14px\">5 ann\u00e9es<\/td>\n<td style=\"width:25%;padding:5px 20px;font-size:14px;background:#f8fafc\">Mat\u00e9riel:<\/td>\n<td style=\"width:25%;padding:5px 20px;font-size:14px\">Laiton, corps principal en laiton, poign\u00e9e en alliage de zinc<\/td>\n<\/tr>\n<tr>\n<td style=\"width:25%;padding:5px 20px;font-size:14px;background:#f8fafc\">Service apr\u00e8s-vente:<\/td>\n<td style=\"width:25%;padding:5px 20px;font-size:14px\">Support technique en ligne, pi\u00e8ces de rechange gratuites<\/td>\n<td style=\"width:25%;padding:5px 20px;font-size:14px;background:#f8fafc\">Capacit\u00e9 de la solution du projet\u00a0:<\/td>\n<td style=\"width:25%;padding:5px 20px;font-size:14px\">conception graphique, conception de mod\u00e8les 3D, solution totale pour les projets, consolidation multicat\u00e9gories<\/td>\n<\/tr>\n<tr>\n<td style=\"width:25%;padding:5px 20px;font-size:14px;background:#f8fafc\">Application:<\/td>\n<td style=\"width:25%;padding:5px 20px;font-size:14px\">H\u00f4tel Villa Appartement<\/td>\n<td style=\"width:25%;padding:5px 20px;font-size:14px;background:#f8fafc\">Style de conception\u00a0:<\/td>\n<td style=\"width:25%;padding:5px 20px;font-size:14px\">Moderne<\/td>\n<\/tr>\n<tr>\n<td style=\"width:25%;padding:5px 20px;font-size:14px;background:#f8fafc\">Lieu d&#039;origine\u00a0:<\/td>\n<td style=\"width:25%;padding:5px 20px;font-size:14px\">Guangdong, Chine<\/td>\n<td style=\"width:25%;padding:5px 20px;font-size:14px;background:#f8fafc\">Marque:<\/td>\n<td style=\"width:25%;padding:5px 20px;font-size:14px\">Accueil Galaxie<\/td>\n<\/tr>\n<tr>\n<td style=\"width:25%;padding:5px 20px;font-size:14px;background:#f8fafc\">Fonctionnalit\u00e9:<\/td>\n<td style=\"width:25%;padding:5px 20px;font-size:14px\">Robinets avec compteur<\/td>\n<td style=\"width:25%;padding:5px 20px;font-size:14px;background:#f8fafc\">Traitement de surface:<\/td>\n<td style=\"width:25%;padding:5px 20px;font-size:14px\">Brillant<\/td>\n<\/tr>\n<tr>\n<td style=\"width:25%;padding:5px 20px;font-size:14px;background:#f8fafc\">Support de robinet\u00a0:<\/td>\n<td style=\"width:25%;padding:5px 20px;font-size:14px\">Trou unique<\/td>\n<td style=\"width:25%;padding:5px 20px;font-size:14px;background:#f8fafc\">Type d&#039;installation\u00a0:<\/td>\n<td style=\"width:25%;padding:5px 20px;font-size:14px\">Mont\u00e9 sur le pont<\/td>\n<\/tr>\n<tr>\n<td style=\"width:25%;padding:5px 20px;font-size:14px;background:#f8fafc\">Nombre de poign\u00e9es\u00a0:<\/td>\n<td style=\"width:25%;padding:5px 20px;font-size:14px\">Poign\u00e9e unique<\/td>\n<td style=\"width:25%;padding:5px 20px;font-size:14px;background:#f8fafc\">Style:<\/td>\n<td style=\"width:25%;padding:5px 20px;font-size:14px\">Contemporain, Robinet de lavabo, Mitigeur de lavabo<\/td>\n<\/tr>\n<tr>\n<td style=\"width:25%;padding:5px 20px;font-size:14px;background:#f8fafc\">Mat\u00e9riau du noyau de valve\u00a0:<\/td>\n<td style=\"width:25%;padding:5px 20px;font-size:14px\">Laiton<\/td>\n<td style=\"width:25%;padding:5px 20px;font-size:14px;background:#f8fafc\">Fonction:<\/td>\n<td style=\"width:25%;padding:5px 20px;font-size:14px\">Chaud et froid<\/td>\n<\/tr>\n<tr>\n<td style=\"width:25%;padding:5px 20px;font-size:14px;background:#f8fafc\">Couleur:<\/td>\n<td style=\"width:25%;padding:5px 20px;font-size:14px\">Chrome<\/td>\n<td style=\"width:25%;padding:5px 20px;font-size:14px\"><\/td>\n<td style=\"width:25%;padding:5px 20px;font-size:14px\"><\/td>\n<\/tr>\n<\/tbody>\n<\/table>\n<\/div>\n<p><\/p>\n<div data-magic-global=\"%7B%22bizId%22%3A2211240675273%2C%22pageId%22%3A21002106215%2C%22siteId%22%3A10002499104%7D\" id=\"detail_decorate_root\">#detail_decorate_root .magic-0{border-bottom-style:solid;border-bottom-color:#53647a;font-family:Roboto;font-size:24px;color:#53647a;font-style:normal;border-bottom-width\u00a0: 2px;padding-top:8px;padding-bottom:4px}#detail_decorate_root .magic-1{width:750px;border-collapse:collapse}#detail_decorate_root .magic-2{min-height:28px;padding:5px 10px;largeur:164px ;hauteur min:28px;dimensionnement de la bo\u00eete:content-box}#detail_decorate_root .magic-3{hauteur min:28px;padding:5px 10px;largeur:531px;hauteur min:28px;dimensionnement de la bo\u00eete:content-box} #detail_decorate_root .magic-4{display:none}#detail_decorate_root .magic-5{min-height:28px;padding:5px 10px;largeur:127px;min-height:28px;box-sizing:content-box}#detail_decorate_root .magic-6 {hauteur min: 28 px; rembourrage: 5 px 10 px; largeur: 530 px; hauteur min: 28 px; box-sizing: content-box} #detail_decorate_root .magic-7 {hauteur min: 28 px; rembourrage: 5 px 10 px; largeur: 117 px ;hauteur min:28px;dimensionnement de la bo\u00eete:content-box}#detail_decorate_root .magic-8{hauteur min:28px;padding:5px 10px;largeur:118px;hauteur min:28px;dimensionnement de la bo\u00eete:content-box} #detail_decorate_root .magic-9{margin-bottom:10px;line-height:0}#detail_decorate_root .magic-10{margin-bottom:0}#detail_decorate_root .magic-11{position:relative;width:100%}#detail_decorate_root .magic-12{ margin-bottom:10px;overflow:hidden}#detail_decorate_root .magic-13{width:750px}#detail_decorate_root .magic-14{overflow:hidden;width:750px;height:422px;margin-top:0;margin-bottom:0; margin-left:0;margin-right:0}#detail_decorate_root .magic-15{margin-top:0;margin-left:0;width:750px;height:422px}#detail_decorate_root .magic-16{overflow:hidden;width\u00a0: 750px;hauteur:954px;margin-top:0;margin-bottom:0;margin-left:0;margin-right:0}#detail_decorate_root .magic-17{margin-top:0;margin-left:0;largeur\u00a0: 750px;hauteur:954px}#detail_decorate_root .magic-18{overflow:hidden;width:750px;hauteur:473px;margin-top:0;margin-bottom:0;margin-left:0;margin-right:0}#detail_decorate_root . magic-19{margin-top:0;margin-left:0;width:750px;height:473px}#detail_decorate_root .magic-20{overflow:hidden;width:750px;height:671px;margin-top:0;margin- bottom:0;margin-left:0;margin-right:0}#detail_decorate_root .magic-21{margin-top:0;margin-left:0;width:750px;height:671px}#detail_decorate_root .magic-22{overflow\u00a0: cach\u00e9; largeur: 750 px; hauteur: 793 px; marge-haut: 0; marge-bas: 0; marge-gauche: 0; marge-droite: 0}#detail_decorate_root .magic-23{margin-top:0;marge-gauche\u00a0: 0;largeur:750px;hauteur:793px}#detail_decorate_root .magic-24{overflow:hidden;largeur:750px;hauteur:453px;marge-haut:0;marge-bas:0;marge-gauche:0;marge-droite\u00a0: 0}#detail_decorate_root .magic-25{margin-top:0;margin-left:0;largeur:750px;hauteur:453px}<\/p>\n<div class=\"J_module\">\n<div id=\"ali-anchor-AliMagic-mwlk77\" data-section=\"AliMagic-mwlk77\" data-section-title=\"Products Description\" class=\"magic-0\">Description des produits<\/div>\n<\/div>\n<div class=\"J_module\">\n<div class=\"ife-detail-decorate-table\">\n<table class=\"all magic-1\">\n<tbody>\n<tr>\n<td colspan=\"1\" rowspan=\"1\">\n<div class=\"magic-2\">Nom des produits<\/div>\n<\/td>\n<td colspan=\"4\" rowspan=\"1\">\n<div class=\"magic-3\">Modern Bathroom Faucets Deck Mounted Less Pressure Basin Faucet Luxury Faucet Water Tap Mixer<\/div>\n<\/td>\n<td rowspan=\"0\" class=\"magic-4\">\n<div class=\"magic-5\"><\/div>\n<\/td>\n<td rowspan=\"0\" class=\"magic-4\">\n<div class=\"magic-5\"><\/div>\n<\/td>\n<td rowspan=\"0\" class=\"magic-4\">\n<div class=\"magic-5\"><\/div>\n<\/td>\n<\/tr>\n<tr>\n<td colspan=\"1\" rowspan=\"1\">\n<div class=\"magic-2\">Marque<\/div>\n<\/td>\n<td colspan=\"4\" rowspan=\"1\">\n<div class=\"magic-3\">Accueil Galaxie<\/div>\n<\/td>\n<td rowspan=\"0\" class=\"magic-4\">\n<div class=\"magic-5\"><\/div>\n<\/td>\n<td rowspan=\"0\" class=\"magic-4\">\n<div class=\"magic-5\"><\/div>\n<\/td>\n<td rowspan=\"0\" class=\"magic-4\">\n<div class=\"magic-5\"><\/div>\n<\/td>\n<\/tr>\n<tr>\n<td colspan=\"1\" rowspan=\"1\">\n<div class=\"magic-2\">Num\u00e9ro de mod\u00e8le.<\/div>\n<\/td>\n<td colspan=\"4\" rowspan=\"1\">\n<div class=\"magic-3\">BF08609<\/div>\n<\/td>\n<td rowspan=\"0\" class=\"magic-4\">\n<div class=\"magic-5\"><\/div>\n<\/td>\n<td rowspan=\"0\" class=\"magic-4\">\n<div class=\"magic-5\"><\/div>\n<\/td>\n<td rowspan=\"0\" class=\"magic-4\">\n<div class=\"magic-5\"><\/div>\n<\/td>\n<\/tr>\n<tr>\n<td colspan=\"1\" rowspan=\"1\">\n<div class=\"magic-2\">Mat\u00e9riel<\/div>\n<\/td>\n<td colspan=\"4\" rowspan=\"1\">\n<div class=\"magic-3\">Corps principal en laiton, poign\u00e9e en alliage de zinc<\/div>\n<\/td>\n<td rowspan=\"0\" class=\"magic-4\">\n<div class=\"magic-5\"><\/div>\n<\/td>\n<td rowspan=\"0\" class=\"magic-4\">\n<div class=\"magic-5\"><\/div>\n<\/td>\n<td rowspan=\"0\" class=\"magic-4\">\n<div class=\"magic-5\"><\/div>\n<\/td>\n<\/tr>\n<tr>\n<td colspan=\"1\" rowspan=\"1\">\n<div class=\"magic-2\">Mat\u00e9riau du noyau de la vanne<\/div>\n<\/td>\n<td colspan=\"4\" rowspan=\"1\">\n<div class=\"magic-6\">Laiton<\/div>\n<\/td>\n<td rowspan=\"0\" class=\"magic-4\">\n<div class=\"magic-7\"><\/div>\n<\/td>\n<td rowspan=\"0\" class=\"magic-4\">\n<div class=\"magic-7\"><\/div>\n<\/td>\n<td rowspan=\"0\" class=\"magic-4\">\n<div class=\"magic-8\"><\/div>\n<\/td>\n<\/tr>\n<tr>\n<td colspan=\"1\" rowspan=\"1\">\n<div class=\"magic-2\">Couleur<\/div>\n<\/td>\n<td colspan=\"4\" rowspan=\"1\">\n<div class=\"magic-3\">Chrome<\/div>\n<\/td>\n<td rowspan=\"0\" class=\"magic-4\">\n<div class=\"magic-5\"><\/div>\n<\/td>\n<td rowspan=\"0\" class=\"magic-4\">\n<div class=\"magic-5\"><\/div>\n<\/td>\n<td rowspan=\"0\" class=\"magic-4\">\n<div class=\"magic-5\"><\/div>\n<\/td>\n<\/tr>\n<tr>\n<td colspan=\"1\" rowspan=\"1\">\n<div class=\"magic-2\">Traitement de surface<\/div>\n<\/td>\n<td colspan=\"4\" rowspan=\"1\">\n<div class=\"magic-3\">Finition polie et \u00e9lectrolytique<\/div>\n<\/td>\n<td rowspan=\"0\" class=\"magic-4\">\n<div class=\"magic-5\"><\/div>\n<\/td>\n<td rowspan=\"0\" class=\"magic-4\">\n<div class=\"magic-5\"><\/div>\n<\/td>\n<td rowspan=\"0\" class=\"magic-4\">\n<div class=\"magic-5\"><\/div>\n<\/td>\n<\/tr>\n<tr>\n<td colspan=\"1\" rowspan=\"1\">\n<div class=\"magic-2\">Type d&#039;installation<\/div>\n<\/td>\n<td colspan=\"4\" rowspan=\"1\">\n<div class=\"magic-6\">Mont\u00e9 sur le pont<\/div>\n<\/td>\n<td rowspan=\"0\" class=\"magic-4\">\n<div class=\"magic-5\"><\/div>\n<\/td>\n<td rowspan=\"0\" class=\"magic-4\">\n<div class=\"magic-5\"><\/div>\n<\/td>\n<td rowspan=\"0\" class=\"magic-4\">\n<div class=\"magic-5\"><\/div>\n<\/td>\n<\/tr>\n<\/tbody>\n<\/table>\n<\/div>\n<\/div>\n<div class=\"J_module\">\n<div id=\"ali-anchor-AliMagic-f81cqy\" data-section=\"AliMagic-f81cqy\" data-section-title=\"Details Images\" class=\"magic-0\">D\u00e9tails Images<\/div>\n<\/div>\n<div class=\"J_module\">\n<div class=\"icbu-pc-detailManyImage magic-9\">\n<div class=\"magic-10\"><img decoding=\"async\" data-src=\"https:\/\/imgbd.weyesimg.com\/prod\/moving\/img\/96aab06199335991f33366894aebf8dd\/a539af012e91589a76ab79673c62d37a.jpg\" src=\"https:\/\/imgbd.weyesimg.com\/prod\/moving\/img\/96aab06199335991f33366894aebf8dd\/a539af012e91589a76ab79673c62d37a.jpg?x-oss-process=image\/resize,m_lfit,w_1224\/format,webp\/quality,80\" class=\"magic-11 img-self show_imgss\"><\/div>\n<div class=\"magic-10\"><img decoding=\"async\" data-src=\"https:\/\/imgbd.weyesimg.com\/prod\/moving\/img\/96aab06199335991f33366894aebf8dd\/c43fd6d3606faa51bf60372fa558949a.jpg\" src=\"https:\/\/imgbd.weyesimg.com\/prod\/moving\/img\/96aab06199335991f33366894aebf8dd\/c43fd6d3606faa51bf60372fa558949a.jpg?x-oss-process=image\/resize,m_lfit,w_1224\/format,webp\/quality,80\" class=\"magic-11 img-self show_imgss\"><\/div>\n<div class=\"magic-10\"><img decoding=\"async\" data-src=\"https:\/\/imgbd.weyesimg.com\/prod\/moving\/img\/96aab06199335991f33366894aebf8dd\/1cf8f26da17e59d86fed9b3dfa2a6fb5.jpg\" src=\"https:\/\/imgbd.weyesimg.com\/prod\/moving\/img\/96aab06199335991f33366894aebf8dd\/1cf8f26da17e59d86fed9b3dfa2a6fb5.jpg?x-oss-process=image\/resize,m_lfit,w_1224\/format,webp\/quality,80\" class=\"magic-11 img-self show_imgss\"><\/div>\n<div class=\"magic-10\"><img decoding=\"async\" data-src=\"https:\/\/imgbd.weyesimg.com\/prod\/moving\/img\/96aab06199335991f33366894aebf8dd\/38f5adc33fbf42ad34d34565455180c0.jpg\" src=\"https:\/\/imgbd.weyesimg.com\/prod\/moving\/img\/96aab06199335991f33366894aebf8dd\/38f5adc33fbf42ad34d34565455180c0.jpg?x-oss-process=image\/resize,m_lfit,w_1224\/format,webp\/quality,80\" class=\"magic-11 img-self show_imgss\"><\/div>\n<\/div>\n<\/div>\n<div class=\"J_module\">\n<div id=\"ali-anchor-AliMagic-c1ftog\" data-section=\"AliMagic-c1ftog\" data-section-title=\"Recommend Products\" class=\"magic-0\">Recommander des produits<\/div>\n<\/div>\n<div class=\"J_module\">\n<div data-magic=\"{&quot;mds&quot;:{&quot;assetsVersion&quot;:&quot;0.0.14&quot;,&quot;assetsPackageName&quot;:&quot;icbumod&quot;,&quot;moduleNameAlias&quot;:&quot;icbu-pc-detailSellerRecommend&quot;,&quot;moduleData&quot;:{&quot;config&quot;:{&quot;columnCount&quot;:4,&quot;titleKey&quot;:6,&quot;products&quot;:[1600426177945,1600426086852,1600412533258,1600426627551,1600415893266,1600381624541,1600361622695,1600396667144,1600424042702,1600410879370,1600372786757,1600368452887]}}},&quot;version&quot;:1}\" class=\"icbu-pc-detailSellerRecommend magic-12\"><\/div>\n<\/div>\n<div class=\"J_module\">\n<div class=\"icbu-pc-images magic-13\">\n<div>\n<div class=\"flex-layout-v\">\n<div class=\"flex-layout-h magic-13\">\n<div class=\"magic-14\"><img decoding=\"async\" data-src=\"https:\/\/imgbd.weyesimg.com\/prod\/moving\/img\/96aab06199335991f33366894aebf8dd\/0b3dc56514d69562c59b97a0e7f989ad.jpg\" src=\"https:\/\/imgbd.weyesimg.com\/prod\/moving\/img\/96aab06199335991f33366894aebf8dd\/0b3dc56514d69562c59b97a0e7f989ad.jpg?x-oss-process=image\/resize,m_lfit,w_1224\/format,webp\/quality,80\" class=\"magic-15 img-self show_imgss\"><\/div>\n<\/div>\n<\/div>\n<\/div>\n<\/div>\n<\/div>\n<div class=\"J_module\">\n<div class=\"icbu-pc-images magic-13\">\n<div>\n<div class=\"flex-layout-v\">\n<div class=\"flex-layout-h magic-13\">\n<div class=\"magic-16\"><img decoding=\"async\" data-src=\"https:\/\/imgbd.weyesimg.com\/prod\/moving\/img\/96aab06199335991f33366894aebf8dd\/e8a47fa2bd80430a65c85af887ab2ad4.jpg\" src=\"https:\/\/imgbd.weyesimg.com\/prod\/moving\/img\/96aab06199335991f33366894aebf8dd\/e8a47fa2bd80430a65c85af887ab2ad4.jpg?x-oss-process=image\/resize,m_lfit,w_1224\/format,webp\/quality,80\" class=\"magic-17 img-self show_imgss\"><\/div>\n<\/div>\n<\/div>\n<\/div>\n<\/div>\n<\/div>\n<div class=\"J_module\">\n<div class=\"icbu-pc-images magic-13\">\n<div>\n<div class=\"flex-layout-v\">\n<div class=\"flex-layout-h magic-13\">\n<div class=\"magic-18\"><img decoding=\"async\" data-src=\"https:\/\/imgbd.weyesimg.com\/prod\/moving\/img\/96aab06199335991f33366894aebf8dd\/812643060191df6ea0c9f14f0ebcbe18.jpg\" src=\"https:\/\/imgbd.weyesimg.com\/prod\/moving\/img\/96aab06199335991f33366894aebf8dd\/812643060191df6ea0c9f14f0ebcbe18.jpg?x-oss-process=image\/resize,m_lfit,w_1224\/format,webp\/quality,80\" class=\"magic-19 img-self show_imgss\"><\/div>\n<\/div>\n<\/div>\n<\/div>\n<\/div>\n<\/div>\n<div class=\"J_module\">\n<div class=\"icbu-pc-images magic-13\">\n<div>\n<div class=\"flex-layout-v\">\n<div class=\"flex-layout-h magic-13\">\n<div class=\"magic-20\"><img decoding=\"async\" data-src=\"https:\/\/imgbd.weyesimg.com\/prod\/moving\/img\/96aab06199335991f33366894aebf8dd\/98b125c63ce0b93b1b0f9e942d55dae4.jpg\" src=\"https:\/\/imgbd.weyesimg.com\/prod\/moving\/img\/96aab06199335991f33366894aebf8dd\/98b125c63ce0b93b1b0f9e942d55dae4.jpg?x-oss-process=image\/resize,m_lfit,w_1224\/format,webp\/quality,80\" class=\"magic-21 img-self show_imgss\"><\/div>\n<\/div>\n<\/div>\n<\/div>\n<\/div>\n<\/div>\n<div class=\"J_module\">\n<div class=\"icbu-pc-images magic-13\">\n<div>\n<div class=\"flex-layout-v\">\n<div class=\"flex-layout-h magic-13\">\n<div class=\"magic-22\"><img decoding=\"async\" data-src=\"https:\/\/imgbd.weyesimg.com\/prod\/moving\/img\/96aab06199335991f33366894aebf8dd\/245191662a3024c35540500f58281a33.jpg\" src=\"https:\/\/imgbd.weyesimg.com\/prod\/moving\/img\/96aab06199335991f33366894aebf8dd\/245191662a3024c35540500f58281a33.jpg?x-oss-process=image\/resize,m_lfit,w_1224\/format,webp\/quality,80\" class=\"magic-23 img-self show_imgss\"><\/div>\n<\/div>\n<\/div>\n<\/div>\n<\/div>\n<\/div>\n<div class=\"J_module\">\n<div class=\"icbu-pc-images magic-13\">\n<div>\n<div class=\"flex-layout-v\">\n<div class=\"flex-layout-h magic-13\">\n<div class=\"magic-24\"><img decoding=\"async\" data-src=\"https:\/\/imgbd.weyesimg.com\/prod\/moving\/img\/96aab06199335991f33366894aebf8dd\/f720390c06422a9260318d0aa9e95dec.jpg\" src=\"https:\/\/imgbd.weyesimg.com\/prod\/moving\/img\/96aab06199335991f33366894aebf8dd\/f720390c06422a9260318d0aa9e95dec.jpg?x-oss-process=image\/resize,m_lfit,w_1224\/format,webp\/quality,80\" class=\"magic-25 img-self show_imgss\"><\/div>\n<\/div>\n<\/div>\n<\/div>\n<\/div>\n<\/div><\/div>\n<\/p><\/div>","protected":false},"excerpt":{"rendered":"<p>Pour am\u00e9liorer l&#039;efficacit\u00e9 et la pr\u00e9cision de la fabrication, nous avons investi massivement dans la r\u00e9novation technologique. Jusqu&#039;\u00e0 pr\u00e9sent, nos employ\u00e9s ont ma\u00eetris\u00e9 les technologies, ce qui nous contribue \u00e0 d&#039;excellents robinets de salle de bains modernes mont\u00e9s sur le pont, robinet de lavabo \u00e0 moins de pression, robinet de luxe m\u00e9langeur de robinet d&#039;eau. Sa gamme d&#039;applications a \u00e9t\u00e9 consid\u00e9rablement \u00e9largie. Dans le(s) domaine(s) des robinets, le produit est largement utilis\u00e9 et tr\u00e8s appr\u00e9ci\u00e9.<\/p>","protected":false},"featured_media":30682,"comment_status":"open","ping_status":"closed","template":"","meta":[],"product_brand":[],"product_cat":[24],"product_tag":[],"class_list":{"0":"post-30667","1":"product","2":"type-product","3":"status-publish","4":"has-post-thumbnail","6":"product_cat-products-40776","8":"first","9":"instock","10":"shipping-taxable","11":"product-type-simple"},"_links":{"self":[{"href":"https:\/\/ghgalaxyhome.com\/fr\/wp-json\/wp\/v2\/product\/30667","targetHints":{"allow":["GET"]}}],"collection":[{"href":"https:\/\/ghgalaxyhome.com\/fr\/wp-json\/wp\/v2\/product"}],"about":[{"href":"https:\/\/ghgalaxyhome.com\/fr\/wp-json\/wp\/v2\/types\/product"}],"replies":[{"embeddable":true,"href":"https:\/\/ghgalaxyhome.com\/fr\/wp-json\/wp\/v2\/comments?post=30667"}],"version-history":[{"count":1,"href":"https:\/\/ghgalaxyhome.com\/fr\/wp-json\/wp\/v2\/product\/30667\/revisions"}],"predecessor-version":[{"id":30689,"href":"https:\/\/ghgalaxyhome.com\/fr\/wp-json\/wp\/v2\/product\/30667\/revisions\/30689"}],"wp:featuredmedia":[{"embeddable":true,"href":"https:\/\/ghgalaxyhome.com\/fr\/wp-json\/wp\/v2\/media\/30682"}],"wp:attachment":[{"href":"https:\/\/ghgalaxyhome.com\/fr\/wp-json\/wp\/v2\/media?parent=30667"}],"wp:term":[{"taxonomy":"product_brand","embeddable":true,"href":"https:\/\/ghgalaxyhome.com\/fr\/wp-json\/wp\/v2\/product_brand?post=30667"},{"taxonomy":"product_cat","embeddable":true,"href":"https:\/\/ghgalaxyhome.com\/fr\/wp-json\/wp\/v2\/product_cat?post=30667"},{"taxonomy":"product_tag","embeddable":true,"href":"https:\/\/ghgalaxyhome.com\/fr\/wp-json\/wp\/v2\/product_tag?post=30667"}],"curies":[{"name":"wp","href":"https:\/\/api.w.org\/{rel}","templated":true}]}}