{"id":30636,"date":"2024-06-09T14:27:06","date_gmt":"2024-06-09T14:27:06","guid":{"rendered":"https:\/\/ghgalaxyhome.com\/?post_type=product&#038;p=30636"},"modified":"2024-06-09T14:27:15","modified_gmt":"2024-06-09T14:27:15","slug":"products-detail-581845","status":"publish","type":"product","link":"https:\/\/ghgalaxyhome.com\/fr\/video\/products-detail-581845","title":{"rendered":"Galaxy Home \u2013 M\u00e9langeur de lavabo moderne, corps principal en laiton, poign\u00e9e en alliage de zinc, robinets de lavabo chaud et froid de couleur chrom\u00e9e de haute qualit\u00e9"},"content":{"rendered":"<div class=\"cons_box ls-product\">\n<p>Our employees are skilled at utilizing state-of-the-art technologies.In the application field(s) of Basin Faucets, Modern Basin Mixer Brass Main Body Zinc Alloy Handle High Quality Chrome Color Hot And Cold Basin Faucets is widely used and highly recognized by users. Modern Basin Mixer Brass Main Body Zinc Alloy Handle High Quality Chrome Color Hot And Cold Basin Faucets developed on the premise of market trends and customer pain points have become the new vane of the industry. Our featured Modern Basin Mixer Brass Main Body Zinc Alloy Handle High Quality Chrome Color Hot And Cold Basin Faucets providers ensure top quality product that will be ideal for all kinds of applications.<\/p>\n<div class=\"rich-text-table\">\n<table>\n<tbody>\n<tr>\n<td style=\"width:25%;padding:5px 20px;font-size:14px;background:#f8fafc\">Num\u00e9ro de mod\u00e8le:<\/td>\n<td style=\"width:25%;padding:5px 20px;font-size:14px\">BF08603<\/td>\n<td style=\"width:25%;padding:5px 20px;font-size:14px;background:#f8fafc\">Taper:<\/td>\n<td style=\"width:25%;padding:5px 20px;font-size:14px\">Robinets de lavabo<\/td>\n<\/tr>\n<tr>\n<td style=\"width:25%;padding:5px 20px;font-size:14px;background:#f8fafc\">Garantie:<\/td>\n<td style=\"width:25%;padding:5px 20px;font-size:14px\">5 ann\u00e9es<\/td>\n<td style=\"width:25%;padding:5px 20px;font-size:14px;background:#f8fafc\">Mat\u00e9riel:<\/td>\n<td style=\"width:25%;padding:5px 20px;font-size:14px\">Laiton, corps principal en laiton, poign\u00e9e en alliage de zinc<\/td>\n<\/tr>\n<tr>\n<td style=\"width:25%;padding:5px 20px;font-size:14px;background:#f8fafc\">Service apr\u00e8s-vente:<\/td>\n<td style=\"width:25%;padding:5px 20px;font-size:14px\">Support technique en ligne<\/td>\n<td style=\"width:25%;padding:5px 20px;font-size:14px;background:#f8fafc\">Capacit\u00e9 de la solution du projet\u00a0:<\/td>\n<td style=\"width:25%;padding:5px 20px;font-size:14px\">conception graphique, conception de mod\u00e8les 3D, solution totale pour les projets, consolidation multicat\u00e9gories<\/td>\n<\/tr>\n<tr>\n<td style=\"width:25%;padding:5px 20px;font-size:14px;background:#f8fafc\">Application:<\/td>\n<td style=\"width:25%;padding:5px 20px;font-size:14px\">Cuisine Salle de bain<\/td>\n<td style=\"width:25%;padding:5px 20px;font-size:14px;background:#f8fafc\">Style de conception\u00a0:<\/td>\n<td style=\"width:25%;padding:5px 20px;font-size:14px\">Moderne<\/td>\n<\/tr>\n<tr>\n<td style=\"width:25%;padding:5px 20px;font-size:14px;background:#f8fafc\">Lieu d&#039;origine\u00a0:<\/td>\n<td style=\"width:25%;padding:5px 20px;font-size:14px\">Guangdong, Chine<\/td>\n<td style=\"width:25%;padding:5px 20px;font-size:14px;background:#f8fafc\">Marque:<\/td>\n<td style=\"width:25%;padding:5px 20px;font-size:14px\">Accueil Galaxie<\/td>\n<\/tr>\n<tr>\n<td style=\"width:25%;padding:5px 20px;font-size:14px;background:#f8fafc\">Fonctionnalit\u00e9:<\/td>\n<td style=\"width:25%;padding:5px 20px;font-size:14px\">Robinets avec compteur<\/td>\n<td style=\"width:25%;padding:5px 20px;font-size:14px;background:#f8fafc\">Traitement de surface:<\/td>\n<td style=\"width:25%;padding:5px 20px;font-size:14px\">Brillant<\/td>\n<\/tr>\n<tr>\n<td style=\"width:25%;padding:5px 20px;font-size:14px;background:#f8fafc\">Support de robinet\u00a0:<\/td>\n<td style=\"width:25%;padding:5px 20px;font-size:14px\">Trou unique<\/td>\n<td style=\"width:25%;padding:5px 20px;font-size:14px;background:#f8fafc\">Type d&#039;installation\u00a0:<\/td>\n<td style=\"width:25%;padding:5px 20px;font-size:14px\">Mont\u00e9 sur le pont<\/td>\n<\/tr>\n<tr>\n<td style=\"width:25%;padding:5px 20px;font-size:14px;background:#f8fafc\">Nombre de poign\u00e9es\u00a0:<\/td>\n<td style=\"width:25%;padding:5px 20px;font-size:14px\">Poign\u00e9e unique<\/td>\n<td style=\"width:25%;padding:5px 20px;font-size:14px;background:#f8fafc\">Style:<\/td>\n<td style=\"width:25%;padding:5px 20px;font-size:14px\">Contemporain<\/td>\n<\/tr>\n<tr>\n<td style=\"width:25%;padding:5px 20px;font-size:14px;background:#f8fafc\">Mat\u00e9riau du noyau de valve\u00a0:<\/td>\n<td style=\"width:25%;padding:5px 20px;font-size:14px\">Laiton<\/td>\n<td style=\"width:25%;padding:5px 20px;font-size:14px;background:#f8fafc\">Couleur:<\/td>\n<td style=\"width:25%;padding:5px 20px;font-size:14px\">Chrome<\/td>\n<\/tr>\n<tr>\n<td style=\"width:25%;padding:5px 20px;font-size:14px;background:#f8fafc\">Fonction:<\/td>\n<td style=\"width:25%;padding:5px 20px;font-size:14px\">Chaud et froid<\/td>\n<td style=\"width:25%;padding:5px 20px;font-size:14px\"><\/td>\n<td style=\"width:25%;padding:5px 20px;font-size:14px\"><\/td>\n<\/tr>\n<\/tbody>\n<\/table>\n<\/div>\n<p><\/p>\n<div data-magic-global=\"%7B%22bizId%22%3A2211240675273%2C%22pageId%22%3A20201241355%2C%22siteId%22%3A10002499104%7D\" id=\"detail_decorate_root\">#detail_decorate_root .magic-0{position:relative}#detail_decorate_root .magic-1{position:absolute;left:12px;top:12px;height:24px;z-index:3;overflow:hidden;background-color:#3a3531;display:flex;align-items:center;border-radius:12px;font-size:12px;color:white;padding:2px 6px}#detail_decorate_root .magic-2{height:24px;width:24px;background-image:url(&#8220;https:\/\/img.alicdn.com\/tfs\/TB1fYbeJ4z1gK0jSZSgXXavwpXa-144-144.gif&#8221;);background-repeat:no-repeat;background-size:cover}#detail_decorate_root .magic-3{margin-left:4px}#detail_decorate_root .magic-4{width:750px}#detail_decorate_root .magic-5{overflow:hidden;width:750px;height:421.7957389245857px;margin-top:0;margin-bottom:0;margin-left:0;margin-right:0}#detail_decorate_root .magic-6{margin-top:0;margin-left:0;width:750px;height:421.7957389245857px}#detail_decorate_root .magic-7{border-bottom-style:solid;border-bottom-color:#53647a;font-family:Roboto;font-size:24px;color:#53647a;font-style:normal;border-bottom-width:2px;padding-top:8px;padding-bottom:4px}#detail_decorate_root .magic-8{margin-bottom:10px;line-height:0}#detail_decorate_root .magic-9{margin-bottom:0}#detail_decorate_root .magic-10{position:relative;width:100%}#detail_decorate_root .magic-11{overflow:hidden;width:750px;height:952px;margin-top:0;margin-bottom:0;margin-left:0;margin-right:0}#detail_decorate_root .magic-12{margin-top:0;margin-left:0;width:750px;height:952px}#detail_decorate_root .magic-13{width:750px;border-collapse:collapse}#detail_decorate_root .magic-14{min-height:28px;padding:5px 10px;width:164px;min-height:28px;box-sizing:content-box}#detail_decorate_root .magic-15{min-height:28px;padding:5px 10px;width:531px;min-height:28px;box-sizing:content-box}#detail_decorate_root .magic-16{display:none}#detail_decorate_root .magic-17{min-height:28px;padding:5px 10px;width:127px;min-height:28px;box-sizing:content-box}#detail_decorate_root .magic-18{min-height:28px;padding:5px 10px;width:530px;min-height:28px;box-sizing:content-box}#detail_decorate_root .magic-19{min-height:28px;padding:5px 10px;width:117px;min-height:28px;box-sizing:content-box}#detail_decorate_root .magic-20{min-height:28px;padding:5px 10px;width:118px;min-height:28px;box-sizing:content-box}#detail_decorate_root .magic-21{overflow:hidden;width:750px;height:2461px;margin-top:0;margin-bottom:0;margin-left:0;margin-right:0}#detail_decorate_root .magic-22{margin-top:0;margin-left:0;width:750px;height:2461px}#detail_decorate_root .magic-23{overflow:hidden;width:750px;height:473px;margin-top:0;margin-bottom:0;margin-left:0;margin-right:0}#detail_decorate_root .magic-24{margin-top:0;margin-left:0;width:750px;height:473px}#detail_decorate_root .magic-25{overflow:hidden;width:750px;height:107px;margin-top:0;margin-bottom:0;margin-left:0;margin-right:0}#detail_decorate_root .magic-26{margin-top:0;margin-left:0;width:750px;height:787px}#detail_decorate_root .magic-27{vertical-align:top}#detail_decorate_root .magic-28{vertical-align:top;display:block;padding-right:4px;box-sizing:border-box;padding-left:4px}#detail_decorate_root .magic-29{vertical-align:top;padding-bottom:4px;box-sizing:border-box;padding-top:4px}#detail_decorate_root .magic-30{padding:0;margin:0;white-space:pre-wrap;font-size:14px}#detail_decorate_root .magic-32{color:#a0b0d0}#detail_decorate_root .magic-33{margin-bottom:10px;overflow:hidden}#detail_decorate_root .magic-34{overflow:hidden;width:750px;height:453px;margin-top:0;margin-bottom:0;margin-left:0;margin-right:0}#detail_decorate_root .magic-35{margin-top:0;margin-left:0;width:750px;height:453px}<\/p>\n<div class=\"J_module\">\n<div class=\"icbu-detail-showroom magic-0\">\n<div class=\"svg-wrapper magic-1\">\n<div class=\"magic-2\"><\/div>\n<p><span class=\"magic-3\">VR<\/span><\/div>\n<div class=\"icbu-pc-images magic-4\">\n<div>\n<div class=\"flex-layout-v\">\n<div class=\"flex-layout-h magic-4\">\n<div class=\"magic-5\"><img decoding=\"async\" data-src=\"https:\/\/imgbd.weyesimg.com\/prod\/moving\/img\/96aab06199335991f33366894aebf8dd\/3b6b18a8a8fc220ca38ba96688d31d26.jpg\" src=\"https:\/\/imgbd.weyesimg.com\/prod\/moving\/img\/96aab06199335991f33366894aebf8dd\/3b6b18a8a8fc220ca38ba96688d31d26.jpg?x-oss-process=image\/resize,m_lfit,w_1224\/format,webp\/quality,80\" class=\"magic-6 img-self show_imgss\"><\/div>\n<\/div>\n<\/div>\n<\/div>\n<\/div>\n<\/div>\n<\/div>\n<div class=\"J_module\">\n<div id=\"ali-anchor-AliMagic-xj0ajt\" data-section=\"AliMagic-xj0ajt\" data-section-title=\"Details Images\" class=\"magic-7\">D\u00e9tails Images<\/div>\n<\/div>\n<div class=\"J_module\">\n<div class=\"icbu-pc-detailManyImage magic-8\">\n<div class=\"magic-9\"><img decoding=\"async\" data-src=\"https:\/\/imgbd.weyesimg.com\/prod\/moving\/img\/96aab06199335991f33366894aebf8dd\/ee433091feb346bdbeedf435c1eede18.jpg\" src=\"https:\/\/imgbd.weyesimg.com\/prod\/moving\/img\/96aab06199335991f33366894aebf8dd\/ee433091feb346bdbeedf435c1eede18.jpg?x-oss-process=image\/resize,m_lfit,w_1224\/format,webp\/quality,80\" class=\"magic-10 img-self show_imgss\"><\/div>\n<div class=\"magic-9\"><img decoding=\"async\" data-src=\"https:\/\/imgbd.weyesimg.com\/prod\/moving\/img\/96aab06199335991f33366894aebf8dd\/410e2c1e3f1aff25266404f33e8bb939.jpg\" src=\"https:\/\/imgbd.weyesimg.com\/prod\/moving\/img\/96aab06199335991f33366894aebf8dd\/410e2c1e3f1aff25266404f33e8bb939.jpg?x-oss-process=image\/resize,m_lfit,w_1224\/format,webp\/quality,80\" class=\"magic-10 img-self show_imgss\"><\/div>\n<div class=\"magic-9\"><img decoding=\"async\" data-src=\"https:\/\/imgbd.weyesimg.com\/prod\/moving\/img\/96aab06199335991f33366894aebf8dd\/053c6fac5f7b857589e18bf7df048645.jpg\" src=\"https:\/\/imgbd.weyesimg.com\/prod\/moving\/img\/96aab06199335991f33366894aebf8dd\/053c6fac5f7b857589e18bf7df048645.jpg?x-oss-process=image\/resize,m_lfit,w_1224\/format,webp\/quality,80\" class=\"magic-10 img-self show_imgss\"><\/div>\n<\/div>\n<\/div>\n<div class=\"J_module\">\n<div class=\"icbu-pc-images magic-4\">\n<div>\n<div class=\"flex-layout-v\">\n<div class=\"flex-layout-h magic-4\">\n<div class=\"magic-11\"><img decoding=\"async\" data-src=\"https:\/\/imgbd.weyesimg.com\/prod\/moving\/img\/96aab06199335991f33366894aebf8dd\/7c6474f8d53ce4df70fe6a88d6dd4a69.jpg\" src=\"https:\/\/imgbd.weyesimg.com\/prod\/moving\/img\/96aab06199335991f33366894aebf8dd\/7c6474f8d53ce4df70fe6a88d6dd4a69.jpg?x-oss-process=image\/resize,m_lfit,w_1224\/format,webp\/quality,80\" usemap=\"#b-fc-f75-f730\" class=\"magic-12 img-self show_imgss\"><\/div>\n<\/div>\n<\/div>\n<\/div>\n<\/div>\n<\/div>\n<div class=\"J_module\">\n<div id=\"ali-anchor-AliMagic-pkswqh\" data-section=\"AliMagic-pkswqh\" data-section-title=\"Products Description\" class=\"magic-7\">Description des produits<\/div>\n<\/div>\n<div class=\"J_module\">\n<div class=\"ife-detail-decorate-table\">\n<table class=\"all magic-13\">\n<tbody>\n<tr>\n<td colspan=\"1\" rowspan=\"1\">\n<div class=\"magic-14\">Nom des produits<\/div>\n<\/td>\n<td colspan=\"4\" rowspan=\"1\">\n<div class=\"magic-15\">Modern Basin Mixer Brass Main Body Zinc Alloy Handle High Quality Chrome Color Hot And Cold Basin Faucets<\/div>\n<\/td>\n<td rowspan=\"0\" class=\"magic-16\">\n<div class=\"magic-17\"><\/div>\n<\/td>\n<td rowspan=\"0\" class=\"magic-16\">\n<div class=\"magic-17\"><\/div>\n<\/td>\n<td rowspan=\"0\" class=\"magic-16\">\n<div class=\"magic-17\"><\/div>\n<\/td>\n<\/tr>\n<tr>\n<td colspan=\"1\" rowspan=\"1\">\n<div class=\"magic-14\">Marque<\/div>\n<\/td>\n<td colspan=\"4\" rowspan=\"1\">\n<div class=\"magic-15\">Accueil Galaxie<\/div>\n<\/td>\n<td rowspan=\"0\" class=\"magic-16\">\n<div class=\"magic-17\"><\/div>\n<\/td>\n<td rowspan=\"0\" class=\"magic-16\">\n<div class=\"magic-17\"><\/div>\n<\/td>\n<td rowspan=\"0\" class=\"magic-16\">\n<div class=\"magic-17\"><\/div>\n<\/td>\n<\/tr>\n<tr>\n<td colspan=\"1\" rowspan=\"1\">\n<div class=\"magic-14\">Num\u00e9ro de mod\u00e8le.<\/div>\n<\/td>\n<td colspan=\"4\" rowspan=\"1\">\n<div class=\"magic-15\">BF08603<\/div>\n<\/td>\n<td rowspan=\"0\" class=\"magic-16\">\n<div class=\"magic-17\"><\/div>\n<\/td>\n<td rowspan=\"0\" class=\"magic-16\">\n<div class=\"magic-17\"><\/div>\n<\/td>\n<td rowspan=\"0\" class=\"magic-16\">\n<div class=\"magic-17\"><\/div>\n<\/td>\n<\/tr>\n<tr>\n<td colspan=\"1\" rowspan=\"1\">\n<div class=\"magic-14\">Couleur<\/div>\n<\/td>\n<td colspan=\"4\" rowspan=\"1\">\n<div class=\"magic-15\">Chrome<\/div>\n<\/td>\n<td rowspan=\"0\" class=\"magic-16\">\n<div class=\"magic-17\"><\/div>\n<\/td>\n<td rowspan=\"0\" class=\"magic-16\">\n<div class=\"magic-17\"><\/div>\n<\/td>\n<td rowspan=\"0\" class=\"magic-16\">\n<div class=\"magic-17\"><\/div>\n<\/td>\n<\/tr>\n<tr>\n<td colspan=\"1\" rowspan=\"1\">\n<div class=\"magic-14\">Mat\u00e9riel<\/div>\n<\/td>\n<td colspan=\"4\" rowspan=\"1\">\n<div class=\"magic-15\">Corps principal en laiton, poign\u00e9e en alliage de zinc<\/div>\n<\/td>\n<td rowspan=\"0\" class=\"magic-16\">\n<div class=\"magic-17\"><\/div>\n<\/td>\n<td rowspan=\"0\" class=\"magic-16\">\n<div class=\"magic-17\"><\/div>\n<\/td>\n<td rowspan=\"0\" class=\"magic-16\">\n<div class=\"magic-17\"><\/div>\n<\/td>\n<\/tr>\n<tr>\n<td colspan=\"1\" rowspan=\"1\">\n<div class=\"magic-14\">Traitement de surface<\/div>\n<\/td>\n<td colspan=\"4\" rowspan=\"1\">\n<div class=\"magic-15\">Finition polie et \u00e9lectrolytique<\/div>\n<\/td>\n<td rowspan=\"0\" class=\"magic-16\">\n<div class=\"magic-17\"><\/div>\n<\/td>\n<td rowspan=\"0\" class=\"magic-16\">\n<div class=\"magic-17\"><\/div>\n<\/td>\n<td rowspan=\"0\" class=\"magic-16\">\n<div class=\"magic-17\"><\/div>\n<\/td>\n<\/tr>\n<tr>\n<td colspan=\"1\" rowspan=\"1\">\n<div class=\"magic-14\">Fonction<\/div>\n<\/td>\n<td colspan=\"4\" rowspan=\"1\">\n<div class=\"magic-18\">Chaud et froid<\/div>\n<\/td>\n<td rowspan=\"0\" class=\"magic-16\">\n<div class=\"magic-19\"><\/div>\n<\/td>\n<td rowspan=\"0\" class=\"magic-16\">\n<div class=\"magic-19\"><\/div>\n<\/td>\n<td rowspan=\"0\" class=\"magic-16\">\n<div class=\"magic-20\"><\/div>\n<\/td>\n<\/tr>\n<tr>\n<td colspan=\"1\" rowspan=\"1\">\n<div class=\"magic-14\">Type d&#039;installation<\/div>\n<\/td>\n<td colspan=\"4\" rowspan=\"1\">\n<div class=\"magic-18\">Mont\u00e9 sur le pont<\/div>\n<\/td>\n<td rowspan=\"0\" class=\"magic-16\">\n<div class=\"magic-17\"><\/div>\n<\/td>\n<td rowspan=\"0\" class=\"magic-16\">\n<div class=\"magic-17\"><\/div>\n<\/td>\n<td rowspan=\"0\" class=\"magic-16\">\n<div class=\"magic-17\"><\/div>\n<\/td>\n<\/tr>\n<tr>\n<td colspan=\"1\" rowspan=\"1\">\n<div class=\"magic-14\">Style<\/div>\n<\/td>\n<td colspan=\"4\" rowspan=\"1\">\n<div class=\"magic-18\">Robinet de lavabo, Mitigeur de lavabo<\/div>\n<\/td>\n<td rowspan=\"0\" class=\"magic-16\">\n<div class=\"magic-19\"><\/div>\n<\/td>\n<td rowspan=\"0\" class=\"magic-16\">\n<div class=\"magic-19\"><\/div>\n<\/td>\n<td rowspan=\"0\" class=\"magic-16\">\n<div class=\"magic-20\"><\/div>\n<\/td>\n<\/tr>\n<\/tbody>\n<\/table>\n<\/div>\n<\/div>\n<div class=\"J_module\">\n<div class=\"icbu-pc-images magic-4\">\n<div>\n<div class=\"flex-layout-v\">\n<div class=\"flex-layout-h magic-4\">\n<div class=\"magic-21\"><img decoding=\"async\" data-src=\"https:\/\/imgbd.weyesimg.com\/prod\/moving\/img\/96aab06199335991f33366894aebf8dd\/6c7f50c25a52eda82c335f03b6db3227.jpg\" src=\"https:\/\/imgbd.weyesimg.com\/prod\/moving\/img\/96aab06199335991f33366894aebf8dd\/6c7f50c25a52eda82c335f03b6db3227.jpg?x-oss-process=image\/resize,m_lfit,w_1224\/format,webp\/quality,80\" class=\"magic-22 img-self show_imgss\"><\/div>\n<\/div>\n<\/div>\n<\/div>\n<\/div>\n<\/div>\n<div class=\"J_module\">\n<div class=\"icbu-pc-images magic-4\">\n<div>\n<div class=\"flex-layout-v\">\n<div class=\"flex-layout-h magic-4\">\n<div class=\"magic-23\"><img decoding=\"async\" data-src=\"https:\/\/imgbd.weyesimg.com\/prod\/moving\/img\/96aab06199335991f33366894aebf8dd\/812643060191df6ea0c9f14f0ebcbe18.jpg\" src=\"https:\/\/imgbd.weyesimg.com\/prod\/moving\/img\/96aab06199335991f33366894aebf8dd\/812643060191df6ea0c9f14f0ebcbe18.jpg?x-oss-process=image\/resize,m_lfit,w_1224\/format,webp\/quality,80\" class=\"magic-24 img-self show_imgss\"><\/div>\n<\/div>\n<\/div>\n<\/div>\n<\/div>\n<\/div>\n<div class=\"J_module\">\n<div class=\"icbu-pc-images magic-4\">\n<div>\n<div class=\"flex-layout-v\">\n<div class=\"flex-layout-h magic-4\">\n<div class=\"magic-25\"><img decoding=\"async\" data-src=\"https:\/\/imgbd.weyesimg.com\/prod\/moving\/img\/96aab06199335991f33366894aebf8dd\/e48d2dd6f83d26f84c395a9228c855e6.jpg\" src=\"https:\/\/imgbd.weyesimg.com\/prod\/moving\/img\/96aab06199335991f33366894aebf8dd\/e48d2dd6f83d26f84c395a9228c855e6.jpg?x-oss-process=image\/resize,m_lfit,w_1224\/format,webp\/quality,80\" class=\"magic-26 img-self show_imgss\"><\/div>\n<\/div>\n<\/div>\n<\/div>\n<\/div>\n<\/div>\n<div class=\"J_module\">\n<div class=\"detail-decorate-json-renderer-container\">\n<div class=\"magic-27\">\n<div class=\"magic-28\">\n<div class=\"magic-29\">\n<div class=\"magic-30\"><b><font color=\"#000000\">Q : Comment puis-je obtenir le prix ?<\/font><\/b><\/p>\n<div><font color=\"#7a90b2\"><b class=\"magic-31\">UN:<\/b> Nous citons g\u00e9n\u00e9ralement dans les 24 heures suivant la r\u00e9ception de votre demande (sauf week-end et jours f\u00e9ri\u00e9s). Si vous \u00eates press\u00e9 d&#039;obtenir le prix, veuillez nous envoyer un e-mail ou nous contacter par d&#039;autres moyens afin que nous puissions vous proposer un devis.<\/font><\/div>\n<div><font class=\"magic-31\"><font color=\"#7a90b2\">&#8212;&#8212;&#8212;&#8212;&#8212;&#8212;&#8212;&#8212;&#8212;&#8212;&#8212;&#8212;&#8212;&#8212;&#8212;&#8212;&#8212;&#8212;&#8212;&#8212;&#8212;&#8212;&#8212;&#8212;&#8212;&#8212;&#8212;&#8212;&#8212;&#8212;&#8212;&#8212;&#8212;&#8212;&#8212;&#8212;&#8212;&#8212;&#8212;&#8212;&#8212;&#8212;&#8212;&#8212;&#8212;&#8212;&#8212;&#8212;&#8212;&#8212;&#8212;&#8212;&#8212;&#8212;&#8212;&#8212;&#8212;&#8212;&#8212;&#8212;&#8212;&#8212;&#8212;&#8212;&#8212;-<\/font><font color=\"#a0b0d0\"><br \/>\n<\/font><\/font><span><b>Question\u00a0: <span class=\"magic-31\">Puis-je acheter des \u00e9chantillons ?<br \/>\n<\/span><\/b><\/span><font color=\"#7a90b2\"><b class=\"magic-31\">UN: <\/b>Oui. N&#039;h\u00e9sitez pas \u00e0 nous contacter.<br \/>\n&#8212;&#8212;&#8212;&#8212;&#8212;&#8212;&#8212;&#8212;&#8212;&#8212;&#8212;&#8212;&#8212;&#8212;&#8212;&#8212;&#8212;&#8212;&#8212;&#8212;&#8212;&#8212;&#8212;&#8212;&#8212;&#8212;&#8212;&#8212;&#8212;&#8212;&#8212;&#8212;&#8212;&#8212;&#8212;&#8212;&#8212;&#8212;&#8212;&#8212;&#8212;&#8212;&#8212;&#8212;&#8212;&#8212;&#8212;&#8212;&#8212;&#8212;&#8212;&#8212;&#8212;&#8212;&#8212;&#8212;&#8212;&#8212;&#8212;&#8212;&#8212;&#8212;&#8212;&#8212;&#8212;-<\/font><\/div>\n<div><b class=\"magic-31\"><font color=\"#000000\">Q : Quel est votre d\u00e9lai de livraison ?<\/font><\/b><font color=\"#a0b0d0\"><br \/>\n<\/font><font color=\"#7a90b2\"><span class=\"magic-31\"><b class=\"magic-31\">UN:<\/b> Cela d\u00e9pend de la quantit\u00e9 command\u00e9e et de la saison pendant laquelle vous passez la commande. Habituellement, nous pouvons exp\u00e9dier sous 7 \u00e0 15 jours pour une petite quantit\u00e9 et environ 30 jours pour une grande quantit\u00e9.<br \/>\n<\/span>&#8212;&#8212;&#8212;&#8212;&#8212;&#8212;&#8212;&#8212;&#8212;&#8212;&#8212;&#8212;&#8212;&#8212;&#8212;&#8212;&#8212;&#8212;&#8212;&#8212;&#8212;&#8212;&#8212;&#8212;&#8212;&#8212;&#8212;&#8212;&#8212;&#8212;&#8212;&#8212;&#8212;&#8212;&#8212;&#8212;&#8212;&#8212;&#8212;&#8212;&#8212;&#8212;&#8212;&#8212;&#8212;&#8212;&#8212;&#8212;&#8212;&#8212;&#8212;&#8212;&#8212;&#8212;&#8212;&#8212;&#8212;&#8212;&#8212;&#8212;&#8212;&#8212;&#8212;&#8212;&#8212;-<\/font><\/div>\n<div><b class=\"magic-31\"><font color=\"#000000\">Q : Quelle est votre condition de paiement ?<br \/>\n<\/font><\/b><font color=\"#7a90b2\"><b class=\"magic-31\">UN:<\/b> T\/T, Western Union, MoneyGram et Paypal. C&#039;est n\u00e9gociable.<br \/>\n<font>&#8212;&#8212;&#8212;&#8212;&#8212;&#8212;&#8212;&#8212;&#8212;&#8212;&#8212;&#8212;&#8212;&#8212;&#8212;&#8212;&#8212;&#8212;&#8212;&#8212;&#8212;&#8212;&#8212;&#8212;&#8212;&#8212;&#8212;&#8212;&#8212;&#8212;&#8212;&#8212;&#8212;&#8212;&#8212;&#8212;&#8212;&#8212;&#8212;&#8212;&#8212;&#8212;&#8212;&#8212;&#8212;&#8212;&#8212;&#8212;&#8212;&#8212;&#8212;&#8212;&#8212;&#8212;&#8212;&#8212;&#8212;&#8212;&#8212;&#8212;&#8212;&#8212;&#8212;&#8212;&#8212;-<\/font><\/font><\/div>\n<div><b class=\"magic-31\"><font color=\"#000000\">Q : Quelle est la m\u00e9thode d\u2019exp\u00e9dition ?<\/font><\/b><\/div>\n<div><font color=\"#7a90b2\"><b class=\"magic-31\">UN:<\/b>Il peut \u00eatre exp\u00e9di\u00e9 par voie maritime, a\u00e9rienne ou express (EMS, UPS, DHL, TNT, FEDEX, etc.). Veuillez confirmer avec nous avant de passer commande.<\/font><\/div>\n<div><span class=\"magic-31\"><font color=\"#7a90b2\">&#8212;&#8212;&#8212;&#8212;&#8212;&#8212;&#8212;&#8212;&#8212;&#8212;&#8212;&#8212;&#8212;&#8212;&#8212;&#8212;&#8212;&#8212;&#8212;&#8212;&#8212;&#8212;&#8212;&#8212;&#8212;&#8212;&#8212;&#8212;&#8212;&#8212;&#8212;&#8212;&#8212;&#8212;&#8212;&#8212;&#8212;&#8212;&#8212;&#8212;&#8212;&#8212;&#8212;&#8212;&#8212;&#8212;&#8212;&#8212;&#8212;&#8212;&#8212;&#8212;&#8212;&#8212;&#8212;&#8212;&#8212;&#8212;&#8212;&#8212;&#8212;&#8212;&#8212;&#8212;&#8212;-<\/font><\/span><span class=\"magic-32\"><br \/>\n<\/span><b class=\"magic-31\"><font color=\"#000000\">Q\u00a0:\u00a0Comment faites-vous pour que nos relations commerciales soient durables et bonnes\u00a0?<\/font><\/b><\/div>\n<div><font color=\"#7a90b2\"><b class=\"magic-31\">UN:<\/b> Nous maintenons une bonne qualit\u00e9 et des prix comp\u00e9titifs pour garantir le b\u00e9n\u00e9fice de nos clients. De plus, nous respectons chaque client comme notre ami et nous faisons sinc\u00e8rement des affaires et nous lions d&#039;amiti\u00e9 avec eux, peu importe d&#039;o\u00f9 ils viennent.<b class=\"magic-31\"><br \/>\n<\/b>&#8212;&#8212;&#8212;&#8212;&#8212;&#8212;&#8212;&#8212;&#8212;&#8212;&#8212;&#8212;&#8212;&#8212;&#8212;&#8212;&#8212;&#8212;&#8212;&#8212;&#8212;&#8212;&#8212;&#8212;&#8212;&#8212;&#8212;&#8212;&#8212;&#8212;&#8212;&#8212;&#8212;&#8212;&#8212;&#8212;&#8212;&#8212;&#8212;&#8212;&#8212;&#8212;&#8212;&#8212;&#8212;&#8212;&#8212;&#8212;&#8212;&#8212;&#8212;&#8212;&#8212;&#8212;&#8212;&#8212;&#8212;&#8212;&#8212;&#8212;&#8212;&#8212;&#8212;&#8212;&#8212;-<\/font><\/div>\n<\/div>\n<\/div>\n<\/div>\n<\/div>\n<\/div>\n<\/div>\n<div class=\"J_module\">\n<div id=\"ali-anchor-AliMagic-n5uqer\" data-section=\"AliMagic-n5uqer\" data-section-title=\"Recommend Products\" class=\"magic-7\">Recommander des produits<\/div>\n<\/div>\n<div class=\"J_module\">\n<div data-magic=\"{&quot;mds&quot;:{&quot;assetsVersion&quot;:&quot;0.0.14&quot;,&quot;assetsPackageName&quot;:&quot;icbumod&quot;,&quot;moduleNameAlias&quot;:&quot;icbu-pc-detailSellerRecommend&quot;,&quot;moduleData&quot;:{&quot;config&quot;:{&quot;columnCount&quot;:4,&quot;titleKey&quot;:6,&quot;products&quot;:[1600399276381,1600397242053,1600396667144,1600359236260,1600395599212,1600352230561,1600369391093,1600351147516,1600371723211,1600405589295,1600393321304,1600406137521]}}},&quot;version&quot;:1}\" class=\"icbu-pc-detailSellerRecommend magic-33\"><\/div>\n<\/div>\n<div class=\"J_module\">\n<div class=\"icbu-pc-images magic-4\">\n<div>\n<div class=\"flex-layout-v\">\n<div class=\"flex-layout-h magic-4\">\n<div class=\"magic-34\"><img decoding=\"async\" data-src=\"https:\/\/imgbd.weyesimg.com\/prod\/moving\/img\/96aab06199335991f33366894aebf8dd\/f720390c06422a9260318d0aa9e95dec.jpg\" src=\"https:\/\/imgbd.weyesimg.com\/prod\/moving\/img\/96aab06199335991f33366894aebf8dd\/f720390c06422a9260318d0aa9e95dec.jpg?x-oss-process=image\/resize,m_lfit,w_1224\/format,webp\/quality,80\" class=\"magic-35 img-self show_imgss\"><\/div>\n<\/div>\n<\/div>\n<\/div>\n<\/div>\n<\/div><\/div>\n<\/p><\/div>","protected":false},"excerpt":{"rendered":"<p>Notre m\u00e9langeur de lavabo moderne, corps principal en laiton, poign\u00e9e en alliage de zinc, robinets de lavabo chaud et froid de couleur chrom\u00e9e de haute qualit\u00e9, est d\u00e9velopp\u00e9 par nos concepteurs cr\u00e9atifs, nos techniciens exp\u00e9riment\u00e9s et nos experts en R&amp;D bien form\u00e9s. Il est con\u00e7u pour avoir un aspect attrayant et une structure raisonnable. De plus, fabriqu\u00e9s \u00e0 partir de mati\u00e8res premi\u00e8res de haute qualit\u00e9, les meubles-lavabos, baignoires, toilettes, robinets, cabines de douche et autres accessoires pr\u00e9sentent de nombreux avantages.<\/p>","protected":false},"featured_media":30459,"comment_status":"open","ping_status":"closed","template":"","meta":[],"product_brand":[],"product_cat":[24],"product_tag":[],"class_list":{"0":"post-30636","1":"product","2":"type-product","3":"status-publish","4":"has-post-thumbnail","6":"product_cat-products-40776","8":"first","9":"instock","10":"shipping-taxable","11":"product-type-simple"},"_links":{"self":[{"href":"https:\/\/ghgalaxyhome.com\/fr\/wp-json\/wp\/v2\/product\/30636","targetHints":{"allow":["GET"]}}],"collection":[{"href":"https:\/\/ghgalaxyhome.com\/fr\/wp-json\/wp\/v2\/product"}],"about":[{"href":"https:\/\/ghgalaxyhome.com\/fr\/wp-json\/wp\/v2\/types\/product"}],"replies":[{"embeddable":true,"href":"https:\/\/ghgalaxyhome.com\/fr\/wp-json\/wp\/v2\/comments?post=30636"}],"version-history":[{"count":1,"href":"https:\/\/ghgalaxyhome.com\/fr\/wp-json\/wp\/v2\/product\/30636\/revisions"}],"predecessor-version":[{"id":30645,"href":"https:\/\/ghgalaxyhome.com\/fr\/wp-json\/wp\/v2\/product\/30636\/revisions\/30645"}],"wp:featuredmedia":[{"embeddable":true,"href":"https:\/\/ghgalaxyhome.com\/fr\/wp-json\/wp\/v2\/media\/30459"}],"wp:attachment":[{"href":"https:\/\/ghgalaxyhome.com\/fr\/wp-json\/wp\/v2\/media?parent=30636"}],"wp:term":[{"taxonomy":"product_brand","embeddable":true,"href":"https:\/\/ghgalaxyhome.com\/fr\/wp-json\/wp\/v2\/product_brand?post=30636"},{"taxonomy":"product_cat","embeddable":true,"href":"https:\/\/ghgalaxyhome.com\/fr\/wp-json\/wp\/v2\/product_cat?post=30636"},{"taxonomy":"product_tag","embeddable":true,"href":"https:\/\/ghgalaxyhome.com\/fr\/wp-json\/wp\/v2\/product_tag?post=30636"}],"curies":[{"name":"wp","href":"https:\/\/api.w.org\/{rel}","templated":true}]}}