{"id":30505,"date":"2024-06-09T14:25:58","date_gmt":"2024-06-09T14:25:58","guid":{"rendered":"https:\/\/ghgalaxyhome.com\/?post_type=product&#038;p=30505"},"modified":"2024-06-09T14:26:14","modified_gmt":"2024-06-09T14:26:14","slug":"products-detail-582326","status":"publish","type":"product","link":"https:\/\/ghgalaxyhome.com\/fr\/video\/products-detail-582326","title":{"rendered":"Galaxy Home - Robinet de lavabo Robinets d&#039;eau de lavabo Corps principal en laiton de luxe Poign\u00e9e en alliage de zinc Robinets de robinet de lavabo"},"content":{"rendered":"<div class=\"cons_box ls-product\">\n<p>At Foshan Baihuo Home Technology Co., Ltd., the efforts of all our employees have resulted in the steady improvement of our R&#038;D capabilities and the launch of Lavatory Faucet Basin Water Taps Luxury Brass Main Body Zinc Alloy Handle Basin Faucet Technological innovation is an important factor for products to form core competitiveness and maintain competitive advantage. After years of growth and development,Foshan Baihuo Home Technology Co., Ltd. have constructed characteristic corporate culture systems and confirmed our business principle of &#8216;customer first&#8217;. We will always focus on customers&#8217; needs and promise that we will provide the most satisfying and valuable products.<\/p>\n<div class=\"rich-text-table\">\n<table>\n<tbody>\n<tr>\n<td style=\"width:25%;padding:5px 20px;font-size:14px;background:#f8fafc\">Num\u00e9ro de mod\u00e8le:<\/td>\n<td style=\"width:25%;padding:5px 20px;font-size:14px\">BF08612<\/td>\n<td style=\"width:25%;padding:5px 20px;font-size:14px;background:#f8fafc\">Taper:<\/td>\n<td style=\"width:25%;padding:5px 20px;font-size:14px\">Robinets de lavabo<\/td>\n<\/tr>\n<tr>\n<td style=\"width:25%;padding:5px 20px;font-size:14px;background:#f8fafc\">Garantie:<\/td>\n<td style=\"width:25%;padding:5px 20px;font-size:14px\">5 ann\u00e9es<\/td>\n<td style=\"width:25%;padding:5px 20px;font-size:14px;background:#f8fafc\">Mat\u00e9riel:<\/td>\n<td style=\"width:25%;padding:5px 20px;font-size:14px\">Laiton, corps principal en laiton, poign\u00e9e en alliage de zinc<\/td>\n<\/tr>\n<tr>\n<td style=\"width:25%;padding:5px 20px;font-size:14px;background:#f8fafc\">Service apr\u00e8s-vente:<\/td>\n<td style=\"width:25%;padding:5px 20px;font-size:14px\">Support technique en ligne, pi\u00e8ces de rechange gratuites<\/td>\n<td style=\"width:25%;padding:5px 20px;font-size:14px;background:#f8fafc\">Capacit\u00e9 de la solution du projet\u00a0:<\/td>\n<td style=\"width:25%;padding:5px 20px;font-size:14px\">conception graphique, conception de mod\u00e8les 3D, solution totale pour les projets, consolidation multicat\u00e9gories<\/td>\n<\/tr>\n<tr>\n<td style=\"width:25%;padding:5px 20px;font-size:14px;background:#f8fafc\">Application:<\/td>\n<td style=\"width:25%;padding:5px 20px;font-size:14px\">H\u00f4tel Villa Appartement<\/td>\n<td style=\"width:25%;padding:5px 20px;font-size:14px;background:#f8fafc\">Style de conception\u00a0:<\/td>\n<td style=\"width:25%;padding:5px 20px;font-size:14px\">Moderne<\/td>\n<\/tr>\n<tr>\n<td style=\"width:25%;padding:5px 20px;font-size:14px;background:#f8fafc\">Lieu d&#039;origine\u00a0:<\/td>\n<td style=\"width:25%;padding:5px 20px;font-size:14px\">Guangdong, Chine<\/td>\n<td style=\"width:25%;padding:5px 20px;font-size:14px;background:#f8fafc\">Marque:<\/td>\n<td style=\"width:25%;padding:5px 20px;font-size:14px\">Accueil Galaxie<\/td>\n<\/tr>\n<tr>\n<td style=\"width:25%;padding:5px 20px;font-size:14px;background:#f8fafc\">Fonctionnalit\u00e9:<\/td>\n<td style=\"width:25%;padding:5px 20px;font-size:14px\">Robinets avec compteur<\/td>\n<td style=\"width:25%;padding:5px 20px;font-size:14px;background:#f8fafc\">Traitement de surface:<\/td>\n<td style=\"width:25%;padding:5px 20px;font-size:14px\">Brillant<\/td>\n<\/tr>\n<tr>\n<td style=\"width:25%;padding:5px 20px;font-size:14px;background:#f8fafc\">Support de robinet\u00a0:<\/td>\n<td style=\"width:25%;padding:5px 20px;font-size:14px\">Trou unique<\/td>\n<td style=\"width:25%;padding:5px 20px;font-size:14px;background:#f8fafc\">Type d&#039;installation\u00a0:<\/td>\n<td style=\"width:25%;padding:5px 20px;font-size:14px\">Mont\u00e9 sur le pont<\/td>\n<\/tr>\n<tr>\n<td style=\"width:25%;padding:5px 20px;font-size:14px;background:#f8fafc\">Nombre de poign\u00e9es\u00a0:<\/td>\n<td style=\"width:25%;padding:5px 20px;font-size:14px\">Poign\u00e9e unique<\/td>\n<td style=\"width:25%;padding:5px 20px;font-size:14px;background:#f8fafc\">Style:<\/td>\n<td style=\"width:25%;padding:5px 20px;font-size:14px\">Contemporain, Robinet de lavabo<\/td>\n<\/tr>\n<tr>\n<td style=\"width:25%;padding:5px 20px;font-size:14px;background:#f8fafc\">Mat\u00e9riau du noyau de valve\u00a0:<\/td>\n<td style=\"width:25%;padding:5px 20px;font-size:14px\">Laiton<\/td>\n<td style=\"width:25%;padding:5px 20px;font-size:14px;background:#f8fafc\">Fonction:<\/td>\n<td style=\"width:25%;padding:5px 20px;font-size:14px\">Froid<\/td>\n<\/tr>\n<tr>\n<td style=\"width:25%;padding:5px 20px;font-size:14px;background:#f8fafc\">Couleur:<\/td>\n<td style=\"width:25%;padding:5px 20px;font-size:14px\">Chrome<\/td>\n<td style=\"width:25%;padding:5px 20px;font-size:14px\"><\/td>\n<td style=\"width:25%;padding:5px 20px;font-size:14px\"><\/td>\n<\/tr>\n<\/tbody>\n<\/table>\n<\/div>\n<p><\/p>\n<div data-magic-global=\"%7B%22bizId%22%3A2211240675273%2C%22pageId%22%3A21002116107%2C%22siteId%22%3A10002499104%7D\" id=\"detail_decorate_root\">#detail_decorate_root .magic-0{border-bottom-style:solid;border-bottom-color:#53647a;font-family:Roboto;font-size:24px;color:#53647a;font-style:normal;border-bottom-width\u00a0: 2px;padding-top:8px;padding-bottom:4px}#detail_decorate_root .magic-1{width:750px;border-collapse:collapse}#detail_decorate_root .magic-2{min-height:28px;padding:5px 10px;largeur:164px ;hauteur min:28px;dimensionnement de la bo\u00eete:content-box}#detail_decorate_root .magic-3{hauteur min:28px;padding:5px 10px;largeur:531px;hauteur min:28px;dimensionnement de la bo\u00eete:content-box} #detail_decorate_root .magic-4{display:none}#detail_decorate_root .magic-5{min-height:28px;padding:5px 10px;largeur:127px;min-height:28px;box-sizing:content-box}#detail_decorate_root .magic-6 {hauteur min: 28 px; rembourrage: 5 px 10 px; largeur: 530 px; hauteur min: 28 px; box-sizing: content-box} #detail_decorate_root .magic-7 {hauteur min: 28 px; rembourrage: 5 px 10 px; largeur: 117 px ;hauteur min:28px;dimensionnement de la bo\u00eete:content-box}#detail_decorate_root .magic-8{hauteur min:28px;padding:5px 10px;largeur:118px;hauteur min:28px;dimensionnement de la bo\u00eete:content-box} #detail_decorate_root .magic-9{margin-bottom:10px;line-height:0}#detail_decorate_root .magic-10{margin-bottom:0}#detail_decorate_root .magic-11{position:relative;width:100%}#detail_decorate_root .magic-12{ margin-bottom:10px;overflow:hidden}#detail_decorate_root .magic-13{width:750px}#detail_decorate_root .magic-14{overflow:hidden;width:750px;height:422px;margin-top:0;margin-bottom:0; margin-left:0;margin-right:0}#detail_decorate_root .magic-15{margin-top:0;margin-left:0;width:750px;height:422px}#detail_decorate_root .magic-16{overflow:hidden;width\u00a0: 750px;hauteur:954px;margin-top:0;margin-bottom:0;margin-left:0;margin-right:0}#detail_decorate_root .magic-17{margin-top:0;margin-left:0;largeur\u00a0: 750px;hauteur:954px}#detail_decorate_root .magic-18{overflow:hidden;width:750px;hauteur:473px;margin-top:0;margin-bottom:0;margin-left:0;margin-right:0}#detail_decorate_root . magic-19{margin-top:0;margin-left:0;width:750px;height:473px}#detail_decorate_root .magic-20{overflow:hidden;width:750px;height:671px;margin-top:0;margin- bottom:0;margin-left:0;margin-right:0}#detail_decorate_root .magic-21{margin-top:0;margin-left:0;width:750px;height:671px}#detail_decorate_root .magic-22{overflow\u00a0: cach\u00e9; largeur: 750 px; hauteur: 793 px; marge-haut: 0; marge-bas: 0; marge-gauche: 0; marge-droite: 0}#detail_decorate_root .magic-23{margin-top:0;marge-gauche\u00a0: 0;largeur:750px;hauteur:793px}#detail_decorate_root .magic-24{overflow:hidden;largeur:750px;hauteur:453px;marge-haut:0;marge-bas:0;marge-gauche:0;marge-droite\u00a0: 0}#detail_decorate_root .magic-25{margin-top:0;margin-left:0;largeur:750px;hauteur:453px}<\/p>\n<div class=\"J_module\">\n<div id=\"ali-anchor-AliMagic-wceuix\" data-section=\"AliMagic-wceuix\" data-section-title=\"Products Description\" class=\"magic-0\">Description des produits<\/div>\n<\/div>\n<div class=\"J_module\">\n<div class=\"ife-detail-decorate-table\">\n<table class=\"all magic-1\">\n<tbody>\n<tr>\n<td colspan=\"1\" rowspan=\"1\">\n<div class=\"magic-2\">Nom des produits<\/div>\n<\/td>\n<td colspan=\"4\" rowspan=\"1\">\n<div class=\"magic-3\">Lavatory Faucet Basin Water Taps Luxury Brass Main Body Zinc Alloy Handle Basin Faucet<\/div>\n<\/td>\n<td rowspan=\"0\" class=\"magic-4\">\n<div class=\"magic-5\"><\/div>\n<\/td>\n<td rowspan=\"0\" class=\"magic-4\">\n<div class=\"magic-5\"><\/div>\n<\/td>\n<td rowspan=\"0\" class=\"magic-4\">\n<div class=\"magic-5\"><\/div>\n<\/td>\n<\/tr>\n<tr>\n<td colspan=\"1\" rowspan=\"1\">\n<div class=\"magic-2\">Marque<\/div>\n<\/td>\n<td colspan=\"4\" rowspan=\"1\">\n<div class=\"magic-3\">Accueil Galaxie<\/div>\n<\/td>\n<td rowspan=\"0\" class=\"magic-4\">\n<div class=\"magic-5\"><\/div>\n<\/td>\n<td rowspan=\"0\" class=\"magic-4\">\n<div class=\"magic-5\"><\/div>\n<\/td>\n<td rowspan=\"0\" class=\"magic-4\">\n<div class=\"magic-5\"><\/div>\n<\/td>\n<\/tr>\n<tr>\n<td colspan=\"1\" rowspan=\"1\">\n<div class=\"magic-2\">Num\u00e9ro de mod\u00e8le.<\/div>\n<\/td>\n<td colspan=\"4\" rowspan=\"1\">\n<div class=\"magic-3\">BF08612<\/div>\n<\/td>\n<td rowspan=\"0\" class=\"magic-4\">\n<div class=\"magic-5\"><\/div>\n<\/td>\n<td rowspan=\"0\" class=\"magic-4\">\n<div class=\"magic-5\"><\/div>\n<\/td>\n<td rowspan=\"0\" class=\"magic-4\">\n<div class=\"magic-5\"><\/div>\n<\/td>\n<\/tr>\n<tr>\n<td colspan=\"1\" rowspan=\"1\">\n<div class=\"magic-2\">Mat\u00e9riel<\/div>\n<\/td>\n<td colspan=\"4\" rowspan=\"1\">\n<div class=\"magic-3\">Corps principal en laiton, poign\u00e9e en alliage de zinc<\/div>\n<\/td>\n<td rowspan=\"0\" class=\"magic-4\">\n<div class=\"magic-5\"><\/div>\n<\/td>\n<td rowspan=\"0\" class=\"magic-4\">\n<div class=\"magic-5\"><\/div>\n<\/td>\n<td rowspan=\"0\" class=\"magic-4\">\n<div class=\"magic-5\"><\/div>\n<\/td>\n<\/tr>\n<tr>\n<td colspan=\"1\" rowspan=\"1\">\n<div class=\"magic-2\">Mat\u00e9riau du noyau de la vanne<\/div>\n<\/td>\n<td colspan=\"4\" rowspan=\"1\">\n<div class=\"magic-6\">Laiton<\/div>\n<\/td>\n<td rowspan=\"0\" class=\"magic-4\">\n<div class=\"magic-7\"><\/div>\n<\/td>\n<td rowspan=\"0\" class=\"magic-4\">\n<div class=\"magic-7\"><\/div>\n<\/td>\n<td rowspan=\"0\" class=\"magic-4\">\n<div class=\"magic-8\"><\/div>\n<\/td>\n<\/tr>\n<tr>\n<td colspan=\"1\" rowspan=\"1\">\n<div class=\"magic-2\">Couleur<\/div>\n<\/td>\n<td colspan=\"4\" rowspan=\"1\">\n<div class=\"magic-3\">Chrome<\/div>\n<\/td>\n<td rowspan=\"0\" class=\"magic-4\">\n<div class=\"magic-5\"><\/div>\n<\/td>\n<td rowspan=\"0\" class=\"magic-4\">\n<div class=\"magic-5\"><\/div>\n<\/td>\n<td rowspan=\"0\" class=\"magic-4\">\n<div class=\"magic-5\"><\/div>\n<\/td>\n<\/tr>\n<tr>\n<td colspan=\"1\" rowspan=\"1\">\n<div class=\"magic-2\">Traitement de surface<\/div>\n<\/td>\n<td colspan=\"4\" rowspan=\"1\">\n<div class=\"magic-3\">Finition polie et \u00e9lectrolytique<\/div>\n<\/td>\n<td rowspan=\"0\" class=\"magic-4\">\n<div class=\"magic-5\"><\/div>\n<\/td>\n<td rowspan=\"0\" class=\"magic-4\">\n<div class=\"magic-5\"><\/div>\n<\/td>\n<td rowspan=\"0\" class=\"magic-4\">\n<div class=\"magic-5\"><\/div>\n<\/td>\n<\/tr>\n<tr>\n<td colspan=\"1\" rowspan=\"1\">\n<div class=\"magic-2\">Type d&#039;installation<\/div>\n<\/td>\n<td colspan=\"4\" rowspan=\"1\">\n<div class=\"magic-6\">Mont\u00e9 sur le pont<\/div>\n<\/td>\n<td rowspan=\"0\" class=\"magic-4\">\n<div class=\"magic-5\"><\/div>\n<\/td>\n<td rowspan=\"0\" class=\"magic-4\">\n<div class=\"magic-5\"><\/div>\n<\/td>\n<td rowspan=\"0\" class=\"magic-4\">\n<div class=\"magic-5\"><\/div>\n<\/td>\n<\/tr>\n<\/tbody>\n<\/table>\n<\/div>\n<\/div>\n<div class=\"J_module\">\n<div id=\"ali-anchor-AliMagic-r5jxhw\" data-section=\"AliMagic-r5jxhw\" data-section-title=\"Details Images\" class=\"magic-0\">D\u00e9tails Images<\/div>\n<\/div>\n<div class=\"J_module\">\n<div class=\"icbu-pc-detailManyImage magic-9\">\n<div class=\"magic-10\"><img decoding=\"async\" data-src=\"https:\/\/imgbd.weyesimg.com\/prod\/moving\/img\/96aab06199335991f33366894aebf8dd\/5385495b6ba06a6b65172148de58eeb5.jpg\" src=\"https:\/\/imgbd.weyesimg.com\/prod\/moving\/img\/96aab06199335991f33366894aebf8dd\/5385495b6ba06a6b65172148de58eeb5.jpg?x-oss-process=image\/resize,m_lfit,w_1224\/format,webp\/quality,80\" class=\"magic-11 img-self show_imgss\"><\/div>\n<div class=\"magic-10\"><img decoding=\"async\" data-src=\"https:\/\/imgbd.weyesimg.com\/prod\/moving\/img\/96aab06199335991f33366894aebf8dd\/8d8d7aa8a207bb26d1d2596419a8b34b.jpg\" src=\"https:\/\/imgbd.weyesimg.com\/prod\/moving\/img\/96aab06199335991f33366894aebf8dd\/8d8d7aa8a207bb26d1d2596419a8b34b.jpg?x-oss-process=image\/resize,m_lfit,w_1224\/format,webp\/quality,80\" class=\"magic-11 img-self show_imgss\"><\/div>\n<div class=\"magic-10\"><img decoding=\"async\" data-src=\"https:\/\/imgbd.weyesimg.com\/prod\/moving\/img\/96aab06199335991f33366894aebf8dd\/0ef457bbea2f2b0edc7c8e7911538cf3.jpg\" src=\"https:\/\/imgbd.weyesimg.com\/prod\/moving\/img\/96aab06199335991f33366894aebf8dd\/0ef457bbea2f2b0edc7c8e7911538cf3.jpg?x-oss-process=image\/resize,m_lfit,w_1224\/format,webp\/quality,80\" class=\"magic-11 img-self show_imgss\"><\/div>\n<div class=\"magic-10\"><img decoding=\"async\" data-src=\"https:\/\/imgbd.weyesimg.com\/prod\/moving\/img\/96aab06199335991f33366894aebf8dd\/44fb119abce323846b42a983447ebdd0.jpg\" src=\"https:\/\/imgbd.weyesimg.com\/prod\/moving\/img\/96aab06199335991f33366894aebf8dd\/44fb119abce323846b42a983447ebdd0.jpg?x-oss-process=image\/resize,m_lfit,w_1224\/format,webp\/quality,80\" class=\"magic-11 img-self show_imgss\"><\/div>\n<\/div>\n<\/div>\n<div class=\"J_module\">\n<div data-magic=\"{&quot;mds&quot;:{&quot;assetsVersion&quot;:&quot;0.0.14&quot;,&quot;assetsPackageName&quot;:&quot;icbumod&quot;,&quot;moduleNameAlias&quot;:&quot;icbu-pc-detailSellerRecommend&quot;,&quot;moduleData&quot;:{&quot;config&quot;:{&quot;columnCount&quot;:4,&quot;titleKey&quot;:6,&quot;products&quot;:[1600426222411,1600426850665,1600426627551,1600425617229,1600415507284,1600412362449,1600426177945,1600399276381,1600366805930,1600405589295,1600380602764,1600396575559]}}},&quot;version&quot;:1}\" class=\"icbu-pc-detailSellerRecommend magic-12\"><\/div>\n<\/div>\n<div class=\"J_module\">\n<div class=\"icbu-pc-images magic-13\">\n<div>\n<div class=\"flex-layout-v\">\n<div class=\"flex-layout-h magic-13\">\n<div class=\"magic-14\"><img decoding=\"async\" data-src=\"https:\/\/imgbd.weyesimg.com\/prod\/moving\/img\/96aab06199335991f33366894aebf8dd\/0b3dc56514d69562c59b97a0e7f989ad.jpg\" src=\"https:\/\/imgbd.weyesimg.com\/prod\/moving\/img\/96aab06199335991f33366894aebf8dd\/0b3dc56514d69562c59b97a0e7f989ad.jpg?x-oss-process=image\/resize,m_lfit,w_1224\/format,webp\/quality,80\" class=\"magic-15 img-self show_imgss\"><\/div>\n<\/div>\n<\/div>\n<\/div>\n<\/div>\n<\/div>\n<div class=\"J_module\">\n<div class=\"icbu-pc-images magic-13\">\n<div>\n<div class=\"flex-layout-v\">\n<div class=\"flex-layout-h magic-13\">\n<div class=\"magic-16\"><img decoding=\"async\" data-src=\"https:\/\/imgbd.weyesimg.com\/prod\/moving\/img\/96aab06199335991f33366894aebf8dd\/e8a47fa2bd80430a65c85af887ab2ad4.jpg\" src=\"https:\/\/imgbd.weyesimg.com\/prod\/moving\/img\/96aab06199335991f33366894aebf8dd\/e8a47fa2bd80430a65c85af887ab2ad4.jpg?x-oss-process=image\/resize,m_lfit,w_1224\/format,webp\/quality,80\" class=\"magic-17 img-self show_imgss\"><\/div>\n<\/div>\n<\/div>\n<\/div>\n<\/div>\n<\/div>\n<div class=\"J_module\">\n<div class=\"icbu-pc-images magic-13\">\n<div>\n<div class=\"flex-layout-v\">\n<div class=\"flex-layout-h magic-13\">\n<div class=\"magic-18\"><img decoding=\"async\" data-src=\"https:\/\/imgbd.weyesimg.com\/prod\/moving\/img\/96aab06199335991f33366894aebf8dd\/812643060191df6ea0c9f14f0ebcbe18.jpg\" src=\"https:\/\/imgbd.weyesimg.com\/prod\/moving\/img\/96aab06199335991f33366894aebf8dd\/812643060191df6ea0c9f14f0ebcbe18.jpg?x-oss-process=image\/resize,m_lfit,w_1224\/format,webp\/quality,80\" class=\"magic-19 img-self show_imgss\"><\/div>\n<\/div>\n<\/div>\n<\/div>\n<\/div>\n<\/div>\n<div class=\"J_module\">\n<div class=\"icbu-pc-images magic-13\">\n<div>\n<div class=\"flex-layout-v\">\n<div class=\"flex-layout-h magic-13\">\n<div class=\"magic-20\"><img decoding=\"async\" data-src=\"https:\/\/imgbd.weyesimg.com\/prod\/moving\/img\/96aab06199335991f33366894aebf8dd\/98b125c63ce0b93b1b0f9e942d55dae4.jpg\" src=\"https:\/\/imgbd.weyesimg.com\/prod\/moving\/img\/96aab06199335991f33366894aebf8dd\/98b125c63ce0b93b1b0f9e942d55dae4.jpg?x-oss-process=image\/resize,m_lfit,w_1224\/format,webp\/quality,80\" class=\"magic-21 img-self show_imgss\"><\/div>\n<\/div>\n<\/div>\n<\/div>\n<\/div>\n<\/div>\n<div class=\"J_module\">\n<div class=\"icbu-pc-images magic-13\">\n<div>\n<div class=\"flex-layout-v\">\n<div class=\"flex-layout-h magic-13\">\n<div class=\"magic-22\"><img decoding=\"async\" data-src=\"https:\/\/imgbd.weyesimg.com\/prod\/moving\/img\/96aab06199335991f33366894aebf8dd\/245191662a3024c35540500f58281a33.jpg\" src=\"https:\/\/imgbd.weyesimg.com\/prod\/moving\/img\/96aab06199335991f33366894aebf8dd\/245191662a3024c35540500f58281a33.jpg?x-oss-process=image\/resize,m_lfit,w_1224\/format,webp\/quality,80\" class=\"magic-23 img-self show_imgss\"><\/div>\n<\/div>\n<\/div>\n<\/div>\n<\/div>\n<\/div>\n<div class=\"J_module\">\n<div class=\"icbu-pc-images magic-13\">\n<div>\n<div class=\"flex-layout-v\">\n<div class=\"flex-layout-h magic-13\">\n<div class=\"magic-24\"><img decoding=\"async\" data-src=\"https:\/\/imgbd.weyesimg.com\/prod\/moving\/img\/96aab06199335991f33366894aebf8dd\/f720390c06422a9260318d0aa9e95dec.jpg\" src=\"https:\/\/imgbd.weyesimg.com\/prod\/moving\/img\/96aab06199335991f33366894aebf8dd\/f720390c06422a9260318d0aa9e95dec.jpg?x-oss-process=image\/resize,m_lfit,w_1224\/format,webp\/quality,80\" class=\"magic-25 img-self show_imgss\"><\/div>\n<\/div>\n<\/div>\n<\/div>\n<\/div>\n<\/div><\/div>\n<\/p><\/div>","protected":false},"excerpt":{"rendered":"<p>Robinet de lavabo Robinets d&#039;eau de lavabo Corps principal en laiton de luxe Poign\u00e9e en alliage de zinc Le robinet de lavabo a pass\u00e9 les tests effectu\u00e9s par nos inspecteurs professionnels de contr\u00f4le qualit\u00e9. En utilisant des mat\u00e9riaux propos\u00e9s par des fournisseurs de mati\u00e8res premi\u00e8res fiables, les meubles-lavabos, baignoires, toilettes, robinets, cabines de douche et autres accessoires offrent des performances stables mais puissantes. Il pr\u00e9sente de nombreux avantages qui ont \u00e9t\u00e9 d\u00e9velopp\u00e9s de mani\u00e8re nouvelle et ind\u00e9pendante, cr\u00e9ant ainsi de nombreux avantages.<\/p>","protected":false},"featured_media":30525,"comment_status":"open","ping_status":"closed","template":"","meta":[],"product_brand":[],"product_cat":[24],"product_tag":[],"class_list":{"0":"post-30505","1":"product","2":"type-product","3":"status-publish","4":"has-post-thumbnail","6":"product_cat-products-40776","8":"first","9":"instock","10":"shipping-taxable","11":"product-type-simple"},"_links":{"self":[{"href":"https:\/\/ghgalaxyhome.com\/fr\/wp-json\/wp\/v2\/product\/30505","targetHints":{"allow":["GET"]}}],"collection":[{"href":"https:\/\/ghgalaxyhome.com\/fr\/wp-json\/wp\/v2\/product"}],"about":[{"href":"https:\/\/ghgalaxyhome.com\/fr\/wp-json\/wp\/v2\/types\/product"}],"replies":[{"embeddable":true,"href":"https:\/\/ghgalaxyhome.com\/fr\/wp-json\/wp\/v2\/comments?post=30505"}],"version-history":[{"count":1,"href":"https:\/\/ghgalaxyhome.com\/fr\/wp-json\/wp\/v2\/product\/30505\/revisions"}],"predecessor-version":[{"id":30531,"href":"https:\/\/ghgalaxyhome.com\/fr\/wp-json\/wp\/v2\/product\/30505\/revisions\/30531"}],"wp:featuredmedia":[{"embeddable":true,"href":"https:\/\/ghgalaxyhome.com\/fr\/wp-json\/wp\/v2\/media\/30525"}],"wp:attachment":[{"href":"https:\/\/ghgalaxyhome.com\/fr\/wp-json\/wp\/v2\/media?parent=30505"}],"wp:term":[{"taxonomy":"product_brand","embeddable":true,"href":"https:\/\/ghgalaxyhome.com\/fr\/wp-json\/wp\/v2\/product_brand?post=30505"},{"taxonomy":"product_cat","embeddable":true,"href":"https:\/\/ghgalaxyhome.com\/fr\/wp-json\/wp\/v2\/product_cat?post=30505"},{"taxonomy":"product_tag","embeddable":true,"href":"https:\/\/ghgalaxyhome.com\/fr\/wp-json\/wp\/v2\/product_tag?post=30505"}],"curies":[{"name":"wp","href":"https:\/\/api.w.org\/{rel}","templated":true}]}}