{"id":30500,"date":"2024-06-09T14:25:58","date_gmt":"2024-06-09T14:25:58","guid":{"rendered":"https:\/\/ghgalaxyhome.com\/?post_type=product&#038;p=30500"},"modified":"2024-06-09T14:26:14","modified_gmt":"2024-06-09T14:26:14","slug":"products-detail-582343","status":"publish","type":"product","link":"https:\/\/ghgalaxyhome.com\/fr\/video\/products-detail-582343","title":{"rendered":"Galaxy Home \u2013 Robinet de salle de bains \u00e0 poign\u00e9e unique, mitigeur de lavabo, noyau de valve en laiton chaud et froid chrom\u00e9, robinets de lavabo de salle de bains"},"content":{"rendered":"<div class=\"cons_box ls-product\">\n<p>Foshan Baihuo Home Technology Co., Ltd. is always dedicated to the research and development, production and sale of the Single Handle Bathroom Faucet Basin Mixer Chrome Hot And Cold Brass Valve Core Bathroom Basin Faucet. The accumulated rich experience and strong technological innovation capabilities have kept Foshan Baihuo Home Technology Co., Ltd. at the forefront of the market, and Single Handle Bathroom Faucet Basin Mixer Chrome Hot And Cold Brass Valve Core Bathroom Basin Faucet developed have perfectly solved the pain points of the industry and the market. Foshan Baihuo Home Technology Co., Ltd. have realized the importance of technology. In recent years, we have been investing heavily in technology improvement and upgrades and the research and development of new products. In this way, we can occupy a more competitive position in the industry.<\/p>\n<div class=\"rich-text-table\">\n<table>\n<tbody>\n<tr>\n<td style=\"width:25%;padding:5px 20px;font-size:14px;background:#f8fafc\">Num\u00e9ro de mod\u00e8le:<\/td>\n<td style=\"width:25%;padding:5px 20px;font-size:14px\">BF08607<\/td>\n<td style=\"width:25%;padding:5px 20px;font-size:14px;background:#f8fafc\">Taper:<\/td>\n<td style=\"width:25%;padding:5px 20px;font-size:14px\">Robinets de lavabo<\/td>\n<\/tr>\n<tr>\n<td style=\"width:25%;padding:5px 20px;font-size:14px;background:#f8fafc\">Garantie:<\/td>\n<td style=\"width:25%;padding:5px 20px;font-size:14px\">5 ann\u00e9es<\/td>\n<td style=\"width:25%;padding:5px 20px;font-size:14px;background:#f8fafc\">Mat\u00e9riel:<\/td>\n<td style=\"width:25%;padding:5px 20px;font-size:14px\">Laiton, corps principal en laiton, poign\u00e9e en alliage de zinc<\/td>\n<\/tr>\n<tr>\n<td style=\"width:25%;padding:5px 20px;font-size:14px;background:#f8fafc\">Service apr\u00e8s-vente:<\/td>\n<td style=\"width:25%;padding:5px 20px;font-size:14px\">Support technique en ligne, pi\u00e8ces de rechange gratuites<\/td>\n<td style=\"width:25%;padding:5px 20px;font-size:14px;background:#f8fafc\">Capacit\u00e9 de la solution du projet\u00a0:<\/td>\n<td style=\"width:25%;padding:5px 20px;font-size:14px\">conception graphique, conception de mod\u00e8les 3D, solution totale pour les projets, consolidation multicat\u00e9gories<\/td>\n<\/tr>\n<tr>\n<td style=\"width:25%;padding:5px 20px;font-size:14px;background:#f8fafc\">Application:<\/td>\n<td style=\"width:25%;padding:5px 20px;font-size:14px\">H\u00f4tel Villa Appartement<\/td>\n<td style=\"width:25%;padding:5px 20px;font-size:14px;background:#f8fafc\">Style de conception\u00a0:<\/td>\n<td style=\"width:25%;padding:5px 20px;font-size:14px\">Moderne<\/td>\n<\/tr>\n<tr>\n<td style=\"width:25%;padding:5px 20px;font-size:14px;background:#f8fafc\">Lieu d&#039;origine\u00a0:<\/td>\n<td style=\"width:25%;padding:5px 20px;font-size:14px\">Guangdong, Chine<\/td>\n<td style=\"width:25%;padding:5px 20px;font-size:14px;background:#f8fafc\">Marque:<\/td>\n<td style=\"width:25%;padding:5px 20px;font-size:14px\">Accueil Galaxie<\/td>\n<\/tr>\n<tr>\n<td style=\"width:25%;padding:5px 20px;font-size:14px;background:#f8fafc\">Fonctionnalit\u00e9:<\/td>\n<td style=\"width:25%;padding:5px 20px;font-size:14px\">Robinets avec compteur<\/td>\n<td style=\"width:25%;padding:5px 20px;font-size:14px;background:#f8fafc\">Traitement de surface:<\/td>\n<td style=\"width:25%;padding:5px 20px;font-size:14px\">Brillant<\/td>\n<\/tr>\n<tr>\n<td style=\"width:25%;padding:5px 20px;font-size:14px;background:#f8fafc\">Support de robinet\u00a0:<\/td>\n<td style=\"width:25%;padding:5px 20px;font-size:14px\">Trou unique<\/td>\n<td style=\"width:25%;padding:5px 20px;font-size:14px;background:#f8fafc\">Type d&#039;installation\u00a0:<\/td>\n<td style=\"width:25%;padding:5px 20px;font-size:14px\">Mont\u00e9 sur le pont<\/td>\n<\/tr>\n<tr>\n<td style=\"width:25%;padding:5px 20px;font-size:14px;background:#f8fafc\">Nombre de poign\u00e9es\u00a0:<\/td>\n<td style=\"width:25%;padding:5px 20px;font-size:14px\">Poign\u00e9e unique<\/td>\n<td style=\"width:25%;padding:5px 20px;font-size:14px;background:#f8fafc\">Style:<\/td>\n<td style=\"width:25%;padding:5px 20px;font-size:14px\">Contemporain, Robinet de lavabo, Mitigeur de lavabo<\/td>\n<\/tr>\n<tr>\n<td style=\"width:25%;padding:5px 20px;font-size:14px;background:#f8fafc\">Mat\u00e9riau du noyau de valve\u00a0:<\/td>\n<td style=\"width:25%;padding:5px 20px;font-size:14px\">Laiton<\/td>\n<td style=\"width:25%;padding:5px 20px;font-size:14px;background:#f8fafc\">Fonction:<\/td>\n<td style=\"width:25%;padding:5px 20px;font-size:14px\">Chaud et froid<\/td>\n<\/tr>\n<tr>\n<td style=\"width:25%;padding:5px 20px;font-size:14px;background:#f8fafc\">Couleur:<\/td>\n<td style=\"width:25%;padding:5px 20px;font-size:14px\">Chrome<\/td>\n<td style=\"width:25%;padding:5px 20px;font-size:14px\"><\/td>\n<td style=\"width:25%;padding:5px 20px;font-size:14px\"><\/td>\n<\/tr>\n<\/tbody>\n<\/table>\n<\/div>\n<p><\/p>\n<div data-magic-global=\"%7B%22bizId%22%3A2211240675273%2C%22pageId%22%3A21003397977%2C%22siteId%22%3A10002499104%7D\" id=\"detail_decorate_root\">#detail_decorate_root .magic-0{border-bottom-style:solid;border-bottom-color:#53647a;font-family:Roboto;font-size:24px;color:#53647a;font-style:normal;border-bottom-width:2px;padding-top:8px;padding-bottom:4px}#detail_decorate_root .magic-1{width:750px;border-collapse:collapse}#detail_decorate_root .magic-2{min-height:28px;padding:5px 10px;width:164px;min-height:28px;box-sizing:content-box}#detail_decorate_root .magic-3{min-height:28px;padding:5px 10px;width:531px;min-height:28px;box-sizing:content-box}#detail_decorate_root .magic-4{display:none}#detail_decorate_root .magic-5{min-height:28px;padding:5px 10px;width:127px;min-height:28px;box-sizing:content-box}#detail_decorate_root .magic-6{min-height:28px;padding:5px 10px;width:530px;min-height:28px;box-sizing:content-box}#detail_decorate_root .magic-7{min-height:28px;padding:5px 10px;width:117px;min-height:28px;box-sizing:content-box}#detail_decorate_root .magic-8{min-height:28px;padding:5px 10px;width:118px;min-height:28px;box-sizing:content-box}#detail_decorate_root .magic-9{margin-bottom:10px;line-height:0}#detail_decorate_root .magic-10{margin-bottom:0}#detail_decorate_root .magic-11{position:relative;width:100%}#detail_decorate_root .magic-12{width:750px}#detail_decorate_root .magic-13{overflow:hidden;width:750px;height:473px;margin-top:0;margin-bottom:0;margin-left:0;margin-right:0}#detail_decorate_root .magic-14{margin-top:0;margin-left:0;width:750px;height:473px}#detail_decorate_root .magic-15{overflow:hidden;width:750px;height:671px;margin-top:0;margin-bottom:0;margin-left:0;margin-right:0}#detail_decorate_root .magic-16{margin-top:0;margin-left:0;width:750px;height:671px}#detail_decorate_root .magic-17{margin-bottom:10px;overflow:hidden}#detail_decorate_root .magic-18{overflow:hidden;width:750px;height:1556px;margin-top:0;margin-bottom:0;margin-left:0;margin-right:0}#detail_decorate_root .magic-19{margin-top:0;margin-left:0;width:750px;height:1556px}#detail_decorate_root .magic-20{overflow:hidden;width:750px;height:787px;margin-top:0;margin-bottom:0;margin-left:0;margin-right:0}#detail_decorate_root .magic-21{margin-top:0;margin-left:0;width:750px;height:787px}#detail_decorate_root .magic-22{overflow:hidden;width:750px;height:469px;margin-top:0;margin-bottom:0;margin-left:0;margin-right:0}#detail_decorate_root .magic-23{margin-top:0;margin-left:0;width:750px;height:469px}<\/p>\n<div class=\"J_module\">\n<div id=\"ali-anchor-AliMagic-bsm09d\" data-section=\"AliMagic-bsm09d\" data-section-title=\"Products Description\" class=\"magic-0\">Description des produits<\/div>\n<\/div>\n<div class=\"J_module\">\n<div class=\"ife-detail-decorate-table\">\n<table class=\"all magic-1\">\n<tbody>\n<tr>\n<td colspan=\"1\" rowspan=\"1\">\n<div class=\"magic-2\">Nom des produits<\/div>\n<\/td>\n<td colspan=\"4\" rowspan=\"1\">\n<div class=\"magic-3\">Robinet de salle de bains \u00e0 poign\u00e9e unique, mitigeur de lavabo, noyau de Valve en laiton chaud et froid chrom\u00e9, robinet de lavabo de salle de bains<\/div>\n<\/td>\n<td rowspan=\"0\" class=\"magic-4\">\n<div class=\"magic-5\"><\/div>\n<\/td>\n<td rowspan=\"0\" class=\"magic-4\">\n<div class=\"magic-5\"><\/div>\n<\/td>\n<td rowspan=\"0\" class=\"magic-4\">\n<div class=\"magic-5\"><\/div>\n<\/td>\n<\/tr>\n<tr>\n<td colspan=\"1\" rowspan=\"1\">\n<div class=\"magic-2\">Marque<\/div>\n<\/td>\n<td colspan=\"4\" rowspan=\"1\">\n<div class=\"magic-3\">Accueil Galaxie<\/div>\n<\/td>\n<td rowspan=\"0\" class=\"magic-4\">\n<div class=\"magic-5\"><\/div>\n<\/td>\n<td rowspan=\"0\" class=\"magic-4\">\n<div class=\"magic-5\"><\/div>\n<\/td>\n<td rowspan=\"0\" class=\"magic-4\">\n<div class=\"magic-5\"><\/div>\n<\/td>\n<\/tr>\n<tr>\n<td colspan=\"1\" rowspan=\"1\">\n<div class=\"magic-2\">Num\u00e9ro de mod\u00e8le.<\/div>\n<\/td>\n<td colspan=\"4\" rowspan=\"1\">\n<div class=\"magic-3\">BF08607<\/div>\n<\/td>\n<td rowspan=\"0\" class=\"magic-4\">\n<div class=\"magic-5\"><\/div>\n<\/td>\n<td rowspan=\"0\" class=\"magic-4\">\n<div class=\"magic-5\"><\/div>\n<\/td>\n<td rowspan=\"0\" class=\"magic-4\">\n<div class=\"magic-5\"><\/div>\n<\/td>\n<\/tr>\n<tr>\n<td colspan=\"1\" rowspan=\"1\">\n<div class=\"magic-2\">Mat\u00e9riel<\/div>\n<\/td>\n<td colspan=\"4\" rowspan=\"1\">\n<div class=\"magic-3\">Corps principal en laiton, poign\u00e9e en alliage de zinc<\/div>\n<\/td>\n<td rowspan=\"0\" class=\"magic-4\">\n<div class=\"magic-5\"><\/div>\n<\/td>\n<td rowspan=\"0\" class=\"magic-4\">\n<div class=\"magic-5\"><\/div>\n<\/td>\n<td rowspan=\"0\" class=\"magic-4\">\n<div class=\"magic-5\"><\/div>\n<\/td>\n<\/tr>\n<tr>\n<td colspan=\"1\" rowspan=\"1\">\n<div class=\"magic-2\">Mat\u00e9riau du noyau de la vanne<\/div>\n<\/td>\n<td colspan=\"4\" rowspan=\"1\">\n<div class=\"magic-6\">Laiton<\/div>\n<\/td>\n<td rowspan=\"0\" class=\"magic-4\">\n<div class=\"magic-7\"><\/div>\n<\/td>\n<td rowspan=\"0\" class=\"magic-4\">\n<div class=\"magic-7\"><\/div>\n<\/td>\n<td rowspan=\"0\" class=\"magic-4\">\n<div class=\"magic-8\"><\/div>\n<\/td>\n<\/tr>\n<tr>\n<td colspan=\"1\" rowspan=\"1\">\n<div class=\"magic-2\">Couleur<\/div>\n<\/td>\n<td colspan=\"4\" rowspan=\"1\">\n<div class=\"magic-3\">Chrome<\/div>\n<\/td>\n<td rowspan=\"0\" class=\"magic-4\">\n<div class=\"magic-5\"><\/div>\n<\/td>\n<td rowspan=\"0\" class=\"magic-4\">\n<div class=\"magic-5\"><\/div>\n<\/td>\n<td rowspan=\"0\" class=\"magic-4\">\n<div class=\"magic-5\"><\/div>\n<\/td>\n<\/tr>\n<tr>\n<td colspan=\"1\" rowspan=\"1\">\n<div class=\"magic-2\">Traitement de surface<\/div>\n<\/td>\n<td colspan=\"4\" rowspan=\"1\">\n<div class=\"magic-3\">Finition polie et \u00e9lectrolytique<\/div>\n<\/td>\n<td rowspan=\"0\" class=\"magic-4\">\n<div class=\"magic-5\"><\/div>\n<\/td>\n<td rowspan=\"0\" class=\"magic-4\">\n<div class=\"magic-5\"><\/div>\n<\/td>\n<td rowspan=\"0\" class=\"magic-4\">\n<div class=\"magic-5\"><\/div>\n<\/td>\n<\/tr>\n<tr>\n<td colspan=\"1\" rowspan=\"1\">\n<div class=\"magic-2\">Type d&#039;installation<\/div>\n<\/td>\n<td colspan=\"4\" rowspan=\"1\">\n<div class=\"magic-6\">Mont\u00e9 sur le pont<\/div>\n<\/td>\n<td rowspan=\"0\" class=\"magic-4\">\n<div class=\"magic-5\"><\/div>\n<\/td>\n<td rowspan=\"0\" class=\"magic-4\">\n<div class=\"magic-5\"><\/div>\n<\/td>\n<td rowspan=\"0\" class=\"magic-4\">\n<div class=\"magic-5\"><\/div>\n<\/td>\n<\/tr>\n<\/tbody>\n<\/table>\n<\/div>\n<\/div>\n<div class=\"J_module\">\n<div id=\"ali-anchor-AliMagic-z2i5am\" data-section=\"AliMagic-z2i5am\" data-section-title=\"Details Images\" class=\"magic-0\">D\u00e9tails Images<\/div>\n<\/div>\n<div class=\"J_module\">\n<div class=\"icbu-pc-detailManyImage magic-9\">\n<div class=\"magic-10\"><img decoding=\"async\" data-src=\"https:\/\/imgbd.weyesimg.com\/prod\/moving\/img\/96aab06199335991f33366894aebf8dd\/e0a2c79aa83afb7794e07f2d7bee0b31.jpg\" src=\"https:\/\/imgbd.weyesimg.com\/prod\/moving\/img\/96aab06199335991f33366894aebf8dd\/e0a2c79aa83afb7794e07f2d7bee0b31.jpg?x-oss-process=image\/resize,m_lfit,w_1224\/format,webp\/quality,80\" class=\"magic-11 img-self show_imgss\"><\/div>\n<div class=\"magic-10\"><img decoding=\"async\" data-src=\"https:\/\/imgbd.weyesimg.com\/prod\/moving\/img\/96aab06199335991f33366894aebf8dd\/0f36a2352974b7416a9ebbfbf0e382e8.jpg\" src=\"https:\/\/imgbd.weyesimg.com\/prod\/moving\/img\/96aab06199335991f33366894aebf8dd\/0f36a2352974b7416a9ebbfbf0e382e8.jpg?x-oss-process=image\/resize,m_lfit,w_1224\/format,webp\/quality,80\" class=\"magic-11 img-self show_imgss\"><\/div>\n<div class=\"magic-10\"><img decoding=\"async\" data-src=\"https:\/\/imgbd.weyesimg.com\/prod\/moving\/img\/96aab06199335991f33366894aebf8dd\/5314d717dc23aa9c278c904324414f37.jpg\" src=\"https:\/\/imgbd.weyesimg.com\/prod\/moving\/img\/96aab06199335991f33366894aebf8dd\/5314d717dc23aa9c278c904324414f37.jpg?x-oss-process=image\/resize,m_lfit,w_1224\/format,webp\/quality,80\" class=\"magic-11 img-self show_imgss\"><\/div>\n<div class=\"magic-10\"><img decoding=\"async\" data-src=\"https:\/\/imgbd.weyesimg.com\/prod\/moving\/img\/96aab06199335991f33366894aebf8dd\/043f17fdd1125bf22fb682d667d6ae2f.jpg\" src=\"https:\/\/imgbd.weyesimg.com\/prod\/moving\/img\/96aab06199335991f33366894aebf8dd\/043f17fdd1125bf22fb682d667d6ae2f.jpg?x-oss-process=image\/resize,m_lfit,w_1224\/format,webp\/quality,80\" class=\"magic-11 img-self show_imgss\"><\/div>\n<div class=\"magic-10\"><img decoding=\"async\" data-src=\"https:\/\/imgbd.weyesimg.com\/prod\/moving\/img\/96aab06199335991f33366894aebf8dd\/45676aea49bc5a8dfc8ac7971fd3524f.jpg\" src=\"https:\/\/imgbd.weyesimg.com\/prod\/moving\/img\/96aab06199335991f33366894aebf8dd\/45676aea49bc5a8dfc8ac7971fd3524f.jpg?x-oss-process=image\/resize,m_lfit,w_1224\/format,webp\/quality,80\" class=\"magic-11 img-self show_imgss\"><\/div>\n<div class=\"magic-10\"><img decoding=\"async\" data-src=\"https:\/\/imgbd.weyesimg.com\/prod\/moving\/img\/96aab06199335991f33366894aebf8dd\/e9fc0c05f48ab27851e3e3c9970c7ce0.jpg\" src=\"https:\/\/imgbd.weyesimg.com\/prod\/moving\/img\/96aab06199335991f33366894aebf8dd\/e9fc0c05f48ab27851e3e3c9970c7ce0.jpg?x-oss-process=image\/resize,m_lfit,w_1224\/format,webp\/quality,80\" class=\"magic-11 img-self show_imgss\"><\/div>\n<\/div>\n<\/div>\n<div class=\"J_module\">\n<div class=\"icbu-pc-images magic-12\">\n<div>\n<div class=\"flex-layout-v\">\n<div class=\"flex-layout-h magic-12\">\n<div class=\"magic-13\"><img decoding=\"async\" data-src=\"https:\/\/imgbd.weyesimg.com\/prod\/moving\/img\/96aab06199335991f33366894aebf8dd\/812643060191df6ea0c9f14f0ebcbe18.jpg\" src=\"https:\/\/imgbd.weyesimg.com\/prod\/moving\/img\/96aab06199335991f33366894aebf8dd\/812643060191df6ea0c9f14f0ebcbe18.jpg?x-oss-process=image\/resize,m_lfit,w_1224\/format,webp\/quality,80\" class=\"magic-14 img-self show_imgss\"><\/div>\n<\/div>\n<\/div>\n<\/div>\n<\/div>\n<\/div>\n<div class=\"J_module\">\n<div class=\"icbu-pc-images magic-12\">\n<div>\n<div class=\"flex-layout-v\">\n<div class=\"flex-layout-h magic-12\">\n<div class=\"magic-15\"><img decoding=\"async\" data-src=\"https:\/\/imgbd.weyesimg.com\/prod\/moving\/img\/96aab06199335991f33366894aebf8dd\/98b125c63ce0b93b1b0f9e942d55dae4.jpg\" src=\"https:\/\/imgbd.weyesimg.com\/prod\/moving\/img\/96aab06199335991f33366894aebf8dd\/98b125c63ce0b93b1b0f9e942d55dae4.jpg?x-oss-process=image\/resize,m_lfit,w_1224\/format,webp\/quality,80\" class=\"magic-16 img-self show_imgss\"><\/div>\n<\/div>\n<\/div>\n<\/div>\n<\/div>\n<\/div>\n<div class=\"J_module\">\n<div id=\"ali-anchor-AliMagic-wiaek5\" data-section=\"AliMagic-wiaek5\" data-section-title=\"Recommend Products\" class=\"magic-0\">Recommander des produits<\/div>\n<\/div>\n<div class=\"J_module\">\n<div data-magic=\"{&quot;mds&quot;:{&quot;assetsVersion&quot;:&quot;0.0.14&quot;,&quot;assetsPackageName&quot;:&quot;icbumod&quot;,&quot;moduleNameAlias&quot;:&quot;icbu-pc-detailSellerRecommend&quot;,&quot;moduleData&quot;:{&quot;config&quot;:{&quot;columnCount&quot;:4,&quot;titleKey&quot;:6,&quot;products&quot;:[1600415507284,1600415893266,1600426566905,1600425617229,1600424614274,1600424395822,1600375872319,1600361622695,1600369391093,1600396667144,1600409885545,1600387357607]}}},&quot;version&quot;:1}\" class=\"icbu-pc-detailSellerRecommend magic-17\"><\/div>\n<\/div>\n<div class=\"J_module\">\n<div class=\"icbu-pc-images magic-12\">\n<div>\n<div class=\"flex-layout-v\">\n<div class=\"flex-layout-h magic-12\">\n<div class=\"magic-18\"><img decoding=\"async\" data-src=\"https:\/\/imgbd.weyesimg.com\/prod\/moving\/img\/96aab06199335991f33366894aebf8dd\/232819ccbb2ef3c7fed622427453aaee.jpg\" src=\"https:\/\/imgbd.weyesimg.com\/prod\/moving\/img\/96aab06199335991f33366894aebf8dd\/232819ccbb2ef3c7fed622427453aaee.jpg?x-oss-process=image\/resize,m_lfit,w_1224\/format,webp\/quality,80\" class=\"magic-19 img-self show_imgss\"><\/div>\n<\/div>\n<\/div>\n<\/div>\n<\/div>\n<\/div>\n<div class=\"J_module\">\n<div class=\"icbu-pc-images magic-12\">\n<div>\n<div class=\"flex-layout-v\">\n<div class=\"flex-layout-h magic-12\">\n<div class=\"magic-20\"><img decoding=\"async\" data-src=\"https:\/\/imgbd.weyesimg.com\/prod\/moving\/img\/96aab06199335991f33366894aebf8dd\/237afc98df82979a2961dd982b92c604.jpg\" src=\"https:\/\/imgbd.weyesimg.com\/prod\/moving\/img\/96aab06199335991f33366894aebf8dd\/237afc98df82979a2961dd982b92c604.jpg?x-oss-process=image\/resize,m_lfit,w_1224\/format,webp\/quality,80\" class=\"magic-21 img-self show_imgss\"><\/div>\n<\/div>\n<\/div>\n<\/div>\n<\/div>\n<\/div>\n<div class=\"J_module\">\n<div class=\"icbu-pc-images magic-12\">\n<div>\n<div class=\"flex-layout-v\">\n<div class=\"flex-layout-h magic-12\">\n<div class=\"magic-22\"><img decoding=\"async\" data-src=\"https:\/\/imgbd.weyesimg.com\/prod\/moving\/img\/96aab06199335991f33366894aebf8dd\/fca8d35615d463d4224e55c5c22fe092.jpg\" src=\"https:\/\/imgbd.weyesimg.com\/prod\/moving\/img\/96aab06199335991f33366894aebf8dd\/fca8d35615d463d4224e55c5c22fe092.jpg?x-oss-process=image\/resize,m_lfit,w_1224\/format,webp\/quality,80\" class=\"magic-23 img-self show_imgss\"><\/div>\n<\/div>\n<\/div>\n<\/div>\n<\/div>\n<\/div><\/div>\n<\/p><\/div>","protected":false},"excerpt":{"rendered":"<p>Foshan Baihuo Home Technology Co., Ltd. conforms to the development trend of the industry, integrates internal superior resources, adopts the industry&#8217;s cutting-edge manufacturing technology and production technology, and successfully creates Single Handle Bathroom Faucet Basin Mixer Chrome Hot And Cold Brass Valve Core Bathroom Basin Faucet with excellent performance and reliable quality.<\/p>","protected":false},"featured_media":30473,"comment_status":"open","ping_status":"closed","template":"","meta":[],"product_brand":[],"product_cat":[24],"product_tag":[],"class_list":{"0":"post-30500","1":"product","2":"type-product","3":"status-publish","4":"has-post-thumbnail","6":"product_cat-products-40776","8":"first","9":"instock","10":"shipping-taxable","11":"product-type-simple"},"_links":{"self":[{"href":"https:\/\/ghgalaxyhome.com\/fr\/wp-json\/wp\/v2\/product\/30500","targetHints":{"allow":["GET"]}}],"collection":[{"href":"https:\/\/ghgalaxyhome.com\/fr\/wp-json\/wp\/v2\/product"}],"about":[{"href":"https:\/\/ghgalaxyhome.com\/fr\/wp-json\/wp\/v2\/types\/product"}],"replies":[{"embeddable":true,"href":"https:\/\/ghgalaxyhome.com\/fr\/wp-json\/wp\/v2\/comments?post=30500"}],"version-history":[{"count":1,"href":"https:\/\/ghgalaxyhome.com\/fr\/wp-json\/wp\/v2\/product\/30500\/revisions"}],"predecessor-version":[{"id":30509,"href":"https:\/\/ghgalaxyhome.com\/fr\/wp-json\/wp\/v2\/product\/30500\/revisions\/30509"}],"wp:featuredmedia":[{"embeddable":true,"href":"https:\/\/ghgalaxyhome.com\/fr\/wp-json\/wp\/v2\/media\/30473"}],"wp:attachment":[{"href":"https:\/\/ghgalaxyhome.com\/fr\/wp-json\/wp\/v2\/media?parent=30500"}],"wp:term":[{"taxonomy":"product_brand","embeddable":true,"href":"https:\/\/ghgalaxyhome.com\/fr\/wp-json\/wp\/v2\/product_brand?post=30500"},{"taxonomy":"product_cat","embeddable":true,"href":"https:\/\/ghgalaxyhome.com\/fr\/wp-json\/wp\/v2\/product_cat?post=30500"},{"taxonomy":"product_tag","embeddable":true,"href":"https:\/\/ghgalaxyhome.com\/fr\/wp-json\/wp\/v2\/product_tag?post=30500"}],"curies":[{"name":"wp","href":"https:\/\/api.w.org\/{rel}","templated":true}]}}