{"id":30284,"date":"2024-06-09T13:53:43","date_gmt":"2024-06-09T13:53:43","guid":{"rendered":"https:\/\/ghgalaxyhome.com\/?post_type=product&#038;p=30284"},"modified":"2024-06-09T13:54:24","modified_gmt":"2024-06-09T13:54:24","slug":"products-detail-581981","status":"publish","type":"product","link":"https:\/\/ghgalaxyhome.com\/fr\/video\/products-detail-581981","title":{"rendered":"Galaxy Home \u2013 Vente en gros d\u2019articles sanitaires en Chine, toilettes, toilettes en c\u00e9ramique d\u2019une seule pi\u00e8ce"},"content":{"rendered":"<div class=\"cons_box ls-product\">\n<p>Foshan Baihuo Home Technology Co., Ltd. devotes many years to developing and producing superb Wholesale China Sanitary Ware Water Closet One Piece Ceramic Bathroom Toilet as well as offering professional customer service. Toilets has passed a series of international quality assurance system and product safety certification . In the future,Foshan Baihuo Home Technology Co., Ltd. will continue to introduce outstanding talents and learn advanced technology, win the initiative in market competition, and clear road obstacles to achieve the goal of becoming a world-class enterprise.<\/p>\n<div class=\"rich-text-table\">\n<table>\n<tbody>\n<tr>\n<td style=\"width:25%;padding:5px 20px;font-size:14px;background:#f8fafc\">Garantie:<\/td>\n<td style=\"width:25%;padding:5px 20px;font-size:14px\">3 ann\u00e9es<\/td>\n<td style=\"width:25%;padding:5px 20px;font-size:14px;background:#f8fafc\">Plaque de couverture du tampon\u00a0:<\/td>\n<td style=\"width:25%;padding:5px 20px;font-size:14px\">Oui<\/td>\n<\/tr>\n<tr>\n<td style=\"width:25%;padding:5px 20px;font-size:14px;background:#f8fafc\">Fonction avanc\u00e9e\u00a0:<\/td>\n<td style=\"width:25%;padding:5px 20px;font-size:14px\">D\u00e9sodorisation automatique<\/td>\n<td style=\"width:25%;padding:5px 20px;font-size:14px;background:#f8fafc\">M\u00e9langer. Espacement des fosses\u00a0:<\/td>\n<td style=\"width:25%;padding:5px 20px;font-size:14px\">300mm, 400mm<\/td>\n<\/tr>\n<tr>\n<td style=\"width:25%;padding:5px 20px;font-size:14px;background:#f8fafc\">D\u00e9bit de rin\u00e7age\u00a0:<\/td>\n<td style=\"width:25%;padding:5px 20px;font-size:14px\">3,0-6,0L<\/td>\n<td style=\"width:25%;padding:5px 20px;font-size:14px;background:#f8fafc\">Type de bouton de rin\u00e7age\u00a0:<\/td>\n<td style=\"width:25%;padding:5px 20px;font-size:14px\">Type \u00e0 deux extr\u00e9mit\u00e9s \u00e0 pression sup\u00e9rieure<\/td>\n<\/tr>\n<tr>\n<td style=\"width:25%;padding:5px 20px;font-size:14px;background:#f8fafc\">Service apr\u00e8s-vente:<\/td>\n<td style=\"width:25%;padding:5px 20px;font-size:14px\">Support technique en ligne<\/td>\n<td style=\"width:25%;padding:5px 20px;font-size:14px;background:#f8fafc\">Poids:<\/td>\n<td style=\"width:25%;padding:5px 20px;font-size:14px\">31-40KG<\/td>\n<\/tr>\n<tr>\n<td style=\"width:25%;padding:5px 20px;font-size:14px;background:#f8fafc\">Accessoires:<\/td>\n<td style=\"width:25%;padding:5px 20px;font-size:14px\">Composant de tuyau de chasse d&#039;eau<\/td>\n<td style=\"width:25%;padding:5px 20px;font-size:14px;background:#f8fafc\">T\u00e9l\u00e9commande:<\/td>\n<td style=\"width:25%;padding:5px 20px;font-size:14px\">Non inclus<\/td>\n<\/tr>\n<tr>\n<td style=\"width:25%;padding:5px 20px;font-size:14px;background:#f8fafc\">Capacit\u00e9 de la solution du projet\u00a0:<\/td>\n<td style=\"width:25%;padding:5px 20px;font-size:14px\">conception graphique, conception de mod\u00e8les 3D, solution totale pour les projets, consolidation multicat\u00e9gories<\/td>\n<td style=\"width:25%;padding:5px 20px;font-size:14px;background:#f8fafc\">Application:<\/td>\n<td style=\"width:25%;padding:5px 20px;font-size:14px\">Salle de bain<\/td>\n<\/tr>\n<tr>\n<td style=\"width:25%;padding:5px 20px;font-size:14px;background:#f8fafc\">Style de conception\u00a0:<\/td>\n<td style=\"width:25%;padding:5px 20px;font-size:14px\">Moderne<\/td>\n<td style=\"width:25%;padding:5px 20px;font-size:14px;background:#f8fafc\">Lieu d&#039;origine\u00a0:<\/td>\n<td style=\"width:25%;padding:5px 20px;font-size:14px\">Guangdong, Chine<\/td>\n<\/tr>\n<tr>\n<td style=\"width:25%;padding:5px 20px;font-size:14px;background:#f8fafc\">Marque:<\/td>\n<td style=\"width:25%;padding:5px 20px;font-size:14px\">Accueil Galaxie<\/td>\n<td style=\"width:25%;padding:5px 20px;font-size:14px;background:#f8fafc\">Num\u00e9ro de mod\u00e8le:<\/td>\n<td style=\"width:25%;padding:5px 20px;font-size:14px\">TTF021011<\/td>\n<\/tr>\n<tr>\n<td style=\"width:25%;padding:5px 20px;font-size:14px;background:#f8fafc\">Mat\u00e9riel:<\/td>\n<td style=\"width:25%;padding:5px 20px;font-size:14px\">C\u00e9ramique<\/td>\n<td style=\"width:25%;padding:5px 20px;font-size:14px;background:#f8fafc\">Structure:<\/td>\n<td style=\"width:25%;padding:5px 20px;font-size:14px\">Une pi\u00e8ce<\/td>\n<\/tr>\n<tr>\n<td style=\"width:25%;padding:5px 20px;font-size:14px;background:#f8fafc\">Type d&#039;installation\u00a0:<\/td>\n<td style=\"width:25%;padding:5px 20px;font-size:14px\">Fix\u00e9 au sol<\/td>\n<td style=\"width:25%;padding:5px 20px;font-size:14px;background:#f8fafc\">Fonctionnalit\u00e9:<\/td>\n<td style=\"width:25%;padding:5px 20px;font-size:14px\">Double chasse<\/td>\n<\/tr>\n<tr>\n<td style=\"width:25%;padding:5px 20px;font-size:14px;background:#f8fafc\">Mod\u00e8le de drainage\u00a0:<\/td>\n<td style=\"width:25%;padding:5px 20px;font-size:14px\">Sangle<\/td>\n<td style=\"width:25%;padding:5px 20px;font-size:14px;background:#f8fafc\">M\u00e9thode de rin\u00e7age\u00a0:<\/td>\n<td style=\"width:25%;padding:5px 20px;font-size:14px\">Rin\u00e7age du siphon<\/td>\n<\/tr>\n<tr>\n<td style=\"width:25%;padding:5px 20px;font-size:14px;background:#f8fafc\">Forme de la cuvette des toilettes\u00a0:<\/td>\n<td style=\"width:25%;padding:5px 20px;font-size:14px\">Rond<\/td>\n<td style=\"width:25%;padding:5px 20px;font-size:14px;background:#f8fafc\">Nom du produit\u00a0:<\/td>\n<td style=\"width:25%;padding:5px 20px;font-size:14px\">WC monobloc<\/td>\n<\/tr>\n<tr>\n<td style=\"width:25%;padding:5px 20px;font-size:14px;background:#f8fafc\">Taille:<\/td>\n<td style=\"width:25%;padding:5px 20px;font-size:14px\">670*370*770<\/td>\n<td style=\"width:25%;padding:5px 20px;font-size:14px;background:#f8fafc\">Quantit\u00e9 minimale de commande\u00a0:<\/td>\n<td style=\"width:25%;padding:5px 20px;font-size:14px\">1 jeu<\/td>\n<\/tr>\n<tr>\n<td style=\"width:25%;padding:5px 20px;font-size:14px;background:#f8fafc\">Emballage:<\/td>\n<td style=\"width:25%;padding:5px 20px;font-size:14px\">Carton, n\u00e9gociation<\/td>\n<td style=\"width:25%;padding:5px 20px;font-size:14px;background:#f8fafc\">Style:<\/td>\n<td style=\"width:25%;padding:5px 20px;font-size:14px\">Moderne<\/td>\n<\/tr>\n<tr>\n<td style=\"width:25%;padding:5px 20px;font-size:14px;background:#f8fafc\">Couleur:<\/td>\n<td style=\"width:25%;padding:5px 20px;font-size:14px\">Blanc<\/td>\n<td style=\"width:25%;padding:5px 20px;font-size:14px;background:#f8fafc\">Usage:<\/td>\n<td style=\"width:25%;padding:5px 20px;font-size:14px\">Meubles de salle de bains<\/td>\n<\/tr>\n<tr>\n<td style=\"width:25%;padding:5px 20px;font-size:14px;background:#f8fafc\">Fonction:<\/td>\n<td style=\"width:25%;padding:5px 20px;font-size:14px\">Cuvette de toilette \u00e0 \u00e9conomie d&#039;eau<\/td>\n<td style=\"width:25%;padding:5px 20px;font-size:14px;background:#f8fafc\">D\u00e9tails de l&#039;&#039; emballage:<\/td>\n<td style=\"width:25%;padding:5px 20px;font-size:14px\">Con\u00e7u<\/td>\n<\/tr>\n<tr>\n<td style=\"width:25%;padding:5px 20px;font-size:14px;background:#f8fafc\">OEM\/ODM\u00a0:<\/td>\n<td style=\"width:25%;padding:5px 20px;font-size:14px\">Accessible<\/td>\n<td style=\"width:25%;padding:5px 20px;font-size:14px\"><\/td>\n<td style=\"width:25%;padding:5px 20px;font-size:14px\"><\/td>\n<\/tr>\n<\/tbody>\n<\/table>\n<\/div>\n<p><\/p>\n<div data-magic-global=\"%7B%22bizId%22%3A2211240675273%2C%22pageId%22%3A21026872195%2C%22siteId%22%3A10002499104%7D\" id=\"detail_decorate_root\">#detail_decorate_root .magic-0{largeur:750px}#detail_decorate_root .magic-1{overflow:hidden;width:750px;height:750px;margin-top:0;margin-bottom:0;margin-left:0;margin-right: 0}#detail_decorate_root .magic-2{margin-top:0;margin-left:0;width:750px;height:750px}#detail_decorate_root .magic-3{width:750px;border-collapse:collapse}#detail_decorate_root .magic-4{ hauteur min : 28 px ; rembourrage : 5 px 10 px ; min-height:28px;box-sizing:content-box}#detail_decorate_root .magic-6{margin-bottom:10px;line-height:0}#detail_decorate_root .magic-7{width:750px;height:669px;overflow:hidden; margin-bottom:0}#detail_decorate_root .magic-8{position:relative;left:0;top:0;width:750px;height:669px}#detail_decorate_root .magic-9{overflow:hidden;width:750px;height:422px; margin-top:0;margin-bottom:0;margin-left:0;margin-right:0}#detail_decorate_root .magic-10{margin-top:0;margin-left:0;width:750px;height:422px} #detail_decorate_root .magic-11{overflow:hidden;width:750px;height:954px;margin-top:0;margin-bottom:0;margin-left:0;margin-right:0}#detail_decorate_root .magic-12{margin- top:0;margin-left:0;largeur:750px;height:954px}#detail_decorate_root .magic-13{overflow:hidden;width:750px;height:473px;margin-top:0;margin-bottom:0;margin- gauche:0;margin-right:0}#detail_decorate_root .magic-14{margin-top:0;margin-left:0;width:750px;height:473px}#detail_decorate_root .magic-15{margin-bottom:10px;overflow\u00a0: cach\u00e9}#detail_decorate_root .magic-16{overflow:hidden;width:750px;height:787px;margin-top:0;margin-bottom:0;margin-left:0;margin-right:0}#detail_decorate_root .magic-17{ margin-top:0;margin-left:0;width:750px;height:787px}#detail_decorate_root .magic-18{overflow:hidden;width:750px;height:469px;margin-top:0;margin-bottom:0; margin-left:0;margin-right:0}#detail_decorate_root .magic-19{margin-top:0;margin-left:0;width:750px;height:469px}<\/p>\n<div class=\"J_module\">\n<div class=\"icbu-pc-images magic-0\">\n<div>\n<div class=\"flex-layout-v\">\n<div class=\"flex-layout-h magic-0\">\n<div class=\"magic-1\"><img decoding=\"async\" data-src=\"https:\/\/imgbd.weyesimg.com\/prod\/moving\/img\/96aab06199335991f33366894aebf8dd\/60a28aa939dc6635f70ebc088122b2a0.jpg\" src=\"https:\/\/ghgalaxyhome.com\/wp-content\/uploads\/2024\/06\/266_quality80.webp\" class=\"magic-2 img-self show_imgss\"><\/div>\n<\/div>\n<\/div>\n<\/div>\n<\/div>\n<\/div>\n<div class=\"J_module\">\n<div class=\"ife-detail-decorate-table\">\n<table class=\"has-title all magic-3\">\n<tbody>\n<tr>\n<td colspan=\"1\" rowspan=\"1\">\n<div class=\"magic-4\"><b>Mod\u00e8le<\/b><\/div>\n<\/td>\n<td colspan=\"1\" rowspan=\"1\">\n<div class=\"magic-5\">TTF021011<\/div>\n<\/td>\n<\/tr>\n<tr>\n<td colspan=\"1\" rowspan=\"1\">\n<div class=\"magic-4\"><b data-spm-anchor-id=\"a2700.pc-decorate.0.i22.6d4b3333jSMfIR\">Texture du mat\u00e9riau<\/b><\/div>\n<\/td>\n<td colspan=\"1\" rowspan=\"1\">\n<div class=\"magic-5\">C\u00e9ramique<\/div>\n<\/td>\n<\/tr>\n<tr>\n<td colspan=\"1\" rowspan=\"1\">\n<div class=\"magic-4\"><b>Espacement des trous<\/b><\/div>\n<\/td>\n<td colspan=\"1\" rowspan=\"1\">\n<div class=\"magic-5\">300\/400MM<\/div>\n<\/td>\n<\/tr>\n<tr>\n<td colspan=\"1\" rowspan=\"1\">\n<div class=\"magic-4\"><b>Taille du produit??mm??<\/b><\/div>\n<\/td>\n<td colspan=\"1\" rowspan=\"1\">\n<div class=\"magic-5\">670*370*770<\/div>\n<\/td>\n<\/tr>\n<tr>\n<td colspan=\"1\" rowspan=\"1\">\n<div class=\"magic-4\"><b>Quantit\u00e9 de d\u00e9part<\/b><\/div>\n<\/td>\n<td colspan=\"1\" rowspan=\"1\">\n<div class=\"magic-5\">1<\/div>\n<\/td>\n<\/tr>\n<\/tbody>\n<\/table>\n<\/div>\n<\/div>\n<div class=\"J_module\">\n<div class=\"icbu-pc-detailManyImage magic-6\">\n<div class=\"magic-7\"><img decoding=\"async\" data-src=\"https:\/\/imgbd.weyesimg.com\/prod\/moving\/img\/96aab06199335991f33366894aebf8dd\/96539914a8601f5ad4a335c8f7d74185.jpg\" src=\"https:\/\/ghgalaxyhome.com\/wp-content\/uploads\/2024\/06\/267_quality80.webp\" class=\"magic-8 img-self show_imgss\"><\/div>\n<\/div>\n<\/div>\n<div class=\"J_module\">\n<div class=\"icbu-pc-images magic-0\">\n<div>\n<div class=\"flex-layout-v\">\n<div class=\"flex-layout-h magic-0\">\n<div class=\"magic-9\"><img decoding=\"async\" data-src=\"https:\/\/imgbd.weyesimg.com\/prod\/moving\/img\/96aab06199335991f33366894aebf8dd\/0b3dc56514d69562c59b97a0e7f989ad.jpg\" src=\"https:\/\/ghgalaxyhome.com\/wp-content\/uploads\/2024\/06\/3_quality80.webp\" class=\"magic-10 img-self show_imgss\"><\/div>\n<\/div>\n<\/div>\n<\/div>\n<\/div>\n<\/div>\n<div class=\"J_module\">\n<div class=\"icbu-pc-images magic-0\">\n<div>\n<div class=\"flex-layout-v\">\n<div class=\"flex-layout-h magic-0\">\n<div class=\"magic-11\"><img decoding=\"async\" data-src=\"https:\/\/imgbd.weyesimg.com\/prod\/moving\/img\/96aab06199335991f33366894aebf8dd\/3587e0de42773ca3563c8472f26a0cdd.jpg\" src=\"https:\/\/ghgalaxyhome.com\/wp-content\/uploads\/2024\/06\/179_quality80.webp\" class=\"magic-12 img-self show_imgss\"><\/div>\n<\/div>\n<\/div>\n<\/div>\n<\/div>\n<\/div>\n<div class=\"J_module\">\n<div class=\"icbu-pc-images magic-0\">\n<div>\n<div class=\"flex-layout-v\">\n<div class=\"flex-layout-h magic-0\">\n<div class=\"magic-13\"><img decoding=\"async\" data-src=\"https:\/\/imgbd.weyesimg.com\/prod\/moving\/img\/96aab06199335991f33366894aebf8dd\/812643060191df6ea0c9f14f0ebcbe18.jpg\" src=\"https:\/\/ghgalaxyhome.com\/wp-content\/uploads\/2024\/06\/5_quality80.webp\" class=\"magic-14 img-self show_imgss\"><\/div>\n<\/div>\n<\/div>\n<\/div>\n<\/div>\n<\/div>\n<div class=\"J_module\">\n<div data-magic=\"{&quot;mds&quot;:{&quot;assetsVersion&quot;:&quot;0.0.14&quot;,&quot;assetsPackageName&quot;:&quot;icbumod&quot;,&quot;moduleNameAlias&quot;:&quot;icbu-pc-detailSellerRecommend&quot;,&quot;moduleData&quot;:{&quot;config&quot;:{&quot;columnCount&quot;:4,&quot;titleKey&quot;:6,&quot;products&quot;:[1600385790205,1600327898640,1600359084101,1600409069301,1600407686887,1600387232021,1600403285977,1600428598737,1600438648675,1600415507284,1600427647323,1600433699294]}}},&quot;version&quot;:1}\" class=\"icbu-pc-detailSellerRecommend magic-15\"><\/div>\n<\/div>\n<div class=\"J_module\">\n<div class=\"icbu-pc-images magic-0\">\n<div>\n<div class=\"flex-layout-v\">\n<div class=\"flex-layout-h magic-0\">\n<div class=\"magic-16\"><img decoding=\"async\" data-src=\"https:\/\/imgbd.weyesimg.com\/prod\/moving\/img\/96aab06199335991f33366894aebf8dd\/237afc98df82979a2961dd982b92c604.jpg\" src=\"https:\/\/ghgalaxyhome.com\/wp-content\/uploads\/2024\/06\/6_quality80.webp\" class=\"magic-17 img-self show_imgss\"><\/div>\n<\/div>\n<\/div>\n<\/div>\n<\/div>\n<\/div>\n<div class=\"J_module\">\n<div class=\"icbu-pc-images magic-0\">\n<div>\n<div class=\"flex-layout-v\">\n<div class=\"flex-layout-h magic-0\">\n<div class=\"magic-18\"><img decoding=\"async\" data-src=\"https:\/\/imgbd.weyesimg.com\/prod\/moving\/img\/96aab06199335991f33366894aebf8dd\/fca8d35615d463d4224e55c5c22fe092.jpg\" src=\"https:\/\/ghgalaxyhome.com\/wp-content\/uploads\/2024\/06\/7_quality80.webp\" class=\"magic-19 img-self show_imgss\"><\/div>\n<\/div>\n<\/div>\n<\/div>\n<\/div>\n<\/div><\/div>\n<\/p><\/div>","protected":false},"excerpt":{"rendered":"<p>State-of-the-art technologies have been utilized to develop and manufacture Wholesale China Sanitary Ware Water Closet One Piece Ceramic Bathroom Toilet.Having been tested multiple times,Galaxy Homeis able to give out its best effect in the field(s) of Toilets.<\/p>","protected":false},"featured_media":30298,"comment_status":"open","ping_status":"closed","template":"","meta":[],"product_brand":[],"product_cat":[81],"product_tag":[],"class_list":{"0":"post-30284","1":"product","2":"type-product","3":"status-publish","4":"has-post-thumbnail","6":"product_cat-products-40772","8":"first","9":"instock","10":"shipping-taxable","11":"product-type-simple"},"_links":{"self":[{"href":"https:\/\/ghgalaxyhome.com\/fr\/wp-json\/wp\/v2\/product\/30284","targetHints":{"allow":["GET"]}}],"collection":[{"href":"https:\/\/ghgalaxyhome.com\/fr\/wp-json\/wp\/v2\/product"}],"about":[{"href":"https:\/\/ghgalaxyhome.com\/fr\/wp-json\/wp\/v2\/types\/product"}],"replies":[{"embeddable":true,"href":"https:\/\/ghgalaxyhome.com\/fr\/wp-json\/wp\/v2\/comments?post=30284"}],"version-history":[{"count":2,"href":"https:\/\/ghgalaxyhome.com\/fr\/wp-json\/wp\/v2\/product\/30284\/revisions"}],"predecessor-version":[{"id":30410,"href":"https:\/\/ghgalaxyhome.com\/fr\/wp-json\/wp\/v2\/product\/30284\/revisions\/30410"}],"wp:featuredmedia":[{"embeddable":true,"href":"https:\/\/ghgalaxyhome.com\/fr\/wp-json\/wp\/v2\/media\/30298"}],"wp:attachment":[{"href":"https:\/\/ghgalaxyhome.com\/fr\/wp-json\/wp\/v2\/media?parent=30284"}],"wp:term":[{"taxonomy":"product_brand","embeddable":true,"href":"https:\/\/ghgalaxyhome.com\/fr\/wp-json\/wp\/v2\/product_brand?post=30284"},{"taxonomy":"product_cat","embeddable":true,"href":"https:\/\/ghgalaxyhome.com\/fr\/wp-json\/wp\/v2\/product_cat?post=30284"},{"taxonomy":"product_tag","embeddable":true,"href":"https:\/\/ghgalaxyhome.com\/fr\/wp-json\/wp\/v2\/product_tag?post=30284"}],"curies":[{"name":"wp","href":"https:\/\/api.w.org\/{rel}","templated":true}]}}