{"id":30014,"date":"2024-06-09T13:43:12","date_gmt":"2024-06-09T13:43:12","guid":{"rendered":"https:\/\/ghgalaxyhome.com\/?post_type=product&#038;p=30014"},"modified":"2024-06-09T13:46:44","modified_gmt":"2024-06-09T13:46:44","slug":"products-detail-581637","status":"publish","type":"product","link":"https:\/\/ghgalaxyhome.com\/fr\/video\/products-detail-581637","title":{"rendered":"Galaxy Home \u2013 Robinet de baignoire mural avec syst\u00e8me de douche \u00e0 main, ensemble de douche \u00e0 effet de pluie, offre sp\u00e9ciale"},"content":{"rendered":"<div class=\"cons_box ls-product\">\n<p>Foshan Baihuo Home Technology Co., Ltd. Une analyse approfondie des besoins r\u00e9els des clients cibles, combin\u00e9e \u00e0 ses propres ressources d&#039;avantages, a d\u00e9velopp\u00e9 avec succ\u00e8s un robinet de baignoire mural pour vente chaude avec syst\u00e8me de douche \u00e0 main, ensemble de douche \u00e0 effet de pluie. Nous pouvons fabriquer ce produit selon vos sp\u00e9cifications exactes. Foshan Baihuo Home Technology Co., Ltd. introduira une technologie plus avanc\u00e9e et innovante et rassemblera davantage de talents professionnels.<\/p>\n<div class=\"rich-text-table\">\n<table>\n<tbody>\n<tr>\n<td style=\"width:25%;padding:5px 20px;font-size:14px;background:#f8fafc\">Garantie:<\/td>\n<td style=\"width:25%;padding:5px 20px;font-size:14px\">5 ann\u00e9es<\/td>\n<td style=\"width:25%;padding:5px 20px;font-size:14px;background:#f8fafc\">Mat\u00e9riel:<\/td>\n<td style=\"width:25%;padding:5px 20px;font-size:14px\">ABS, Laiton, Laiton, Alliage de zinc<\/td>\n<\/tr>\n<tr>\n<td style=\"width:25%;padding:5px 20px;font-size:14px;background:#f8fafc\">Service apr\u00e8s-vente:<\/td>\n<td style=\"width:25%;padding:5px 20px;font-size:14px\">Support technique en ligne, pi\u00e8ces de rechange gratuites<\/td>\n<td style=\"width:25%;padding:5px 20px;font-size:14px;background:#f8fafc\">Capacit\u00e9 de la solution du projet\u00a0:<\/td>\n<td style=\"width:25%;padding:5px 20px;font-size:14px\">conception graphique, conception de mod\u00e8les 3D, solution totale pour les projets, consolidation multicat\u00e9gories<\/td>\n<\/tr>\n<tr>\n<td style=\"width:25%;padding:5px 20px;font-size:14px;background:#f8fafc\">Application:<\/td>\n<td style=\"width:25%;padding:5px 20px;font-size:14px\">Salle de bain<\/td>\n<td style=\"width:25%;padding:5px 20px;font-size:14px;background:#f8fafc\">Style de conception\u00a0:<\/td>\n<td style=\"width:25%;padding:5px 20px;font-size:14px\">Moderne<\/td>\n<\/tr>\n<tr>\n<td style=\"width:25%;padding:5px 20px;font-size:14px;background:#f8fafc\">Lieu d&#039;origine\u00a0:<\/td>\n<td style=\"width:25%;padding:5px 20px;font-size:14px\">Guangdong, Chine<\/td>\n<td style=\"width:25%;padding:5px 20px;font-size:14px;background:#f8fafc\">Marque:<\/td>\n<td style=\"width:25%;padding:5px 20px;font-size:14px\">Accueil Galaxie<\/td>\n<\/tr>\n<tr>\n<td style=\"width:25%;padding:5px 20px;font-size:14px;background:#f8fafc\">Num\u00e9ro de mod\u00e8le:<\/td>\n<td style=\"width:25%;padding:5px 20px;font-size:14px\">BS02710<\/td>\n<td style=\"width:25%;padding:5px 20px;font-size:14px;background:#f8fafc\">Finition des surfaces\u00a0:<\/td>\n<td style=\"width:25%;padding:5px 20px;font-size:14px\">Chrome<\/td>\n<\/tr>\n<tr>\n<td style=\"width:25%;padding:5px 20px;font-size:14px;background:#f8fafc\">Traitement de surface:<\/td>\n<td style=\"width:25%;padding:5px 20px;font-size:14px\">Brillant<\/td>\n<td style=\"width:25%;padding:5px 20px;font-size:14px;background:#f8fafc\">Caract\u00e9ristique du robinet B &amp; S expos\u00e9\u00a0:<\/td>\n<td style=\"width:25%;padding:5px 20px;font-size:14px\">Sans barre coulissante<\/td>\n<\/tr>\n<tr>\n<td style=\"width:25%;padding:5px 20px;font-size:14px;background:#f8fafc\">Caract\u00e9ristique du robinet de douche expos\u00e9\u00a0:<\/td>\n<td style=\"width:25%;padding:5px 20px;font-size:14px\">Sans barre coulissante<\/td>\n<td style=\"width:25%;padding:5px 20px;font-size:14px;background:#f8fafc\">Nombre de poign\u00e9es\u00a0:<\/td>\n<td style=\"width:25%;padding:5px 20px;font-size:14px\">Poign\u00e9e unique<\/td>\n<\/tr>\n<tr>\n<td style=\"width:25%;padding:5px 20px;font-size:14px;background:#f8fafc\">Style:<\/td>\n<td style=\"width:25%;padding:5px 20px;font-size:14px\">Contemporain<\/td>\n<td style=\"width:25%;padding:5px 20px;font-size:14px;background:#f8fafc\">Forme de la pomme de douche\u00a0:<\/td>\n<td style=\"width:25%;padding:5px 20px;font-size:14px\">Rond<\/td>\n<\/tr>\n<tr>\n<td style=\"width:25%;padding:5px 20px;font-size:14px;background:#f8fafc\">Fonctionnalit\u00e9:<\/td>\n<td style=\"width:25%;padding:5px 20px;font-size:14px\">Robinets thermostatiques<\/td>\n<td style=\"width:25%;padding:5px 20px;font-size:14px;background:#f8fafc\">Mat\u00e9riau du noyau de valve\u00a0:<\/td>\n<td style=\"width:25%;padding:5px 20px;font-size:14px\">Laiton<\/td>\n<\/tr>\n<tr>\n<td style=\"width:25%;padding:5px 20px;font-size:14px;background:#f8fafc\">Mod\u00e8le de pulv\u00e9risation\u00a0:<\/td>\n<td style=\"width:25%;padding:5px 20px;font-size:14px\">Massage<\/td>\n<td style=\"width:25%;padding:5px 20px;font-size:14px;background:#f8fafc\">Mat\u00e9riau de la douchette \u00e0 main\u00a0:<\/td>\n<td style=\"width:25%;padding:5px 20px;font-size:14px\">abdos<\/td>\n<\/tr>\n<tr>\n<td style=\"width:25%;padding:5px 20px;font-size:14px;background:#f8fafc\">Support de douchette \u00e0 main :<\/td>\n<td style=\"width:25%;padding:5px 20px;font-size:14px\">Laiton<\/td>\n<td style=\"width:25%;padding:5px 20px;font-size:14px;background:#f8fafc\">Robinet:<\/td>\n<td style=\"width:25%;padding:5px 20px;font-size:14px\">Corps principal en laiton, poign\u00e9e en alliage de zinc<\/td>\n<\/tr>\n<tr>\n<td style=\"width:25%;padding:5px 20px;font-size:14px;background:#f8fafc\">Fonction:<\/td>\n<td style=\"width:25%;padding:5px 20px;font-size:14px\">Chaud et froid<\/td>\n<td style=\"width:25%;padding:5px 20px;font-size:14px;background:#f8fafc\">Couleur:<\/td>\n<td style=\"width:25%;padding:5px 20px;font-size:14px\">Chrome<\/td>\n<\/tr>\n<tr>\n<td style=\"width:25%;padding:5px 20px;font-size:14px;background:#f8fafc\">Traitement de surface:<\/td>\n<td style=\"width:25%;padding:5px 20px;font-size:14px\">Poli, finition galvanis\u00e9e, chrome<\/td>\n<td style=\"width:25%;padding:5px 20px;font-size:14px;background:#f8fafc\">Nom du produit\u00a0:<\/td>\n<td style=\"width:25%;padding:5px 20px;font-size:14px\">Ensembles de robinets de douche de salle de bain<\/td>\n<\/tr>\n<tr>\n<td style=\"width:25%;padding:5px 20px;font-size:14px;background:#f8fafc\">Usage:<\/td>\n<td style=\"width:25%;padding:5px 20px;font-size:14px\">Robinet de baignoire pour salle de douche<\/td>\n<td style=\"width:25%;padding:5px 20px;font-size:14px;background:#f8fafc\">Taper:<\/td>\n<td style=\"width:25%;padding:5px 20px;font-size:14px\">Ensemble de robinet de baignoire-douche<\/td>\n<\/tr>\n<tr>\n<td style=\"width:25%;padding:5px 20px;font-size:14px;background:#f8fafc\">OEM et ODM\u00a0:<\/td>\n<td style=\"width:25%;padding:5px 20px;font-size:14px\">Accepter<\/td>\n<td style=\"width:25%;padding:5px 20px;font-size:14px\"><\/td>\n<td style=\"width:25%;padding:5px 20px;font-size:14px\"><\/td>\n<\/tr>\n<\/tbody>\n<\/table>\n<\/div>\n<p><\/p>\n<div data-magic-global=\"%7B%22bizId%22%3A2211240675273%2C%22pageId%22%3A21029282275%2C%22siteId%22%3A10002499104%7D\" id=\"detail_decorate_root\">#detail_decorate_root .magic-0{largeur:750px}#detail_decorate_root .magic-1{overflow:hidden;width:750px;height:750px;margin-top:0;margin-bottom:0;margin-left:0;margin-right: 0}#detail_decorate_root .magic-2{margin-top:0;margin-left:0;width:750px;height:750px}#detail_decorate_root .magic-3{width:750px;border-collapse:collapse}#detail_decorate_root .magic-4{ hauteur min : 28 px ; rembourrage : 5 px 10 px ; min-height:28px;box-sizing:content-box}#detail_decorate_root .magic-6{margin-bottom:10px;line-height:0}#detail_decorate_root .magic-7{width:750px;height:669px;overflow:hidden; margin-bottom:0}#detail_decorate_root .magic-8{position:relative;left:0;top:0;width:750px;height:669px}#detail_decorate_root .magic-9{overflow:hidden;width:750px;height:422px; margin-top:0;margin-bottom:0;margin-left:0;margin-right:0}#detail_decorate_root .magic-10{margin-top:0;margin-left:0;width:750px;height:422px} #detail_decorate_root .magic-11{overflow:hidden;width:750px;height:954px;margin-top:0;margin-bottom:0;margin-left:0;margin-right:0}#detail_decorate_root .magic-12{margin- top:0;margin-left:0;largeur:750px;height:954px}#detail_decorate_root .magic-13{overflow:hidden;width:750px;height:473px;margin-top:0;margin-bottom:0;margin- gauche:0;margin-right:0}#detail_decorate_root .magic-14{margin-top:0;margin-left:0;width:750px;height:473px}#detail_decorate_root .magic-15{margin-bottom:10px;overflow\u00a0: cach\u00e9}#detail_decorate_root .magic-16{overflow:hidden;width:750px;height:787px;margin-top:0;margin-bottom:0;margin-left:0;margin-right:0}#detail_decorate_root .magic-17{ margin-top:0;margin-left:0;width:750px;height:787px}#detail_decorate_root .magic-18{overflow:hidden;width:750px;height:469px;margin-top:0;margin-bottom:0; margin-left:0;margin-right:0}#detail_decorate_root .magic-19{margin-top:0;margin-left:0;width:750px;height:469px}<\/p>\n<div class=\"J_module\">\n<div class=\"icbu-pc-images magic-0\">\n<div>\n<div class=\"flex-layout-v\">\n<div class=\"flex-layout-h magic-0\">\n<div class=\"magic-1\"><img decoding=\"async\" data-src=\"https:\/\/imgbd.weyesimg.com\/prod\/moving\/img\/96aab06199335991f33366894aebf8dd\/b19f86fada5fd24ffaef89ac3604cc0e.jpg\" src=\"https:\/\/ghgalaxyhome.com\/wp-content\/uploads\/2024\/06\/303_quality80.webp\" class=\"magic-2 img-self show_imgss\"><\/div>\n<\/div>\n<\/div>\n<\/div>\n<\/div>\n<\/div>\n<div class=\"J_module\">\n<div class=\"ife-detail-decorate-table\">\n<table class=\"has-title all magic-3\">\n<tbody>\n<tr>\n<td colspan=\"1\" rowspan=\"1\">\n<div class=\"magic-4\"><b>Mod\u00e8le<\/b><\/div>\n<\/td>\n<td colspan=\"1\" rowspan=\"1\">\n<div class=\"magic-5\">BS02710<\/div>\n<\/td>\n<\/tr>\n<tr>\n<td colspan=\"1\" rowspan=\"1\">\n<div class=\"magic-4\"><b>Fonction \/ couleur<\/b><\/div>\n<\/td>\n<td colspan=\"1\" rowspan=\"1\">\n<div class=\"magic-5\">Douche \u00e0 trois fonctions, chrom\u00e9e<\/div>\n<\/td>\n<\/tr>\n<tr>\n<td colspan=\"1\" rowspan=\"1\">\n<div class=\"magic-4\">\n<div><b><br \/><\/b><\/div>\n<p><b><\/p>\n<div><\/div>\n<p>Mat\u00e9riaux<br \/><\/b><\/div>\n<\/td>\n<td colspan=\"1\" rowspan=\"1\">\n<div class=\"magic-5\">Tige principale\u00a0: acier inoxydable 304&nbsp;<\/p>\n<div data-spm-anchor-id=\"a2700.pc-decorate.0.i26.2b6b3333fDwRrj\">Support de douchette en laiton&nbsp;<\/div>\n<div data-spm-anchor-id=\"a2700.pc-decorate.0.i26.2b6b3333fDwRrj\">Robinet\u00a0: corps principal en laiton, poign\u00e9e en alliage de zinc&nbsp;<\/div>\n<div data-spm-anchor-id=\"a2700.pc-decorate.0.i26.2b6b3333fDwRrj\">Douche sup\u00e9rieure et douchette \u00e0 main\u00a0: ABS<br \/>Tuyau en PVC<\/div>\n<\/div>\n<\/td>\n<\/tr>\n<tr>\n<td colspan=\"1\" rowspan=\"1\">\n<div class=\"magic-4\"><b>Taille du produit??mm??<\/b><\/div>\n<\/td>\n<td colspan=\"1\" rowspan=\"1\">\n<div class=\"magic-5\">825*390*155mm<\/div>\n<\/td>\n<\/tr>\n<tr>\n<td colspan=\"1\" rowspan=\"1\">\n<div class=\"magic-4\"><b>Quantit\u00e9 de d\u00e9part<\/b><\/div>\n<\/td>\n<td colspan=\"1\" rowspan=\"1\">\n<div class=\"magic-5\">1<\/div>\n<\/td>\n<\/tr>\n<\/tbody>\n<\/table>\n<\/div>\n<\/div>\n<div class=\"J_module\">\n<div class=\"icbu-pc-detailManyImage magic-6\">\n<div class=\"magic-7\"><img decoding=\"async\" data-src=\"https:\/\/imgbd.weyesimg.com\/prod\/moving\/img\/96aab06199335991f33366894aebf8dd\/181b381de90b18ae7c522cc0d27e033a.jpg\" src=\"https:\/\/ghgalaxyhome.com\/wp-content\/uploads\/2024\/06\/304_quality80.webp\" class=\"magic-8 img-self show_imgss\"><\/div>\n<\/div>\n<\/div>\n<div class=\"J_module\">\n<div class=\"icbu-pc-images magic-0\">\n<div>\n<div class=\"flex-layout-v\">\n<div class=\"flex-layout-h magic-0\">\n<div class=\"magic-9\"><img decoding=\"async\" data-src=\"https:\/\/imgbd.weyesimg.com\/prod\/moving\/img\/96aab06199335991f33366894aebf8dd\/0b3dc56514d69562c59b97a0e7f989ad.jpg\" src=\"https:\/\/ghgalaxyhome.com\/wp-content\/uploads\/2024\/06\/3_quality80.webp\" class=\"magic-10 img-self show_imgss\"><\/div>\n<\/div>\n<\/div>\n<\/div>\n<\/div>\n<\/div>\n<div class=\"J_module\">\n<div class=\"icbu-pc-images magic-0\">\n<div>\n<div class=\"flex-layout-v\">\n<div class=\"flex-layout-h magic-0\">\n<div class=\"magic-11\"><img decoding=\"async\" data-src=\"https:\/\/imgbd.weyesimg.com\/prod\/moving\/img\/96aab06199335991f33366894aebf8dd\/3587e0de42773ca3563c8472f26a0cdd.jpg\" src=\"https:\/\/ghgalaxyhome.com\/wp-content\/uploads\/2024\/06\/179_quality80.webp\" class=\"magic-12 img-self show_imgss\"><\/div>\n<\/div>\n<\/div>\n<\/div>\n<\/div>\n<\/div>\n<div class=\"J_module\">\n<div class=\"icbu-pc-images magic-0\">\n<div>\n<div class=\"flex-layout-v\">\n<div class=\"flex-layout-h magic-0\">\n<div class=\"magic-13\"><img decoding=\"async\" data-src=\"https:\/\/imgbd.weyesimg.com\/prod\/moving\/img\/96aab06199335991f33366894aebf8dd\/812643060191df6ea0c9f14f0ebcbe18.jpg\" src=\"https:\/\/ghgalaxyhome.com\/wp-content\/uploads\/2024\/06\/5_quality80.webp\" class=\"magic-14 img-self show_imgss\"><\/div>\n<\/div>\n<\/div>\n<\/div>\n<\/div>\n<\/div>\n<div class=\"J_module\">\n<div data-magic=\"{&quot;mds&quot;:{&quot;assetsVersion&quot;:&quot;0.0.14&quot;,&quot;assetsPackageName&quot;:&quot;icbumod&quot;,&quot;moduleNameAlias&quot;:&quot;icbu-pc-detailSellerRecommend&quot;,&quot;moduleData&quot;:{&quot;config&quot;:{&quot;columnCount&quot;:4,&quot;titleKey&quot;:6,&quot;products&quot;:[1600385790205,1600327898640,1600359084101,1600409069301,1600407686887,1600387232021,1600403285977,1600428598737,1600438648675,1600415507284,1600427647323,1600433699294]}}},&quot;version&quot;:1}\" class=\"icbu-pc-detailSellerRecommend magic-15\"><\/div>\n<\/div>\n<div class=\"J_module\">\n<div class=\"icbu-pc-images magic-0\">\n<div>\n<div class=\"flex-layout-v\">\n<div class=\"flex-layout-h magic-0\">\n<div class=\"magic-16\"><img decoding=\"async\" data-src=\"https:\/\/imgbd.weyesimg.com\/prod\/moving\/img\/96aab06199335991f33366894aebf8dd\/237afc98df82979a2961dd982b92c604.jpg\" src=\"https:\/\/ghgalaxyhome.com\/wp-content\/uploads\/2024\/06\/6_quality80.webp\" class=\"magic-17 img-self show_imgss\"><\/div>\n<\/div>\n<\/div>\n<\/div>\n<\/div>\n<\/div>\n<div class=\"J_module\">\n<div class=\"icbu-pc-images magic-0\">\n<div>\n<div class=\"flex-layout-v\">\n<div class=\"flex-layout-h magic-0\">\n<div class=\"magic-18\"><img decoding=\"async\" data-src=\"https:\/\/imgbd.weyesimg.com\/prod\/moving\/img\/96aab06199335991f33366894aebf8dd\/fca8d35615d463d4224e55c5c22fe092.jpg\" src=\"https:\/\/ghgalaxyhome.com\/wp-content\/uploads\/2024\/06\/7_quality80.webp\" class=\"magic-19 img-self show_imgss\"><\/div>\n<\/div>\n<\/div>\n<\/div>\n<\/div>\n<\/div><\/div>\n<\/p><\/div>","protected":false},"excerpt":{"rendered":"<p>Nous ma\u00eetrisons les comp\u00e9tences du processus de fabrication du robinet de baignoire mural avec syst\u00e8me de douche \u00e0 main et ensemble de douche \u00e0 effet de pluie. Gr\u00e2ce aux technologies de haut niveau, notre produit est con\u00e7u pour \u00eatre multifonctionnel. Ses utilisations couvrent le domaine ( s) des robinets de bain et de douche.<\/p>","protected":false},"featured_media":30024,"comment_status":"open","ping_status":"closed","template":"","meta":[],"product_brand":[],"product_cat":[19],"product_tag":[],"class_list":{"0":"post-30014","1":"product","2":"type-product","3":"status-publish","4":"has-post-thumbnail","6":"product_cat-products-40780","8":"first","9":"instock","10":"shipping-taxable","11":"product-type-simple"},"_links":{"self":[{"href":"https:\/\/ghgalaxyhome.com\/fr\/wp-json\/wp\/v2\/product\/30014","targetHints":{"allow":["GET"]}}],"collection":[{"href":"https:\/\/ghgalaxyhome.com\/fr\/wp-json\/wp\/v2\/product"}],"about":[{"href":"https:\/\/ghgalaxyhome.com\/fr\/wp-json\/wp\/v2\/types\/product"}],"replies":[{"embeddable":true,"href":"https:\/\/ghgalaxyhome.com\/fr\/wp-json\/wp\/v2\/comments?post=30014"}],"version-history":[{"count":2,"href":"https:\/\/ghgalaxyhome.com\/fr\/wp-json\/wp\/v2\/product\/30014\/revisions"}],"predecessor-version":[{"id":30105,"href":"https:\/\/ghgalaxyhome.com\/fr\/wp-json\/wp\/v2\/product\/30014\/revisions\/30105"}],"wp:featuredmedia":[{"embeddable":true,"href":"https:\/\/ghgalaxyhome.com\/fr\/wp-json\/wp\/v2\/media\/30024"}],"wp:attachment":[{"href":"https:\/\/ghgalaxyhome.com\/fr\/wp-json\/wp\/v2\/media?parent=30014"}],"wp:term":[{"taxonomy":"product_brand","embeddable":true,"href":"https:\/\/ghgalaxyhome.com\/fr\/wp-json\/wp\/v2\/product_brand?post=30014"},{"taxonomy":"product_cat","embeddable":true,"href":"https:\/\/ghgalaxyhome.com\/fr\/wp-json\/wp\/v2\/product_cat?post=30014"},{"taxonomy":"product_tag","embeddable":true,"href":"https:\/\/ghgalaxyhome.com\/fr\/wp-json\/wp\/v2\/product_tag?post=30014"}],"curies":[{"name":"wp","href":"https:\/\/api.w.org\/{rel}","templated":true}]}}