{"id":29590,"date":"2024-06-09T13:03:37","date_gmt":"2024-06-09T13:03:37","guid":{"rendered":"https:\/\/ghgalaxyhome.com\/?post_type=product&#038;p=29590"},"modified":"2024-06-09T16:26:55","modified_gmt":"2024-06-09T16:26:55","slug":"products-detail-581517","status":"publish","type":"product","link":"https:\/\/ghgalaxyhome.com\/fr\/video\/products-detail-581517","title":{"rendered":"Galaxy Home \u2013 Salle de douche double mobile sans cadre, porte coulissante, quincaillerie en acier inoxydable, paroi de douche, enceinte de porte, salles de douche"},"content":{"rendered":"<div class=\"cons_box ls-product\">\n<p>Foshan Baihuo Home Technology Co., Ltd. fabrique, exporte et fournit une excellente qualit\u00e9 de porte coulissante double mobile sans cadre pour salle de douche, quincaillerie en acier inoxydable, bo\u00eetier de porte \u00e0 \u00e9cran de douche. Diff\u00e9rent des autres produits, le bo\u00eetier de porte \u00e0 \u00e9cran de douche \u00e0 double mobile sans cadre pour salle de douche \u00e0 porte coulissante en acier inoxydable r\u00e9sout vraiment les probl\u00e8mes des clients. Ainsi, d\u00e8s leur lancement sur le march\u00e9, ils ont re\u00e7u de nombreux bons commentaires. Apr\u00e8s avoir \u00e9valu\u00e9 les besoins des clients et du march\u00e9, nous avons r\u00e9ussi \u00e0 faire en sorte que le bo\u00eetier de porte \u00e0 \u00e9cran de douche \u00e0 double mobile sans cadre pour porte coulissante en acier inoxydable pr\u00e9sente des avantages remarquables, qui peuvent tous contribuer \u00e0 le d\u00e9marquer sur le march\u00e9. De plus, son apparence est \u00e9galement fortement mise en valeur. Nos designers cr\u00e9atifs rendent le produit unique dans son apparence en restant au courant des derni\u00e8res tendances de l&#039;industrie.<\/p>\n<div class=\"rich-text-table\">\n<table>\n<tbody>\n<tr>\n<td style=\"width:25%;padding:5px 20px;font-size:14px;background:#f8fafc\">Garantie:<\/td>\n<td style=\"width:25%;padding:5px 20px;font-size:14px\">3 ann\u00e9es<\/td>\n<td style=\"width:25%;padding:5px 20px;font-size:14px;background:#f8fafc\">Service apr\u00e8s-vente:<\/td>\n<td style=\"width:25%;padding:5px 20px;font-size:14px\">Support technique en ligne, pi\u00e8ces de rechange gratuites<\/td>\n<\/tr>\n<tr>\n<td style=\"width:25%;padding:5px 20px;font-size:14px;background:#f8fafc\">Capacit\u00e9 de la solution du projet\u00a0:<\/td>\n<td style=\"width:25%;padding:5px 20px;font-size:14px\">conception graphique<\/td>\n<td style=\"width:25%;padding:5px 20px;font-size:14px;background:#f8fafc\">Application:<\/td>\n<td style=\"width:25%;padding:5px 20px;font-size:14px\">H\u00f4tel<\/td>\n<\/tr>\n<tr>\n<td style=\"width:25%;padding:5px 20px;font-size:14px;background:#f8fafc\">Style de conception\u00a0:<\/td>\n<td style=\"width:25%;padding:5px 20px;font-size:14px\">Moderne<\/td>\n<td style=\"width:25%;padding:5px 20px;font-size:14px;background:#f8fafc\">Lieu d&#039;origine\u00a0:<\/td>\n<td style=\"width:25%;padding:5px 20px;font-size:14px\">Guangdong, Chine<\/td>\n<\/tr>\n<tr>\n<td style=\"width:25%;padding:5px 20px;font-size:14px;background:#f8fafc\">Marque:<\/td>\n<td style=\"width:25%;padding:5px 20px;font-size:14px\">Accueil Galaxie<\/td>\n<td style=\"width:25%;padding:5px 20px;font-size:14px;background:#f8fafc\">Num\u00e9ro de mod\u00e8le:<\/td>\n<td style=\"width:25%;padding:5px 20px;font-size:14px\">SE02405<\/td>\n<\/tr>\n<tr>\n<td style=\"width:25%;padding:5px 20px;font-size:14px;background:#f8fafc\">Mat\u00e9riau du plateau\u00a0:<\/td>\n<td style=\"width:25%;padding:5px 20px;font-size:14px\">Acier inoxydable 304<\/td>\n<td style=\"width:25%;padding:5px 20px;font-size:14px;background:#f8fafc\">Style de cadre\u00a0:<\/td>\n<td style=\"width:25%;padding:5px 20px;font-size:14px\">Avec cadre<\/td>\n<\/tr>\n<tr>\n<td style=\"width:25%;padding:5px 20px;font-size:14px;background:#f8fafc\">Finition de la surface du cadre\u00a0:<\/td>\n<td style=\"width:25%;padding:5px 20px;font-size:14px\">Galvanoplastie, Galvanoplastie<\/td>\n<td style=\"width:25%;padding:5px 20px;font-size:14px;background:#f8fafc\">\u00c9paisseur du verre\u00a0:<\/td>\n<td style=\"width:25%;padding:5px 20px;font-size:14px\">8mm<\/td>\n<\/tr>\n<tr>\n<td style=\"width:25%;padding:5px 20px;font-size:14px;background:#f8fafc\">Style ouvert\u00a0:<\/td>\n<td style=\"width:25%;padding:5px 20px;font-size:14px\">Glissement<\/td>\n<td style=\"width:25%;padding:5px 20px;font-size:14px;background:#f8fafc\">Style d&#039;apparence\u00a0:<\/td>\n<td style=\"width:25%;padding:5px 20px;font-size:14px\">Droit<\/td>\n<\/tr>\n<tr>\n<td style=\"width:25%;padding:5px 20px;font-size:14px;background:#f8fafc\">Forme du plateau\u00a0:<\/td>\n<td style=\"width:25%;padding:5px 20px;font-size:14px\">Rectangle<\/td>\n<td style=\"width:25%;padding:5px 20px;font-size:14px;background:#f8fafc\">Nom du produit\u00a0:<\/td>\n<td style=\"width:25%;padding:5px 20px;font-size:14px\">Cabine de douche en verre<\/td>\n<\/tr>\n<tr>\n<td style=\"width:25%;padding:5px 20px;font-size:14px;background:#f8fafc\">Type de verre\u00a0:<\/td>\n<td style=\"width:25%;padding:5px 20px;font-size:14px\">8MM\/onde lumineuse (transparente)<\/td>\n<td style=\"width:25%;padding:5px 20px;font-size:14px;background:#f8fafc\">Nom:<\/td>\n<td style=\"width:25%;padding:5px 20px;font-size:14px\">Paroi de douche en verre<\/td>\n<\/tr>\n<tr>\n<td style=\"width:25%;padding:5px 20px;font-size:14px;background:#f8fafc\">Taille:<\/td>\n<td style=\"width:25%;padding:5px 20px;font-size:14px\">Taille personnalis\u00e9e<\/td>\n<td style=\"width:25%;padding:5px 20px;font-size:14px;background:#f8fafc\">Style:<\/td>\n<td style=\"width:25%;padding:5px 20px;font-size:14px\">Porte de douche coulissante moderne<\/td>\n<\/tr>\n<tr>\n<td style=\"width:25%;padding:5px 20px;font-size:14px;background:#f8fafc\">D\u00e9lai de livraison:<\/td>\n<td style=\"width:25%;padding:5px 20px;font-size:14px\">30-40 jours<\/td>\n<td style=\"width:25%;padding:5px 20px;font-size:14px;background:#f8fafc\">OEM\/ODM\u00a0:<\/td>\n<td style=\"width:25%;padding:5px 20px;font-size:14px\">Acceptable<\/td>\n<\/tr>\n<tr>\n<td style=\"width:25%;padding:5px 20px;font-size:14px;background:#f8fafc\">Mat\u00e9riau du panneau\u00a0:<\/td>\n<td style=\"width:25%;padding:5px 20px;font-size:14px\">Verre tremp\u00e9<\/td>\n<td style=\"width:25%;padding:5px 20px;font-size:14px;background:#f8fafc\">Avantage:<\/td>\n<td style=\"width:25%;padding:5px 20px;font-size:14px\">Performance auto-imperm\u00e9able<\/td>\n<\/tr>\n<tr>\n<td style=\"width:25%;padding:5px 20px;font-size:14px;background:#f8fafc\">Forme:<\/td>\n<td style=\"width:25%;padding:5px 20px;font-size:14px\">En forme de rectangle<\/td>\n<td style=\"width:25%;padding:5px 20px;font-size:14px\"><\/td>\n<td style=\"width:25%;padding:5px 20px;font-size:14px\"><\/td>\n<\/tr>\n<\/tbody>\n<\/table>\n<\/div>\n<p><\/p>\n<div data-magic-global=\"%7B%22bizId%22%3A2211240675273%2C%22pageId%22%3A21026934143%2C%22siteId%22%3A10002499104%7D\" id=\"detail_decorate_root\">#detail_decorate_root .magic-0{largeur:750px}#detail_decorate_root .magic-1{overflow:hidden;width:750px;height:750px;margin-top:0;margin-bottom:0;margin-left:0;margin-right: 0}#detail_decorate_root .magic-2{margin-top:0;margin-left:0;width:750px;height:750px}#detail_decorate_root .magic-3{width:750px;border-collapse:collapse}#detail_decorate_root .magic-4{ hauteur min : 28 px ; rembourrage : 5 px 10 px ; hauteur min:28px;box-sizing:content-box}#detail_decorate_root .magic-6{overflow:hidden;width:750px;height:422px;margin-top:0;margin-bottom:0;margin-left:0; margin-right:0}#detail_decorate_root .magic-7{margin-top:0;margin-left:0;width:750px;height:422px}#detail_decorate_root .magic-8{overflow:hidden;width:750px;height:954px; margin-top:0;margin-bottom:0;margin-left:0;margin-right:0}#detail_decorate_root .magic-9{margin-top:0;margin-left:0;width:750px;height:954px} #detail_decorate_root .magic-10{overflow:hidden;width:750px;height:473px;margin-top:0;margin-bottom:0;margin-left:0;margin-right:0}#detail_decorate_root .magic-11{margin- top:0;margin-left:0;width:750px;height:473px}#detail_decorate_root .magic-12{margin-bottom:10px;overflow:hidden}#detail_decorate_root .magic-13{overflow:hidden;width:750px;height\u00a0: 787px;margin-top:0;margin-bottom:0;margin-left:0;margin-right:0}#detail_decorate_root .magic-14{margin-top:0;margin-left:0;width:750px;height\u00a0: 787px}#detail_decorate_root .magic-15{overflow:hidden;width:750px;height:469px;margin-top:0;margin-bottom:0;margin-left:0;margin-right:0}#detail_decorate_root .magic-16{ marge sup\u00e9rieure\u00a0:\u00a00\u00a0; marge gauche\u00a0:\u00a00\u00a0; largeur\u00a0:\u00a0750\u00a0px\u00a0; hauteur\u00a0:\u00a0469\u00a0px}<\/p>\n<div class=\"J_module\">\n<div class=\"icbu-pc-images magic-0\">\n<div>\n<div class=\"flex-layout-v\">\n<div class=\"flex-layout-h magic-0\">\n<div class=\"magic-1\"><img decoding=\"async\" data-src=\"https:\/\/imgbd.weyesimg.com\/prod\/moving\/img\/96aab06199335991f33366894aebf8dd\/482c6861055ab0093889906f2434fdd8.jpg\" src=\"https:\/\/ghgalaxyhome.com\/wp-content\/uploads\/2024\/06\/183_quality80.webp\" class=\"magic-2 img-self show_imgss\"><\/div>\n<\/div>\n<\/div>\n<\/div>\n<\/div>\n<\/div>\n<div class=\"J_module\">\n<div class=\"ife-detail-decorate-table\">\n<table class=\"has-title all magic-3\">\n<tbody>\n<tr>\n<td colspan=\"1\" rowspan=\"1\">\n<div class=\"magic-4\"><b>Mod\u00e8le<\/b><\/div>\n<\/td>\n<td colspan=\"1\" rowspan=\"1\">\n<div class=\"magic-5\">SE02405<\/div>\n<\/td>\n<\/tr>\n<tr>\n<td colspan=\"1\" rowspan=\"1\">\n<div class=\"magic-4\"><b>Texture du mat\u00e9riau<\/b><\/div>\n<\/td>\n<td colspan=\"1\" rowspan=\"1\">\n<div class=\"magic-5\">Acier inoxydable 304<\/div>\n<\/td>\n<\/tr>\n<tr>\n<td colspan=\"1\" rowspan=\"1\">\n<div class=\"magic-4\"><b>Taille du produit??mm??<\/b><\/div>\n<\/td>\n<td colspan=\"1\" rowspan=\"1\">\n<div class=\"magic-5\">(L)1200-1800 mm (H)1900-2000 mm<\/div>\n<\/td>\n<\/tr>\n<tr>\n<td colspan=\"1\" rowspan=\"1\">\n<div class=\"magic-4\"><b>Mode d&#039;ouverture de la porte<\/b><\/div>\n<\/td>\n<td colspan=\"1\" rowspan=\"1\">\n<div class=\"magic-5\">D\u00e9calage gauche et droite (un solide et un actif \/ deux solides et un actif)<\/div>\n<\/td>\n<\/tr>\n<tr>\n<td colspan=\"1\" rowspan=\"1\">\n<div class=\"magic-4\"><b>\u00c9paisseur du verre<\/b><\/div>\n<\/td>\n<td colspan=\"1\" rowspan=\"1\">\n<div class=\"magic-5\">8MM<\/div>\n<\/td>\n<\/tr>\n<tr>\n<td colspan=\"1\" rowspan=\"1\">\n<div class=\"magic-4\"><b data-spm-anchor-id=\"a2700.pc-decorate.0.i8.2eb63333nHM6r0\">Couleur s\u00e9lective<\/b><\/div>\n<\/td>\n<td colspan=\"1\" rowspan=\"1\">\n<div class=\"magic-5\">Acier inoxydable 304 noir<\/div>\n<\/td>\n<\/tr>\n<\/tbody>\n<\/table>\n<\/div>\n<\/div>\n<div class=\"J_module\">\n<div class=\"icbu-pc-images magic-0\">\n<div>\n<div class=\"flex-layout-v\">\n<div class=\"flex-layout-h magic-0\">\n<div class=\"magic-6\"><img decoding=\"async\" data-src=\"https:\/\/imgbd.weyesimg.com\/prod\/moving\/img\/96aab06199335991f33366894aebf8dd\/0b3dc56514d69562c59b97a0e7f989ad.jpg\" src=\"https:\/\/ghgalaxyhome.com\/wp-content\/uploads\/2024\/06\/3_quality80.webp\" class=\"magic-7 img-self show_imgss\"><\/div>\n<\/div>\n<\/div>\n<\/div>\n<\/div>\n<\/div>\n<div class=\"J_module\">\n<div class=\"icbu-pc-images magic-0\">\n<div>\n<div class=\"flex-layout-v\">\n<div class=\"flex-layout-h magic-0\">\n<div class=\"magic-8\"><img decoding=\"async\" data-src=\"https:\/\/imgbd.weyesimg.com\/prod\/moving\/img\/96aab06199335991f33366894aebf8dd\/3587e0de42773ca3563c8472f26a0cdd.jpg\" src=\"https:\/\/ghgalaxyhome.com\/wp-content\/uploads\/2024\/06\/179_quality80.webp\" class=\"magic-9 img-self show_imgss\"><\/div>\n<\/div>\n<\/div>\n<\/div>\n<\/div>\n<\/div>\n<div class=\"J_module\">\n<div class=\"icbu-pc-images magic-0\">\n<div>\n<div class=\"flex-layout-v\">\n<div class=\"flex-layout-h magic-0\">\n<div class=\"magic-10\"><img decoding=\"async\" data-src=\"https:\/\/imgbd.weyesimg.com\/prod\/moving\/img\/96aab06199335991f33366894aebf8dd\/812643060191df6ea0c9f14f0ebcbe18.jpg\" src=\"https:\/\/ghgalaxyhome.com\/wp-content\/uploads\/2024\/06\/5_quality80.webp\" class=\"magic-11 img-self show_imgss\"><\/div>\n<\/div>\n<\/div>\n<\/div>\n<\/div>\n<\/div>\n<div class=\"J_module\">\n<div data-magic=\"{&quot;mds&quot;:{&quot;assetsVersion&quot;:&quot;0.0.14&quot;,&quot;assetsPackageName&quot;:&quot;icbumod&quot;,&quot;moduleNameAlias&quot;:&quot;icbu-pc-detailSellerRecommend&quot;,&quot;moduleData&quot;:{&quot;config&quot;:{&quot;columnCount&quot;:4,&quot;titleKey&quot;:6,&quot;products&quot;:[1600385790205,1600327898640,1600359084101,1600409069301,1600407686887,1600387232021,1600403285977,1600428598737,1600438648675,1600415507284,1600427647323,1600433699294]}}},&quot;version&quot;:1}\" class=\"icbu-pc-detailSellerRecommend magic-12\"><\/div>\n<\/div>\n<div class=\"J_module\">\n<div class=\"icbu-pc-images magic-0\">\n<div>\n<div class=\"flex-layout-v\">\n<div class=\"flex-layout-h magic-0\">\n<div class=\"magic-13\"><img decoding=\"async\" data-src=\"https:\/\/imgbd.weyesimg.com\/prod\/moving\/img\/96aab06199335991f33366894aebf8dd\/237afc98df82979a2961dd982b92c604.jpg\" src=\"https:\/\/ghgalaxyhome.com\/wp-content\/uploads\/2024\/06\/6_quality80.webp\" class=\"magic-14 img-self show_imgss\"><\/div>\n<\/div>\n<\/div>\n<\/div>\n<\/div>\n<\/div>\n<div class=\"J_module\">\n<div class=\"icbu-pc-images magic-0\">\n<div>\n<div class=\"flex-layout-v\">\n<div class=\"flex-layout-h magic-0\">\n<div class=\"magic-15\"><img decoding=\"async\" data-src=\"https:\/\/imgbd.weyesimg.com\/prod\/moving\/img\/96aab06199335991f33366894aebf8dd\/fca8d35615d463d4224e55c5c22fe092.jpg\" src=\"https:\/\/ghgalaxyhome.com\/wp-content\/uploads\/2024\/06\/7_quality80.webp\" class=\"magic-16 img-self show_imgss\"><\/div>\n<\/div>\n<\/div>\n<\/div>\n<\/div>\n<\/div><\/div>\n<\/p><\/div>","protected":false},"excerpt":{"rendered":"<p>Apr\u00e8s des ann\u00e9es de d\u00e9veloppement, nous avons introduit et am\u00e9lior\u00e9 les technologies afin de rendre le processus de fabrication plus efficace. \u00c0 mesure que de plus en plus d&#039;avantages de bo\u00eetier de douche mobile sans cadre pour salle de douche double porte coulissante en acier inoxydable ont \u00e9t\u00e9 progressivement d\u00e9couverts, le produit b\u00e9n\u00e9ficie d&#039;un une plus large gamme d&#039;utilisations et peut d\u00e9sormais \u00eatre trouv\u00e9 dans le(s) domaine(s) des salles de douche.<\/p>","protected":false},"featured_media":29594,"comment_status":"open","ping_status":"closed","template":"","meta":[],"product_brand":[],"product_cat":[23],"product_tag":[],"class_list":{"0":"post-29590","1":"product","2":"type-product","3":"status-publish","4":"has-post-thumbnail","6":"product_cat-products-40763","8":"first","9":"instock","10":"shipping-taxable","11":"product-type-simple"},"_links":{"self":[{"href":"https:\/\/ghgalaxyhome.com\/fr\/wp-json\/wp\/v2\/product\/29590","targetHints":{"allow":["GET"]}}],"collection":[{"href":"https:\/\/ghgalaxyhome.com\/fr\/wp-json\/wp\/v2\/product"}],"about":[{"href":"https:\/\/ghgalaxyhome.com\/fr\/wp-json\/wp\/v2\/types\/product"}],"replies":[{"embeddable":true,"href":"https:\/\/ghgalaxyhome.com\/fr\/wp-json\/wp\/v2\/comments?post=29590"}],"version-history":[{"count":2,"href":"https:\/\/ghgalaxyhome.com\/fr\/wp-json\/wp\/v2\/product\/29590\/revisions"}],"predecessor-version":[{"id":29609,"href":"https:\/\/ghgalaxyhome.com\/fr\/wp-json\/wp\/v2\/product\/29590\/revisions\/29609"}],"wp:featuredmedia":[{"embeddable":true,"href":"https:\/\/ghgalaxyhome.com\/fr\/wp-json\/wp\/v2\/media\/29594"}],"wp:attachment":[{"href":"https:\/\/ghgalaxyhome.com\/fr\/wp-json\/wp\/v2\/media?parent=29590"}],"wp:term":[{"taxonomy":"product_brand","embeddable":true,"href":"https:\/\/ghgalaxyhome.com\/fr\/wp-json\/wp\/v2\/product_brand?post=29590"},{"taxonomy":"product_cat","embeddable":true,"href":"https:\/\/ghgalaxyhome.com\/fr\/wp-json\/wp\/v2\/product_cat?post=29590"},{"taxonomy":"product_tag","embeddable":true,"href":"https:\/\/ghgalaxyhome.com\/fr\/wp-json\/wp\/v2\/product_tag?post=29590"}],"curies":[{"name":"wp","href":"https:\/\/api.w.org\/{rel}","templated":true}]}}