{"id":29545,"date":"2024-06-09T13:02:52","date_gmt":"2024-06-09T13:02:52","guid":{"rendered":"https:\/\/ghgalaxyhome.com\/?post_type=product&#038;p=29545"},"modified":"2024-06-09T16:26:56","modified_gmt":"2024-06-09T16:26:56","slug":"products-detail-3629754","status":"publish","type":"product","link":"https:\/\/ghgalaxyhome.com\/fr\/video\/products-detail-3629754","title":{"rendered":"Cabine de douche-Porte de douche et cadres en aluminium|Galaxy Home"},"content":{"rendered":"<div class=\"cons_box ls-product\">\n<p style=\"text-align: center\"><\/p>\n<div class=\"text-center d-tem20-title border-color d-interval\" data-detail=\"wrap\">\n<div class=\"title-header\">\n<div class=\"title font-color\"><span style=\"font-size: 24px\"><strong>\u00c0 propos de ce produit<\/strong><\/span><\/div>\n<div class=\"description\">D\u00e9tails importants<\/div>\n<\/div>\n<\/div>\n<p style=\"text-align: left\"><span style=\"font-size: 24px\"><\/span><\/p>\n<p>Les cabines de douche avec portes battantes et cadres en aluminium offrent de nombreux avantages qui contribuent \u00e0 un environnement de salle de bain fonctionnel et \u00e9l\u00e9gant.<\/p>\n<p>Utilisation efficace de l&#039;espace : les portes battantes s&#039;ouvrent, permettant une utilisation maximale de l&#039;espace disponible dans la salle de bain.<\/p>\n<p>Entr\u00e9e transparente : la large ouverture fournie par les portes battantes offre une entr\u00e9e sans effort et sans obstacle dans la douche.<\/p>\n<p>Construction robuste : les cadres en aluminium offrent un support et une stabilit\u00e9 robustes, garantissant un bo\u00eetier s\u00fbr et durable.<\/p>\n<p>Options de personnalisation : les cadres en aluminium peuvent \u00eatre adapt\u00e9s \u00e0 diff\u00e9rentes tailles, finitions et designs, s&#039;adaptant aux pr\u00e9f\u00e9rences individuelles.<\/p>\n<p>Esth\u00e9tique moderne : L\u2019apparence \u00e9l\u00e9gante des cadres en aluminium compl\u00e8te les conceptions de salles de bains contemporaines, am\u00e9liorant ainsi l\u2019attrait visuel g\u00e9n\u00e9ral.<\/p>\n<p>Fonctionnement fluide : les portes battantes s&#039;ouvrent et se ferment en douceur, offrant une exp\u00e9rience conviviale et r\u00e9duisant le risque d&#039;usure.<\/p>\n<p>Conception polyvalente : la combinaison de portes battantes et de cadres en aluminium permet des configurations de conception polyvalentes qui conviennent \u00e0 une gamme de styles de salle de bains.<\/p>\n<p>Durabilit\u00e9\u00a0: les propri\u00e9t\u00e9s de r\u00e9sistance \u00e0 la corrosion de l&#039;aluminium contribuent \u00e0 la long\u00e9vit\u00e9 et \u00e0 la faible maintenance du bo\u00eetier.<\/p>\n<p>En r\u00e9sum\u00e9, les cabines de douche avec portes battantes et cadres en aluminium offrent commodit\u00e9, style et durabilit\u00e9, ce qui en fait un excellent choix pour les salles de bains modernes.<\/p>\n<p style=\"text-align:center\"><\/p>\n<p style=\"text-align:center\"><img decoding=\"async\" src=\"https:\/\/ghgalaxyhome.com\/wp-content\/uploads\/2024\/06\/file_01691977825329.jpg?x-oss-process=image\/resize,m_lfit,w_1224\/format,webp\/quality,80\" alt=\"\" data-src=\"https:\/\/ghgalaxyhome.com\/wp-content\/uploads\/2024\/06\/file_01691977825329.jpg\" class=\"img-self show_imgss\"><\/p>\n<p><\/p>\n<p style=\"text-align: left\"><span style=\"text-decoration: none;font-size: 18px\"><\/span><\/p>\n<p style=\"text-align: left\"><span style=\"text-decoration: none;font-size: 18px\"><\/span><\/p>\n<table>\n<tbody>\n<tr class=\"firstRow\">\n<td width=\"234\" valign=\"top\">Marque du produit<\/td>\n<td width=\"234\" valign=\"top\">Accueil Galaxie<\/td>\n<td width=\"234\" valign=\"top\">Style de conception<\/td>\n<td width=\"234\" valign=\"top\">Moderne<\/td>\n<\/tr>\n<tr>\n<td width=\"234\" valign=\"top\">type de produit<\/td>\n<td width=\"234\" valign=\"top\">Porte de douche coulissante moderne<\/td>\n<td width=\"234\" valign=\"top\">Forme<\/td>\n<td width=\"234\" valign=\"top\">diamant<\/td>\n<\/tr>\n<tr>\n<td width=\"234\" valign=\"top\">garantie<\/td>\n<td width=\"234\" valign=\"top\">3 ann\u00e9es<\/td>\n<td width=\"234\" valign=\"top\">Lieu d&#039;origine<\/td>\n<td width=\"234\" valign=\"top\">Foshan, Chine<\/td>\n<\/tr>\n<tr>\n<td width=\"234\" valign=\"top\">Mat\u00e9riau du panneau<\/td>\n<td width=\"234\" valign=\"top\">Verre tremp\u00e9<\/td>\n<td width=\"234\" valign=\"top\">Taille<\/td>\n<td width=\"234\" valign=\"top\">Taille personnalis\u00e9e<\/td>\n<\/tr>\n<tr>\n<td width=\"234\" valign=\"top\">Type de verre<\/td>\n<td width=\"234\" valign=\"top\">8MM\/onde lumineuse (transparente)<\/td>\n<td width=\"234\" valign=\"top\">Style de cadre<\/td>\n<td width=\"234\" valign=\"top\">Avec cadre<\/td>\n<\/tr>\n<tr>\n<td width=\"234\" valign=\"top\">Mat\u00e9riau du plateau<\/td>\n<td width=\"234\" valign=\"top\">aluminium<\/td>\n<td width=\"234\" valign=\"top\">Style ouvert<\/td>\n<td width=\"234\" valign=\"top\">Glissement<\/td>\n<\/tr>\n<\/tbody>\n<\/table>\n<p style=\"text-align: center\">\n<p style=\"text-align: center\"><img decoding=\"async\" src=\"https:\/\/ghgalaxyhome.com\/wp-content\/uploads\/2024\/06\/file_01686042185861.jpg?x-oss-process=image\/resize,m_lfit,w_1224\/format,webp\/quality,80\" alt=\"\" data-src=\"https:\/\/ghgalaxyhome.com\/wp-content\/uploads\/2024\/06\/file_01686042185861.jpg\" class=\"img-self show_imgss\"><img decoding=\"async\" src=\"https:\/\/ghgalaxyhome.com\/wp-content\/uploads\/2024\/06\/file_11686042185861.jpg?x-oss-process=image\/resize,m_lfit,w_1224\/format,webp\/quality,80\" alt=\"\" data-src=\"https:\/\/ghgalaxyhome.com\/wp-content\/uploads\/2024\/06\/file_11686042185861.jpg\" class=\"img-self show_imgss\"><\/p>\n<p style=\"text-align: center\"><\/p>\n<div class=\"text-center d-tem20-title border-color d-interval\" data-detail=\"wrap\">\n<div class=\"title-header\">\n<div class=\"title font-color\"><span style=\"font-size: 24px\"><strong>FAQ<\/strong><\/span><\/div>\n<\/div>\n<\/div>\n<div class=\"de_m_faq_5 cont_section\">\n<ul class=\"_ul\">\n<li class=\"_li\">\n<div class=\"li_head\">1.Quels types de produits pouvez-vous fournir\u00a0?<\/div>\n<div class=\"li_con\">Les principaux produits de GALAXY HOME sont les vanit\u00e9s de salle de bain, les armoires de cuisine, les baignoires, les robinets de lavabo, les pommes de douche, les cabines de douche, les toilettes et les accessoires de salle de bain.<\/div>\n<\/li>\n<li class=\"_li\">\n<div class=\"li_head\">2.La personnalisation est-elle possible ?<\/div>\n<div class=\"li_con\">Oui. Nous avons une \u00e9quipe professionnelle de conception et de production avec une riche exp\u00e9rience. Faites-nous part de vos demandes et nous vous proposons une solution.<\/div>\n<\/li>\n<li class=\"_li\">\n<div class=\"li_head\">3.L&#039;ODM ou l&#039;OEM sont-ils acceptables\u00a0?<\/div>\n<div class=\"li_con\">Oui. Gr\u00e2ce \u00e0 notre exp\u00e9rience de production et d&#039;exportation depuis au moins 20 ans, nous avons termin\u00e9 de nombreuses commandes ODM et OEM au cours des derni\u00e8res ann\u00e9es. Notre usine couvre une superficie de 40 000\u00a0?O avec des lignes de production avanc\u00e9es. Notre capacit\u00e9 \u00e0 faire des ODM et des OEM est digne de confiance.<\/div>\n<\/li>\n<li class=\"_li\">\n<div class=\"li_head\">4. De quels certificats de produits disposez-vous\u00a0?<\/div>\n<div class=\"li_con\">Les produits GALAXY HOME ont \u00e9t\u00e9 certifi\u00e9s par SGS, CNAS, CMA, CAL et jlac-mra. Des certificats ont \u00e9t\u00e9 d\u00e9livr\u00e9s.<\/div>\n<\/li>\n<li class=\"_li\">\n<div class=\"li_head\">5.Comment puis-je obtenir le dernier prix ?<\/div>\n<div class=\"li_con\">Les clients peuvent cliquer sur le bouton Contactez-nous pour nous envoyer une demande. Nous citons g\u00e9n\u00e9ralement dans les 24 heures pendant les jours ouvrables. Vous pouvez \u00e9galement nous envoyer un e-mail ou Whatspp directement si vous souhaitez une r\u00e9ponse rapide. L&#039;adresse e-mail est info@ghgalaxyhome.com et le num\u00e9ro de t\u00e9l\u00e9phone est le 86-17722731431.<\/div>\n<\/li>\n<li class=\"_li\">\n<div class=\"li_head\">6.Puis-je acheter des \u00e9chantillons ?<\/div>\n<div class=\"li_con\">Oui. Des d\u00e9tails tels que le fret et le d\u00e9lai de livraison peuvent \u00eatre discut\u00e9s.<\/div>\n<\/li>\n<li class=\"_li\">\n<div class=\"li_head\">7.Quel est le d\u00e9lai d&#039;ex\u00e9cution ??<\/div>\n<div class=\"li_con\">Le d\u00e9lai de livraison d\u00e9pend de la quantit\u00e9 command\u00e9e et du stock. G\u00e9n\u00e9ralement, il faut compter 7 \u00e0 15 jours pour des stocks ad\u00e9quats et environ 40 jours pour des stocks faibles.<\/div>\n<\/li>\n<li class=\"_li\">\n<div class=\"li_head\">8.Quel est le mode de livraison ?<\/div>\n<div class=\"li_con\">Les produits peuvent \u00eatre livr\u00e9s par voie maritime, a\u00e9rienne ou express (EMS, UPS, DHL, TNT, FEDEX, etc.). Veuillez nous parler avant de passer des commandes.<\/div>\n<\/li>\n<li class=\"_li\">\n<div class=\"li_head\">9.Comment puis-je payer ? Quel est le mode de paiement ?<\/div>\n<div class=\"li_con\">T\/T, L\/C, Western Union, Moneygram, Paypal sont tous acceptables.<\/div>\n<\/li>\n<li class=\"_li\">\n<div class=\"li_head\">10.Que pouvez-vous faire pour assurer la qualit\u00e9 ?<\/div>\n<div class=\"li_con\">Le service d\u2019inspection qualit\u00e9 de notre usine v\u00e9rifie chaque aspect de la production. Nous vous tiendrons \u00e9galement inform\u00e9s par des photos et des vid\u00e9os pour nous assurer que chaque d\u00e9tail est r\u00e9gl\u00e9. Nous resterons toujours en contact avec les acheteurs en cas de question.<\/div>\n<\/li>\n<\/ul>\n<\/div>\n<p><\/p>\n<p><\/p>\n<p><\/p>\n<p><\/p>\n<p><\/p>\n<p><\/p>\n<p><\/p>\n<\/p><\/div>","protected":false},"excerpt":{"rendered":"<p>L&#039;aluminium est connu pour sa robustesse, garantissant les performances durables et l&#039;int\u00e9grit\u00e9 structurelle de l&#039;enceinte. Les cadres en aluminium peuvent \u00eatre adapt\u00e9s \u00e0 diff\u00e9rentes tailles, formes et finitions, permettant une flexibilit\u00e9 de conception pour s&#039;adapter \u00e0 diff\u00e9rents styles de salle de bains. Les cadres en aluminium n\u00e9cessitent un entretien minimal. , ce qui en fait un choix efficace et pratique pour les m\u00e9nages occup\u00e9s.<\/p>","protected":false},"featured_media":29578,"comment_status":"open","ping_status":"closed","template":"","meta":[],"product_brand":[],"product_cat":[23],"product_tag":[],"class_list":{"0":"post-29545","1":"product","2":"type-product","3":"status-publish","4":"has-post-thumbnail","6":"product_cat-products-40763","8":"first","9":"instock","10":"shipping-taxable","11":"product-type-simple"},"_links":{"self":[{"href":"https:\/\/ghgalaxyhome.com\/fr\/wp-json\/wp\/v2\/product\/29545","targetHints":{"allow":["GET"]}}],"collection":[{"href":"https:\/\/ghgalaxyhome.com\/fr\/wp-json\/wp\/v2\/product"}],"about":[{"href":"https:\/\/ghgalaxyhome.com\/fr\/wp-json\/wp\/v2\/types\/product"}],"replies":[{"embeddable":true,"href":"https:\/\/ghgalaxyhome.com\/fr\/wp-json\/wp\/v2\/comments?post=29545"}],"version-history":[{"count":2,"href":"https:\/\/ghgalaxyhome.com\/fr\/wp-json\/wp\/v2\/product\/29545\/revisions"}],"predecessor-version":[{"id":29618,"href":"https:\/\/ghgalaxyhome.com\/fr\/wp-json\/wp\/v2\/product\/29545\/revisions\/29618"}],"wp:featuredmedia":[{"embeddable":true,"href":"https:\/\/ghgalaxyhome.com\/fr\/wp-json\/wp\/v2\/media\/29578"}],"wp:attachment":[{"href":"https:\/\/ghgalaxyhome.com\/fr\/wp-json\/wp\/v2\/media?parent=29545"}],"wp:term":[{"taxonomy":"product_brand","embeddable":true,"href":"https:\/\/ghgalaxyhome.com\/fr\/wp-json\/wp\/v2\/product_brand?post=29545"},{"taxonomy":"product_cat","embeddable":true,"href":"https:\/\/ghgalaxyhome.com\/fr\/wp-json\/wp\/v2\/product_cat?post=29545"},{"taxonomy":"product_tag","embeddable":true,"href":"https:\/\/ghgalaxyhome.com\/fr\/wp-json\/wp\/v2\/product_tag?post=29545"}],"curies":[{"name":"wp","href":"https:\/\/api.w.org\/{rel}","templated":true}]}}