{"id":29544,"date":"2024-06-09T13:02:52","date_gmt":"2024-06-09T13:02:52","guid":{"rendered":"https:\/\/ghgalaxyhome.com\/?post_type=product&#038;p=29544"},"modified":"2024-06-09T16:26:56","modified_gmt":"2024-06-09T16:26:56","slug":"products-detail-3672825","status":"publish","type":"product","link":"https:\/\/ghgalaxyhome.com\/fr\/video\/products-detail-3672825","title":{"rendered":"Chine Cabine de douche en verre avec cadres et porte \u00e0 charni\u00e8re verticale | Accueil Galaxie"},"content":{"rendered":"<div class=\"cons_box ls-product\">\n<p style=\"text-align: center\"><\/p>\n<div class=\"text-center d-tem20-title border-color d-interval\" data-detail=\"wrap\">\n<div class=\"title-header\">\n<div class=\"title font-color\"><span style=\"font-size: 24px\"><strong>\u00c0 propos de ce produit<\/strong><\/span><\/div>\n<div class=\"description\">D\u00e9tails importants<\/div>\n<\/div>\n<\/div>\n<p style=\"text-align: left\"><span style=\"font-size: 24px\"><\/span><\/p>\n<p>Nouveaut\u00e9 2023\u00a0: cabine de douche en forme de diamant avec verre tremp\u00e9 d\u00e9cor\u00e9 de fibre de verre et cadre en acier inoxydable dor\u00e9<\/p>\n<p>Pr\u00e9sentation du dernier ajout \u00e0 notre collection, la cabine de douche en forme de diamant 2023. Ce design innovant allie \u00e9l\u00e9gance et fonctionnalit\u00e9, offrant de nombreux avantages :<\/p>\n<p>Forme de diamant unique : la forme de diamant de l&#039;enceinte ajoute une touche de sophistication et d&#039;unicit\u00e9 \u00e0 votre espace de salle de bain, faisant une d\u00e9claration \u00e9l\u00e9gante.<\/p>\n<p>Verre tremp\u00e9 d\u00e9cor\u00e9 de fibre de verre : les panneaux de verre tremp\u00e9 sont non seulement durables, mais pr\u00e9sentent \u00e9galement des d\u00e9corations complexes en fibre de verre, am\u00e9liorant l&#039;intimit\u00e9 tout en conservant un sentiment d&#039;ouverture.<\/p>\n<p>Cadre en acier inoxydable dor\u00e9 : le cadre pr\u00e9sente une luxueuse finition en acier inoxydable dor\u00e9 qui compl\u00e8te l&#039;esth\u00e9tique moderne et classique de la salle de bain, rehaussant l&#039;apparence g\u00e9n\u00e9rale.<\/p>\n<p>Poign\u00e9es dor\u00e9es assorties : L&#039;ensemble est compl\u00e9t\u00e9 par des poign\u00e9es dor\u00e9es, ajoutant une touche coordonn\u00e9e et opulente \u00e0 la cabine de douche.<\/p>\n<p>Porte \u00e0 charni\u00e8re : la porte \u00e0 charni\u00e8re offre un acc\u00e8s et une fonctionnalit\u00e9 faciles, permettant une entr\u00e9e et une sortie en douceur et sans effort.<\/p>\n<p>Espace optimis\u00e9 : la forme en losange et la porte battante maximisent l&#039;espace disponible, ce qui en fait un choix id\u00e9al pour les salles de bains de diff\u00e9rentes tailles.<\/p>\n<p>Construction durable : la combinaison du verre tremp\u00e9 et de l&#039;acier inoxydable garantit la long\u00e9vit\u00e9, offrant un ajout fiable et durable \u00e0 votre salle de bain.<\/p>\n<p>En r\u00e9sum\u00e9, la cabine de douche en forme de diamant 2023 offre un m\u00e9lange de design innovant, de mat\u00e9riaux haut de gamme et de fonctionnalit\u00e9s bien pens\u00e9es, transformant votre exp\u00e9rience de douche en un refuge luxueux et fonctionnel.<\/p>\n<p style=\"text-align:center\"><img decoding=\"async\" src=\"https:\/\/ghgalaxyhome.com\/wp-content\/uploads\/2024\/06\/file_01692583259332.jpg?x-oss-process=image\/resize,m_lfit,w_1224\/format,webp\/quality,80\" alt=\"\" data-src=\"https:\/\/ghgalaxyhome.com\/wp-content\/uploads\/2024\/06\/file_01692583259332.jpg\" class=\"img-self show_imgss\"><\/p>\n<p><\/p>\n<p style=\"text-align: left\"><span style=\"text-decoration: none;font-size: 18px\"><\/span><\/p>\n<p style=\"text-align: left\"><span style=\"text-decoration: none;font-size: 18px\"><\/span><\/p>\n<table>\n<tbody>\n<tr class=\"firstRow\">\n<td width=\"234\" valign=\"top\">Marque du produit<\/td>\n<td width=\"234\" valign=\"top\">Accueil Galaxie<\/td>\n<td width=\"234\" valign=\"top\">Style de conception<\/td>\n<td width=\"234\" valign=\"top\">Moderne<\/td>\n<\/tr>\n<tr>\n<td width=\"234\" valign=\"top\">type de produit<\/td>\n<td width=\"234\" valign=\"top\">Cabine de douche<\/td>\n<td width=\"234\" valign=\"top\">Style ouvert<\/td>\n<td width=\"234\" valign=\"top\">Glissement<\/td>\n<\/tr>\n<tr>\n<td width=\"234\" valign=\"top\">garantie<\/td>\n<td width=\"234\" valign=\"top\">3 ann\u00e9es<\/td>\n<td width=\"234\" valign=\"top\">Lieu d&#039;origine<\/td>\n<td width=\"234\" valign=\"top\">Foshan, Chine<\/td>\n<\/tr>\n<tr>\n<td width=\"234\" valign=\"top\">Mat\u00e9riau du plateau<\/td>\n<td width=\"234\" valign=\"top\">Acier inoxydable 304<\/td>\n<td width=\"234\" valign=\"top\">Style de cadre<\/td>\n<td width=\"234\" valign=\"top\">Avec cadre<\/td>\n<\/tr>\n<tr>\n<td width=\"234\" valign=\"top\">Type de verre<\/td>\n<td width=\"234\" valign=\"top\">8MM\/onde lumineuse (transparente)<\/td>\n<td width=\"234\" valign=\"top\">Style d&#039;apparence<\/td>\n<td width=\"234\" valign=\"top\">Droit<\/td>\n<\/tr>\n<tr>\n<td width=\"234\" valign=\"top\">Taille<\/td>\n<td width=\"234\" valign=\"top\">Taille personnalis\u00e9e<\/td>\n<td width=\"234\" valign=\"top\">Mat\u00e9riau du panneau<\/td>\n<td width=\"234\" valign=\"top\">Verre tremp\u00e9<\/td>\n<\/tr>\n<tr>\n<td width=\"234\" valign=\"top\">D\u00e9lai de livraison<\/td>\n<td width=\"234\" valign=\"top\">30-40 jours<\/td>\n<td width=\"234\" valign=\"top\">Forme<\/td>\n<td width=\"234\" valign=\"top\">En forme de rectangle<\/td>\n<\/tr>\n<\/tbody>\n<\/table>\n<p style=\"text-align: center\">\n<p style=\"text-align: center\"><img decoding=\"async\" src=\"https:\/\/ghgalaxyhome.com\/wp-content\/uploads\/2024\/06\/file_01686042185861.jpg?x-oss-process=image\/resize,m_lfit,w_1224\/format,webp\/quality,80\" alt=\"\" data-src=\"https:\/\/ghgalaxyhome.com\/wp-content\/uploads\/2024\/06\/file_01686042185861.jpg\" class=\"img-self show_imgss\"><\/p>\n<p style=\"text-align: center\"><\/p>\n<div class=\"text-center d-tem20-title border-color d-interval\" data-detail=\"wrap\">\n<div class=\"title-header\">\n<div class=\"title font-color\"><span style=\"font-size: 24px\"><strong>FAQ<\/strong><\/span><\/div>\n<\/div>\n<\/div>\n<div class=\"de_m_faq_5 cont_section\">\n<ul class=\"_ul\">\n<li class=\"_li\">\n<div class=\"li_head\">1.Quels types de produits pouvez-vous fournir\u00a0?<\/div>\n<div class=\"li_con\">Les principaux produits de GALAXY HOME sont les vanit\u00e9s de salle de bain, les armoires de cuisine, les baignoires, les robinets de lavabo, les pommes de douche, les cabines de douche, les toilettes et les accessoires de salle de bain.<\/div>\n<\/li>\n<li class=\"_li\">\n<div class=\"li_head\">2.La personnalisation est-elle possible ?<\/div>\n<div class=\"li_con\">Oui. Nous avons une \u00e9quipe professionnelle de conception et de production avec une riche exp\u00e9rience. Faites-nous part de vos demandes et nous vous proposons une solution.<\/div>\n<\/li>\n<li class=\"_li\">\n<div class=\"li_head\">3.L&#039;ODM ou l&#039;OEM sont-ils acceptables\u00a0?<\/div>\n<div class=\"li_con\">Oui. Gr\u00e2ce \u00e0 notre exp\u00e9rience de production et d&#039;exportation depuis au moins 20 ans, nous avons termin\u00e9 de nombreuses commandes ODM et OEM au cours des derni\u00e8res ann\u00e9es. Notre usine couvre une superficie de 40 000\u00a0?O avec des lignes de production avanc\u00e9es. Notre capacit\u00e9 \u00e0 faire des ODM et des OEM est digne de confiance.<\/div>\n<\/li>\n<li class=\"_li\">\n<div class=\"li_head\">4. De quels certificats de produits disposez-vous\u00a0?<\/div>\n<div class=\"li_con\">Les produits GALAXY HOME ont \u00e9t\u00e9 certifi\u00e9s par SGS, CNAS, CMA, CAL et jlac-mra. Des certificats ont \u00e9t\u00e9 d\u00e9livr\u00e9s.<\/div>\n<\/li>\n<li class=\"_li\">\n<div class=\"li_head\">5.Comment puis-je obtenir le dernier prix ?<\/div>\n<div class=\"li_con\">Les clients peuvent cliquer sur le bouton Contactez-nous pour nous envoyer une demande. Nous citons g\u00e9n\u00e9ralement dans les 24 heures pendant les jours ouvrables. Vous pouvez \u00e9galement nous envoyer un e-mail ou Whatspp directement si vous souhaitez une r\u00e9ponse rapide. L&#039;adresse e-mail est info@ghgalaxyhome.com et le num\u00e9ro de t\u00e9l\u00e9phone est le 86-17722731431.<\/div>\n<\/li>\n<li class=\"_li\">\n<div class=\"li_head\">6.Puis-je acheter des \u00e9chantillons ?<\/div>\n<div class=\"li_con\">Oui. Des d\u00e9tails tels que le fret et le d\u00e9lai de livraison peuvent \u00eatre discut\u00e9s.<\/div>\n<\/li>\n<li class=\"_li\">\n<div class=\"li_head\">7.Quel est le d\u00e9lai d&#039;ex\u00e9cution ??<\/div>\n<div class=\"li_con\">Le d\u00e9lai de livraison d\u00e9pend de la quantit\u00e9 command\u00e9e et du stock. G\u00e9n\u00e9ralement, il faut compter 7 \u00e0 15 jours pour des stocks ad\u00e9quats et environ 40 jours pour des stocks faibles.<\/div>\n<\/li>\n<li class=\"_li\">\n<div class=\"li_head\">8.Quel est le mode de livraison ?<\/div>\n<div class=\"li_con\">Les produits peuvent \u00eatre livr\u00e9s par voie maritime, a\u00e9rienne ou express (EMS, UPS, DHL, TNT, FEDEX, etc.). Veuillez nous parler avant de passer des commandes.<\/div>\n<\/li>\n<li class=\"_li\">\n<div class=\"li_head\">9.Comment puis-je payer ? Quel est le mode de paiement ?<\/div>\n<div class=\"li_con\">T\/T, L\/C, Western Union, Moneygram, Paypal sont tous acceptables.<\/div>\n<\/li>\n<li class=\"_li\">\n<div class=\"li_head\">10.Que pouvez-vous faire pour assurer la qualit\u00e9 ?<\/div>\n<div class=\"li_con\">Le service d\u2019inspection qualit\u00e9 de notre usine v\u00e9rifie chaque aspect de la production. Nous vous tiendrons \u00e9galement inform\u00e9s par des photos et des vid\u00e9os pour nous assurer que chaque d\u00e9tail est r\u00e9gl\u00e9. Nous resterons toujours en contact avec les acheteurs en cas de question.<\/div>\n<\/li>\n<\/ul>\n<\/div>\n<p><\/p>\n<p><\/p>\n<p><\/p>\n<p><\/p>\n<p><\/p>\n<\/p><\/div>","protected":false},"excerpt":{"rendered":"<p>Cabine de douche en forme de diamant 2023. Ce design innovant allie \u00e9l\u00e9gance et fonctionnalit\u00e9. Les panneaux en verre tremp\u00e9 sont non seulement durables, mais pr\u00e9sentent \u00e9galement des d\u00e9corations complexes en fibre de verre, am\u00e9liorant l&#039;intimit\u00e9 tout en conservant un sentiment d&#039;ouverture. La porte battante \u00e0 charni\u00e8re offre un acc\u00e8s et une fonctionnalit\u00e9 faciles, permettant une entr\u00e9e en douceur et sans effort. sortie.<\/p>","protected":false},"featured_media":29572,"comment_status":"open","ping_status":"closed","template":"","meta":[],"product_brand":[],"product_cat":[23],"product_tag":[],"class_list":{"0":"post-29544","1":"product","2":"type-product","3":"status-publish","4":"has-post-thumbnail","6":"product_cat-products-40763","8":"first","9":"instock","10":"shipping-taxable","11":"product-type-simple"},"_links":{"self":[{"href":"https:\/\/ghgalaxyhome.com\/fr\/wp-json\/wp\/v2\/product\/29544","targetHints":{"allow":["GET"]}}],"collection":[{"href":"https:\/\/ghgalaxyhome.com\/fr\/wp-json\/wp\/v2\/product"}],"about":[{"href":"https:\/\/ghgalaxyhome.com\/fr\/wp-json\/wp\/v2\/types\/product"}],"replies":[{"embeddable":true,"href":"https:\/\/ghgalaxyhome.com\/fr\/wp-json\/wp\/v2\/comments?post=29544"}],"version-history":[{"count":2,"href":"https:\/\/ghgalaxyhome.com\/fr\/wp-json\/wp\/v2\/product\/29544\/revisions"}],"predecessor-version":[{"id":29619,"href":"https:\/\/ghgalaxyhome.com\/fr\/wp-json\/wp\/v2\/product\/29544\/revisions\/29619"}],"wp:featuredmedia":[{"embeddable":true,"href":"https:\/\/ghgalaxyhome.com\/fr\/wp-json\/wp\/v2\/media\/29572"}],"wp:attachment":[{"href":"https:\/\/ghgalaxyhome.com\/fr\/wp-json\/wp\/v2\/media?parent=29544"}],"wp:term":[{"taxonomy":"product_brand","embeddable":true,"href":"https:\/\/ghgalaxyhome.com\/fr\/wp-json\/wp\/v2\/product_brand?post=29544"},{"taxonomy":"product_cat","embeddable":true,"href":"https:\/\/ghgalaxyhome.com\/fr\/wp-json\/wp\/v2\/product_cat?post=29544"},{"taxonomy":"product_tag","embeddable":true,"href":"https:\/\/ghgalaxyhome.com\/fr\/wp-json\/wp\/v2\/product_tag?post=29544"}],"curies":[{"name":"wp","href":"https:\/\/api.w.org\/{rel}","templated":true}]}}