{"id":29478,"date":"2024-06-09T12:42:44","date_gmt":"2024-06-09T12:42:44","guid":{"rendered":"https:\/\/ghgalaxyhome.com\/?post_type=product&#038;p=29478"},"modified":"2024-06-09T16:26:56","modified_gmt":"2024-06-09T16:26:56","slug":"products-detail-3563142","status":"publish","type":"product","link":"https:\/\/ghgalaxyhome.com\/fr\/video\/products-detail-3563142","title":{"rendered":"Cabines de douche coulissantes sans cadre 2023\u00a0: d\u00e9couvrez les derni\u00e8res nouveaut\u00e9s en mati\u00e8re de conception de douche | Galaxy Home"},"content":{"rendered":"<div class=\"cons_box ls-product\">\n<p style=\"text-align: center\"><\/p>\n<div class=\"text-center d-tem20-title border-color d-interval\" data-detail=\"wrap\">\n<div class=\"title-header\">\n<div class=\"title font-color\"><span style=\"font-size: 24px\"><strong>\u00c0 propos de ce produit<\/strong><\/span><\/div>\n<div class=\"description\">D\u00e9tails importants<\/div>\n<\/div>\n<\/div>\n<p style=\"text-align: left\"><span style=\"font-size: 24px\"><\/span><\/p>\n<p><strong>Design moderne et \u00e9l\u00e9gant :<\/strong> Les cabines de douche coulissantes sans cadre ont une apparence minimaliste et contemporaine, rehaussant l&#039;esth\u00e9tique globale de la salle de bain.<\/p>\n<p><strong>Sensation d&#039;espace\u00a0:<\/strong> L\u2019absence de cadres volumineux cr\u00e9e une sensation plus ouverte et plus spacieuse \u00e0 l\u2019int\u00e9rieur de la douche, faisant para\u00eetre la salle de bain plus grande.<\/p>\n<p><strong>Nettoyage facile\u00a0:<\/strong> Avec moins de pi\u00e8ces m\u00e9talliques et de crevasses, les bo\u00eetiers sans cadre sont plus faciles \u00e0 nettoyer et \u00e0 entretenir, r\u00e9duisant ainsi les risques d&#039;accumulation de moisissures et de r\u00e9sidus de savon.<\/p>\n<p><strong>Durabilit\u00e9 am\u00e9lior\u00e9e\u00a0: <\/strong>Les parois de douche sans cadre sont souvent fabriqu\u00e9es \u00e0 partir de verre tremp\u00e9 de haute qualit\u00e9, ce qui les rend plus r\u00e9sistantes \u00e0 la casse et offre une meilleure long\u00e9vit\u00e9.<\/p>\n<p><strong>Personnalisable\u00a0: <\/strong>Les cabines sans cadre peuvent \u00eatre construites sur mesure pour s&#039;adapter \u00e0 des espaces de douche sp\u00e9cifiques, permettant plus de flexibilit\u00e9 dans la conception et l&#039;agencement.<\/p>\n<p><strong>\u00c9tanch\u00e9it\u00e9 \u00e0 l&#039;eau\u00a0:<\/strong> Lorsqu\u2019elles sont install\u00e9es correctement, les portes coulissantes sans cadre peuvent offrir une excellente \u00e9tanch\u00e9it\u00e9, emp\u00eachant l\u2019eau de s\u2019\u00e9chapper \u00e0 l\u2019ext\u00e9rieur de la zone de douche.<\/p>\n<p><strong>S\u00e9curit\u00e9:<\/strong> Le verre tremp\u00e9 utilis\u00e9 dans les bo\u00eetiers sans cadre est con\u00e7u pour se briser en petits morceaux inoffensifs s&#039;il est bris\u00e9, r\u00e9duisant ainsi le risque de blessure.<\/p>\n<p>Dans l\u2019ensemble, une cabine de douche coulissante sans cadre offre une combinaison de style, de fonctionnalit\u00e9 et de durabilit\u00e9, ce qui en fait un choix populaire pour les salles de bains modernes.<\/p>\n<p style=\"text-align:center\"><img decoding=\"async\" src=\"https:\/\/ghgalaxyhome.com\/wp-content\/uploads\/2024\/06\/file_31691032947775.jpg?x-oss-process=image\/resize,m_lfit,w_1224\/format,webp\/quality,80\" alt=\"\" data-src=\"https:\/\/ghgalaxyhome.com\/wp-content\/uploads\/2024\/06\/file_31691032947775.jpg\" class=\"img-self show_imgss\"><\/p>\n<p><\/p>\n<p style=\"text-align: left\"><span style=\"text-decoration: none;font-size: 18px\"><\/span><\/p>\n<p style=\"text-align: left\"><span style=\"text-decoration: none;font-size: 18px\"><\/span><\/p>\n<p>Forme du plateau<\/p>\n<table>\n<tbody>\n<tr class=\"firstRow\">\n<td width=\"234\" valign=\"top\">Marque du produit<\/td>\n<td width=\"234\" valign=\"top\">Accueil Galaxie<\/td>\n<td width=\"234\" valign=\"top\">Style de conception<\/td>\n<td width=\"234\" valign=\"top\">Moderne<\/td>\n<\/tr>\n<tr>\n<td width=\"234\" valign=\"top\">type de produit<\/td>\n<td width=\"234\" valign=\"top\">Salle de bain<\/td>\n<td width=\"234\" valign=\"top\">Num\u00e9ro de mod\u00e8le<\/td>\n<td width=\"234\" valign=\"top\">SE20440<\/td>\n<\/tr>\n<tr>\n<td width=\"234\" valign=\"top\">garantie<\/td>\n<td width=\"234\" valign=\"top\">3 ann\u00e9es<\/td>\n<td width=\"234\" valign=\"top\">Lieu d&#039;origine<\/td>\n<td width=\"234\" valign=\"top\">Foshan, Chine<\/td>\n<\/tr>\n<tr>\n<td width=\"234\" valign=\"top\">Style de cadre<\/td>\n<td width=\"234\" valign=\"top\">Sans cadre<\/td>\n<td width=\"234\" valign=\"top\">\u00c9paisseur du verre<\/td>\n<td width=\"234\" valign=\"top\">10mm<\/td>\n<\/tr>\n<tr>\n<td width=\"234\" valign=\"top\">Style ouvert<\/td>\n<td width=\"234\" valign=\"top\">Glissement<\/td>\n<td width=\"234\" valign=\"top\">Style d&#039;apparence<\/td>\n<td width=\"234\" valign=\"top\">Droit<\/td>\n<\/tr>\n<tr>\n<td width=\"234\" valign=\"top\">Forme du plateau<\/td>\n<td width=\"234\" valign=\"top\">Rectangle<\/td>\n<td width=\"234\" valign=\"top\">Conception du verre<\/td>\n<td width=\"234\" valign=\"top\">Onde lumineuse<\/td>\n<\/tr>\n<tr>\n<td width=\"234\" valign=\"top\">Taille<\/td>\n<td width=\"234\" valign=\"top\">Personnalis\u00e9<\/td>\n<td width=\"234\" valign=\"top\">Usage<\/td>\n<td width=\"234\" valign=\"top\">Salle de bain de la maison<\/td>\n<\/tr>\n<\/tbody>\n<\/table>\n<p style=\"text-align: center\">\n<p style=\"text-align: center\"><img decoding=\"async\" src=\"https:\/\/ghgalaxyhome.com\/wp-content\/uploads\/2024\/06\/file_01686042185861.jpg?x-oss-process=image\/resize,m_lfit,w_1224\/format,webp\/quality,80\" alt=\"\" data-src=\"https:\/\/ghgalaxyhome.com\/wp-content\/uploads\/2024\/06\/file_01686042185861.jpg\" class=\"img-self show_imgss\"><img decoding=\"async\" src=\"https:\/\/ghgalaxyhome.com\/wp-content\/uploads\/2024\/06\/file_11686042185861.jpg?x-oss-process=image\/resize,m_lfit,w_1224\/format,webp\/quality,80\" alt=\"\" data-src=\"https:\/\/ghgalaxyhome.com\/wp-content\/uploads\/2024\/06\/file_11686042185861.jpg\" class=\"img-self show_imgss\"><\/p>\n<p style=\"text-align: center\"><\/p>\n<div class=\"text-center d-tem20-title border-color d-interval\" data-detail=\"wrap\">\n<div class=\"title-header\">\n<div class=\"title font-color\"><span style=\"font-size: 24px\"><strong>FAQ<\/strong><\/span><\/div>\n<\/div>\n<\/div>\n<div class=\"de_m_faq_5 cont_section\">\n<ul class=\"_ul\">\n<li class=\"_li\">\n<div class=\"li_head\">1.Quels types de produits pouvez-vous fournir\u00a0?<\/div>\n<div class=\"li_con\">Les principaux produits de GALAXY HOME sont les vanit\u00e9s de salle de bain, les armoires de cuisine, les baignoires, les robinets de lavabo, les pommes de douche, les cabines de douche, les toilettes et les accessoires de salle de bain.<\/div>\n<\/li>\n<li class=\"_li\">\n<div class=\"li_head\">2.La personnalisation est-elle possible ?<\/div>\n<div class=\"li_con\">Oui. Nous avons une \u00e9quipe professionnelle de conception et de production avec une riche exp\u00e9rience. Faites-nous part de vos demandes et nous vous proposons une solution.<\/div>\n<\/li>\n<li class=\"_li\">\n<div class=\"li_head\">3.L&#039;ODM ou l&#039;OEM sont-ils acceptables\u00a0?<\/div>\n<div class=\"li_con\">Oui. Gr\u00e2ce \u00e0 notre exp\u00e9rience de production et d&#039;exportation depuis au moins 20 ans, nous avons termin\u00e9 de nombreuses commandes ODM et OEM au cours des derni\u00e8res ann\u00e9es. Notre usine couvre une superficie de 40 000\u00a0?O avec des lignes de production avanc\u00e9es. Notre capacit\u00e9 \u00e0 faire des ODM et des OEM est digne de confiance.<\/div>\n<\/li>\n<li class=\"_li\">\n<div class=\"li_head\">4. De quels certificats de produits disposez-vous\u00a0?<\/div>\n<div class=\"li_con\">Les produits GALAXY HOME ont \u00e9t\u00e9 certifi\u00e9s par SGS, CNAS, CMA, CAL et jlac-mra. Des certificats ont \u00e9t\u00e9 d\u00e9livr\u00e9s.<\/div>\n<\/li>\n<li class=\"_li\">\n<div class=\"li_head\">5.Comment puis-je obtenir le dernier prix ?<\/div>\n<div class=\"li_con\">Les clients peuvent cliquer sur le bouton Contactez-nous pour nous envoyer une demande. Nous citons g\u00e9n\u00e9ralement dans les 24 heures pendant les jours ouvrables. Vous pouvez \u00e9galement nous envoyer un e-mail ou Whatspp directement si vous souhaitez une r\u00e9ponse rapide. L&#039;adresse e-mail est info@ghgalaxyhome.com et le num\u00e9ro de t\u00e9l\u00e9phone est le 86-17722731431.<\/div>\n<\/li>\n<li class=\"_li\">\n<div class=\"li_head\">6.Puis-je acheter des \u00e9chantillons ?<\/div>\n<div class=\"li_con\">Oui. Des d\u00e9tails tels que le fret et le d\u00e9lai de livraison peuvent \u00eatre discut\u00e9s.<\/div>\n<\/li>\n<li class=\"_li\">\n<div class=\"li_head\">7.Quel est le d\u00e9lai d&#039;ex\u00e9cution ??<\/div>\n<div class=\"li_con\">Le d\u00e9lai de livraison d\u00e9pend de la quantit\u00e9 command\u00e9e et du stock. G\u00e9n\u00e9ralement, il faut compter 7 \u00e0 15 jours pour des stocks ad\u00e9quats et environ 40 jours pour des stocks faibles.<\/div>\n<\/li>\n<li class=\"_li\">\n<div class=\"li_head\">8.Quel est le mode de livraison ?<\/div>\n<div class=\"li_con\">Les produits peuvent \u00eatre livr\u00e9s par voie maritime, a\u00e9rienne ou express (EMS, UPS, DHL, TNT, FEDEX, etc.). Veuillez nous parler avant de passer des commandes.<\/div>\n<\/li>\n<li class=\"_li\">\n<div class=\"li_head\">9.Comment puis-je payer ? Quel est le mode de paiement ?<\/div>\n<div class=\"li_con\">T\/T, L\/C, Western Union, Moneygram, Paypal sont tous acceptables.<\/div>\n<\/li>\n<li class=\"_li\">\n<div class=\"li_head\">10.Que pouvez-vous faire pour assurer la qualit\u00e9 ?<\/div>\n<div class=\"li_con\">Le service d\u2019inspection qualit\u00e9 de notre usine v\u00e9rifie chaque aspect de la production. Nous vous tiendrons \u00e9galement inform\u00e9s par des photos et des vid\u00e9os pour nous assurer que chaque d\u00e9tail est r\u00e9gl\u00e9. Nous resterons toujours en contact avec les acheteurs en cas de question.<\/div>\n<\/li>\n<\/ul>\n<\/div>\n<p><\/p>\n<p><\/p>\n<p><\/p>\n<p><\/p>\n<p><\/p>\n<p><\/p>\n<p><\/p>\n<\/p><\/div>","protected":false},"excerpt":{"rendered":"<p>Les cabines de douche coulissantes sans cadre ont une apparence minimaliste et contemporaine, am\u00e9liorant l&#039;esth\u00e9tique globale de la salle de bain. L&#039;absence de cadres encombrants cr\u00e9e une sensation plus ouverte et plus spacieuse \u00e0 l&#039;int\u00e9rieur de la douche, faisant para\u00eetre la salle de bain plus grande. Les cabines de douche sans cadre peuvent \u00eatre construites sur mesure pour s&#039;adapter des espaces de douche sp\u00e9cifiques, permettant plus de flexibilit\u00e9 dans la conception et l&#039;am\u00e9nagement.<\/p>","protected":false},"featured_media":29454,"comment_status":"open","ping_status":"closed","template":"","meta":[],"product_brand":[],"product_cat":[23],"product_tag":[],"class_list":{"0":"post-29478","1":"product","2":"type-product","3":"status-publish","4":"has-post-thumbnail","6":"product_cat-products-40763","8":"first","9":"instock","10":"shipping-taxable","11":"product-type-simple"},"_links":{"self":[{"href":"https:\/\/ghgalaxyhome.com\/fr\/wp-json\/wp\/v2\/product\/29478","targetHints":{"allow":["GET"]}}],"collection":[{"href":"https:\/\/ghgalaxyhome.com\/fr\/wp-json\/wp\/v2\/product"}],"about":[{"href":"https:\/\/ghgalaxyhome.com\/fr\/wp-json\/wp\/v2\/types\/product"}],"replies":[{"embeddable":true,"href":"https:\/\/ghgalaxyhome.com\/fr\/wp-json\/wp\/v2\/comments?post=29478"}],"version-history":[{"count":2,"href":"https:\/\/ghgalaxyhome.com\/fr\/wp-json\/wp\/v2\/product\/29478\/revisions"}],"predecessor-version":[{"id":29635,"href":"https:\/\/ghgalaxyhome.com\/fr\/wp-json\/wp\/v2\/product\/29478\/revisions\/29635"}],"wp:featuredmedia":[{"embeddable":true,"href":"https:\/\/ghgalaxyhome.com\/fr\/wp-json\/wp\/v2\/media\/29454"}],"wp:attachment":[{"href":"https:\/\/ghgalaxyhome.com\/fr\/wp-json\/wp\/v2\/media?parent=29478"}],"wp:term":[{"taxonomy":"product_brand","embeddable":true,"href":"https:\/\/ghgalaxyhome.com\/fr\/wp-json\/wp\/v2\/product_brand?post=29478"},{"taxonomy":"product_cat","embeddable":true,"href":"https:\/\/ghgalaxyhome.com\/fr\/wp-json\/wp\/v2\/product_cat?post=29478"},{"taxonomy":"product_tag","embeddable":true,"href":"https:\/\/ghgalaxyhome.com\/fr\/wp-json\/wp\/v2\/product_tag?post=29478"}],"curies":[{"name":"wp","href":"https:\/\/api.w.org\/{rel}","templated":true}]}}