{"id":29475,"date":"2024-06-09T12:42:43","date_gmt":"2024-06-09T12:42:43","guid":{"rendered":"https:\/\/ghgalaxyhome.com\/?post_type=product&#038;p=29475"},"modified":"2024-06-09T16:26:56","modified_gmt":"2024-06-09T16:26:56","slug":"products-detail-3721938","status":"publish","type":"product","link":"https:\/\/ghgalaxyhome.com\/fr\/video\/products-detail-3721938","title":{"rendered":"cabine de douche avec cadres en acier inoxydable 304 et fournisseurs de cabines de douche | Galaxy Home"},"content":{"rendered":"<div class=\"cons_box ls-product\">\n<p style=\"text-align: center\"><\/p>\n<div class=\"text-center d-tem20-title border-color d-interval\" data-detail=\"wrap\">\n<div class=\"title-header\">\n<div class=\"title font-color\"><span style=\"font-size: 24px\"><strong>\u00c0 propos de ce produit<\/strong><\/span><\/div>\n<div class=\"description\">D\u00e9tails importants<\/div>\n<\/div>\n<\/div>\n<p style=\"text-align: left\"><span style=\"font-size: 24px\"><\/span><\/p>\n<p>Les cabines de douche coulissantes \u00e0 cadre en acier inoxydable offrent une gamme d&#039;avantages qui en font un choix privil\u00e9gi\u00e9 pour de nombreuses configurations de salle de bains\u00a0:<\/p>\n<p>Durabilit\u00e9 robuste : les cadres en acier inoxydable offrent une solidit\u00e9 et une r\u00e9sistance \u00e0 la corrosion exceptionnelles, garantissant une longue dur\u00e9e de vie \u00e0 la cabine de douche.<\/p>\n<p>Esth\u00e9tique intemporelle : L&#039;apparence \u00e9l\u00e9gante et moderne des cadres en acier inoxydable ajoute une touche d&#039;\u00e9l\u00e9gance \u00e0 la salle de bain tout en conservant un design classique et intemporel.<\/p>\n<p>Stabilit\u00e9 et support : les cadres en acier inoxydable offrent un support structurel robuste, garantissant la stabilit\u00e9 de l&#039;ensemble du bo\u00eetier et am\u00e9liorant la s\u00e9curit\u00e9 de l&#039;utilisateur.<\/p>\n<p>Vari\u00e9t\u00e9 de finitions : les cadres en acier inoxydable sont disponibles en diff\u00e9rentes finitions, permettant aux propri\u00e9taires de choisir un look qui compl\u00e8te le d\u00e9cor et le style de leur salle de bain.<\/p>\n<p>Entretien facile : l&#039;acier inoxydable est facile \u00e0 nettoyer et \u00e0 entretenir, n\u00e9cessitant un minimum d&#039;effort pour conserver son \u00e9clat et son apparence intacts.<\/p>\n<p>Personnalisation\u00a0: Ces enceintes peuvent \u00eatre adapt\u00e9es pour s\u2019adapter \u00e0 diff\u00e9rents espaces et configurations de douche, s\u2019adaptant ainsi \u00e0 diverses configurations de salle de bains.<\/p>\n<p>Conception polyvalente : les enceintes \u00e0 cadre en acier inoxydable s&#039;int\u00e8grent parfaitement \u00e0 diff\u00e9rents styles de douche et de salle de bain, offrant une polyvalence de conception.<\/p>\n<p>R\u00e9sistant aux facteurs environnementaux : la r\u00e9sistance de l\u2019acier inoxydable \u00e0 l\u2019humidit\u00e9 et \u00e0 l\u2019humidit\u00e9 le rend adapt\u00e9 aux environnements humides comme les salles de bains.<\/p>\n<p>Valeur am\u00e9lior\u00e9e\u00a0: La combinaison de durabilit\u00e9 et d\u2019esth\u00e9tique offerte par les enceintes \u00e0 cadre en acier inoxydable peut ajouter de la valeur \u00e0 la propri\u00e9t\u00e9 dans son ensemble.<\/p>\n<p>Long\u00e9vit\u00e9 : La r\u00e9sistance de l\u2019acier inoxydable \u00e0 la rouille et \u00e0 l\u2019usure garantit que le cadre conserve son int\u00e9grit\u00e9 au fil du temps, m\u00eame dans des environnements tr\u00e8s humides.<\/p>\n<p>En conclusion, les cabines de douche coulissantes avec cadre en acier inoxydable allient durabilit\u00e9, style et fonctionnalit\u00e9, ce qui en fait un choix fiable et visuellement attrayant pour une large gamme de salles de bains.<\/p>\n<p style=\"text-align:center\"><img decoding=\"async\" src=\"https:\/\/ghgalaxyhome.com\/wp-content\/uploads\/2024\/06\/file_11693272385766.jpg?x-oss-process=image\/resize,m_lfit,w_1224\/format,webp\/quality,80\" alt=\"\" data-src=\"https:\/\/ghgalaxyhome.com\/wp-content\/uploads\/2024\/06\/file_11693272385766.jpg\" class=\"img-self show_imgss\"><\/p>\n<p><\/p>\n<p style=\"text-align: left\"><span style=\"text-decoration: none;font-size: 18px\"><\/span><\/p>\n<p style=\"text-align: left\"><span style=\"text-decoration: none;font-size: 18px\"><\/span><\/p>\n<table>\n<tbody>\n<tr class=\"firstRow\">\n<td width=\"234\" valign=\"top\">Marque du produit<\/td>\n<td width=\"234\" valign=\"top\">Accueil Galaxie<\/td>\n<td width=\"234\" valign=\"top\">Style de conception<\/td>\n<td width=\"234\" valign=\"top\">Moderne<\/td>\n<\/tr>\n<tr>\n<td width=\"234\" valign=\"top\">type de produit<\/td>\n<td width=\"234\" valign=\"top\">Cabine de douche<\/td>\n<td width=\"234\" valign=\"top\">Style ouvert<\/td>\n<td width=\"234\" valign=\"top\">Glissement<\/td>\n<\/tr>\n<tr>\n<td width=\"234\" valign=\"top\">garantie<\/td>\n<td width=\"234\" valign=\"top\">3 ann\u00e9es<\/td>\n<td width=\"234\" valign=\"top\">Lieu d&#039;origine<\/td>\n<td width=\"234\" valign=\"top\">Foshan, Chine<\/td>\n<\/tr>\n<tr>\n<td width=\"234\" valign=\"top\">Mat\u00e9riau du plateau<\/td>\n<td width=\"234\" valign=\"top\">Acier inoxydable 304<\/td>\n<td width=\"234\" valign=\"top\">Style de cadre<\/td>\n<td width=\"234\" valign=\"top\">Avec cadre<\/td>\n<\/tr>\n<tr>\n<td width=\"234\" valign=\"top\">Type de verre<\/td>\n<td width=\"234\" valign=\"top\">8MM\/onde lumineuse (transparente)<\/td>\n<td width=\"234\" valign=\"top\">Style d&#039;apparence<\/td>\n<td width=\"234\" valign=\"top\">Droit<\/td>\n<\/tr>\n<tr>\n<td width=\"234\" valign=\"top\">Taille<\/td>\n<td width=\"234\" valign=\"top\">Taille personnalis\u00e9e<\/td>\n<td width=\"234\" valign=\"top\">Mat\u00e9riau du panneau<\/td>\n<td width=\"234\" valign=\"top\">Verre tremp\u00e9<\/td>\n<\/tr>\n<tr>\n<td width=\"234\" valign=\"top\">D\u00e9lai de livraison<\/td>\n<td width=\"234\" valign=\"top\">30-40 jours<\/td>\n<td width=\"234\" valign=\"top\">Forme<\/td>\n<td width=\"234\" valign=\"top\">En forme de rectangle<\/td>\n<\/tr>\n<\/tbody>\n<\/table>\n<p style=\"text-align: center\">\n<p style=\"text-align: center\"><img decoding=\"async\" src=\"https:\/\/ghgalaxyhome.com\/wp-content\/uploads\/2024\/06\/file_01686042185861.jpg?x-oss-process=image\/resize,m_lfit,w_1224\/format,webp\/quality,80\" alt=\"\" data-src=\"https:\/\/ghgalaxyhome.com\/wp-content\/uploads\/2024\/06\/file_01686042185861.jpg\" class=\"img-self show_imgss\"><\/p>\n<p style=\"text-align: center\"><\/p>\n<div class=\"text-center d-tem20-title border-color d-interval\" data-detail=\"wrap\">\n<div class=\"title-header\">\n<div class=\"title font-color\"><span style=\"font-size: 24px\"><strong>FAQ<\/strong><\/span><\/div>\n<\/div>\n<\/div>\n<div class=\"de_m_faq_5 cont_section\">\n<ul class=\"_ul\">\n<li class=\"_li\">\n<div class=\"li_head\">1.Quels types de produits pouvez-vous fournir\u00a0?<\/div>\n<div class=\"li_con\">Les principaux produits de GALAXY HOME sont les vanit\u00e9s de salle de bain, les armoires de cuisine, les baignoires, les robinets de lavabo, les pommes de douche, les cabines de douche, les toilettes et les accessoires de salle de bain.<\/div>\n<\/li>\n<li class=\"_li\">\n<div class=\"li_head\">2.La personnalisation est-elle possible ?<\/div>\n<div class=\"li_con\">Oui. Nous avons une \u00e9quipe professionnelle de conception et de production avec une riche exp\u00e9rience. Faites-nous part de vos demandes et nous vous proposons une solution.<\/div>\n<\/li>\n<li class=\"_li\">\n<div class=\"li_head\">3.L&#039;ODM ou l&#039;OEM sont-ils acceptables\u00a0?<\/div>\n<div class=\"li_con\">Oui. Gr\u00e2ce \u00e0 notre exp\u00e9rience de production et d&#039;exportation depuis au moins 20 ans, nous avons termin\u00e9 de nombreuses commandes ODM et OEM au cours des derni\u00e8res ann\u00e9es. Notre usine couvre une superficie de 40 000\u00a0?O avec des lignes de production avanc\u00e9es. Notre capacit\u00e9 \u00e0 faire des ODM et des OEM est digne de confiance.<\/div>\n<\/li>\n<li class=\"_li\">\n<div class=\"li_head\">4. De quels certificats de produits disposez-vous\u00a0?<\/div>\n<div class=\"li_con\">Les produits GALAXY HOME ont \u00e9t\u00e9 certifi\u00e9s par SGS, CNAS, CMA, CAL et jlac-mra. Des certificats ont \u00e9t\u00e9 d\u00e9livr\u00e9s.<\/div>\n<\/li>\n<li class=\"_li\">\n<div class=\"li_head\">5.Comment puis-je obtenir le dernier prix ?<\/div>\n<div class=\"li_con\">Les clients peuvent cliquer sur le bouton Contactez-nous pour nous envoyer une demande. Nous citons g\u00e9n\u00e9ralement dans les 24 heures pendant les jours ouvrables. Vous pouvez \u00e9galement nous envoyer un e-mail ou Whatspp directement si vous souhaitez une r\u00e9ponse rapide. L&#039;adresse e-mail est info@ghgalaxyhome.com et le num\u00e9ro de t\u00e9l\u00e9phone est le 86-17722731431.<\/div>\n<\/li>\n<li class=\"_li\">\n<div class=\"li_head\">6.Puis-je acheter des \u00e9chantillons ?<\/div>\n<div class=\"li_con\">Oui. Des d\u00e9tails tels que le fret et le d\u00e9lai de livraison peuvent \u00eatre discut\u00e9s.<\/div>\n<\/li>\n<li class=\"_li\">\n<div class=\"li_head\">7.Quel est le d\u00e9lai d&#039;ex\u00e9cution ??<\/div>\n<div class=\"li_con\">Le d\u00e9lai de livraison d\u00e9pend de la quantit\u00e9 command\u00e9e et du stock. G\u00e9n\u00e9ralement, il faut compter 7 \u00e0 15 jours pour des stocks ad\u00e9quats et environ 40 jours pour des stocks faibles.<\/div>\n<\/li>\n<li class=\"_li\">\n<div class=\"li_head\">8.Quel est le mode de livraison ?<\/div>\n<div class=\"li_con\">Les produits peuvent \u00eatre livr\u00e9s par voie maritime, a\u00e9rienne ou express (EMS, UPS, DHL, TNT, FEDEX, etc.). Veuillez nous parler avant de passer des commandes.<\/div>\n<\/li>\n<li class=\"_li\">\n<div class=\"li_head\">9.Comment puis-je payer ? Quel est le mode de paiement ?<\/div>\n<div class=\"li_con\">T\/T, L\/C, Western Union, Moneygram, Paypal sont tous acceptables.<\/div>\n<\/li>\n<li class=\"_li\">\n<div class=\"li_head\">10.Que pouvez-vous faire pour assurer la qualit\u00e9 ?<\/div>\n<div class=\"li_con\">Le service d\u2019inspection qualit\u00e9 de notre usine v\u00e9rifie chaque aspect de la production. Nous vous tiendrons \u00e9galement inform\u00e9s par des photos et des vid\u00e9os pour nous assurer que chaque d\u00e9tail est r\u00e9gl\u00e9. Nous resterons toujours en contact avec les acheteurs en cas de question.<\/div>\n<\/li>\n<\/ul>\n<\/div>\n<p><\/p>\n<p><\/p>\n<p><\/p>\n<p><\/p>\n<p><\/p>\n<\/p><\/div>","protected":false},"excerpt":{"rendered":"<p>Cabines de douche \u00e0 cadre en acier inoxydable\u00a0: fabrication experte de cabines de douche, mat\u00e9riau et couleur de cadre personnalisables, dimensions de la cabine de douche, couleur et \u00e9paisseur du verre. Le cadre est trait\u00e9 avec des proc\u00e9d\u00e9s imperm\u00e9ables et antirouille. Le verre est fabriqu\u00e9 \u00e0 partir de verre tremp\u00e9 de qualit\u00e9 automobile, qui subit un processus de trempe chauff\u00e9 \u00e0 680-720 ??C puis soigneusement refroidi. Le verre de la cabine de douche pr\u00e9sente une haute r\u00e9sistance aux chocs et des qualit\u00e9s antid\u00e9flagrantes : pas moins de 40 particules dans 25 cm2.<\/p>","protected":false},"featured_media":29442,"comment_status":"open","ping_status":"closed","template":"","meta":[],"product_brand":[],"product_cat":[23],"product_tag":[],"class_list":{"0":"post-29475","1":"product","2":"type-product","3":"status-publish","4":"has-post-thumbnail","6":"product_cat-products-40763","8":"first","9":"instock","10":"shipping-taxable","11":"product-type-simple"},"_links":{"self":[{"href":"https:\/\/ghgalaxyhome.com\/fr\/wp-json\/wp\/v2\/product\/29475","targetHints":{"allow":["GET"]}}],"collection":[{"href":"https:\/\/ghgalaxyhome.com\/fr\/wp-json\/wp\/v2\/product"}],"about":[{"href":"https:\/\/ghgalaxyhome.com\/fr\/wp-json\/wp\/v2\/types\/product"}],"replies":[{"embeddable":true,"href":"https:\/\/ghgalaxyhome.com\/fr\/wp-json\/wp\/v2\/comments?post=29475"}],"version-history":[{"count":2,"href":"https:\/\/ghgalaxyhome.com\/fr\/wp-json\/wp\/v2\/product\/29475\/revisions"}],"predecessor-version":[{"id":29639,"href":"https:\/\/ghgalaxyhome.com\/fr\/wp-json\/wp\/v2\/product\/29475\/revisions\/29639"}],"wp:featuredmedia":[{"embeddable":true,"href":"https:\/\/ghgalaxyhome.com\/fr\/wp-json\/wp\/v2\/media\/29442"}],"wp:attachment":[{"href":"https:\/\/ghgalaxyhome.com\/fr\/wp-json\/wp\/v2\/media?parent=29475"}],"wp:term":[{"taxonomy":"product_brand","embeddable":true,"href":"https:\/\/ghgalaxyhome.com\/fr\/wp-json\/wp\/v2\/product_brand?post=29475"},{"taxonomy":"product_cat","embeddable":true,"href":"https:\/\/ghgalaxyhome.com\/fr\/wp-json\/wp\/v2\/product_cat?post=29475"},{"taxonomy":"product_tag","embeddable":true,"href":"https:\/\/ghgalaxyhome.com\/fr\/wp-json\/wp\/v2\/product_tag?post=29475"}],"curies":[{"name":"wp","href":"https:\/\/api.w.org\/{rel}","templated":true}]}}