{"id":39404,"date":"2024-06-10T14:35:17","date_gmt":"2024-06-10T14:35:17","guid":{"rendered":"https:\/\/ghgalaxyhome.com\/?post_type=product&#038;p=39404"},"modified":"2024-06-11T06:13:46","modified_gmt":"2024-06-11T06:13:46","slug":"products-detail-4692984","status":"publish","type":"product","link":"https:\/\/ghgalaxyhome.com\/es\/video\/products-detail-4692984","title":{"rendered":"Fabricantes profesionales de gabinetes y espejos de ba\u00f1o personalizados-Galaxy Home"},"content":{"rendered":"<div class=\"cons_box ls-product\">\n<div class=\"text-center d-tem20-title border-color d-interval\" data-detail=\"wrap\">\n<div class=\"title-header\">\n<div class=\"title font-color\" style=\"text-align: center;\"><strong><span style=\"font-size: 18px;\">Presentaci\u00f3n de productos<\/span><\/strong><\/div>\n<div class=\"description\" style=\"text-align: center;\">Tocador de ba\u00f1o para el hogar Galaxy<\/div>\n<\/div>\n<\/div>\n<p style=\"text-align: center;\"><img decoding=\"async\" class=\"img-self show_imgss\" src=\"https:\/\/ghgalaxyhome.com\/wp-content\/uploads\/2024\/06\/file_01709257944387.jpg?x-oss-process=image\/resize,m_lfit,w_1224\/format,webp\/quality,80\" alt=\"Bathroom Solutions\" data-src=\"https:\/\/ghgalaxyhome.com\/wp-content\/uploads\/2024\/06\/file_01709257944387.jpg\" \/><\/p>\n<table>\n<tbody>\n<tr class=\"firstRow\">\n<td valign=\"top\" width=\"2230\"><strong>Customizing bathroom mirrors and cabinets<\/strong> offers homeowners the opportunity to create personalized, functional, and stylish spaces that cater to their specific needs and preferences. By understanding design options, practical considerations, and incorporating innovative features, you can transform your bathroom into a luxurious retreat that reflects your unique lifestyle. Start your customization journey today and elevate your <a title=\"tocador de ba\u00f1o\" href=\"https:\/\/www.ghgalaxyhome.com\/products-40712\" target=\"_self\" rel=\"noopener\" data-lv=\"0\"><strong>bathroom<\/strong><\/a> experience to new heights of comfort and elegance.<\/td>\n<\/tr>\n<\/tbody>\n<\/table>\n<p>&nbsp;<\/p>\n<table>\n<tbody>\n<tr class=\"firstRow\">\n<td style=\"text-align: center;\" valign=\"top\" width=\"325\">Garant\u00eda<\/td>\n<td style=\"text-align: center;\" valign=\"top\" width=\"325\">2 a\u00f1os<\/td>\n<td style=\"text-align: center;\" valign=\"top\" width=\"325\">Servicio postventa<\/td>\n<td style=\"text-align: center;\" valign=\"top\" width=\"325\">Soporte t\u00e9cnico en l\u00ednea<\/td>\n<\/tr>\n<tr>\n<td style=\"text-align: center;\" valign=\"top\" width=\"325\">Lugar de origen<\/td>\n<td style=\"text-align: center;\" valign=\"top\" width=\"325\">Fosh\u00e1n, China<\/td>\n<td style=\"text-align: center;\" valign=\"top\" width=\"325\">Nombre de la marca<\/td>\n<td style=\"text-align: center;\" valign=\"top\" width=\"325\">Inicio Galaxy<\/td>\n<\/tr>\n<tr>\n<td style=\"text-align: center;\" valign=\"top\" width=\"325\">Estilo<\/td>\n<td style=\"text-align: center;\" valign=\"top\" width=\"325\">Moderno<\/td>\n<td style=\"text-align: center;\" valign=\"top\" width=\"325\">Forma<\/td>\n<td style=\"text-align: center;\" valign=\"top\" width=\"325\">Personalizado<\/td>\n<\/tr>\n<tr>\n<td style=\"text-align: center;\" valign=\"top\" width=\"325\">nombre del producto<\/td>\n<td style=\"text-align: center;\" valign=\"top\" width=\"325\">Espejo y gabinete con espejo<\/td>\n<td style=\"text-align: center;\" valign=\"top\" width=\"325\">Tama\u00f1o<\/td>\n<td style=\"text-align: center;\" valign=\"top\" width=\"325\">Personalizado<\/td>\n<\/tr>\n<tr>\n<td style=\"text-align: center;\" valign=\"top\" width=\"325\">Color<\/td>\n<td style=\"text-align: center;\" valign=\"top\" width=\"325\">Color personalizado<\/td>\n<td style=\"text-align: center;\" valign=\"top\" width=\"325\">Materiales<\/td>\n<td style=\"text-align: center;\" valign=\"top\" width=\"325\">Personalizado<\/td>\n<\/tr>\n<tr>\n<td style=\"text-align: center;\" valign=\"top\" width=\"325\">Caracter\u00edstica<\/td>\n<td style=\"text-align: center;\" valign=\"top\" width=\"325\">Impermeable<\/td>\n<td style=\"text-align: center;\" valign=\"top\" width=\"325\">Uso<\/td>\n<td style=\"text-align: center;\" valign=\"top\" width=\"325\">Muebles de ba\u00f1o para el hogar del hotel<\/td>\n<\/tr>\n<\/tbody>\n<\/table>\n<div class=\"d-tem11-graphic tem11-graphic mockup\" data-detail=\"wrap\">\n<div class=\"tab_row\">\n<div class=\"img\" style=\"width: 50%; text-align: center;\"><a href=\"https:\/\/www.ghgalaxyhome.com\/\" target=\"_blank\" rel=\"noopener\"><img decoding=\"async\" class=\"img-self show_imgss\" src=\"https:\/\/ghgalaxyhome.com\/wp-content\/uploads\/2024\/06\/file_01709258780829.jpg?x-oss-process=image\/resize,m_lfit,w_1224\/format,webp\/quality,80\" alt=\"bathroom vanity with mirror\" data-src=\"https:\/\/ghgalaxyhome.com\/wp-content\/uploads\/2024\/06\/file_01709258780829.jpg\" \/><\/a><\/div>\n<div class=\"text_box\" style=\"width: 50%;\">\n<div class=\"txt\">\n<div class=\"title\" style=\"text-align: left;\"><span style=\"font-size: 18px;\">Understanding the Importance of Customization<\/span><\/div>\n<div class=\"description\">\n<p>&nbsp;<\/p>\n<p style=\"text-align: left;\">\n<p>&nbsp;<\/p>\n<p><span style=\"font-size: 18px;\">Customizing <a title=\"bathroom mirror and mirror cabinet\" href=\"https:\/\/www.ghgalaxyhome.com\/products-81046\" target=\"_self\" rel=\"noopener\" data-lv=\"0\"><strong>bathroom mirrors<\/strong><\/a> and cabinets allows homeowners to optimize space usage and reflect their personal style.<\/span><\/p>\n<p>&nbsp;<\/p>\n<p><span style=\"font-size: 18px;\">Tailored designs can enhance functionality by providing ample storage solutions and incorporating innovative features.<\/span><\/p>\n<p>&nbsp;<\/p>\n<\/div>\n<\/div>\n<\/div>\n<\/div>\n<\/div>\n<div class=\"d-tem12-graphic d-tem11-graphic tem12-graphic tem11-graphic mockup\" data-detail=\"wrap\">\n<div class=\"tab_row\">\n<div class=\"img\" style=\"width: 50%; text-align: center;\"><img decoding=\"async\" class=\"img-self show_imgss\" src=\"https:\/\/ghgalaxyhome.com\/wp-content\/uploads\/2024\/06\/file_01709259109140.jpg?x-oss-process=image\/resize,m_lfit,w_1224\/format,webp\/quality,80\" alt=\"\" data-src=\"https:\/\/ghgalaxyhome.com\/wp-content\/uploads\/2024\/06\/file_01709259109140.jpg\" \/><\/div>\n<div class=\"text_box\" style=\"width: 50%;\">\n<div class=\"txt\">\n<div class=\"title\" style=\"text-align: left;\"><a title=\"custom bathroom\" href=\"https:\/\/www.ghgalaxyhome.com\/service\" target=\"_self\" rel=\"noopener\" data-lv=\"0\"><span style=\"font-size: 18px;\">Design<\/span><\/a><span style=\"font-size: 18px;\"> Options for Bathroom Mirrors<\/span><\/div>\n<div class=\"description\">\n<p style=\"text-align: left;\"><span style=\"font-size: 18px;\">\u00a0<\/span><\/p>\n<p style=\"text-align: left;\">\n<p style=\"text-align: left;\">\n<p style=\"text-align: left;\"><span style=\"font-size: 18px;\">Explore a myriad of <strong>design options<\/strong>, including framed and frameless mirrors, various shapes, and sizes to suit different bathroom layouts and styles.<\/span><\/p>\n<p style=\"text-align: left;\"><span style=\"font-size: 18px;\">Incorporate decorative elements such as beveled edges, etched patterns, or <a title=\"led mirror\" href=\"https:\/\/www.ghgalaxyhome.com\/video\/products-detail-4689136\" target=\"_self\" rel=\"noopener\" data-lv=\"0\"><strong>LED backlighting<\/strong><\/a> to add visual interest and ambiance.<\/span><\/p>\n<p style=\"text-align: left;\">\n<p style=\"text-align: left;\">\n<\/div>\n<\/div>\n<\/div>\n<\/div>\n<\/div>\n<div class=\"d-tem11-graphic tem11-graphic mockup\" data-detail=\"wrap\">\n<div class=\"tab_row\">\n<div class=\"img\" style=\"width: 50%; text-align: center;\"><img decoding=\"async\" class=\"img-self show_imgss\" src=\"https:\/\/ghgalaxyhome.com\/wp-content\/uploads\/2024\/06\/file_01709259329837.jpg?x-oss-process=image\/resize,m_lfit,w_1224\/format,webp\/quality,80\" alt=\"\" data-src=\"https:\/\/ghgalaxyhome.com\/wp-content\/uploads\/2024\/06\/file_01709259329837.jpg\" \/><\/div>\n<div class=\"text_box\" style=\"width: 50%;\">\n<div class=\"txt\">\n<div class=\"title\" style=\"text-align: left;\"><span style=\"font-size: 18px;\">Customization Choices for Bathroom <a title=\"mirror cabinet\" href=\"https:\/\/www.ghgalaxyhome.com\/video\/products-detail-4421825\" target=\"_self\" rel=\"noopener\" data-lv=\"0\">Mirror Cabinets<\/a><\/span><\/div>\n<div class=\"description\">\n<p>&nbsp;<\/p>\n<p style=\"text-align: left;\">\n<p>&nbsp;<\/p>\n<p><span style=\"font-size: 18px;\">Consider the material options for cabinets, from durable MDF to elegant solid wood, ensuring durability and aesthetics meet your preferences.<\/span><\/p>\n<p><span style=\"font-size: 18px;\">\u00a0<\/span><\/p>\n<p><span style=\"font-size: 18px;\">Explore organizational features such as adjustable shelves, pull-out drawers, and built-in lighting to maximize <strong>storage<\/strong> efficiency and usability.<\/span><\/p>\n<p>&nbsp;<\/p>\n<\/div>\n<\/div>\n<\/div>\n<\/div>\n<\/div>\n<p>&nbsp;<\/p>\n<div class=\"de_m_faq_5 cont_section\">\n<div class=\"head_title text-center\">Preguntas m\u00e1s frecuentes<\/div>\n<div class=\"li_con text-center\">Preguntas frecuentes sobre el Plan de Precios<\/div>\n<ul class=\"_ul\">\n<li class=\"_li\">\n<div class=\"li_head\">1. \u00bfQu\u00e9 tipo de productos pueden ofrecer?<\/div>\n<div class=\"li_con\">Los principales productos de GALAXY HOME son tocadores de ba\u00f1o, ba\u00f1eras, grifos de lavabo, cabezales de ducha, mamparas de ducha, inodoros y accesorios de ba\u00f1o.<\/div>\n<\/li>\n<li class=\"_li\">\n<div class=\"li_head\">2.\u00bfEs posible la personalizaci\u00f3n?<\/div>\n<div class=\"li_con\">S\u00ed. Contamos con un equipo profesional de dise\u00f1o y producci\u00f3n con rica experiencia. Cu\u00e9ntanos tus demandas y te ofrecemos una soluci\u00f3n.<\/div>\n<\/li>\n<li class=\"_li\">\n<div class=\"li_head\">3. \u00bfEs aceptable ODM u OEM?<\/div>\n<div class=\"li_con\">S\u00ed. Debido a la experiencia de producci\u00f3n y exportaci\u00f3n de al menos 18 a\u00f1os, hemos finalizado muchos pedidos de ODM y OEM en los \u00faltimos a\u00f1os. Nuestra f\u00e1brica cubre un \u00e1rea de 40000? O con l\u00edneas de producci\u00f3n avanzadas. Nuestra capacidad para hacer ODM y OEM es confiable.<\/div>\n<\/li>\n<li class=\"_li\">\n<div class=\"li_head\">4. \u00bfQu\u00e9 certificados de producto tienes?<\/div>\n<div class=\"li_con\">Los productos GALAXY HOME han sido certificados por SGS, CNAS, CMA, CAL y jlac-mra. Se han emitido certificados.<\/div>\n<\/li>\n<li class=\"_li\">\n<div class=\"li_head\">5. \u00bfC\u00f3mo puedo obtener el precio m\u00e1s reciente?<\/div>\n<div class=\"li_con\">Los clientes pueden hacer clic en el bot\u00f3n Cont\u00e1ctenos para enviarnos una consulta. Generalmente cotizamos dentro de las 24 horas durante los d\u00edas h\u00e1biles. Tambi\u00e9n puedes enviarnos un correo electr\u00f3nico o un WhatsApp directamente si deseas una respuesta r\u00e1pida. La direcci\u00f3n de correo electr\u00f3nico es info@ghgalaxyhome.com y el n\u00famero de tel\u00e9fono es 86-17722731431.<\/div>\n<\/li>\n<li class=\"_li\">\n<div class=\"li_head\">6.\u00bfPuedo comprar muestras?<\/div>\n<div class=\"li_con\">S\u00ed. Se pueden discutir detalles como el flete y el tiempo de entrega.<\/div>\n<\/li>\n<li class=\"_li\">\n<div class=\"li_head\">7. \u00bfCu\u00e1l es el tiempo de entrega?<\/div>\n<div class=\"li_con\">El plazo de entrega depende de la cantidad del pedido y del stock. Generalmente es de 7 a 15 d\u00edas para existencias adecuadas y de unos 30 d\u00edas para existencias bajas.<\/div>\n<\/li>\n<li class=\"_li\">\n<div class=\"li_head\">8. \u00bfCu\u00e1l es la forma de entrega?<\/div>\n<div class=\"li_con\">Los productos pueden entregarse por mar, aire o expreso (EMS, UPS, DHL, TNT, FEDEX, etc.). Por favor hable con nosotros antes de realizar pedidos.<\/div>\n<\/li>\n<li class=\"_li\">\n<div class=\"li_head\">9.\u00bfC\u00f3mo puedo pagar? \u00bfCu\u00e1l es el m\u00e9todo de pago?<\/div>\n<div class=\"li_con\">Se aceptan T\/T, L\/C, Western Union, Moneygram y Paypal.<\/div>\n<\/li>\n<li class=\"_li\">\n<div class=\"li_head\">10.\u00bfQu\u00e9 puedes hacer para asegurar la calidad?<\/div>\n<div class=\"li_con\">El departamento de inspecci\u00f3n de calidad de nuestra f\u00e1brica controla cada aspecto de la producci\u00f3n. Tambi\u00e9n te mantendremos informado mediante fotos y v\u00eddeos para asegurarnos de que cada detalle est\u00e9 solucionado. Siempre nos mantendremos en contacto con los compradores en caso de cualquier pregunta.<\/div>\n<\/li>\n<\/ul>\n<\/div>\n<p>&nbsp;<\/p>\n<p>&nbsp;<\/p>\n<\/div>","protected":false},"excerpt":{"rendered":"<p>Introducing Products Galaxy Home Bathroom Vanity Customizing bathroom mirrors and cabinets offers homeowners the opportunity to create personalized, functional, and<\/p>","protected":false},"featured_media":39135,"comment_status":"open","ping_status":"closed","template":"","meta":[],"product_brand":[],"product_cat":[18],"product_tag":[],"class_list":{"0":"post-39404","1":"product","2":"type-product","3":"status-publish","4":"has-post-thumbnail","6":"product_cat-products-40712","8":"first","9":"instock","10":"shipping-taxable","11":"product-type-simple"},"_links":{"self":[{"href":"https:\/\/ghgalaxyhome.com\/es\/wp-json\/wp\/v2\/product\/39404","targetHints":{"allow":["GET"]}}],"collection":[{"href":"https:\/\/ghgalaxyhome.com\/es\/wp-json\/wp\/v2\/product"}],"about":[{"href":"https:\/\/ghgalaxyhome.com\/es\/wp-json\/wp\/v2\/types\/product"}],"replies":[{"embeddable":true,"href":"https:\/\/ghgalaxyhome.com\/es\/wp-json\/wp\/v2\/comments?post=39404"}],"version-history":[{"count":3,"href":"https:\/\/ghgalaxyhome.com\/es\/wp-json\/wp\/v2\/product\/39404\/revisions"}],"predecessor-version":[{"id":41666,"href":"https:\/\/ghgalaxyhome.com\/es\/wp-json\/wp\/v2\/product\/39404\/revisions\/41666"}],"wp:featuredmedia":[{"embeddable":true,"href":"https:\/\/ghgalaxyhome.com\/es\/wp-json\/wp\/v2\/media\/39135"}],"wp:attachment":[{"href":"https:\/\/ghgalaxyhome.com\/es\/wp-json\/wp\/v2\/media?parent=39404"}],"wp:term":[{"taxonomy":"product_brand","embeddable":true,"href":"https:\/\/ghgalaxyhome.com\/es\/wp-json\/wp\/v2\/product_brand?post=39404"},{"taxonomy":"product_cat","embeddable":true,"href":"https:\/\/ghgalaxyhome.com\/es\/wp-json\/wp\/v2\/product_cat?post=39404"},{"taxonomy":"product_tag","embeddable":true,"href":"https:\/\/ghgalaxyhome.com\/es\/wp-json\/wp\/v2\/product_tag?post=39404"}],"curies":[{"name":"wp","href":"https:\/\/api.w.org\/{rel}","templated":true}]}}