{"id":39375,"date":"2024-06-10T14:34:53","date_gmt":"2024-06-10T14:34:53","guid":{"rendered":"https:\/\/ghgalaxyhome.com\/?post_type=product&#038;p=39375"},"modified":"2024-06-10T15:37:01","modified_gmt":"2024-06-10T15:37:01","slug":"products-detail-4667606","status":"publish","type":"product","link":"https:\/\/ghgalaxyhome.com\/es\/video\/products-detail-4667606","title":{"rendered":"Customized Modern Bathroom Vanity Set manufacturers From China | Galaxy Home"},"content":{"rendered":"<div class=\"cons_box ls-product\">\n<div class=\"text-center d-tem20-title border-color d-interval\" data-detail=\"wrap\">\n<div class=\"title-header\">\n<div class=\"title font-color\" style=\"text-align: center\"><strong><span style=\"font-size: 18px\">Presentaci\u00f3n de productos<\/span><\/strong><\/div>\n<div class=\"description\" style=\"text-align: center\">Tocador de ba\u00f1o para el hogar Galaxy<\/div>\n<\/div>\n<\/div>\n<p style=\"text-align: center\"><img decoding=\"async\" src=\"https:\/\/ghgalaxyhome.com\/wp-content\/uploads\/2024\/06\/file_01706492847440.jpg?x-oss-process=image\/resize,m_lfit,w_1224\/format,webp\/quality,80\" alt=\"\" data-src=\"https:\/\/ghgalaxyhome.com\/wp-content\/uploads\/2024\/06\/file_01706492847440.jpg\" class=\"img-self show_imgss\"><\/p>\n<table>\n<tbody>\n<tr class=\"firstRow\">\n<td width=\"2230\" valign=\"top\">\n<p>Modern Bathroom Vanity Set ?C a perfect blend of style and functionality. The deep gray bathroom cabinet features a main unit with a large drawer and a smaller drawer, both crafted from high-quality solid wood. The drawer panels are thoughtfully designed with towel bars for added convenience.<\/p>\n<p><\/p>\n<p>Elevate your bathroom experience with our customizable Modern Bathroom Vanity Set. Our intelligent mirror and thoughtfully designed cabinet offer a perfect balance of style and practicality. With customizable features and sizing options, we ensure a seamless integration into your unique bathroom space. Choose sophistication and functionality with our modern <a target=\"_blank\" class=\"keyword_link font-color\" href=\"https:\/\/www.ghgalaxyhome.com\/\" title=\"soluci\u00f3n de ba\u00f1o\" rel=\"noopener\">soluci\u00f3n de ba\u00f1o<\/a>s.<\/p>\n<\/td>\n<\/tr>\n<\/tbody>\n<\/table>\n<p><\/p>\n<table>\n<tbody>\n<tr class=\"firstRow\">\n<td width=\"325\" valign=\"top\" style=\"text-align: center\">Garant\u00eda<\/td>\n<td width=\"325\" valign=\"top\" style=\"text-align: center\">2 a\u00f1os<\/td>\n<td width=\"325\" valign=\"top\" style=\"text-align: center\">Servicio postventa<\/td>\n<td width=\"325\" valign=\"top\" style=\"text-align: center\">Soporte t\u00e9cnico en l\u00ednea<\/td>\n<\/tr>\n<tr>\n<td width=\"325\" valign=\"top\" style=\"text-align: center\">Lugar de origen<\/td>\n<td width=\"325\" valign=\"top\" style=\"text-align: center\">Fosh\u00e1n, China<\/td>\n<td width=\"325\" valign=\"top\" style=\"text-align: center\">Nombre de la marca<\/td>\n<td width=\"325\" valign=\"top\" style=\"text-align: center\">Inicio Galaxy<\/td>\n<\/tr>\n<tr>\n<td width=\"325\" valign=\"top\" style=\"text-align: center\">Estilo<\/td>\n<td width=\"325\" valign=\"top\" style=\"text-align: center\">Moderno<\/td>\n<td width=\"325\" valign=\"top\" style=\"text-align: center\">Forma<\/td>\n<td width=\"325\" valign=\"top\" style=\"text-align: center\">Rect\u00e1ngulo<\/td>\n<\/tr>\n<tr>\n<td width=\"325\" valign=\"top\" style=\"text-align: center\">nombre del producto<\/td>\n<td width=\"325\" valign=\"top\" style=\"text-align: center\">Conjunto de gabinetes de ba\u00f1o<\/td>\n<td width=\"325\" valign=\"top\" style=\"text-align: center\">Tama\u00f1o<\/td>\n<td width=\"325\" valign=\"top\" style=\"text-align: center\">Personalizado<\/td>\n<\/tr>\n<tr>\n<td width=\"325\" valign=\"top\" style=\"text-align: center\">Color<\/td>\n<td width=\"325\" valign=\"top\" style=\"text-align: center\">Color personalizado<\/td>\n<td width=\"325\" valign=\"top\" style=\"text-align: center\">Materiales del gabinete<\/td>\n<td width=\"325\" valign=\"top\" style=\"text-align: center\">Personalizado<\/td>\n<\/tr>\n<tr>\n<td width=\"325\" valign=\"top\" style=\"text-align: center\">Caracter\u00edstica<\/td>\n<td width=\"325\" valign=\"top\" style=\"text-align: center\">Impermeable<\/td>\n<td width=\"325\" valign=\"top\" style=\"text-align: center\">Uso<\/td>\n<td width=\"325\" valign=\"top\" style=\"text-align: center\">Muebles de ba\u00f1o para el hogar del hotel<\/td>\n<\/tr>\n<\/tbody>\n<\/table>\n<div class=\"d-tem11-graphic tem11-graphic mockup\" data-detail=\"wrap\">\n<div class=\"tab_row\">\n<div class=\"img\" style=\"width: 50%;text-align: center\"><img decoding=\"async\" src=\"https:\/\/ghgalaxyhome.com\/wp-content\/uploads\/2024\/06\/file_11706491681280.jpg?x-oss-process=image\/resize,m_lfit,w_1224\/format,webp\/quality,80\" alt=\"\" data-src=\"https:\/\/ghgalaxyhome.com\/wp-content\/uploads\/2024\/06\/file_11706491681280.jpg\" class=\"img-self show_imgss\"><\/div>\n<div class=\"text_box\" style=\"width:50%\">\n<div class=\"txt\">\n<div class=\"title\" style=\"text-align: left\"><span style=\"font-size: 18px\">Customizable Bathroom Cabinet<\/span><\/div>\n<div class=\"description\">\n<p><\/p>\n<p style=\"text-align: left\"><span style=\"font-size: 18px\"><\/span><\/p>\n<p><span style=\"font-size: 18px\"><\/span><\/p>\n<p><span style=\"font-size: 18px\">Choose from a variety of materials for the cabinet body, including solid wood, paint-free solid wood panels, painted finishes, and wood veneer.<\/span><\/p>\n<p><\/p>\n<p><span style=\"font-size: 18px\">Personalize the cabinet further by selecting the desired paint color or wood veneer to match your bathroom aesthetics.<\/span><\/p>\n<p><span style=\"font-size: 18px\"><\/span><\/p>\n<p style=\"text-align: left\"><span style=\"font-size: 18px\"><\/span><\/p>\n<\/div>\n<\/div>\n<\/div>\n<\/div>\n<\/div>\n<div class=\"d-tem12-graphic d-tem11-graphic tem12-graphic tem11-graphic mockup\" data-detail=\"wrap\">\n<div class=\"tab_row\">\n<div class=\"img\" style=\"width: 50%;text-align: center\"><img decoding=\"async\" src=\"https:\/\/ghgalaxyhome.com\/wp-content\/uploads\/2024\/06\/file_21706491681280.jpg?x-oss-process=image\/resize,m_lfit,w_1224\/format,webp\/quality,80\" alt=\"\" data-src=\"https:\/\/ghgalaxyhome.com\/wp-content\/uploads\/2024\/06\/file_21706491681280.jpg\" class=\"img-self show_imgss\"><\/div>\n<div class=\"text_box\" style=\"width:50%\">\n<div class=\"txt\">\n<div class=\"title\" style=\"text-align: left\"><span style=\"font-size: 18px\">Tailored Countertop Options<\/span><\/div>\n<div class=\"description\">\n<p style=\"text-align: left\"><span style=\"font-size: 18px\"><br \/><\/span><\/p>\n<p style=\"text-align: left\"><span style=\"font-size: 18px\"><\/span><\/p>\n<p style=\"text-align: left\"><span style=\"font-size: 18px\">The countertop, featuring an integrated basin made of engineered stone, is customizable with materials such as Sintered Stone, marble, and engineered stone. Options include above-counter or under-mount basins to suit your preferences.<\/span><span style=\"font-size: 18px\"><\/span><\/p>\n<p style=\"text-align: left\"><span style=\"font-size: 18px\"><\/span><\/p>\n<\/div>\n<\/div>\n<\/div>\n<\/div>\n<\/div>\n<div class=\"d-tem11-graphic tem11-graphic mockup\" data-detail=\"wrap\">\n<div class=\"tab_row\">\n<div class=\"img\" style=\"width: 50%;text-align: center\"><img decoding=\"async\" src=\"https:\/\/ghgalaxyhome.com\/wp-content\/uploads\/2024\/06\/file_51706491681280.jpg?x-oss-process=image\/resize,m_lfit,w_1224\/format,webp\/quality,80\" alt=\"\" data-src=\"https:\/\/ghgalaxyhome.com\/wp-content\/uploads\/2024\/06\/file_51706491681280.jpg\" class=\"img-self show_imgss\"><\/div>\n<div class=\"text_box\" style=\"width:50%\">\n<div class=\"txt\">\n<div class=\"title\" style=\"text-align: left\"><span style=\"font-size: 18px\">Intelligent Mirror with Custom Features:<\/span><\/div>\n<div class=\"description\">\n<p><\/p>\n<p style=\"text-align: left\"><span style=\"font-size: 18px\"><\/span><\/p>\n<p><span style=\"font-size: 18px\"><\/span><\/p>\n<p><span style=\"font-size: 18px\">The smart mirror is equipped with LED lighting, defogging functionality, and a convenient time display.<\/span><\/p>\n<p><span style=\"font-size: 18px\"><br \/><\/span><\/p>\n<p><span style=\"font-size: 18px\">Further customization options include LED lighting, gesture control, sensor activation, Bluetooth connectivity, and displays for time and temperature.<\/span><\/p>\n<p><span style=\"font-size: 18px\"><\/span><\/p>\n<p style=\"text-align: left\"><span style=\"font-size: 18px\"><\/span><\/p>\n<\/div>\n<\/div>\n<\/div>\n<\/div>\n<\/div>\n<p><\/p>\n<div class=\"de_m_faq_5 cont_section\">\n<div class=\"head_title text-center\">Preguntas m\u00e1s frecuentes<\/div>\n<div class=\"li_con text-center\">Preguntas frecuentes sobre el Plan de Precios<\/div>\n<ul class=\"_ul\">\n<li class=\"_li\">\n<div class=\"li_head\">1. \u00bfQu\u00e9 tipo de productos pueden ofrecer?<\/div>\n<div class=\"li_con\">Los principales productos de GALAXY HOME son tocadores de ba\u00f1o, ba\u00f1eras, grifos de lavabo, cabezales de ducha, mamparas de ducha, inodoros y accesorios de ba\u00f1o.<\/div>\n<\/li>\n<li class=\"_li\">\n<div class=\"li_head\">2.\u00bfEs posible la personalizaci\u00f3n?<\/div>\n<div class=\"li_con\">S\u00ed. Contamos con un equipo profesional de dise\u00f1o y producci\u00f3n con rica experiencia. Cu\u00e9ntanos tus demandas y te ofrecemos una soluci\u00f3n.<\/div>\n<\/li>\n<li class=\"_li\">\n<div class=\"li_head\">3. \u00bfEs aceptable ODM u OEM?<\/div>\n<div class=\"li_con\">S\u00ed. Debido a la experiencia de producci\u00f3n y exportaci\u00f3n de al menos 18 a\u00f1os, hemos finalizado muchos pedidos de ODM y OEM en los \u00faltimos a\u00f1os. Nuestra f\u00e1brica cubre un \u00e1rea de 40000? O con l\u00edneas de producci\u00f3n avanzadas. Nuestra capacidad para hacer ODM y OEM es confiable.<\/div>\n<\/li>\n<li class=\"_li\">\n<div class=\"li_head\">4. \u00bfQu\u00e9 certificados de producto tienes?<\/div>\n<div class=\"li_con\">Los productos GALAXY HOME han sido certificados por SGS, CNAS, CMA, CAL y jlac-mra. Se han emitido certificados.<\/div>\n<\/li>\n<li class=\"_li\">\n<div class=\"li_head\">5. \u00bfC\u00f3mo puedo obtener el precio m\u00e1s reciente?<\/div>\n<div class=\"li_con\">Los clientes pueden hacer clic en el bot\u00f3n Cont\u00e1ctenos para enviarnos una consulta. Generalmente cotizamos dentro de las 24 horas durante los d\u00edas h\u00e1biles. Tambi\u00e9n puedes enviarnos un correo electr\u00f3nico o un WhatsApp directamente si deseas una respuesta r\u00e1pida. La direcci\u00f3n de correo electr\u00f3nico es info@ghgalaxyhome.com y el n\u00famero de tel\u00e9fono es 86-17722731431.<\/div>\n<\/li>\n<li class=\"_li\">\n<div class=\"li_head\">6.\u00bfPuedo comprar muestras?<\/div>\n<div class=\"li_con\">S\u00ed. Se pueden discutir detalles como el flete y el tiempo de entrega.<\/div>\n<\/li>\n<li class=\"_li\">\n<div class=\"li_head\">7. \u00bfCu\u00e1l es el tiempo de entrega?<\/div>\n<div class=\"li_con\">El plazo de entrega depende de la cantidad del pedido y del stock. Generalmente es de 7 a 15 d\u00edas para existencias adecuadas y de unos 30 d\u00edas para existencias bajas.<\/div>\n<\/li>\n<li class=\"_li\">\n<div class=\"li_head\">8. \u00bfCu\u00e1l es la forma de entrega?<\/div>\n<div class=\"li_con\">Los productos pueden entregarse por mar, aire o expreso (EMS, UPS, DHL, TNT, FEDEX, etc.). Por favor hable con nosotros antes de realizar pedidos.<\/div>\n<\/li>\n<li class=\"_li\">\n<div class=\"li_head\">9.\u00bfC\u00f3mo puedo pagar? \u00bfCu\u00e1l es el m\u00e9todo de pago?<\/div>\n<div class=\"li_con\">Se aceptan T\/T, L\/C, Western Union, Moneygram y Paypal.<\/div>\n<\/li>\n<li class=\"_li\">\n<div class=\"li_head\">10.\u00bfQu\u00e9 puedes hacer para asegurar la calidad?<\/div>\n<div class=\"li_con\">El departamento de inspecci\u00f3n de calidad de nuestra f\u00e1brica controla cada aspecto de la producci\u00f3n. Tambi\u00e9n te mantendremos informado mediante fotos y v\u00eddeos para asegurarnos de que cada detalle est\u00e9 solucionado. Siempre nos mantendremos en contacto con los compradores en caso de cualquier pregunta.<\/div>\n<\/li>\n<\/ul>\n<\/div>\n<p><\/p>\n<p><\/p>\n<p><\/p>\n<\/p><\/div>","protected":false},"excerpt":{"rendered":"<p>Modern Bathroom Vanity Set ?C a perfect blend of style and functionality. The deep gray bathroom cabinet features a main unit with a large drawer and a smaller drawer, both crafted from high-quality solid wood. The drawer panels are thoughtfully designed with towel bars for added convenience.<\/p>","protected":false},"featured_media":31586,"comment_status":"open","ping_status":"closed","template":"","meta":[],"product_brand":[],"product_cat":[18],"product_tag":[],"class_list":{"0":"post-39375","1":"product","2":"type-product","3":"status-publish","4":"has-post-thumbnail","6":"product_cat-products-40712","8":"first","9":"instock","10":"shipping-taxable","11":"product-type-simple"},"_links":{"self":[{"href":"https:\/\/ghgalaxyhome.com\/es\/wp-json\/wp\/v2\/product\/39375","targetHints":{"allow":["GET"]}}],"collection":[{"href":"https:\/\/ghgalaxyhome.com\/es\/wp-json\/wp\/v2\/product"}],"about":[{"href":"https:\/\/ghgalaxyhome.com\/es\/wp-json\/wp\/v2\/types\/product"}],"replies":[{"embeddable":true,"href":"https:\/\/ghgalaxyhome.com\/es\/wp-json\/wp\/v2\/comments?post=39375"}],"version-history":[{"count":2,"href":"https:\/\/ghgalaxyhome.com\/es\/wp-json\/wp\/v2\/product\/39375\/revisions"}],"predecessor-version":[{"id":41613,"href":"https:\/\/ghgalaxyhome.com\/es\/wp-json\/wp\/v2\/product\/39375\/revisions\/41613"}],"wp:featuredmedia":[{"embeddable":true,"href":"https:\/\/ghgalaxyhome.com\/es\/wp-json\/wp\/v2\/media\/31586"}],"wp:attachment":[{"href":"https:\/\/ghgalaxyhome.com\/es\/wp-json\/wp\/v2\/media?parent=39375"}],"wp:term":[{"taxonomy":"product_brand","embeddable":true,"href":"https:\/\/ghgalaxyhome.com\/es\/wp-json\/wp\/v2\/product_brand?post=39375"},{"taxonomy":"product_cat","embeddable":true,"href":"https:\/\/ghgalaxyhome.com\/es\/wp-json\/wp\/v2\/product_cat?post=39375"},{"taxonomy":"product_tag","embeddable":true,"href":"https:\/\/ghgalaxyhome.com\/es\/wp-json\/wp\/v2\/product_tag?post=39375"}],"curies":[{"name":"wp","href":"https:\/\/api.w.org\/{rel}","templated":true}]}}