{"id":39357,"date":"2024-06-10T14:34:42","date_gmt":"2024-06-10T14:34:42","guid":{"rendered":"https:\/\/ghgalaxyhome.com\/?post_type=product&#038;p=39357"},"modified":"2024-06-10T15:37:12","modified_gmt":"2024-06-10T15:37:12","slug":"products-detail-4638193","status":"publish","type":"product","link":"https:\/\/ghgalaxyhome.com\/es\/video\/products-detail-4638193","title":{"rendered":"Tocadores de lujo personalizados para fabricantes de gabinetes de almacenamiento de ba\u00f1os de China | Inicio Galaxy"},"content":{"rendered":"<div class=\"cons_box ls-product\">\n<div class=\"text-center d-tem20-title border-color d-interval\" data-detail=\"wrap\">\n<div class=\"title-header\">\n<div class=\"title font-color\" style=\"text-align: center\"><strong><span style=\"font-size: 18px\">Presentaci\u00f3n de productos<\/span><\/strong><\/div>\n<div class=\"description\" style=\"text-align: center\">Tocador de ba\u00f1o para el hogar Galaxy<\/div>\n<\/div>\n<\/div>\n<p style=\"text-align: center\"><img decoding=\"async\" src=\"https:\/\/ghgalaxyhome.com\/wp-content\/uploads\/2024\/06\/file_01705976640174.jpg?x-oss-process=image\/resize,m_lfit,w_1224\/format,webp\/quality,80\" alt=\"\" data-src=\"https:\/\/ghgalaxyhome.com\/wp-content\/uploads\/2024\/06\/file_01705976640174.jpg\" class=\"img-self show_imgss\"><\/p>\n<table>\n<tbody>\n<tr class=\"firstRow\">\n<td width=\"2230\" valign=\"top\">Lujoso juego de tocador de ba\u00f1o con lavabo doble: Eleve su ba\u00f1o con nuestro exquisito conjunto de tocador con lavabo doble. El mueble de ba\u00f1o cuenta con un cuerpo de madera maciza de dos cajones, que ofrece opciones de personalizaci\u00f3n tanto en material como en color. El lavabo, elaborado con piedra de ingenier\u00eda sin costuras, proporciona una superficie elegante y f\u00e1cil de limpiar con un tratamiento a prueba de salpicaduras para mayor comodidad.<\/p>\n<p>Complementan esta elegante configuraci\u00f3n dos espejos LED, con dos estantes convenientemente instalados entre ellos. Esta combinaci\u00f3n cuidadosamente dise\u00f1ada no solo agrega un toque de lujo a su espacio sino que tambi\u00e9n garantiza practicidad con amplias opciones de almacenamiento. Experimente el ep\u00edtome de la sofisticaci\u00f3n y la funcionalidad con nuestro juego de tocador de ba\u00f1o de doble lavabo meticulosamente elaborado.<\/td>\n<\/tr>\n<\/tbody>\n<\/table>\n<p><\/p>\n<table>\n<tbody>\n<tr class=\"firstRow\">\n<td width=\"325\" valign=\"top\" style=\"text-align: center\">Garant\u00eda<\/td>\n<td width=\"325\" valign=\"top\" style=\"text-align: center\">2 a\u00f1os<\/td>\n<td width=\"325\" valign=\"top\" style=\"text-align: center\">Servicio postventa<\/td>\n<td width=\"325\" valign=\"top\" style=\"text-align: center\">Soporte t\u00e9cnico en l\u00ednea<\/td>\n<\/tr>\n<tr>\n<td width=\"325\" valign=\"top\" style=\"text-align: center\">Lugar de origen<\/td>\n<td width=\"325\" valign=\"top\" style=\"text-align: center\">Fosh\u00e1n, China<\/td>\n<td width=\"325\" valign=\"top\" style=\"text-align: center\">Nombre de la marca<\/td>\n<td width=\"325\" valign=\"top\" style=\"text-align: center\">Inicio Galaxy<\/td>\n<\/tr>\n<tr>\n<td width=\"325\" valign=\"top\" style=\"text-align: center\">Estilo<\/td>\n<td width=\"325\" valign=\"top\" style=\"text-align: center\">Moderno<\/td>\n<td width=\"325\" valign=\"top\" style=\"text-align: center\">Forma<\/td>\n<td width=\"325\" valign=\"top\" style=\"text-align: center\">Rect\u00e1ngulo<\/td>\n<\/tr>\n<tr>\n<td width=\"325\" valign=\"top\" style=\"text-align: center\">nombre del producto<\/td>\n<td width=\"325\" valign=\"top\" style=\"text-align: center\">Conjunto de gabinetes de ba\u00f1o<\/td>\n<td width=\"325\" valign=\"top\" style=\"text-align: center\">Tama\u00f1o<\/td>\n<td width=\"325\" valign=\"top\" style=\"text-align: center\">Personalizado<\/td>\n<\/tr>\n<tr>\n<td width=\"325\" valign=\"top\" style=\"text-align: center\">Color<\/td>\n<td width=\"325\" valign=\"top\" style=\"text-align: center\">Color personalizado<\/td>\n<td width=\"325\" valign=\"top\" style=\"text-align: center\">Materiales del gabinete<\/td>\n<td width=\"325\" valign=\"top\" style=\"text-align: center\">Personalizado<\/td>\n<\/tr>\n<tr>\n<td width=\"325\" valign=\"top\" style=\"text-align: center\">Caracter\u00edstica<\/td>\n<td width=\"325\" valign=\"top\" style=\"text-align: center\">Impermeable<\/td>\n<td width=\"325\" valign=\"top\" style=\"text-align: center\">Uso<\/td>\n<td width=\"325\" valign=\"top\" style=\"text-align: center\">Muebles de ba\u00f1o para el hogar del hotel<\/td>\n<\/tr>\n<\/tbody>\n<\/table>\n<div class=\"d-tem11-graphic tem11-graphic mockup\" data-detail=\"wrap\">\n<div class=\"tab_row\">\n<div class=\"img\" style=\"width: 50%;text-align: center\"><img decoding=\"async\" src=\"https:\/\/ghgalaxyhome.com\/wp-content\/uploads\/2024\/06\/file_01705974428442.jpg?x-oss-process=image\/resize,m_lfit,w_1224\/format,webp\/quality,80\" alt=\"\" data-src=\"https:\/\/ghgalaxyhome.com\/wp-content\/uploads\/2024\/06\/file_01705974428442.jpg\" class=\"img-self show_imgss\"><\/div>\n<div class=\"text_box\" style=\"width:50%\">\n<div class=\"txt\">\n<div class=\"title\" style=\"text-align: left\"><span style=\"font-size: 18px\">Mueble de ba\u00f1o<\/span><\/div>\n<div class=\"description\">\n<p><\/p>\n<p style=\"text-align: left\"><span style=\"font-size: 18px\"><\/span><\/p>\n<p><span style=\"font-size: 18px\"><\/span><\/p>\n<p><span style=\"font-size: 18px\">Cuerpo de madera maciza de dos cajones: el mueble de ba\u00f1o cuenta con un cuerpo de madera maciza de dos cajones, lo que proporciona un dise\u00f1o lujoso y personalizable que le permite elegir tanto el material como el color seg\u00fan sus preferencias.<\/span><\/p>\n<p><span style=\"font-size: 18px\"><br \/><\/span><\/p>\n<p><span style=\"font-size: 18px\">Opciones de personalizaci\u00f3n: Con el dise\u00f1o de dos cajones, tiene la flexibilidad de personalizar el material y el color del gabinete, asegurando que se adapte perfectamente a su estilo personal y decoraci\u00f3n de ba\u00f1o.<\/span><\/p>\n<p style=\"text-align: left\"><span style=\"font-size: 18px\"><\/span><\/p>\n<\/div>\n<\/div>\n<\/div>\n<\/div>\n<\/div>\n<div class=\"d-tem12-graphic d-tem11-graphic tem12-graphic tem11-graphic mockup\" data-detail=\"wrap\">\n<div class=\"tab_row\">\n<div class=\"img\" style=\"width: 50%;text-align: center\"><img decoding=\"async\" src=\"https:\/\/ghgalaxyhome.com\/wp-content\/uploads\/2024\/06\/file_01705976834445.jpg?x-oss-process=image\/resize,m_lfit,w_1224\/format,webp\/quality,80\" alt=\"\" data-src=\"https:\/\/ghgalaxyhome.com\/wp-content\/uploads\/2024\/06\/file_01705976834445.jpg\" class=\"img-self show_imgss\"><\/div>\n<div class=\"text_box\" style=\"width:50%\">\n<div class=\"txt\">\n<div class=\"title\" style=\"text-align: left\"><span style=\"font-size: 18px\">Espejo inteligente<\/span><\/div>\n<div class=\"description\">\n<p style=\"text-align: left\"><span style=\"font-size: 18px\"><br \/><\/span><\/p>\n<p style=\"text-align: left\"><span style=\"font-size: 18px\"><\/span><\/p>\n<p style=\"text-align: left\"><span style=\"font-size: 18px\"><\/span><\/p>\n<p style=\"text-align: left\"><span style=\"font-size: 18px\">Espejos LED iluminados: El juego incluye dos espejos LED que no solo brindan una excelente iluminaci\u00f3n sino que tambi\u00e9n agregan un toque de elegancia al espacio de su ba\u00f1o.<\/span><\/p>\n<p style=\"text-align: left\"><span style=\"font-size: 18px\"><br \/><\/span><\/p>\n<p style=\"text-align: left\"><span style=\"font-size: 18px\">Pr\u00e1cticos estantes de almacenamiento: dos estantes cuidadosamente colocados entre los espejos LED ofrecen soluciones de almacenamiento pr\u00e1cticas y garantizan un f\u00e1cil acceso a sus elementos esenciales diarios.<\/span><\/p>\n<p style=\"text-align: left\"><span style=\"font-size: 18px\"><\/span><\/p>\n<\/div>\n<\/div>\n<\/div>\n<\/div>\n<\/div>\n<div class=\"d-tem11-graphic tem11-graphic mockup\" data-detail=\"wrap\">\n<div class=\"tab_row\">\n<div class=\"img\" style=\"width: 50%;text-align: center\"><img decoding=\"async\" src=\"https:\/\/ghgalaxyhome.com\/wp-content\/uploads\/2024\/06\/file_21705974473164.jpg?x-oss-process=image\/resize,m_lfit,w_1224\/format,webp\/quality,80\" alt=\"\" data-src=\"https:\/\/ghgalaxyhome.com\/wp-content\/uploads\/2024\/06\/file_21705974473164.jpg\" class=\"img-self show_imgss\"><\/div>\n<div class=\"text_box\" style=\"width:50%\">\n<div class=\"txt\">\n<div class=\"title\" style=\"text-align: left\"><span style=\"font-size: 18px\">Encimera y lavabo<\/span><\/div>\n<div class=\"description\">\n<p><\/p>\n<p style=\"text-align: left\"><span style=\"font-size: 18px\"><\/span><\/p>\n<p><span style=\"font-size: 18px\"><\/span><\/p>\n<p><span style=\"font-size: 18px\">Artesan\u00eda de piedra dise\u00f1ada sin costuras: elaborado a partir de piedra dise\u00f1ada sin costuras, el lavabo proporciona una superficie elegante y f\u00e1cil de limpiar con un tratamiento a prueba de salpicaduras, que combina est\u00e9tica y conveniencia.<\/span><\/p>\n<p><\/p>\n<p><span style=\"font-size: 18px\">Lujoso dise\u00f1o de lavabo doble: el dise\u00f1o de lavabo doble no solo agrega un toque de lujo a su ba\u00f1o sino que tambi\u00e9n mejora la funcionalidad, lo que lo convierte en una opci\u00f3n ideal para ba\u00f1os compartidos o principales.<\/span><\/p>\n<p><span style=\"font-size: 18px\"><\/span><\/p>\n<p style=\"text-align: left\"><span style=\"font-size: 18px\"><\/span><\/p>\n<\/div>\n<\/div>\n<\/div>\n<\/div>\n<\/div>\n<p><\/p>\n<div class=\"de_m_faq_5 cont_section\">\n<div class=\"head_title text-center\">Preguntas m\u00e1s frecuentes<\/div>\n<div class=\"li_con text-center\">Preguntas frecuentes sobre el Plan de Precios<\/div>\n<ul class=\"_ul\">\n<li class=\"_li\">\n<div class=\"li_head\">1. \u00bfQu\u00e9 tipo de productos pueden ofrecer?<\/div>\n<div class=\"li_con\">Los principales productos de GALAXY HOME son tocadores de ba\u00f1o, ba\u00f1eras, grifos de lavabo, cabezales de ducha, mamparas de ducha, inodoros y accesorios de ba\u00f1o.<\/div>\n<\/li>\n<li class=\"_li\">\n<div class=\"li_head\">2.\u00bfEs posible la personalizaci\u00f3n?<\/div>\n<div class=\"li_con\">S\u00ed. Contamos con un equipo profesional de dise\u00f1o y producci\u00f3n con rica experiencia. Cu\u00e9ntanos tus demandas y te ofrecemos una soluci\u00f3n.<\/div>\n<\/li>\n<li class=\"_li\">\n<div class=\"li_head\">3. \u00bfEs aceptable ODM u OEM?<\/div>\n<div class=\"li_con\">S\u00ed. Debido a la experiencia de producci\u00f3n y exportaci\u00f3n de al menos 18 a\u00f1os, hemos finalizado muchos pedidos de ODM y OEM en los \u00faltimos a\u00f1os. Nuestra f\u00e1brica cubre un \u00e1rea de 40000? O con l\u00edneas de producci\u00f3n avanzadas. Nuestra capacidad para hacer ODM y OEM es confiable.<\/div>\n<\/li>\n<li class=\"_li\">\n<div class=\"li_head\">4. \u00bfQu\u00e9 certificados de producto tienes?<\/div>\n<div class=\"li_con\">Los productos GALAXY HOME han sido certificados por SGS, CNAS, CMA, CAL y jlac-mra. Se han emitido certificados.<\/div>\n<\/li>\n<li class=\"_li\">\n<div class=\"li_head\">5. \u00bfC\u00f3mo puedo obtener el precio m\u00e1s reciente?<\/div>\n<div class=\"li_con\">Los clientes pueden hacer clic en el bot\u00f3n Cont\u00e1ctenos para enviarnos una consulta. Generalmente cotizamos dentro de las 24 horas durante los d\u00edas h\u00e1biles. Tambi\u00e9n puedes enviarnos un correo electr\u00f3nico o un WhatsApp directamente si deseas una respuesta r\u00e1pida. La direcci\u00f3n de correo electr\u00f3nico es info@ghgalaxyhome.com y el n\u00famero de tel\u00e9fono es 86-17722731431.<\/div>\n<\/li>\n<li class=\"_li\">\n<div class=\"li_head\">6.\u00bfPuedo comprar muestras?<\/div>\n<div class=\"li_con\">S\u00ed. Se pueden discutir detalles como el flete y el tiempo de entrega.<\/div>\n<\/li>\n<li class=\"_li\">\n<div class=\"li_head\">7. \u00bfCu\u00e1l es el tiempo de entrega?<\/div>\n<div class=\"li_con\">El plazo de entrega depende de la cantidad del pedido y del stock. Generalmente es de 7 a 15 d\u00edas para existencias adecuadas y de unos 30 d\u00edas para existencias bajas.<\/div>\n<\/li>\n<li class=\"_li\">\n<div class=\"li_head\">8. \u00bfCu\u00e1l es la forma de entrega?<\/div>\n<div class=\"li_con\">Los productos pueden entregarse por mar, aire o expreso (EMS, UPS, DHL, TNT, FEDEX, etc.). Por favor hable con nosotros antes de realizar pedidos.<\/div>\n<\/li>\n<li class=\"_li\">\n<div class=\"li_head\">9.\u00bfC\u00f3mo puedo pagar? \u00bfCu\u00e1l es el m\u00e9todo de pago?<\/div>\n<div class=\"li_con\">Se aceptan T\/T, L\/C, Western Union, Moneygram y Paypal.<\/div>\n<\/li>\n<li class=\"_li\">\n<div class=\"li_head\">10.\u00bfQu\u00e9 puedes hacer para asegurar la calidad?<\/div>\n<div class=\"li_con\">El departamento de inspecci\u00f3n de calidad de nuestra f\u00e1brica controla cada aspecto de la producci\u00f3n. Tambi\u00e9n te mantendremos informado mediante fotos y v\u00eddeos para asegurarnos de que cada detalle est\u00e9 solucionado. Siempre nos mantendremos en contacto con los compradores en caso de cualquier pregunta.<\/div>\n<\/li>\n<\/ul>\n<\/div>\n<p><\/p>\n<p><\/p>\n<p><\/p>\n<p><\/p>\n<p><\/p>\n<p><\/p>\n<p><\/p>\n<p><\/p>\n<p><\/p>\n<p><\/p>\n<p><\/p>\n<p><\/p>\n<p><\/p>\n<\/p><\/div>","protected":false},"excerpt":{"rendered":"<p>Lujoso juego de tocador de ba\u00f1o con lavabo doble: Eleve su ba\u00f1o con nuestro exquisito conjunto de tocador con lavabo doble. El mueble de ba\u00f1o cuenta con un cuerpo de madera maciza de dos cajones, que ofrece opciones de personalizaci\u00f3n tanto en material como en color. El lavabo, elaborado con piedra de ingenier\u00eda sin costuras, proporciona una superficie elegante y f\u00e1cil de limpiar con un tratamiento a prueba de salpicaduras para mayor comodidad.<\/p>","protected":false},"featured_media":31509,"comment_status":"open","ping_status":"closed","template":"","meta":[],"product_brand":[],"product_cat":[18],"product_tag":[],"class_list":{"0":"post-39357","1":"product","2":"type-product","3":"status-publish","4":"has-post-thumbnail","6":"product_cat-products-40712","8":"first","9":"instock","10":"shipping-taxable","11":"product-type-simple"},"_links":{"self":[{"href":"https:\/\/ghgalaxyhome.com\/es\/wp-json\/wp\/v2\/product\/39357","targetHints":{"allow":["GET"]}}],"collection":[{"href":"https:\/\/ghgalaxyhome.com\/es\/wp-json\/wp\/v2\/product"}],"about":[{"href":"https:\/\/ghgalaxyhome.com\/es\/wp-json\/wp\/v2\/types\/product"}],"replies":[{"embeddable":true,"href":"https:\/\/ghgalaxyhome.com\/es\/wp-json\/wp\/v2\/comments?post=39357"}],"version-history":[{"count":2,"href":"https:\/\/ghgalaxyhome.com\/es\/wp-json\/wp\/v2\/product\/39357\/revisions"}],"predecessor-version":[{"id":41617,"href":"https:\/\/ghgalaxyhome.com\/es\/wp-json\/wp\/v2\/product\/39357\/revisions\/41617"}],"wp:featuredmedia":[{"embeddable":true,"href":"https:\/\/ghgalaxyhome.com\/es\/wp-json\/wp\/v2\/media\/31509"}],"wp:attachment":[{"href":"https:\/\/ghgalaxyhome.com\/es\/wp-json\/wp\/v2\/media?parent=39357"}],"wp:term":[{"taxonomy":"product_brand","embeddable":true,"href":"https:\/\/ghgalaxyhome.com\/es\/wp-json\/wp\/v2\/product_brand?post=39357"},{"taxonomy":"product_cat","embeddable":true,"href":"https:\/\/ghgalaxyhome.com\/es\/wp-json\/wp\/v2\/product_cat?post=39357"},{"taxonomy":"product_tag","embeddable":true,"href":"https:\/\/ghgalaxyhome.com\/es\/wp-json\/wp\/v2\/product_tag?post=39357"}],"curies":[{"name":"wp","href":"https:\/\/api.w.org\/{rel}","templated":true}]}}