{"id":39341,"date":"2024-06-10T14:34:30","date_gmt":"2024-06-10T14:34:30","guid":{"rendered":"https:\/\/ghgalaxyhome.com\/?post_type=product&#038;p=39341"},"modified":"2024-06-10T15:37:35","modified_gmt":"2024-06-10T15:37:35","slug":"products-detail-4602598","status":"publish","type":"product","link":"https:\/\/ghgalaxyhome.com\/es\/video\/products-detail-4602598","title":{"rendered":"Tocadores de madera de calidad para ba\u00f1os Fabricante | Inicio Galaxy"},"content":{"rendered":"<div class=\"cons_box ls-product\">\n<div class=\"text-center d-tem20-title border-color d-interval\" data-detail=\"wrap\">\n<div class=\"title-header\">\n<div class=\"title font-color\"><strong>Presentaci\u00f3n de productos<\/strong><\/div>\n<div class=\"description\">Tocador de ba\u00f1o<\/div>\n<\/p><\/div>\n<\/div>\n<p><\/p>\n<p style=\"text-align: center\"><img decoding=\"async\" src=\"https:\/\/ghgalaxyhome.com\/wp-content\/uploads\/2024\/06\/file_01705460522626.jpg?x-oss-process=image\/resize,m_lfit,w_1224\/format,webp\/quality,80\" alt=\"\" data-src=\"https:\/\/ghgalaxyhome.com\/wp-content\/uploads\/2024\/06\/file_01705460522626.jpg\" class=\"img-self show_imgss\"><\/p>\n<p style=\"text-align: center\"><\/p>\n<table>\n<tbody>\n<tr class=\"firstRow\">\n<td width=\"304\" valign=\"top\">Garant\u00eda<\/td>\n<td width=\"304\" valign=\"top\">2 a\u00f1os<\/td>\n<td width=\"304\" valign=\"top\">Servicio postventa<\/td>\n<td width=\"304\" valign=\"top\">Soporte t\u00e9cnico en l\u00ednea<\/td>\n<\/tr>\n<tr>\n<td width=\"304\" valign=\"top\">Lugar de origen<\/td>\n<td width=\"304\" valign=\"top\">Guangdong, China<\/td>\n<td width=\"304\" valign=\"top\">Nombre de la marca<\/td>\n<td width=\"304\" valign=\"top\">Inicio Galaxy<\/td>\n<\/tr>\n<tr>\n<td width=\"304\" valign=\"top\">Estilo<\/td>\n<td width=\"304\" valign=\"top\">Moderno<\/td>\n<td width=\"304\" valign=\"top\">Forma<\/td>\n<td width=\"304\" valign=\"top\">Rect\u00e1ngulo<\/td>\n<\/tr>\n<tr>\n<td width=\"304\" valign=\"top\">nombre del producto<\/td>\n<td width=\"304\" valign=\"top\">Conjunto de gabinetes de ba\u00f1o<\/td>\n<td width=\"304\" valign=\"top\">Tama\u00f1o<\/td>\n<td width=\"304\" valign=\"top\">Personalizado<\/td>\n<\/tr>\n<tr>\n<td width=\"304\" valign=\"top\">Color<\/td>\n<td width=\"304\" valign=\"top\">Color personalizado<\/td>\n<td width=\"304\" valign=\"top\">Materiales del gabinete<\/td>\n<td width=\"304\" valign=\"top\">Personalizado<\/td>\n<\/tr>\n<tr>\n<td width=\"304\" valign=\"top\">Caracter\u00edstica<\/td>\n<td width=\"304\" valign=\"top\">Impermeable<\/td>\n<td width=\"304\" valign=\"top\">Uso<\/td>\n<td width=\"304\" valign=\"top\">Muebles de ba\u00f1o para el hogar del hotel<\/td>\n<\/tr>\n<\/tbody>\n<\/table>\n<p><\/p>\n<div class=\"d-tem11-graphic tem11-graphic mockup\" data-detail=\"wrap\">\n<div class=\"tab_row\">\n<div class=\"img\" style=\"width:50%\"><img decoding=\"async\" src=\"https:\/\/ghgalaxyhome.com\/wp-content\/uploads\/2024\/06\/file_01705457896669.png?x-oss-process=image\/resize,m_lfit,w_1224\/format,webp\/quality,80\" alt=\"\" data-src=\"https:\/\/ghgalaxyhome.com\/wp-content\/uploads\/2024\/06\/file_01705457896669.png\" class=\"img-self show_imgss\"><\/div>\n<div class=\"text_box\" style=\"width:50%\">\n<div class=\"txt\">\n<div class=\"title\"><a href=\"https:\/\/www.ghgalaxyhome.com\/products-40712\" target=\"_self\" title=\"tocador de ba\u00f1o\" data-lv=\"0\" rel=\"noopener\"><span style=\"font-size: 18px\">Mueble de ba\u00f1o<\/span><\/a><\/div>\n<div class=\"description\">\n<p><\/p>\n<p><span style=\"font-size: 18px\">Dise\u00f1o moderno de bloques de colores: el panel frontal presenta un enchapado de madera maciza de color gris claro, que muestra un moderno dise\u00f1o de bloques de colores.<\/span><\/p>\n<p><span style=\"font-size: 18px\"><br \/><\/span><\/p>\n<p><span style=\"font-size: 18px\">Dise\u00f1o de estante abierto: el mueble de ba\u00f1o frontal incorpora un estante abierto de dos niveles de un solo lado, lo que facilita un almacenamiento conveniente y permite una instalaci\u00f3n flexible en el lado izquierdo o derecho.<\/span><\/p>\n<p><span style=\"font-size: 18px\"><br \/><\/span><\/p>\n<p><span style=\"font-size: 18px\">Material de madera maciza: elaborado con chapa de madera maciza, presenta patrones de vetas de madera naturales, a\u00f1adiendo un toque de sofisticaci\u00f3n.<\/span><\/p>\n<\/div>\n<\/div>\n<\/div>\n<\/div>\n<\/div>\n<div class=\"d-tem12-graphic d-tem11-graphic tem12-graphic tem11-graphic mockup\" data-detail=\"wrap\">\n<div class=\"tab_row\">\n<div class=\"img\" style=\"width:50%\"><img decoding=\"async\" src=\"https:\/\/ghgalaxyhome.com\/wp-content\/uploads\/2024\/06\/file_01705457910554.png?x-oss-process=image\/resize,m_lfit,w_1224\/format,webp\/quality,80\" alt=\"\" data-src=\"https:\/\/ghgalaxyhome.com\/wp-content\/uploads\/2024\/06\/file_01705457910554.png\" class=\"img-self show_imgss\"><\/div>\n<div class=\"text_box\" style=\"width:50%\">\n<div class=\"txt\">\n<div class=\"title\" style=\"text-align: left\"><span style=\"font-size: 18px\">Cuenca Integrada<\/span><\/div>\n<div class=\"description\">\n<p style=\"text-align: left\"><\/p>\n<p style=\"text-align: left\"><span style=\"font-size: 18px\">Dise\u00f1o integrado: La encimera utiliza piedra sinterizada, logrando un dise\u00f1o de lavabo integrado sin costuras para una est\u00e9tica moderna.<\/span><\/p>\n<p style=\"text-align: left\"><\/p>\n<p style=\"text-align: left\"><span style=\"font-size: 18px\">Grifo gris: Combinado con un elegante grifo gris plomizo, armoniza con la combinaci\u00f3n de colores general y mejora la coherencia del dise\u00f1o.<\/span><\/p>\n<\/div>\n<\/div>\n<\/div>\n<\/div>\n<\/div>\n<div class=\"d-tem11-graphic tem11-graphic mockup\" data-detail=\"wrap\">\n<div class=\"tab_row\">\n<div class=\"img\" style=\"width:50%\"><img decoding=\"async\" src=\"https:\/\/ghgalaxyhome.com\/wp-content\/uploads\/2024\/06\/file_01705461275567.jpg?x-oss-process=image\/resize,m_lfit,w_1224\/format,webp\/quality,80\" alt=\"\" data-src=\"https:\/\/ghgalaxyhome.com\/wp-content\/uploads\/2024\/06\/file_01705461275567.jpg\" class=\"img-self show_imgss\"><\/div>\n<div class=\"text_box\" style=\"width:50%\">\n<div class=\"txt\">\n<div class=\"title\"><span style=\"font-size: 18px\">Espejo inteligente<\/span><\/div>\n<div class=\"description\">\n<p><\/p>\n<p><span style=\"font-size: 18px\">Funcionalidad inteligente: el espejo inteligente cuadrado cuenta con funcionalidad de iluminaci\u00f3n LED y admite personalizaci\u00f3n, como desempa\u00f1amiento, conectividad Bluetooth y pantallas de tiempo y temperatura.<\/span><\/p>\n<p><\/p>\n<p><span style=\"font-size: 18px\">Dise\u00f1o elegante: el dise\u00f1o del espejo agrega un toque moderno al ba\u00f1o, con un atractivo visual mejorado a trav\u00e9s de sus efectos de iluminaci\u00f3n.<\/span><\/p>\n<\/div>\n<\/div>\n<\/div>\n<\/div>\n<\/div>\n<div class=\"d-tem12-graphic d-tem11-graphic tem12-graphic tem11-graphic mockup\" data-detail=\"wrap\">\n<div class=\"tab_row\">\n<div class=\"img\" style=\"width:50%\"><img decoding=\"async\" src=\"https:\/\/ghgalaxyhome.com\/wp-content\/uploads\/2024\/06\/file_01705461371138.jpg?x-oss-process=image\/resize,m_lfit,w_1224\/format,webp\/quality,80\" alt=\"\" data-src=\"https:\/\/ghgalaxyhome.com\/wp-content\/uploads\/2024\/06\/file_01705461371138.jpg\" class=\"img-self show_imgss\"><\/div>\n<div class=\"text_box\" style=\"width:50%\">\n<div class=\"txt\">\n<div class=\"title\" style=\"text-align: left\"><span style=\"font-size: 18px\">Gabinete lateral<\/span><\/div>\n<div class=\"description\">\n<p style=\"text-align: left\"><span style=\"font-size: 18px\"><br \/><\/span><\/p>\n<p style=\"text-align: left\"><span style=\"font-size: 18px\">Dise\u00f1o de tres niveles: el armario lateral ofrece tres niveles de espacio de almacenamiento, lo que proporciona un amplio espacio de almacenamiento para mantener el ba\u00f1o organizado y ordenado.<\/span><\/p>\n<p style=\"text-align: left\"><span style=\"font-size: 18px\"><br \/><\/span><\/p>\n<p style=\"text-align: left\"><span style=\"font-size: 18px\">Luces activadas por sensores: Equipado con luces activadas por sensores en el interior, el gabinete emite una iluminaci\u00f3n moderna a trav\u00e9s de la puerta de vidrio, mejorando el atractivo visual.<\/span><\/p>\n<\/div>\n<\/div>\n<\/div>\n<\/div>\n<\/div>\n<p><\/p>\n<div class=\"de_m_faq_5 cont_section\">\n<div class=\"head_title text-center\">Preguntas m\u00e1s frecuentes<\/div>\n<div class=\"li_con text-center\">Preguntas frecuentes sobre el Plan de Precios<\/div>\n<ul class=\"_ul\">\n<li class=\"_li\">\n<div class=\"li_head\">1. \u00bfQu\u00e9 tipo de productos pueden ofrecer?<\/div>\n<div class=\"li_con\">Los principales productos de GALAXY HOME son tocadores de ba\u00f1o, ba\u00f1eras, grifos de lavabo, cabezales de ducha, mamparas de ducha, inodoros y accesorios de ba\u00f1o.<\/div>\n<\/li>\n<li class=\"_li\">\n<div class=\"li_head\">2.\u00bfEs posible la personalizaci\u00f3n?<\/div>\n<div class=\"li_con\">S\u00ed. Contamos con un equipo profesional de dise\u00f1o y producci\u00f3n con rica experiencia. Cu\u00e9ntanos tus demandas y te ofrecemos una soluci\u00f3n.<\/div>\n<\/li>\n<li class=\"_li\">\n<div class=\"li_head\">3. \u00bfEs aceptable ODM u OEM?<\/div>\n<div class=\"li_con\">S\u00ed. Debido a la experiencia de producci\u00f3n y exportaci\u00f3n de al menos 18 a\u00f1os, hemos finalizado muchos pedidos de ODM y OEM en los \u00faltimos a\u00f1os. Nuestra f\u00e1brica cubre un \u00e1rea de 40000? O con l\u00edneas de producci\u00f3n avanzadas. Nuestra capacidad para hacer ODM y OEM es confiable.<\/div>\n<\/li>\n<li class=\"_li\">\n<div class=\"li_head\">4. \u00bfQu\u00e9 certificados de producto tienes?<\/div>\n<div class=\"li_con\">Los productos GALAXY HOME han sido certificados por SGS, CNAS, CMA, CAL y jlac-mra. Se han emitido certificados.<\/div>\n<\/li>\n<li class=\"_li\">\n<div class=\"li_head\">5. \u00bfC\u00f3mo puedo obtener el precio m\u00e1s reciente?<\/div>\n<div class=\"li_con\">Los clientes pueden hacer clic en el bot\u00f3n Cont\u00e1ctenos para enviarnos una consulta. Generalmente cotizamos dentro de las 24 horas durante los d\u00edas h\u00e1biles. Tambi\u00e9n puedes enviarnos un correo electr\u00f3nico o un WhatsApp directamente si deseas una respuesta r\u00e1pida. La direcci\u00f3n de correo electr\u00f3nico es info@ghgalaxyhome.com y el n\u00famero de tel\u00e9fono es 86-17722731431.<\/div>\n<\/li>\n<li class=\"_li\">\n<div class=\"li_head\">6.\u00bfPuedo comprar muestras?<\/div>\n<div class=\"li_con\">S\u00ed. Se pueden discutir detalles como el flete y el tiempo de entrega.<\/div>\n<\/li>\n<li class=\"_li\">\n<div class=\"li_head\">7. \u00bfCu\u00e1l es el tiempo de entrega?<\/div>\n<div class=\"li_con\">El plazo de entrega depende de la cantidad del pedido y del stock. Generalmente es de 7 a 15 d\u00edas para existencias adecuadas y de unos 30 d\u00edas para existencias bajas.<\/div>\n<\/li>\n<li class=\"_li\">\n<div class=\"li_head\">8. \u00bfCu\u00e1l es la forma de entrega?<\/div>\n<div class=\"li_con\">Los productos pueden entregarse por mar, aire o expreso (EMS, UPS, DHL, TNT, FEDEX, etc.). Por favor hable con nosotros antes de realizar pedidos.<\/div>\n<\/li>\n<li class=\"_li\">\n<div class=\"li_head\">9.\u00bfC\u00f3mo puedo pagar? \u00bfCu\u00e1l es el m\u00e9todo de pago?<\/div>\n<div class=\"li_con\">Se aceptan T\/T, L\/C, Western Union, Moneygram y Paypal.<\/div>\n<\/li>\n<li class=\"_li\">\n<div class=\"li_head\">10.\u00bfQu\u00e9 puedes hacer para asegurar la calidad?<\/div>\n<div class=\"li_con\">El departamento de inspecci\u00f3n de calidad de nuestra f\u00e1brica controla cada aspecto de la producci\u00f3n. Tambi\u00e9n te mantendremos informado mediante fotos y v\u00eddeos para asegurarnos de que cada detalle est\u00e9 solucionado. Siempre nos mantendremos en contacto con los compradores en caso de cualquier pregunta.<\/div>\n<\/li>\n<\/ul>\n<\/div>\n<p><\/p>\n<p><\/p>\n<p><\/p>\n<p><\/p>\n<p><\/p>\n<p><\/p>\n<p><\/p>\n<p><\/p>\n<\/p><\/div>","protected":false},"excerpt":{"rendered":"<p>Combinaci\u00f3n de mueble de ba\u00f1o: este moderno mueble de ba\u00f1o con bloques de colores presenta un enchapado de madera maciza de color gris claro en sus paneles frontales. El gabinete frontal incorpora un estante abierto de dos niveles de un solo lado en un c\u00f3modo tono gris claro, dise\u00f1ado para un f\u00e1cil acceso e instalaci\u00f3n junto al inodoro. El dise\u00f1o vers\u00e1til de este estante abierto permite una colocaci\u00f3n flexible en el lado izquierdo o derecho. La encimera presenta un lavabo unificado hecho de piedra sinterizada, combinado con un elegante grifo gris bronce.<\/p>","protected":false},"featured_media":31448,"comment_status":"open","ping_status":"closed","template":"","meta":[],"product_brand":[],"product_cat":[18],"product_tag":[],"class_list":{"0":"post-39341","1":"product","2":"type-product","3":"status-publish","4":"has-post-thumbnail","6":"product_cat-products-40712","8":"first","9":"instock","10":"shipping-taxable","11":"product-type-simple"},"_links":{"self":[{"href":"https:\/\/ghgalaxyhome.com\/es\/wp-json\/wp\/v2\/product\/39341","targetHints":{"allow":["GET"]}}],"collection":[{"href":"https:\/\/ghgalaxyhome.com\/es\/wp-json\/wp\/v2\/product"}],"about":[{"href":"https:\/\/ghgalaxyhome.com\/es\/wp-json\/wp\/v2\/types\/product"}],"replies":[{"embeddable":true,"href":"https:\/\/ghgalaxyhome.com\/es\/wp-json\/wp\/v2\/comments?post=39341"}],"version-history":[{"count":2,"href":"https:\/\/ghgalaxyhome.com\/es\/wp-json\/wp\/v2\/product\/39341\/revisions"}],"predecessor-version":[{"id":41627,"href":"https:\/\/ghgalaxyhome.com\/es\/wp-json\/wp\/v2\/product\/39341\/revisions\/41627"}],"wp:featuredmedia":[{"embeddable":true,"href":"https:\/\/ghgalaxyhome.com\/es\/wp-json\/wp\/v2\/media\/31448"}],"wp:attachment":[{"href":"https:\/\/ghgalaxyhome.com\/es\/wp-json\/wp\/v2\/media?parent=39341"}],"wp:term":[{"taxonomy":"product_brand","embeddable":true,"href":"https:\/\/ghgalaxyhome.com\/es\/wp-json\/wp\/v2\/product_brand?post=39341"},{"taxonomy":"product_cat","embeddable":true,"href":"https:\/\/ghgalaxyhome.com\/es\/wp-json\/wp\/v2\/product_cat?post=39341"},{"taxonomy":"product_tag","embeddable":true,"href":"https:\/\/ghgalaxyhome.com\/es\/wp-json\/wp\/v2\/product_tag?post=39341"}],"curies":[{"name":"wp","href":"https:\/\/api.w.org\/{rel}","templated":true}]}}