{"id":39340,"date":"2024-06-10T14:34:30","date_gmt":"2024-06-10T14:34:30","guid":{"rendered":"https:\/\/ghgalaxyhome.com\/?post_type=product&#038;p=39340"},"modified":"2024-06-10T15:37:32","modified_gmt":"2024-06-10T15:37:32","slug":"products-detail-773287","status":"publish","type":"product","link":"https:\/\/ghgalaxyhome.com\/es\/video\/products-detail-773287","title":{"rendered":"Gabinete de madera para ba\u00f1o de nuevo dise\u00f1o con espejo 3D"},"content":{"rendered":"<div class=\"cons_box ls-product\">\n<div class=\"text-center d-tem20-title border-color d-interval\" data-detail=\"wrap\">\n<div class=\"title-header\">\n<div class=\"title font-color\"><span style=\"font-size: 24px\"><strong>Acerca de este producto<\/strong><\/span><\/div>\n<div class=\"description\">Detalles importantes<\/div>\n<\/div>\n<\/div>\n<p><strong>Gabinete de madera para ba\u00f1o de nuevo dise\u00f1o con espejo 3D<\/strong> not only has a refined cabinet with large storage space, but also has a stunning mirror.&nbsp;It seems to be average and normal with the lights off. However, people will be blown away at the moment the lights are turned on. Hunderds of small light bulbs, sparkling as the galaxy in the sky, turn the&nbsp;plane mirror into a 3D one, making it seem to be a&nbsp;deep and serene space, full of&nbsp;mysteries and beauty.&nbsp;<\/p>\n<p>The designer is so considerable that users don&#8217;t have to touch the button to turn on the lights. All we have to do is wave in front of the sensor to switch on\/off or change the light colors. Yes, there are three alternative colors.<\/p>\n<p><\/p>\n<p style=\"text-align: center\"><img fetchpriority=\"high\" decoding=\"async\" alt=\"\" src=\"https:\/\/ghgalaxyhome.com\/wp-content\/uploads\/2024\/06\/file_01658475091512.jpg?x-oss-process=image\/resize,m_lfit,w_1224\/format,webp\/quality,80\" width=\"700\" height=\"700\" class=\"img-self show_imgss\" data-src=\"https:\/\/ghgalaxyhome.com\/wp-content\/uploads\/2024\/06\/file_01658475091512.jpg\"><\/p>\n<p><\/p>\n<div class=\"d-tem15-graphic mockup\" data-detail=\"wrap\">\n<div class=\"clearfix d-clearfix\">\n<div class=\"col-sm-12 col-md-4 col-xs-4\">\n<div class=\"thumbnail\"><img decoding=\"async\" src=\"https:\/\/ghgalaxyhome.com\/wp-content\/uploads\/2024\/06\/file_01658476653996.jpg?x-oss-process=image\/resize,m_lfit,w_1224\/format,webp\/quality,80\" alt=\"\" data-src=\"https:\/\/ghgalaxyhome.com\/wp-content\/uploads\/2024\/06\/file_01658476653996.jpg\" class=\"img-self show_imgss\"><br \/>\n &nbsp; &nbsp; &nbsp; &nbsp; &nbsp; &nbsp; &nbsp; &nbsp;<\/p>\n<div class=\"caption\">\n<div class=\"h3\"><\/div>\n<\/div>\n<\/div>\n<\/div>\n<div class=\"col-sm-12 col-md-4 col-xs-4\">\n<div class=\"thumbnail\"><img decoding=\"async\" src=\"https:\/\/ghgalaxyhome.com\/wp-content\/uploads\/2024\/06\/file_01658476634606.jpg?x-oss-process=image\/resize,m_lfit,w_1224\/format,webp\/quality,80\" alt=\"\" data-src=\"https:\/\/ghgalaxyhome.com\/wp-content\/uploads\/2024\/06\/file_01658476634606.jpg\" class=\"img-self show_imgss\"><br \/>\n &nbsp; &nbsp; &nbsp; &nbsp; &nbsp; &nbsp; &nbsp; &nbsp;<\/p>\n<div class=\"caption\">\n<p><\/p>\n<\/div>\n<\/div>\n<\/div>\n<div class=\"col-sm-12 col-md-4 col-xs-4\">\n<div class=\"thumbnail\"><img decoding=\"async\" src=\"https:\/\/ghgalaxyhome.com\/wp-content\/uploads\/2024\/06\/file_01658476571132.jpg?x-oss-process=image\/resize,m_lfit,w_1224\/format,webp\/quality,80\" alt=\"\" data-src=\"https:\/\/ghgalaxyhome.com\/wp-content\/uploads\/2024\/06\/file_01658476571132.jpg\" class=\"img-self show_imgss\">&nbsp; &nbsp; &nbsp; &nbsp; &nbsp; &nbsp; &nbsp; &nbsp; &nbsp;<\/div>\n<\/div>\n<\/div>\n<\/div>\n<p><\/p>\n<table>\n<tbody>\n<tr class=\"ue-table-interlace-color-single firstRow\">\n<td width=\"311\" valign=\"top\">Marca de producto<\/td>\n<td width=\"311\" valign=\"top\">Inicio Galaxy<\/td>\n<td width=\"311\" valign=\"top\">Estilo de dise\u00f1o<\/td>\n<td width=\"311\" valign=\"top\">Moderno<\/td>\n<\/tr>\n<tr class=\"ue-table-interlace-color-double\">\n<td width=\"311\" valign=\"top\">tipo de producto<\/td>\n<td width=\"311\" valign=\"top\">combinaci\u00f3n de gabinete<\/td>\n<td width=\"311\" valign=\"top\">Tipo de instalaci\u00f3n<\/td>\n<td width=\"311\" valign=\"top\">Montado en la pared<\/td>\n<\/tr>\n<tr class=\"ue-table-interlace-color-single\">\n<td width=\"311\" valign=\"top\">Garant\u00eda<\/td>\n<td width=\"311\" valign=\"top\">3 a\u00f1os<\/td>\n<td width=\"311\" valign=\"top\">Lugar de origen<\/td>\n<td width=\"311\" valign=\"top\">Fosh\u00e1n, China<\/td>\n<\/tr>\n<tr class=\"ue-table-interlace-color-double\">\n<td width=\"311\" valign=\"top\">Espejo&nbsp;<\/td>\n<td width=\"311\" valign=\"top\">Incluido&nbsp;<\/td>\n<td width=\"311\" valign=\"top\">Servicio postventa<\/td>\n<td width=\"311\" valign=\"top\">Soporte en l\u00ednea para repuestos t\u00e9cnicos y gratuitos<\/td>\n<\/tr>\n<tr class=\"ue-table-interlace-color-single\">\n<td width=\"311\" valign=\"top\">Luz de espejo<\/td>\n<td width=\"311\" valign=\"top\">Incluido&nbsp;<\/td>\n<td width=\"311\" valign=\"top\">M\u00e9todo de entrega<\/td>\n<td width=\"311\" valign=\"top\">Env\u00edo o seg\u00fan lo discutido<\/td>\n<\/tr>\n<tr class=\"ue-table-interlace-color-double\">\n<td valign=\"top\" colspan=\"1\" rowspan=\"1\">Cuenca<\/td>\n<td valign=\"top\" colspan=\"1\" rowspan=\"1\">Incluido&nbsp;<\/td>\n<td valign=\"top\" colspan=\"1\" rowspan=\"1\">Aplicaci\u00f3n del producto<\/td>\n<td valign=\"top\" colspan=\"1\" rowspan=\"1\">Ba\u00f1os de residencias, restaurantes y hoteles.<\/td>\n<\/tr>\n<tr class=\"ue-table-interlace-color-single\">\n<td valign=\"top\" colspan=\"1\" rowspan=\"1\">encimera<\/td>\n<td valign=\"top\" colspan=\"1\" rowspan=\"1\">Incluido&nbsp;<\/td>\n<td valign=\"top\" colspan=\"1\" rowspan=\"1\">Servicio de personalizaci\u00f3n<\/td>\n<td valign=\"top\" colspan=\"1\" rowspan=\"1\">Disponible en tama\u00f1o, color, funciones de espejo y forma.<\/td>\n<\/tr>\n<tr class=\"ue-table-interlace-color-double\">\n<td valign=\"top\" colspan=\"1\" rowspan=\"1\">Cuenca<\/td>\n<td valign=\"top\" colspan=\"1\" rowspan=\"1\">Incluido&nbsp;<\/td>\n<td valign=\"top\" colspan=\"1\" rowspan=\"1\">Material de cart\u00f3n<\/td>\n<td valign=\"top\" colspan=\"1\" rowspan=\"1\">Madera maciza<\/td>\n<\/tr>\n<tr class=\"ue-table-interlace-color-single\">\n<td valign=\"top\" colspan=\"1\" rowspan=\"1\">Plazo de EJECUCION<\/td>\n<td valign=\"top\" colspan=\"1\" rowspan=\"1\">25 d\u00edas<\/td>\n<td valign=\"top\" colspan=\"1\" rowspan=\"1\"><\/td>\n<td valign=\"top\" colspan=\"1\" rowspan=\"1\"><\/td>\n<\/tr>\n<\/tbody>\n<\/table>\n<div class=\"text-center d-tem20-title border-color d-interval\" data-detail=\"wrap\">\n<div class=\"title-header\">\n<div class=\"title font-color\">\n<div class=\"title font-color\" style=\"font-size: 16px;font-family: Montserrat-Regular-8, Arial, myanmar_font;font-weight: 700;overflow: hidden;text-align: center;max-width: 100%\"><span style=\"max-width: 100%;font-size: 24px\">Sobre la empresa<\/span><\/div>\n<div class=\"description\" style=\"max-width: 100%;font-family: CeraPRO-Regular, Arial, myanmar_font;text-align: center\">Cosas que quiz\u00e1s quieras saber<\/div>\n<\/div>\n<\/div>\n<\/div>\n<p style=\"text-align: center\"><img decoding=\"async\" src=\"https:\/\/ghgalaxyhome.com\/wp-content\/uploads\/2024\/06\/file_01655518919144.jpg?x-oss-process=image\/resize,m_lfit,w_1224\/format,webp\/quality,80\" alt=\"\" data-src=\"https:\/\/ghgalaxyhome.com\/wp-content\/uploads\/2024\/06\/file_01655518919144.jpg\" class=\"img-self show_imgss\"><\/p>\n<div class=\"text-center d-tem20-title border-color d-interval\" data-detail=\"wrap\">\n<div class=\"title-header\">\n<div class=\"title font-color\"><span style=\"font-size: 24px\"><strong>Preguntas m\u00e1s frecuentes<\/strong><\/span><\/div>\n<\/div>\n<\/div>\n<div class=\"de_m_faq_5 cont_section\">\n<ul class=\"_ul\">\n<li class=\"_li\">\n<div class=\"li_head\">1. \u00bfQu\u00e9 tipo de productos pueden ofrecer?<\/div>\n<div class=\"li_con\">Los principales productos de GALAXY HOME son tocadores de ba\u00f1o, ba\u00f1eras, grifos de lavabo, cabezales de ducha, mamparas de ducha, inodoros y accesorios de ba\u00f1o.<\/div>\n<\/li>\n<li class=\"_li\">\n<div class=\"li_head\">2.\u00bfEs posible la personalizaci\u00f3n?<\/div>\n<div class=\"li_con\">S\u00ed. Contamos con un equipo profesional de dise\u00f1o y producci\u00f3n con rica experiencia. Cu\u00e9ntanos tus demandas y te ofrecemos una soluci\u00f3n.<\/div>\n<\/li>\n<li class=\"_li\">\n<div class=\"li_head\">3. \u00bfEs aceptable ODM u OEM?<\/div>\n<div class=\"li_con\">S\u00ed. Debido a la experiencia de producci\u00f3n y exportaci\u00f3n de al menos 18 a\u00f1os, hemos finalizado muchos pedidos de ODM y OEM en los \u00faltimos a\u00f1os. Nuestra f\u00e1brica cubre un \u00e1rea de 40000? O con l\u00edneas de producci\u00f3n avanzadas. Nuestra capacidad para hacer ODM y OEM es confiable.<\/div>\n<\/li>\n<li class=\"_li\">\n<div class=\"li_head\">4. \u00bfQu\u00e9 certificados de producto tienes?<\/div>\n<div class=\"li_con\">Los productos GALAXY HOME han sido certificados por SGS, CNAS, CMA, CAL y jlac-mra. Se han emitido certificados.<\/div>\n<\/li>\n<li class=\"_li\">\n<div class=\"li_head\">5. \u00bfC\u00f3mo puedo obtener el precio m\u00e1s reciente?<\/div>\n<div class=\"li_con\">Los clientes pueden hacer clic en el bot\u00f3n Cont\u00e1ctenos para enviarnos una consulta. Generalmente cotizamos dentro de las 24 horas durante los d\u00edas h\u00e1biles. Tambi\u00e9n puedes enviarnos un correo electr\u00f3nico o un WhatsApp directamente si deseas una respuesta r\u00e1pida. La direcci\u00f3n de correo electr\u00f3nico es info@ghgalaxyhome.com y el n\u00famero de tel\u00e9fono es 86-17722731431.<\/div>\n<\/li>\n<li class=\"_li\">\n<div class=\"li_head\">6.\u00bfPuedo comprar muestras?<\/div>\n<div class=\"li_con\">S\u00ed. Se pueden discutir detalles como el flete y el tiempo de entrega.<\/div>\n<\/li>\n<li class=\"_li\">\n<div class=\"li_head\">7. \u00bfCu\u00e1l es el tiempo de entrega?<\/div>\n<div class=\"li_con\">El plazo de entrega depende de la cantidad del pedido y del stock. Generalmente es de 7 a 15 d\u00edas para existencias adecuadas y de unos 30 d\u00edas para existencias bajas.<\/div>\n<\/li>\n<li class=\"_li\">\n<div class=\"li_head\">8. \u00bfCu\u00e1l es la forma de entrega?<\/div>\n<div class=\"li_con\">Los productos pueden entregarse por mar, aire o expreso (EMS, UPS, DHL, TNT, FEDEX, etc.). Por favor hable con nosotros antes de realizar pedidos.<\/div>\n<\/li>\n<li class=\"_li\">\n<div class=\"li_head\">9.\u00bfC\u00f3mo puedo pagar? \u00bfCu\u00e1l es el m\u00e9todo de pago?<\/div>\n<div class=\"li_con\">Se aceptan T\/T, L\/C, Western Union, Moneygram y Paypal.<\/div>\n<\/li>\n<li class=\"_li\">\n<div class=\"li_head\">10.\u00bfQu\u00e9 puedes hacer para asegurar la calidad?<\/div>\n<div class=\"li_con\">El departamento de inspecci\u00f3n de calidad de nuestra f\u00e1brica controla cada aspecto de la producci\u00f3n. Tambi\u00e9n te mantendremos informado mediante fotos y v\u00eddeos para asegurarnos de que cada detalle est\u00e9 solucionado. Siempre nos mantendremos en contacto con los compradores en caso de cualquier pregunta.<\/div>\n<\/li>\n<\/ul>\n<\/div>\n<p><\/p>\n<p><\/p>\n<p><\/p>\n<\/p><\/div>","protected":false},"excerpt":{"rendered":"<p>Developed by the professional R&#038;D department of GALAXY HOME, the New Design Bathroom Wooden Cabinet With 3D Mirror has high quality as usual. Made of?superior oak, the cabinet is strong, durable and able to be made into different colors. The most amazing part of this?New Design Bathroom Wooden Cabinet is definitely the mirror. Unlike the other mirrors with simple LED lights, which are good but not stunning enough, this new mirror? can easily took our breath away.<\/p>","protected":false},"featured_media":31440,"comment_status":"open","ping_status":"closed","template":"","meta":[],"product_brand":[],"product_cat":[18],"product_tag":[],"class_list":{"0":"post-39340","1":"product","2":"type-product","3":"status-publish","4":"has-post-thumbnail","6":"product_cat-products-40712","8":"first","9":"instock","10":"shipping-taxable","11":"product-type-simple"},"_links":{"self":[{"href":"https:\/\/ghgalaxyhome.com\/es\/wp-json\/wp\/v2\/product\/39340","targetHints":{"allow":["GET"]}}],"collection":[{"href":"https:\/\/ghgalaxyhome.com\/es\/wp-json\/wp\/v2\/product"}],"about":[{"href":"https:\/\/ghgalaxyhome.com\/es\/wp-json\/wp\/v2\/types\/product"}],"replies":[{"embeddable":true,"href":"https:\/\/ghgalaxyhome.com\/es\/wp-json\/wp\/v2\/comments?post=39340"}],"version-history":[{"count":2,"href":"https:\/\/ghgalaxyhome.com\/es\/wp-json\/wp\/v2\/product\/39340\/revisions"}],"predecessor-version":[{"id":41626,"href":"https:\/\/ghgalaxyhome.com\/es\/wp-json\/wp\/v2\/product\/39340\/revisions\/41626"}],"wp:featuredmedia":[{"embeddable":true,"href":"https:\/\/ghgalaxyhome.com\/es\/wp-json\/wp\/v2\/media\/31440"}],"wp:attachment":[{"href":"https:\/\/ghgalaxyhome.com\/es\/wp-json\/wp\/v2\/media?parent=39340"}],"wp:term":[{"taxonomy":"product_brand","embeddable":true,"href":"https:\/\/ghgalaxyhome.com\/es\/wp-json\/wp\/v2\/product_brand?post=39340"},{"taxonomy":"product_cat","embeddable":true,"href":"https:\/\/ghgalaxyhome.com\/es\/wp-json\/wp\/v2\/product_cat?post=39340"},{"taxonomy":"product_tag","embeddable":true,"href":"https:\/\/ghgalaxyhome.com\/es\/wp-json\/wp\/v2\/product_tag?post=39340"}],"curies":[{"name":"wp","href":"https:\/\/api.w.org\/{rel}","templated":true}]}}