{"id":39324,"date":"2024-06-10T14:34:18","date_gmt":"2024-06-10T14:34:18","guid":{"rendered":"https:\/\/ghgalaxyhome.com\/?post_type=product&#038;p=39324"},"modified":"2024-06-10T15:37:51","modified_gmt":"2024-06-10T15:37:51","slug":"products-detail-4580454","status":"publish","type":"product","link":"https:\/\/ghgalaxyhome.com\/es\/video\/products-detail-4580454","title":{"rendered":"Soluciones de almacenamiento de lujo fabricantes de muebles de tocador de ba\u00f1o de China | Inicio Galaxy"},"content":{"rendered":"<div class=\"cons_box ls-product\">\n<div class=\"d-tem07-title text-center d-interval\" data-detail=\"wrap\">\n<div class=\"title-header\">\n<div class=\"title\">\n\t\t\t<span class=\"title-border\">Presentaci\u00f3n de productos<\/span>\n\t\t<\/div>\n<div class=\"subtitle\">Tocador de ba\u00f1o<\/div>\n<\/p><\/div>\n<\/div>\n<p style=\"text-align: center\"><img decoding=\"async\" src=\"https:\/\/ghgalaxyhome.com\/wp-content\/uploads\/2024\/06\/file_01705117944136.jpg?x-oss-process=image\/resize,m_lfit,w_1224\/format,webp\/quality,80\" alt=\"\" data-src=\"https:\/\/ghgalaxyhome.com\/wp-content\/uploads\/2024\/06\/file_01705117944136.jpg\" class=\"img-self show_imgss\"><\/p>\n<p><\/p>\n<table width=\"1362\">\n<tbody>\n<tr class=\"firstRow\">\n<td valign=\"top\" width=\"266\"><strong>Garant\u00eda<\/strong><\/td>\n<td valign=\"top\" width=\"375\">2 a\u00f1os<\/td>\n<td valign=\"top\" width=\"306\"><strong>Servicio postventa<\/strong><\/td>\n<td valign=\"top\" width=\"413\">Soporte t\u00e9cnico en l\u00ednea<\/td>\n<\/tr>\n<tr>\n<td valign=\"top\" width=\"266\"><strong>Lugar de origen<\/strong><\/td>\n<td valign=\"top\" width=\"375\">Guangdong, China<\/td>\n<td valign=\"top\" width=\"306\"><strong>Nombre de la marca<\/strong><\/td>\n<td valign=\"top\" width=\"413\">Inicio Galaxy<\/td>\n<\/tr>\n<tr>\n<td valign=\"top\" width=\"266\"><strong>Estilo<\/strong><\/td>\n<td valign=\"top\" width=\"375\">Lujo<\/td>\n<td valign=\"top\" width=\"306\"><strong>Forma<\/strong><\/td>\n<td valign=\"top\" width=\"413\">Rect\u00e1ngulo<\/td>\n<\/tr>\n<tr>\n<td valign=\"top\" width=\"266\"><strong>nombre del producto<\/strong><\/td>\n<td valign=\"top\" width=\"375\">Conjunto de gabinetes de ba\u00f1o<\/td>\n<td valign=\"top\" width=\"306\"><strong>Tama\u00f1o<\/strong><\/td>\n<td valign=\"top\" width=\"413\">Personalizado<\/td>\n<\/tr>\n<tr>\n<td valign=\"top\" colspan=\"1\" rowspan=\"1\" width=\"266\"><strong>Color<\/strong><\/td>\n<td valign=\"top\" colspan=\"1\" rowspan=\"1\" width=\"375\">Color personalizado<\/td>\n<td valign=\"top\" colspan=\"1\" rowspan=\"1\" width=\"306\"><strong>Cantidad m\u00ednima de pedido<\/strong><\/td>\n<td valign=\"top\" colspan=\"1\" rowspan=\"1\" width=\"413\">1 juego<\/td>\n<\/tr>\n<tr>\n<td valign=\"top\" colspan=\"1\" rowspan=\"1\" width=\"266\"><strong>Caracter\u00edstica<\/strong><\/td>\n<td valign=\"top\" colspan=\"1\" rowspan=\"1\" width=\"375\">Impermeable<\/td>\n<td valign=\"top\" colspan=\"1\" rowspan=\"1\" width=\"306\"><strong>Uso<\/strong><\/td>\n<td valign=\"top\" colspan=\"1\" rowspan=\"1\" width=\"413\">Muebles de ba\u00f1o para el hogar del hotel<\/td>\n<\/tr>\n<\/tbody>\n<\/table>\n<div class=\"d-tem11-graphic tem11-graphic mockup\" data-detail=\"wrap\">\n<div class=\"tab_row\">\n<div class=\"img\" style=\"width:50%\"><img decoding=\"async\" src=\"https:\/\/ghgalaxyhome.com\/wp-content\/uploads\/2024\/06\/file_31705115189913.jpg?x-oss-process=image\/resize,m_lfit,w_1224\/format,webp\/quality,80\" alt=\"\" data-src=\"https:\/\/ghgalaxyhome.com\/wp-content\/uploads\/2024\/06\/file_31705115189913.jpg\" class=\"img-self show_imgss\"><\/div>\n<div class=\"text_box\" style=\"width:50%\">\n<div class=\"txt\">\n<div class=\"title\">Combinaci\u00f3n de ba\u00f1o expansiva: gabinete con espejo + <a href=\"https:\/\/www.ghgalaxyhome.com\/products-40712\" target=\"_self\" title=\"unidad de tocador\" data-lv=\"0\" rel=\"noopener\">Unidad de tocador<\/a>.<\/div>\n<div class=\"description\">\n<p><\/p>\n<p><span style=\"font-size: 18px;font-family: arial, helvetica, sans-serif\">Eleve el almacenamiento de su ba\u00f1o con nuestro mueble de tocador que ofrece abundante espacio y cuenta con un compartimento grande y uno peque\u00f1o. El lado izquierdo del gabinete con espejo incluye un lugar designado para un secador de pelo y un almacenamiento eficiente para los elementos esenciales para el cuidado de la piel de uso frecuente. En el lado derecho, un armario lateral de tres niveles garantiza una meticulosa organizaci\u00f3n de sus art\u00edculos. Experimente opciones personalizables para el mueble de tocador, que le permitir\u00e1n adaptar el material, las dimensiones y las caracter\u00edsticas a sus preferencias.<\/span><\/p>\n<p><\/p>\n<p><\/p>\n<p><\/p>\n<p><\/p>\n<p><\/p>\n<\/div>\n<\/div>\n<\/div>\n<\/div>\n<\/div>\n<div class=\"d-tem12-graphic d-tem11-graphic tem12-graphic tem11-graphic mockup\" data-detail=\"wrap\">\n<div class=\"tab_row\">\n<div class=\"img\" style=\"width:50%\"><img decoding=\"async\" src=\"https:\/\/ghgalaxyhome.com\/wp-content\/uploads\/2024\/06\/file_01705124388855.jpg?x-oss-process=image\/resize,m_lfit,w_1224\/format,webp\/quality,80\" alt=\"\" data-src=\"https:\/\/ghgalaxyhome.com\/wp-content\/uploads\/2024\/06\/file_01705124388855.jpg\" class=\"img-self show_imgss\"><\/div>\n<div class=\"text_box\" style=\"width:50%\">\n<div class=\"txt\">\n<div class=\"title\" style=\"text-align: left\"><span style=\"font-size: 18px\">Gabinete con espejo iluminado por LED y amplio espacio de almacenamiento.<\/span><\/div>\n<p style=\"text-align: left\"><\/p>\n<p style=\"text-align: left\"><span style=\"font-size: 18px\">Explore la funcionalidad de nuestro gabinete con espejo iluminado por LED, que cuenta con un dise\u00f1o espacioso y una puerta con espejo a la derecha que se puede utilizar sin abrir. Cuando se abre, el interior con espejos ofrece un espacio pr\u00e1ctico para las necesidades diarias, completo con un lugar exclusivo para guardar un secador de pelo. El lado izquierdo cuenta con un gabinete lateral de tres niveles para almacenamiento organizado. Mejorado con tiras de luz LED en ambos lados, este gabinete no solo brinda practicidad sino que tambi\u00e9n eleva su ba\u00f1o con una iluminaci\u00f3n elegante.<\/span><\/p>\n<\/div>\n<\/div>\n<\/div>\n<\/div>\n<div class=\"d-tem16-graphic mockup\" data-detail=\"wrap\">\n<div class=\"clearfix d-clearfix\">\n<div class=\"col-md-3 col-sm-6 col-xs-6\">\n<div class=\"thumbnail\"><img decoding=\"async\" src=\"https:\/\/ghgalaxyhome.com\/wp-content\/uploads\/2024\/06\/file_01705125035780.jpg?x-oss-process=image\/resize,m_lfit,w_1224\/format,webp\/quality,80\" alt=\"\" data-src=\"https:\/\/ghgalaxyhome.com\/wp-content\/uploads\/2024\/06\/file_01705125035780.jpg\" class=\"img-self show_imgss\"><br \/>\n &nbsp; &nbsp; &nbsp; &nbsp; &nbsp; &nbsp; &nbsp; &nbsp;<\/p>\n<div class=\"caption\">\n<p>??Bot\u00f3n de un toque??<\/p>\n<p>*Tres colores de luz cambian.<\/p>\n<p>(\u00bfBlanco\/neutro\/c\u00e1lido?<\/p>\n<p>*Atenuaci\u00f3n de luz<\/p>\n<p>*Anti niebla<\/p>\n<\/div>\n<\/div>\n<\/div>\n<div class=\"col-md-3 col-sm-6 col-xs-6\">\n<div class=\"thumbnail\"><img decoding=\"async\" src=\"https:\/\/ghgalaxyhome.com\/wp-content\/uploads\/2024\/06\/file_01705125098745.jpg?x-oss-process=image\/resize,m_lfit,w_1224\/format,webp\/quality,80\" alt=\"\" data-src=\"https:\/\/ghgalaxyhome.com\/wp-content\/uploads\/2024\/06\/file_01705125098745.jpg\" class=\"img-self show_imgss\"><br \/>\n &nbsp; &nbsp; &nbsp; &nbsp; &nbsp; &nbsp; &nbsp; &nbsp;<\/p>\n<div class=\"caption\">\n<div class=\"h3\">\n<p>??Bot\u00f3n de un toque??<\/p>\n<p>*Tres colores de luz cambian.<\/p>\n<p>(blanco\/neutro\/c\u00e1lido)<\/p>\n<p>*Atenuaci\u00f3n de luz<\/p>\n<p>*Visualizaci\u00f3n de la hora<\/p>\n<p>*Pantalla de temperatura<\/p>\n<p>*Anti niebla<\/p>\n<\/div>\n<\/div>\n<\/div>\n<\/div>\n<div class=\"col-md-3 col-sm-6 col-xs-6\">\n<div class=\"thumbnail\"><img decoding=\"async\" src=\"https:\/\/ghgalaxyhome.com\/wp-content\/uploads\/2024\/06\/file_01705125160891.jpg?x-oss-process=image\/resize,m_lfit,w_1224\/format,webp\/quality,80\" alt=\"\" data-src=\"https:\/\/ghgalaxyhome.com\/wp-content\/uploads\/2024\/06\/file_01705125160891.jpg\" class=\"img-self show_imgss\"><br \/>\n &nbsp; &nbsp; &nbsp; &nbsp; &nbsp; &nbsp; &nbsp; &nbsp;<\/p>\n<div class=\"caption\">\n<p>??Dos botones t\u00e1ctiles??<\/p>\n<p>*Tres colores de luz cambian.<\/p>\n<p>??blanco\/neutral\/c\u00e1lido??<\/p>\n<p>*Atenuaci\u00f3n de luz<\/p>\n<p>*Anti niebla<\/p>\n<\/div>\n<\/div>\n<\/div>\n<div class=\"col-md-3 col-sm-6 col-xs-6\">\n<div class=\"thumbnail\"><img decoding=\"async\" src=\"https:\/\/ghgalaxyhome.com\/wp-content\/uploads\/2024\/06\/file_01705125233853.jpg?x-oss-process=image\/resize,m_lfit,w_1224\/format,webp\/quality,80\" alt=\"\" data-src=\"https:\/\/ghgalaxyhome.com\/wp-content\/uploads\/2024\/06\/file_01705125233853.jpg\" class=\"img-self show_imgss\"><br \/>\n &nbsp; &nbsp; &nbsp; &nbsp; &nbsp; &nbsp; &nbsp; &nbsp;<\/p>\n<div class=\"caption\">\n<div class=\"h3\">\n<p>??Dos botones t\u00e1ctiles??<\/p>\n<p>*Tres colores de luz cambian.<\/p>\n<p>(\u00bfBlanco\/neutro\/c\u00e1lido?<\/p>\n<p>*Atenuaci\u00f3n de luz<\/p>\n<p>*Visualizaci\u00f3n de la hora<\/p>\n<p>*Pantalla de temperatura<\/p>\n<p>*Anti niebla<\/p>\n<\/div>\n<\/div>\n<\/div>\n<\/div>\n<\/div>\n<\/div>\n<p><\/p>\n<p><\/p>\n<div class=\"d-tem16-graphic mockup\" data-detail=\"wrap\">\n<div class=\"clearfix d-clearfix\">\n<div class=\"col-md-3 col-sm-6 col-xs-6\">\n<div class=\"thumbnail\"><img decoding=\"async\" src=\"https:\/\/ghgalaxyhome.com\/wp-content\/uploads\/2024\/06\/file_01705125318288.jpg?x-oss-process=image\/resize,m_lfit,w_1224\/format,webp\/quality,80\" alt=\"\" data-src=\"https:\/\/ghgalaxyhome.com\/wp-content\/uploads\/2024\/06\/file_01705125318288.jpg\" class=\"img-self show_imgss\"><br \/>\n &nbsp; &nbsp; &nbsp; &nbsp; &nbsp; &nbsp; &nbsp; &nbsp;<\/p>\n<div class=\"caption\">\n<p>??Sensor de radar??<\/p>\n<p>*Tres colores de luz cambian.<\/p>\n<p>(blanco\/neutro c\u00e1lido)<\/p>\n<p>*Atenuaci\u00f3n de luz<\/p>\n<p>*Anti niebla<\/p>\n<\/div>\n<\/div>\n<\/div>\n<div class=\"col-md-3 col-sm-6 col-xs-6\">\n<div class=\"thumbnail\"><img decoding=\"async\" src=\"https:\/\/ghgalaxyhome.com\/wp-content\/uploads\/2024\/06\/file_01705125388311.jpg?x-oss-process=image\/resize,m_lfit,w_1224\/format,webp\/quality,80\" alt=\"\" data-src=\"https:\/\/ghgalaxyhome.com\/wp-content\/uploads\/2024\/06\/file_01705125388311.jpg\" class=\"img-self show_imgss\"><br \/>\n &nbsp; &nbsp; &nbsp; &nbsp; &nbsp; &nbsp; &nbsp; &nbsp;<\/p>\n<div class=\"caption\">\n<p>??Sensor de infrarrojos??<\/p>\n<p>*Tres colores de luz cambian.<\/p>\n<p>(\u00bfBlanco\/neutro\/c\u00e1lido?<\/p>\n<p>*Atenuaci\u00f3n de luz<\/p>\n<p>*Anti niebla<\/p>\n<\/div>\n<\/div>\n<\/div>\n<div class=\"col-md-3 col-sm-6 col-xs-6\">\n<div class=\"thumbnail\"><img decoding=\"async\" src=\"https:\/\/ghgalaxyhome.com\/wp-content\/uploads\/2024\/06\/file_01705125450408.jpg?x-oss-process=image\/resize,m_lfit,w_1224\/format,webp\/quality,80\" alt=\"\" data-src=\"https:\/\/ghgalaxyhome.com\/wp-content\/uploads\/2024\/06\/file_01705125450408.jpg\" class=\"img-self show_imgss\"><br \/>\n &nbsp; &nbsp; &nbsp; &nbsp; &nbsp; &nbsp; &nbsp; &nbsp;<\/p>\n<div class=\"caption\">\n<p>??Tres botones t\u00e1ctiles??<\/p>\n<p>*Tres colores de luz cambian.<\/p>\n<p>(\u00bfBlanco\/neutro\/c\u00e1lido?<\/p>\n<p>*Atenuaci\u00f3n de luzAntivaho<\/p>\n<\/div>\n<\/div>\n<\/div>\n<div class=\"col-md-3 col-sm-6 col-xs-6\">\n<div class=\"thumbnail\"><img decoding=\"async\" src=\"https:\/\/ghgalaxyhome.com\/wp-content\/uploads\/2024\/06\/file_01705125508315.jpg?x-oss-process=image\/resize,m_lfit,w_1224\/format,webp\/quality,80\" alt=\"\" data-src=\"https:\/\/ghgalaxyhome.com\/wp-content\/uploads\/2024\/06\/file_01705125508315.jpg\" class=\"img-self show_imgss\"><br \/>\n &nbsp; &nbsp; &nbsp; &nbsp; &nbsp; &nbsp; &nbsp; &nbsp;<\/p>\n<div class=\"caption\">\n<div class=\"h3\">\n<p>??Seis sensores de radar t\u00e1ctiles??<\/p>\n<p>*Tres colores de luz cambian.<\/p>\n<p>??blanco\/neutral\/c\u00e1lido??<\/p>\n<p>*Atenuaci\u00f3n de luz<\/p>\n<p>* Visualizaci\u00f3n de hora, temperatura y fecha<\/p>\n<p>*Anti niebla<\/p>\n<p>*M\u00fasica Bluetooth<\/p>\n<\/div>\n<\/div>\n<\/div>\n<\/div>\n<\/div>\n<\/div>\n<p><\/p>\n<div class=\"d-tem11-graphic tem11-graphic mockup\" data-detail=\"wrap\">\n<div class=\"tab_row\">\n<div class=\"img\" style=\"width:50%\"><img decoding=\"async\" src=\"https:\/\/ghgalaxyhome.com\/wp-content\/uploads\/2024\/06\/file_01705115189913.jpg?x-oss-process=image\/resize,m_lfit,w_1224\/format,webp\/quality,80\" alt=\"\" data-src=\"https:\/\/ghgalaxyhome.com\/wp-content\/uploads\/2024\/06\/file_01705115189913.jpg\" class=\"img-self show_imgss\"><\/div>\n<div class=\"text_box\" style=\"width:50%\">\n<div class=\"txt\">\n<div class=\"title\"><span style=\"font-size: 18px\">Mueble de ba\u00f1o color crema: personalizable, de madera maciza y con espacio de almacenamiento espacioso<\/span><\/div>\n<p><\/p>\n<p><span style=\"font-size: 18px\">Explora la sofisticaci\u00f3n de nuestro mueble de ba\u00f1o color crema. Elaborado en madera maciza con un acabado de pintura suave y respetuoso con la salud, este armario ofrece un amplio espacio de almacenamiento y cuenta con un compartimento grande y otro peque\u00f1o. El tono crema es personalizable y Galaxyhome ofrece opciones en diferentes materiales como madera maciza o enchapado. La encimera de piedra sinterizada color crema, perfectamente integrada, a\u00f1ade un toque de lujo y se complementa con un fregadero de cer\u00e1mica. Descubra la combinaci\u00f3n perfecta de estilo y funcionalidad para su ba\u00f1o.<\/span><\/p>\n<\/div>\n<\/div>\n<\/div>\n<\/div>\n<p><\/p>\n<p><\/p>\n<p><\/p>\n<p><\/p>\n<p><\/p>\n<p><\/p>\n<p><\/p>\n<p><\/p>\n<p><\/p>\n<p><\/p>\n<p><\/p>\n<\/p><\/div>","protected":false},"excerpt":{"rendered":"<p>El juego de tocador de ba\u00f1o de madera maciza, elegante color crema, ofrece un amplio espacio de almacenamiento tanto en el mueble del ba\u00f1o como en el mueble con espejo. El mueble con espejo iluminado cuenta con un espacio exclusivo para guardar el secador de pelo. La encimera est\u00e1 elaborada a la perfecci\u00f3n con piedra sinterizada y se combina con un lavabo de cer\u00e1mica. Hay servicios de personalizaci\u00f3n disponibles, que le permiten adaptar el material, el tama\u00f1o y las caracter\u00edsticas del mueble de ba\u00f1o.<\/p>","protected":false},"featured_media":31373,"comment_status":"open","ping_status":"closed","template":"","meta":[],"product_brand":[],"product_cat":[18],"product_tag":[],"class_list":{"0":"post-39324","1":"product","2":"type-product","3":"status-publish","4":"has-post-thumbnail","6":"product_cat-products-40712","8":"first","9":"instock","10":"shipping-taxable","11":"product-type-simple"},"_links":{"self":[{"href":"https:\/\/ghgalaxyhome.com\/es\/wp-json\/wp\/v2\/product\/39324","targetHints":{"allow":["GET"]}}],"collection":[{"href":"https:\/\/ghgalaxyhome.com\/es\/wp-json\/wp\/v2\/product"}],"about":[{"href":"https:\/\/ghgalaxyhome.com\/es\/wp-json\/wp\/v2\/types\/product"}],"replies":[{"embeddable":true,"href":"https:\/\/ghgalaxyhome.com\/es\/wp-json\/wp\/v2\/comments?post=39324"}],"version-history":[{"count":2,"href":"https:\/\/ghgalaxyhome.com\/es\/wp-json\/wp\/v2\/product\/39324\/revisions"}],"predecessor-version":[{"id":41634,"href":"https:\/\/ghgalaxyhome.com\/es\/wp-json\/wp\/v2\/product\/39324\/revisions\/41634"}],"wp:featuredmedia":[{"embeddable":true,"href":"https:\/\/ghgalaxyhome.com\/es\/wp-json\/wp\/v2\/media\/31373"}],"wp:attachment":[{"href":"https:\/\/ghgalaxyhome.com\/es\/wp-json\/wp\/v2\/media?parent=39324"}],"wp:term":[{"taxonomy":"product_brand","embeddable":true,"href":"https:\/\/ghgalaxyhome.com\/es\/wp-json\/wp\/v2\/product_brand?post=39324"},{"taxonomy":"product_cat","embeddable":true,"href":"https:\/\/ghgalaxyhome.com\/es\/wp-json\/wp\/v2\/product_cat?post=39324"},{"taxonomy":"product_tag","embeddable":true,"href":"https:\/\/ghgalaxyhome.com\/es\/wp-json\/wp\/v2\/product_tag?post=39324"}],"curies":[{"name":"wp","href":"https:\/\/api.w.org\/{rel}","templated":true}]}}