{"id":31141,"date":"2024-06-09T16:56:27","date_gmt":"2024-06-09T16:56:27","guid":{"rendered":"https:\/\/ghgalaxyhome.com\/?post_type=product&#038;p=31141"},"modified":"2024-06-09T17:02:23","modified_gmt":"2024-06-09T17:02:23","slug":"products-detail-581894","status":"publish","type":"product","link":"https:\/\/ghgalaxyhome.com\/es\/video\/products-detail-581894","title":{"rendered":"Galaxy Home &#8211; Model BT09914 192 Modern Free Standing Bathroom Adult 2 Person White Bathroom Bathtubs Bathtubs"},"content":{"rendered":"<div class=\"cons_box ls-product\">\n<p>Foshan Baihuo Home Technology Co., Ltd. has been one of the industry leaders due to providing high-quality products to clients and it is very possible for the company to achieve a greater advancement in the future. Our employees are skilled at utilizing tools and technology to manufacture Model BT09914 192 Modern Free Standing Bathroom Adult 2 Person White Bathroom Bathtubs.The product has an enormous application range and now is widely used in the field(s) of Bathtubs &#038; Whirlpools. Reflecting the latest industry trend and development, our Model BT09914 192 Modern Free Standing Bathroom Adult 2 Person White Bathroom Bathtubs is designed to be attractive enough to catch people&#8217;s attention. Moreover, it has some excellent characteristics, which makes it more value-added. In this competitive market, this Bathtubs &#038; Whirlpools has the greatest appreciation space.<\/p>\n<div class=\"rich-text-table\">\n<table>\n<tbody>\n<tr>\n<td style=\"width:25%;padding:5px 20px;font-size:14px;background:#f8fafc\">Garant\u00eda:<\/td>\n<td style=\"width:25%;padding:5px 20px;font-size:14px\">3 a\u00f1os<\/td>\n<td style=\"width:25%;padding:5px 20px;font-size:14px;background:#f8fafc\">Accesorio para ba\u00f1era:<\/td>\n<td style=\"width:25%;padding:5px 20px;font-size:14px\">escurridor<\/td>\n<\/tr>\n<tr>\n<td style=\"width:25%;padding:5px 20px;font-size:14px;background:#f8fafc\">Servicio postventa:<\/td>\n<td style=\"width:25%;padding:5px 20px;font-size:14px\">Soporte t\u00e9cnico en l\u00ednea, repuestos gratuitos<\/td>\n<td style=\"width:25%;padding:5px 20px;font-size:14px;background:#f8fafc\">Estilo:<\/td>\n<td style=\"width:25%;padding:5px 20px;font-size:14px\">De pie<\/td>\n<\/tr>\n<tr>\n<td style=\"width:25%;padding:5px 20px;font-size:14px;background:#f8fafc\">Longitud:<\/td>\n<td style=\"width:25%;padding:5px 20px;font-size:14px\">1.92m<\/td>\n<td style=\"width:25%;padding:5px 20px;font-size:14px;background:#f8fafc\">Capacidad de soluci\u00f3n del proyecto:<\/td>\n<td style=\"width:25%;padding:5px 20px;font-size:14px\">dise\u00f1o gr\u00e1fico, dise\u00f1o de modelos 3D, soluci\u00f3n total para proyectos, consolidaci\u00f3n de categor\u00edas cruzadas<\/td>\n<\/tr>\n<tr>\n<td style=\"width:25%;padding:5px 20px;font-size:14px;background:#f8fafc\">Solicitud:<\/td>\n<td style=\"width:25%;padding:5px 20px;font-size:14px\">Hotel Villa Apartamento ba\u00f1o<\/td>\n<td style=\"width:25%;padding:5px 20px;font-size:14px;background:#f8fafc\">Estilo de dise\u00f1o:<\/td>\n<td style=\"width:25%;padding:5px 20px;font-size:14px\">Moderno<\/td>\n<\/tr>\n<tr>\n<td style=\"width:25%;padding:5px 20px;font-size:14px;background:#f8fafc\">Lugar de origen:<\/td>\n<td style=\"width:25%;padding:5px 20px;font-size:14px\">Guangdong, China<\/td>\n<td style=\"width:25%;padding:5px 20px;font-size:14px;background:#f8fafc\">Nombre de la marca:<\/td>\n<td style=\"width:25%;padding:5px 20px;font-size:14px\">Inicio Galaxy<\/td>\n<\/tr>\n<tr>\n<td style=\"width:25%;padding:5px 20px;font-size:14px;background:#f8fafc\">N\u00famero de modelo:<\/td>\n<td style=\"width:25%;padding:5px 20px;font-size:14px\">BT09914-192<\/td>\n<td style=\"width:25%;padding:5px 20px;font-size:14px;background:#f8fafc\">Material:<\/td>\n<td style=\"width:25%;padding:5px 20px;font-size:14px\">Acr\u00edlico<\/td>\n<\/tr>\n<tr>\n<td style=\"width:25%;padding:5px 20px;font-size:14px;background:#f8fafc\">Funci\u00f3n:<\/td>\n<td style=\"width:25%;padding:5px 20px;font-size:14px\">Remojo<\/td>\n<td style=\"width:25%;padding:5px 20px;font-size:14px;background:#f8fafc\">Tipo de instalaci\u00f3n:<\/td>\n<td style=\"width:25%;padding:5px 20px;font-size:14px\">De pie<\/td>\n<\/tr>\n<tr>\n<td style=\"width:25%;padding:5px 20px;font-size:14px;background:#f8fafc\">Ubicaci\u00f3n del drenaje:<\/td>\n<td style=\"width:25%;padding:5px 20px;font-size:14px\">Centro<\/td>\n<td style=\"width:25%;padding:5px 20px;font-size:14px;background:#f8fafc\">Color:<\/td>\n<td style=\"width:25%;padding:5px 20px;font-size:14px\">Blanco<\/td>\n<\/tr>\n<tr>\n<td style=\"width:25%;padding:5px 20px;font-size:14px;background:#f8fafc\">Tama\u00f1o:<\/td>\n<td style=\"width:25%;padding:5px 20px;font-size:14px\">1920*1110*660mm<\/td>\n<td style=\"width:25%;padding:5px 20px;font-size:14px\"><\/td>\n<td style=\"width:25%;padding:5px 20px;font-size:14px\"><\/td>\n<\/tr>\n<\/tbody>\n<\/table>\n<\/div>\n<p><\/p>\n<div data-magic-global=\"%7B%22bizId%22%3A2211240675273%2C%22pageId%22%3A21005668019%2C%22siteId%22%3A10002499104%7D\" id=\"detail_decorate_root\">#detail_decorate_root .magic-0{position:relative}#detail_decorate_root .magic-1{position:absolute;left:12px;top:12px;height:24px;z-index:3;overflow:hidden;background-color:#3a3531;display:flex;align-items:center;border-radius:12px;font-size:12px;color:white;padding:2px 6px}#detail_decorate_root .magic-2{height:24px;width:24px;background-image:url(&#8220;https:\/\/img.alicdn.com\/tfs\/TB1fYbeJ4z1gK0jSZSgXXavwpXa-144-144.gif&#8221;);background-repeat:no-repeat;background-size:cover}#detail_decorate_root .magic-3{margin-left:4px}#detail_decorate_root .magic-4{width:750px}#detail_decorate_root .magic-5{overflow:hidden;width:750px;height:421.7957389245857px;margin-top:0;margin-bottom:0;margin-left:0;margin-right:0}#detail_decorate_root .magic-6{margin-top:0;margin-left:0;width:750px;height:421.7957389245857px}#detail_decorate_root .magic-7{border-bottom-style:solid;border-bottom-color:#53647a;font-family:Roboto;font-size:24px;color:#53647a;font-style:normal;border-bottom-width:2px;padding-top:8px;padding-bottom:4px}#detail_decorate_root .magic-8{margin-bottom:10px;line-height:0}#detail_decorate_root .magic-9{margin-bottom:0}#detail_decorate_root .magic-10{position:relative;width:100%}#detail_decorate_root .magic-11{overflow:hidden;width:750px;height:258px;margin-top:0;margin-bottom:0;margin-left:0;margin-right:0}#detail_decorate_root .magic-12{margin-top:0;margin-left:0;width:750px;height:258px}#detail_decorate_root .magic-13{width:750px;border-collapse:collapse}#detail_decorate_root .magic-14{min-height:28px;padding:5px 10px;width:241px;min-height:28px;box-sizing:content-box}#detail_decorate_root .magic-15{min-height:28px;padding:5px 10px;width:460px;min-height:28px;box-sizing:content-box}#detail_decorate_root .magic-16{overflow:hidden;width:750px;height:1556px;margin-top:0;margin-bottom:0;margin-left:0;margin-right:0}#detail_decorate_root .magic-17{margin-top:0;margin-left:0;width:750px;height:1556px}#detail_decorate_root .magic-18{overflow:hidden;width:750px;height:2461px;margin-top:0;margin-bottom:0;margin-left:0;margin-right:0}#detail_decorate_root .magic-19{margin-top:0;margin-left:0;width:750px;height:2461px}#detail_decorate_root .magic-20{overflow:hidden;width:750px;height:473px;margin-top:0;margin-bottom:0;margin-left:0;margin-right:0}#detail_decorate_root .magic-21{margin-top:0;margin-left:0;width:750px;height:473px}#detail_decorate_root .magic-22{overflow:hidden;width:750px;height:107px;margin-top:0;margin-bottom:0;margin-left:0;margin-right:0}#detail_decorate_root .magic-23{margin-top:0;margin-left:0;width:750px;height:787px}#detail_decorate_root .magic-24{vertical-align:top}#detail_decorate_root .magic-25{vertical-align:top;display:block;padding-right:4px;box-sizing:border-box;padding-left:4px}#detail_decorate_root .magic-26{vertical-align:top;padding-bottom:4px;box-sizing:border-box;padding-top:4px}#detail_decorate_root .magic-27{padding:0;margin:0;white-space:pre-wrap;font-size:14px}#detail_decorate_root .magic-29{color:#a0b0d0}#detail_decorate_root .magic-30{margin-bottom:10px;overflow:hidden}#detail_decorate_root .magic-31{overflow:hidden;width:750px;height:453px;margin-top:0;margin-bottom:0;margin-left:0;margin-right:0}#detail_decorate_root .magic-32{margin-top:0;margin-left:0;width:750px;height:453px}<\/p>\n<div class=\"J_module\">\n<div class=\"icbu-detail-showroom magic-0\">\n<div class=\"svg-wrapper magic-1\">\n<div class=\"magic-2\"><\/div>\n<p><span class=\"magic-3\">realidad virtual<\/span><\/div>\n<div class=\"icbu-pc-images magic-4\">\n<div>\n<div class=\"flex-layout-v\">\n<div class=\"flex-layout-h magic-4\">\n<div class=\"magic-5\"><img decoding=\"async\" data-src=\"https:\/\/imgbd.weyesimg.com\/prod\/moving\/img\/96aab06199335991f33366894aebf8dd\/3b6b18a8a8fc220ca38ba96688d31d26.jpg\" src=\"https:\/\/ghgalaxyhome.com\/wp-content\/uploads\/2024\/06\/34_quality80.webp\" class=\"magic-6 img-self show_imgss\"><\/div>\n<\/div>\n<\/div>\n<\/div>\n<\/div>\n<\/div>\n<\/div>\n<div class=\"J_module\">\n<div id=\"ali-anchor-AliMagic-hedbra\" data-section=\"AliMagic-hedbra\" data-section-title=\"Details Images\" class=\"magic-7\">Detalles Im\u00e1genes<\/div>\n<\/div>\n<div class=\"J_module\">\n<div class=\"icbu-pc-detailManyImage magic-8\">\n<div class=\"magic-9\"><img decoding=\"async\" data-src=\"https:\/\/imgbd.weyesimg.com\/prod\/moving\/img\/96aab06199335991f33366894aebf8dd\/7064a93533fb899473379a5cf4536d58.jpg\" src=\"https:\/\/ghgalaxyhome.com\/wp-content\/uploads\/2024\/06\/137_quality80.webp\" class=\"magic-10 img-self show_imgss\"><\/div>\n<div class=\"magic-9\"><img decoding=\"async\" data-src=\"https:\/\/imgbd.weyesimg.com\/prod\/moving\/img\/96aab06199335991f33366894aebf8dd\/4fc163eed117cc24c316a124099c50a3.jpg\" src=\"https:\/\/ghgalaxyhome.com\/wp-content\/uploads\/2024\/06\/138_quality80.webp\" class=\"magic-10 img-self show_imgss\"><\/div>\n<div class=\"magic-9\"><img decoding=\"async\" data-src=\"https:\/\/imgbd.weyesimg.com\/prod\/moving\/img\/96aab06199335991f33366894aebf8dd\/31b524d566f52d72840a748ac92f2859.jpg\" src=\"https:\/\/ghgalaxyhome.com\/wp-content\/uploads\/2024\/06\/139_quality80.webp\" class=\"magic-10 img-self show_imgss\"><\/div>\n<div class=\"magic-9\"><img decoding=\"async\" data-src=\"https:\/\/imgbd.weyesimg.com\/prod\/moving\/img\/96aab06199335991f33366894aebf8dd\/73f8d5d07c24ebd6d6302f4bf289ca45.jpg\" src=\"https:\/\/ghgalaxyhome.com\/wp-content\/uploads\/2024\/06\/140_quality80.webp\" class=\"magic-10 img-self show_imgss\"><\/div>\n<div class=\"magic-9\"><img decoding=\"async\" data-src=\"https:\/\/imgbd.weyesimg.com\/prod\/moving\/img\/96aab06199335991f33366894aebf8dd\/ad4a46f5a0a979054238c12503905082.jpg\" src=\"https:\/\/ghgalaxyhome.com\/wp-content\/uploads\/2024\/06\/141_quality80.webp\" class=\"magic-10 img-self show_imgss\"><\/div>\n<div class=\"magic-9\"><img decoding=\"async\" data-src=\"https:\/\/imgbd.weyesimg.com\/prod\/moving\/img\/96aab06199335991f33366894aebf8dd\/3c0d4933afb83f02bf4e2f94ac775dc5.jpg\" src=\"https:\/\/ghgalaxyhome.com\/wp-content\/uploads\/2024\/06\/142_quality80.webp\" class=\"magic-10 img-self show_imgss\"><\/div>\n<\/div>\n<\/div>\n<div class=\"J_module\">\n<div class=\"icbu-pc-images magic-4\">\n<div>\n<div class=\"flex-layout-v\">\n<div class=\"flex-layout-h magic-4\">\n<div class=\"magic-11\"><img decoding=\"async\" data-src=\"https:\/\/imgbd.weyesimg.com\/prod\/moving\/img\/96aab06199335991f33366894aebf8dd\/09eb577a7cf935b7626bf4b21a31e72a.jpg\" src=\"https:\/\/ghgalaxyhome.com\/wp-content\/uploads\/2024\/06\/41_quality80.webp\" class=\"magic-12 img-self show_imgss\"><\/div>\n<\/div>\n<\/div>\n<\/div>\n<\/div>\n<\/div>\n<div class=\"J_module\">\n<div id=\"ali-anchor-AliMagic-q9dpoa\" data-section=\"AliMagic-q9dpoa\" data-section-title=\"Specification\" class=\"magic-7\">Especificaci\u00f3n<\/div>\n<\/div>\n<div class=\"J_module\">\n<div class=\"ife-detail-decorate-table\">\n<table class=\"has-title all magic-13\">\n<tbody>\n<tr>\n<td colspan=\"1\" rowspan=\"1\">\n<div class=\"magic-14\">nombre del producto<\/div>\n<\/td>\n<td colspan=\"1\" rowspan=\"1\">\n<div class=\"magic-15\">Model BT09914 192 Modern Free Standing Bathroom Adult 2 Person White Bathroom Bathtubs<\/div>\n<\/td>\n<\/tr>\n<tr>\n<td colspan=\"1\" rowspan=\"1\">\n<div class=\"magic-14\">Nombre de la marca<\/div>\n<\/td>\n<td colspan=\"1\" rowspan=\"1\">\n<div class=\"magic-15\">Inicio Galaxy<\/div>\n<\/td>\n<\/tr>\n<tr>\n<td colspan=\"1\" rowspan=\"1\">\n<div class=\"magic-14\">N\u00famero de modelo<\/div>\n<\/td>\n<td colspan=\"1\" rowspan=\"1\">\n<div class=\"magic-15\">BT09914-192<\/div>\n<\/td>\n<\/tr>\n<tr>\n<td colspan=\"1\" rowspan=\"1\">\n<div class=\"magic-14\">Material<\/div>\n<\/td>\n<td colspan=\"1\" rowspan=\"1\">\n<div class=\"magic-15\">Acr\u00edlico<\/div>\n<\/td>\n<\/tr>\n<tr>\n<td colspan=\"1\" rowspan=\"1\">\n<div class=\"magic-14\">Tama\u00f1o<\/div>\n<\/td>\n<td colspan=\"1\" rowspan=\"1\">\n<div class=\"magic-15\">1920*1110*660mm<\/div>\n<\/td>\n<\/tr>\n<tr>\n<td colspan=\"1\" rowspan=\"1\">\n<div class=\"magic-14\">Opci\u00f3n de tama\u00f1o<\/div>\n<\/td>\n<td colspan=\"1\" rowspan=\"1\">\n<div class=\"magic-15\">1800*950*600mm,<\/p>\n<div data-spm-anchor-id=\"a2700.pc-decorate.0.i11.72e03333p8rAz0\">1920*1110*660mm<\/div>\n<\/div>\n<\/td>\n<\/tr>\n<tr>\n<td colspan=\"1\" rowspan=\"1\">\n<div class=\"magic-14\">escurridor<\/div>\n<\/td>\n<td colspan=\"1\" rowspan=\"1\">\n<div class=\"magic-15\">Con escurridor, negociable.<\/div>\n<\/td>\n<\/tr>\n<tr>\n<td colspan=\"1\" rowspan=\"1\">\n<div class=\"magic-14\">Color<\/div>\n<\/td>\n<td colspan=\"1\" rowspan=\"1\">\n<div class=\"magic-15\">Blanco<\/div>\n<\/td>\n<\/tr>\n<tr>\n<td colspan=\"1\" rowspan=\"1\">\n<div class=\"magic-14\">Funci\u00f3n<\/div>\n<\/td>\n<td colspan=\"1\" rowspan=\"1\">\n<div class=\"magic-15\">Remojo<\/div>\n<\/td>\n<\/tr>\n<tr>\n<td colspan=\"1\" rowspan=\"1\">\n<div class=\"magic-14\">detalles del empaque<\/div>\n<\/td>\n<td colspan=\"1\" rowspan=\"1\">\n<div class=\"magic-15\">Bolsa de pl\u00e1stico + espuma + cart\u00f3n, negociable<\/div>\n<\/td>\n<\/tr>\n<\/tbody>\n<\/table>\n<\/div>\n<\/div>\n<div class=\"J_module\">\n<div class=\"icbu-pc-images magic-4\">\n<div>\n<div class=\"flex-layout-v\">\n<div class=\"flex-layout-h magic-4\">\n<div class=\"magic-16\"><img decoding=\"async\" data-src=\"https:\/\/imgbd.weyesimg.com\/prod\/moving\/img\/96aab06199335991f33366894aebf8dd\/232819ccbb2ef3c7fed622427453aaee.jpg\" src=\"https:\/\/ghgalaxyhome.com\/wp-content\/uploads\/2024\/06\/24_quality80.webp\" class=\"magic-17 img-self show_imgss\"><\/div>\n<\/div>\n<\/div>\n<\/div>\n<\/div>\n<\/div>\n<div class=\"J_module\">\n<div class=\"icbu-pc-images magic-4\">\n<div>\n<div class=\"flex-layout-v\">\n<div class=\"flex-layout-h magic-4\">\n<div class=\"magic-18\"><img decoding=\"async\" data-src=\"https:\/\/imgbd.weyesimg.com\/prod\/moving\/img\/96aab06199335991f33366894aebf8dd\/6c7f50c25a52eda82c335f03b6db3227.jpg\" src=\"https:\/\/ghgalaxyhome.com\/wp-content\/uploads\/2024\/06\/43_quality80.webp\" class=\"magic-19 img-self show_imgss\"><\/div>\n<\/div>\n<\/div>\n<\/div>\n<\/div>\n<\/div>\n<div class=\"J_module\">\n<div class=\"icbu-pc-images magic-4\">\n<div>\n<div class=\"flex-layout-v\">\n<div class=\"flex-layout-h magic-4\">\n<div class=\"magic-20\"><img decoding=\"async\" data-src=\"https:\/\/imgbd.weyesimg.com\/prod\/moving\/img\/96aab06199335991f33366894aebf8dd\/812643060191df6ea0c9f14f0ebcbe18.jpg\" src=\"https:\/\/ghgalaxyhome.com\/wp-content\/uploads\/2024\/06\/5_quality80.webp\" class=\"magic-21 img-self show_imgss\"><\/div>\n<\/div>\n<\/div>\n<\/div>\n<\/div>\n<\/div>\n<div class=\"J_module\">\n<div class=\"icbu-pc-images magic-4\">\n<div>\n<div class=\"flex-layout-v\">\n<div class=\"flex-layout-h magic-4\">\n<div class=\"magic-22\"><img decoding=\"async\" data-src=\"https:\/\/imgbd.weyesimg.com\/prod\/moving\/img\/96aab06199335991f33366894aebf8dd\/e48d2dd6f83d26f84c395a9228c855e6.jpg\" src=\"https:\/\/ghgalaxyhome.com\/wp-content\/uploads\/2024\/06\/44_quality80.webp\" class=\"magic-23 img-self show_imgss\"><\/div>\n<\/div>\n<\/div>\n<\/div>\n<\/div>\n<\/div>\n<div class=\"J_module\">\n<div class=\"detail-decorate-json-renderer-container\">\n<div class=\"magic-24\">\n<div class=\"magic-25\">\n<div class=\"magic-26\">\n<div class=\"magic-27\"><b><font color=\"#000000\">P: \u00bfC\u00f3mo puedo obtener el precio?<\/font><\/b><\/p>\n<div><font color=\"#7a90b2\"><b class=\"magic-28\">A:<\/b> Generalmente cotizamos dentro de las 24 horas posteriores a la recepci\u00f3n de su consulta (excepto fines de semana y feriados). Si urge obtener el precio, por favor env\u00edenos un correo electr\u00f3nico o cont\u00e1ctenos de otras formas para que podamos ofrecerle un presupuesto.<\/font><\/div>\n<div><font class=\"magic-28\"><font color=\"#7a90b2\">&#8212;&#8212;&#8212;&#8212;&#8212;&#8212;&#8212;&#8212;&#8212;&#8212;&#8212;&#8212;&#8212;&#8212;&#8212;&#8212;&#8212;&#8212;&#8212;&#8212;&#8212;&#8212;&#8212;&#8212;&#8212;&#8212;&#8212;&#8212;&#8212;&#8212;&#8212;&#8212;&#8212;&#8212;&#8212;&#8212;&#8212;&#8212;&#8212;&#8212;&#8212;&#8212;&#8212;&#8212;&#8212;&#8212;&#8212;&#8212;&#8212;&#8212;&#8212;&#8212;&#8212;&#8212;&#8212;&#8212;&#8212;&#8212;&#8212;&#8212;&#8212;&#8212;&#8212;&#8212;&#8212;-<\/font><font color=\"#a0b0d0\"><br \/>\n<\/font><\/font><span><b>P: <span class=\"magic-28\">\u00bfPuedo comprar muestras?<br \/>\n<\/span><\/b><\/span><font color=\"#7a90b2\"><b class=\"magic-28\">A: <\/b>S\u00ed. Si\u00e9ntete libre de contactarnos.<br \/>\n&#8212;&#8212;&#8212;&#8212;&#8212;&#8212;&#8212;&#8212;&#8212;&#8212;&#8212;&#8212;&#8212;&#8212;&#8212;&#8212;&#8212;&#8212;&#8212;&#8212;&#8212;&#8212;&#8212;&#8212;&#8212;&#8212;&#8212;&#8212;&#8212;&#8212;&#8212;&#8212;&#8212;&#8212;&#8212;&#8212;&#8212;&#8212;&#8212;&#8212;&#8212;&#8212;&#8212;&#8212;&#8212;&#8212;&#8212;&#8212;&#8212;&#8212;&#8212;&#8212;&#8212;&#8212;&#8212;&#8212;&#8212;&#8212;&#8212;&#8212;&#8212;&#8212;&#8212;&#8212;&#8212;-<\/font><\/div>\n<div><b class=\"magic-28\"><font color=\"#000000\">P: \u00bfCu\u00e1l es su plazo de entrega?<\/font><\/b><font color=\"#a0b0d0\"><br \/>\n<\/font><font color=\"#7a90b2\"><span class=\"magic-28\"><b class=\"magic-28\">A:<\/b> Depende de la cantidad del pedido y de la temporada en la que realiza el pedido. Por lo general, podemos realizar env\u00edos en un plazo de 7 a 15 d\u00edas para cantidades peque\u00f1as y aproximadamente 30 d\u00edas para cantidades grandes.<br \/>\n<\/span>&#8212;&#8212;&#8212;&#8212;&#8212;&#8212;&#8212;&#8212;&#8212;&#8212;&#8212;&#8212;&#8212;&#8212;&#8212;&#8212;&#8212;&#8212;&#8212;&#8212;&#8212;&#8212;&#8212;&#8212;&#8212;&#8212;&#8212;&#8212;&#8212;&#8212;&#8212;&#8212;&#8212;&#8212;&#8212;&#8212;&#8212;&#8212;&#8212;&#8212;&#8212;&#8212;&#8212;&#8212;&#8212;&#8212;&#8212;&#8212;&#8212;&#8212;&#8212;&#8212;&#8212;&#8212;&#8212;&#8212;&#8212;&#8212;&#8212;&#8212;&#8212;&#8212;&#8212;&#8212;&#8212;-<\/font><\/div>\n<div><b class=\"magic-28\"><font color=\"#000000\">P: \u00bfCu\u00e1l es su plazo de pago?<br \/>\n<\/font><\/b><font color=\"#7a90b2\"><b class=\"magic-28\">A:<\/b> T\/T, Western Union, MoneyGram y Paypal. Esto es negociable.<br \/>\n<font>&#8212;&#8212;&#8212;&#8212;&#8212;&#8212;&#8212;&#8212;&#8212;&#8212;&#8212;&#8212;&#8212;&#8212;&#8212;&#8212;&#8212;&#8212;&#8212;&#8212;&#8212;&#8212;&#8212;&#8212;&#8212;&#8212;&#8212;&#8212;&#8212;&#8212;&#8212;&#8212;&#8212;&#8212;&#8212;&#8212;&#8212;&#8212;&#8212;&#8212;&#8212;&#8212;&#8212;&#8212;&#8212;&#8212;&#8212;&#8212;&#8212;&#8212;&#8212;&#8212;&#8212;&#8212;&#8212;&#8212;&#8212;&#8212;&#8212;&#8212;&#8212;&#8212;&#8212;&#8212;&#8212;-<\/font><\/font><\/div>\n<div><b class=\"magic-28\"><font color=\"#000000\">P: \u00bfCu\u00e1l es el m\u00e9todo de env\u00edo?<\/font><\/b><\/div>\n<div><font color=\"#7a90b2\"><b class=\"magic-28\">A:<\/b>Puede enviarse por mar, aire o expreso (EMS, UPS, DHL, TNT, FEDEX, etc.). Por favor confirme con nosotros antes de realizar pedidos.<\/font><\/div>\n<div><span class=\"magic-28\"><font color=\"#7a90b2\">&#8212;&#8212;&#8212;&#8212;&#8212;&#8212;&#8212;&#8212;&#8212;&#8212;&#8212;&#8212;&#8212;&#8212;&#8212;&#8212;&#8212;&#8212;&#8212;&#8212;&#8212;&#8212;&#8212;&#8212;&#8212;&#8212;&#8212;&#8212;&#8212;&#8212;&#8212;&#8212;&#8212;&#8212;&#8212;&#8212;&#8212;&#8212;&#8212;&#8212;&#8212;&#8212;&#8212;&#8212;&#8212;&#8212;&#8212;&#8212;&#8212;&#8212;&#8212;&#8212;&#8212;&#8212;&#8212;&#8212;&#8212;&#8212;&#8212;&#8212;&#8212;&#8212;&#8212;&#8212;&#8212;-<\/font><\/span><span class=\"magic-29\"><br \/>\n<\/span><b class=\"magic-28\"><font color=\"#000000\">P: \u00bfC\u00f3mo se logra que nuestra relaci\u00f3n comercial sea duradera y buena?<\/font><\/b><\/div>\n<div><font color=\"#7a90b2\"><b class=\"magic-28\">A:<\/b> Mantenemos buena calidad y precios competitivos para garantizar que nuestros clientes se beneficien. Adem\u00e1s, respetamos a cada cliente como nuestro amigo y sinceramente hacemos negocios y nos hacemos amigos de ellos, sin importar de d\u00f3nde vengan.<b class=\"magic-28\"><br \/>\n<\/b>&#8212;&#8212;&#8212;&#8212;&#8212;&#8212;&#8212;&#8212;&#8212;&#8212;&#8212;&#8212;&#8212;&#8212;&#8212;&#8212;&#8212;&#8212;&#8212;&#8212;&#8212;&#8212;&#8212;&#8212;&#8212;&#8212;&#8212;&#8212;&#8212;&#8212;&#8212;&#8212;&#8212;&#8212;&#8212;&#8212;&#8212;&#8212;&#8212;&#8212;&#8212;&#8212;&#8212;&#8212;&#8212;&#8212;&#8212;&#8212;&#8212;&#8212;&#8212;&#8212;&#8212;&#8212;&#8212;&#8212;&#8212;&#8212;&#8212;&#8212;&#8212;&#8212;&#8212;&#8212;&#8212;-<\/font><\/div>\n<\/div>\n<\/div>\n<\/div>\n<\/div>\n<\/div>\n<\/div>\n<div class=\"J_module\">\n<div data-magic=\"{&quot;mds&quot;:{&quot;assetsVersion&quot;:&quot;0.0.14&quot;,&quot;assetsPackageName&quot;:&quot;icbumod&quot;,&quot;moduleNameAlias&quot;:&quot;icbu-pc-detailSellerRecommend&quot;,&quot;moduleData&quot;:{&quot;config&quot;:{&quot;columnCount&quot;:4,&quot;titleKey&quot;:6,&quot;products&quot;:[1600369066062,1600370553282,1600423331911,1600407686887,1600430357196,1600429912688,1600428042031,1600427659279,1600427211240,1600426850665,1600428045445,1600428598737]}}},&quot;version&quot;:1}\" class=\"icbu-pc-detailSellerRecommend magic-30\"><\/div>\n<\/div>\n<div class=\"J_module\">\n<div class=\"icbu-pc-images magic-4\">\n<div>\n<div class=\"flex-layout-v\">\n<div class=\"flex-layout-h magic-4\">\n<div class=\"magic-31\"><img decoding=\"async\" data-src=\"https:\/\/imgbd.weyesimg.com\/prod\/moving\/img\/96aab06199335991f33366894aebf8dd\/f720390c06422a9260318d0aa9e95dec.jpg\" src=\"https:\/\/ghgalaxyhome.com\/wp-content\/uploads\/2024\/06\/45_quality80.webp\" class=\"magic-32 img-self show_imgss\"><\/div>\n<\/div>\n<\/div>\n<\/div>\n<\/div>\n<\/div><\/div>\n<\/p><\/div>","protected":false},"excerpt":{"rendered":"<p>The technologies are applied to the manufacturing process, some of which contribute to the high efficiency of Model BT09914 192 Modern Free Standing Bathroom Adult 2 Person White Bathroom Bathtubs manufacturing and others ensure the stable and durable performance of the product.At present, the product is widely used in the field(s) of Bathtubs &#038; Whirlpools with its multi-functional characteristics.<\/p>","protected":false},"featured_media":28813,"comment_status":"open","ping_status":"closed","template":"","meta":[],"product_brand":[],"product_cat":[20],"product_tag":[],"class_list":{"0":"post-31141","1":"product","2":"type-product","3":"status-publish","4":"has-post-thumbnail","6":"product_cat-products-40768","8":"first","9":"instock","10":"shipping-taxable","11":"product-type-simple"},"_links":{"self":[{"href":"https:\/\/ghgalaxyhome.com\/es\/wp-json\/wp\/v2\/product\/31141","targetHints":{"allow":["GET"]}}],"collection":[{"href":"https:\/\/ghgalaxyhome.com\/es\/wp-json\/wp\/v2\/product"}],"about":[{"href":"https:\/\/ghgalaxyhome.com\/es\/wp-json\/wp\/v2\/types\/product"}],"replies":[{"embeddable":true,"href":"https:\/\/ghgalaxyhome.com\/es\/wp-json\/wp\/v2\/comments?post=31141"}],"version-history":[{"count":2,"href":"https:\/\/ghgalaxyhome.com\/es\/wp-json\/wp\/v2\/product\/31141\/revisions"}],"predecessor-version":[{"id":31210,"href":"https:\/\/ghgalaxyhome.com\/es\/wp-json\/wp\/v2\/product\/31141\/revisions\/31210"}],"wp:featuredmedia":[{"embeddable":true,"href":"https:\/\/ghgalaxyhome.com\/es\/wp-json\/wp\/v2\/media\/28813"}],"wp:attachment":[{"href":"https:\/\/ghgalaxyhome.com\/es\/wp-json\/wp\/v2\/media?parent=31141"}],"wp:term":[{"taxonomy":"product_brand","embeddable":true,"href":"https:\/\/ghgalaxyhome.com\/es\/wp-json\/wp\/v2\/product_brand?post=31141"},{"taxonomy":"product_cat","embeddable":true,"href":"https:\/\/ghgalaxyhome.com\/es\/wp-json\/wp\/v2\/product_cat?post=31141"},{"taxonomy":"product_tag","embeddable":true,"href":"https:\/\/ghgalaxyhome.com\/es\/wp-json\/wp\/v2\/product_tag?post=31141"}],"curies":[{"name":"wp","href":"https:\/\/api.w.org\/{rel}","templated":true}]}}