{"id":31108,"date":"2024-06-09T16:56:41","date_gmt":"2024-06-09T16:56:41","guid":{"rendered":"https:\/\/ghgalaxyhome.com\/?post_type=product&#038;p=31108"},"modified":"2024-06-09T17:02:22","modified_gmt":"2024-06-09T17:02:22","slug":"products-detail-582373","status":"publish","type":"product","link":"https:\/\/ghgalaxyhome.com\/es\/video\/products-detail-582373","title":{"rendered":"Galaxy Home - Ba\u00f1era de ba\u00f1o cl\u00e1sica blanca Ba\u00f1era independiente de acr\u00edlico con 4 patas para ba\u00f1eras de hotel en casa"},"content":{"rendered":"<div class=\"cons_box ls-product\">\n<p>Foshan Baihuo Home Technology Co., Ltd. has always attached great importance to the pain points of the industry. The newly launched products are specially developed to solve the pain points of the industry, which perfectly solve the pain points of the industry and are enthusiastically sought after by the market. Classical White Bathroom Bathtub Acrylic Freestanding Bathtub With 4 Legs For Home Hotel enables the company to have more market share, stronger competitiveness and higher visibility. So, shake hands with us, expand your business, and increase your clientele.<\/p>\n<div class=\"rich-text-table\">\n<table>\n<tbody>\n<tr class=\"firstRow\">\n<td style=\"width:25%;padding:5px 20px;font-size:14px;background:#f8fafc\">Garant\u00eda:<\/td>\n<td style=\"width:25%;padding:5px 20px;font-size:14px\">3 a\u00f1os<\/td>\n<td style=\"width:25%;padding:5px 20px;font-size:14px;background:#f8fafc\">Servicio postventa:<\/td>\n<td style=\"width:25%;padding:5px 20px;font-size:14px\">Soporte t\u00e9cnico en l\u00ednea, repuestos gratuitos<\/td>\n<\/tr>\n<tr>\n<td style=\"width:25%;padding:5px 20px;font-size:14px;background:#f8fafc\">Estilo:<\/td>\n<td style=\"width:25%;padding:5px 20px;font-size:14px\">Freestanding, Classical<\/td>\n<td style=\"width:25%;padding:5px 20px;font-size:14px;background:#f8fafc\">Longitud:<\/td>\n<td style=\"width:25%;padding:5px 20px;font-size:14px\">1.71m<\/td>\n<\/tr>\n<tr>\n<td style=\"width:25%;padding:5px 20px;font-size:14px;background:#f8fafc\">Capacidad de soluci\u00f3n del proyecto:<\/td>\n<td style=\"width:25%;padding:5px 20px;font-size:14px\">dise\u00f1o gr\u00e1fico, dise\u00f1o de modelos 3D, soluci\u00f3n total para proyectos, consolidaci\u00f3n de categor\u00edas cruzadas<\/td>\n<td style=\"width:25%;padding:5px 20px;font-size:14px;background:#f8fafc\">Solicitud:<\/td>\n<td style=\"width:25%;padding:5px 20px;font-size:14px\">Hotel Villa Apartamento ba\u00f1o<\/td>\n<\/tr>\n<tr>\n<td style=\"width:25%;padding:5px 20px;font-size:14px;background:#f8fafc\">Estilo de dise\u00f1o:<\/td>\n<td style=\"width:25%;padding:5px 20px;font-size:14px\">Moderno<\/td>\n<td style=\"width:25%;padding:5px 20px;font-size:14px;background:#f8fafc\">Lugar de origen:<\/td>\n<td style=\"width:25%;padding:5px 20px;font-size:14px\">Guangdong, China<\/td>\n<\/tr>\n<tr>\n<td style=\"width:25%;padding:5px 20px;font-size:14px;background:#f8fafc\">Nombre de la marca:<\/td>\n<td style=\"width:25%;padding:5px 20px;font-size:14px\">Inicio Galaxy<\/td>\n<td style=\"width:25%;padding:5px 20px;font-size:14px;background:#f8fafc\">N\u00famero de modelo:<\/td>\n<td style=\"width:25%;padding:5px 20px;font-size:14px\">BT09902-171<\/td>\n<\/tr>\n<tr>\n<td style=\"width:25%;padding:5px 20px;font-size:14px;background:#f8fafc\">Material:<\/td>\n<td style=\"width:25%;padding:5px 20px;font-size:14px\">Acr\u00edlico<\/td>\n<td style=\"width:25%;padding:5px 20px;font-size:14px;background:#f8fafc\">Funci\u00f3n:<\/td>\n<td style=\"width:25%;padding:5px 20px;font-size:14px\">Remojo<\/td>\n<\/tr>\n<tr>\n<td style=\"width:25%;padding:5px 20px;font-size:14px;background:#f8fafc\">Tipo de instalaci\u00f3n:<\/td>\n<td style=\"width:25%;padding:5px 20px;font-size:14px\">De pie<\/td>\n<td style=\"width:25%;padding:5px 20px;font-size:14px;background:#f8fafc\">Ubicaci\u00f3n del drenaje:<\/td>\n<td style=\"width:25%;padding:5px 20px;font-size:14px\">Bien<\/td>\n<\/tr>\n<tr>\n<td style=\"width:25%;padding:5px 20px;font-size:14px;background:#f8fafc\">Color:<\/td>\n<td style=\"width:25%;padding:5px 20px;font-size:14px\">Blanco<\/td>\n<td style=\"width:25%;padding:5px 20px;font-size:14px;background:#f8fafc\">Tama\u00f1o:<\/td>\n<td style=\"width:25%;padding:5px 20px;font-size:14px\">1710*780*595mm<\/td>\n<\/tr>\n<\/tbody>\n<\/table>\n<\/div>\n<p><\/p>\n<div data-magic-global=\"%7B%22bizId%22%3A2211240675273%2C%22pageId%22%3A21005342665%2C%22siteId%22%3A10002499104%7D\" id=\"detail_decorate_root\">#detail_decorate_root .magic-0{border-bottom-style:solid;border-bottom-color:#53647a;font-family:Roboto;font-size:24px;color:#53647a;font-style:normal;border-bottom-width: 2px;padding-top:8px;padding-bottom:4px}#detail_decorate_root .magic-1{width:750px;border-collapse:collapse}#detail_decorate_root .magic-2{min-height:28px;padding:5px 10px;width:241px ;min-height:28px;box-sizing:content-box}#detail_decorate_root .magic-3{min-height:28px;padding:5px 10px;width:460px;min-height:28px;box-sizing:content-box} #detail_decorate_root .magic-4{margin-bottom:10px;line-height:0}#detail_decorate_root .magic-5{margin-bottom:0}#detail_decorate_root .magic-6{position:relative;width:100%}#detail_decorate_root .magic-7{ ancho:750px}#detail_decorate_root .magic-8{overflow:hidden;width:750px;height:473px;margin-top:0;margin-bottom:0;margin-left:0;margin-right:0}#detail_decorate_root .magic- 9{margin-top:0;margin-left:0;width:750px;height:473px}#detail_decorate_root .magic-10{margin-bottom:10px;overflow:hidden}#detail_decorate_root .magic-11{overflow:hidden;width: 750px;alto:1556px;margin-top:0;margin-bottom:0;margin-left:0;margin-right:0}#detail_decorate_root .magic-12{margin-top:0;margin-left:0;ancho: 750px;height:1556px}#detail_decorate_root .magic-13{overflow:hidden;width:750px;height:787px;margin-top:0;margin-bottom:0;margin-left:0;margin-right:0}#detail_decorate_root . magic-14{margin-top:0;margin-left:0;width:750px;height:787px}#detail_decorate_root .magic-15{overflow:hidden;width:750px;height:469px;margin-top:0;margin- abajo:0;margin-izquierda:0;margin-derecha:0}#detail_decorate_root .magic-16{margin-top:0;margin-izquierda:0;ancho:750px;alto:469px}<\/p>\n<div class=\"J_module\">\n<div id=\"ali-anchor-AliMagic-i8frix\" data-section=\"AliMagic-i8frix\" data-section-title=\"Specification\" class=\"magic-0\">Especificaci\u00f3n<\/div>\n<\/div>\n<div class=\"J_module\">\n<div class=\"ife-detail-decorate-table\">\n<table class=\"has-title all magic-1\">\n<tbody>\n<tr class=\"firstRow\">\n<td colspan=\"1\" rowspan=\"1\">\n<div class=\"magic-2\">nombre del producto<\/div>\n<\/td>\n<td colspan=\"1\" rowspan=\"1\">\n<div class=\"magic-3\">Classical White Bathroom Bathtub Acrylic Freestanding Bathtub With 4 Legs For Home Hotel<\/div>\n<\/td>\n<\/tr>\n<tr>\n<td colspan=\"1\" rowspan=\"1\">\n<div class=\"magic-2\">Nombre de la marca<\/div>\n<\/td>\n<td colspan=\"1\" rowspan=\"1\">\n<div class=\"magic-3\">Inicio Galaxy<\/div>\n<\/td>\n<\/tr>\n<tr>\n<td colspan=\"1\" rowspan=\"1\">\n<div class=\"magic-2\">N\u00famero de modelo<\/div>\n<\/td>\n<td colspan=\"1\" rowspan=\"1\">\n<div class=\"magic-3\">BT09902-171<\/div>\n<\/td>\n<\/tr>\n<tr>\n<td colspan=\"1\" rowspan=\"1\">\n<div class=\"magic-2\">Material<\/div>\n<\/td>\n<td colspan=\"1\" rowspan=\"1\">\n<div class=\"magic-3\">Acr\u00edlico<\/div>\n<\/td>\n<\/tr>\n<tr>\n<td colspan=\"1\" rowspan=\"1\">\n<div class=\"magic-2\">Tama\u00f1o<\/div>\n<\/td>\n<td colspan=\"1\" rowspan=\"1\">\n<div class=\"magic-3\">\n<div data-spm-anchor-id=\"a2700.pc-decorate.0.i11.4fe03333qfYGmo\">1710*780*595mm<\/div>\n<\/div>\n<\/td>\n<\/tr>\n<tr>\n<td colspan=\"1\" rowspan=\"1\">\n<div class=\"magic-2\">Longitud<\/div>\n<\/td>\n<td colspan=\"1\" rowspan=\"1\">\n<div class=\"magic-3\">1710mm<\/div>\n<\/td>\n<\/tr>\n<tr>\n<td colspan=\"1\" rowspan=\"1\">\n<div class=\"magic-2\">escurridor<\/div>\n<\/td>\n<td colspan=\"1\" rowspan=\"1\">\n<div class=\"magic-3\">Without,&nbsp;negotiable<\/div>\n<\/td>\n<\/tr>\n<tr>\n<td colspan=\"1\" rowspan=\"1\">\n<div class=\"magic-2\">Color<\/div>\n<\/td>\n<td colspan=\"1\" rowspan=\"1\">\n<div class=\"magic-3\">Blanco<\/div>\n<\/td>\n<\/tr>\n<tr>\n<td colspan=\"1\" rowspan=\"1\">\n<div class=\"magic-2\">detalles del empaque<\/div>\n<\/td>\n<td colspan=\"1\" rowspan=\"1\">\n<div class=\"magic-3\">Bolsa de pl\u00e1stico + espuma + cart\u00f3n, negociable<\/div>\n<\/td>\n<\/tr>\n<\/tbody>\n<\/table>\n<\/div>\n<\/div>\n<div class=\"J_module\">\n<div id=\"ali-anchor-AliMagic-2c5ai0\" data-section=\"AliMagic-2c5ai0\" data-section-title=\"Details Images\" class=\"magic-0\">Detalles Im\u00e1genes<\/div>\n<\/div>\n<div class=\"J_module\">\n<div class=\"icbu-pc-detailManyImage magic-4\">\n<div class=\"magic-5\"><img decoding=\"async\" src=\"https:\/\/ghgalaxyhome.com\/wp-content\/uploads\/2024\/06\/de12aa55c7fb7234084ea7e83c3aed8a.jpg?x-oss-process=image\/resize,m_lfit,w_1224\/format,webp\/quality,80\" class=\"magic-6 img-self show_imgss\" data-src=\"https:\/\/ghgalaxyhome.com\/wp-content\/uploads\/2024\/06\/de12aa55c7fb7234084ea7e83c3aed8a.jpg\"><\/div>\n<div class=\"magic-5\"><img decoding=\"async\" src=\"https:\/\/ghgalaxyhome.com\/wp-content\/uploads\/2024\/06\/5e401bd854ee3f2061ebbaf886d29800.jpg?x-oss-process=image\/resize,m_lfit,w_1224\/format,webp\/quality,80\" class=\"magic-6 img-self show_imgss\" data-src=\"https:\/\/ghgalaxyhome.com\/wp-content\/uploads\/2024\/06\/5e401bd854ee3f2061ebbaf886d29800.jpg\"><\/div>\n<div class=\"magic-5\"><img decoding=\"async\" src=\"https:\/\/ghgalaxyhome.com\/wp-content\/uploads\/2024\/06\/79361119460654261b5f391978d4affa.jpg?x-oss-process=image\/resize,m_lfit,w_1224\/format,webp\/quality,80\" class=\"magic-6 img-self show_imgss\" data-src=\"https:\/\/ghgalaxyhome.com\/wp-content\/uploads\/2024\/06\/79361119460654261b5f391978d4affa.jpg\"><\/div>\n<div class=\"magic-5\"><img decoding=\"async\" src=\"https:\/\/ghgalaxyhome.com\/wp-content\/uploads\/2024\/06\/c148a5a56369a0dcbf57a5452825974f.jpg?x-oss-process=image\/resize,m_lfit,w_1224\/format,webp\/quality,80\" class=\"magic-6 img-self show_imgss\" data-src=\"https:\/\/ghgalaxyhome.com\/wp-content\/uploads\/2024\/06\/c148a5a56369a0dcbf57a5452825974f.jpg\"><\/div>\n<div class=\"magic-5\"><img decoding=\"async\" src=\"https:\/\/ghgalaxyhome.com\/wp-content\/uploads\/2024\/06\/33c19e4cace86def9799ddaaa2cbacfb.jpg?x-oss-process=image\/resize,m_lfit,w_1224\/format,webp\/quality,80\" class=\"magic-6 img-self show_imgss\" data-src=\"https:\/\/ghgalaxyhome.com\/wp-content\/uploads\/2024\/06\/33c19e4cace86def9799ddaaa2cbacfb.jpg\"><\/div>\n<\/div>\n<\/div>\n<div class=\"J_module\">\n<div class=\"icbu-pc-images magic-7\">\n<div>\n<div class=\"flex-layout-v\">\n<div class=\"flex-layout-h magic-7\">\n<div class=\"magic-8\"><img decoding=\"async\" src=\"https:\/\/ghgalaxyhome.com\/wp-content\/uploads\/2024\/06\/812643060191df6ea0c9f14f0ebcbe18.jpg?x-oss-process=image\/resize,m_lfit,w_1224\/format,webp\/quality,80\" class=\"magic-9 img-self show_imgss\" data-src=\"https:\/\/ghgalaxyhome.com\/wp-content\/uploads\/2024\/06\/812643060191df6ea0c9f14f0ebcbe18.jpg\"><\/div>\n<\/div>\n<\/div>\n<\/div>\n<\/div>\n<\/div>\n<div class=\"J_module\">\n<div data-magic=\"{&quot;mds&quot;:{&quot;assetsVersion&quot;:&quot;0.0.14&quot;,&quot;assetsPackageName&quot;:&quot;icbumod&quot;,&quot;moduleNameAlias&quot;:&quot;icbu-pc-detailSellerRecommend&quot;,&quot;moduleData&quot;:{&quot;config&quot;:{&quot;columnCount&quot;:4,&quot;titleKey&quot;:6,&quot;products&quot;:[1600410930042,1600361622695,1600409885545,1600366805930,1600427296890,1600428477495,1600427557879,1600428598737,1600428045445,1600426627551,1600428617810,1600429912688]}}},&quot;version&quot;:1}\" class=\"icbu-pc-detailSellerRecommend magic-10\"><\/div>\n<\/div>\n<div class=\"J_module\">\n<div class=\"icbu-pc-images magic-7\">\n<div>\n<div class=\"flex-layout-v\">\n<div class=\"flex-layout-h magic-7\">\n<div class=\"magic-11\"><img decoding=\"async\" src=\"https:\/\/ghgalaxyhome.com\/wp-content\/uploads\/2024\/06\/232819ccbb2ef3c7fed622427453aaee.jpg?x-oss-process=image\/resize,m_lfit,w_1224\/format,webp\/quality,80\" class=\"magic-12 img-self show_imgss\" data-src=\"https:\/\/ghgalaxyhome.com\/wp-content\/uploads\/2024\/06\/232819ccbb2ef3c7fed622427453aaee.jpg\"><\/div>\n<\/div>\n<\/div>\n<\/div>\n<\/div>\n<\/div>\n<div class=\"J_module\">\n<div class=\"icbu-pc-images magic-7\">\n<div>\n<div class=\"flex-layout-v\">\n<div class=\"flex-layout-h magic-7\">\n<div class=\"magic-13\"><img decoding=\"async\" src=\"https:\/\/ghgalaxyhome.com\/wp-content\/uploads\/2024\/06\/237afc98df82979a2961dd982b92c604.jpg?x-oss-process=image\/resize,m_lfit,w_1224\/format,webp\/quality,80\" class=\"magic-14 img-self show_imgss\" data-src=\"https:\/\/ghgalaxyhome.com\/wp-content\/uploads\/2024\/06\/237afc98df82979a2961dd982b92c604.jpg\"><\/div>\n<\/div>\n<\/div>\n<\/div>\n<\/div>\n<\/div>\n<div class=\"J_module\">\n<div class=\"icbu-pc-images magic-7\">\n<div>\n<div class=\"flex-layout-v\">\n<div class=\"flex-layout-h magic-7\">\n<div class=\"magic-15\"><img decoding=\"async\" src=\"https:\/\/ghgalaxyhome.com\/wp-content\/uploads\/2024\/06\/fca8d35615d463d4224e55c5c22fe092.jpg?x-oss-process=image\/resize,m_lfit,w_1224\/format,webp\/quality,80\" class=\"magic-16 img-self show_imgss\" data-src=\"https:\/\/ghgalaxyhome.com\/wp-content\/uploads\/2024\/06\/fca8d35615d463d4224e55c5c22fe092.jpg\"><\/div>\n<\/div>\n<\/div>\n<\/div>\n<\/div>\n<\/div>\n<\/div><\/div>","protected":false},"excerpt":{"rendered":"<p>Gracias a nuestro personal t\u00e9cnico comprometido y sobresaliente, nuestras tecnolog\u00edas se han actualizado para ahorrar m\u00e1s mano de obra y costos. Sus rangos de aplicaci\u00f3n se han ampliado mucho. En la actualidad, se utiliza ampliamente en el campo de las ba\u00f1eras e hidromasajes.<\/p>","protected":false},"featured_media":28887,"comment_status":"open","ping_status":"closed","template":"","meta":[],"product_brand":[],"product_cat":[20],"product_tag":[],"class_list":{"0":"post-31108","1":"product","2":"type-product","3":"status-publish","4":"has-post-thumbnail","6":"product_cat-products-40768","8":"first","9":"instock","10":"shipping-taxable","11":"product-type-simple"},"_links":{"self":[{"href":"https:\/\/ghgalaxyhome.com\/es\/wp-json\/wp\/v2\/product\/31108","targetHints":{"allow":["GET"]}}],"collection":[{"href":"https:\/\/ghgalaxyhome.com\/es\/wp-json\/wp\/v2\/product"}],"about":[{"href":"https:\/\/ghgalaxyhome.com\/es\/wp-json\/wp\/v2\/types\/product"}],"replies":[{"embeddable":true,"href":"https:\/\/ghgalaxyhome.com\/es\/wp-json\/wp\/v2\/comments?post=31108"}],"version-history":[{"count":2,"href":"https:\/\/ghgalaxyhome.com\/es\/wp-json\/wp\/v2\/product\/31108\/revisions"}],"predecessor-version":[{"id":31221,"href":"https:\/\/ghgalaxyhome.com\/es\/wp-json\/wp\/v2\/product\/31108\/revisions\/31221"}],"wp:featuredmedia":[{"embeddable":true,"href":"https:\/\/ghgalaxyhome.com\/es\/wp-json\/wp\/v2\/media\/28887"}],"wp:attachment":[{"href":"https:\/\/ghgalaxyhome.com\/es\/wp-json\/wp\/v2\/media?parent=31108"}],"wp:term":[{"taxonomy":"product_brand","embeddable":true,"href":"https:\/\/ghgalaxyhome.com\/es\/wp-json\/wp\/v2\/product_brand?post=31108"},{"taxonomy":"product_cat","embeddable":true,"href":"https:\/\/ghgalaxyhome.com\/es\/wp-json\/wp\/v2\/product_cat?post=31108"},{"taxonomy":"product_tag","embeddable":true,"href":"https:\/\/ghgalaxyhome.com\/es\/wp-json\/wp\/v2\/product_tag?post=31108"}],"curies":[{"name":"wp","href":"https:\/\/api.w.org\/{rel}","templated":true}]}}