{"id":31099,"date":"2024-06-09T16:56:50","date_gmt":"2024-06-09T16:56:50","guid":{"rendered":"https:\/\/ghgalaxyhome.com\/?post_type=product&#038;p=31099"},"modified":"2024-06-09T17:02:18","modified_gmt":"2024-06-09T17:02:18","slug":"products-detail-582151","status":"publish","type":"product","link":"https:\/\/ghgalaxyhome.com\/es\/video\/products-detail-582151","title":{"rendered":"Galaxy Home - Ba\u00f1eras de ba\u00f1o independientes de acr\u00edlico blanco de gran oferta con escurridor"},"content":{"rendered":"<div class=\"cons_box ls-product\">\n<p>Como era de esperar, Foshan Baihuo Home Technology Co., Ltd. presenta un nuevo producto que se basa en nuestras tecnolog\u00edas avanzadas y empleados laboriosos. Es el modelo BT09926 170 Venta caliente <a target=\"_blank\" class=\"keyword_link font-color\" href=\"https:\/\/www.ghgalaxyhome.com\/products-40770\" title=\"Ba\u00f1era de acr\u00edlico\" rel=\"noopener\">Ba\u00f1era de acr\u00edlico<\/a> Ba\u00f1eras de ba\u00f1o independientes blancas Ba\u00f1eras con escurridor y se pueden exportar legalmente a pa\u00edses extranjeros. En Foshan Baihuo Home Technology Co., Ltd., nuestro objetivo es proporcionar productos de la m\u00e1s alta calidad y un servicio superior a nuestros clientes, siendo ambos nuestra principal prioridad. Foshan Baihuo Home Technology Co., Ltd. est\u00e1 lleno de pasi\u00f3n por lo que estamos haciendo ahora. Alimentados por la cultura corporativa de unidad e integridad, cada empleado es optimista y busca constantemente m\u00e1s y mejores m\u00e9todos para fabricar los productos. Nuestra visi\u00f3n es crear beneficios para nuestros socios y clientes.<\/p>\n<div class=\"rich-text-table\">\n<table>\n<tbody>\n<tr class=\"firstRow\">\n<td style=\"width:25%;padding:5px 20px;font-size:14px;background:#f8fafc\">Garant\u00eda:<\/td>\n<td style=\"width:25%;padding:5px 20px;font-size:14px\">3 a\u00f1os<\/td>\n<td style=\"width:25%;padding:5px 20px;font-size:14px;background:#f8fafc\">Accesorio para ba\u00f1era:<\/td>\n<td style=\"width:25%;padding:5px 20px;font-size:14px\">escurridor<\/td>\n<\/tr>\n<tr>\n<td style=\"width:25%;padding:5px 20px;font-size:14px;background:#f8fafc\">Servicio postventa:<\/td>\n<td style=\"width:25%;padding:5px 20px;font-size:14px\">Soporte t\u00e9cnico en l\u00ednea, repuestos gratuitos<\/td>\n<td style=\"width:25%;padding:5px 20px;font-size:14px;background:#f8fafc\">Estilo:<\/td>\n<td style=\"width:25%;padding:5px 20px;font-size:14px\">De pie<\/td>\n<\/tr>\n<tr>\n<td style=\"width:25%;padding:5px 20px;font-size:14px;background:#f8fafc\">Longitud:<\/td>\n<td style=\"width:25%;padding:5px 20px;font-size:14px\">1,7 m<\/td>\n<td style=\"width:25%;padding:5px 20px;font-size:14px;background:#f8fafc\">Capacidad de soluci\u00f3n del proyecto:<\/td>\n<td style=\"width:25%;padding:5px 20px;font-size:14px\">dise\u00f1o gr\u00e1fico, dise\u00f1o de modelos 3D, soluci\u00f3n total para proyectos, consolidaci\u00f3n de categor\u00edas cruzadas<\/td>\n<\/tr>\n<tr>\n<td style=\"width:25%;padding:5px 20px;font-size:14px;background:#f8fafc\">Solicitud:<\/td>\n<td style=\"width:25%;padding:5px 20px;font-size:14px\">Hotel<\/td>\n<td style=\"width:25%;padding:5px 20px;font-size:14px;background:#f8fafc\">Estilo de dise\u00f1o:<\/td>\n<td style=\"width:25%;padding:5px 20px;font-size:14px\">Moderno<\/td>\n<\/tr>\n<tr>\n<td style=\"width:25%;padding:5px 20px;font-size:14px;background:#f8fafc\">Lugar de origen:<\/td>\n<td style=\"width:25%;padding:5px 20px;font-size:14px\">Guangdong, China<\/td>\n<td style=\"width:25%;padding:5px 20px;font-size:14px;background:#f8fafc\">Nombre de la marca:<\/td>\n<td style=\"width:25%;padding:5px 20px;font-size:14px\">Inicio Galaxy<\/td>\n<\/tr>\n<tr>\n<td style=\"width:25%;padding:5px 20px;font-size:14px;background:#f8fafc\">N\u00famero de modelo:<\/td>\n<td style=\"width:25%;padding:5px 20px;font-size:14px\">BT09926-170<\/td>\n<td style=\"width:25%;padding:5px 20px;font-size:14px;background:#f8fafc\">Material:<\/td>\n<td style=\"width:25%;padding:5px 20px;font-size:14px\">Acr\u00edlico<\/td>\n<\/tr>\n<tr>\n<td style=\"width:25%;padding:5px 20px;font-size:14px;background:#f8fafc\">Funci\u00f3n:<\/td>\n<td style=\"width:25%;padding:5px 20px;font-size:14px\">Remojo<\/td>\n<td style=\"width:25%;padding:5px 20px;font-size:14px;background:#f8fafc\">Tipo de instalaci\u00f3n:<\/td>\n<td style=\"width:25%;padding:5px 20px;font-size:14px\">De pie<\/td>\n<\/tr>\n<tr>\n<td style=\"width:25%;padding:5px 20px;font-size:14px;background:#f8fafc\">Ubicaci\u00f3n del drenaje:<\/td>\n<td style=\"width:25%;padding:5px 20px;font-size:14px\">Bien<\/td>\n<td style=\"width:25%;padding:5px 20px;font-size:14px;background:#f8fafc\">Color:<\/td>\n<td style=\"width:25%;padding:5px 20px;font-size:14px\">Blanco<\/td>\n<\/tr>\n<tr>\n<td style=\"width:25%;padding:5px 20px;font-size:14px;background:#f8fafc\">Tama\u00f1o:<\/td>\n<td style=\"width:25%;padding:5px 20px;font-size:14px\">1700*800*580mm<\/td>\n<td style=\"width:25%;padding:5px 20px;font-size:14px\"><\/td>\n<td style=\"width:25%;padding:5px 20px;font-size:14px\"><\/td>\n<\/tr>\n<\/tbody>\n<\/table>\n<\/div>\n<p><\/p>\n<div data-magic-global=\"%7B%22bizId%22%3A2211240675273%2C%22pageId%22%3A21006402561%2C%22siteId%22%3A10002499104%7D\" id=\"detail_decorate_root\">#detail_decorate_root .magic-0{position:relative}#detail_decorate_root .magic-1{position:absolute;left:12px;top:12px;height:24px;z-index:3;overflow:hidden;background-color:#3a3531;display: flex;align-items:center;border-radius:12px;font-size:12px;color:white;padding:2px 6px}#detail_decorate_root .magic-2{height:24px;width:24px;background-image:url(\u201c https:\/\/img.alicdn.com\/tfs\/TB1fYbeJ4z1gK0jSZSgXXavwpXa-144-144.gif\u201d);background-repeat:no-repeat;background-size:cover}#detail_decorate_root .magic-3{margin-left:4px}#detail_decorate_root. magic-4{ancho:750px}#detail_decorate_root .magic-5{overflow:hidden;width:750px;height:421.7957389245857px;margin-top:0;margin-bottom:0;margin-left:0;margin-right:0 }#detail_decorate_root .magic-6{margin-top:0;margin-left:0;width:750px;height:421.7957389245857px}#detail_decorate_root .magic-7{border-bottom-style:solid;border-bottom-color:#53647a; font-family:Roboto;font-size:24px;color:#53647a;font-style:normal;border-bottom-width:2px;padding-top:8px;padding-bottom:4px}#detail_decorate_root .magic-8{margin- bottom:10px;line-height:0}#detail_decorate_root .magic-9{margin-bottom:0}#detail_decorate_root .magic-10{position:relative;width:100%}#detail_decorate_root .magic-11{width:750px;border-collapse: colapsar}#detail_decorate_root .magic-12{min-height:28px;padding:5px 10px;width:241px;min-height:28px;box-sizing:content-box}#detail_decorate_root .magic-13{min-height:28px;padding :5px 10px;ancho:460px;min-height:28px;box-sizing:content-box}#detail_decorate_root .magic-14{overflow:hidden;width:750px;height:1132px;margin-top:0;margin-bottom: 0;margin-left:0;margin-right:0}#detail_decorate_root .magic-15{margin-top:0;margin-left:0;width:750px;height:1132px}#detail_decorate_root .magic-16{overflow:hidden; ancho:750px;alto:2461px;margin-top:0;margin-bottom:0;margin-left:0;margin-right:0}#detail_decorate_root .magic-17{margin-top:0;margin-left:0; ancho:750px;alto:2461px}#detail_decorate_root .magic-18{overflow:hidden;ancho:750px;alto:473px;margin-top:0;margin-bottom:0;margin-left:0;margin-right:0} #detail_decorate_root .magic-19{margin-top:0;margin-left:0;width:750px;height:473px}#detail_decorate_root .magic-20{overflow:hidden;width:750px;height:107px;margin-top:0; margin-bottom:0;margin-left:0;margin-right:0}#detail_decorate_root .magic-21{margin-top:0;margin-left:0;width:750px;height:787px}#detail_decorate_root .magic-22{ vertical-align:top}#detail_decorate_root .magic-23{vertical-align:top;display:block;padding-right:4px;box-sizing:border-box;padding-left:4px}#detail_decorate_root .magic-24{vertical- align:top;padding-bottom:4px;box-sizing:border-box;padding-top:4px}#detail_decorate_root .magic-25{padding:0;margin:0;white-space:pre-wrap;font-size: 14px}#detail_decorate_root .magic-27{color:#a0b0d0}#detail_decorate_root .magic-28{margin-bottom:10px;overflow:hidden}#detail_decorate_root .magic-29{overflow:hidden;width:750px;height:453px;margin-top: 0;margin-bottom:0;margin-left:0;margin-right:0}#detail_decorate_root .magic-30{margin-top:0;margin-left:0;width:750px;height:453px}<\/p>\n<div class=\"J_module\">\n<div class=\"icbu-detail-showroom magic-0\">\n<div class=\"svg-wrapper magic-1\">\n<div class=\"magic-2\"><\/div>\n<p><span class=\"magic-3\">realidad virtual<\/span><\/div>\n<div class=\"icbu-pc-images magic-4\">\n<div>\n<div class=\"flex-layout-v\">\n<div class=\"flex-layout-h magic-4\">\n<div class=\"magic-5\"><img decoding=\"async\" src=\"https:\/\/ghgalaxyhome.com\/wp-content\/uploads\/2024\/06\/3b6b18a8a8fc220ca38ba96688d31d26.png?x-oss-process=image\/resize,m_lfit,w_1224\/format,webp\/quality,80\" class=\"magic-6 img-self show_imgss\" data-src=\"https:\/\/ghgalaxyhome.com\/wp-content\/uploads\/2024\/06\/3b6b18a8a8fc220ca38ba96688d31d26.png\"><\/div>\n<\/div>\n<\/div>\n<\/div>\n<\/div>\n<\/div>\n<\/div>\n<div class=\"J_module\">\n<div id=\"ali-anchor-AliMagic-esxhyw\" data-section=\"AliMagic-esxhyw\" data-section-title=\"Details Images\" class=\"magic-7\">Detalles Im\u00e1genes<\/div>\n<\/div>\n<div class=\"J_module\">\n<div class=\"icbu-pc-detailManyImage magic-8\">\n<div class=\"magic-9\"><img decoding=\"async\" src=\"https:\/\/ghgalaxyhome.com\/wp-content\/uploads\/2024\/06\/74fb8d25f52a84f134637ce8ec4738b3.jpg?x-oss-process=image\/resize,m_lfit,w_1224\/format,webp\/quality,80\" class=\"magic-10 img-self show_imgss\" data-src=\"https:\/\/ghgalaxyhome.com\/wp-content\/uploads\/2024\/06\/74fb8d25f52a84f134637ce8ec4738b3.jpg\"><\/div>\n<div class=\"magic-9\"><img decoding=\"async\" src=\"https:\/\/ghgalaxyhome.com\/wp-content\/uploads\/2024\/06\/5ae11522dc5724790687249fe60f3046.jpg?x-oss-process=image\/resize,m_lfit,w_1224\/format,webp\/quality,80\" class=\"magic-10 img-self show_imgss\" data-src=\"https:\/\/ghgalaxyhome.com\/wp-content\/uploads\/2024\/06\/5ae11522dc5724790687249fe60f3046.jpg\"><\/div>\n<div class=\"magic-9\"><img decoding=\"async\" src=\"https:\/\/ghgalaxyhome.com\/wp-content\/uploads\/2024\/06\/43df93fa0d392273a6dc3892c64e4a60.jpg?x-oss-process=image\/resize,m_lfit,w_1224\/format,webp\/quality,80\" class=\"magic-10 img-self show_imgss\" data-src=\"https:\/\/ghgalaxyhome.com\/wp-content\/uploads\/2024\/06\/43df93fa0d392273a6dc3892c64e4a60.jpg\"><\/div>\n<div class=\"magic-9\"><img decoding=\"async\" src=\"https:\/\/ghgalaxyhome.com\/wp-content\/uploads\/2024\/06\/1920e439a0d06d1a714846f7d34aea6e.jpg?x-oss-process=image\/resize,m_lfit,w_1224\/format,webp\/quality,80\" class=\"magic-10 img-self show_imgss\" data-src=\"https:\/\/ghgalaxyhome.com\/wp-content\/uploads\/2024\/06\/1920e439a0d06d1a714846f7d34aea6e.jpg\"><\/div>\n<div class=\"magic-9\"><img decoding=\"async\" src=\"https:\/\/ghgalaxyhome.com\/wp-content\/uploads\/2024\/06\/4be9bcbcbea5997e52565b22ae2fda58.jpg?x-oss-process=image\/resize,m_lfit,w_1224\/format,webp\/quality,80\" class=\"magic-10 img-self show_imgss\" data-src=\"https:\/\/ghgalaxyhome.com\/wp-content\/uploads\/2024\/06\/4be9bcbcbea5997e52565b22ae2fda58.jpg\"><\/div>\n<\/div>\n<\/div>\n<div class=\"J_module\">\n<div id=\"ali-anchor-AliMagic-rfop8n\" data-section=\"AliMagic-rfop8n\" data-section-title=\"Specification\" class=\"magic-7\">Especificaci\u00f3n<\/div>\n<\/div>\n<div class=\"J_module\">\n<div class=\"ife-detail-decorate-table\">\n<table class=\"has-title all magic-11\">\n<tbody>\n<tr class=\"firstRow\">\n<td colspan=\"1\" rowspan=\"1\">\n<div class=\"magic-12\">nombre del producto<\/div>\n<\/td>\n<td colspan=\"1\" rowspan=\"1\">\n<div class=\"magic-13\">Modelo BT09926 170 Venta caliente Ba\u00f1era de acr\u00edlico Ba\u00f1eras de ba\u00f1o independientes blancas Ba\u00f1eras con escurridor<\/div>\n<\/td>\n<\/tr>\n<tr>\n<td colspan=\"1\" rowspan=\"1\">\n<div class=\"magic-12\">Nombre de la marca<\/div>\n<\/td>\n<td colspan=\"1\" rowspan=\"1\">\n<div class=\"magic-13\">Inicio Galaxy<\/div>\n<\/td>\n<\/tr>\n<tr>\n<td colspan=\"1\" rowspan=\"1\">\n<div class=\"magic-12\">N\u00famero de modelo<\/div>\n<\/td>\n<td colspan=\"1\" rowspan=\"1\">\n<div class=\"magic-13\">BT09926-170<\/div>\n<\/td>\n<\/tr>\n<tr>\n<td colspan=\"1\" rowspan=\"1\">\n<div class=\"magic-12\">Material<\/div>\n<\/td>\n<td colspan=\"1\" rowspan=\"1\">\n<div class=\"magic-13\">Acr\u00edlico<\/div>\n<\/td>\n<\/tr>\n<tr>\n<td colspan=\"1\" rowspan=\"1\">\n<div class=\"magic-12\">Tama\u00f1o<\/div>\n<\/td>\n<td colspan=\"1\" rowspan=\"1\">\n<div class=\"magic-13\">1700*800*580mm<\/div>\n<\/td>\n<\/tr>\n<tr>\n<td colspan=\"1\" rowspan=\"1\">\n<div class=\"magic-12\">escurridor<\/div>\n<\/td>\n<td colspan=\"1\" rowspan=\"1\">\n<div class=\"magic-13\">Con escurridor, negociable.<\/div>\n<\/td>\n<\/tr>\n<tr>\n<td colspan=\"1\" rowspan=\"1\">\n<div class=\"magic-12\">Color<\/div>\n<\/td>\n<td colspan=\"1\" rowspan=\"1\">\n<div class=\"magic-13\">Blanco<\/div>\n<\/td>\n<\/tr>\n<tr>\n<td colspan=\"1\" rowspan=\"1\">\n<div class=\"magic-12\">Funci\u00f3n<\/div>\n<\/td>\n<td colspan=\"1\" rowspan=\"1\">\n<div class=\"magic-13\">Remojo<\/div>\n<\/td>\n<\/tr>\n<tr>\n<td colspan=\"1\" rowspan=\"1\">\n<div class=\"magic-12\">detalles del empaque<\/div>\n<\/td>\n<td colspan=\"1\" rowspan=\"1\">\n<div class=\"magic-13\">Bolsa de pl\u00e1stico + espuma + cart\u00f3n, negociable<\/div>\n<\/td>\n<\/tr>\n<\/tbody>\n<\/table>\n<\/div>\n<\/div>\n<div class=\"J_module\">\n<div class=\"icbu-pc-images magic-4\">\n<div>\n<div class=\"flex-layout-v\">\n<div class=\"flex-layout-h magic-4\">\n<div class=\"magic-14\"><img decoding=\"async\" src=\"https:\/\/ghgalaxyhome.com\/wp-content\/uploads\/2024\/06\/ec40411d54fc31c4dbe2e02891a03f4f.jpg?x-oss-process=image\/resize,m_lfit,w_1224\/format,webp\/quality,80\" class=\"magic-15 img-self show_imgss\" data-src=\"https:\/\/ghgalaxyhome.com\/wp-content\/uploads\/2024\/06\/ec40411d54fc31c4dbe2e02891a03f4f.jpg\"><\/div>\n<\/div>\n<\/div>\n<\/div>\n<\/div>\n<\/div>\n<div class=\"J_module\">\n<div class=\"icbu-pc-images magic-4\">\n<div>\n<div class=\"flex-layout-v\">\n<div class=\"flex-layout-h magic-4\">\n<div class=\"magic-16\"><img decoding=\"async\" src=\"https:\/\/ghgalaxyhome.com\/wp-content\/uploads\/2024\/06\/6c7f50c25a52eda82c335f03b6db3227.jpg?x-oss-process=image\/resize,m_lfit,w_1224\/format,webp\/quality,80\" class=\"magic-17 img-self show_imgss\" data-src=\"https:\/\/ghgalaxyhome.com\/wp-content\/uploads\/2024\/06\/6c7f50c25a52eda82c335f03b6db3227.jpg\"><\/div>\n<\/div>\n<\/div>\n<\/div>\n<\/div>\n<\/div>\n<div class=\"J_module\">\n<div class=\"icbu-pc-images magic-4\">\n<div>\n<div class=\"flex-layout-v\">\n<div class=\"flex-layout-h magic-4\">\n<div class=\"magic-18\"><img decoding=\"async\" src=\"https:\/\/ghgalaxyhome.com\/wp-content\/uploads\/2024\/06\/812643060191df6ea0c9f14f0ebcbe18.jpg?x-oss-process=image\/resize,m_lfit,w_1224\/format,webp\/quality,80\" class=\"magic-19 img-self show_imgss\" data-src=\"https:\/\/ghgalaxyhome.com\/wp-content\/uploads\/2024\/06\/812643060191df6ea0c9f14f0ebcbe18.jpg\"><\/div>\n<\/div>\n<\/div>\n<\/div>\n<\/div>\n<\/div>\n<div class=\"J_module\">\n<div class=\"icbu-pc-images magic-4\">\n<div>\n<div class=\"flex-layout-v\">\n<div class=\"flex-layout-h magic-4\">\n<div class=\"magic-20\"><img decoding=\"async\" src=\"https:\/\/ghgalaxyhome.com\/wp-content\/uploads\/2024\/06\/e48d2dd6f83d26f84c395a9228c855e6.jpg?x-oss-process=image\/resize,m_lfit,w_1224\/format,webp\/quality,80\" class=\"magic-21 img-self show_imgss\" data-src=\"https:\/\/ghgalaxyhome.com\/wp-content\/uploads\/2024\/06\/e48d2dd6f83d26f84c395a9228c855e6.jpg\"><\/div>\n<\/div>\n<\/div>\n<\/div>\n<\/div>\n<\/div>\n<div class=\"J_module\">\n<div class=\"detail-decorate-json-renderer-container\">\n<div class=\"magic-22\">\n<div class=\"magic-23\">\n<div class=\"magic-24\">\n<div class=\"magic-25\"><strong><span style=\"color:#000000\">P: \u00bfC\u00f3mo puedo obtener el precio?<\/span><\/strong><\/p>\n<div><span style=\"color:#7a90b2\"><strong class=\"magic-26\">A:<\/strong> Generalmente cotizamos dentro de las 24 horas posteriores a la recepci\u00f3n de su consulta (excepto fines de semana y feriados). Si urge obtener el precio, por favor env\u00edenos un correo electr\u00f3nico o cont\u00e1ctenos de otras formas para que podamos ofrecerle un presupuesto.<\/span><\/div>\n<div><span><span style=\"color:#7a90b2\">&#8212;&#8212;&#8212;&#8212;&#8212;&#8212;&#8212;&#8212;&#8212;&#8212;&#8212;&#8212;&#8212;&#8212;&#8212;&#8212;&#8212;&#8212;&#8212;&#8212;&#8212;&#8212;&#8212;&#8212;&#8212;&#8212;&#8212;&#8212;&#8212;&#8212;&#8212;&#8212;&#8212;&#8212;&#8212;&#8212;&#8212;&#8212;&#8212;&#8212;&#8212;&#8212;&#8212;&#8212;&#8212;&#8212;&#8212;&#8212;&#8212;&#8212;&#8212;&#8212;&#8212;&#8212;&#8212;&#8212;&#8212;&#8212;&#8212;&#8212;&#8212;&#8212;&#8212;&#8212;&#8212;-<\/span><span style=\"color:#a0b0d0\"><\/span><\/span><strong>P: <span class=\"magic-26\">\u00bfPuedo comprar muestras?<\/span><\/strong><span style=\"color:#7a90b2\"><strong class=\"magic-26\">A: <\/strong>S\u00ed. Si\u00e9ntete libre de contactarnos.<br \/>\n&#8212;&#8212;&#8212;&#8212;&#8212;&#8212;&#8212;&#8212;&#8212;&#8212;&#8212;&#8212;&#8212;&#8212;&#8212;&#8212;&#8212;&#8212;&#8212;&#8212;&#8212;&#8212;&#8212;&#8212;&#8212;&#8212;&#8212;&#8212;&#8212;&#8212;&#8212;&#8212;&#8212;&#8212;&#8212;&#8212;&#8212;&#8212;&#8212;&#8212;&#8212;&#8212;&#8212;&#8212;&#8212;&#8212;&#8212;&#8212;&#8212;&#8212;&#8212;&#8212;&#8212;&#8212;&#8212;&#8212;&#8212;&#8212;&#8212;&#8212;&#8212;&#8212;&#8212;&#8212;&#8212;-<\/span><\/div>\n<div><strong class=\"magic-26\"><span style=\"color:#000000\">P: \u00bfCu\u00e1l es su plazo de entrega?<\/span><\/strong><span style=\"color:#a0b0d0\"><\/span><span style=\"color:#7a90b2\"><span class=\"magic-26\"><strong class=\"magic-26\">A:<\/strong> Depende de la cantidad del pedido y de la temporada en la que realiza el pedido. Por lo general, podemos realizar env\u00edos en un plazo de 7 a 15 d\u00edas para cantidades peque\u00f1as y aproximadamente 30 d\u00edas para cantidades grandes.<\/span>&#8212;&#8212;&#8212;&#8212;&#8212;&#8212;&#8212;&#8212;&#8212;&#8212;&#8212;&#8212;&#8212;&#8212;&#8212;&#8212;&#8212;&#8212;&#8212;&#8212;&#8212;&#8212;&#8212;&#8212;&#8212;&#8212;&#8212;&#8212;&#8212;&#8212;&#8212;&#8212;&#8212;&#8212;&#8212;&#8212;&#8212;&#8212;&#8212;&#8212;&#8212;&#8212;&#8212;&#8212;&#8212;&#8212;&#8212;&#8212;&#8212;&#8212;&#8212;&#8212;&#8212;&#8212;&#8212;&#8212;&#8212;&#8212;&#8212;&#8212;&#8212;&#8212;&#8212;&#8212;&#8212;-<\/span><\/div>\n<div><strong class=\"magic-26\"><span style=\"color:#000000\">P: \u00bfCu\u00e1l es su plazo de pago?<\/span><\/strong><span style=\"color:#7a90b2\"><strong class=\"magic-26\">A:<\/strong> T\/T, Western Union, MoneyGram y Paypal. Esto es negociable.<span>&#8212;&#8212;&#8212;&#8212;&#8212;&#8212;&#8212;&#8212;&#8212;&#8212;&#8212;&#8212;&#8212;&#8212;&#8212;&#8212;&#8212;&#8212;&#8212;&#8212;&#8212;&#8212;&#8212;&#8212;&#8212;&#8212;&#8212;&#8212;&#8212;&#8212;&#8212;&#8212;&#8212;&#8212;&#8212;&#8212;&#8212;&#8212;&#8212;&#8212;&#8212;&#8212;&#8212;&#8212;&#8212;&#8212;&#8212;&#8212;&#8212;&#8212;&#8212;&#8212;&#8212;&#8212;&#8212;&#8212;&#8212;&#8212;&#8212;&#8212;&#8212;&#8212;&#8212;&#8212;&#8212;-<\/span><\/span><\/div>\n<div><strong class=\"magic-26\"><span style=\"color:#000000\">P: \u00bfCu\u00e1l es el m\u00e9todo de env\u00edo?<\/span><\/strong><\/div>\n<div><span style=\"color:#7a90b2\"><strong class=\"magic-26\">A:<\/strong>Puede enviarse por mar, aire o expreso (EMS, UPS, DHL, TNT, FEDEX, etc.). Por favor confirme con nosotros antes de realizar pedidos.<\/span><\/div>\n<div><span class=\"magic-26\"><span style=\"color:#7a90b2\">&#8212;&#8212;&#8212;&#8212;&#8212;&#8212;&#8212;&#8212;&#8212;&#8212;&#8212;&#8212;&#8212;&#8212;&#8212;&#8212;&#8212;&#8212;&#8212;&#8212;&#8212;&#8212;&#8212;&#8212;&#8212;&#8212;&#8212;&#8212;&#8212;&#8212;&#8212;&#8212;&#8212;&#8212;&#8212;&#8212;&#8212;&#8212;&#8212;&#8212;&#8212;&#8212;&#8212;&#8212;&#8212;&#8212;&#8212;&#8212;&#8212;&#8212;&#8212;&#8212;&#8212;&#8212;&#8212;&#8212;&#8212;&#8212;&#8212;&#8212;&#8212;&#8212;&#8212;&#8212;&#8212;-<\/span><\/span><span class=\"magic-27\"><\/span><strong class=\"magic-26\"><span style=\"color:#000000\">P: \u00bfC\u00f3mo se logra que nuestra relaci\u00f3n comercial sea duradera y buena?<\/span><\/strong><\/div>\n<div><span style=\"color:#7a90b2\"><strong class=\"magic-26\">A:<\/strong> Mantenemos buena calidad y precios competitivos para garantizar que nuestros clientes se beneficien. Adem\u00e1s, respetamos a cada cliente como nuestro amigo y sinceramente hacemos negocios y nos hacemos amigos de ellos, sin importar de d\u00f3nde vengan.<strong class=\"magic-26\"><\/strong>&#8212;&#8212;&#8212;&#8212;&#8212;&#8212;&#8212;&#8212;&#8212;&#8212;&#8212;&#8212;&#8212;&#8212;&#8212;&#8212;&#8212;&#8212;&#8212;&#8212;&#8212;&#8212;&#8212;&#8212;&#8212;&#8212;&#8212;&#8212;&#8212;&#8212;&#8212;&#8212;&#8212;&#8212;&#8212;&#8212;&#8212;&#8212;&#8212;&#8212;&#8212;&#8212;&#8212;&#8212;&#8212;&#8212;&#8212;&#8212;&#8212;&#8212;&#8212;&#8212;&#8212;&#8212;&#8212;&#8212;&#8212;&#8212;&#8212;&#8212;&#8212;&#8212;&#8212;&#8212;&#8212;-<\/span><\/div>\n<\/div>\n<\/div>\n<\/div>\n<\/div>\n<\/div>\n<\/div>\n<div class=\"J_module\">\n<div data-magic=\"{&quot;mds&quot;:{&quot;assetsVersion&quot;:&quot;0.0.14&quot;,&quot;assetsPackageName&quot;:&quot;icbumod&quot;,&quot;moduleNameAlias&quot;:&quot;icbu-pc-detailSellerRecommend&quot;,&quot;moduleData&quot;:{&quot;config&quot;:{&quot;columnCount&quot;:4,&quot;titleKey&quot;:6,&quot;products&quot;:[1600375872319,1600405521737,1600361399840,1600371697209,1600409885545,1600408947249,1600432371451,1600431636613,1600428119615,1600426863912,1600428045445,1600428598737]}}},&quot;version&quot;:1}\" class=\"icbu-pc-detailSellerRecommend magic-28\"><\/div>\n<\/div>\n<div class=\"J_module\">\n<div class=\"icbu-pc-images magic-4\">\n<div>\n<div class=\"flex-layout-v\">\n<div class=\"flex-layout-h magic-4\">\n<div class=\"magic-29\"><img decoding=\"async\" src=\"https:\/\/ghgalaxyhome.com\/wp-content\/uploads\/2024\/06\/f720390c06422a9260318d0aa9e95dec.jpg?x-oss-process=image\/resize,m_lfit,w_1224\/format,webp\/quality,80\" class=\"magic-30 img-self show_imgss\" data-src=\"https:\/\/ghgalaxyhome.com\/wp-content\/uploads\/2024\/06\/f720390c06422a9260318d0aa9e95dec.jpg\"><\/div>\n<\/div>\n<\/div>\n<\/div>\n<\/div>\n<\/div>\n<\/div><\/div>","protected":false},"excerpt":{"rendered":"<p>Tan pronto como se lanz\u00f3 al mercado el modelo BT09926 170, ba\u00f1era acr\u00edlica de gran oferta, ba\u00f1eras de ba\u00f1o independientes blancas con escurridor, recibi\u00f3 comentarios positivos de muchos clientes, quienes dijeron que este tipo de producto puede resolver eficazmente sus necesidades. Adem\u00e1s, el producto es Ampliamente utilizado en ba\u00f1eras e hidromasajes.<\/p>","protected":false},"featured_media":28872,"comment_status":"open","ping_status":"closed","template":"","meta":[],"product_brand":[],"product_cat":[20],"product_tag":[],"class_list":{"0":"post-31099","1":"product","2":"type-product","3":"status-publish","4":"has-post-thumbnail","6":"product_cat-products-40768","8":"first","9":"instock","10":"shipping-taxable","11":"product-type-simple"},"_links":{"self":[{"href":"https:\/\/ghgalaxyhome.com\/es\/wp-json\/wp\/v2\/product\/31099","targetHints":{"allow":["GET"]}}],"collection":[{"href":"https:\/\/ghgalaxyhome.com\/es\/wp-json\/wp\/v2\/product"}],"about":[{"href":"https:\/\/ghgalaxyhome.com\/es\/wp-json\/wp\/v2\/types\/product"}],"replies":[{"embeddable":true,"href":"https:\/\/ghgalaxyhome.com\/es\/wp-json\/wp\/v2\/comments?post=31099"}],"version-history":[{"count":2,"href":"https:\/\/ghgalaxyhome.com\/es\/wp-json\/wp\/v2\/product\/31099\/revisions"}],"predecessor-version":[{"id":31228,"href":"https:\/\/ghgalaxyhome.com\/es\/wp-json\/wp\/v2\/product\/31099\/revisions\/31228"}],"wp:featuredmedia":[{"embeddable":true,"href":"https:\/\/ghgalaxyhome.com\/es\/wp-json\/wp\/v2\/media\/28872"}],"wp:attachment":[{"href":"https:\/\/ghgalaxyhome.com\/es\/wp-json\/wp\/v2\/media?parent=31099"}],"wp:term":[{"taxonomy":"product_brand","embeddable":true,"href":"https:\/\/ghgalaxyhome.com\/es\/wp-json\/wp\/v2\/product_brand?post=31099"},{"taxonomy":"product_cat","embeddable":true,"href":"https:\/\/ghgalaxyhome.com\/es\/wp-json\/wp\/v2\/product_cat?post=31099"},{"taxonomy":"product_tag","embeddable":true,"href":"https:\/\/ghgalaxyhome.com\/es\/wp-json\/wp\/v2\/product_tag?post=31099"}],"curies":[{"name":"wp","href":"https:\/\/api.w.org\/{rel}","templated":true}]}}