{"id":31083,"date":"2024-06-09T16:56:59","date_gmt":"2024-06-09T16:56:59","guid":{"rendered":"https:\/\/ghgalaxyhome.com\/?post_type=product&#038;p=31083"},"modified":"2024-06-09T17:06:00","modified_gmt":"2024-06-09T17:06:00","slug":"products-detail-582371","status":"publish","type":"product","link":"https:\/\/ghgalaxyhome.com\/es\/video\/products-detail-582371","title":{"rendered":"Galaxy Home - Ba\u00f1eras de ba\u00f1o cl\u00e1sicas Foshan Ba\u00f1era acr\u00edlica blanca con ba\u00f1eras de cuatro patas"},"content":{"rendered":"<div class=\"cons_box ls-product\">\n<p>After years of development, Foshan Baihuo Home Technology Co., Ltd. has gained strong capabilities in production and R&#038;D, which allows us to develop new products to keep close up with industry development. By accurately grasping the pain points of customers, the Foshan Classical Bathroom Bathtubs Acrylic White Bathtub With Four Legs developed by us has been supported and praised by the majority of customers in the market. Since established, Foshan Baihuo Home Technology Co., Ltd. have always been in strict compliance with international standards and high ethical standards, thus offering customers highly reliable products. We have always been following the business principle of &#8216;honesty &#038; integrity&#8217;, which ensures that the most credible services are delivered to every customer.<\/p>\n<div class=\"rich-text-table\">\n<table>\n<tbody>\n<tr class=\"firstRow\">\n<td style=\"width: 25%;padding: 5px 20px;font-size: 14px;background: #f8fafc\">Garant\u00eda:<\/td>\n<td style=\"width: 25%;padding: 5px 20px;font-size: 14px\">3 a\u00f1os<\/td>\n<td style=\"width: 25%;padding: 5px 20px;font-size: 14px;background: #f8fafc\">Servicio postventa:<\/td>\n<td style=\"width: 25%;padding: 5px 20px;font-size: 14px\">Soporte t\u00e9cnico en l\u00ednea, repuestos gratuitos<\/td>\n<\/tr>\n<tr>\n<td style=\"width: 25%;padding: 5px 20px;font-size: 14px;background: #f8fafc\">Estilo:<\/td>\n<td style=\"width: 25%;padding: 5px 20px;font-size: 14px\">Freestanding, Classical<\/td>\n<td style=\"width: 25%;padding: 5px 20px;font-size: 14px;background: #f8fafc\">Longitud:<\/td>\n<td style=\"width: 25%;padding: 5px 20px;font-size: 14px\">1,7 m<\/td>\n<\/tr>\n<tr>\n<td style=\"width: 25%;padding: 5px 20px;font-size: 14px;background: #f8fafc\">Capacidad de soluci\u00f3n del proyecto:<\/td>\n<td style=\"width: 25%;padding: 5px 20px;font-size: 14px\">dise\u00f1o gr\u00e1fico, dise\u00f1o de modelos 3D, soluci\u00f3n total para proyectos, consolidaci\u00f3n de categor\u00edas cruzadas<\/td>\n<td style=\"width: 25%;padding: 5px 20px;font-size: 14px;background: #f8fafc\">Solicitud:<\/td>\n<td style=\"width: 25%;padding: 5px 20px;font-size: 14px\">Hotel Villa Apartamento ba\u00f1o<\/td>\n<\/tr>\n<tr>\n<td style=\"width: 25%;padding: 5px 20px;font-size: 14px;background: #f8fafc\">Estilo de dise\u00f1o:<\/td>\n<td style=\"width: 25%;padding: 5px 20px;font-size: 14px\">Moderno<\/td>\n<td style=\"width: 25%;padding: 5px 20px;font-size: 14px;background: #f8fafc\">Lugar de origen:<\/td>\n<td style=\"width: 25%;padding: 5px 20px;font-size: 14px\">Guangdong, China<\/td>\n<\/tr>\n<tr>\n<td style=\"width: 25%;padding: 5px 20px;font-size: 14px;background: #f8fafc\">Nombre de la marca:<\/td>\n<td style=\"width: 25%;padding: 5px 20px;font-size: 14px\">Inicio Galaxy<\/td>\n<td style=\"width: 25%;padding: 5px 20px;font-size: 14px;background: #f8fafc\">N\u00famero de modelo:<\/td>\n<td style=\"width: 25%;padding: 5px 20px;font-size: 14px\">BT09901-170<\/td>\n<\/tr>\n<tr>\n<td style=\"width: 25%;padding: 5px 20px;font-size: 14px;background: #f8fafc\">Material:<\/td>\n<td style=\"width: 25%;padding: 5px 20px;font-size: 14px\">Acr\u00edlico<\/td>\n<td style=\"width: 25%;padding: 5px 20px;font-size: 14px;background: #f8fafc\">Funci\u00f3n:<\/td>\n<td style=\"width: 25%;padding: 5px 20px;font-size: 14px\">Remojo<\/td>\n<\/tr>\n<tr>\n<td style=\"width: 25%;padding: 5px 20px;font-size: 14px;background: #f8fafc\">Tipo de instalaci\u00f3n:<\/td>\n<td style=\"width: 25%;padding: 5px 20px;font-size: 14px\">De pie<\/td>\n<td style=\"width: 25%;padding: 5px 20px;font-size: 14px;background: #f8fafc\">Ubicaci\u00f3n del drenaje:<\/td>\n<td style=\"width: 25%;padding: 5px 20px;font-size: 14px\">Bien<\/td>\n<\/tr>\n<tr>\n<td style=\"width: 25%;padding: 5px 20px;font-size: 14px;background: #f8fafc\">Color:<\/td>\n<td style=\"width: 25%;padding: 5px 20px;font-size: 14px\">Blanco<\/td>\n<td style=\"width: 25%;padding: 5px 20px;font-size: 14px;background: #f8fafc\">Tama\u00f1o:<\/td>\n<td style=\"width: 25%;padding: 5px 20px;font-size: 14px\">1700*750*595mm<\/td>\n<\/tr>\n<\/tbody>\n<\/table>\n<\/div>\n<p>&nbsp;<\/p>\n<div id=\"detail_decorate_root\" data-magic-global=\"%7B%22bizId%22%3A2211240675273%2C%22pageId%22%3A21005995473%2C%22siteId%22%3A10002499104%7D\">\n<div class=\"J_module\">\n<div id=\"ali-anchor-AliMagic-x4f7si\" class=\"magic-0\" data-section=\"AliMagic-x4f7si\" data-section-title=\"Specification\">Especificaci\u00f3n<\/div>\n<\/div>\n<div class=\"J_module\">\n<div class=\"ife-detail-decorate-table\">\n<table class=\"has-title all magic-1\">\n<tbody>\n<tr class=\"firstRow\">\n<td colspan=\"1\" rowspan=\"1\">\n<div class=\"magic-2\">nombre del producto<\/div>\n<\/td>\n<td colspan=\"1\" rowspan=\"1\">\n<div class=\"magic-3\">Foshan Classical Bathroom Bathtubs Acrylic White Bathtub With Four Legs<\/div>\n<\/td>\n<\/tr>\n<tr>\n<td colspan=\"1\" rowspan=\"1\">\n<div class=\"magic-2\">Nombre de la marca<\/div>\n<\/td>\n<td colspan=\"1\" rowspan=\"1\">\n<div class=\"magic-3\">Inicio Galaxy<\/div>\n<\/td>\n<\/tr>\n<tr>\n<td colspan=\"1\" rowspan=\"1\">\n<div class=\"magic-2\">N\u00famero de modelo<\/div>\n<\/td>\n<td colspan=\"1\" rowspan=\"1\">\n<div class=\"magic-3\">BT09901-170<\/div>\n<\/td>\n<\/tr>\n<tr>\n<td colspan=\"1\" rowspan=\"1\">\n<div class=\"magic-2\">Material<\/div>\n<\/td>\n<td colspan=\"1\" rowspan=\"1\">\n<div class=\"magic-3\">Acr\u00edlico<\/div>\n<\/td>\n<\/tr>\n<tr>\n<td colspan=\"1\" rowspan=\"1\">\n<div class=\"magic-2\">Tama\u00f1o<\/div>\n<\/td>\n<td colspan=\"1\" rowspan=\"1\">\n<div class=\"magic-3\">1700*750*595mm,<\/div>\n<\/td>\n<\/tr>\n<tr>\n<td colspan=\"1\" rowspan=\"1\">\n<div class=\"magic-2\">Opci\u00f3n de tama\u00f1o<\/div>\n<\/td>\n<td colspan=\"1\" rowspan=\"1\">\n<div class=\"magic-3\">\n<p>1700*750*595mm,<\/p>\n<div data-spm-anchor-id=\"a2700.pc-decorate.0.i4.3a103333vzcyRL\">1750*780*595mm.<\/div>\n<\/div>\n<\/td>\n<\/tr>\n<tr>\n<td colspan=\"1\" rowspan=\"1\">\n<div class=\"magic-2\">escurridor<\/div>\n<\/td>\n<td colspan=\"1\" rowspan=\"1\">\n<div class=\"magic-3\">Without,\u00a0negotiable<\/div>\n<\/td>\n<\/tr>\n<tr>\n<td colspan=\"1\" rowspan=\"1\">\n<div class=\"magic-2\">Color<\/div>\n<\/td>\n<td colspan=\"1\" rowspan=\"1\">\n<div class=\"magic-3\">Blanco<\/div>\n<\/td>\n<\/tr>\n<tr>\n<td colspan=\"1\" rowspan=\"1\">\n<div class=\"magic-2\">detalles del empaque<\/div>\n<\/td>\n<td colspan=\"1\" rowspan=\"1\">\n<div class=\"magic-3\">Bolsa de pl\u00e1stico + espuma + cart\u00f3n, negociable<\/div>\n<\/td>\n<\/tr>\n<\/tbody>\n<\/table>\n<\/div>\n<\/div>\n<div class=\"J_module\">\n<div id=\"ali-anchor-AliMagic-w7twkr\" class=\"magic-0\" data-section=\"AliMagic-w7twkr\" data-section-title=\"Details Images\">Detalles Im\u00e1genes<\/div>\n<\/div>\n<div class=\"J_module\">\n<div class=\"icbu-pc-detailManyImage magic-4\">\n<div class=\"magic-5\"><img decoding=\"async\" class=\"magic-6 img-self show_imgss\" src=\"https:\/\/ghgalaxyhome.com\/wp-content\/uploads\/2024\/06\/51f685293979e830c1732028e3e5ff2d.jpg?x-oss-process=image\/resize,m_lfit,w_1224\/format,webp\/quality,80\" data-src=\"https:\/\/ghgalaxyhome.com\/wp-content\/uploads\/2024\/06\/51f685293979e830c1732028e3e5ff2d.jpg\" \/><\/div>\n<div class=\"magic-5\"><img decoding=\"async\" class=\"magic-6 img-self show_imgss\" src=\"https:\/\/ghgalaxyhome.com\/wp-content\/uploads\/2024\/06\/d7bdc3d54d15864f71819f43e9b8a2fc.jpg?x-oss-process=image\/resize,m_lfit,w_1224\/format,webp\/quality,80\" data-src=\"https:\/\/ghgalaxyhome.com\/wp-content\/uploads\/2024\/06\/d7bdc3d54d15864f71819f43e9b8a2fc.jpg\" \/><\/div>\n<div class=\"magic-5\"><img decoding=\"async\" class=\"magic-6 img-self show_imgss\" src=\"https:\/\/ghgalaxyhome.com\/wp-content\/uploads\/2024\/06\/a08a7a413d3d98ca4ea7db2e5d8cf8ca.jpg?x-oss-process=image\/resize,m_lfit,w_1224\/format,webp\/quality,80\" data-src=\"https:\/\/ghgalaxyhome.com\/wp-content\/uploads\/2024\/06\/a08a7a413d3d98ca4ea7db2e5d8cf8ca.jpg\" \/><\/div>\n<div class=\"magic-5\"><img decoding=\"async\" class=\"magic-6 img-self show_imgss\" src=\"https:\/\/ghgalaxyhome.com\/wp-content\/uploads\/2024\/06\/39b7201bc4d27264053c34bce1df4fb3.jpg?x-oss-process=image\/resize,m_lfit,w_1224\/format,webp\/quality,80\" data-src=\"https:\/\/ghgalaxyhome.com\/wp-content\/uploads\/2024\/06\/39b7201bc4d27264053c34bce1df4fb3.jpg\" \/><\/div>\n<div class=\"magic-5\"><img decoding=\"async\" class=\"magic-6 img-self show_imgss\" src=\"https:\/\/ghgalaxyhome.com\/wp-content\/uploads\/2024\/06\/e299eed7f7de8150455d576b24d41c6b.jpg?x-oss-process=image\/resize,m_lfit,w_1224\/format,webp\/quality,80\" data-src=\"https:\/\/ghgalaxyhome.com\/wp-content\/uploads\/2024\/06\/e299eed7f7de8150455d576b24d41c6b.jpg\" \/><\/div>\n<div class=\"magic-5\"><img decoding=\"async\" class=\"magic-6 img-self show_imgss\" src=\"https:\/\/ghgalaxyhome.com\/wp-content\/uploads\/2024\/06\/ce671e1a233c2ef8c5b41ae20f6c7035.jpg?x-oss-process=image\/resize,m_lfit,w_1224\/format,webp\/quality,80\" data-src=\"https:\/\/ghgalaxyhome.com\/wp-content\/uploads\/2024\/06\/ce671e1a233c2ef8c5b41ae20f6c7035.jpg\" \/><\/div>\n<\/div>\n<\/div>\n<div class=\"J_module\">\n<div class=\"icbu-pc-images magic-7\">\n<div>\n<div class=\"flex-layout-v\">\n<div class=\"flex-layout-h magic-7\">\n<div class=\"magic-8\"><img decoding=\"async\" class=\"magic-9 img-self show_imgss\" src=\"https:\/\/ghgalaxyhome.com\/wp-content\/uploads\/2024\/06\/812643060191df6ea0c9f14f0ebcbe18.jpg?x-oss-process=image\/resize,m_lfit,w_1224\/format,webp\/quality,80\" data-src=\"https:\/\/ghgalaxyhome.com\/wp-content\/uploads\/2024\/06\/812643060191df6ea0c9f14f0ebcbe18.jpg\" \/><\/div>\n<\/div>\n<\/div>\n<\/div>\n<\/div>\n<\/div>\n<div class=\"J_module\">\n<div class=\"icbu-pc-detailSellerRecommend magic-10\" data-magic=\"{&quot;mds&quot;:{&quot;assetsVersion&quot;:&quot;0.0.14&quot;,&quot;assetsPackageName&quot;:&quot;icbumod&quot;,&quot;moduleNameAlias&quot;:&quot;icbu-pc-detailSellerRecommend&quot;,&quot;moduleData&quot;:{&quot;config&quot;:{&quot;columnCount&quot;:4,&quot;titleKey&quot;:6,&quot;products&quot;:[1600427211240,1600397242053,1600428045445,1600427296890,1600428211598,1600428598737,1600428617810,1600383482194,1600361622695,1600350374386,1600409885545,1600366805930]}}},&quot;version&quot;:1}\"><\/div>\n<\/div>\n<div class=\"J_module\">\n<div class=\"icbu-pc-images magic-7\">\n<div>\n<div class=\"flex-layout-v\">\n<div class=\"flex-layout-h magic-7\">\n<div class=\"magic-11\"><img decoding=\"async\" class=\"magic-12 img-self show_imgss\" src=\"https:\/\/ghgalaxyhome.com\/wp-content\/uploads\/2024\/06\/232819ccbb2ef3c7fed622427453aaee.jpg?x-oss-process=image\/resize,m_lfit,w_1224\/format,webp\/quality,80\" data-src=\"https:\/\/ghgalaxyhome.com\/wp-content\/uploads\/2024\/06\/232819ccbb2ef3c7fed622427453aaee.jpg\" \/><\/div>\n<\/div>\n<\/div>\n<\/div>\n<\/div>\n<\/div>\n<div class=\"J_module\">\n<div class=\"icbu-pc-images magic-7\">\n<div>\n<div class=\"flex-layout-v\">\n<div class=\"flex-layout-h magic-7\">\n<div class=\"magic-13\"><img decoding=\"async\" class=\"magic-14 img-self show_imgss\" src=\"https:\/\/ghgalaxyhome.com\/wp-content\/uploads\/2024\/06\/237afc98df82979a2961dd982b92c604.jpg?x-oss-process=image\/resize,m_lfit,w_1224\/format,webp\/quality,80\" data-src=\"https:\/\/ghgalaxyhome.com\/wp-content\/uploads\/2024\/06\/237afc98df82979a2961dd982b92c604.jpg\" \/><\/div>\n<\/div>\n<\/div>\n<\/div>\n<\/div>\n<\/div>\n<div class=\"J_module\">\n<div class=\"icbu-pc-images magic-7\">\n<div>\n<div class=\"flex-layout-v\">\n<div class=\"flex-layout-h magic-7\">\n<div class=\"magic-15\"><img decoding=\"async\" class=\"magic-16 img-self show_imgss\" src=\"https:\/\/ghgalaxyhome.com\/wp-content\/uploads\/2024\/06\/fca8d35615d463d4224e55c5c22fe092.jpg?x-oss-process=image\/resize,m_lfit,w_1224\/format,webp\/quality,80\" data-src=\"https:\/\/ghgalaxyhome.com\/wp-content\/uploads\/2024\/06\/fca8d35615d463d4224e55c5c22fe092.jpg\" \/><\/div>\n<\/div>\n<\/div>\n<\/div>\n<\/div>\n<\/div>\n<\/div>\n<\/div>","protected":false},"excerpt":{"rendered":"<p>Ba\u00f1eras de ba\u00f1o cl\u00e1sicas Foshan La ba\u00f1era acr\u00edlica blanca con cuatro patas ha pasado las pruebas realizadas por nuestros inspectores de control de calidad profesionales. El uso de materiales ofrecidos por proveedores confiables de materias primas, tocadores de ba\u00f1o, ba\u00f1eras, inodoros, grifos, mamparas de ducha y otros accesorios tiene un rendimiento estable pero potente. Tiene muchas ventajas que se han desarrollado de forma nueva e independiente, creando muchos beneficios.<\/p>","protected":false},"featured_media":28744,"comment_status":"open","ping_status":"closed","template":"","meta":[],"product_brand":[],"product_cat":[20],"product_tag":[],"class_list":{"0":"post-31083","1":"product","2":"type-product","3":"status-publish","4":"has-post-thumbnail","6":"product_cat-products-40768","8":"first","9":"instock","10":"shipping-taxable","11":"product-type-simple"},"_links":{"self":[{"href":"https:\/\/ghgalaxyhome.com\/es\/wp-json\/wp\/v2\/product\/31083","targetHints":{"allow":["GET"]}}],"collection":[{"href":"https:\/\/ghgalaxyhome.com\/es\/wp-json\/wp\/v2\/product"}],"about":[{"href":"https:\/\/ghgalaxyhome.com\/es\/wp-json\/wp\/v2\/types\/product"}],"replies":[{"embeddable":true,"href":"https:\/\/ghgalaxyhome.com\/es\/wp-json\/wp\/v2\/comments?post=31083"}],"version-history":[{"count":3,"href":"https:\/\/ghgalaxyhome.com\/es\/wp-json\/wp\/v2\/product\/31083\/revisions"}],"predecessor-version":[{"id":31252,"href":"https:\/\/ghgalaxyhome.com\/es\/wp-json\/wp\/v2\/product\/31083\/revisions\/31252"}],"wp:featuredmedia":[{"embeddable":true,"href":"https:\/\/ghgalaxyhome.com\/es\/wp-json\/wp\/v2\/media\/28744"}],"wp:attachment":[{"href":"https:\/\/ghgalaxyhome.com\/es\/wp-json\/wp\/v2\/media?parent=31083"}],"wp:term":[{"taxonomy":"product_brand","embeddable":true,"href":"https:\/\/ghgalaxyhome.com\/es\/wp-json\/wp\/v2\/product_brand?post=31083"},{"taxonomy":"product_cat","embeddable":true,"href":"https:\/\/ghgalaxyhome.com\/es\/wp-json\/wp\/v2\/product_cat?post=31083"},{"taxonomy":"product_tag","embeddable":true,"href":"https:\/\/ghgalaxyhome.com\/es\/wp-json\/wp\/v2\/product_tag?post=31083"}],"curies":[{"name":"wp","href":"https:\/\/api.w.org\/{rel}","templated":true}]}}