{"id":31080,"date":"2024-06-09T16:53:20","date_gmt":"2024-06-09T16:53:20","guid":{"rendered":"https:\/\/ghgalaxyhome.com\/?post_type=product&#038;p=31080"},"modified":"2024-06-12T11:49:13","modified_gmt":"2024-06-12T11:49:13","slug":"products-detail-3134139","status":"publish","type":"product","link":"https:\/\/ghgalaxyhome.com\/es\/video\/products-detail-3134139","title":{"rendered":"Fabricantes profesionales de ba\u00f1eras de resina coloreada Proveedor y fabricante | Inicio Galaxy"},"content":{"rendered":"<div class=\"cons_box ls-product\">\n<div class=\"text-center d-tem20-title border-color d-interval\" data-detail=\"wrap\">\n<div class=\"title-header\">\n<div class=\"title font-color\"><span style=\"font-size: 24px;\"><strong>Acerca de este producto<\/strong><\/span><\/div>\n<div class=\"description\">Detalles importantes<\/div>\n<\/div>\n<\/div>\n<p style=\"text-align: justify; line-height: 1.5em;\">La ba\u00f1era de resina naranja combina estilo, durabilidad y facilidad de mantenimiento, lo que la convierte en una excelente opci\u00f3n para quienes buscan una soluci\u00f3n de ba\u00f1o llamativa y duradera.<\/p>\n<p style=\"text-align: justify; line-height: 1.5em;\"><strong>Color vibrante: <\/strong>La ba\u00f1era de resina naranja destaca por su tono vibrante y llamativo, a\u00f1adiendo un toque atrevido y en\u00e9rgico a cualquier dise\u00f1o de ba\u00f1o.<\/p>\n<p style=\"text-align: justify; line-height: 1.5em;\"><strong>Material duradero:<\/strong> Fabricada con resina de alta calidad, esta ba\u00f1era est\u00e1 dise\u00f1ada para durar. Es resistente a grietas, astillas y decoloraci\u00f3n, lo que garantiza durabilidad y belleza a largo plazo.<\/p>\n<p style=\"text-align: justify; line-height: 1.5em;\"><strong>Facil mantenimiento:<\/strong> La superficie no porosa de la ba\u00f1era de resina facilita su limpieza y mantenimiento. Las manchas y la decoloraci\u00f3n se pueden limpiar f\u00e1cilmente, manteniendo la ba\u00f1era con un aspecto fresco y hermoso.<\/p>\n<p style=\"text-align: justify; line-height: 1.5em;\"><strong>Dise\u00f1o independiente: <\/strong>La naturaleza independiente de la ba\u00f1era de resina naranja a\u00f1ade un toque de elegancia y versatilidad a su ba\u00f1o. Se convierte en una pieza central, lo que permite una colocaci\u00f3n flexible y crea un punto focal impresionante.<\/p>\n<p style=\"text-align: justify; line-height: 1.5em;\"><strong>Excelente retenci\u00f3n de calor: <\/strong>El material de resina utilizado en la ba\u00f1era garantiza una excelente retenci\u00f3n del calor, lo que le permitir\u00e1 disfrutar de una experiencia de ba\u00f1o m\u00e1s larga y relajante.<\/p>\n<p style=\"text-align: justify; line-height: 1.5em;\"><strong>Opciones de personalizaci\u00f3n:<\/strong> Muchas ba\u00f1eras de resina ofrecen opciones de personalizaci\u00f3n, lo que le permite elegir entre diferentes colores para adaptarse a su estilo y preferencias personales.<\/p>\n<p style=\"text-align: justify; line-height: 1.5em;\"><strong>Higi\u00e9nico y ecol\u00f3gico:<\/strong> Las ba\u00f1eras de resina son conocidas por su naturaleza no porosa, lo que previene el crecimiento de bacterias y moho. Adem\u00e1s, suelen estar fabricados con materiales ecol\u00f3gicos, lo que promueve una opci\u00f3n m\u00e1s sostenible para su ba\u00f1o.<\/p>\n<p style=\"text-align: justify; line-height: 1.5em;\">Atractivo vers\u00e1til: la ba\u00f1era de resina naranja puede complementar dise\u00f1os de ba\u00f1o tanto contempor\u00e1neos como tradicionales, agregando un toque de calidez y vitalidad a cualquier espacio.<\/p>\n<table>\n<tbody>\n<tr class=\"ue-table-interlace-color-single firstRow\">\n<td valign=\"top\" width=\"311\">Marca de producto<\/td>\n<td valign=\"top\" width=\"311\">Inicio Galaxy<\/td>\n<td valign=\"top\" width=\"311\">Estilo de dise\u00f1o<\/td>\n<td valign=\"top\" width=\"311\">Moderno<\/td>\n<\/tr>\n<tr class=\"ue-table-interlace-color-double\">\n<td valign=\"top\" width=\"311\">tipo de producto<\/td>\n<td valign=\"top\" width=\"311\">Ba\u00f1era de resina transparente<\/td>\n<td valign=\"top\" width=\"311\">Tipo de instalaci\u00f3n<\/td>\n<td valign=\"top\" width=\"311\">De pie<\/td>\n<\/tr>\n<tr class=\"ue-table-interlace-color-single\">\n<td valign=\"top\" width=\"311\">Garant\u00eda<\/td>\n<td valign=\"top\" width=\"311\">3 a\u00f1os<\/td>\n<td valign=\"top\" width=\"311\">Capacidad de soluci\u00f3n de proyectos<\/td>\n<td valign=\"top\" width=\"311\">Dise\u00f1o gr\u00e1fico, dise\u00f1o de modelos 3D, Consolidaci\u00f3n cruzada.<\/td>\n<\/tr>\n<tr class=\"ue-table-interlace-color-double\">\n<td valign=\"top\" width=\"311\">Lugar de origen<\/td>\n<td valign=\"top\" width=\"311\">Fosh\u00e1n, China<\/td>\n<td valign=\"top\" width=\"311\">Servicio postventa<\/td>\n<td valign=\"top\" width=\"311\">Soporte en l\u00ednea para repuestos t\u00e9cnicos y gratuitos<\/td>\n<\/tr>\n<tr class=\"ue-table-interlace-color-single\">\n<td valign=\"top\" width=\"311\">N\u00famero de modelo<\/td>\n<td valign=\"top\" width=\"311\">BT312004<\/td>\n<td valign=\"top\" width=\"311\">Nombre de la marca<\/td>\n<td valign=\"top\" width=\"311\">piedra trabajada<\/td>\n<\/tr>\n<tr class=\"ue-table-interlace-color-double\">\n<td colspan=\"1\" rowspan=\"1\" valign=\"top\">Tama\u00f1o<\/td>\n<td colspan=\"1\" rowspan=\"1\" valign=\"top\">1500x700x560mm<\/td>\n<td colspan=\"1\" rowspan=\"1\" valign=\"top\">Aplicaci\u00f3n del producto<\/td>\n<td colspan=\"1\" rowspan=\"1\" valign=\"top\">Ba\u00f1os de residencias, restaurantes y hoteles.<\/td>\n<\/tr>\n<tr class=\"ue-table-interlace-color-single\">\n<td colspan=\"1\" rowspan=\"1\" valign=\"top\">Tipo de instalaci\u00f3n<\/td>\n<td colspan=\"1\" rowspan=\"1\" valign=\"top\">De pie<\/td>\n<td colspan=\"1\" rowspan=\"1\" valign=\"top\">Ubicaci\u00f3n del drenaje<\/td>\n<td colspan=\"1\" rowspan=\"1\" valign=\"top\">Centro<\/td>\n<\/tr>\n<tr class=\"ue-table-interlace-color-double\">\n<td colspan=\"1\" rowspan=\"1\" valign=\"top\">Ubicaci\u00f3n del drenaje<\/td>\n<td colspan=\"1\" rowspan=\"1\" valign=\"top\">Centro<\/td>\n<td colspan=\"1\" rowspan=\"1\" valign=\"top\">Color<\/td>\n<td colspan=\"1\" rowspan=\"1\" valign=\"top\">Naranja<\/td>\n<\/tr>\n<tr class=\"ue-table-interlace-color-single\">\n<td colspan=\"1\" rowspan=\"1\" valign=\"top\">Funci\u00f3n<\/td>\n<td colspan=\"1\" rowspan=\"1\" valign=\"top\">Pulido, perfeccionado y personalizado<\/td>\n<td colspan=\"1\" rowspan=\"1\" valign=\"top\"><\/td>\n<td colspan=\"1\" rowspan=\"1\" valign=\"top\"><\/td>\n<\/tr>\n<\/tbody>\n<\/table>\n<div class=\"d-tem24-graphic mockup\" data-detail=\"wrap\">\n<div class=\"cont-section\">\n<div class=\"image\" style=\"text-align: center;\"><a href=\"#\"><img decoding=\"async\" class=\"img-self show_imgss\" src=\"https:\/\/ghgalaxyhome.com\/wp-content\/uploads\/2024\/06\/file_01686380067162.jpg?x-oss-process=image\/resize,m_lfit,w_1224\/format,webp\/quality,80\" alt=\"\" data-src=\"https:\/\/ghgalaxyhome.com\/wp-content\/uploads\/2024\/06\/file_01686380067162.jpg\" \/><\/a><\/div>\n<div class=\"jumbotron\">\n<div class=\"h3\">Nueva ba\u00f1era de resina de colores<\/div>\n<div class=\"description\">\n<p>Est\u00e1 compuesto de resina de alta calidad.<\/p>\n<p>y colorante, con transparente<\/p>\n<p>y apariencia natural y resistencia a la corrosi\u00f3n.<\/p>\n<\/div>\n<\/div>\n<\/div>\n<\/div>\n<div class=\"text-center d-tem20-title border-color d-interval\" data-detail=\"wrap\">\n<div class=\"title-header\">\n<div class=\"title font-color\">\n<p class=\"title\" style=\"font-size: 24px;\">Introducci\u00f3n del producto<\/p>\n<\/div>\n<div class=\"description\">Detalles importantes<\/div>\n<\/div>\n<\/div>\n<div class=\"d-tem14-graphic mockup\" data-detail=\"wrap\">\n<div class=\"clearfix d-clearfix\">\n<div class=\"col-md-6 col-sm-6 col-xs-6\">\n<div class=\"thumbnail\"><img decoding=\"async\" class=\"img-self show_imgss\" src=\"https:\/\/ghgalaxyhome.com\/wp-content\/uploads\/2024\/06\/file_01686380899346.jpg?x-oss-process=image\/resize,m_lfit,w_1224\/format,webp\/quality,80\" alt=\"\" data-src=\"https:\/\/ghgalaxyhome.com\/wp-content\/uploads\/2024\/06\/file_01686380899346.jpg\" \/><\/div>\n<\/div>\n<div class=\"col-md-6 col-sm-6 col-xs-6\">\n<div class=\"thumbnail\"><img decoding=\"async\" class=\"img-self show_imgss\" src=\"https:\/\/ghgalaxyhome.com\/wp-content\/uploads\/2024\/06\/file_01686380752122.jpg?x-oss-process=image\/resize,m_lfit,w_1224\/format,webp\/quality,80\" alt=\"\" data-src=\"https:\/\/ghgalaxyhome.com\/wp-content\/uploads\/2024\/06\/file_01686380752122.jpg\" \/><\/div>\n<\/div>\n<\/div>\n<\/div>\n<div class=\"d-tem24-graphic mockup\" data-detail=\"wrap\">\n<div class=\"cont-section\">\n<div class=\"image\">\n<p style=\"text-align: center;\"><a href=\"#\"><img decoding=\"async\" class=\"img-self show_imgss\" src=\"https:\/\/ghgalaxyhome.com\/wp-content\/uploads\/2024\/06\/file_01686381248215.jpg?x-oss-process=image\/resize,m_lfit,w_1224\/format,webp\/quality,80\" alt=\"\" data-src=\"https:\/\/ghgalaxyhome.com\/wp-content\/uploads\/2024\/06\/file_01686381248215.jpg\" \/><\/a><\/p>\n<\/div>\n<div class=\"jumbotron\">\n<div class=\"h3\">moldeado integrado<\/div>\n<div class=\"description\">Superficie s\u00f3lida<\/div>\n<\/div>\n<\/div>\n<\/div>\n<div class=\"d-tem24-graphic mockup\" data-detail=\"wrap\">\n<div class=\"cont-section\">\n<div class=\"image\">\n<p style=\"text-align: center;\"><a href=\"#\"><img decoding=\"async\" class=\"img-self show_imgss\" src=\"https:\/\/ghgalaxyhome.com\/wp-content\/uploads\/2024\/06\/file_11686381248215.jpg?x-oss-process=image\/resize,m_lfit,w_1224\/format,webp\/quality,80\" alt=\"\" data-src=\"https:\/\/ghgalaxyhome.com\/wp-content\/uploads\/2024\/06\/file_11686381248215.jpg\" \/><\/a><\/p>\n<\/div>\n<\/div>\n<\/div>\n<div class=\"de_m_graphic_1 cont_section\">\n<div class=\"cont-section\">\n<div class=\"h2 heading\">M\u00e1s colores, m\u00e1s opciones<\/div>\n<div class=\"description\">\n<p>Los colores son meramente orientativos, consulte los productos actuales.<\/p>\n<\/div>\n<\/div>\n<\/div>\n<h2 class=\"title\" style=\"font-size: 24px; text-align: center;\"><img decoding=\"async\" class=\"img-self show_imgss\" src=\"https:\/\/ghgalaxyhome.com\/wp-content\/uploads\/2024\/06\/file_01686384446207.jpg?x-oss-process=image\/resize,m_lfit,w_1224\/format,webp\/quality,80\" alt=\"\" data-src=\"https:\/\/ghgalaxyhome.com\/wp-content\/uploads\/2024\/06\/file_01686384446207.jpg\" \/><\/h2>\n<h2 class=\"title\" style=\"font-size: 24px; text-align: center;\"><\/h2>\n<div class=\"de_m_graphic_1 cont_section\">\n<div class=\"cont-section\">\n<div class=\"h2 heading\">Nueva resina coloreada<\/div>\n<div class=\"description\">\n<p>Tiene la textura y la permeabilidad del cristal natural.<\/p>\n<p>Es transparente y natural, con textura delicada,<\/p>\n<p>Tacto c\u00e1lido, colorido y resistencia colorida.<\/p>\n<\/div>\n<\/div>\n<\/div>\n<h2 class=\"title\" style=\"font-size: 24px; text-align: center;\"><img decoding=\"async\" class=\"img-self show_imgss\" src=\"https:\/\/ghgalaxyhome.com\/wp-content\/uploads\/2024\/06\/file_01686385247373.jpg?x-oss-process=image\/resize,m_lfit,w_1224\/format,webp\/quality,80\" alt=\"\" data-src=\"https:\/\/ghgalaxyhome.com\/wp-content\/uploads\/2024\/06\/file_01686385247373.jpg\" \/><img decoding=\"async\" class=\"img-self show_imgss\" src=\"https:\/\/ghgalaxyhome.com\/wp-content\/uploads\/2024\/06\/file_01686117830132.jpg?x-oss-process=image\/resize,m_lfit,w_1224\/format,webp\/quality,80\" alt=\"\" data-src=\"https:\/\/ghgalaxyhome.com\/wp-content\/uploads\/2024\/06\/file_01686117830132.jpg\" \/><img decoding=\"async\" class=\"img-self show_imgss\" src=\"https:\/\/ghgalaxyhome.com\/wp-content\/uploads\/2024\/06\/file_11686117830132.jpg?x-oss-process=image\/resize,m_lfit,w_1224\/format,webp\/quality,80\" alt=\"\" data-src=\"https:\/\/ghgalaxyhome.com\/wp-content\/uploads\/2024\/06\/file_11686117830132.jpg\" \/><\/h2>\n<div class=\"text-center d-tem20-title border-color d-interval\" data-detail=\"wrap\">\n<div class=\"title-header\">\n<div class=\"title font-color\"><span style=\"font-size: 24px;\">Sobre la empresa<\/span><\/div>\n<div class=\"description\">Cosas que quiz\u00e1s quieras saber<\/div>\n<\/div>\n<\/div>\n<h2 class=\"title\" style=\"font-size: 24px; text-align: center;\"><img decoding=\"async\" class=\"img-self show_imgss\" src=\"https:\/\/ghgalaxyhome.com\/wp-content\/uploads\/2024\/06\/file_21686117830132.jpg?x-oss-process=image\/resize,m_lfit,w_1224\/format,webp\/quality,80\" alt=\"\" data-src=\"https:\/\/ghgalaxyhome.com\/wp-content\/uploads\/2024\/06\/file_21686117830132.jpg\" \/><\/h2>\n<p style=\"text-align: center;\"><img decoding=\"async\" class=\"img-self show_imgss\" src=\"https:\/\/ghgalaxyhome.com\/wp-content\/uploads\/2024\/06\/file_01686042185861.jpg?x-oss-process=image\/resize,m_lfit,w_1224\/format,webp\/quality,80\" alt=\"\" data-src=\"https:\/\/ghgalaxyhome.com\/wp-content\/uploads\/2024\/06\/file_01686042185861.jpg\" \/><\/p>\n<div class=\"text-center d-tem20-title border-color d-interval\" data-detail=\"wrap\">\n<div class=\"title-header\">\n<div class=\"title font-color\">\n<p class=\"recommended-product-heading\" style=\"margin-bottom: 0.3125rem; font-family: var(--skin-header-font),sans-serif; font-weight: 500; line-height: 1.6875rem; font-size: 1.375rem; padding-top: 0.5rem; padding-bottom: 0.5rem;\">Tambi\u00e9n podr\u00eda gustarte\u2026<\/p>\n<\/div>\n<\/div>\n<\/div>\n<div class=\"d-tem10-productdetail mockup text-center\" data-detail=\"wrap\">\n<div class=\"d-clearfix clearfix\">\n<div class=\"wrap row\">\n<div class=\"col-lg-6 col-md-6 col-sm-6 col-xs-12\">\n<div class=\"item\">\n<div class=\"image\"><a href=\"https:\/\/www.ghgalaxyhome.com\/video\/products-detail-3126370\" target=\"_blank\" rel=\"noopener\"><img decoding=\"async\" class=\"img-self show_imgss\" src=\"https:\/\/ghgalaxyhome.com\/wp-content\/uploads\/2024\/06\/file_01686043408640.jpg?x-oss-process=image\/resize,m_lfit,w_1224\/format,webp\/quality,80\" alt=\"\" data-src=\"https:\/\/ghgalaxyhome.com\/wp-content\/uploads\/2024\/06\/file_01686043408640.jpg\" \/><\/a><\/div>\n<div class=\"text\">\n<div class=\"title\">\n<p style=\"font-size: 32px; font-family: Montserrat-Regular-8, Arial, myanmar_font; overflow: hidden; font-weight: 500; line-height: normal;\"><span style=\"font-size: 24px;\">\u00a1Gabinetes de tocador de ba\u00f1o elegantes y personalizados para una mejora impresionante!<\/span><\/p>\n<\/div>\n<\/div>\n<\/div>\n<\/div>\n<div class=\"col-lg-6 col-md-6 col-sm-6 col-xs-12\">\n<div class=\"item\">\n<div class=\"image\"><a href=\"https:\/\/www.ghgalaxyhome.com\/video\/products-detail-1553692\" target=\"_blank\" rel=\"noopener\"><img decoding=\"async\" class=\"img-self show_imgss\" src=\"https:\/\/ghgalaxyhome.com\/wp-content\/uploads\/2024\/06\/16729161404457.jpg?x-oss-process=image\/resize,m_lfit,w_1224\/format,webp\/quality,80\" alt=\"\" data-src=\"https:\/\/ghgalaxyhome.com\/wp-content\/uploads\/2024\/06\/16729161404457.jpg\" \/><\/a><\/div>\n<div class=\"text\">\n<div class=\"title\">\n<p class=\"top_title\" style=\"line-height: 1.3; font-size: 32px; font-family: Montserrat-Regular-8, Arial, myanmar_font; overflow: hidden; font-weight: 500;\"><span style=\"font-size: 24px;\">Tocador de ba\u00f1o dorado elegante montado en la pared con espejo y lavabo<\/span><\/p>\n<\/div>\n<\/div>\n<\/div>\n<\/div>\n<\/div>\n<\/div>\n<\/div>\n<div class=\"de_m_contacts_1 de_m_contacts_5 cont_section\">\n<div class=\"flex_row wrap_reverse\">\n<div class=\"flex_l pd_l\">\n<div class=\"text\">\n<div class=\"title_1 font-color\">Cont\u00e1ctenos<\/div>\n<div class=\"describe_1\">\u00bfTienes preguntas y quieres contactarnos?<\/div>\n<div class=\"title_2 font-color\">Ll\u00e1manos o vis\u00edtanos.<\/div>\n<p>Habitaci\u00f3n 2623, Edificio 1, Xinrui Plaza, Avenida Lingnan, Foshan, Guangdong, China<\/p>\n<p>&nbsp;<\/p>\n<div class=\"d-tem01-button d-interval text-left clearfix\" data-detail=\"wrap\">\n<div class=\"item d-font-size-fix\">\n<div class=\"bg-color-hover\"><a href=\"https:\/\/www.ghgalaxyhome.com\/products-40756\" target=\"_blank\" rel=\"noopener\" data-lv=\"0\">M\u00c1S<\/a><\/div>\n<\/div>\n<\/div>\n<\/div>\n<\/div>\n<div class=\"flex_l\">\n<div class=\"text\">\n<ul class=\"flex_ul\">\n<li class=\"flex_li\">\n<div class=\"li_txt bg-color\">\n<div class=\"img_boxs\"><\/div>\n<div class=\"txt_text\">Foshan Baihuo Inicio Tecnolog\u00eda Co., Ltd.<\/div>\n<\/div>\n<\/li>\n<li class=\"flex_li\">\n<div class=\"li_txt bg-color\">\n<div class=\"img_boxs\"><\/div>\n<div class=\"txt_text\">info@ghgalaxyhome.com<\/div>\n<\/div>\n<\/li>\n<li class=\"flex_li\">\n<div class=\"li_txt bg-color\">\n<div class=\"img_boxs\"><\/div>\n<div class=\"txt_text\">86-17722731431<\/div>\n<\/div>\n<\/li>\n<\/ul>\n<\/div>\n<\/div>\n<\/div>\n<\/div>\n<p>&nbsp;<\/p>\n<p>&nbsp;<\/p>\n<\/div>","protected":false},"excerpt":{"rendered":"<p>About this Product Important Details The orange resin bathtub combines style, durability, and ease of maintenance, making it an excellent<\/p>","protected":false},"featured_media":29362,"comment_status":"open","ping_status":"closed","template":"","meta":[],"product_brand":[],"product_cat":[20],"product_tag":[],"class_list":{"0":"post-31080","1":"product","2":"type-product","3":"status-publish","4":"has-post-thumbnail","6":"product_cat-products-40768","8":"first","9":"instock","10":"shipping-taxable","11":"product-type-simple"},"_links":{"self":[{"href":"https:\/\/ghgalaxyhome.com\/es\/wp-json\/wp\/v2\/product\/31080","targetHints":{"allow":["GET"]}}],"collection":[{"href":"https:\/\/ghgalaxyhome.com\/es\/wp-json\/wp\/v2\/product"}],"about":[{"href":"https:\/\/ghgalaxyhome.com\/es\/wp-json\/wp\/v2\/types\/product"}],"replies":[{"embeddable":true,"href":"https:\/\/ghgalaxyhome.com\/es\/wp-json\/wp\/v2\/comments?post=31080"}],"version-history":[{"count":3,"href":"https:\/\/ghgalaxyhome.com\/es\/wp-json\/wp\/v2\/product\/31080\/revisions"}],"predecessor-version":[{"id":41758,"href":"https:\/\/ghgalaxyhome.com\/es\/wp-json\/wp\/v2\/product\/31080\/revisions\/41758"}],"wp:featuredmedia":[{"embeddable":true,"href":"https:\/\/ghgalaxyhome.com\/es\/wp-json\/wp\/v2\/media\/29362"}],"wp:attachment":[{"href":"https:\/\/ghgalaxyhome.com\/es\/wp-json\/wp\/v2\/media?parent=31080"}],"wp:term":[{"taxonomy":"product_brand","embeddable":true,"href":"https:\/\/ghgalaxyhome.com\/es\/wp-json\/wp\/v2\/product_brand?post=31080"},{"taxonomy":"product_cat","embeddable":true,"href":"https:\/\/ghgalaxyhome.com\/es\/wp-json\/wp\/v2\/product_cat?post=31080"},{"taxonomy":"product_tag","embeddable":true,"href":"https:\/\/ghgalaxyhome.com\/es\/wp-json\/wp\/v2\/product_tag?post=31080"}],"curies":[{"name":"wp","href":"https:\/\/api.w.org\/{rel}","templated":true}]}}