{"id":31079,"date":"2024-06-09T16:53:20","date_gmt":"2024-06-09T16:53:20","guid":{"rendered":"https:\/\/ghgalaxyhome.com\/?post_type=product&#038;p=31079"},"modified":"2024-06-13T04:24:08","modified_gmt":"2024-06-13T04:24:08","slug":"products-detail-3550490","status":"publish","type":"product","link":"https:\/\/ghgalaxyhome.com\/es\/video\/products-detail-3550490","title":{"rendered":"Tendencias 2023: ba\u00f1eras de resina transparente que redefinen las experiencias de ba\u00f1o|Galaxy Home"},"content":{"rendered":"<div class=\"cons_box ls-product\">\n<div class=\"text-center d-tem20-title border-color d-interval\" data-detail=\"wrap\">\n<div class=\"title-header\">\n<div class=\"title font-color\"><span style=\"font-size: 24px;\"><strong>Acerca de este producto<\/strong><\/span><\/div>\n<div class=\"description\">Detalles importantes<\/div>\n<\/div>\n<\/div>\n<p style=\"text-align: justify; line-height: 1.5em;\"><strong>Versatility: <\/strong>R<span style=\"text-decoration: underline;\">esin bathtubs<\/span> offer a wide range of styles and designs, including <span style=\"text-decoration: underline;\">freestanding<\/span> options, providing flexibility in placement and visual appeal.<\/p>\n<p style=\"text-align: justify; line-height: 1.5em;\"><strong>Durability:<\/strong> Crafted from high-quality resin, these bathtubs are durable, resistant to cracks, and ensure long-lasting performance.<\/p>\n<p style=\"text-align: justify; line-height: 1.5em;\"><strong>Facil mantenimiento: <\/strong>The non-porous surface of resin bathtubs makes them easy to clean and maintain, requiring minimal effort for upkeep.<\/p>\n<p style=\"text-align: justify; line-height: 1.5em;\"><strong>Enhanced Comfort:<\/strong> Resin bathtubs with excellent heat retention properties offer a more enjoyable and relaxing bathing experience.<\/p>\n<p style=\"text-align: justify; line-height: 1.5em;\"><strong>Stylish Focal Point:<\/strong> Freestanding resin bathtubs become eye-catching centerpieces in your bathroom, elevating its aesthetic appeal.<\/p>\n<p style=\"text-align: justify; line-height: 1.5em;\"><strong>Eco-friendly Options:<\/strong> Some resin bathtubs are made from eco-friendly materials, contributing to sustainable bathroom design.<\/p>\n<p style=\"text-align: justify; line-height: 1.5em;\"><strong>Resistance to Stains:<\/strong> The non-porous nature of resin bathtubs resists stains and discoloration, maintaining a fresh and beautiful appearance.<\/p>\n<p style=\"text-align: justify; line-height: 1.5em;\"><strong>Longevidad:<\/strong> Stone resin bathtubs for sale ensure long-term usage, making them a cost-effective investment for your bathroom.<\/p>\n<p style=\"text-align: center;\"><img decoding=\"async\" class=\"img-self show_imgss\" src=\"https:\/\/ghgalaxyhome.com\/wp-content\/uploads\/2024\/06\/file_11690857016084.jpg?x-oss-process=image\/resize,m_lfit,w_1224\/format,webp\/quality,80\" alt=\"\" data-src=\"https:\/\/ghgalaxyhome.com\/wp-content\/uploads\/2024\/06\/file_11690857016084.jpg\" \/><\/p>\n<table>\n<tbody>\n<tr class=\"ue-table-interlace-color-single firstRow\">\n<td valign=\"top\" width=\"311\">Marca de producto<\/td>\n<td valign=\"top\" width=\"311\">Inicio Galaxy<\/td>\n<td valign=\"top\" width=\"311\">Estilo de dise\u00f1o<\/td>\n<td valign=\"top\" width=\"311\">Moderno<\/td>\n<\/tr>\n<tr class=\"ue-table-interlace-color-double\">\n<td valign=\"top\" width=\"311\">tipo de producto<\/td>\n<td valign=\"top\" width=\"311\">Ba\u00f1era de resina transparente<\/td>\n<td valign=\"top\" width=\"311\">Tipo de instalaci\u00f3n<\/td>\n<td valign=\"top\" width=\"311\">De pie<\/td>\n<\/tr>\n<tr class=\"ue-table-interlace-color-single\">\n<td valign=\"top\" width=\"311\">Garant\u00eda<\/td>\n<td valign=\"top\" width=\"311\">3 a\u00f1os<\/td>\n<td valign=\"top\" width=\"311\">Capacidad de soluci\u00f3n de proyectos<\/td>\n<td valign=\"top\" width=\"311\">Dise\u00f1o gr\u00e1fico, dise\u00f1o de modelos 3D, Consolidaci\u00f3n cruzada.<\/td>\n<\/tr>\n<tr class=\"ue-table-interlace-color-double\">\n<td valign=\"top\" width=\"311\">Lugar de origen<\/td>\n<td valign=\"top\" width=\"311\">Fosh\u00e1n, China<\/td>\n<td valign=\"top\" width=\"311\">Servicio postventa<\/td>\n<td valign=\"top\" width=\"311\">Soporte en l\u00ednea para repuestos t\u00e9cnicos y gratuitos<\/td>\n<\/tr>\n<tr class=\"ue-table-interlace-color-single\">\n<td valign=\"top\" width=\"311\">N\u00famero de modelo<\/td>\n<td valign=\"top\" width=\"311\">BT312004<\/td>\n<td valign=\"top\" width=\"311\">Nombre de la marca<\/td>\n<td valign=\"top\" width=\"311\">piedra trabajada<\/td>\n<\/tr>\n<tr class=\"ue-table-interlace-color-double\">\n<td colspan=\"1\" rowspan=\"1\" valign=\"top\">Tama\u00f1o<\/td>\n<td colspan=\"1\" rowspan=\"1\" valign=\"top\">1500x700x560mm<\/td>\n<td colspan=\"1\" rowspan=\"1\" valign=\"top\">Aplicaci\u00f3n del producto<\/td>\n<td colspan=\"1\" rowspan=\"1\" valign=\"top\">Ba\u00f1os de residencias, restaurantes y hoteles.<\/td>\n<\/tr>\n<tr class=\"ue-table-interlace-color-single\">\n<td colspan=\"1\" rowspan=\"1\" valign=\"top\">Tipo de instalaci\u00f3n<\/td>\n<td colspan=\"1\" rowspan=\"1\" valign=\"top\">De pie<\/td>\n<td colspan=\"1\" rowspan=\"1\" valign=\"top\">Ubicaci\u00f3n del drenaje<\/td>\n<td colspan=\"1\" rowspan=\"1\" valign=\"top\">Centro<\/td>\n<\/tr>\n<tr class=\"ue-table-interlace-color-double\">\n<td colspan=\"1\" rowspan=\"1\" valign=\"top\">Ubicaci\u00f3n del drenaje<\/td>\n<td colspan=\"1\" rowspan=\"1\" valign=\"top\">Centro<\/td>\n<td colspan=\"1\" rowspan=\"1\" valign=\"top\">Color<\/td>\n<td colspan=\"1\" rowspan=\"1\" valign=\"top\">Naranja<\/td>\n<\/tr>\n<tr class=\"ue-table-interlace-color-single\">\n<td colspan=\"1\" rowspan=\"1\" valign=\"top\">Funci\u00f3n<\/td>\n<td colspan=\"1\" rowspan=\"1\" valign=\"top\">Pulido, perfeccionado y personalizado<\/td>\n<td colspan=\"1\" rowspan=\"1\" valign=\"top\"><\/td>\n<td colspan=\"1\" rowspan=\"1\" valign=\"top\"><\/td>\n<\/tr>\n<\/tbody>\n<\/table>\n<div class=\"d-tem24-graphic mockup\" data-detail=\"wrap\">\n<div class=\"cont-section\">\n<div class=\"image\" style=\"text-align: center;\"><a href=\"#\"><img decoding=\"async\" class=\"img-self show_imgss\" src=\"https:\/\/ghgalaxyhome.com\/wp-content\/uploads\/2024\/06\/file_01686380067162.jpg?x-oss-process=image\/resize,m_lfit,w_1224\/format,webp\/quality,80\" alt=\"\" data-src=\"https:\/\/ghgalaxyhome.com\/wp-content\/uploads\/2024\/06\/file_01686380067162.jpg\" \/><\/a><\/div>\n<div class=\"jumbotron\">\n<div class=\"h3\">Nueva ba\u00f1era de resina de colores<\/div>\n<div class=\"description\">\n<p>Est\u00e1 compuesto de resina de alta calidad.<\/p>\n<p>y colorante, con transparente<\/p>\n<p>y apariencia natural y resistencia a la corrosi\u00f3n.<\/p>\n<\/div>\n<\/div>\n<\/div>\n<\/div>\n<div class=\"text-center d-tem20-title border-color d-interval\" data-detail=\"wrap\">\n<div class=\"title-header\">\n<div class=\"title font-color\">\n<p class=\"title\" style=\"font-size: 24px;\">Introducci\u00f3n del producto<\/p>\n<\/div>\n<div class=\"description\">Detalles importantes<\/div>\n<\/div>\n<\/div>\n<div class=\"d-tem14-graphic mockup\" data-detail=\"wrap\">\n<div class=\"clearfix d-clearfix\">\n<div class=\"col-md-6 col-sm-6 col-xs-6\">\n<div class=\"thumbnail\"><img decoding=\"async\" class=\"img-self show_imgss\" src=\"https:\/\/ghgalaxyhome.com\/wp-content\/uploads\/2024\/06\/file_01686380899346.jpg?x-oss-process=image\/resize,m_lfit,w_1224\/format,webp\/quality,80\" alt=\"\" data-src=\"https:\/\/ghgalaxyhome.com\/wp-content\/uploads\/2024\/06\/file_01686380899346.jpg\" \/><\/div>\n<\/div>\n<div class=\"col-md-6 col-sm-6 col-xs-6\">\n<div class=\"thumbnail\"><img decoding=\"async\" class=\"img-self show_imgss\" src=\"https:\/\/ghgalaxyhome.com\/wp-content\/uploads\/2024\/06\/file_01686380752122.jpg?x-oss-process=image\/resize,m_lfit,w_1224\/format,webp\/quality,80\" alt=\"\" data-src=\"https:\/\/ghgalaxyhome.com\/wp-content\/uploads\/2024\/06\/file_01686380752122.jpg\" \/><\/div>\n<\/div>\n<\/div>\n<\/div>\n<div class=\"d-tem24-graphic mockup\" data-detail=\"wrap\">\n<div class=\"cont-section\">\n<div class=\"image\">\n<p style=\"text-align: center;\"><a href=\"#\"><img decoding=\"async\" class=\"img-self show_imgss\" src=\"https:\/\/ghgalaxyhome.com\/wp-content\/uploads\/2024\/06\/file_01686381248215.jpg?x-oss-process=image\/resize,m_lfit,w_1224\/format,webp\/quality,80\" alt=\"\" data-src=\"https:\/\/ghgalaxyhome.com\/wp-content\/uploads\/2024\/06\/file_01686381248215.jpg\" \/><\/a><\/p>\n<\/div>\n<div class=\"jumbotron\">\n<div class=\"h3\">moldeado integrado<\/div>\n<div class=\"description\">Superficie s\u00f3lida<\/div>\n<\/div>\n<\/div>\n<\/div>\n<div class=\"d-tem24-graphic mockup\" data-detail=\"wrap\">\n<div class=\"cont-section\">\n<div class=\"image\">\n<p style=\"text-align: center;\"><a href=\"#\"><img decoding=\"async\" class=\"img-self show_imgss\" src=\"https:\/\/ghgalaxyhome.com\/wp-content\/uploads\/2024\/06\/file_11686381248215.jpg?x-oss-process=image\/resize,m_lfit,w_1224\/format,webp\/quality,80\" alt=\"\" data-src=\"https:\/\/ghgalaxyhome.com\/wp-content\/uploads\/2024\/06\/file_11686381248215.jpg\" \/><\/a><\/p>\n<\/div>\n<\/div>\n<\/div>\n<div class=\"de_m_graphic_1 cont_section\">\n<div class=\"cont-section\">\n<div class=\"h2 heading\">M\u00e1s colores, m\u00e1s opciones<\/div>\n<div class=\"description\">\n<p>Los colores son meramente orientativos, consulte los productos actuales.<\/p>\n<\/div>\n<\/div>\n<\/div>\n<h2 class=\"title\" style=\"font-size: 24px; text-align: center;\"><img decoding=\"async\" class=\"img-self show_imgss\" src=\"https:\/\/ghgalaxyhome.com\/wp-content\/uploads\/2024\/06\/file_01686384446207.jpg?x-oss-process=image\/resize,m_lfit,w_1224\/format,webp\/quality,80\" alt=\"\" data-src=\"https:\/\/ghgalaxyhome.com\/wp-content\/uploads\/2024\/06\/file_01686384446207.jpg\" \/><\/h2>\n<h2 class=\"title\" style=\"font-size: 24px; text-align: center;\"><\/h2>\n<div class=\"de_m_graphic_1 cont_section\">\n<div class=\"cont-section\">\n<div class=\"h2 heading\">Nueva resina coloreada<\/div>\n<div class=\"description\">\n<p>Tiene la textura y la permeabilidad del cristal natural.<\/p>\n<p>Es transparente y natural, con textura delicada,<\/p>\n<p>Tacto c\u00e1lido, colorido y resistencia colorida.<\/p>\n<\/div>\n<\/div>\n<\/div>\n<h2 class=\"title\" style=\"font-size: 24px; text-align: center;\"><img decoding=\"async\" class=\"img-self show_imgss\" src=\"https:\/\/ghgalaxyhome.com\/wp-content\/uploads\/2024\/06\/file_01686385247373.jpg?x-oss-process=image\/resize,m_lfit,w_1224\/format,webp\/quality,80\" alt=\"\" data-src=\"https:\/\/ghgalaxyhome.com\/wp-content\/uploads\/2024\/06\/file_01686385247373.jpg\" \/><img decoding=\"async\" class=\"img-self show_imgss\" src=\"https:\/\/ghgalaxyhome.com\/wp-content\/uploads\/2024\/06\/file_01686117830132.jpg?x-oss-process=image\/resize,m_lfit,w_1224\/format,webp\/quality,80\" alt=\"\" data-src=\"https:\/\/ghgalaxyhome.com\/wp-content\/uploads\/2024\/06\/file_01686117830132.jpg\" \/><img decoding=\"async\" class=\"img-self show_imgss\" src=\"https:\/\/ghgalaxyhome.com\/wp-content\/uploads\/2024\/06\/file_11686117830132.jpg?x-oss-process=image\/resize,m_lfit,w_1224\/format,webp\/quality,80\" alt=\"\" data-src=\"https:\/\/ghgalaxyhome.com\/wp-content\/uploads\/2024\/06\/file_11686117830132.jpg\" \/><\/h2>\n<div class=\"text-center d-tem20-title border-color d-interval\" data-detail=\"wrap\">\n<div class=\"title-header\">\n<div class=\"title font-color\"><span style=\"font-size: 24px;\">Sobre la empresa<\/span><\/div>\n<div class=\"description\">Cosas que quiz\u00e1s quieras saber<\/div>\n<\/div>\n<\/div>\n<h2 class=\"title\" style=\"font-size: 24px; text-align: center;\"><img decoding=\"async\" class=\"img-self show_imgss\" src=\"https:\/\/ghgalaxyhome.com\/wp-content\/uploads\/2024\/06\/file_21686117830132.jpg?x-oss-process=image\/resize,m_lfit,w_1224\/format,webp\/quality,80\" alt=\"\" data-src=\"https:\/\/ghgalaxyhome.com\/wp-content\/uploads\/2024\/06\/file_21686117830132.jpg\" \/><\/h2>\n<p style=\"text-align: center;\"><img decoding=\"async\" class=\"img-self show_imgss\" src=\"https:\/\/ghgalaxyhome.com\/wp-content\/uploads\/2024\/06\/file_01686042185861.jpg?x-oss-process=image\/resize,m_lfit,w_1224\/format,webp\/quality,80\" alt=\"\" data-src=\"https:\/\/ghgalaxyhome.com\/wp-content\/uploads\/2024\/06\/file_01686042185861.jpg\" \/><\/p>\n<div class=\"text-center d-tem20-title border-color d-interval\" data-detail=\"wrap\">\n<div class=\"title-header\">\n<div class=\"title font-color\">\n<p class=\"recommended-product-heading\" style=\"margin-bottom: 0.3125rem; font-family: var(--skin-header-font),sans-serif; font-weight: 500; line-height: 1.6875rem; font-size: 1.375rem; padding-top: 0.5rem; padding-bottom: 0.5rem;\">Tambi\u00e9n podr\u00eda gustarte\u2026<\/p>\n<\/div>\n<\/div>\n<\/div>\n<div class=\"d-tem10-productdetail mockup text-center\" data-detail=\"wrap\">\n<div class=\"d-clearfix clearfix\">\n<div class=\"wrap row\">\n<div class=\"col-lg-6 col-md-6 col-sm-6 col-xs-12\">\n<div class=\"item\">\n<div class=\"image\"><a href=\"https:\/\/www.ghgalaxyhome.com\/video\/products-detail-3126370\" target=\"_blank\" rel=\"noopener\"><img decoding=\"async\" class=\"img-self show_imgss\" src=\"https:\/\/ghgalaxyhome.com\/wp-content\/uploads\/2024\/06\/file_01686043408640.jpg?x-oss-process=image\/resize,m_lfit,w_1224\/format,webp\/quality,80\" alt=\"\" data-src=\"https:\/\/ghgalaxyhome.com\/wp-content\/uploads\/2024\/06\/file_01686043408640.jpg\" \/><\/a><\/div>\n<div class=\"text\">\n<div class=\"title\">\n<p style=\"font-size: 32px; font-family: Montserrat-Regular-8, Arial, myanmar_font; overflow: hidden; font-weight: 500; line-height: normal;\"><span style=\"font-size: 24px;\">\u00a1Gabinetes de tocador de ba\u00f1o elegantes y personalizados para una mejora impresionante!<\/span><\/p>\n<\/div>\n<\/div>\n<\/div>\n<\/div>\n<div class=\"col-lg-6 col-md-6 col-sm-6 col-xs-12\">\n<div class=\"item\">\n<div class=\"image\"><a href=\"https:\/\/www.ghgalaxyhome.com\/video\/products-detail-1553692\" target=\"_blank\" rel=\"noopener\"><img decoding=\"async\" class=\"img-self show_imgss\" src=\"https:\/\/ghgalaxyhome.com\/wp-content\/uploads\/2024\/06\/16729161404457.jpg?x-oss-process=image\/resize,m_lfit,w_1224\/format,webp\/quality,80\" alt=\"\" data-src=\"https:\/\/ghgalaxyhome.com\/wp-content\/uploads\/2024\/06\/16729161404457.jpg\" \/><\/a><\/div>\n<div class=\"text\">\n<div class=\"title\">\n<p class=\"top_title\" style=\"line-height: 1.3; font-size: 32px; font-family: Montserrat-Regular-8, Arial, myanmar_font; overflow: hidden; font-weight: 500;\"><span style=\"font-size: 24px;\">Tocador de ba\u00f1o dorado elegante montado en la pared con espejo y lavabo<\/span><\/p>\n<\/div>\n<\/div>\n<\/div>\n<\/div>\n<\/div>\n<\/div>\n<\/div>\n<div class=\"de_m_contacts_1 de_m_contacts_5 cont_section\">\n<div class=\"flex_row wrap_reverse\">\n<div class=\"flex_l pd_l\">\n<div class=\"text\">\n<div class=\"title_1 font-color\">Cont\u00e1ctenos<\/div>\n<div class=\"describe_1\">\u00bfTienes preguntas y quieres contactarnos?<\/div>\n<div class=\"title_2 font-color\">Ll\u00e1manos o vis\u00edtanos.<\/div>\n<p>Habitaci\u00f3n 2623, Edificio 1, Xinrui Plaza, Avenida Lingnan, Foshan, Guangdong, China<\/p>\n<p>&nbsp;<\/p>\n<div class=\"d-tem01-button d-interval text-left clearfix\" data-detail=\"wrap\">\n<div class=\"item d-font-size-fix\">\n<div class=\"bg-color-hover\"><a href=\"https:\/\/www.ghgalaxyhome.com\/products-40756\" target=\"_blank\" rel=\"noopener\" data-lv=\"0\">M\u00c1S<\/a><\/div>\n<\/div>\n<\/div>\n<\/div>\n<\/div>\n<div class=\"flex_l\">\n<div class=\"text\">\n<ul class=\"flex_ul\">\n<li class=\"flex_li\">\n<div class=\"li_txt bg-color\">\n<div class=\"txt_text\">Foshan Baihuo Inicio Tecnolog\u00eda Co., Ltd.<\/div>\n<\/div>\n<\/li>\n<li class=\"flex_li\">\n<div class=\"li_txt bg-color\">\n<div class=\"txt_text\">info@ghgalaxyhome.com<\/div>\n<\/div>\n<\/li>\n<li class=\"flex_li\">\n<div class=\"li_txt bg-color\">\n<div class=\"txt_text\">86-17722731431<\/div>\n<\/div>\n<\/li>\n<\/ul>\n<\/div>\n<\/div>\n<\/div>\n<\/div>\n<p>&nbsp;<\/p>\n<p>&nbsp;<\/p>\n<\/div>","protected":false},"excerpt":{"rendered":"<p>Resin bathtubs offer a range of advantages that make them a popular choice for modern bathrooms. As a versatile option, a resin bathtub can come in various styles and designs, including freestanding models, providing flexibility in placement and creating a stunning focal point.<\/p>","protected":false},"featured_media":28798,"comment_status":"open","ping_status":"closed","template":"","meta":[],"product_brand":[],"product_cat":[20],"product_tag":[],"class_list":{"0":"post-31079","1":"product","2":"type-product","3":"status-publish","4":"has-post-thumbnail","6":"product_cat-products-40768","8":"first","9":"instock","10":"shipping-taxable","11":"product-type-simple"},"_links":{"self":[{"href":"https:\/\/ghgalaxyhome.com\/es\/wp-json\/wp\/v2\/product\/31079","targetHints":{"allow":["GET"]}}],"collection":[{"href":"https:\/\/ghgalaxyhome.com\/es\/wp-json\/wp\/v2\/product"}],"about":[{"href":"https:\/\/ghgalaxyhome.com\/es\/wp-json\/wp\/v2\/types\/product"}],"replies":[{"embeddable":true,"href":"https:\/\/ghgalaxyhome.com\/es\/wp-json\/wp\/v2\/comments?post=31079"}],"version-history":[{"count":4,"href":"https:\/\/ghgalaxyhome.com\/es\/wp-json\/wp\/v2\/product\/31079\/revisions"}],"predecessor-version":[{"id":41917,"href":"https:\/\/ghgalaxyhome.com\/es\/wp-json\/wp\/v2\/product\/31079\/revisions\/41917"}],"wp:featuredmedia":[{"embeddable":true,"href":"https:\/\/ghgalaxyhome.com\/es\/wp-json\/wp\/v2\/media\/28798"}],"wp:attachment":[{"href":"https:\/\/ghgalaxyhome.com\/es\/wp-json\/wp\/v2\/media?parent=31079"}],"wp:term":[{"taxonomy":"product_brand","embeddable":true,"href":"https:\/\/ghgalaxyhome.com\/es\/wp-json\/wp\/v2\/product_brand?post=31079"},{"taxonomy":"product_cat","embeddable":true,"href":"https:\/\/ghgalaxyhome.com\/es\/wp-json\/wp\/v2\/product_cat?post=31079"},{"taxonomy":"product_tag","embeddable":true,"href":"https:\/\/ghgalaxyhome.com\/es\/wp-json\/wp\/v2\/product_tag?post=31079"}],"curies":[{"name":"wp","href":"https:\/\/api.w.org\/{rel}","templated":true}]}}