{"id":31066,"date":"2024-06-09T16:53:11","date_gmt":"2024-06-09T16:53:11","guid":{"rendered":"https:\/\/ghgalaxyhome.com\/?post_type=product&#038;p=31066"},"modified":"2024-06-09T17:03:02","modified_gmt":"2024-06-09T17:03:02","slug":"products-detail-1077901","status":"publish","type":"product","link":"https:\/\/ghgalaxyhome.com\/es\/video\/products-detail-1077901","title":{"rendered":"Galaxy Home \u2013 Ba\u00f1era independiente de superficie s\u00f3lida, moderna, industrial, gris"},"content":{"rendered":"<div class=\"cons_box ls-product\">\n<div class=\"text-center d-tem20-title border-color d-interval\" data-detail=\"wrap\">\n<div class=\"title-header\">\n<div class=\"title font-color\"><span style=\"font-size: 24px\"><strong>Acerca de este producto<\/strong><\/span><\/div>\n<div class=\"description\">Detalles importantes<\/div>\n<\/div>\n<\/div>\n<p>Add some simple yet aesthetic style to your bathroom with the&nbsp; and minimalist Solid Surface Freestanding Bathtub. The defined lines and bold color make this bathtub a great addition to any bathroom??s decor while the sloping interior design and smooth feel of the surface provides comfort to any relaxing bather. Made with high-quality&nbsp; engineered stone material to improved leak-resistant durability and easy cleaning capability. A perfect piece for any guest bathroom or master bathroom.<\/p>\n<p>?? Free standing construction for quick and easy installation<\/p>\n<p>?? Made of high-quality solid surface<\/p>\n<p>?? High yellowing resistance<\/p>\n<p>?? Easy cleaning<\/p>\n<p>?? Chrome plated pop up drain<\/p>\n<p style=\"text-align: center\"><\/p>\n<p style=\"text-align: center\"><\/p>\n<p><\/p>\n<table>\n<tbody>\n<tr class=\"ue-table-interlace-color-single firstRow\">\n<td width=\"311\" valign=\"top\">Marca de producto<\/td>\n<td width=\"311\" valign=\"top\">Inicio Galaxy<\/td>\n<td width=\"311\" valign=\"top\">Estilo de dise\u00f1o<\/td>\n<td width=\"383\" valign=\"top\">Modern \/ Industrial<\/td>\n<\/tr>\n<tr class=\"ue-table-interlace-color-double\">\n<td width=\"311\" valign=\"top\">tipo de producto<\/td>\n<td width=\"311\" valign=\"top\">Solid Surface Bathtub<\/td>\n<td width=\"311\" valign=\"top\">Tipo de instalaci\u00f3n<\/td>\n<td width=\"403\" valign=\"top\">De pie<\/td>\n<\/tr>\n<tr class=\"ue-table-interlace-color-single\">\n<td width=\"311\" valign=\"top\">Garant\u00eda<\/td>\n<td width=\"311\" valign=\"top\">3 a\u00f1os<\/td>\n<td width=\"311\" valign=\"top\">Capacidad de soluci\u00f3n de proyectos<\/td>\n<td width=\"403\" valign=\"top\">Dise\u00f1o gr\u00e1fico, dise\u00f1o de modelos 3D, Consolidaci\u00f3n cruzada.<\/td>\n<\/tr>\n<tr class=\"ue-table-interlace-color-double\">\n<td width=\"311\" valign=\"top\">Lugar de origen<\/td>\n<td width=\"311\" valign=\"top\">Fosh\u00e1n, China<\/td>\n<td width=\"311\" valign=\"top\">Servicio postventa<\/td>\n<td width=\"403\" valign=\"top\">Soporte en l\u00ednea para repuestos t\u00e9cnicos y gratuitos<\/td>\n<\/tr>\n<tr class=\"ue-table-interlace-color-single\">\n<td width=\"311\" valign=\"top\">N\u00famero de modelo<\/td>\n<td width=\"311\" valign=\"top\">BT221414<\/td>\n<td width=\"311\" valign=\"top\">Material<\/td>\n<td width=\"403\" valign=\"top\">piedra trabajada<\/td>\n<\/tr>\n<tr class=\"ue-table-interlace-color-double\">\n<td valign=\"top\" colspan=\"1\" rowspan=\"1\">Tama\u00f1o<\/td>\n<td valign=\"top\" colspan=\"1\" rowspan=\"1\">1700x760x560mm\/1500*740*560mm<\/td>\n<td valign=\"top\" colspan=\"1\" rowspan=\"1\">Aplicaci\u00f3n del producto<\/td>\n<td valign=\"top\" colspan=\"1\" rowspan=\"1\" width=\"92\">Ba\u00f1os de residencias, restaurantes y hoteles.<\/td>\n<\/tr>\n<tr class=\"ue-table-interlace-color-single\">\n<td valign=\"top\" colspan=\"1\" rowspan=\"1\">Ubicaci\u00f3n del drenaje<\/td>\n<td valign=\"top\" colspan=\"1\" rowspan=\"1\">Centro<\/td>\n<td valign=\"top\" colspan=\"1\" rowspan=\"1\">Color<\/td>\n<td valign=\"top\" colspan=\"1\" rowspan=\"1\" width=\"92\">Industrial grey<\/td>\n<\/tr>\n<tr class=\"ue-table-interlace-color-double\">\n<td valign=\"top\" colspan=\"1\" rowspan=\"1\">Funci\u00f3n<\/td>\n<td valign=\"top\" colspan=\"1\" rowspan=\"1\">Remojo<\/td>\n<td valign=\"top\" colspan=\"1\" rowspan=\"1\"><\/td>\n<td valign=\"top\" colspan=\"1\" rowspan=\"1\" width=\"92\"><\/td>\n<\/tr>\n<\/tbody>\n<\/table>\n<p><\/p>\n<p><\/p>\n<p style=\"text-align: center\">Detail Image<\/p>\n<p style=\"text-align:center\"><img decoding=\"async\" src=\"https:\/\/ghgalaxyhome.com\/wp-content\/uploads\/2024\/06\/file_31669109445056.jpg?x-oss-process=image\/resize,m_lfit,w_1224\/format,webp\/quality,80\" alt=\"\" data-src=\"https:\/\/ghgalaxyhome.com\/wp-content\/uploads\/2024\/06\/file_31669109445056.jpg\" class=\"img-self show_imgss\"><\/p>\n<p style=\"text-align:center\"><img decoding=\"async\" src=\"https:\/\/ghgalaxyhome.com\/wp-content\/uploads\/2024\/06\/file_01669109445056.png?x-oss-process=image\/resize,m_lfit,w_1224\/format,webp\/quality,80\" alt=\"\" width=\"1\" height=\"1\" data-src=\"https:\/\/ghgalaxyhome.com\/wp-content\/uploads\/2024\/06\/file_01669109445056.png\" class=\"img-self show_imgss\"><img decoding=\"async\" src=\"https:\/\/ghgalaxyhome.com\/wp-content\/uploads\/2024\/06\/file_11669109445056.png?x-oss-process=image\/resize,m_lfit,w_1224\/format,webp\/quality,80\" alt=\"\" style=\"float: left\" width=\"1\" height=\"1\" data-src=\"https:\/\/ghgalaxyhome.com\/wp-content\/uploads\/2024\/06\/file_11669109445056.png\" class=\"img-self show_imgss\"><\/p>\n<p style=\"text-align:center\"><img fetchpriority=\"high\" decoding=\"async\" src=\"https:\/\/ghgalaxyhome.com\/wp-content\/uploads\/2024\/06\/file_01669109660064.png?x-oss-process=image\/resize,m_lfit,w_1224\/format,webp\/quality,80\" alt=\"\" width=\"746\" height=\"469\" data-src=\"https:\/\/ghgalaxyhome.com\/wp-content\/uploads\/2024\/06\/file_01669109660064.png\" class=\"img-self show_imgss\"><\/p>\n<p style=\"text-align:center\"><img loading=\"lazy\" decoding=\"async\" src=\"https:\/\/ghgalaxyhome.com\/wp-content\/uploads\/2024\/06\/file_01669109747221.png?x-oss-process=image\/resize,m_lfit,w_1224\/format,webp\/quality,80\" alt=\"\" width=\"750\" height=\"412\" data-src=\"https:\/\/ghgalaxyhome.com\/wp-content\/uploads\/2024\/06\/file_01669109747221.png\" class=\"img-self show_imgss\"><\/p>\n<p><\/p>\n<p style=\"text-align:center\"><img decoding=\"async\" src=\"https:\/\/ghgalaxyhome.com\/wp-content\/uploads\/2024\/06\/file_01669109790431.jpg?x-oss-process=image\/resize,m_lfit,w_1224\/format,webp\/quality,80\" alt=\"\" data-src=\"https:\/\/ghgalaxyhome.com\/wp-content\/uploads\/2024\/06\/file_01669109790431.jpg\" class=\"img-self show_imgss\"><\/p>\n<p style=\"text-align:center\"><img decoding=\"async\" src=\"https:\/\/ghgalaxyhome.com\/wp-content\/uploads\/2024\/06\/file_11669109790431.png?x-oss-process=image\/resize,m_lfit,w_1224\/format,webp\/quality,80\" alt=\"\" data-src=\"https:\/\/ghgalaxyhome.com\/wp-content\/uploads\/2024\/06\/file_11669109790431.png\" class=\"img-self show_imgss\"><\/p>\n<p style=\"text-align:center\"><img decoding=\"async\" src=\"https:\/\/ghgalaxyhome.com\/wp-content\/uploads\/2024\/06\/file_21669109790431.png?x-oss-process=image\/resize,m_lfit,w_1224\/format,webp\/quality,80\" alt=\"\" data-src=\"https:\/\/ghgalaxyhome.com\/wp-content\/uploads\/2024\/06\/file_21669109790431.png\" class=\"img-self show_imgss\"><\/p>\n<div class=\"text-center d-tem20-title border-color d-interval\" data-detail=\"wrap\">\n<div class=\"title-header\">\n<div class=\"title font-color\">\n<div class=\"title font-color\" style=\"font-size: 16px;font-family: Montserrat-Regular-8, Arial, myanmar_font;font-weight: 700;overflow: hidden;text-align: center;max-width: 100%\"><span style=\"max-width: 100%;font-size: 24px\">Sobre la empresa<\/span><\/div>\n<div class=\"description\" style=\"max-width: 100%;font-family: CeraPRO-Regular, Arial, myanmar_font;text-align: center\">Cosas que quiz\u00e1s quieras saber<\/div>\n<\/div>\n<\/div>\n<\/div>\n<p style=\"text-align: center\"><img decoding=\"async\" src=\"https:\/\/ghgalaxyhome.com\/wp-content\/uploads\/2024\/06\/file_01655518919144.jpg?x-oss-process=image\/resize,m_lfit,w_1224\/format,webp\/quality,80\" alt=\"\" data-src=\"https:\/\/ghgalaxyhome.com\/wp-content\/uploads\/2024\/06\/file_01655518919144.jpg\" class=\"img-self show_imgss\"><\/p>\n<div class=\"text-center d-tem20-title border-color d-interval\" data-detail=\"wrap\">\n<div class=\"title-header\">\n<div class=\"title font-color\"><span style=\"font-size: 24px\"><strong>Preguntas m\u00e1s frecuentes<\/strong><\/span><\/div>\n<\/div>\n<\/div>\n<div class=\"de_m_faq_5 cont_section\">\n<ul class=\"_ul\">\n<li class=\"_li\">\n<div class=\"li_head\">1. \u00bfQu\u00e9 tipo de productos pueden ofrecer?<\/div>\n<div class=\"li_con\">Los principales productos de GALAXY HOME son tocadores de ba\u00f1o, ba\u00f1eras, grifos de lavabo, cabezales de ducha, mamparas de ducha, inodoros y accesorios de ba\u00f1o.<\/div>\n<\/li>\n<li class=\"_li\">\n<div class=\"li_head\">2.\u00bfEs posible la personalizaci\u00f3n?<\/div>\n<div class=\"li_con\">S\u00ed. Contamos con un equipo profesional de dise\u00f1o y producci\u00f3n con rica experiencia. Cu\u00e9ntanos tus demandas y te ofrecemos una soluci\u00f3n.<\/div>\n<\/li>\n<li class=\"_li\">\n<div class=\"li_head\">3. \u00bfEs aceptable ODM u OEM?<\/div>\n<div class=\"li_con\">S\u00ed. Debido a la experiencia de producci\u00f3n y exportaci\u00f3n de al menos 18 a\u00f1os, hemos finalizado muchos pedidos de ODM y OEM en los \u00faltimos a\u00f1os. Nuestra f\u00e1brica cubre un \u00e1rea de 40000? O con l\u00edneas de producci\u00f3n avanzadas. Nuestra capacidad para hacer ODM y OEM es confiable.<\/div>\n<\/li>\n<li class=\"_li\">\n<div class=\"li_head\">4. \u00bfQu\u00e9 certificados de producto tienes?<\/div>\n<div class=\"li_con\">Los productos GALAXY HOME han sido certificados por SGS, CNAS, CMA, CAL y jlac-mra. Se han emitido certificados.<\/div>\n<\/li>\n<li class=\"_li\">\n<div class=\"li_head\">5. \u00bfC\u00f3mo puedo obtener el precio m\u00e1s reciente?<\/div>\n<div class=\"li_con\">Los clientes pueden hacer clic en el bot\u00f3n Cont\u00e1ctenos para enviarnos una consulta. Generalmente cotizamos dentro de las 24 horas durante los d\u00edas h\u00e1biles. Tambi\u00e9n puedes enviarnos un correo electr\u00f3nico o un WhatsApp directamente si deseas una respuesta r\u00e1pida. La direcci\u00f3n de correo electr\u00f3nico es info@ghgalaxyhome.com y el n\u00famero de tel\u00e9fono es 86-17722731431.<\/div>\n<\/li>\n<li class=\"_li\">\n<div class=\"li_head\">6.\u00bfPuedo comprar muestras?<\/div>\n<div class=\"li_con\">S\u00ed. Se pueden discutir detalles como el flete y el tiempo de entrega.<\/div>\n<\/li>\n<li class=\"_li\">\n<div class=\"li_head\">7. \u00bfCu\u00e1l es el tiempo de entrega?<\/div>\n<div class=\"li_con\">El plazo de entrega depende de la cantidad del pedido y del stock. Generalmente es de 7 a 15 d\u00edas para existencias adecuadas y de unos 30 d\u00edas para existencias bajas.<\/div>\n<\/li>\n<li class=\"_li\">\n<div class=\"li_head\">8. \u00bfCu\u00e1l es la forma de entrega?<\/div>\n<div class=\"li_con\">Los productos pueden entregarse por mar, aire o expreso (EMS, UPS, DHL, TNT, FEDEX, etc.). Por favor hable con nosotros antes de realizar pedidos.<\/div>\n<\/li>\n<li class=\"_li\">\n<div class=\"li_head\">9.\u00bfC\u00f3mo puedo pagar? \u00bfCu\u00e1l es el m\u00e9todo de pago?<\/div>\n<div class=\"li_con\">Se aceptan T\/T, L\/C, Western Union, Moneygram y Paypal.<\/div>\n<\/li>\n<li class=\"_li\">\n<div class=\"li_head\">10.\u00bfQu\u00e9 puedes hacer para asegurar la calidad?<\/div>\n<div class=\"li_con\">El departamento de inspecci\u00f3n de calidad de nuestra f\u00e1brica controla cada aspecto de la producci\u00f3n. Tambi\u00e9n te mantendremos informado mediante fotos y v\u00eddeos para asegurarnos de que cada detalle est\u00e9 solucionado. Siempre nos mantendremos en contacto con los compradores en caso de cualquier pregunta.<\/div>\n<\/li>\n<\/ul>\n<\/div>\n<p><\/p>\n<p><\/p>\n<p><\/p>\n<p><\/p>\n<\/p><\/div>","protected":false},"excerpt":{"rendered":"<p>\u00bfSuperficie s\u00f3lida? Ba\u00f1era profunda elaborada con material de piedra dise\u00f1ada. Ergon\u00f3micamente ovalado y dise\u00f1ado para acunar la forma del cuerpo para m\u00e1xima comodidad. Esta ba\u00f1era tiene un estilo industrial y contempor\u00e1neo. Rel\u00e1jese y d\u00e9jese llevar, disfrute de su fascinante hora del ba\u00f1o.<\/p>","protected":false},"featured_media":28769,"comment_status":"open","ping_status":"closed","template":"","meta":[],"product_brand":[],"product_cat":[20],"product_tag":[],"class_list":{"0":"post-31066","1":"product","2":"type-product","3":"status-publish","4":"has-post-thumbnail","6":"product_cat-products-40768","8":"first","9":"instock","10":"shipping-taxable","11":"product-type-simple"},"_links":{"self":[{"href":"https:\/\/ghgalaxyhome.com\/es\/wp-json\/wp\/v2\/product\/31066","targetHints":{"allow":["GET"]}}],"collection":[{"href":"https:\/\/ghgalaxyhome.com\/es\/wp-json\/wp\/v2\/product"}],"about":[{"href":"https:\/\/ghgalaxyhome.com\/es\/wp-json\/wp\/v2\/types\/product"}],"replies":[{"embeddable":true,"href":"https:\/\/ghgalaxyhome.com\/es\/wp-json\/wp\/v2\/comments?post=31066"}],"version-history":[{"count":2,"href":"https:\/\/ghgalaxyhome.com\/es\/wp-json\/wp\/v2\/product\/31066\/revisions"}],"predecessor-version":[{"id":31245,"href":"https:\/\/ghgalaxyhome.com\/es\/wp-json\/wp\/v2\/product\/31066\/revisions\/31245"}],"wp:featuredmedia":[{"embeddable":true,"href":"https:\/\/ghgalaxyhome.com\/es\/wp-json\/wp\/v2\/media\/28769"}],"wp:attachment":[{"href":"https:\/\/ghgalaxyhome.com\/es\/wp-json\/wp\/v2\/media?parent=31066"}],"wp:term":[{"taxonomy":"product_brand","embeddable":true,"href":"https:\/\/ghgalaxyhome.com\/es\/wp-json\/wp\/v2\/product_brand?post=31066"},{"taxonomy":"product_cat","embeddable":true,"href":"https:\/\/ghgalaxyhome.com\/es\/wp-json\/wp\/v2\/product_cat?post=31066"},{"taxonomy":"product_tag","embeddable":true,"href":"https:\/\/ghgalaxyhome.com\/es\/wp-json\/wp\/v2\/product_tag?post=31066"}],"curies":[{"name":"wp","href":"https:\/\/api.w.org\/{rel}","templated":true}]}}