{"id":31061,"date":"2024-06-09T16:53:11","date_gmt":"2024-06-09T16:53:11","guid":{"rendered":"https:\/\/ghgalaxyhome.com\/?post_type=product&#038;p=31061"},"modified":"2024-06-10T06:56:17","modified_gmt":"2024-06-10T06:56:17","slug":"products-detail-4340470","status":"publish","type":"product","link":"https:\/\/ghgalaxyhome.com\/es\/video\/products-detail-4340470","title":{"rendered":"Descubra lo \u00faltimo en relajaci\u00f3n con nuestra colecci\u00f3n de jacuzzis al aire libre | GalaxyInicio"},"content":{"rendered":"<div class=\"cons_box ls-product\">\n<div class=\"text-center d-tem20-title border-color d-interval\" data-detail=\"wrap\">\n<div class=\"title-header\">\n<div class=\"title font-color\"><span style=\"font-size: 24px;\"><strong>Acerca de este producto<\/strong><\/span><\/div>\n<div class=\"description\">Detalles importantes<\/div>\n<\/div>\n<\/div>\n<p style=\"text-align: justify; line-height: 1.5em;\">Delve into the unique features that set our outdoor hot tubs apart. From powerful hydrotherapy jets and customizable LED lighting to energy-efficient designs, our tubs are equipped to elevate your well-being. Learn about the intuitive control systems, premium materials, and state-of-the-art filtration technology that make our hot tubs a class apart.<\/p>\n<p style=\"text-align: justify; line-height: 1.5em;\">Embark on a virtual tour of our outdoor hot tubs through immersive videos and 360-degree views. Get up close and personal with each model, exploring details like seating configurations, size options, and design aesthetics. Our virtual tour ensures that you can experience the luxury of our hot tubs from the comfort of your home before making a selection.<\/p>\n<p style=\"text-align: justify; line-height: 1.5em;\">Transform your outdoor space into a haven of relaxation with our Outdoor Hot Tub Collection. Explore the features, watch immersive videos, and gain insights into the technology that makes our hot tubs extraordinary. Your journey to elevated outdoor living begins here??visit our product website and discover the epitome of luxury in every bubble and jet.<\/p>\n<p style=\"text-align: center;\">\n<p style=\"text-align: center;\">\n<table>\n<tbody>\n<tr class=\"ue-table-interlace-color-single firstRow\">\n<td valign=\"top\" width=\"311\">Marca de producto<\/td>\n<td valign=\"top\" width=\"311\">Inicio Galaxy<\/td>\n<td valign=\"top\" width=\"311\">Estilo de dise\u00f1o<\/td>\n<td valign=\"top\" width=\"311\">Moderno<\/td>\n<\/tr>\n<tr class=\"ue-table-interlace-color-double\">\n<td valign=\"top\" width=\"311\">tipo de producto<\/td>\n<td valign=\"top\" width=\"311\">hot tub<\/td>\n<td valign=\"top\" width=\"311\">Heate<\/td>\n<td valign=\"top\" width=\"311\">3KW<\/td>\n<\/tr>\n<tr class=\"ue-table-interlace-color-single\">\n<td valign=\"top\" width=\"311\">Garant\u00eda<\/td>\n<td valign=\"top\" width=\"311\">3 a\u00f1os<\/td>\n<td valign=\"top\" width=\"311\">Capacidad de soluci\u00f3n de proyectos<\/td>\n<td valign=\"top\" width=\"311\">Dise\u00f1o gr\u00e1fico, dise\u00f1o de modelos 3D, Consolidaci\u00f3n cruzada.<\/td>\n<\/tr>\n<tr class=\"ue-table-interlace-color-double\">\n<td valign=\"top\" width=\"311\">Lugar de origen<\/td>\n<td valign=\"top\" width=\"311\">Fosh\u00e1n, China<\/td>\n<td valign=\"top\" width=\"311\">Total number of jets<\/td>\n<td valign=\"top\" width=\"311\">68pcs (Water jets: 52pcs &amp;<\/p>\n<p>Air Nozzles: 16pcs)<\/td>\n<\/tr>\n<tr class=\"ue-table-interlace-color-single\">\n<td valign=\"top\" width=\"311\">N\u00famero de modelo<\/td>\n<td valign=\"top\" width=\"311\">MBT44902<\/td>\n<td valign=\"top\" width=\"311\">Pump<\/td>\n<td valign=\"top\" width=\"311\">4pcs<\/td>\n<\/tr>\n<tr class=\"ue-table-interlace-color-double\">\n<td colspan=\"1\" rowspan=\"1\" valign=\"top\">Tama\u00f1o<\/td>\n<td colspan=\"1\" rowspan=\"1\" valign=\"top\">2100 X 2100X 960mm<\/td>\n<td colspan=\"1\" rowspan=\"1\" valign=\"top\">Cartridge filte<\/td>\n<td colspan=\"1\" rowspan=\"1\" valign=\"top\">1pc<\/td>\n<\/tr>\n<tr class=\"ue-table-interlace-color-single\">\n<td colspan=\"1\" rowspan=\"1\" valign=\"top\">Reclining \/ Sitting place<\/td>\n<td colspan=\"1\" rowspan=\"1\" valign=\"top\">1 person \/ 5 persons<\/td>\n<td colspan=\"1\" rowspan=\"1\" valign=\"top\">Water Sanitizatio<\/td>\n<td colspan=\"1\" rowspan=\"1\" valign=\"top\">Ozonator<\/td>\n<\/tr>\n<tr class=\"ue-table-interlace-color-double\">\n<td colspan=\"1\" rowspan=\"1\" valign=\"top\">Net weight\/ Water volume<\/td>\n<td colspan=\"1\" rowspan=\"1\" valign=\"top\">380Kgs \/ 1430L<\/td>\n<td colspan=\"1\" rowspan=\"1\" valign=\"top\">LED light<\/td>\n<td colspan=\"1\" rowspan=\"1\" valign=\"top\">18pcs<\/td>\n<\/tr>\n<tr class=\"ue-table-interlace-color-single\">\n<td colspan=\"1\" rowspan=\"1\" valign=\"top\">Insulatio<\/td>\n<td colspan=\"1\" rowspan=\"1\" valign=\"top\">25mm<\/td>\n<td colspan=\"1\" rowspan=\"1\" valign=\"top\">Headrest<\/td>\n<td colspan=\"1\" rowspan=\"1\" valign=\"top\">3pcs<\/td>\n<\/tr>\n<\/tbody>\n<\/table>\n<div class=\"d-tem24-graphic mockup\" data-detail=\"wrap\">\n<div class=\"cont-section\">\n<div class=\"image\" style=\"text-align: center;\"><\/div>\n<div class=\"jumbotron\">\n<div class=\"h3\">Nueva ba\u00f1era de resina de colores<\/div>\n<div class=\"description\">\n<p>Est\u00e1 compuesto de resina de alta calidad.<\/p>\n<p>y colorante, con transparente<\/p>\n<p>y apariencia natural y resistencia a la corrosi\u00f3n.<\/p>\n<\/div>\n<\/div>\n<\/div>\n<\/div>\n<div class=\"text-center d-tem20-title border-color d-interval\" data-detail=\"wrap\">\n<div class=\"title-header\">\n<div class=\"title font-color\">\n<p class=\"title\" style=\"font-size: 24px;\">Introducci\u00f3n del producto<\/p>\n<\/div>\n<div class=\"description\">Detalles importantes<\/div>\n<\/div>\n<\/div>\n<div class=\"d-tem14-graphic mockup\" data-detail=\"wrap\">\n<div class=\"clearfix d-clearfix\" style=\"text-align: center;\"><img decoding=\"async\" class=\"img-self show_imgss\" src=\"https:\/\/ghgalaxyhome.com\/wp-content\/uploads\/2024\/06\/file_01701743329307.jpg?x-oss-process=image\/resize,m_lfit,w_1224\/format,webp\/quality,80\" alt=\"\" data-src=\"https:\/\/ghgalaxyhome.com\/wp-content\/uploads\/2024\/06\/file_01701743329307.jpg\" \/><img decoding=\"async\" class=\"img-self show_imgss\" src=\"https:\/\/ghgalaxyhome.com\/wp-content\/uploads\/2024\/06\/file_01701744544154.jpg?x-oss-process=image\/resize,m_lfit,w_1224\/format,webp\/quality,80\" alt=\"\" data-src=\"https:\/\/ghgalaxyhome.com\/wp-content\/uploads\/2024\/06\/file_01701744544154.jpg\" \/><\/div>\n<\/div>\n<div class=\"text-center d-tem20-title border-color d-interval\" data-detail=\"wrap\">\n<div class=\"title-header\">\n<div class=\"title font-color\"><span style=\"font-size: 24px;\">Sobre la empresa<\/span><\/div>\n<div class=\"description\">Cosas que quiz\u00e1s quieras saber<\/div>\n<\/div>\n<\/div>\n<h2 class=\"title\" style=\"font-size: 24px; text-align: center;\"><\/h2>\n<p style=\"text-align: center;\"><img decoding=\"async\" class=\"img-self show_imgss\" src=\"https:\/\/ghgalaxyhome.com\/wp-content\/uploads\/2024\/06\/file_01701744623059.jpg?x-oss-process=image\/resize,m_lfit,w_1224\/format,webp\/quality,80\" alt=\"\" data-src=\"https:\/\/ghgalaxyhome.com\/wp-content\/uploads\/2024\/06\/file_01701744623059.jpg\" \/><img decoding=\"async\" class=\"img-self show_imgss\" src=\"https:\/\/ghgalaxyhome.com\/wp-content\/uploads\/2024\/06\/file_11701744623059.jpg?x-oss-process=image\/resize,m_lfit,w_1224\/format,webp\/quality,80\" alt=\"\" data-src=\"https:\/\/ghgalaxyhome.com\/wp-content\/uploads\/2024\/06\/file_11701744623059.jpg\" \/><img decoding=\"async\" class=\"img-self show_imgss\" src=\"https:\/\/ghgalaxyhome.com\/wp-content\/uploads\/2024\/06\/file_21701744623059.jpg?x-oss-process=image\/resize,m_lfit,w_1224\/format,webp\/quality,80\" alt=\"\" data-src=\"https:\/\/ghgalaxyhome.com\/wp-content\/uploads\/2024\/06\/file_21701744623059.jpg\" \/><img decoding=\"async\" class=\"img-self show_imgss\" src=\"https:\/\/ghgalaxyhome.com\/wp-content\/uploads\/2024\/06\/file_31701744623059.jpg?x-oss-process=image\/resize,m_lfit,w_1224\/format,webp\/quality,80\" alt=\"\" data-src=\"https:\/\/ghgalaxyhome.com\/wp-content\/uploads\/2024\/06\/file_31701744623059.jpg\" \/><img decoding=\"async\" class=\"img-self show_imgss\" src=\"https:\/\/ghgalaxyhome.com\/wp-content\/uploads\/2024\/06\/file_41701744623059.jpg?x-oss-process=image\/resize,m_lfit,w_1224\/format,webp\/quality,80\" alt=\"\" data-src=\"https:\/\/ghgalaxyhome.com\/wp-content\/uploads\/2024\/06\/file_41701744623059.jpg\" \/><img decoding=\"async\" class=\"img-self show_imgss\" src=\"https:\/\/ghgalaxyhome.com\/wp-content\/uploads\/2024\/06\/file_51701744623059.jpg?x-oss-process=image\/resize,m_lfit,w_1224\/format,webp\/quality,80\" alt=\"\" data-src=\"https:\/\/ghgalaxyhome.com\/wp-content\/uploads\/2024\/06\/file_51701744623059.jpg\" \/><\/p>\n<div class=\"text-center d-tem20-title border-color d-interval\" data-detail=\"wrap\">\n<div class=\"title-header\">\n<div class=\"title font-color\">\n<p class=\"recommended-product-heading\" style=\"margin-bottom: 0.3125rem; font-family: var(--skin-header-font),sans-serif; font-weight: 500; line-height: 1.6875rem; font-size: 1.375rem; padding-top: 0.5rem; padding-bottom: 0.5rem;\">Tambi\u00e9n podr\u00eda gustarte\u2026<\/p>\n<\/div>\n<\/div>\n<\/div>\n<div class=\"d-tem10-productdetail mockup text-center\" data-detail=\"wrap\">\n<div class=\"d-clearfix clearfix\">\n<div class=\"wrap row\">\n<div class=\"col-lg-6 col-md-6 col-sm-6 col-xs-12\">\n<div class=\"item\">\n<div class=\"image\"><a href=\"https:\/\/www.ghgalaxyhome.com\/video\/products-detail-3126370\" target=\"_blank\" rel=\"noopener\"><img decoding=\"async\" class=\"img-self show_imgss\" src=\"https:\/\/ghgalaxyhome.com\/wp-content\/uploads\/2024\/06\/file_01686043408640.jpg?x-oss-process=image\/resize,m_lfit,w_1224\/format,webp\/quality,80\" alt=\"\" data-src=\"https:\/\/ghgalaxyhome.com\/wp-content\/uploads\/2024\/06\/file_01686043408640.jpg\" \/><\/a><\/div>\n<div class=\"text\">\n<div class=\"title\">\n<p style=\"font-size: 32px; font-family: Montserrat-Regular-8, Arial, myanmar_font; overflow: hidden; font-weight: 500; line-height: normal;\"><span style=\"font-size: 24px;\">\u00a1Gabinetes de tocador de ba\u00f1o elegantes y personalizados para una mejora impresionante!<\/span><\/p>\n<\/div>\n<\/div>\n<\/div>\n<\/div>\n<div class=\"col-lg-6 col-md-6 col-sm-6 col-xs-12\">\n<div class=\"item\">\n<div class=\"image\"><a href=\"https:\/\/www.ghgalaxyhome.com\/video\/products-detail-1553692\" target=\"_blank\" rel=\"noopener\"><img decoding=\"async\" class=\"img-self show_imgss\" src=\"https:\/\/ghgalaxyhome.com\/wp-content\/uploads\/2024\/06\/16729161404457.jpg?x-oss-process=image\/resize,m_lfit,w_1224\/format,webp\/quality,80\" alt=\"\" data-src=\"https:\/\/ghgalaxyhome.com\/wp-content\/uploads\/2024\/06\/16729161404457.jpg\" \/><\/a><\/div>\n<div class=\"text\">\n<div class=\"title\">\n<p class=\"top_title\" style=\"line-height: 1.3; font-size: 32px; font-family: Montserrat-Regular-8, Arial, myanmar_font; overflow: hidden; font-weight: 500;\"><span style=\"font-size: 24px;\">Tocador de ba\u00f1o dorado elegante montado en la pared con espejo y lavabo<\/span><\/p>\n<\/div>\n<\/div>\n<\/div>\n<\/div>\n<\/div>\n<\/div>\n<\/div>\n<div class=\"de_m_contacts_1 de_m_contacts_5 cont_section\">\n<div class=\"flex_row wrap_reverse\">\n<div class=\"flex_l pd_l\">\n<div class=\"text\">\n<div class=\"title_1 font-color\">Cont\u00e1ctenos<\/div>\n<div class=\"describe_1\">\u00bfTienes preguntas y quieres contactarnos?<\/div>\n<div class=\"title_2 font-color\">Ll\u00e1manos o vis\u00edtanos.<\/div>\n<p>Habitaci\u00f3n 2623, Edificio 1, Xinrui Plaza, Avenida Lingnan, Foshan, Guangdong, China<\/p>\n<p>&nbsp;<\/p>\n<div class=\"d-tem01-button d-interval text-left clearfix\" data-detail=\"wrap\">\n<div class=\"item d-font-size-fix\">\n<div class=\"bg-color-hover\"><a href=\"https:\/\/www.ghgalaxyhome.com\/products-40756\" target=\"_blank\" rel=\"noopener\" data-lv=\"0\">M\u00c1S<\/a><\/div>\n<\/div>\n<\/div>\n<\/div>\n<\/div>\n<div class=\"flex_l\">\n<div class=\"text\">\n<ul class=\"flex_ul\">\n<li class=\"flex_li\">\n<div class=\"li_txt bg-color\">\n<div class=\"txt_text\">Foshan Baihuo Inicio Tecnolog\u00eda Co., Ltd.<\/div>\n<\/div>\n<\/li>\n<li class=\"flex_li\">\n<div class=\"li_txt bg-color\">\n<div class=\"txt_text\">info@ghgalaxyhome.com<\/div>\n<\/div>\n<\/li>\n<li class=\"flex_li\">\n<div class=\"li_txt bg-color\">\n<div class=\"txt_text\">86-17722731431<\/div>\n<\/div>\n<\/li>\n<\/ul>\n<\/div>\n<\/div>\n<\/div>\n<\/div>\n<p>&nbsp;<\/p>\n<p>&nbsp;<\/p>\n<\/div>","protected":false},"excerpt":{"rendered":"<p>About this Product Important Details Delve into the unique features that set our outdoor hot tubs apart. From powerful hydrotherapy<\/p>","protected":false},"featured_media":37919,"comment_status":"open","ping_status":"closed","template":"","meta":[],"product_brand":[],"product_cat":[20],"product_tag":[],"class_list":{"0":"post-31061","1":"product","2":"type-product","3":"status-publish","4":"has-post-thumbnail","6":"product_cat-products-40768","8":"first","9":"instock","10":"shipping-taxable","11":"product-type-simple"},"_links":{"self":[{"href":"https:\/\/ghgalaxyhome.com\/es\/wp-json\/wp\/v2\/product\/31061","targetHints":{"allow":["GET"]}}],"collection":[{"href":"https:\/\/ghgalaxyhome.com\/es\/wp-json\/wp\/v2\/product"}],"about":[{"href":"https:\/\/ghgalaxyhome.com\/es\/wp-json\/wp\/v2\/types\/product"}],"replies":[{"embeddable":true,"href":"https:\/\/ghgalaxyhome.com\/es\/wp-json\/wp\/v2\/comments?post=31061"}],"version-history":[{"count":3,"href":"https:\/\/ghgalaxyhome.com\/es\/wp-json\/wp\/v2\/product\/31061\/revisions"}],"predecessor-version":[{"id":37920,"href":"https:\/\/ghgalaxyhome.com\/es\/wp-json\/wp\/v2\/product\/31061\/revisions\/37920"}],"wp:featuredmedia":[{"embeddable":true,"href":"https:\/\/ghgalaxyhome.com\/es\/wp-json\/wp\/v2\/media\/37919"}],"wp:attachment":[{"href":"https:\/\/ghgalaxyhome.com\/es\/wp-json\/wp\/v2\/media?parent=31061"}],"wp:term":[{"taxonomy":"product_brand","embeddable":true,"href":"https:\/\/ghgalaxyhome.com\/es\/wp-json\/wp\/v2\/product_brand?post=31061"},{"taxonomy":"product_cat","embeddable":true,"href":"https:\/\/ghgalaxyhome.com\/es\/wp-json\/wp\/v2\/product_cat?post=31061"},{"taxonomy":"product_tag","embeddable":true,"href":"https:\/\/ghgalaxyhome.com\/es\/wp-json\/wp\/v2\/product_tag?post=31061"}],"curies":[{"name":"wp","href":"https:\/\/api.w.org\/{rel}","templated":true}]}}