{"id":30636,"date":"2024-06-09T14:27:06","date_gmt":"2024-06-09T14:27:06","guid":{"rendered":"https:\/\/ghgalaxyhome.com\/?post_type=product&#038;p=30636"},"modified":"2024-06-09T14:27:15","modified_gmt":"2024-06-09T14:27:15","slug":"products-detail-581845","status":"publish","type":"product","link":"https:\/\/ghgalaxyhome.com\/es\/video\/products-detail-581845","title":{"rendered":"Galaxy Home - Mezclador de lavabo moderno Cuerpo principal de lat\u00f3n Mango de aleaci\u00f3n de zinc Grifos de lavabo fr\u00edos y calientes de color cromado de alta calidad Grifos"},"content":{"rendered":"<div class=\"cons_box ls-product\">\n<p>Our employees are skilled at utilizing state-of-the-art technologies.In the application field(s) of Basin Faucets, Modern Basin Mixer Brass Main Body Zinc Alloy Handle High Quality Chrome Color Hot And Cold Basin Faucets is widely used and highly recognized by users. Modern Basin Mixer Brass Main Body Zinc Alloy Handle High Quality Chrome Color Hot And Cold Basin Faucets developed on the premise of market trends and customer pain points have become the new vane of the industry. Our featured Modern Basin Mixer Brass Main Body Zinc Alloy Handle High Quality Chrome Color Hot And Cold Basin Faucets providers ensure top quality product that will be ideal for all kinds of applications.<\/p>\n<div class=\"rich-text-table\">\n<table>\n<tbody>\n<tr>\n<td style=\"width:25%;padding:5px 20px;font-size:14px;background:#f8fafc\">N\u00famero de modelo:<\/td>\n<td style=\"width:25%;padding:5px 20px;font-size:14px\">BF08603<\/td>\n<td style=\"width:25%;padding:5px 20px;font-size:14px;background:#f8fafc\">Tipo:<\/td>\n<td style=\"width:25%;padding:5px 20px;font-size:14px\">Grifos de lavabo<\/td>\n<\/tr>\n<tr>\n<td style=\"width:25%;padding:5px 20px;font-size:14px;background:#f8fafc\">Garant\u00eda:<\/td>\n<td style=\"width:25%;padding:5px 20px;font-size:14px\">5 a\u00f1os<\/td>\n<td style=\"width:25%;padding:5px 20px;font-size:14px;background:#f8fafc\">Material:<\/td>\n<td style=\"width:25%;padding:5px 20px;font-size:14px\">Lat\u00f3n, cuerpo principal de lat\u00f3n, mango de aleaci\u00f3n de zinc.<\/td>\n<\/tr>\n<tr>\n<td style=\"width:25%;padding:5px 20px;font-size:14px;background:#f8fafc\">Servicio postventa:<\/td>\n<td style=\"width:25%;padding:5px 20px;font-size:14px\">Soporte t\u00e9cnico en l\u00ednea<\/td>\n<td style=\"width:25%;padding:5px 20px;font-size:14px;background:#f8fafc\">Capacidad de soluci\u00f3n del proyecto:<\/td>\n<td style=\"width:25%;padding:5px 20px;font-size:14px\">dise\u00f1o gr\u00e1fico, dise\u00f1o de modelos 3D, soluci\u00f3n total para proyectos, consolidaci\u00f3n de categor\u00edas cruzadas<\/td>\n<\/tr>\n<tr>\n<td style=\"width:25%;padding:5px 20px;font-size:14px;background:#f8fafc\">Solicitud:<\/td>\n<td style=\"width:25%;padding:5px 20px;font-size:14px\">Kitchen Bathroom<\/td>\n<td style=\"width:25%;padding:5px 20px;font-size:14px;background:#f8fafc\">Estilo de dise\u00f1o:<\/td>\n<td style=\"width:25%;padding:5px 20px;font-size:14px\">Moderno<\/td>\n<\/tr>\n<tr>\n<td style=\"width:25%;padding:5px 20px;font-size:14px;background:#f8fafc\">Lugar de origen:<\/td>\n<td style=\"width:25%;padding:5px 20px;font-size:14px\">Guangdong, China<\/td>\n<td style=\"width:25%;padding:5px 20px;font-size:14px;background:#f8fafc\">Nombre de la marca:<\/td>\n<td style=\"width:25%;padding:5px 20px;font-size:14px\">Inicio Galaxy<\/td>\n<\/tr>\n<tr>\n<td style=\"width:25%;padding:5px 20px;font-size:14px;background:#f8fafc\">Caracter\u00edstica:<\/td>\n<td style=\"width:25%;padding:5px 20px;font-size:14px\">Grifos con medidor<\/td>\n<td style=\"width:25%;padding:5px 20px;font-size:14px;background:#f8fafc\">Tratamiento de superficies:<\/td>\n<td style=\"width:25%;padding:5px 20px;font-size:14px\">Pulido<\/td>\n<\/tr>\n<tr>\n<td style=\"width:25%;padding:5px 20px;font-size:14px;background:#f8fafc\">Montaje del grifo:<\/td>\n<td style=\"width:25%;padding:5px 20px;font-size:14px\">Un solo agujero<\/td>\n<td style=\"width:25%;padding:5px 20px;font-size:14px;background:#f8fafc\">Tipo de instalaci\u00f3n:<\/td>\n<td style=\"width:25%;padding:5px 20px;font-size:14px\">Montado en cubierta<\/td>\n<\/tr>\n<tr>\n<td style=\"width:25%;padding:5px 20px;font-size:14px;background:#f8fafc\">N\u00famero de manijas:<\/td>\n<td style=\"width:25%;padding:5px 20px;font-size:14px\">Mango \u00fanico<\/td>\n<td style=\"width:25%;padding:5px 20px;font-size:14px;background:#f8fafc\">Estilo:<\/td>\n<td style=\"width:25%;padding:5px 20px;font-size:14px\">Contempor\u00e1neo<\/td>\n<\/tr>\n<tr>\n<td style=\"width:25%;padding:5px 20px;font-size:14px;background:#f8fafc\">Material del n\u00facleo de la v\u00e1lvula:<\/td>\n<td style=\"width:25%;padding:5px 20px;font-size:14px\">Lat\u00f3n<\/td>\n<td style=\"width:25%;padding:5px 20px;font-size:14px;background:#f8fafc\">Color:<\/td>\n<td style=\"width:25%;padding:5px 20px;font-size:14px\">Cromo<\/td>\n<\/tr>\n<tr>\n<td style=\"width:25%;padding:5px 20px;font-size:14px;background:#f8fafc\">Funci\u00f3n:<\/td>\n<td style=\"width:25%;padding:5px 20px;font-size:14px\">Caliente y fr\u00eda<\/td>\n<td style=\"width:25%;padding:5px 20px;font-size:14px\"><\/td>\n<td style=\"width:25%;padding:5px 20px;font-size:14px\"><\/td>\n<\/tr>\n<\/tbody>\n<\/table>\n<\/div>\n<p><\/p>\n<div data-magic-global=\"%7B%22bizId%22%3A2211240675273%2C%22pageId%22%3A20201241355%2C%22siteId%22%3A10002499104%7D\" id=\"detail_decorate_root\">#detail_decorate_root .magic-0{position:relative}#detail_decorate_root .magic-1{position:absolute;left:12px;top:12px;height:24px;z-index:3;overflow:hidden;background-color:#3a3531;display:flex;align-items:center;border-radius:12px;font-size:12px;color:white;padding:2px 6px}#detail_decorate_root .magic-2{height:24px;width:24px;background-image:url(&#8220;https:\/\/img.alicdn.com\/tfs\/TB1fYbeJ4z1gK0jSZSgXXavwpXa-144-144.gif&#8221;);background-repeat:no-repeat;background-size:cover}#detail_decorate_root .magic-3{margin-left:4px}#detail_decorate_root .magic-4{width:750px}#detail_decorate_root .magic-5{overflow:hidden;width:750px;height:421.7957389245857px;margin-top:0;margin-bottom:0;margin-left:0;margin-right:0}#detail_decorate_root .magic-6{margin-top:0;margin-left:0;width:750px;height:421.7957389245857px}#detail_decorate_root .magic-7{border-bottom-style:solid;border-bottom-color:#53647a;font-family:Roboto;font-size:24px;color:#53647a;font-style:normal;border-bottom-width:2px;padding-top:8px;padding-bottom:4px}#detail_decorate_root .magic-8{margin-bottom:10px;line-height:0}#detail_decorate_root .magic-9{margin-bottom:0}#detail_decorate_root .magic-10{position:relative;width:100%}#detail_decorate_root .magic-11{overflow:hidden;width:750px;height:952px;margin-top:0;margin-bottom:0;margin-left:0;margin-right:0}#detail_decorate_root .magic-12{margin-top:0;margin-left:0;width:750px;height:952px}#detail_decorate_root .magic-13{width:750px;border-collapse:collapse}#detail_decorate_root .magic-14{min-height:28px;padding:5px 10px;width:164px;min-height:28px;box-sizing:content-box}#detail_decorate_root .magic-15{min-height:28px;padding:5px 10px;width:531px;min-height:28px;box-sizing:content-box}#detail_decorate_root .magic-16{display:none}#detail_decorate_root .magic-17{min-height:28px;padding:5px 10px;width:127px;min-height:28px;box-sizing:content-box}#detail_decorate_root .magic-18{min-height:28px;padding:5px 10px;width:530px;min-height:28px;box-sizing:content-box}#detail_decorate_root .magic-19{min-height:28px;padding:5px 10px;width:117px;min-height:28px;box-sizing:content-box}#detail_decorate_root .magic-20{min-height:28px;padding:5px 10px;width:118px;min-height:28px;box-sizing:content-box}#detail_decorate_root .magic-21{overflow:hidden;width:750px;height:2461px;margin-top:0;margin-bottom:0;margin-left:0;margin-right:0}#detail_decorate_root .magic-22{margin-top:0;margin-left:0;width:750px;height:2461px}#detail_decorate_root .magic-23{overflow:hidden;width:750px;height:473px;margin-top:0;margin-bottom:0;margin-left:0;margin-right:0}#detail_decorate_root .magic-24{margin-top:0;margin-left:0;width:750px;height:473px}#detail_decorate_root .magic-25{overflow:hidden;width:750px;height:107px;margin-top:0;margin-bottom:0;margin-left:0;margin-right:0}#detail_decorate_root .magic-26{margin-top:0;margin-left:0;width:750px;height:787px}#detail_decorate_root .magic-27{vertical-align:top}#detail_decorate_root .magic-28{vertical-align:top;display:block;padding-right:4px;box-sizing:border-box;padding-left:4px}#detail_decorate_root .magic-29{vertical-align:top;padding-bottom:4px;box-sizing:border-box;padding-top:4px}#detail_decorate_root .magic-30{padding:0;margin:0;white-space:pre-wrap;font-size:14px}#detail_decorate_root .magic-32{color:#a0b0d0}#detail_decorate_root .magic-33{margin-bottom:10px;overflow:hidden}#detail_decorate_root .magic-34{overflow:hidden;width:750px;height:453px;margin-top:0;margin-bottom:0;margin-left:0;margin-right:0}#detail_decorate_root .magic-35{margin-top:0;margin-left:0;width:750px;height:453px}<\/p>\n<div class=\"J_module\">\n<div class=\"icbu-detail-showroom magic-0\">\n<div class=\"svg-wrapper magic-1\">\n<div class=\"magic-2\"><\/div>\n<p><span class=\"magic-3\">realidad virtual<\/span><\/div>\n<div class=\"icbu-pc-images magic-4\">\n<div>\n<div class=\"flex-layout-v\">\n<div class=\"flex-layout-h magic-4\">\n<div class=\"magic-5\"><img decoding=\"async\" data-src=\"https:\/\/imgbd.weyesimg.com\/prod\/moving\/img\/96aab06199335991f33366894aebf8dd\/3b6b18a8a8fc220ca38ba96688d31d26.jpg\" src=\"https:\/\/imgbd.weyesimg.com\/prod\/moving\/img\/96aab06199335991f33366894aebf8dd\/3b6b18a8a8fc220ca38ba96688d31d26.jpg?x-oss-process=image\/resize,m_lfit,w_1224\/format,webp\/quality,80\" class=\"magic-6 img-self show_imgss\"><\/div>\n<\/div>\n<\/div>\n<\/div>\n<\/div>\n<\/div>\n<\/div>\n<div class=\"J_module\">\n<div id=\"ali-anchor-AliMagic-xj0ajt\" data-section=\"AliMagic-xj0ajt\" data-section-title=\"Details Images\" class=\"magic-7\">Detalles Im\u00e1genes<\/div>\n<\/div>\n<div class=\"J_module\">\n<div class=\"icbu-pc-detailManyImage magic-8\">\n<div class=\"magic-9\"><img decoding=\"async\" data-src=\"https:\/\/imgbd.weyesimg.com\/prod\/moving\/img\/96aab06199335991f33366894aebf8dd\/ee433091feb346bdbeedf435c1eede18.jpg\" src=\"https:\/\/imgbd.weyesimg.com\/prod\/moving\/img\/96aab06199335991f33366894aebf8dd\/ee433091feb346bdbeedf435c1eede18.jpg?x-oss-process=image\/resize,m_lfit,w_1224\/format,webp\/quality,80\" class=\"magic-10 img-self show_imgss\"><\/div>\n<div class=\"magic-9\"><img decoding=\"async\" data-src=\"https:\/\/imgbd.weyesimg.com\/prod\/moving\/img\/96aab06199335991f33366894aebf8dd\/410e2c1e3f1aff25266404f33e8bb939.jpg\" src=\"https:\/\/imgbd.weyesimg.com\/prod\/moving\/img\/96aab06199335991f33366894aebf8dd\/410e2c1e3f1aff25266404f33e8bb939.jpg?x-oss-process=image\/resize,m_lfit,w_1224\/format,webp\/quality,80\" class=\"magic-10 img-self show_imgss\"><\/div>\n<div class=\"magic-9\"><img decoding=\"async\" data-src=\"https:\/\/imgbd.weyesimg.com\/prod\/moving\/img\/96aab06199335991f33366894aebf8dd\/053c6fac5f7b857589e18bf7df048645.jpg\" src=\"https:\/\/imgbd.weyesimg.com\/prod\/moving\/img\/96aab06199335991f33366894aebf8dd\/053c6fac5f7b857589e18bf7df048645.jpg?x-oss-process=image\/resize,m_lfit,w_1224\/format,webp\/quality,80\" class=\"magic-10 img-self show_imgss\"><\/div>\n<\/div>\n<\/div>\n<div class=\"J_module\">\n<div class=\"icbu-pc-images magic-4\">\n<div>\n<div class=\"flex-layout-v\">\n<div class=\"flex-layout-h magic-4\">\n<div class=\"magic-11\"><img decoding=\"async\" data-src=\"https:\/\/imgbd.weyesimg.com\/prod\/moving\/img\/96aab06199335991f33366894aebf8dd\/7c6474f8d53ce4df70fe6a88d6dd4a69.jpg\" src=\"https:\/\/imgbd.weyesimg.com\/prod\/moving\/img\/96aab06199335991f33366894aebf8dd\/7c6474f8d53ce4df70fe6a88d6dd4a69.jpg?x-oss-process=image\/resize,m_lfit,w_1224\/format,webp\/quality,80\" usemap=\"#b-fc-f75-f730\" class=\"magic-12 img-self show_imgss\"><\/div>\n<\/div>\n<\/div>\n<\/div>\n<\/div>\n<\/div>\n<div class=\"J_module\">\n<div id=\"ali-anchor-AliMagic-pkswqh\" data-section=\"AliMagic-pkswqh\" data-section-title=\"Products Description\" class=\"magic-7\">Descripci\u00f3n de productos<\/div>\n<\/div>\n<div class=\"J_module\">\n<div class=\"ife-detail-decorate-table\">\n<table class=\"all magic-13\">\n<tbody>\n<tr>\n<td colspan=\"1\" rowspan=\"1\">\n<div class=\"magic-14\">Nombre del producto<\/div>\n<\/td>\n<td colspan=\"4\" rowspan=\"1\">\n<div class=\"magic-15\">Modern Basin Mixer Brass Main Body Zinc Alloy Handle High Quality Chrome Color Hot And Cold Basin Faucets<\/div>\n<\/td>\n<td rowspan=\"0\" class=\"magic-16\">\n<div class=\"magic-17\"><\/div>\n<\/td>\n<td rowspan=\"0\" class=\"magic-16\">\n<div class=\"magic-17\"><\/div>\n<\/td>\n<td rowspan=\"0\" class=\"magic-16\">\n<div class=\"magic-17\"><\/div>\n<\/td>\n<\/tr>\n<tr>\n<td colspan=\"1\" rowspan=\"1\">\n<div class=\"magic-14\">Nombre de la marca<\/div>\n<\/td>\n<td colspan=\"4\" rowspan=\"1\">\n<div class=\"magic-15\">Inicio Galaxy<\/div>\n<\/td>\n<td rowspan=\"0\" class=\"magic-16\">\n<div class=\"magic-17\"><\/div>\n<\/td>\n<td rowspan=\"0\" class=\"magic-16\">\n<div class=\"magic-17\"><\/div>\n<\/td>\n<td rowspan=\"0\" class=\"magic-16\">\n<div class=\"magic-17\"><\/div>\n<\/td>\n<\/tr>\n<tr>\n<td colspan=\"1\" rowspan=\"1\">\n<div class=\"magic-14\">N \u00ba de Modelo.<\/div>\n<\/td>\n<td colspan=\"4\" rowspan=\"1\">\n<div class=\"magic-15\">BF08603<\/div>\n<\/td>\n<td rowspan=\"0\" class=\"magic-16\">\n<div class=\"magic-17\"><\/div>\n<\/td>\n<td rowspan=\"0\" class=\"magic-16\">\n<div class=\"magic-17\"><\/div>\n<\/td>\n<td rowspan=\"0\" class=\"magic-16\">\n<div class=\"magic-17\"><\/div>\n<\/td>\n<\/tr>\n<tr>\n<td colspan=\"1\" rowspan=\"1\">\n<div class=\"magic-14\">Color<\/div>\n<\/td>\n<td colspan=\"4\" rowspan=\"1\">\n<div class=\"magic-15\">Cromo<\/div>\n<\/td>\n<td rowspan=\"0\" class=\"magic-16\">\n<div class=\"magic-17\"><\/div>\n<\/td>\n<td rowspan=\"0\" class=\"magic-16\">\n<div class=\"magic-17\"><\/div>\n<\/td>\n<td rowspan=\"0\" class=\"magic-16\">\n<div class=\"magic-17\"><\/div>\n<\/td>\n<\/tr>\n<tr>\n<td colspan=\"1\" rowspan=\"1\">\n<div class=\"magic-14\">Material<\/div>\n<\/td>\n<td colspan=\"4\" rowspan=\"1\">\n<div class=\"magic-15\">Cuerpo principal de lat\u00f3n, mango de aleaci\u00f3n de zinc.<\/div>\n<\/td>\n<td rowspan=\"0\" class=\"magic-16\">\n<div class=\"magic-17\"><\/div>\n<\/td>\n<td rowspan=\"0\" class=\"magic-16\">\n<div class=\"magic-17\"><\/div>\n<\/td>\n<td rowspan=\"0\" class=\"magic-16\">\n<div class=\"magic-17\"><\/div>\n<\/td>\n<\/tr>\n<tr>\n<td colspan=\"1\" rowspan=\"1\">\n<div class=\"magic-14\">Tratamiento de superficies<\/div>\n<\/td>\n<td colspan=\"4\" rowspan=\"1\">\n<div class=\"magic-15\">Acabado pulido y galvanizado.<\/div>\n<\/td>\n<td rowspan=\"0\" class=\"magic-16\">\n<div class=\"magic-17\"><\/div>\n<\/td>\n<td rowspan=\"0\" class=\"magic-16\">\n<div class=\"magic-17\"><\/div>\n<\/td>\n<td rowspan=\"0\" class=\"magic-16\">\n<div class=\"magic-17\"><\/div>\n<\/td>\n<\/tr>\n<tr>\n<td colspan=\"1\" rowspan=\"1\">\n<div class=\"magic-14\">Funci\u00f3n<\/div>\n<\/td>\n<td colspan=\"4\" rowspan=\"1\">\n<div class=\"magic-18\">Caliente y fr\u00eda<\/div>\n<\/td>\n<td rowspan=\"0\" class=\"magic-16\">\n<div class=\"magic-19\"><\/div>\n<\/td>\n<td rowspan=\"0\" class=\"magic-16\">\n<div class=\"magic-19\"><\/div>\n<\/td>\n<td rowspan=\"0\" class=\"magic-16\">\n<div class=\"magic-20\"><\/div>\n<\/td>\n<\/tr>\n<tr>\n<td colspan=\"1\" rowspan=\"1\">\n<div class=\"magic-14\">Tipo de instalaci\u00f3n<\/div>\n<\/td>\n<td colspan=\"4\" rowspan=\"1\">\n<div class=\"magic-18\">Montado en cubierta<\/div>\n<\/td>\n<td rowspan=\"0\" class=\"magic-16\">\n<div class=\"magic-17\"><\/div>\n<\/td>\n<td rowspan=\"0\" class=\"magic-16\">\n<div class=\"magic-17\"><\/div>\n<\/td>\n<td rowspan=\"0\" class=\"magic-16\">\n<div class=\"magic-17\"><\/div>\n<\/td>\n<\/tr>\n<tr>\n<td colspan=\"1\" rowspan=\"1\">\n<div class=\"magic-14\">Estilo<\/div>\n<\/td>\n<td colspan=\"4\" rowspan=\"1\">\n<div class=\"magic-18\">Basin faucet,&nbsp;Basin mixer<\/div>\n<\/td>\n<td rowspan=\"0\" class=\"magic-16\">\n<div class=\"magic-19\"><\/div>\n<\/td>\n<td rowspan=\"0\" class=\"magic-16\">\n<div class=\"magic-19\"><\/div>\n<\/td>\n<td rowspan=\"0\" class=\"magic-16\">\n<div class=\"magic-20\"><\/div>\n<\/td>\n<\/tr>\n<\/tbody>\n<\/table>\n<\/div>\n<\/div>\n<div class=\"J_module\">\n<div class=\"icbu-pc-images magic-4\">\n<div>\n<div class=\"flex-layout-v\">\n<div class=\"flex-layout-h magic-4\">\n<div class=\"magic-21\"><img decoding=\"async\" data-src=\"https:\/\/imgbd.weyesimg.com\/prod\/moving\/img\/96aab06199335991f33366894aebf8dd\/6c7f50c25a52eda82c335f03b6db3227.jpg\" src=\"https:\/\/imgbd.weyesimg.com\/prod\/moving\/img\/96aab06199335991f33366894aebf8dd\/6c7f50c25a52eda82c335f03b6db3227.jpg?x-oss-process=image\/resize,m_lfit,w_1224\/format,webp\/quality,80\" class=\"magic-22 img-self show_imgss\"><\/div>\n<\/div>\n<\/div>\n<\/div>\n<\/div>\n<\/div>\n<div class=\"J_module\">\n<div class=\"icbu-pc-images magic-4\">\n<div>\n<div class=\"flex-layout-v\">\n<div class=\"flex-layout-h magic-4\">\n<div class=\"magic-23\"><img decoding=\"async\" data-src=\"https:\/\/imgbd.weyesimg.com\/prod\/moving\/img\/96aab06199335991f33366894aebf8dd\/812643060191df6ea0c9f14f0ebcbe18.jpg\" src=\"https:\/\/imgbd.weyesimg.com\/prod\/moving\/img\/96aab06199335991f33366894aebf8dd\/812643060191df6ea0c9f14f0ebcbe18.jpg?x-oss-process=image\/resize,m_lfit,w_1224\/format,webp\/quality,80\" class=\"magic-24 img-self show_imgss\"><\/div>\n<\/div>\n<\/div>\n<\/div>\n<\/div>\n<\/div>\n<div class=\"J_module\">\n<div class=\"icbu-pc-images magic-4\">\n<div>\n<div class=\"flex-layout-v\">\n<div class=\"flex-layout-h magic-4\">\n<div class=\"magic-25\"><img decoding=\"async\" data-src=\"https:\/\/imgbd.weyesimg.com\/prod\/moving\/img\/96aab06199335991f33366894aebf8dd\/e48d2dd6f83d26f84c395a9228c855e6.jpg\" src=\"https:\/\/imgbd.weyesimg.com\/prod\/moving\/img\/96aab06199335991f33366894aebf8dd\/e48d2dd6f83d26f84c395a9228c855e6.jpg?x-oss-process=image\/resize,m_lfit,w_1224\/format,webp\/quality,80\" class=\"magic-26 img-self show_imgss\"><\/div>\n<\/div>\n<\/div>\n<\/div>\n<\/div>\n<\/div>\n<div class=\"J_module\">\n<div class=\"detail-decorate-json-renderer-container\">\n<div class=\"magic-27\">\n<div class=\"magic-28\">\n<div class=\"magic-29\">\n<div class=\"magic-30\"><b><font color=\"#000000\">P: \u00bfC\u00f3mo puedo obtener el precio?<\/font><\/b><\/p>\n<div><font color=\"#7a90b2\"><b class=\"magic-31\">A:<\/b> Generalmente cotizamos dentro de las 24 horas posteriores a la recepci\u00f3n de su consulta (excepto fines de semana y feriados). Si urge obtener el precio, por favor env\u00edenos un correo electr\u00f3nico o cont\u00e1ctenos de otras formas para que podamos ofrecerle un presupuesto.<\/font><\/div>\n<div><font class=\"magic-31\"><font color=\"#7a90b2\">&#8212;&#8212;&#8212;&#8212;&#8212;&#8212;&#8212;&#8212;&#8212;&#8212;&#8212;&#8212;&#8212;&#8212;&#8212;&#8212;&#8212;&#8212;&#8212;&#8212;&#8212;&#8212;&#8212;&#8212;&#8212;&#8212;&#8212;&#8212;&#8212;&#8212;&#8212;&#8212;&#8212;&#8212;&#8212;&#8212;&#8212;&#8212;&#8212;&#8212;&#8212;&#8212;&#8212;&#8212;&#8212;&#8212;&#8212;&#8212;&#8212;&#8212;&#8212;&#8212;&#8212;&#8212;&#8212;&#8212;&#8212;&#8212;&#8212;&#8212;&#8212;&#8212;&#8212;&#8212;&#8212;-<\/font><font color=\"#a0b0d0\"><br \/>\n<\/font><\/font><span><b>P: <span class=\"magic-31\">\u00bfPuedo comprar muestras?<br \/>\n<\/span><\/b><\/span><font color=\"#7a90b2\"><b class=\"magic-31\">A: <\/b>S\u00ed. Si\u00e9ntete libre de contactarnos.<br \/>\n&#8212;&#8212;&#8212;&#8212;&#8212;&#8212;&#8212;&#8212;&#8212;&#8212;&#8212;&#8212;&#8212;&#8212;&#8212;&#8212;&#8212;&#8212;&#8212;&#8212;&#8212;&#8212;&#8212;&#8212;&#8212;&#8212;&#8212;&#8212;&#8212;&#8212;&#8212;&#8212;&#8212;&#8212;&#8212;&#8212;&#8212;&#8212;&#8212;&#8212;&#8212;&#8212;&#8212;&#8212;&#8212;&#8212;&#8212;&#8212;&#8212;&#8212;&#8212;&#8212;&#8212;&#8212;&#8212;&#8212;&#8212;&#8212;&#8212;&#8212;&#8212;&#8212;&#8212;&#8212;&#8212;-<\/font><\/div>\n<div><b class=\"magic-31\"><font color=\"#000000\">P: \u00bfCu\u00e1l es su plazo de entrega?<\/font><\/b><font color=\"#a0b0d0\"><br \/>\n<\/font><font color=\"#7a90b2\"><span class=\"magic-31\"><b class=\"magic-31\">A:<\/b> Depende de la cantidad del pedido y de la temporada en la que realiza el pedido. Por lo general, podemos realizar env\u00edos en un plazo de 7 a 15 d\u00edas para cantidades peque\u00f1as y aproximadamente 30 d\u00edas para cantidades grandes.<br \/>\n<\/span>&#8212;&#8212;&#8212;&#8212;&#8212;&#8212;&#8212;&#8212;&#8212;&#8212;&#8212;&#8212;&#8212;&#8212;&#8212;&#8212;&#8212;&#8212;&#8212;&#8212;&#8212;&#8212;&#8212;&#8212;&#8212;&#8212;&#8212;&#8212;&#8212;&#8212;&#8212;&#8212;&#8212;&#8212;&#8212;&#8212;&#8212;&#8212;&#8212;&#8212;&#8212;&#8212;&#8212;&#8212;&#8212;&#8212;&#8212;&#8212;&#8212;&#8212;&#8212;&#8212;&#8212;&#8212;&#8212;&#8212;&#8212;&#8212;&#8212;&#8212;&#8212;&#8212;&#8212;&#8212;&#8212;-<\/font><\/div>\n<div><b class=\"magic-31\"><font color=\"#000000\">P: \u00bfCu\u00e1l es su plazo de pago?<br \/>\n<\/font><\/b><font color=\"#7a90b2\"><b class=\"magic-31\">A:<\/b> T\/T, Western Union, MoneyGram y Paypal. Esto es negociable.<br \/>\n<font>&#8212;&#8212;&#8212;&#8212;&#8212;&#8212;&#8212;&#8212;&#8212;&#8212;&#8212;&#8212;&#8212;&#8212;&#8212;&#8212;&#8212;&#8212;&#8212;&#8212;&#8212;&#8212;&#8212;&#8212;&#8212;&#8212;&#8212;&#8212;&#8212;&#8212;&#8212;&#8212;&#8212;&#8212;&#8212;&#8212;&#8212;&#8212;&#8212;&#8212;&#8212;&#8212;&#8212;&#8212;&#8212;&#8212;&#8212;&#8212;&#8212;&#8212;&#8212;&#8212;&#8212;&#8212;&#8212;&#8212;&#8212;&#8212;&#8212;&#8212;&#8212;&#8212;&#8212;&#8212;&#8212;-<\/font><\/font><\/div>\n<div><b class=\"magic-31\"><font color=\"#000000\">P: \u00bfCu\u00e1l es el m\u00e9todo de env\u00edo?<\/font><\/b><\/div>\n<div><font color=\"#7a90b2\"><b class=\"magic-31\">A:<\/b>Puede enviarse por mar, aire o expreso (EMS, UPS, DHL, TNT, FEDEX, etc.). Por favor confirme con nosotros antes de realizar pedidos.<\/font><\/div>\n<div><span class=\"magic-31\"><font color=\"#7a90b2\">&#8212;&#8212;&#8212;&#8212;&#8212;&#8212;&#8212;&#8212;&#8212;&#8212;&#8212;&#8212;&#8212;&#8212;&#8212;&#8212;&#8212;&#8212;&#8212;&#8212;&#8212;&#8212;&#8212;&#8212;&#8212;&#8212;&#8212;&#8212;&#8212;&#8212;&#8212;&#8212;&#8212;&#8212;&#8212;&#8212;&#8212;&#8212;&#8212;&#8212;&#8212;&#8212;&#8212;&#8212;&#8212;&#8212;&#8212;&#8212;&#8212;&#8212;&#8212;&#8212;&#8212;&#8212;&#8212;&#8212;&#8212;&#8212;&#8212;&#8212;&#8212;&#8212;&#8212;&#8212;&#8212;-<\/font><\/span><span class=\"magic-32\"><br \/>\n<\/span><b class=\"magic-31\"><font color=\"#000000\">P: \u00bfC\u00f3mo se logra que nuestra relaci\u00f3n comercial sea duradera y buena?<\/font><\/b><\/div>\n<div><font color=\"#7a90b2\"><b class=\"magic-31\">A:<\/b> Mantenemos buena calidad y precios competitivos para garantizar que nuestros clientes se beneficien. Adem\u00e1s, respetamos a cada cliente como nuestro amigo y sinceramente hacemos negocios y nos hacemos amigos de ellos, sin importar de d\u00f3nde vengan.<b class=\"magic-31\"><br \/>\n<\/b>&#8212;&#8212;&#8212;&#8212;&#8212;&#8212;&#8212;&#8212;&#8212;&#8212;&#8212;&#8212;&#8212;&#8212;&#8212;&#8212;&#8212;&#8212;&#8212;&#8212;&#8212;&#8212;&#8212;&#8212;&#8212;&#8212;&#8212;&#8212;&#8212;&#8212;&#8212;&#8212;&#8212;&#8212;&#8212;&#8212;&#8212;&#8212;&#8212;&#8212;&#8212;&#8212;&#8212;&#8212;&#8212;&#8212;&#8212;&#8212;&#8212;&#8212;&#8212;&#8212;&#8212;&#8212;&#8212;&#8212;&#8212;&#8212;&#8212;&#8212;&#8212;&#8212;&#8212;&#8212;&#8212;-<\/font><\/div>\n<\/div>\n<\/div>\n<\/div>\n<\/div>\n<\/div>\n<\/div>\n<div class=\"J_module\">\n<div id=\"ali-anchor-AliMagic-n5uqer\" data-section=\"AliMagic-n5uqer\" data-section-title=\"Recommend Products\" class=\"magic-7\">Recomendar productos<\/div>\n<\/div>\n<div class=\"J_module\">\n<div data-magic=\"{&quot;mds&quot;:{&quot;assetsVersion&quot;:&quot;0.0.14&quot;,&quot;assetsPackageName&quot;:&quot;icbumod&quot;,&quot;moduleNameAlias&quot;:&quot;icbu-pc-detailSellerRecommend&quot;,&quot;moduleData&quot;:{&quot;config&quot;:{&quot;columnCount&quot;:4,&quot;titleKey&quot;:6,&quot;products&quot;:[1600399276381,1600397242053,1600396667144,1600359236260,1600395599212,1600352230561,1600369391093,1600351147516,1600371723211,1600405589295,1600393321304,1600406137521]}}},&quot;version&quot;:1}\" class=\"icbu-pc-detailSellerRecommend magic-33\"><\/div>\n<\/div>\n<div class=\"J_module\">\n<div class=\"icbu-pc-images magic-4\">\n<div>\n<div class=\"flex-layout-v\">\n<div class=\"flex-layout-h magic-4\">\n<div class=\"magic-34\"><img decoding=\"async\" data-src=\"https:\/\/imgbd.weyesimg.com\/prod\/moving\/img\/96aab06199335991f33366894aebf8dd\/f720390c06422a9260318d0aa9e95dec.jpg\" src=\"https:\/\/imgbd.weyesimg.com\/prod\/moving\/img\/96aab06199335991f33366894aebf8dd\/f720390c06422a9260318d0aa9e95dec.jpg?x-oss-process=image\/resize,m_lfit,w_1224\/format,webp\/quality,80\" class=\"magic-35 img-self show_imgss\"><\/div>\n<\/div>\n<\/div>\n<\/div>\n<\/div>\n<\/div><\/div>\n<\/p><\/div>","protected":false},"excerpt":{"rendered":"<p>Nuestros modernos dise\u00f1adores creativos, t\u00e9cnicos experimentados y expertos en I+D bien formados desarrollan grifos de lavabo fr\u00edos y calientes de color cromado de alta calidad con mango de aleaci\u00f3n de zinc y cuerpo principal de lat\u00f3n mezclador de lavabo moderno. Est\u00e1 hecho para tener una apariencia atractiva y una estructura razonable. Adem\u00e1s, los tocadores de ba\u00f1o, ba\u00f1eras, inodoros, grifos, mamparas de ducha y otros accesorios fabricados con materias primas de alta calidad tienen muchas ventajas.<\/p>","protected":false},"featured_media":30459,"comment_status":"open","ping_status":"closed","template":"","meta":[],"product_brand":[],"product_cat":[24],"product_tag":[],"class_list":{"0":"post-30636","1":"product","2":"type-product","3":"status-publish","4":"has-post-thumbnail","6":"product_cat-products-40776","8":"first","9":"instock","10":"shipping-taxable","11":"product-type-simple"},"_links":{"self":[{"href":"https:\/\/ghgalaxyhome.com\/es\/wp-json\/wp\/v2\/product\/30636","targetHints":{"allow":["GET"]}}],"collection":[{"href":"https:\/\/ghgalaxyhome.com\/es\/wp-json\/wp\/v2\/product"}],"about":[{"href":"https:\/\/ghgalaxyhome.com\/es\/wp-json\/wp\/v2\/types\/product"}],"replies":[{"embeddable":true,"href":"https:\/\/ghgalaxyhome.com\/es\/wp-json\/wp\/v2\/comments?post=30636"}],"version-history":[{"count":1,"href":"https:\/\/ghgalaxyhome.com\/es\/wp-json\/wp\/v2\/product\/30636\/revisions"}],"predecessor-version":[{"id":30645,"href":"https:\/\/ghgalaxyhome.com\/es\/wp-json\/wp\/v2\/product\/30636\/revisions\/30645"}],"wp:featuredmedia":[{"embeddable":true,"href":"https:\/\/ghgalaxyhome.com\/es\/wp-json\/wp\/v2\/media\/30459"}],"wp:attachment":[{"href":"https:\/\/ghgalaxyhome.com\/es\/wp-json\/wp\/v2\/media?parent=30636"}],"wp:term":[{"taxonomy":"product_brand","embeddable":true,"href":"https:\/\/ghgalaxyhome.com\/es\/wp-json\/wp\/v2\/product_brand?post=30636"},{"taxonomy":"product_cat","embeddable":true,"href":"https:\/\/ghgalaxyhome.com\/es\/wp-json\/wp\/v2\/product_cat?post=30636"},{"taxonomy":"product_tag","embeddable":true,"href":"https:\/\/ghgalaxyhome.com\/es\/wp-json\/wp\/v2\/product_tag?post=30636"}],"curies":[{"name":"wp","href":"https:\/\/api.w.org\/{rel}","templated":true}]}}