{"id":30345,"date":"2024-06-09T13:53:16","date_gmt":"2024-06-09T13:53:16","guid":{"rendered":"https:\/\/ghgalaxyhome.com\/?post_type=product&#038;p=30345"},"modified":"2024-06-09T13:54:24","modified_gmt":"2024-06-09T13:54:24","slug":"products-detail-581495","status":"publish","type":"product","link":"https:\/\/ghgalaxyhome.com\/es\/video\/products-detail-581495","title":{"rendered":"Galaxy Home - Sanitarios de moda moderna Bandeja para ponerse en cuclillas de cer\u00e1mica Wc Inodoro en cuclillas Inodoro en cuclillas"},"content":{"rendered":"<div class=\"cons_box ls-product\">\n<p>Utilizing technology makes the manufacturing process go smoothly and efficiently.With regard to the product advantages, the product can be widely found in the field(s) of Modern fashion Sanitary Ware Ceramic Squatting Pan Wc Squat Toilet. Modern fashion Sanitary Ware Ceramic Squatting Pan Wc Squat Toilet is a good example to showcase our research and development capability. Foshan Baihuo Home Technology Co., Ltd. will continue to work hard to improve our capabilities in R&#038;D strength and technologies because they are the core competitiveness of our company. We aim to provide customers with the most satisfying and cost-effective products with our full efforts.<\/p>\n<div class=\"rich-text-table\">\n<table>\n<tbody>\n<tr>\n<td style=\"width:25%;padding:5px 20px;font-size:14px;background:#f8fafc\">Garant\u00eda:<\/td>\n<td style=\"width:25%;padding:5px 20px;font-size:14px\">3 a\u00f1os<\/td>\n<td style=\"width:25%;padding:5px 20px;font-size:14px;background:#f8fafc\">Servicio postventa:<\/td>\n<td style=\"width:25%;padding:5px 20px;font-size:14px\">Soporte t\u00e9cnico en l\u00ednea, repuestos gratuitos<\/td>\n<\/tr>\n<tr>\n<td style=\"width:25%;padding:5px 20px;font-size:14px;background:#f8fafc\">Capacidad de soluci\u00f3n del proyecto:<\/td>\n<td style=\"width:25%;padding:5px 20px;font-size:14px\">dise\u00f1o gr\u00e1fico<\/td>\n<td style=\"width:25%;padding:5px 20px;font-size:14px;background:#f8fafc\">Solicitud:<\/td>\n<td style=\"width:25%;padding:5px 20px;font-size:14px\">Hotel, Bathroom<\/td>\n<\/tr>\n<tr>\n<td style=\"width:25%;padding:5px 20px;font-size:14px;background:#f8fafc\">Estilo de dise\u00f1o:<\/td>\n<td style=\"width:25%;padding:5px 20px;font-size:14px\">Farmhouse<\/td>\n<td style=\"width:25%;padding:5px 20px;font-size:14px;background:#f8fafc\">Lugar de origen:<\/td>\n<td style=\"width:25%;padding:5px 20px;font-size:14px\">Guangdong, China<\/td>\n<\/tr>\n<tr>\n<td style=\"width:25%;padding:5px 20px;font-size:14px;background:#f8fafc\">Nombre de la marca:<\/td>\n<td style=\"width:25%;padding:5px 20px;font-size:14px\">Inicio Galaxy<\/td>\n<td style=\"width:25%;padding:5px 20px;font-size:14px;background:#f8fafc\">N\u00famero de modelo:<\/td>\n<td style=\"width:25%;padding:5px 20px;font-size:14px\">TTP021004B<\/td>\n<\/tr>\n<tr>\n<td style=\"width:25%;padding:5px 20px;font-size:14px;background:#f8fafc\">Caracter\u00edstica:<\/td>\n<td style=\"width:25%;padding:5px 20px;font-size:14px\">Without Fender<\/td>\n<td style=\"width:25%;padding:5px 20px;font-size:14px;background:#f8fafc\">Squat Pan Type:<\/td>\n<td style=\"width:25%;padding:5px 20px;font-size:14px\">With Trapway<\/td>\n<\/tr>\n<tr>\n<td style=\"width:25%;padding:5px 20px;font-size:14px;background:#f8fafc\">Nombre del producto:<\/td>\n<td style=\"width:25%;padding:5px 20px;font-size:14px\">Squatting WC Pan<\/td>\n<td style=\"width:25%;padding:5px 20px;font-size:14px;background:#f8fafc\">Material:<\/td>\n<td style=\"width:25%;padding:5px 20px;font-size:14px\">White Ceramic<\/td>\n<\/tr>\n<tr>\n<td style=\"width:25%;padding:5px 20px;font-size:14px;background:#f8fafc\">El tiempo de entrega:<\/td>\n<td style=\"width:25%;padding:5px 20px;font-size:14px\">20-30days<\/td>\n<td style=\"width:25%;padding:5px 20px;font-size:14px;background:#f8fafc\">Tama\u00f1o:<\/td>\n<td style=\"width:25%;padding:5px 20px;font-size:14px\">600*440*230<\/td>\n<\/tr>\n<tr>\n<td style=\"width:25%;padding:5px 20px;font-size:14px;background:#f8fafc\">Cantidad m\u00ednima de pedido:<\/td>\n<td style=\"width:25%;padding:5px 20px;font-size:14px\">PC 1<\/td>\n<td style=\"width:25%;padding:5px 20px;font-size:14px;background:#f8fafc\">Estilo:<\/td>\n<td style=\"width:25%;padding:5px 20px;font-size:14px\">Simple Modern Desgin<\/td>\n<\/tr>\n<tr>\n<td style=\"width:25%;padding:5px 20px;font-size:14px;background:#f8fafc\">OEM:<\/td>\n<td style=\"width:25%;padding:5px 20px;font-size:14px\">Accepteble<\/td>\n<td style=\"width:25%;padding:5px 20px;font-size:14px;background:#f8fafc\">Tipo:<\/td>\n<td style=\"width:25%;padding:5px 20px;font-size:14px\">Modern Ceramic Toilet,Eco-friendly<\/td>\n<\/tr>\n<tr>\n<td style=\"width:25%;padding:5px 20px;font-size:14px;background:#f8fafc\">Ventaja:<\/td>\n<td style=\"width:25%;padding:5px 20px;font-size:14px\">Non-slip<\/td>\n<td style=\"width:25%;padding:5px 20px;font-size:14px;background:#f8fafc\">Services:<\/td>\n<td style=\"width:25%;padding:5px 20px;font-size:14px\">Private Label<\/td>\n<\/tr>\n<\/tbody>\n<\/table>\n<\/div>\n<p><\/p>\n<div data-magic-global=\"%7B%22bizId%22%3A2211240675273%2C%22pageId%22%3A21026438783%2C%22siteId%22%3A10002499104%7D\" id=\"detail_decorate_root\">#detail_decorate_root .magic-0{ancho:750px}#detail_decorate_root .magic-1{overflow:hidden;width:750px;height:750px;margin-top:0;margin-bottom:0;margin-left:0;margin-right: 0}#detail_decorate_root .magic-2{margin-top:0;margin-left:0;width:750px;height:750px}#detail_decorate_root .magic-3{width:750px;border-collapse:collapse}#detail_decorate_root .magic-4{ altura m\u00ednima:28px;padding:5px 10px;ancho:135px;altura m\u00ednima:28px;box-sizing:content-box}#detail_decorate_root .magic-5{min-height:28px;padding:5px 10px;ancho:571px; min-height:28px;box-sizing:content-box}#detail_decorate_root .magic-6{margin-bottom:10px;line-height:0}#detail_decorate_root .magic-7{width:750px;height:669px;overflow:hidden; margin-bottom:0}#detail_decorate_root .magic-8{position:relative;left:0;top:0;width:750px;height:669px}#detail_decorate_root .magic-9{overflow:hidden;width:750px;height:422px; margin-top:0;margin-bottom:0;margin-left:0;margin-right:0}#detail_decorate_root .magic-10{margin-top:0;margin-left:0;width:750px;height:422px} #detail_decorate_root .magic-11{overflow:hidden;width:750px;height:954px;margin-top:0;margin-bottom:0;margin-left:0;margin-right:0}#detail_decorate_root .magic-12{margin- top:0;margin-left:0;width:750px;height:954px}#detail_decorate_root .magic-13{overflow:hidden;width:750px;height:473px;margin-top:0;margin-bottom:0;margin- left:0;margin-right:0}#detail_decorate_root .magic-14{margin-top:0;margin-left:0;width:750px;height:473px}#detail_decorate_root .magic-15{margin-bottom:10px;overflow: oculto}#detail_decorate_root .magic-16{overflow:hidden;width:750px;height:787px;margin-top:0;margin-bottom:0;margin-left:0;margin-right:0}#detail_decorate_root .magic-17{ margin-top:0;margin-left:0;width:750px;height:787px}#detail_decorate_root .magic-18{overflow:hidden;width:750px;height:469px;margin-top:0;margin-bottom:0; margin-left:0;margin-right:0}#detail_decorate_root .magic-19{margin-top:0;margin-left:0;width:750px;height:469px}<\/p>\n<div class=\"J_module\">\n<div class=\"icbu-pc-images magic-0\">\n<div>\n<div class=\"flex-layout-v\">\n<div class=\"flex-layout-h magic-0\">\n<div class=\"magic-1\"><img decoding=\"async\" data-src=\"https:\/\/imgbd.weyesimg.com\/prod\/moving\/img\/96aab06199335991f33366894aebf8dd\/410cc2ec7badca4d2dd4429f79f32d0c.jpg\" src=\"https:\/\/ghgalaxyhome.com\/wp-content\/uploads\/2024\/06\/192_quality80.webp\" class=\"magic-2 img-self show_imgss\"><\/div>\n<\/div>\n<\/div>\n<\/div>\n<\/div>\n<\/div>\n<div class=\"J_module\">\n<div class=\"ife-detail-decorate-table\">\n<table class=\"has-title all magic-3\">\n<tbody>\n<tr>\n<td colspan=\"1\" rowspan=\"1\">\n<div class=\"magic-4\"><b>Modelo<\/b><\/div>\n<\/td>\n<td colspan=\"1\" rowspan=\"1\">\n<div class=\"magic-5\">TTP021004B<\/div>\n<\/td>\n<\/tr>\n<tr>\n<td colspan=\"1\" rowspan=\"1\">\n<div class=\"magic-4\"><b>textura del material<\/b><\/div>\n<\/td>\n<td colspan=\"1\" rowspan=\"1\">\n<div class=\"magic-5\">cer\u00e1mica<\/div>\n<\/td>\n<\/tr>\n<tr>\n<td colspan=\"1\" rowspan=\"1\">\n<div class=\"magic-4\"><b>\u00bfTama\u00f1o del producto?<\/b><\/div>\n<\/td>\n<td colspan=\"1\" rowspan=\"1\">\n<div class=\"magic-5\">600*440*230<\/div>\n<\/td>\n<\/tr>\n<tr>\n<td colspan=\"1\" rowspan=\"1\">\n<div class=\"magic-4\"><b>Cantidad inicial<\/b><\/div>\n<\/td>\n<td colspan=\"1\" rowspan=\"1\">\n<div class=\"magic-5\">1<\/div>\n<\/td>\n<\/tr>\n<tr>\n<td colspan=\"1\" rowspan=\"1\">\n<div class=\"magic-4\"><b>Funci\u00f3n<\/b><\/div>\n<\/td>\n<td colspan=\"1\" rowspan=\"1\">\n<div class=\"magic-5\">With elbow, front blowdown<\/div>\n<\/td>\n<\/tr>\n<\/tbody>\n<\/table>\n<\/div>\n<\/div>\n<div class=\"J_module\">\n<div class=\"icbu-pc-detailManyImage magic-6\">\n<div class=\"magic-7\"><img decoding=\"async\" data-src=\"https:\/\/imgbd.weyesimg.com\/prod\/moving\/img\/96aab06199335991f33366894aebf8dd\/f1fdfc5cacfdfbd289e718ecd8efeaab.jpg\" src=\"https:\/\/ghgalaxyhome.com\/wp-content\/uploads\/2024\/06\/244_quality80.webp\" class=\"magic-8 img-self show_imgss\"><\/div>\n<\/div>\n<\/div>\n<div class=\"J_module\">\n<div class=\"icbu-pc-images magic-0\">\n<div>\n<div class=\"flex-layout-v\">\n<div class=\"flex-layout-h magic-0\">\n<div class=\"magic-9\"><img decoding=\"async\" data-src=\"https:\/\/imgbd.weyesimg.com\/prod\/moving\/img\/96aab06199335991f33366894aebf8dd\/0b3dc56514d69562c59b97a0e7f989ad.jpg\" src=\"https:\/\/ghgalaxyhome.com\/wp-content\/uploads\/2024\/06\/3_quality80.webp\" class=\"magic-10 img-self show_imgss\"><\/div>\n<\/div>\n<\/div>\n<\/div>\n<\/div>\n<\/div>\n<div class=\"J_module\">\n<div class=\"icbu-pc-images magic-0\">\n<div>\n<div class=\"flex-layout-v\">\n<div class=\"flex-layout-h magic-0\">\n<div class=\"magic-11\"><img decoding=\"async\" data-src=\"https:\/\/imgbd.weyesimg.com\/prod\/moving\/img\/96aab06199335991f33366894aebf8dd\/3587e0de42773ca3563c8472f26a0cdd.jpg\" src=\"https:\/\/ghgalaxyhome.com\/wp-content\/uploads\/2024\/06\/179_quality80.webp\" class=\"magic-12 img-self show_imgss\"><\/div>\n<\/div>\n<\/div>\n<\/div>\n<\/div>\n<\/div>\n<div class=\"J_module\">\n<div class=\"icbu-pc-images magic-0\">\n<div>\n<div class=\"flex-layout-v\">\n<div class=\"flex-layout-h magic-0\">\n<div class=\"magic-13\"><img decoding=\"async\" data-src=\"https:\/\/imgbd.weyesimg.com\/prod\/moving\/img\/96aab06199335991f33366894aebf8dd\/812643060191df6ea0c9f14f0ebcbe18.jpg\" src=\"https:\/\/ghgalaxyhome.com\/wp-content\/uploads\/2024\/06\/5_quality80.webp\" class=\"magic-14 img-self show_imgss\"><\/div>\n<\/div>\n<\/div>\n<\/div>\n<\/div>\n<\/div>\n<div class=\"J_module\">\n<div data-magic=\"{&quot;mds&quot;:{&quot;assetsVersion&quot;:&quot;0.0.14&quot;,&quot;assetsPackageName&quot;:&quot;icbumod&quot;,&quot;moduleNameAlias&quot;:&quot;icbu-pc-detailSellerRecommend&quot;,&quot;moduleData&quot;:{&quot;config&quot;:{&quot;columnCount&quot;:4,&quot;titleKey&quot;:6,&quot;products&quot;:[1600385790205,1600327898640,1600359084101,1600409069301,1600407686887,1600387232021,1600403285977,1600428598737,1600438648675,1600415507284,1600427647323,1600433699294]}}},&quot;version&quot;:1}\" class=\"icbu-pc-detailSellerRecommend magic-15\"><\/div>\n<\/div>\n<div class=\"J_module\">\n<div class=\"icbu-pc-images magic-0\">\n<div>\n<div class=\"flex-layout-v\">\n<div class=\"flex-layout-h magic-0\">\n<div class=\"magic-16\"><img decoding=\"async\" data-src=\"https:\/\/imgbd.weyesimg.com\/prod\/moving\/img\/96aab06199335991f33366894aebf8dd\/237afc98df82979a2961dd982b92c604.jpg\" src=\"https:\/\/ghgalaxyhome.com\/wp-content\/uploads\/2024\/06\/6_quality80.webp\" class=\"magic-17 img-self show_imgss\"><\/div>\n<\/div>\n<\/div>\n<\/div>\n<\/div>\n<\/div>\n<div class=\"J_module\">\n<div class=\"icbu-pc-images magic-0\">\n<div>\n<div class=\"flex-layout-v\">\n<div class=\"flex-layout-h magic-0\">\n<div class=\"magic-18\"><img decoding=\"async\" data-src=\"https:\/\/imgbd.weyesimg.com\/prod\/moving\/img\/96aab06199335991f33366894aebf8dd\/fca8d35615d463d4224e55c5c22fe092.jpg\" src=\"https:\/\/ghgalaxyhome.com\/wp-content\/uploads\/2024\/06\/7_quality80.webp\" class=\"magic-19 img-self show_imgss\"><\/div>\n<\/div>\n<\/div>\n<\/div>\n<\/div>\n<\/div><\/div>\n<\/p><\/div>","protected":false},"excerpt":{"rendered":"<p>La principal competitividad de un producto son sus caracter\u00edsticas. Nuestro producto est\u00e1 elaborado con materias primas que han pasado las estrictas pruebas realizadas por personal profesional. El producto est\u00e1 hecho para ofrecer otras ventajas superiores. Adem\u00e1s, se enfatiza mucho su dise\u00f1o de apariencia porque puede liderar la tendencia de la industria.<\/p>","protected":false},"featured_media":30369,"comment_status":"open","ping_status":"closed","template":"","meta":[],"product_brand":[],"product_cat":[81],"product_tag":[],"class_list":{"0":"post-30345","1":"product","2":"type-product","3":"status-publish","4":"has-post-thumbnail","6":"product_cat-products-40772","8":"first","9":"instock","10":"shipping-taxable","11":"product-type-simple"},"_links":{"self":[{"href":"https:\/\/ghgalaxyhome.com\/es\/wp-json\/wp\/v2\/product\/30345","targetHints":{"allow":["GET"]}}],"collection":[{"href":"https:\/\/ghgalaxyhome.com\/es\/wp-json\/wp\/v2\/product"}],"about":[{"href":"https:\/\/ghgalaxyhome.com\/es\/wp-json\/wp\/v2\/types\/product"}],"replies":[{"embeddable":true,"href":"https:\/\/ghgalaxyhome.com\/es\/wp-json\/wp\/v2\/comments?post=30345"}],"version-history":[{"count":2,"href":"https:\/\/ghgalaxyhome.com\/es\/wp-json\/wp\/v2\/product\/30345\/revisions"}],"predecessor-version":[{"id":30393,"href":"https:\/\/ghgalaxyhome.com\/es\/wp-json\/wp\/v2\/product\/30345\/revisions\/30393"}],"wp:featuredmedia":[{"embeddable":true,"href":"https:\/\/ghgalaxyhome.com\/es\/wp-json\/wp\/v2\/media\/30369"}],"wp:attachment":[{"href":"https:\/\/ghgalaxyhome.com\/es\/wp-json\/wp\/v2\/media?parent=30345"}],"wp:term":[{"taxonomy":"product_brand","embeddable":true,"href":"https:\/\/ghgalaxyhome.com\/es\/wp-json\/wp\/v2\/product_brand?post=30345"},{"taxonomy":"product_cat","embeddable":true,"href":"https:\/\/ghgalaxyhome.com\/es\/wp-json\/wp\/v2\/product_cat?post=30345"},{"taxonomy":"product_tag","embeddable":true,"href":"https:\/\/ghgalaxyhome.com\/es\/wp-json\/wp\/v2\/product_tag?post=30345"}],"curies":[{"name":"wp","href":"https:\/\/api.w.org\/{rel}","templated":true}]}}