{"id":30312,"date":"2024-06-09T13:53:34","date_gmt":"2024-06-09T13:53:34","guid":{"rendered":"https:\/\/ghgalaxyhome.com\/?post_type=product&#038;p=30312"},"modified":"2024-06-09T13:54:24","modified_gmt":"2024-06-09T13:54:24","slug":"products-detail-581639","status":"publish","type":"product","link":"https:\/\/ghgalaxyhome.com\/es\/video\/products-detail-581639","title":{"rendered":"Galaxy Home &#8211; Model TTF021005 Foshan Dual-Flush S-trap Toilets Ceramic White Modern Bathroom Toilet Toilets"},"content":{"rendered":"<div class=\"cons_box ls-product\">\n<p>Applying the technology to the manufacturing process of the product turns out to be highly helpful. Featuring stability and durability, the product is suitable for the field(s) of Toilets. The accumulated rich experience and strong technological innovation capabilities have kept Foshan Baihuo Home Technology Co., Ltd. at the forefront of the market, and Model TTF021005 Foshan Dual-Flush S-trap Toilets Ceramic White Modern Bathroom Toilet developed have perfectly solved the pain points of the industry and the market. In the future, Foshan Baihuo Home Technology Co., Ltd. will continue to provide customers with better service, and continue to focus on technological innovation, is committed to building a complete product system, to provide customers with more diversified products.<\/p>\n<div class=\"rich-text-table\">\n<table>\n<tbody>\n<tr>\n<td style=\"width:25%;padding:5px 20px;font-size:14px;background:#f8fafc\">Garant\u00eda:<\/td>\n<td style=\"width:25%;padding:5px 20px;font-size:14px\">3 a\u00f1os<\/td>\n<td style=\"width:25%;padding:5px 20px;font-size:14px;background:#f8fafc\">Placa de cubierta del amortiguador:<\/td>\n<td style=\"width:25%;padding:5px 20px;font-size:14px\">S\u00ed<\/td>\n<\/tr>\n<tr>\n<td style=\"width:25%;padding:5px 20px;font-size:14px;background:#f8fafc\">Funci\u00f3n avanzada:<\/td>\n<td style=\"width:25%;padding:5px 20px;font-size:14px\">Water Pressure Adjustment<\/td>\n<td style=\"width:25%;padding:5px 20px;font-size:14px;background:#f8fafc\">Mezcla. Espaciado de fosos:<\/td>\n<td style=\"width:25%;padding:5px 20px;font-size:14px\">300 mm, 400 mm<\/td>\n<\/tr>\n<tr>\n<td style=\"width:25%;padding:5px 20px;font-size:14px;background:#f8fafc\">Caudal de lavado:<\/td>\n<td style=\"width:25%;padding:5px 20px;font-size:14px\">3.0-6.0L<\/td>\n<td style=\"width:25%;padding:5px 20px;font-size:14px;background:#f8fafc\">Tipo de bot\u00f3n de lavado:<\/td>\n<td style=\"width:25%;padding:5px 20px;font-size:14px\">Tipo de dos extremos de presi\u00f3n superior<\/td>\n<\/tr>\n<tr>\n<td style=\"width:25%;padding:5px 20px;font-size:14px;background:#f8fafc\">Servicio postventa:<\/td>\n<td style=\"width:25%;padding:5px 20px;font-size:14px\">Soporte t\u00e9cnico en l\u00ednea<\/td>\n<td style=\"width:25%;padding:5px 20px;font-size:14px;background:#f8fafc\">Accesorios:<\/td>\n<td style=\"width:25%;padding:5px 20px;font-size:14px\">Componente de tuber\u00eda de descarga<\/td>\n<\/tr>\n<tr>\n<td style=\"width:25%;padding:5px 20px;font-size:14px;background:#f8fafc\">Control remoto:<\/td>\n<td style=\"width:25%;padding:5px 20px;font-size:14px\">No incluido<\/td>\n<td style=\"width:25%;padding:5px 20px;font-size:14px;background:#f8fafc\">Capacidad de soluci\u00f3n del proyecto:<\/td>\n<td style=\"width:25%;padding:5px 20px;font-size:14px\">dise\u00f1o gr\u00e1fico, dise\u00f1o de modelos 3D, soluci\u00f3n total para proyectos, consolidaci\u00f3n de categor\u00edas cruzadas<\/td>\n<\/tr>\n<tr>\n<td style=\"width:25%;padding:5px 20px;font-size:14px;background:#f8fafc\">Solicitud:<\/td>\n<td style=\"width:25%;padding:5px 20px;font-size:14px\">Ba\u00f1o<\/td>\n<td style=\"width:25%;padding:5px 20px;font-size:14px;background:#f8fafc\">Estilo de dise\u00f1o:<\/td>\n<td style=\"width:25%;padding:5px 20px;font-size:14px\">Moderno<\/td>\n<\/tr>\n<tr>\n<td style=\"width:25%;padding:5px 20px;font-size:14px;background:#f8fafc\">Lugar de origen:<\/td>\n<td style=\"width:25%;padding:5px 20px;font-size:14px\">Guangdong, China<\/td>\n<td style=\"width:25%;padding:5px 20px;font-size:14px;background:#f8fafc\">Nombre de la marca:<\/td>\n<td style=\"width:25%;padding:5px 20px;font-size:14px\">Inicio Galaxy<\/td>\n<\/tr>\n<tr>\n<td style=\"width:25%;padding:5px 20px;font-size:14px;background:#f8fafc\">N\u00famero de modelo:<\/td>\n<td style=\"width:25%;padding:5px 20px;font-size:14px\">TTF021005<\/td>\n<td style=\"width:25%;padding:5px 20px;font-size:14px;background:#f8fafc\">Material:<\/td>\n<td style=\"width:25%;padding:5px 20px;font-size:14px\">Cer\u00e1mico<\/td>\n<\/tr>\n<tr>\n<td style=\"width:25%;padding:5px 20px;font-size:14px;background:#f8fafc\">Estructura:<\/td>\n<td style=\"width:25%;padding:5px 20px;font-size:14px\">Una pieza<\/td>\n<td style=\"width:25%;padding:5px 20px;font-size:14px;background:#f8fafc\">Tipo de instalaci\u00f3n:<\/td>\n<td style=\"width:25%;padding:5px 20px;font-size:14px\">Montado en el piso<\/td>\n<\/tr>\n<tr>\n<td style=\"width:25%;padding:5px 20px;font-size:14px;background:#f8fafc\">Caracter\u00edstica:<\/td>\n<td style=\"width:25%;padding:5px 20px;font-size:14px\">Descarga doble<\/td>\n<td style=\"width:25%;padding:5px 20px;font-size:14px;background:#f8fafc\">Patr\u00f3n de drenaje:<\/td>\n<td style=\"width:25%;padding:5px 20px;font-size:14px\">Correa<\/td>\n<\/tr>\n<tr>\n<td style=\"width:25%;padding:5px 20px;font-size:14px;background:#f8fafc\">M\u00e9todo de lavado:<\/td>\n<td style=\"width:25%;padding:5px 20px;font-size:14px\">Lavado con sif\u00f3n<\/td>\n<td style=\"width:25%;padding:5px 20px;font-size:14px;background:#f8fafc\">Color:<\/td>\n<td style=\"width:25%;padding:5px 20px;font-size:14px\">Blanco<\/td>\n<\/tr>\n<tr>\n<td style=\"width:25%;padding:5px 20px;font-size:14px;background:#f8fafc\">Tama\u00f1o:<\/td>\n<td style=\"width:25%;padding:5px 20px;font-size:14px\">780*360*660mm<\/td>\n<td style=\"width:25%;padding:5px 20px;font-size:14px;background:#f8fafc\">Cantidad m\u00ednima de pedido:<\/td>\n<td style=\"width:25%;padding:5px 20px;font-size:14px\">1 juego<\/td>\n<\/tr>\n<tr>\n<td style=\"width:25%;padding:5px 20px;font-size:14px;background:#f8fafc\">Embalaje:<\/td>\n<td style=\"width:25%;padding:5px 20px;font-size:14px\">Cart\u00f3n, negociaci\u00f3n<\/td>\n<td style=\"width:25%;padding:5px 20px;font-size:14px;background:#f8fafc\">Estilo:<\/td>\n<td style=\"width:25%;padding:5px 20px;font-size:14px\">Moderno<\/td>\n<\/tr>\n<\/tbody>\n<\/table>\n<\/div>\n<p><\/p>\n<div data-magic-global=\"%7B%22bizId%22%3A2211240675273%2C%22pageId%22%3A21012210249%2C%22siteId%22%3A10002499104%7D\" id=\"detail_decorate_root\">#detail_decorate_root .magic-0{position:relative}#detail_decorate_root .magic-1{position:absolute;left:12px;top:12px;height:24px;z-index:3;overflow:hidden;background-color:#3a3531;display:flex;align-items:center;border-radius:12px;font-size:12px;color:white;padding:2px 6px}#detail_decorate_root .magic-2{height:24px;width:24px;background-image:url(&#8220;https:\/\/img.alicdn.com\/tfs\/TB1fYbeJ4z1gK0jSZSgXXavwpXa-144-144.gif&#8221;);background-repeat:no-repeat;background-size:cover}#detail_decorate_root .magic-3{margin-left:4px}#detail_decorate_root .magic-4{width:750px}#detail_decorate_root .magic-5{overflow:hidden;width:750px;height:421.7957389245857px;margin-top:0;margin-bottom:0;margin-left:0;margin-right:0}#detail_decorate_root .magic-6{margin-top:0;margin-left:0;width:750px;height:421.7957389245857px}#detail_decorate_root .magic-7{border-bottom-style:solid;border-bottom-color:#53647a;font-family:Roboto;font-size:24px;color:#53647a;font-style:normal;border-bottom-width:2px;padding-top:8px;padding-bottom:4px}#detail_decorate_root .magic-8{margin-bottom:10px;line-height:0}#detail_decorate_root .magic-9{margin-bottom:0}#detail_decorate_root .magic-10{position:relative;width:100%}#detail_decorate_root .magic-11{width:750px;border-collapse:collapse}#detail_decorate_root .magic-12{min-height:28px;padding:5px 10px;width:241px;min-height:28px;box-sizing:content-box}#detail_decorate_root .magic-13{min-height:28px;padding:5px 10px;width:460px;min-height:28px;box-sizing:content-box}#detail_decorate_root .magic-14{margin-bottom:10px;overflow:hidden}#detail_decorate_root .magic-15{overflow:hidden;width:750px;height:422px;margin-top:0;margin-bottom:0;margin-left:0;margin-right:0}#detail_decorate_root .magic-16{margin-top:0;margin-left:0;width:750px;height:422px}#detail_decorate_root .magic-17{overflow:hidden;width:750px;height:1132px;margin-top:0;margin-bottom:0;margin-left:0;margin-right:0}#detail_decorate_root .magic-18{margin-top:0;margin-left:0;width:750px;height:1132px}#detail_decorate_root .magic-19{overflow:hidden;width:750px;height:2461px;margin-top:0;margin-bottom:0;margin-left:0;margin-right:0}#detail_decorate_root .magic-20{margin-top:0;margin-left:0;width:750px;height:2461px}#detail_decorate_root .magic-21{overflow:hidden;width:750px;height:473px;margin-top:0;margin-bottom:0;margin-left:0;margin-right:0}#detail_decorate_root .magic-22{margin-top:0;margin-left:0;width:750px;height:473px}#detail_decorate_root .magic-23{overflow:hidden;width:750px;height:107px;margin-top:0;margin-bottom:0;margin-left:0;margin-right:0}#detail_decorate_root .magic-24{margin-top:0;margin-left:0;width:750px;height:787px}#detail_decorate_root .magic-25{vertical-align:top}#detail_decorate_root .magic-26{vertical-align:top;display:block;padding-right:4px;box-sizing:border-box;padding-left:4px}#detail_decorate_root .magic-27{vertical-align:top;padding-bottom:4px;box-sizing:border-box;padding-top:4px}#detail_decorate_root .magic-28{padding:0;margin:0;white-space:pre-wrap;font-size:14px}#detail_decorate_root .magic-30{color:#a0b0d0}#detail_decorate_root .magic-31{overflow:hidden;width:750px;height:453px;margin-top:0;margin-bottom:0;margin-left:0;margin-right:0}#detail_decorate_root .magic-32{margin-top:0;margin-left:0;width:750px;height:453px}<\/p>\n<div class=\"J_module\">\n<div class=\"icbu-detail-showroom magic-0\">\n<div class=\"svg-wrapper magic-1\">\n<div class=\"magic-2\"><\/div>\n<p><span class=\"magic-3\">realidad virtual<\/span><\/div>\n<div class=\"icbu-pc-images magic-4\">\n<div>\n<div class=\"flex-layout-v\">\n<div class=\"flex-layout-h magic-4\">\n<div class=\"magic-5\"><img decoding=\"async\" data-src=\"https:\/\/imgbd.weyesimg.com\/prod\/moving\/img\/96aab06199335991f33366894aebf8dd\/3b6b18a8a8fc220ca38ba96688d31d26.jpg\" src=\"https:\/\/ghgalaxyhome.com\/wp-content\/uploads\/2024\/06\/34_quality80.webp\" class=\"magic-6 img-self show_imgss\"><\/div>\n<\/div>\n<\/div>\n<\/div>\n<\/div>\n<\/div>\n<\/div>\n<div class=\"J_module\">\n<div id=\"ali-anchor-AliMagic-jsk0zk\" data-section=\"AliMagic-jsk0zk\" data-section-title=\"Details Images\" class=\"magic-7\">Detalles Im\u00e1genes<\/div>\n<\/div>\n<div class=\"J_module\">\n<div class=\"icbu-pc-detailManyImage magic-8\">\n<div class=\"magic-9\"><img decoding=\"async\" data-src=\"https:\/\/imgbd.weyesimg.com\/prod\/moving\/img\/96aab06199335991f33366894aebf8dd\/73a05ab06c1f1318a4932e75d67664ff.jpg\" src=\"https:\/\/ghgalaxyhome.com\/wp-content\/uploads\/2024\/06\/254_quality80.webp\" class=\"magic-10 img-self show_imgss\"><\/div>\n<div class=\"magic-9\"><img decoding=\"async\" data-src=\"https:\/\/imgbd.weyesimg.com\/prod\/moving\/img\/96aab06199335991f33366894aebf8dd\/38311c885711adb9bf0f8c3560082071.jpg\" src=\"https:\/\/ghgalaxyhome.com\/wp-content\/uploads\/2024\/06\/255_quality80.webp\" class=\"magic-10 img-self show_imgss\"><\/div>\n<div class=\"magic-9\"><img decoding=\"async\" data-src=\"https:\/\/imgbd.weyesimg.com\/prod\/moving\/img\/96aab06199335991f33366894aebf8dd\/3ad64d30e640372c8496331cfc0d3bc6.jpg\" src=\"https:\/\/ghgalaxyhome.com\/wp-content\/uploads\/2024\/06\/256_quality80.webp\" class=\"magic-10 img-self show_imgss\"><\/div>\n<div class=\"magic-9\"><img decoding=\"async\" data-src=\"https:\/\/imgbd.weyesimg.com\/prod\/moving\/img\/96aab06199335991f33366894aebf8dd\/526f1eb899c402326d95a530ea88f584.jpg\" src=\"https:\/\/ghgalaxyhome.com\/wp-content\/uploads\/2024\/06\/257_quality80.webp\" class=\"magic-10 img-self show_imgss\"><\/div>\n<\/div>\n<\/div>\n<div class=\"J_module\">\n<div id=\"ali-anchor-AliMagic-2f5v4j\" data-section=\"AliMagic-2f5v4j\" data-section-title=\"Specification\" class=\"magic-7\">Especificaci\u00f3n<\/div>\n<\/div>\n<div class=\"J_module\">\n<div class=\"ife-detail-decorate-table\">\n<table class=\"has-title all magic-11\">\n<tbody>\n<tr>\n<td colspan=\"1\" rowspan=\"1\">\n<div class=\"magic-12\">nombre del producto<\/div>\n<\/td>\n<td colspan=\"1\" rowspan=\"1\">\n<div class=\"magic-13\">Model TTF021005 Foshan Dual-Flush S-trap Toilets Ceramic White Modern Bathroom Toilet<\/div>\n<\/td>\n<\/tr>\n<tr>\n<td colspan=\"1\" rowspan=\"1\">\n<div class=\"magic-12\">Nombre de la marca<\/div>\n<\/td>\n<td colspan=\"1\" rowspan=\"1\">\n<div class=\"magic-13\">Inicio Galaxy<\/div>\n<\/td>\n<\/tr>\n<tr>\n<td colspan=\"1\" rowspan=\"1\">\n<div class=\"magic-12\">N\u00famero de modelo<\/div>\n<\/td>\n<td colspan=\"1\" rowspan=\"1\">\n<div class=\"magic-13\">TTF021005<\/div>\n<\/td>\n<\/tr>\n<tr>\n<td colspan=\"1\" rowspan=\"1\">\n<div class=\"magic-12\">Material<\/div>\n<\/td>\n<td colspan=\"1\" rowspan=\"1\">\n<div class=\"magic-13\">Cer\u00e1mico<\/div>\n<\/td>\n<\/tr>\n<tr>\n<td colspan=\"1\" rowspan=\"1\">\n<div class=\"magic-12\">Tama\u00f1o<\/div>\n<\/td>\n<td colspan=\"1\" rowspan=\"1\">\n<div class=\"magic-13\">780*360*660mm<\/div>\n<\/td>\n<\/tr>\n<tr>\n<td colspan=\"1\" rowspan=\"1\">\n<div class=\"magic-12\">Pit Spacing<\/div>\n<\/td>\n<td colspan=\"1\" rowspan=\"1\">\n<div class=\"magic-13\">\n<div data-spm-anchor-id=\"a2700.pc-decorate.0.i12.49853333Z4UB4n\">300\/400 mm<\/div>\n<\/div>\n<\/td>\n<\/tr>\n<tr>\n<td colspan=\"1\" rowspan=\"1\">\n<div class=\"magic-12\">Funci\u00f3n<\/div>\n<\/td>\n<td colspan=\"1\" rowspan=\"1\">\n<div class=\"magic-13\">\n<div data-spm-anchor-id=\"a2700.pc-decorate.0.i4.3b643333q3jl2i\">1.Doble descarga&nbsp;<\/div>\n<div data-spm-anchor-id=\"a2700.pc-decorate.0.i4.3b643333q3jl2i\">2.Lavado con sif\u00f3n&nbsp;<\/div>\n<div data-spm-anchor-id=\"a2700.pc-decorate.0.i4.3b643333q3jl2i\">3. Funda de asiento UF de cierre suave&nbsp;<\/div>\n<div data-spm-anchor-id=\"a2700.pc-decorate.0.i4.3b643333q3jl2i\">4.trampa S<\/div>\n<\/div>\n<\/td>\n<\/tr>\n<tr>\n<td colspan=\"1\" rowspan=\"1\">\n<div class=\"magic-12\">Color<\/div>\n<\/td>\n<td colspan=\"1\" rowspan=\"1\">\n<div class=\"magic-13\">Blanco<\/div>\n<\/td>\n<\/tr>\n<tr>\n<td colspan=\"1\" rowspan=\"1\">\n<div class=\"magic-12\">detalles del empaque<\/div>\n<\/td>\n<td colspan=\"1\" rowspan=\"1\">\n<div class=\"magic-13\">Cart\u00f3n, negociable<\/div>\n<\/td>\n<\/tr>\n<\/tbody>\n<\/table>\n<\/div>\n<\/div>\n<div class=\"J_module\">\n<div data-magic=\"{&quot;mds&quot;:{&quot;assetsVersion&quot;:&quot;0.0.14&quot;,&quot;assetsPackageName&quot;:&quot;icbumod&quot;,&quot;moduleNameAlias&quot;:&quot;icbu-pc-detailSellerRecommend&quot;,&quot;moduleData&quot;:{&quot;config&quot;:{&quot;columnCount&quot;:4,&quot;titleKey&quot;:6,&quot;products&quot;:[1600382601372,1600381624541,1600368925822,1600389329210,1600387357607,1600371697209,1600365303645,1600432584137,1600438353772,1600397242053,1600428119615,1600433747353]}}},&quot;version&quot;:1}\" class=\"icbu-pc-detailSellerRecommend magic-14\"><\/div>\n<\/div>\n<div class=\"J_module\">\n<div class=\"icbu-pc-images magic-4\">\n<div>\n<div class=\"flex-layout-v\">\n<div class=\"flex-layout-h magic-4\">\n<div class=\"magic-15\"><img decoding=\"async\" data-src=\"https:\/\/imgbd.weyesimg.com\/prod\/moving\/img\/96aab06199335991f33366894aebf8dd\/0b3dc56514d69562c59b97a0e7f989ad.jpg\" src=\"https:\/\/ghgalaxyhome.com\/wp-content\/uploads\/2024\/06\/3_quality80.webp\" class=\"magic-16 img-self show_imgss\"><\/div>\n<\/div>\n<\/div>\n<\/div>\n<\/div>\n<\/div>\n<div class=\"J_module\">\n<div class=\"icbu-pc-images magic-4\">\n<div>\n<div class=\"flex-layout-v\">\n<div class=\"flex-layout-h magic-4\">\n<div class=\"magic-17\"><img decoding=\"async\" data-src=\"https:\/\/imgbd.weyesimg.com\/prod\/moving\/img\/96aab06199335991f33366894aebf8dd\/ec40411d54fc31c4dbe2e02891a03f4f.jpg\" src=\"https:\/\/ghgalaxyhome.com\/wp-content\/uploads\/2024\/06\/42_quality80.webp\" class=\"magic-18 img-self show_imgss\"><\/div>\n<\/div>\n<\/div>\n<\/div>\n<\/div>\n<\/div>\n<div class=\"J_module\">\n<div class=\"icbu-pc-images magic-4\">\n<div>\n<div class=\"flex-layout-v\">\n<div class=\"flex-layout-h magic-4\">\n<div class=\"magic-19\"><img decoding=\"async\" data-src=\"https:\/\/imgbd.weyesimg.com\/prod\/moving\/img\/96aab06199335991f33366894aebf8dd\/6c7f50c25a52eda82c335f03b6db3227.jpg\" src=\"https:\/\/ghgalaxyhome.com\/wp-content\/uploads\/2024\/06\/43_quality80.webp\" class=\"magic-20 img-self show_imgss\"><\/div>\n<\/div>\n<\/div>\n<\/div>\n<\/div>\n<\/div>\n<div class=\"J_module\">\n<div class=\"icbu-pc-images magic-4\">\n<div>\n<div class=\"flex-layout-v\">\n<div class=\"flex-layout-h magic-4\">\n<div class=\"magic-21\"><img decoding=\"async\" data-src=\"https:\/\/imgbd.weyesimg.com\/prod\/moving\/img\/96aab06199335991f33366894aebf8dd\/812643060191df6ea0c9f14f0ebcbe18.jpg\" src=\"https:\/\/ghgalaxyhome.com\/wp-content\/uploads\/2024\/06\/5_quality80.webp\" class=\"magic-22 img-self show_imgss\"><\/div>\n<\/div>\n<\/div>\n<\/div>\n<\/div>\n<\/div>\n<div class=\"J_module\">\n<div class=\"icbu-pc-images magic-4\">\n<div>\n<div class=\"flex-layout-v\">\n<div class=\"flex-layout-h magic-4\">\n<div class=\"magic-23\"><img decoding=\"async\" data-src=\"https:\/\/imgbd.weyesimg.com\/prod\/moving\/img\/96aab06199335991f33366894aebf8dd\/e48d2dd6f83d26f84c395a9228c855e6.jpg\" src=\"https:\/\/ghgalaxyhome.com\/wp-content\/uploads\/2024\/06\/44_quality80.webp\" class=\"magic-24 img-self show_imgss\"><\/div>\n<\/div>\n<\/div>\n<\/div>\n<\/div>\n<\/div>\n<div class=\"J_module\">\n<div class=\"detail-decorate-json-renderer-container\">\n<div class=\"magic-25\">\n<div class=\"magic-26\">\n<div class=\"magic-27\">\n<div class=\"magic-28\"><b><font color=\"#000000\">P: \u00bfC\u00f3mo puedo obtener el precio?<\/font><\/b><\/p>\n<div><font color=\"#7a90b2\"><b class=\"magic-29\">A:<\/b> Generalmente cotizamos dentro de las 24 horas posteriores a la recepci\u00f3n de su consulta (excepto fines de semana y feriados). Si urge obtener el precio, por favor env\u00edenos un correo electr\u00f3nico o cont\u00e1ctenos de otras formas para que podamos ofrecerle un presupuesto.<\/font><\/div>\n<div><font class=\"magic-29\"><font color=\"#7a90b2\">&#8212;&#8212;&#8212;&#8212;&#8212;&#8212;&#8212;&#8212;&#8212;&#8212;&#8212;&#8212;&#8212;&#8212;&#8212;&#8212;&#8212;&#8212;&#8212;&#8212;&#8212;&#8212;&#8212;&#8212;&#8212;&#8212;&#8212;&#8212;&#8212;&#8212;&#8212;&#8212;&#8212;&#8212;&#8212;&#8212;&#8212;&#8212;&#8212;&#8212;&#8212;&#8212;&#8212;&#8212;&#8212;&#8212;&#8212;&#8212;&#8212;&#8212;&#8212;&#8212;&#8212;&#8212;&#8212;&#8212;&#8212;&#8212;&#8212;&#8212;&#8212;&#8212;&#8212;&#8212;&#8212;-<\/font><font color=\"#a0b0d0\"><br \/>\n<\/font><\/font><span><b>P: <span class=\"magic-29\">\u00bfPuedo comprar muestras?<br \/>\n<\/span><\/b><\/span><font color=\"#7a90b2\"><b class=\"magic-29\">A: <\/b>S\u00ed. Si\u00e9ntete libre de contactarnos.<br \/>\n&#8212;&#8212;&#8212;&#8212;&#8212;&#8212;&#8212;&#8212;&#8212;&#8212;&#8212;&#8212;&#8212;&#8212;&#8212;&#8212;&#8212;&#8212;&#8212;&#8212;&#8212;&#8212;&#8212;&#8212;&#8212;&#8212;&#8212;&#8212;&#8212;&#8212;&#8212;&#8212;&#8212;&#8212;&#8212;&#8212;&#8212;&#8212;&#8212;&#8212;&#8212;&#8212;&#8212;&#8212;&#8212;&#8212;&#8212;&#8212;&#8212;&#8212;&#8212;&#8212;&#8212;&#8212;&#8212;&#8212;&#8212;&#8212;&#8212;&#8212;&#8212;&#8212;&#8212;&#8212;&#8212;-<\/font><\/div>\n<div><b class=\"magic-29\"><font color=\"#000000\">P: \u00bfCu\u00e1l es su plazo de entrega?<\/font><\/b><font color=\"#a0b0d0\"><br \/>\n<\/font><font color=\"#7a90b2\"><span class=\"magic-29\"><b class=\"magic-29\">A:<\/b> Depende de la cantidad del pedido y de la temporada en la que realiza el pedido. Por lo general, podemos realizar env\u00edos en un plazo de 7 a 15 d\u00edas para cantidades peque\u00f1as y aproximadamente 30 d\u00edas para cantidades grandes.<br \/>\n<\/span>&#8212;&#8212;&#8212;&#8212;&#8212;&#8212;&#8212;&#8212;&#8212;&#8212;&#8212;&#8212;&#8212;&#8212;&#8212;&#8212;&#8212;&#8212;&#8212;&#8212;&#8212;&#8212;&#8212;&#8212;&#8212;&#8212;&#8212;&#8212;&#8212;&#8212;&#8212;&#8212;&#8212;&#8212;&#8212;&#8212;&#8212;&#8212;&#8212;&#8212;&#8212;&#8212;&#8212;&#8212;&#8212;&#8212;&#8212;&#8212;&#8212;&#8212;&#8212;&#8212;&#8212;&#8212;&#8212;&#8212;&#8212;&#8212;&#8212;&#8212;&#8212;&#8212;&#8212;&#8212;&#8212;-<\/font><\/div>\n<div><b class=\"magic-29\"><font color=\"#000000\">P: \u00bfCu\u00e1l es su plazo de pago?<br \/>\n<\/font><\/b><font color=\"#7a90b2\"><b class=\"magic-29\">A:<\/b> T\/T, Western Union, MoneyGram y Paypal. Esto es negociable.<br \/>\n<font>&#8212;&#8212;&#8212;&#8212;&#8212;&#8212;&#8212;&#8212;&#8212;&#8212;&#8212;&#8212;&#8212;&#8212;&#8212;&#8212;&#8212;&#8212;&#8212;&#8212;&#8212;&#8212;&#8212;&#8212;&#8212;&#8212;&#8212;&#8212;&#8212;&#8212;&#8212;&#8212;&#8212;&#8212;&#8212;&#8212;&#8212;&#8212;&#8212;&#8212;&#8212;&#8212;&#8212;&#8212;&#8212;&#8212;&#8212;&#8212;&#8212;&#8212;&#8212;&#8212;&#8212;&#8212;&#8212;&#8212;&#8212;&#8212;&#8212;&#8212;&#8212;&#8212;&#8212;&#8212;&#8212;-<\/font><\/font><\/div>\n<div><b class=\"magic-29\"><font color=\"#000000\">P: \u00bfCu\u00e1l es el m\u00e9todo de env\u00edo?<\/font><\/b><\/div>\n<div><font color=\"#7a90b2\"><b class=\"magic-29\">A:<\/b>Puede enviarse por mar, aire o expreso (EMS, UPS, DHL, TNT, FEDEX, etc.). Por favor confirme con nosotros antes de realizar pedidos.<\/font><\/div>\n<div><span class=\"magic-29\"><font color=\"#7a90b2\">&#8212;&#8212;&#8212;&#8212;&#8212;&#8212;&#8212;&#8212;&#8212;&#8212;&#8212;&#8212;&#8212;&#8212;&#8212;&#8212;&#8212;&#8212;&#8212;&#8212;&#8212;&#8212;&#8212;&#8212;&#8212;&#8212;&#8212;&#8212;&#8212;&#8212;&#8212;&#8212;&#8212;&#8212;&#8212;&#8212;&#8212;&#8212;&#8212;&#8212;&#8212;&#8212;&#8212;&#8212;&#8212;&#8212;&#8212;&#8212;&#8212;&#8212;&#8212;&#8212;&#8212;&#8212;&#8212;&#8212;&#8212;&#8212;&#8212;&#8212;&#8212;&#8212;&#8212;&#8212;&#8212;-<\/font><\/span><span class=\"magic-30\"><br \/>\n<\/span><b class=\"magic-29\"><font color=\"#000000\">P: \u00bfC\u00f3mo se logra que nuestra relaci\u00f3n comercial sea duradera y buena?<\/font><\/b><\/div>\n<div><font color=\"#7a90b2\"><b class=\"magic-29\">A:<\/b> Mantenemos buena calidad y precios competitivos para garantizar que nuestros clientes se beneficien. Adem\u00e1s, respetamos a cada cliente como nuestro amigo y sinceramente hacemos negocios y nos hacemos amigos de ellos, sin importar de d\u00f3nde vengan.<b class=\"magic-29\"><br \/>\n<\/b>&#8212;&#8212;&#8212;&#8212;&#8212;&#8212;&#8212;&#8212;&#8212;&#8212;&#8212;&#8212;&#8212;&#8212;&#8212;&#8212;&#8212;&#8212;&#8212;&#8212;&#8212;&#8212;&#8212;&#8212;&#8212;&#8212;&#8212;&#8212;&#8212;&#8212;&#8212;&#8212;&#8212;&#8212;&#8212;&#8212;&#8212;&#8212;&#8212;&#8212;&#8212;&#8212;&#8212;&#8212;&#8212;&#8212;&#8212;&#8212;&#8212;&#8212;&#8212;&#8212;&#8212;&#8212;&#8212;&#8212;&#8212;&#8212;&#8212;&#8212;&#8212;&#8212;&#8212;&#8212;&#8212;-<\/font><\/div>\n<\/div>\n<\/div>\n<\/div>\n<\/div>\n<\/div>\n<\/div>\n<div class=\"J_module\">\n<div class=\"icbu-pc-images magic-4\">\n<div>\n<div class=\"flex-layout-v\">\n<div class=\"flex-layout-h magic-4\">\n<div class=\"magic-31\"><img decoding=\"async\" data-src=\"https:\/\/imgbd.weyesimg.com\/prod\/moving\/img\/96aab06199335991f33366894aebf8dd\/f720390c06422a9260318d0aa9e95dec.jpg\" src=\"https:\/\/ghgalaxyhome.com\/wp-content\/uploads\/2024\/06\/45_quality80.webp\" class=\"magic-32 img-self show_imgss\"><\/div>\n<\/div>\n<\/div>\n<\/div>\n<\/div>\n<\/div><\/div>\n<\/p><\/div>","protected":false},"excerpt":{"rendered":"<p>Model TTF021005 Foshan Dual-Flush S-trap Toilets Ceramic White Modern Bathroom Toilet is perfected by the adoption of high-end technology.The design of it caters to varied needs of customers at home and abroad.And the product have received the qualification.So the users can apply it into a wider range.Our products also can be customized to satisfy customers&#8217; exact requirements.<\/p>","protected":false},"featured_media":30325,"comment_status":"open","ping_status":"closed","template":"","meta":[],"product_brand":[],"product_cat":[81],"product_tag":[],"class_list":{"0":"post-30312","1":"product","2":"type-product","3":"status-publish","4":"has-post-thumbnail","6":"product_cat-products-40772","8":"first","9":"instock","10":"shipping-taxable","11":"product-type-simple"},"_links":{"self":[{"href":"https:\/\/ghgalaxyhome.com\/es\/wp-json\/wp\/v2\/product\/30312","targetHints":{"allow":["GET"]}}],"collection":[{"href":"https:\/\/ghgalaxyhome.com\/es\/wp-json\/wp\/v2\/product"}],"about":[{"href":"https:\/\/ghgalaxyhome.com\/es\/wp-json\/wp\/v2\/types\/product"}],"replies":[{"embeddable":true,"href":"https:\/\/ghgalaxyhome.com\/es\/wp-json\/wp\/v2\/comments?post=30312"}],"version-history":[{"count":2,"href":"https:\/\/ghgalaxyhome.com\/es\/wp-json\/wp\/v2\/product\/30312\/revisions"}],"predecessor-version":[{"id":30402,"href":"https:\/\/ghgalaxyhome.com\/es\/wp-json\/wp\/v2\/product\/30312\/revisions\/30402"}],"wp:featuredmedia":[{"embeddable":true,"href":"https:\/\/ghgalaxyhome.com\/es\/wp-json\/wp\/v2\/media\/30325"}],"wp:attachment":[{"href":"https:\/\/ghgalaxyhome.com\/es\/wp-json\/wp\/v2\/media?parent=30312"}],"wp:term":[{"taxonomy":"product_brand","embeddable":true,"href":"https:\/\/ghgalaxyhome.com\/es\/wp-json\/wp\/v2\/product_brand?post=30312"},{"taxonomy":"product_cat","embeddable":true,"href":"https:\/\/ghgalaxyhome.com\/es\/wp-json\/wp\/v2\/product_cat?post=30312"},{"taxonomy":"product_tag","embeddable":true,"href":"https:\/\/ghgalaxyhome.com\/es\/wp-json\/wp\/v2\/product_tag?post=30312"}],"curies":[{"name":"wp","href":"https:\/\/api.w.org\/{rel}","templated":true}]}}