{"id":30310,"date":"2024-06-09T13:53:33","date_gmt":"2024-06-09T13:53:33","guid":{"rendered":"https:\/\/ghgalaxyhome.com\/?post_type=product&#038;p=30310"},"modified":"2024-06-09T13:54:24","modified_gmt":"2024-06-09T13:54:24","slug":"products-detail-581653","status":"publish","type":"product","link":"https:\/\/ghgalaxyhome.com\/es\/video\/products-detail-581653","title":{"rendered":"Galaxy Home &#8211; Model TTF021003 Dual Flush Toilet Ceramic Luxury Bathroom Toilets With Soft Closing UF Seat Cover Toilets"},"content":{"rendered":"<div class=\"cons_box ls-product\">\n<p>Foshan Baihuo Home Technology Co., Ltd. has always attached great importance to the pain points of the industry. The newly launched products are specially developed to solve the pain points of the industry, which perfectly solve the pain points of the industry and are enthusiastically sought after by the market. After Model TTF021003 Dual Flush Toilet Ceramic Luxury Bathroom Toilets With Soft Closing UF Seat Cover launching into the market, we have gained a lot of support and praise. Most customers think that this kind of products are in line with their expectations in terms of appearance and performance. Contact us directly by email or phone call to get more information about our products or services.<\/p>\n<div class=\"rich-text-table\">\n<table>\n<tbody>\n<tr>\n<td style=\"width:25%;padding:5px 20px;font-size:14px;background:#f8fafc\">Garant\u00eda:<\/td>\n<td style=\"width:25%;padding:5px 20px;font-size:14px\">3 a\u00f1os<\/td>\n<td style=\"width:25%;padding:5px 20px;font-size:14px;background:#f8fafc\">Placa de cubierta del amortiguador:<\/td>\n<td style=\"width:25%;padding:5px 20px;font-size:14px\">S\u00ed<\/td>\n<\/tr>\n<tr>\n<td style=\"width:25%;padding:5px 20px;font-size:14px;background:#f8fafc\">Mezcla. Espaciado de fosos:<\/td>\n<td style=\"width:25%;padding:5px 20px;font-size:14px\">300 mm, 400 mm<\/td>\n<td style=\"width:25%;padding:5px 20px;font-size:14px;background:#f8fafc\">Tipo de bot\u00f3n de lavado:<\/td>\n<td style=\"width:25%;padding:5px 20px;font-size:14px\">Tipo de dos extremos de presi\u00f3n superior<\/td>\n<\/tr>\n<tr>\n<td style=\"width:25%;padding:5px 20px;font-size:14px;background:#f8fafc\">Servicio postventa:<\/td>\n<td style=\"width:25%;padding:5px 20px;font-size:14px\">Soporte t\u00e9cnico en l\u00ednea<\/td>\n<td style=\"width:25%;padding:5px 20px;font-size:14px;background:#f8fafc\">Accesorios:<\/td>\n<td style=\"width:25%;padding:5px 20px;font-size:14px\">Componente de tuber\u00eda de descarga<\/td>\n<\/tr>\n<tr>\n<td style=\"width:25%;padding:5px 20px;font-size:14px;background:#f8fafc\">Control remoto:<\/td>\n<td style=\"width:25%;padding:5px 20px;font-size:14px\">No incluido<\/td>\n<td style=\"width:25%;padding:5px 20px;font-size:14px;background:#f8fafc\">Capacidad de soluci\u00f3n del proyecto:<\/td>\n<td style=\"width:25%;padding:5px 20px;font-size:14px\">dise\u00f1o gr\u00e1fico, dise\u00f1o de modelos 3D, soluci\u00f3n total para proyectos, consolidaci\u00f3n de categor\u00edas cruzadas<\/td>\n<\/tr>\n<tr>\n<td style=\"width:25%;padding:5px 20px;font-size:14px;background:#f8fafc\">Solicitud:<\/td>\n<td style=\"width:25%;padding:5px 20px;font-size:14px\">Ba\u00f1o<\/td>\n<td style=\"width:25%;padding:5px 20px;font-size:14px;background:#f8fafc\">Estilo de dise\u00f1o:<\/td>\n<td style=\"width:25%;padding:5px 20px;font-size:14px\">Moderno<\/td>\n<\/tr>\n<tr>\n<td style=\"width:25%;padding:5px 20px;font-size:14px;background:#f8fafc\">Lugar de origen:<\/td>\n<td style=\"width:25%;padding:5px 20px;font-size:14px\">Guangdong, China<\/td>\n<td style=\"width:25%;padding:5px 20px;font-size:14px;background:#f8fafc\">Nombre de la marca:<\/td>\n<td style=\"width:25%;padding:5px 20px;font-size:14px\">Inicio Galaxy<\/td>\n<\/tr>\n<tr>\n<td style=\"width:25%;padding:5px 20px;font-size:14px;background:#f8fafc\">N\u00famero de modelo:<\/td>\n<td style=\"width:25%;padding:5px 20px;font-size:14px\">TTF021003<\/td>\n<td style=\"width:25%;padding:5px 20px;font-size:14px;background:#f8fafc\">Material:<\/td>\n<td style=\"width:25%;padding:5px 20px;font-size:14px\">Cer\u00e1mico<\/td>\n<\/tr>\n<tr>\n<td style=\"width:25%;padding:5px 20px;font-size:14px;background:#f8fafc\">Estructura:<\/td>\n<td style=\"width:25%;padding:5px 20px;font-size:14px\">Una pieza<\/td>\n<td style=\"width:25%;padding:5px 20px;font-size:14px;background:#f8fafc\">Tipo de instalaci\u00f3n:<\/td>\n<td style=\"width:25%;padding:5px 20px;font-size:14px\">Montado en el piso<\/td>\n<\/tr>\n<tr>\n<td style=\"width:25%;padding:5px 20px;font-size:14px;background:#f8fafc\">Caracter\u00edstica:<\/td>\n<td style=\"width:25%;padding:5px 20px;font-size:14px\">Descarga doble<\/td>\n<td style=\"width:25%;padding:5px 20px;font-size:14px;background:#f8fafc\">Patr\u00f3n de drenaje:<\/td>\n<td style=\"width:25%;padding:5px 20px;font-size:14px\">Correa<\/td>\n<\/tr>\n<tr>\n<td style=\"width:25%;padding:5px 20px;font-size:14px;background:#f8fafc\">M\u00e9todo de lavado:<\/td>\n<td style=\"width:25%;padding:5px 20px;font-size:14px\">Lavado con sif\u00f3n<\/td>\n<td style=\"width:25%;padding:5px 20px;font-size:14px;background:#f8fafc\">Color:<\/td>\n<td style=\"width:25%;padding:5px 20px;font-size:14px\">Blanco<\/td>\n<\/tr>\n<tr>\n<td style=\"width:25%;padding:5px 20px;font-size:14px;background:#f8fafc\">Tama\u00f1o:<\/td>\n<td style=\"width:25%;padding:5px 20px;font-size:14px\">735*380*690mm<\/td>\n<td style=\"width:25%;padding:5px 20px;font-size:14px;background:#f8fafc\">Cantidad m\u00ednima de pedido:<\/td>\n<td style=\"width:25%;padding:5px 20px;font-size:14px\">1 juego<\/td>\n<\/tr>\n<tr>\n<td style=\"width:25%;padding:5px 20px;font-size:14px;background:#f8fafc\">Embalaje:<\/td>\n<td style=\"width:25%;padding:5px 20px;font-size:14px\">Cart\u00f3n, negociaci\u00f3n<\/td>\n<td style=\"width:25%;padding:5px 20px;font-size:14px;background:#f8fafc\">Estilo:<\/td>\n<td style=\"width:25%;padding:5px 20px;font-size:14px\">Moderno<\/td>\n<\/tr>\n<\/tbody>\n<\/table>\n<\/div>\n<p><\/p>\n<div data-magic-global=\"%7B%22bizId%22%3A2211240675273%2C%22pageId%22%3A21011396875%2C%22siteId%22%3A10002499104%7D\" id=\"detail_decorate_root\">#detail_decorate_root .magic-0{border-bottom-style:solid;border-bottom-color:#53647a;font-family:Roboto;font-size:24px;color:#53647a;font-style:normal;border-bottom-width: 2px;padding-top:8px;padding-bottom:4px}#detail_decorate_root .magic-1{width:750px;border-collapse:collapse}#detail_decorate_root .magic-2{min-height:28px;padding:5px 10px;width:241px ;min-height:28px;box-sizing:content-box}#detail_decorate_root .magic-3{min-height:28px;padding:5px 10px;width:460px;min-height:28px;box-sizing:content-box} #detail_decorate_root .magic-4{margin-bottom:10px;line-height:0}#detail_decorate_root .magic-5{margin-bottom:0}#detail_decorate_root .magic-6{position:relative;width:100%}#detail_decorate_root .magic-7{ margin-bottom:10px;overflow:hidden}#detail_decorate_root .magic-8{width:750px}#detail_decorate_root .magic-9{overflow:hidden;width:750px;height:422px;margin-top:0;margin-bottom:0; margin-left:0;margin-right:0}#detail_decorate_root .magic-10{margin-top:0;margin-left:0;width:750px;height:422px}#detail_decorate_root .magic-11{overflow:hidden;width: 750px;alto:954px;margin-top:0;margin-bottom:0;margin-left:0;margin-right:0}#detail_decorate_root .magic-12{margin-top:0;margin-left:0;ancho: 750px;height:954px}#detail_decorate_root .magic-13{overflow:hidden;width:750px;height:473px;margin-top:0;margin-bottom:0;margin-left:0;margin-right:0}#detail_decorate_root . magic-14{margin-top:0;margin-left:0;width:750px;height:473px}#detail_decorate_root .magic-15{overflow:hidden;width:750px;height:793px;margin-top:0;margin- abajo:0;margin-izquierda:0;margin-derecha:0}#detail_decorate_root .magic-16{margin-top:0;margin-left:0;width:750px;height:793px}#detail_decorate_root .magic-17{overflow: oculto;ancho:750px;alto:453px;margin-top:0;margin-bottom:0;margin-left:0;margin-right:0}#detail_decorate_root .magic-18{margin-top:0;margin-left: 0;ancho:750px;alto:453px}<\/p>\n<div class=\"J_module\">\n<div id=\"ali-anchor-AliMagic-1v4ia3\" data-section=\"AliMagic-1v4ia3\" data-section-title=\"Specification\" class=\"magic-0\">Especificaci\u00f3n<\/div>\n<\/div>\n<div class=\"J_module\">\n<div class=\"ife-detail-decorate-table\">\n<table class=\"has-title all magic-1\">\n<tbody>\n<tr>\n<td colspan=\"1\" rowspan=\"1\">\n<div class=\"magic-2\">nombre del producto<\/div>\n<\/td>\n<td colspan=\"1\" rowspan=\"1\">\n<div class=\"magic-3\">Model TTF021003 Dual Flush Toilet Ceramic Luxury Bathroom Toilets With Soft Closing UF Seat Cover<\/div>\n<\/td>\n<\/tr>\n<tr>\n<td colspan=\"1\" rowspan=\"1\">\n<div class=\"magic-2\">Nombre de la marca<\/div>\n<\/td>\n<td colspan=\"1\" rowspan=\"1\">\n<div class=\"magic-3\">Inicio Galaxy<\/div>\n<\/td>\n<\/tr>\n<tr>\n<td colspan=\"1\" rowspan=\"1\">\n<div class=\"magic-2\">N\u00famero de modelo<\/div>\n<\/td>\n<td colspan=\"1\" rowspan=\"1\">\n<div class=\"magic-3\">TTF021003<\/div>\n<\/td>\n<\/tr>\n<tr>\n<td colspan=\"1\" rowspan=\"1\">\n<div class=\"magic-2\">Material<\/div>\n<\/td>\n<td colspan=\"1\" rowspan=\"1\">\n<div class=\"magic-3\">Cer\u00e1mico<\/div>\n<\/td>\n<\/tr>\n<tr>\n<td colspan=\"1\" rowspan=\"1\">\n<div class=\"magic-2\">Tama\u00f1o<\/div>\n<\/td>\n<td colspan=\"1\" rowspan=\"1\">\n<div class=\"magic-3\">735*380*690mm<\/div>\n<\/td>\n<\/tr>\n<tr>\n<td colspan=\"1\" rowspan=\"1\">\n<div class=\"magic-2\">Pit Spacing<\/div>\n<\/td>\n<td colspan=\"1\" rowspan=\"1\">\n<div class=\"magic-3\">\n<div data-spm-anchor-id=\"a2700.pc-decorate.0.i12.49853333Z4UB4n\">300\/400 mm<\/div>\n<\/div>\n<\/td>\n<\/tr>\n<tr>\n<td colspan=\"1\" rowspan=\"1\">\n<div class=\"magic-2\">Funci\u00f3n<\/div>\n<\/td>\n<td colspan=\"1\" rowspan=\"1\">\n<div class=\"magic-3\">1.Doble descarga&nbsp;<\/p>\n<div data-spm-anchor-id=\"a2700.pc-decorate.0.i4.3b643333q3jl2i\">2.Lavado con sif\u00f3n&nbsp;<\/div>\n<div data-spm-anchor-id=\"a2700.pc-decorate.0.i4.3b643333q3jl2i\">3. Funda de asiento UF de cierre suave&nbsp;<\/div>\n<div data-spm-anchor-id=\"a2700.pc-decorate.0.i4.3b643333q3jl2i\">4.trampa S<\/div>\n<\/div>\n<\/td>\n<\/tr>\n<tr>\n<td colspan=\"1\" rowspan=\"1\">\n<div class=\"magic-2\">Color<\/div>\n<\/td>\n<td colspan=\"1\" rowspan=\"1\">\n<div class=\"magic-3\">Blanco<\/div>\n<\/td>\n<\/tr>\n<tr>\n<td colspan=\"1\" rowspan=\"1\">\n<div class=\"magic-2\">detalles del empaque<\/div>\n<\/td>\n<td colspan=\"1\" rowspan=\"1\">\n<div class=\"magic-3\">Cart\u00f3n, negociable<\/div>\n<\/td>\n<\/tr>\n<\/tbody>\n<\/table>\n<\/div>\n<\/div>\n<div class=\"J_module\">\n<div id=\"ali-anchor-AliMagic-7neih0\" data-section=\"AliMagic-7neih0\" data-section-title=\"Details Images\" class=\"magic-0\">Detalles Im\u00e1genes<\/div>\n<\/div>\n<div class=\"J_module\">\n<div class=\"icbu-pc-detailManyImage magic-4\">\n<div class=\"magic-5\"><img decoding=\"async\" data-src=\"https:\/\/imgbd.weyesimg.com\/prod\/moving\/img\/96aab06199335991f33366894aebf8dd\/c8a281c194d0aee9d8ab1b6a7fd63f10.jpg\" src=\"https:\/\/ghgalaxyhome.com\/wp-content\/uploads\/2024\/06\/217_quality80.webp\" class=\"magic-6 img-self show_imgss\"><\/div>\n<div class=\"magic-5\"><img decoding=\"async\" data-src=\"https:\/\/imgbd.weyesimg.com\/prod\/moving\/img\/96aab06199335991f33366894aebf8dd\/a427665ff0d0e47dabe7b6f1d4671088.jpg\" src=\"https:\/\/ghgalaxyhome.com\/wp-content\/uploads\/2024\/06\/218_quality80.webp\" class=\"magic-6 img-self show_imgss\"><\/div>\n<div class=\"magic-5\"><img decoding=\"async\" data-src=\"https:\/\/imgbd.weyesimg.com\/prod\/moving\/img\/96aab06199335991f33366894aebf8dd\/c49f364af64a496ff0d5cabd34415479.jpg\" src=\"https:\/\/ghgalaxyhome.com\/wp-content\/uploads\/2024\/06\/219_quality80.webp\" class=\"magic-6 img-self show_imgss\"><\/div>\n<div class=\"magic-5\"><img decoding=\"async\" data-src=\"https:\/\/imgbd.weyesimg.com\/prod\/moving\/img\/96aab06199335991f33366894aebf8dd\/71b0fb5676127f3acce52167e583ba3e.jpg\" src=\"https:\/\/ghgalaxyhome.com\/wp-content\/uploads\/2024\/06\/220_quality80.webp\" class=\"magic-6 img-self show_imgss\"><\/div>\n<\/div>\n<\/div>\n<div class=\"J_module\">\n<div data-magic=\"{&quot;mds&quot;:{&quot;assetsVersion&quot;:&quot;0.0.14&quot;,&quot;assetsPackageName&quot;:&quot;icbumod&quot;,&quot;moduleNameAlias&quot;:&quot;icbu-pc-detailSellerRecommend&quot;,&quot;moduleData&quot;:{&quot;config&quot;:{&quot;columnCount&quot;:4,&quot;titleKey&quot;:6,&quot;products&quot;:[1600327898640,1600361138792,1600361581874,1600352220936,1600366761900,1600405589295,1600407676616,1600407022926,1600432388098,1600438561232,1600397242053,1600427557879]}}},&quot;version&quot;:1}\" class=\"icbu-pc-detailSellerRecommend magic-7\"><\/div>\n<\/div>\n<div class=\"J_module\">\n<div class=\"icbu-pc-images magic-8\">\n<div>\n<div class=\"flex-layout-v\">\n<div class=\"flex-layout-h magic-8\">\n<div class=\"magic-9\"><img decoding=\"async\" data-src=\"https:\/\/imgbd.weyesimg.com\/prod\/moving\/img\/96aab06199335991f33366894aebf8dd\/0b3dc56514d69562c59b97a0e7f989ad.jpg\" src=\"https:\/\/ghgalaxyhome.com\/wp-content\/uploads\/2024\/06\/3_quality80.webp\" class=\"magic-10 img-self show_imgss\"><\/div>\n<\/div>\n<\/div>\n<\/div>\n<\/div>\n<\/div>\n<div class=\"J_module\">\n<div class=\"icbu-pc-images magic-8\">\n<div>\n<div class=\"flex-layout-v\">\n<div class=\"flex-layout-h magic-8\">\n<div class=\"magic-11\"><img decoding=\"async\" data-src=\"https:\/\/imgbd.weyesimg.com\/prod\/moving\/img\/96aab06199335991f33366894aebf8dd\/e8a47fa2bd80430a65c85af887ab2ad4.jpg\" src=\"https:\/\/ghgalaxyhome.com\/wp-content\/uploads\/2024\/06\/4_quality80.webp\" class=\"magic-12 img-self show_imgss\"><\/div>\n<\/div>\n<\/div>\n<\/div>\n<\/div>\n<\/div>\n<div class=\"J_module\">\n<div class=\"icbu-pc-images magic-8\">\n<div>\n<div class=\"flex-layout-v\">\n<div class=\"flex-layout-h magic-8\">\n<div class=\"magic-13\"><img decoding=\"async\" data-src=\"https:\/\/imgbd.weyesimg.com\/prod\/moving\/img\/96aab06199335991f33366894aebf8dd\/812643060191df6ea0c9f14f0ebcbe18.jpg\" src=\"https:\/\/ghgalaxyhome.com\/wp-content\/uploads\/2024\/06\/5_quality80.webp\" class=\"magic-14 img-self show_imgss\"><\/div>\n<\/div>\n<\/div>\n<\/div>\n<\/div>\n<\/div>\n<div class=\"J_module\">\n<div class=\"icbu-pc-images magic-8\">\n<div>\n<div class=\"flex-layout-v\">\n<div class=\"flex-layout-h magic-8\">\n<div class=\"magic-15\"><img decoding=\"async\" data-src=\"https:\/\/imgbd.weyesimg.com\/prod\/moving\/img\/96aab06199335991f33366894aebf8dd\/245191662a3024c35540500f58281a33.jpg\" src=\"https:\/\/ghgalaxyhome.com\/wp-content\/uploads\/2024\/06\/221_quality80.webp\" class=\"magic-16 img-self show_imgss\"><\/div>\n<\/div>\n<\/div>\n<\/div>\n<\/div>\n<\/div>\n<div class=\"J_module\">\n<div class=\"icbu-pc-images magic-8\">\n<div>\n<div class=\"flex-layout-v\">\n<div class=\"flex-layout-h magic-8\">\n<div class=\"magic-17\"><img decoding=\"async\" data-src=\"https:\/\/imgbd.weyesimg.com\/prod\/moving\/img\/96aab06199335991f33366894aebf8dd\/f720390c06422a9260318d0aa9e95dec.jpg\" src=\"https:\/\/ghgalaxyhome.com\/wp-content\/uploads\/2024\/06\/45_quality80.webp\" class=\"magic-18 img-self show_imgss\"><\/div>\n<\/div>\n<\/div>\n<\/div>\n<\/div>\n<\/div><\/div>\n<\/p><\/div>","protected":false},"excerpt":{"rendered":"<p>Technologies are key to our development and growth.As its advantages of Model TTF021003 Dual Flush Toilet Ceramic Luxury Bathroom Toilets With Soft Closing UF Seat Cover are discovered, its scopes of application have also been expanded considerably. In the field(s) of Toilets, it is of great value.<\/p>","protected":false},"featured_media":30205,"comment_status":"open","ping_status":"closed","template":"","meta":[],"product_brand":[],"product_cat":[81],"product_tag":[],"class_list":{"0":"post-30310","1":"product","2":"type-product","3":"status-publish","4":"has-post-thumbnail","6":"product_cat-products-40772","8":"first","9":"instock","10":"shipping-taxable","11":"product-type-simple"},"_links":{"self":[{"href":"https:\/\/ghgalaxyhome.com\/es\/wp-json\/wp\/v2\/product\/30310","targetHints":{"allow":["GET"]}}],"collection":[{"href":"https:\/\/ghgalaxyhome.com\/es\/wp-json\/wp\/v2\/product"}],"about":[{"href":"https:\/\/ghgalaxyhome.com\/es\/wp-json\/wp\/v2\/types\/product"}],"replies":[{"embeddable":true,"href":"https:\/\/ghgalaxyhome.com\/es\/wp-json\/wp\/v2\/comments?post=30310"}],"version-history":[{"count":2,"href":"https:\/\/ghgalaxyhome.com\/es\/wp-json\/wp\/v2\/product\/30310\/revisions"}],"predecessor-version":[{"id":30401,"href":"https:\/\/ghgalaxyhome.com\/es\/wp-json\/wp\/v2\/product\/30310\/revisions\/30401"}],"wp:featuredmedia":[{"embeddable":true,"href":"https:\/\/ghgalaxyhome.com\/es\/wp-json\/wp\/v2\/media\/30205"}],"wp:attachment":[{"href":"https:\/\/ghgalaxyhome.com\/es\/wp-json\/wp\/v2\/media?parent=30310"}],"wp:term":[{"taxonomy":"product_brand","embeddable":true,"href":"https:\/\/ghgalaxyhome.com\/es\/wp-json\/wp\/v2\/product_brand?post=30310"},{"taxonomy":"product_cat","embeddable":true,"href":"https:\/\/ghgalaxyhome.com\/es\/wp-json\/wp\/v2\/product_cat?post=30310"},{"taxonomy":"product_tag","embeddable":true,"href":"https:\/\/ghgalaxyhome.com\/es\/wp-json\/wp\/v2\/product_tag?post=30310"}],"curies":[{"name":"wp","href":"https:\/\/api.w.org\/{rel}","templated":true}]}}