{"id":29967,"date":"2024-06-09T13:42:49","date_gmt":"2024-06-09T13:42:49","guid":{"rendered":"https:\/\/ghgalaxyhome.com\/?post_type=product&#038;p=29967"},"modified":"2024-06-09T13:46:56","modified_gmt":"2024-06-09T13:46:56","slug":"products-detail-582068","status":"publish","type":"product","link":"https:\/\/ghgalaxyhome.com\/es\/video\/products-detail-582068","title":{"rendered":"Galaxy Home \u2013 Productos para el ba\u00f1o Grifer\u00eda termost\u00e1tica Soporte de lat\u00f3n Ducha de mano ABS Grifo para ba\u00f1era Mezclador de ducha Duchas"},"content":{"rendered":"<div class=\"cons_box ls-product\">\n<p>Keeping close up with the latest trend, Foshan Baihuo Home Technology Co., Ltd. has made Bathroom Products Thermostatic Faucets Brass Bracket ABS Hand Shower Bathtub Faucet Shower Mixer a competitive product in the market. It is expected to lead the industry trend and bring benefits to customers. Manufactured following the strict management system, our Bathroom Products Thermostatic Faucets Brass Bracket ABS Hand Shower Bathtub Faucet Shower Mixer has gained a reliable quality. Before its launch, it has passed the tests based on international rules and is certified by several authorities. Galaxy Home is worth the investment for those customers seeking business opportunities. Reflecting the latest industry trend and development, our Bathroom Products Thermostatic Faucets Brass Bracket ABS Hand Shower Bathtub Faucet Shower Mixer is designed to be attractive enough to catch people&#8217;s attention. Moreover, it has some excellent characteristics, which makes it more value-added. In this competitive market, this Bath &#038; Shower Faucets has the greatest appreciation space.<\/p>\n<div class=\"rich-text-table\">\n<table>\n<tbody>\n<tr>\n<td style=\"width:25%;padding:5px 20px;font-size:14px;background:#f8fafc\">Garant\u00eda:<\/td>\n<td style=\"width:25%;padding:5px 20px;font-size:14px\">5 a\u00f1os<\/td>\n<td style=\"width:25%;padding:5px 20px;font-size:14px;background:#f8fafc\">Material:<\/td>\n<td style=\"width:25%;padding:5px 20px;font-size:14px\">ABS, Lat\u00f3n, Lat\u00f3n, Aleaci\u00f3n de zinc<\/td>\n<\/tr>\n<tr>\n<td style=\"width:25%;padding:5px 20px;font-size:14px;background:#f8fafc\">Servicio postventa:<\/td>\n<td style=\"width:25%;padding:5px 20px;font-size:14px\">Soporte t\u00e9cnico en l\u00ednea, repuestos gratuitos<\/td>\n<td style=\"width:25%;padding:5px 20px;font-size:14px;background:#f8fafc\">Capacidad de soluci\u00f3n del proyecto:<\/td>\n<td style=\"width:25%;padding:5px 20px;font-size:14px\">dise\u00f1o gr\u00e1fico, dise\u00f1o de modelos 3D, soluci\u00f3n total para proyectos, consolidaci\u00f3n de categor\u00edas cruzadas<\/td>\n<\/tr>\n<tr>\n<td style=\"width:25%;padding:5px 20px;font-size:14px;background:#f8fafc\">Solicitud:<\/td>\n<td style=\"width:25%;padding:5px 20px;font-size:14px\">Ba\u00f1o<\/td>\n<td style=\"width:25%;padding:5px 20px;font-size:14px;background:#f8fafc\">Estilo de dise\u00f1o:<\/td>\n<td style=\"width:25%;padding:5px 20px;font-size:14px\">Moderno<\/td>\n<\/tr>\n<tr>\n<td style=\"width:25%;padding:5px 20px;font-size:14px;background:#f8fafc\">Lugar de origen:<\/td>\n<td style=\"width:25%;padding:5px 20px;font-size:14px\">Guangdong, China<\/td>\n<td style=\"width:25%;padding:5px 20px;font-size:14px;background:#f8fafc\">Nombre de la marca:<\/td>\n<td style=\"width:25%;padding:5px 20px;font-size:14px\">Inicio Galaxy<\/td>\n<\/tr>\n<tr>\n<td style=\"width:25%;padding:5px 20px;font-size:14px;background:#f8fafc\">N\u00famero de modelo:<\/td>\n<td style=\"width:25%;padding:5px 20px;font-size:14px\">BS02701<\/td>\n<td style=\"width:25%;padding:5px 20px;font-size:14px;background:#f8fafc\">Acabado de superficies:<\/td>\n<td style=\"width:25%;padding:5px 20px;font-size:14px\">Cromo<\/td>\n<\/tr>\n<tr>\n<td style=\"width:25%;padding:5px 20px;font-size:14px;background:#f8fafc\">Tratamiento de superficies:<\/td>\n<td style=\"width:25%;padding:5px 20px;font-size:14px\">Pulido<\/td>\n<td style=\"width:25%;padding:5px 20px;font-size:14px;background:#f8fafc\">Caracter\u00edstica del grifo B &amp; S expuesto:<\/td>\n<td style=\"width:25%;padding:5px 20px;font-size:14px\">Con barra deslizante<\/td>\n<\/tr>\n<tr>\n<td style=\"width:25%;padding:5px 20px;font-size:14px;background:#f8fafc\">Caracter\u00edstica del grifo de ducha expuesto:<\/td>\n<td style=\"width:25%;padding:5px 20px;font-size:14px\">Con barra deslizante<\/td>\n<td style=\"width:25%;padding:5px 20px;font-size:14px;background:#f8fafc\">N\u00famero de manijas:<\/td>\n<td style=\"width:25%;padding:5px 20px;font-size:14px\">Mango \u00fanico<\/td>\n<\/tr>\n<tr>\n<td style=\"width:25%;padding:5px 20px;font-size:14px;background:#f8fafc\">Estilo:<\/td>\n<td style=\"width:25%;padding:5px 20px;font-size:14px\">Contempor\u00e1neo<\/td>\n<td style=\"width:25%;padding:5px 20px;font-size:14px;background:#f8fafc\">Forma del cabezal de ducha:<\/td>\n<td style=\"width:25%;padding:5px 20px;font-size:14px\">Redondo<\/td>\n<\/tr>\n<tr>\n<td style=\"width:25%;padding:5px 20px;font-size:14px;background:#f8fafc\">Caracter\u00edstica:<\/td>\n<td style=\"width:25%;padding:5px 20px;font-size:14px\">Grifos termost\u00e1ticos<\/td>\n<td style=\"width:25%;padding:5px 20px;font-size:14px;background:#f8fafc\">Material del n\u00facleo de la v\u00e1lvula:<\/td>\n<td style=\"width:25%;padding:5px 20px;font-size:14px\">Lat\u00f3n<\/td>\n<\/tr>\n<tr>\n<td style=\"width:25%;padding:5px 20px;font-size:14px;background:#f8fafc\">Patr\u00f3n de rociado:<\/td>\n<td style=\"width:25%;padding:5px 20px;font-size:14px\">Masaje<\/td>\n<td style=\"width:25%;padding:5px 20px;font-size:14px;background:#f8fafc\">Nombre del producto:<\/td>\n<td style=\"width:25%;padding:5px 20px;font-size:14px\">Juegos de grifos de ducha para ba\u00f1o<\/td>\n<\/tr>\n<tr>\n<td style=\"width:25%;padding:5px 20px;font-size:14px;background:#f8fafc\">Soporte de ducha de mano:<\/td>\n<td style=\"width:25%;padding:5px 20px;font-size:14px\">Lat\u00f3n<\/td>\n<td style=\"width:25%;padding:5px 20px;font-size:14px;background:#f8fafc\">Grifo:<\/td>\n<td style=\"width:25%;padding:5px 20px;font-size:14px\">Cuerpo principal de lat\u00f3n, mango de aleaci\u00f3n de zinc.<\/td>\n<\/tr>\n<tr>\n<td style=\"width:25%;padding:5px 20px;font-size:14px;background:#f8fafc\">Funci\u00f3n:<\/td>\n<td style=\"width:25%;padding:5px 20px;font-size:14px\">Caliente y fr\u00eda<\/td>\n<td style=\"width:25%;padding:5px 20px;font-size:14px;background:#f8fafc\">Color:<\/td>\n<td style=\"width:25%;padding:5px 20px;font-size:14px\">Cromo<\/td>\n<\/tr>\n<tr>\n<td style=\"width:25%;padding:5px 20px;font-size:14px;background:#f8fafc\">Tratamiento de superficies:<\/td>\n<td style=\"width:25%;padding:5px 20px;font-size:14px\">Pulido, Acabado galvanizado, Cromo<\/td>\n<td style=\"width:25%;padding:5px 20px;font-size:14px;background:#f8fafc\">Material de la ducha de mano:<\/td>\n<td style=\"width:25%;padding:5px 20px;font-size:14px\">abdominales<\/td>\n<\/tr>\n<tr>\n<td style=\"width:25%;padding:5px 20px;font-size:14px;background:#f8fafc\">OEM y ODM:<\/td>\n<td style=\"width:25%;padding:5px 20px;font-size:14px\">Aceptar<\/td>\n<td style=\"width:25%;padding:5px 20px;font-size:14px;background:#f8fafc\">Tipo:<\/td>\n<td style=\"width:25%;padding:5px 20px;font-size:14px\">Juego de grifos para ducha y ba\u00f1era<\/td>\n<\/tr>\n<tr>\n<td style=\"width:25%;padding:5px 20px;font-size:14px;background:#f8fafc\">Description:<\/td>\n<td style=\"width:25%;padding:5px 20px;font-size:14px\">Brass Bathtub Bathroom Wall Mount Faucet<\/td>\n<td style=\"width:25%;padding:5px 20px;font-size:14px\"><\/td>\n<td style=\"width:25%;padding:5px 20px;font-size:14px\"><\/td>\n<\/tr>\n<\/tbody>\n<\/table>\n<\/div>\n<p><\/p>\n<div data-magic-global=\"%7B%22bizId%22%3A2211240675273%2C%22pageId%22%3A21027443493%2C%22siteId%22%3A10002499104%7D\" id=\"detail_decorate_root\">#detail_decorate_root .magic-0{ancho:750px}#detail_decorate_root .magic-1{overflow:hidden;width:750px;height:750px;margin-top:0;margin-bottom:0;margin-left:0;margin-right: 0}#detail_decorate_root .magic-2{margin-top:0;margin-left:0;width:750px;height:750px}#detail_decorate_root .magic-3{width:750px;border-collapse:collapse}#detail_decorate_root .magic-4{ altura m\u00ednima:28px;padding:5px 10px;ancho:135px;altura m\u00ednima:28px;box-sizing:content-box}#detail_decorate_root .magic-5{min-height:28px;padding:5px 10px;ancho:571px; min-height:28px;box-sizing:content-box}#detail_decorate_root .magic-6{margin-bottom:10px;line-height:0}#detail_decorate_root .magic-7{width:750px;height:669px;overflow:hidden; margin-bottom:0}#detail_decorate_root .magic-8{position:relative;left:0;top:0;width:750px;height:669px}#detail_decorate_root .magic-9{overflow:hidden;width:750px;height:422px; margin-top:0;margin-bottom:0;margin-left:0;margin-right:0}#detail_decorate_root .magic-10{margin-top:0;margin-left:0;width:750px;height:422px} #detail_decorate_root .magic-11{overflow:hidden;width:750px;height:954px;margin-top:0;margin-bottom:0;margin-left:0;margin-right:0}#detail_decorate_root .magic-12{margin- top:0;margin-left:0;width:750px;height:954px}#detail_decorate_root .magic-13{overflow:hidden;width:750px;height:473px;margin-top:0;margin-bottom:0;margin- left:0;margin-right:0}#detail_decorate_root .magic-14{margin-top:0;margin-left:0;width:750px;height:473px}#detail_decorate_root .magic-15{margin-bottom:10px;overflow: oculto}#detail_decorate_root .magic-16{overflow:hidden;width:750px;height:787px;margin-top:0;margin-bottom:0;margin-left:0;margin-right:0}#detail_decorate_root .magic-17{ margin-top:0;margin-left:0;width:750px;height:787px}#detail_decorate_root .magic-18{overflow:hidden;width:750px;height:469px;margin-top:0;margin-bottom:0; margin-left:0;margin-right:0}#detail_decorate_root .magic-19{margin-top:0;margin-left:0;width:750px;height:469px}<\/p>\n<div class=\"J_module\">\n<div class=\"icbu-pc-images magic-0\">\n<div>\n<div class=\"flex-layout-v\">\n<div class=\"flex-layout-h magic-0\">\n<div class=\"magic-1\"><img decoding=\"async\" data-src=\"https:\/\/imgbd.weyesimg.com\/prod\/moving\/img\/96aab06199335991f33366894aebf8dd\/1d2ed7d528e8cff1ec6346e293e7e8ae.jpg\" src=\"https:\/\/ghgalaxyhome.com\/wp-content\/uploads\/2024\/06\/319_quality80.webp\" class=\"magic-2 img-self show_imgss\"><\/div>\n<\/div>\n<\/div>\n<\/div>\n<\/div>\n<\/div>\n<div class=\"J_module\">\n<div class=\"ife-detail-decorate-table\">\n<table class=\"has-title all magic-3\">\n<tbody>\n<tr>\n<td colspan=\"1\" rowspan=\"1\">\n<div class=\"magic-4\"><b>Modelo<\/b><\/div>\n<\/td>\n<td colspan=\"1\" rowspan=\"1\">\n<div class=\"magic-5\">BS02701<\/div>\n<\/td>\n<\/tr>\n<tr>\n<td colspan=\"1\" rowspan=\"1\">\n<div class=\"magic-4\"><b>Funci\u00f3n \/ color<\/b><\/div>\n<\/td>\n<td colspan=\"1\" rowspan=\"1\">\n<div class=\"magic-5\">Three function shower, dumb black<\/div>\n<\/td>\n<\/tr>\n<tr>\n<td colspan=\"1\" rowspan=\"1\">\n<div class=\"magic-4\">\n<div><b><br \/><\/b><\/div>\n<p><b><\/p>\n<div><\/div>\n<p>Materiales<br \/><\/b><\/div>\n<\/td>\n<td colspan=\"1\" rowspan=\"1\">\n<div class=\"magic-5\">Varilla principal: acero inoxidable 304&nbsp;<\/p>\n<div data-spm-anchor-id=\"a2700.pc-decorate.0.i19.588f3333ThVU9r\">Soporte de ducha de mano de lat\u00f3n&nbsp;<\/div>\n<div data-spm-anchor-id=\"a2700.pc-decorate.0.i19.588f3333ThVU9r\">Grifo: cuerpo principal de lat\u00f3n, mango de aleaci\u00f3n de zinc.&nbsp;<\/div>\n<div data-spm-anchor-id=\"a2700.pc-decorate.0.i19.588f3333ThVU9r\">Ducha superior y teleducha:ABS<br \/>Tubo de pvc<\/div>\n<\/div>\n<\/td>\n<\/tr>\n<tr>\n<td colspan=\"1\" rowspan=\"1\">\n<div class=\"magic-4\"><b>\u00bfTama\u00f1o del producto?<\/b><\/div>\n<\/td>\n<td colspan=\"1\" rowspan=\"1\">\n<div class=\"magic-5\">825*390*155mm<\/div>\n<\/td>\n<\/tr>\n<tr>\n<td colspan=\"1\" rowspan=\"1\">\n<div class=\"magic-4\"><b>Cantidad inicial<\/b><\/div>\n<\/td>\n<td colspan=\"1\" rowspan=\"1\">\n<div class=\"magic-5\">1<\/div>\n<\/td>\n<\/tr>\n<\/tbody>\n<\/table>\n<\/div>\n<\/div>\n<div class=\"J_module\">\n<div class=\"icbu-pc-detailManyImage magic-6\">\n<div class=\"magic-7\"><img decoding=\"async\" data-src=\"https:\/\/imgbd.weyesimg.com\/prod\/moving\/img\/96aab06199335991f33366894aebf8dd\/cb90f6057da1c4f899fc3a2484ba26fc.jpg\" src=\"https:\/\/ghgalaxyhome.com\/wp-content\/uploads\/2024\/06\/320_quality80.webp\" class=\"magic-8 img-self show_imgss\"><\/div>\n<\/div>\n<\/div>\n<div class=\"J_module\">\n<div class=\"icbu-pc-images magic-0\">\n<div>\n<div class=\"flex-layout-v\">\n<div class=\"flex-layout-h magic-0\">\n<div class=\"magic-9\"><img decoding=\"async\" data-src=\"https:\/\/imgbd.weyesimg.com\/prod\/moving\/img\/96aab06199335991f33366894aebf8dd\/0b3dc56514d69562c59b97a0e7f989ad.jpg\" src=\"https:\/\/ghgalaxyhome.com\/wp-content\/uploads\/2024\/06\/3_quality80.webp\" class=\"magic-10 img-self show_imgss\"><\/div>\n<\/div>\n<\/div>\n<\/div>\n<\/div>\n<\/div>\n<div class=\"J_module\">\n<div class=\"icbu-pc-images magic-0\">\n<div>\n<div class=\"flex-layout-v\">\n<div class=\"flex-layout-h magic-0\">\n<div class=\"magic-11\"><img decoding=\"async\" data-src=\"https:\/\/imgbd.weyesimg.com\/prod\/moving\/img\/96aab06199335991f33366894aebf8dd\/3587e0de42773ca3563c8472f26a0cdd.jpg\" src=\"https:\/\/ghgalaxyhome.com\/wp-content\/uploads\/2024\/06\/179_quality80.webp\" class=\"magic-12 img-self show_imgss\"><\/div>\n<\/div>\n<\/div>\n<\/div>\n<\/div>\n<\/div>\n<div class=\"J_module\">\n<div class=\"icbu-pc-images magic-0\">\n<div>\n<div class=\"flex-layout-v\">\n<div class=\"flex-layout-h magic-0\">\n<div class=\"magic-13\"><img decoding=\"async\" data-src=\"https:\/\/imgbd.weyesimg.com\/prod\/moving\/img\/96aab06199335991f33366894aebf8dd\/812643060191df6ea0c9f14f0ebcbe18.jpg\" src=\"https:\/\/ghgalaxyhome.com\/wp-content\/uploads\/2024\/06\/5_quality80.webp\" class=\"magic-14 img-self show_imgss\"><\/div>\n<\/div>\n<\/div>\n<\/div>\n<\/div>\n<\/div>\n<div class=\"J_module\">\n<div data-magic=\"{&quot;mds&quot;:{&quot;assetsVersion&quot;:&quot;0.0.14&quot;,&quot;assetsPackageName&quot;:&quot;icbumod&quot;,&quot;moduleNameAlias&quot;:&quot;icbu-pc-detailSellerRecommend&quot;,&quot;moduleData&quot;:{&quot;config&quot;:{&quot;columnCount&quot;:4,&quot;titleKey&quot;:6,&quot;products&quot;:[1600385790205,1600327898640,1600359084101,1600409069301,1600407686887,1600387232021,1600403285977,1600428598737,1600438648675,1600415507284,1600427647323,1600433699294]}}},&quot;version&quot;:1}\" class=\"icbu-pc-detailSellerRecommend magic-15\"><\/div>\n<\/div>\n<div class=\"J_module\">\n<div class=\"icbu-pc-images magic-0\">\n<div>\n<div class=\"flex-layout-v\">\n<div class=\"flex-layout-h magic-0\">\n<div class=\"magic-16\"><img decoding=\"async\" data-src=\"https:\/\/imgbd.weyesimg.com\/prod\/moving\/img\/96aab06199335991f33366894aebf8dd\/237afc98df82979a2961dd982b92c604.jpg\" src=\"https:\/\/ghgalaxyhome.com\/wp-content\/uploads\/2024\/06\/6_quality80.webp\" class=\"magic-17 img-self show_imgss\"><\/div>\n<\/div>\n<\/div>\n<\/div>\n<\/div>\n<\/div>\n<div class=\"J_module\">\n<div class=\"icbu-pc-images magic-0\">\n<div>\n<div class=\"flex-layout-v\">\n<div class=\"flex-layout-h magic-0\">\n<div class=\"magic-18\"><img decoding=\"async\" data-src=\"https:\/\/imgbd.weyesimg.com\/prod\/moving\/img\/96aab06199335991f33366894aebf8dd\/fca8d35615d463d4224e55c5c22fe092.jpg\" src=\"https:\/\/ghgalaxyhome.com\/wp-content\/uploads\/2024\/06\/7_quality80.webp\" class=\"magic-19 img-self show_imgss\"><\/div>\n<\/div>\n<\/div>\n<\/div>\n<\/div>\n<\/div><\/div>\n<\/p><\/div>","protected":false},"excerpt":{"rendered":"<p>Nuestros empleados est\u00e1n bien capacitados para ser expertos en la aplicaci\u00f3n de tecnolog\u00eda al proceso de fabricaci\u00f3n de productos de ba\u00f1o, grifos termost\u00e1ticos, soporte de lat\u00f3n, ducha de mano ABS, grifo para ba\u00f1era, mezclador de ducha. Se ha demostrado continuamente que puede usarse ampliamente en los campos de aplicaci\u00f3n de grifos para ba\u00f1o y ducha.<\/p>","protected":false},"featured_media":29994,"comment_status":"open","ping_status":"closed","template":"","meta":[],"product_brand":[],"product_cat":[19],"product_tag":[],"class_list":{"0":"post-29967","1":"product","2":"type-product","3":"status-publish","4":"has-post-thumbnail","6":"product_cat-products-40780","8":"first","9":"instock","10":"shipping-taxable","11":"product-type-simple"},"_links":{"self":[{"href":"https:\/\/ghgalaxyhome.com\/es\/wp-json\/wp\/v2\/product\/29967","targetHints":{"allow":["GET"]}}],"collection":[{"href":"https:\/\/ghgalaxyhome.com\/es\/wp-json\/wp\/v2\/product"}],"about":[{"href":"https:\/\/ghgalaxyhome.com\/es\/wp-json\/wp\/v2\/types\/product"}],"replies":[{"embeddable":true,"href":"https:\/\/ghgalaxyhome.com\/es\/wp-json\/wp\/v2\/comments?post=29967"}],"version-history":[{"count":2,"href":"https:\/\/ghgalaxyhome.com\/es\/wp-json\/wp\/v2\/product\/29967\/revisions"}],"predecessor-version":[{"id":30126,"href":"https:\/\/ghgalaxyhome.com\/es\/wp-json\/wp\/v2\/product\/29967\/revisions\/30126"}],"wp:featuredmedia":[{"embeddable":true,"href":"https:\/\/ghgalaxyhome.com\/es\/wp-json\/wp\/v2\/media\/29994"}],"wp:attachment":[{"href":"https:\/\/ghgalaxyhome.com\/es\/wp-json\/wp\/v2\/media?parent=29967"}],"wp:term":[{"taxonomy":"product_brand","embeddable":true,"href":"https:\/\/ghgalaxyhome.com\/es\/wp-json\/wp\/v2\/product_brand?post=29967"},{"taxonomy":"product_cat","embeddable":true,"href":"https:\/\/ghgalaxyhome.com\/es\/wp-json\/wp\/v2\/product_cat?post=29967"},{"taxonomy":"product_tag","embeddable":true,"href":"https:\/\/ghgalaxyhome.com\/es\/wp-json\/wp\/v2\/product_tag?post=29967"}],"curies":[{"name":"wp","href":"https:\/\/api.w.org\/{rel}","templated":true}]}}