{"id":29871,"date":"2024-06-09T13:42:01","date_gmt":"2024-06-09T13:42:01","guid":{"rendered":"https:\/\/ghgalaxyhome.com\/?post_type=product&#038;p=29871"},"modified":"2024-06-09T13:47:27","modified_gmt":"2024-06-09T13:47:27","slug":"products-detail-582354","status":"publish","type":"product","link":"https:\/\/ghgalaxyhome.com\/es\/video\/products-detail-582354","title":{"rendered":"Galaxy Home - Juego de ducha superior y ducha de mano de pared Juego de grifer\u00eda de ducha tipo lluvia monomando Duchas"},"content":{"rendered":"<div class=\"cons_box ls-product\">\n<p>Foshan Baihuo Home Technology Co., Ltd. relying on years of development, it clearly understands the needs of users and the pain points of the industry, and relying on strong technical capabilities to develop high-quality Wall Mounted Top Shower And Hand Shower Set Single Handle Rainfall Shower Faucet Set that can meet the needs of users and solve the pain points of the industry. Our company has been investing heavily in R&#038;D and upgrades of technologies. This has given initial results eventually. As Wall Mounted Top Shower And Hand Shower Set Single Handle Rainfall Shower Faucet Set advantages are discovered continually, it has been widely used in the field(s) of Bath &#038; Shower Faucets. After years of growth and development,Foshan Baihuo Home Technology Co., Ltd. have constructed characteristic corporate culture systems and confirmed our business principle of &#8216;customer first&#8217;. We will always focus on customers&#8217; needs and promise that we will provide the most satisfying and valuable products.<\/p>\n<div class=\"rich-text-table\">\n<table>\n<tbody>\n<tr>\n<td style=\"width:25%;padding:5px 20px;font-size:14px;background:#f8fafc\">Garant\u00eda:<\/td>\n<td style=\"width:25%;padding:5px 20px;font-size:14px\">5 a\u00f1os<\/td>\n<td style=\"width:25%;padding:5px 20px;font-size:14px;background:#f8fafc\">Material:<\/td>\n<td style=\"width:25%;padding:5px 20px;font-size:14px\">ABS, Lat\u00f3n, Lat\u00f3n, Aleaci\u00f3n de zinc<\/td>\n<\/tr>\n<tr>\n<td style=\"width:25%;padding:5px 20px;font-size:14px;background:#f8fafc\">Servicio postventa:<\/td>\n<td style=\"width:25%;padding:5px 20px;font-size:14px\">Soporte t\u00e9cnico en l\u00ednea, repuestos gratuitos<\/td>\n<td style=\"width:25%;padding:5px 20px;font-size:14px;background:#f8fafc\">Capacidad de soluci\u00f3n del proyecto:<\/td>\n<td style=\"width:25%;padding:5px 20px;font-size:14px\">dise\u00f1o gr\u00e1fico, dise\u00f1o de modelos 3D, soluci\u00f3n total para proyectos, consolidaci\u00f3n de categor\u00edas cruzadas<\/td>\n<\/tr>\n<tr>\n<td style=\"width:25%;padding:5px 20px;font-size:14px;background:#f8fafc\">Solicitud:<\/td>\n<td style=\"width:25%;padding:5px 20px;font-size:14px\">Ba\u00f1o<\/td>\n<td style=\"width:25%;padding:5px 20px;font-size:14px;background:#f8fafc\">Estilo de dise\u00f1o:<\/td>\n<td style=\"width:25%;padding:5px 20px;font-size:14px\">Moderno<\/td>\n<\/tr>\n<tr>\n<td style=\"width:25%;padding:5px 20px;font-size:14px;background:#f8fafc\">Lugar de origen:<\/td>\n<td style=\"width:25%;padding:5px 20px;font-size:14px\">Guangdong, China<\/td>\n<td style=\"width:25%;padding:5px 20px;font-size:14px;background:#f8fafc\">Nombre de la marca:<\/td>\n<td style=\"width:25%;padding:5px 20px;font-size:14px\">Inicio Galaxy<\/td>\n<\/tr>\n<tr>\n<td style=\"width:25%;padding:5px 20px;font-size:14px;background:#f8fafc\">N\u00famero de modelo:<\/td>\n<td style=\"width:25%;padding:5px 20px;font-size:14px\">BS08707<\/td>\n<td style=\"width:25%;padding:5px 20px;font-size:14px;background:#f8fafc\">Acabado de superficies:<\/td>\n<td style=\"width:25%;padding:5px 20px;font-size:14px\">Cromo<\/td>\n<\/tr>\n<tr>\n<td style=\"width:25%;padding:5px 20px;font-size:14px;background:#f8fafc\">Tratamiento de superficies:<\/td>\n<td style=\"width:25%;padding:5px 20px;font-size:14px\">Pulido<\/td>\n<td style=\"width:25%;padding:5px 20px;font-size:14px;background:#f8fafc\">N\u00famero de manijas:<\/td>\n<td style=\"width:25%;padding:5px 20px;font-size:14px\">Mango \u00fanico<\/td>\n<\/tr>\n<tr>\n<td style=\"width:25%;padding:5px 20px;font-size:14px;background:#f8fafc\">Estilo:<\/td>\n<td style=\"width:25%;padding:5px 20px;font-size:14px\">Contempor\u00e1neo<\/td>\n<td style=\"width:25%;padding:5px 20px;font-size:14px;background:#f8fafc\">Caracter\u00edstica:<\/td>\n<td style=\"width:25%;padding:5px 20px;font-size:14px\">Grifos termost\u00e1ticos<\/td>\n<\/tr>\n<tr>\n<td style=\"width:25%;padding:5px 20px;font-size:14px;background:#f8fafc\">Material del n\u00facleo de la v\u00e1lvula:<\/td>\n<td style=\"width:25%;padding:5px 20px;font-size:14px\">Lat\u00f3n<\/td>\n<td style=\"width:25%;padding:5px 20px;font-size:14px;background:#f8fafc\">Ducha superior y teleducha:<\/td>\n<td style=\"width:25%;padding:5px 20px;font-size:14px\">abdominales<\/td>\n<\/tr>\n<tr>\n<td style=\"width:25%;padding:5px 20px;font-size:14px;background:#f8fafc\">soporte de ducha de mano:<\/td>\n<td style=\"width:25%;padding:5px 20px;font-size:14px\">Lat\u00f3n<\/td>\n<td style=\"width:25%;padding:5px 20px;font-size:14px;background:#f8fafc\">Grifo:<\/td>\n<td style=\"width:25%;padding:5px 20px;font-size:14px\">Cuerpo principal de lat\u00f3n, mango de aleaci\u00f3n de zinc.<\/td>\n<\/tr>\n<tr>\n<td style=\"width:25%;padding:5px 20px;font-size:14px;background:#f8fafc\">Funci\u00f3n:<\/td>\n<td style=\"width:25%;padding:5px 20px;font-size:14px\">Caliente y fr\u00eda<\/td>\n<td style=\"width:25%;padding:5px 20px;font-size:14px;background:#f8fafc\">Color:<\/td>\n<td style=\"width:25%;padding:5px 20px;font-size:14px\">Cromo<\/td>\n<\/tr>\n<\/tbody>\n<\/table>\n<\/div>\n<p><\/p>\n<div data-magic-global=\"%7B%22bizId%22%3A2211240675273%2C%22pageId%22%3A21003143589%2C%22siteId%22%3A10002499104%7D\" id=\"detail_decorate_root\">#detail_decorate_root .magic-0{border-bottom-style:solid;border-bottom-color:#53647a;font-family:Roboto;font-size:24px;color:#53647a;font-style:normal;border-bottom-width: 2px;padding-top:8px;padding-bottom:4px}#detail_decorate_root .magic-1{width:750px;border-collapse:collapse}#detail_decorate_root .magic-2{min-height:28px;padding:5px 10px;width:252px ;min-height:28px;box-sizing:content-box}#detail_decorate_root .magic-3{min-height:28px;padding:5px 10px;width:449px;min-height:28px;box-sizing:content-box} #detail_decorate_root .magic-4{margin-bottom:10px;line-height:0}#detail_decorate_root .magic-5{margin-bottom:0}#detail_decorate_root .magic-6{position:relative;width:100%}#detail_decorate_root .magic-7{ margin-bottom:10px;overflow:hidden}#detail_decorate_root .magic-8{width:750px}#detail_decorate_root .magic-9{overflow:hidden;width:750px;height:422px;margin-top:0;margin-bottom:0; margin-left:0;margin-right:0}#detail_decorate_root .magic-10{margin-top:0;margin-left:0;width:750px;height:422px}#detail_decorate_root .magic-11{overflow:hidden;width: 750px;alto:954px;margin-top:0;margin-bottom:0;margin-left:0;margin-right:0}#detail_decorate_root .magic-12{margin-top:0;margin-left:0;ancho: 750px;height:954px}#detail_decorate_root .magic-13{overflow:hidden;width:750px;height:473px;margin-top:0;margin-bottom:0;margin-left:0;margin-right:0}#detail_decorate_root . magic-14{margin-top:0;margin-left:0;width:750px;height:473px}#detail_decorate_root .magic-15{overflow:hidden;width:750px;height:793px;margin-top:0;margin- abajo:0;margin-izquierda:0;margin-derecha:0}#detail_decorate_root .magic-16{margin-top:0;margin-left:0;width:750px;height:793px}#detail_decorate_root .magic-17{overflow: oculto;ancho:750px;alto:453px;margin-top:0;margin-bottom:0;margin-left:0;margin-right:0}#detail_decorate_root .magic-18{margin-top:0;margin-left: 0;ancho:750px;alto:453px}<\/p>\n<div class=\"J_module\">\n<div id=\"ali-anchor-AliMagic-fo6nm9\" data-section=\"AliMagic-fo6nm9\" data-section-title=\"Specification\" class=\"magic-0\">Especificaci\u00f3n<\/div>\n<\/div>\n<div class=\"J_module\">\n<div class=\"ife-detail-decorate-table\">\n<table class=\"has-title all magic-1\">\n<tbody>\n<tr>\n<td colspan=\"1\" rowspan=\"1\">\n<div class=\"magic-2\">nombre del producto<\/div>\n<\/td>\n<td colspan=\"1\" rowspan=\"1\">\n<div class=\"magic-3\">Wall Mounted Top Shower And Hand Shower Set Single Handle Rainfall Shower Faucet Set<\/div>\n<\/td>\n<\/tr>\n<tr>\n<td colspan=\"1\" rowspan=\"1\">\n<div class=\"magic-2\">Nombre de la marca<\/div>\n<\/td>\n<td colspan=\"1\" rowspan=\"1\">\n<div class=\"magic-3\">Inicio Galaxy<\/div>\n<\/td>\n<\/tr>\n<tr>\n<td colspan=\"1\" rowspan=\"1\">\n<div class=\"magic-2\">N\u00famero de modelo<\/div>\n<\/td>\n<td colspan=\"1\" rowspan=\"1\">\n<div class=\"magic-3\">BS08707<\/div>\n<\/td>\n<\/tr>\n<tr>\n<td colspan=\"1\" rowspan=\"1\">\n<div class=\"magic-2\">Color<\/div>\n<\/td>\n<td colspan=\"1\" rowspan=\"1\">\n<div class=\"magic-3\">Cromo<\/div>\n<\/td>\n<\/tr>\n<tr>\n<td colspan=\"1\" rowspan=\"1\">\n<div class=\"magic-2\">Tratamiento de superficies<\/div>\n<\/td>\n<td colspan=\"1\" rowspan=\"1\">\n<div class=\"magic-3\">Pulido<\/div>\n<\/td>\n<\/tr>\n<tr>\n<td colspan=\"1\" rowspan=\"1\">\n<div class=\"magic-2\">Material del n\u00facleo de la v\u00e1lvula<\/div>\n<\/td>\n<td colspan=\"1\" rowspan=\"1\">\n<div class=\"magic-3\">Lat\u00f3n<\/div>\n<\/td>\n<\/tr>\n<tr>\n<td colspan=\"1\" rowspan=\"1\">\n<div class=\"magic-2\">Material de ducha superior y teleducha<\/div>\n<\/td>\n<td colspan=\"1\" rowspan=\"1\">\n<div class=\"magic-3\">abdominales<\/div>\n<\/td>\n<\/tr>\n<tr>\n<td colspan=\"1\" rowspan=\"1\">\n<div class=\"magic-2\">material del soporte de ducha de mano<\/div>\n<\/td>\n<td colspan=\"1\" rowspan=\"1\">\n<div class=\"magic-3\">Lat\u00f3n<\/div>\n<\/td>\n<\/tr>\n<tr>\n<td colspan=\"1\" rowspan=\"1\">\n<div class=\"magic-2\">Material del grifo<\/div>\n<\/td>\n<td colspan=\"1\" rowspan=\"1\">\n<div class=\"magic-3\">Cuerpo principal de lat\u00f3n, mango de aleaci\u00f3n de zinc.<\/div>\n<\/td>\n<\/tr>\n<tr>\n<td colspan=\"1\" rowspan=\"1\">\n<div class=\"magic-2\">Funci\u00f3n<\/div>\n<\/td>\n<td colspan=\"1\" rowspan=\"1\">\n<div class=\"magic-3\">Caliente y fr\u00eda<\/div>\n<\/td>\n<\/tr>\n<\/tbody>\n<\/table>\n<\/div>\n<\/div>\n<div class=\"J_module\">\n<div id=\"ali-anchor-AliMagic-xj8y63\" data-section=\"AliMagic-xj8y63\" data-section-title=\"Details Images\" class=\"magic-0\">Detalles Im\u00e1genes<\/div>\n<\/div>\n<div class=\"J_module\">\n<div class=\"icbu-pc-detailManyImage magic-4\">\n<div class=\"magic-5\"><img decoding=\"async\" data-src=\"https:\/\/imgbd.weyesimg.com\/prod\/moving\/img\/96aab06199335991f33366894aebf8dd\/67210a43a513b1057b23ad3754c5c8a5.jpg\" src=\"https:\/\/ghgalaxyhome.com\/wp-content\/uploads\/2024\/06\/321_quality80.webp\" class=\"magic-6 img-self show_imgss\"><\/div>\n<div class=\"magic-5\"><img decoding=\"async\" data-src=\"https:\/\/imgbd.weyesimg.com\/prod\/moving\/img\/96aab06199335991f33366894aebf8dd\/f7a0d34efcd3dd9e761f48b1c2999a2f.jpg\" src=\"https:\/\/ghgalaxyhome.com\/wp-content\/uploads\/2024\/06\/322_quality80.webp\" class=\"magic-6 img-self show_imgss\"><\/div>\n<div class=\"magic-5\"><img decoding=\"async\" data-src=\"https:\/\/imgbd.weyesimg.com\/prod\/moving\/img\/96aab06199335991f33366894aebf8dd\/5b3911e11c20baefff3f8ee8e13765e2.jpg\" src=\"https:\/\/ghgalaxyhome.com\/wp-content\/uploads\/2024\/06\/323_quality80.webp\" class=\"magic-6 img-self show_imgss\"><\/div>\n<div class=\"magic-5\"><img decoding=\"async\" data-src=\"https:\/\/imgbd.weyesimg.com\/prod\/moving\/img\/96aab06199335991f33366894aebf8dd\/55bce462255de96175d5969d52314465.jpg\" src=\"https:\/\/ghgalaxyhome.com\/wp-content\/uploads\/2024\/06\/324_quality80.webp\" class=\"magic-6 img-self show_imgss\"><\/div>\n<\/div>\n<\/div>\n<div class=\"J_module\">\n<div data-magic=\"{&quot;mds&quot;:{&quot;assetsVersion&quot;:&quot;0.0.14&quot;,&quot;assetsPackageName&quot;:&quot;icbumod&quot;,&quot;moduleNameAlias&quot;:&quot;icbu-pc-detailSellerRecommend&quot;,&quot;moduleData&quot;:{&quot;config&quot;:{&quot;columnCount&quot;:4,&quot;titleKey&quot;:6,&quot;products&quot;:[1600427211240,1600415507284,1600399276381,1600412362449,1600427314848,1600427296890,1600424395822,1600404482920,1600366805930,1600409885545,1600403231881,1600387357607]}}},&quot;version&quot;:1}\" class=\"icbu-pc-detailSellerRecommend magic-7\"><\/div>\n<\/div>\n<div class=\"J_module\">\n<div class=\"icbu-pc-images magic-8\">\n<div>\n<div class=\"flex-layout-v\">\n<div class=\"flex-layout-h magic-8\">\n<div class=\"magic-9\"><img decoding=\"async\" data-src=\"https:\/\/imgbd.weyesimg.com\/prod\/moving\/img\/96aab06199335991f33366894aebf8dd\/0b3dc56514d69562c59b97a0e7f989ad.jpg\" src=\"https:\/\/ghgalaxyhome.com\/wp-content\/uploads\/2024\/06\/3_quality80.webp\" class=\"magic-10 img-self show_imgss\"><\/div>\n<\/div>\n<\/div>\n<\/div>\n<\/div>\n<\/div>\n<div class=\"J_module\">\n<div class=\"icbu-pc-images magic-8\">\n<div>\n<div class=\"flex-layout-v\">\n<div class=\"flex-layout-h magic-8\">\n<div class=\"magic-11\"><img decoding=\"async\" data-src=\"https:\/\/imgbd.weyesimg.com\/prod\/moving\/img\/96aab06199335991f33366894aebf8dd\/e8a47fa2bd80430a65c85af887ab2ad4.jpg\" src=\"https:\/\/ghgalaxyhome.com\/wp-content\/uploads\/2024\/06\/4_quality80.webp\" class=\"magic-12 img-self show_imgss\"><\/div>\n<\/div>\n<\/div>\n<\/div>\n<\/div>\n<\/div>\n<div class=\"J_module\">\n<div class=\"icbu-pc-images magic-8\">\n<div>\n<div class=\"flex-layout-v\">\n<div class=\"flex-layout-h magic-8\">\n<div class=\"magic-13\"><img decoding=\"async\" data-src=\"https:\/\/imgbd.weyesimg.com\/prod\/moving\/img\/96aab06199335991f33366894aebf8dd\/812643060191df6ea0c9f14f0ebcbe18.jpg\" src=\"https:\/\/ghgalaxyhome.com\/wp-content\/uploads\/2024\/06\/5_quality80.webp\" class=\"magic-14 img-self show_imgss\"><\/div>\n<\/div>\n<\/div>\n<\/div>\n<\/div>\n<\/div>\n<div class=\"J_module\">\n<div class=\"icbu-pc-images magic-8\">\n<div>\n<div class=\"flex-layout-v\">\n<div class=\"flex-layout-h magic-8\">\n<div class=\"magic-15\"><img decoding=\"async\" data-src=\"https:\/\/imgbd.weyesimg.com\/prod\/moving\/img\/96aab06199335991f33366894aebf8dd\/245191662a3024c35540500f58281a33.jpg\" src=\"https:\/\/ghgalaxyhome.com\/wp-content\/uploads\/2024\/06\/221_quality80.webp\" class=\"magic-16 img-self show_imgss\"><\/div>\n<\/div>\n<\/div>\n<\/div>\n<\/div>\n<\/div>\n<div class=\"J_module\">\n<div class=\"icbu-pc-images magic-8\">\n<div>\n<div class=\"flex-layout-v\">\n<div class=\"flex-layout-h magic-8\">\n<div class=\"magic-17\"><img decoding=\"async\" data-src=\"https:\/\/imgbd.weyesimg.com\/prod\/moving\/img\/96aab06199335991f33366894aebf8dd\/f720390c06422a9260318d0aa9e95dec.jpg\" src=\"https:\/\/ghgalaxyhome.com\/wp-content\/uploads\/2024\/06\/45_quality80.webp\" class=\"magic-18 img-self show_imgss\"><\/div>\n<\/div>\n<\/div>\n<\/div>\n<\/div>\n<\/div><\/div>\n<\/p><\/div>","protected":false},"excerpt":{"rendered":"<p>The application of contributes to the smooth and highly efficient manufacturing process of Wall Mounted Top Shower And Hand Shower Set Single Handle Rainfall Shower Faucet Set.The product covers wide application ranges and can be seen in the field(s) of Bath &#038; Shower Faucets.<\/p>","protected":false},"featured_media":29886,"comment_status":"open","ping_status":"closed","template":"","meta":[],"product_brand":[],"product_cat":[19],"product_tag":[],"class_list":{"0":"post-29871","1":"product","2":"type-product","3":"status-publish","4":"has-post-thumbnail","6":"product_cat-products-40780","8":"first","9":"instock","10":"shipping-taxable","11":"product-type-simple"},"_links":{"self":[{"href":"https:\/\/ghgalaxyhome.com\/es\/wp-json\/wp\/v2\/product\/29871","targetHints":{"allow":["GET"]}}],"collection":[{"href":"https:\/\/ghgalaxyhome.com\/es\/wp-json\/wp\/v2\/product"}],"about":[{"href":"https:\/\/ghgalaxyhome.com\/es\/wp-json\/wp\/v2\/types\/product"}],"replies":[{"embeddable":true,"href":"https:\/\/ghgalaxyhome.com\/es\/wp-json\/wp\/v2\/comments?post=29871"}],"version-history":[{"count":2,"href":"https:\/\/ghgalaxyhome.com\/es\/wp-json\/wp\/v2\/product\/29871\/revisions"}],"predecessor-version":[{"id":30177,"href":"https:\/\/ghgalaxyhome.com\/es\/wp-json\/wp\/v2\/product\/29871\/revisions\/30177"}],"wp:featuredmedia":[{"embeddable":true,"href":"https:\/\/ghgalaxyhome.com\/es\/wp-json\/wp\/v2\/media\/29886"}],"wp:attachment":[{"href":"https:\/\/ghgalaxyhome.com\/es\/wp-json\/wp\/v2\/media?parent=29871"}],"wp:term":[{"taxonomy":"product_brand","embeddable":true,"href":"https:\/\/ghgalaxyhome.com\/es\/wp-json\/wp\/v2\/product_brand?post=29871"},{"taxonomy":"product_cat","embeddable":true,"href":"https:\/\/ghgalaxyhome.com\/es\/wp-json\/wp\/v2\/product_cat?post=29871"},{"taxonomy":"product_tag","embeddable":true,"href":"https:\/\/ghgalaxyhome.com\/es\/wp-json\/wp\/v2\/product_tag?post=29871"}],"curies":[{"name":"wp","href":"https:\/\/api.w.org\/{rel}","templated":true}]}}