{"id":29478,"date":"2024-06-09T12:42:44","date_gmt":"2024-06-09T12:42:44","guid":{"rendered":"https:\/\/ghgalaxyhome.com\/?post_type=product&#038;p=29478"},"modified":"2024-06-09T16:26:56","modified_gmt":"2024-06-09T16:26:56","slug":"products-detail-3563142","status":"publish","type":"product","link":"https:\/\/ghgalaxyhome.com\/es\/video\/products-detail-3563142","title":{"rendered":"Mamparas de ducha correderas sin marco 2023: descubra lo \u00faltimo en dise\u00f1o de duchas|Galaxy Home"},"content":{"rendered":"<div class=\"cons_box ls-product\">\n<p style=\"text-align: center\"><\/p>\n<div class=\"text-center d-tem20-title border-color d-interval\" data-detail=\"wrap\">\n<div class=\"title-header\">\n<div class=\"title font-color\"><span style=\"font-size: 24px\"><strong>Acerca de este producto<\/strong><\/span><\/div>\n<div class=\"description\">Detalles importantes<\/div>\n<\/div>\n<\/div>\n<p style=\"text-align: left\"><span style=\"font-size: 24px\"><\/span><\/p>\n<p><strong>Modern and Sleek Design:<\/strong> Frameless sliding shower enclosures have a minimalist and contemporary appearance, enhancing the overall aesthetics of the bathroom.<\/p>\n<p><strong>Spacious Feel:<\/strong> The absence of bulky frames creates a more open and spacious feeling inside the shower, making the bathroom appear larger.<\/p>\n<p><strong>Easy Cleaning:<\/strong> With fewer metal parts and crevices, frameless enclosures are easier to clean and maintain, reducing the chances of mold and soap scum buildup.<\/p>\n<p><strong>Enhanced Durability: <\/strong>Frameless shower enclosures are often made from high-quality tempered glass, making them more resistant to breakage and providing better longevity.<\/p>\n<p><strong>Customizable: <\/strong>Frameless enclosures can be custom-built to fit specific shower spaces, allowing for more flexibility in design and layout.<\/p>\n<p><strong>Water Tightness:<\/strong> When installed correctly, frameless sliding doors can provide excellent water-tightness, preventing water from leaking outside the shower area.<\/p>\n<p><strong>Safety:<\/strong> Tempered glass used in frameless enclosures is designed to shatter into small, harmless pieces if broken, reducing the risk of injury.<\/p>\n<p>Overall, a frameless sliding shower enclosure offers a combination of style, functionality, and durability, making it a popular choice for modern bathrooms.<\/p>\n<p style=\"text-align:center\"><img decoding=\"async\" src=\"https:\/\/ghgalaxyhome.com\/wp-content\/uploads\/2024\/06\/file_31691032947775.jpg?x-oss-process=image\/resize,m_lfit,w_1224\/format,webp\/quality,80\" alt=\"\" data-src=\"https:\/\/ghgalaxyhome.com\/wp-content\/uploads\/2024\/06\/file_31691032947775.jpg\" class=\"img-self show_imgss\"><\/p>\n<p><\/p>\n<p style=\"text-align: left\"><span style=\"text-decoration: none;font-size: 18px\"><\/span><\/p>\n<p style=\"text-align: left\"><span style=\"text-decoration: none;font-size: 18px\"><\/span><\/p>\n<p>Forma de bandeja<\/p>\n<table>\n<tbody>\n<tr class=\"firstRow\">\n<td width=\"234\" valign=\"top\">Marca de producto<\/td>\n<td width=\"234\" valign=\"top\">Inicio Galaxy<\/td>\n<td width=\"234\" valign=\"top\">Estilo de dise\u00f1o<\/td>\n<td width=\"234\" valign=\"top\">Moderno<\/td>\n<\/tr>\n<tr>\n<td width=\"234\" valign=\"top\">tipo de producto<\/td>\n<td width=\"234\" valign=\"top\">Shower Room<\/td>\n<td width=\"234\" valign=\"top\">N\u00famero de modelo<\/td>\n<td width=\"234\" valign=\"top\">SE20440<\/td>\n<\/tr>\n<tr>\n<td width=\"234\" valign=\"top\">Garant\u00eda<\/td>\n<td width=\"234\" valign=\"top\">3 a\u00f1os<\/td>\n<td width=\"234\" valign=\"top\">Lugar de origen<\/td>\n<td width=\"234\" valign=\"top\">Fosh\u00e1n, China<\/td>\n<\/tr>\n<tr>\n<td width=\"234\" valign=\"top\">Estilo de marco<\/td>\n<td width=\"234\" valign=\"top\">Frameless<\/td>\n<td width=\"234\" valign=\"top\">Espesor del vidrio<\/td>\n<td width=\"234\" valign=\"top\">10mm<\/td>\n<\/tr>\n<tr>\n<td width=\"234\" valign=\"top\">Estilo abierto<\/td>\n<td width=\"234\" valign=\"top\">Corredizo<\/td>\n<td width=\"234\" valign=\"top\">Estilo de apariencia<\/td>\n<td width=\"234\" valign=\"top\">Derecho<\/td>\n<\/tr>\n<tr>\n<td width=\"234\" valign=\"top\">Forma de bandeja<\/td>\n<td width=\"234\" valign=\"top\">Rect\u00e1ngulo<\/td>\n<td width=\"234\" valign=\"top\">Glass Design<\/td>\n<td width=\"234\" valign=\"top\">Light wave<\/td>\n<\/tr>\n<tr>\n<td width=\"234\" valign=\"top\">Tama\u00f1o<\/td>\n<td width=\"234\" valign=\"top\">Personalizado<\/td>\n<td width=\"234\" valign=\"top\">Uso<\/td>\n<td width=\"234\" valign=\"top\">House Bathroom<\/td>\n<\/tr>\n<\/tbody>\n<\/table>\n<p style=\"text-align: center\">\n<p style=\"text-align: center\"><img decoding=\"async\" src=\"https:\/\/ghgalaxyhome.com\/wp-content\/uploads\/2024\/06\/file_01686042185861.jpg?x-oss-process=image\/resize,m_lfit,w_1224\/format,webp\/quality,80\" alt=\"\" data-src=\"https:\/\/ghgalaxyhome.com\/wp-content\/uploads\/2024\/06\/file_01686042185861.jpg\" class=\"img-self show_imgss\"><img decoding=\"async\" src=\"https:\/\/ghgalaxyhome.com\/wp-content\/uploads\/2024\/06\/file_11686042185861.jpg?x-oss-process=image\/resize,m_lfit,w_1224\/format,webp\/quality,80\" alt=\"\" data-src=\"https:\/\/ghgalaxyhome.com\/wp-content\/uploads\/2024\/06\/file_11686042185861.jpg\" class=\"img-self show_imgss\"><\/p>\n<p style=\"text-align: center\"><\/p>\n<div class=\"text-center d-tem20-title border-color d-interval\" data-detail=\"wrap\">\n<div class=\"title-header\">\n<div class=\"title font-color\"><span style=\"font-size: 24px\"><strong>Preguntas m\u00e1s frecuentes<\/strong><\/span><\/div>\n<\/div>\n<\/div>\n<div class=\"de_m_faq_5 cont_section\">\n<ul class=\"_ul\">\n<li class=\"_li\">\n<div class=\"li_head\">1. \u00bfQu\u00e9 tipo de productos pueden ofrecer?<\/div>\n<div class=\"li_con\">Los principales productos de GALAXY HOME son tocadores de ba\u00f1o, gabinetes de cocina, ba\u00f1eras, grifos de lavabo, cabezales de ducha, mamparas de ducha, inodoros y accesorios de ba\u00f1o.<\/div>\n<\/li>\n<li class=\"_li\">\n<div class=\"li_head\">2.\u00bfEs posible la personalizaci\u00f3n?<\/div>\n<div class=\"li_con\">S\u00ed. Contamos con un equipo profesional de dise\u00f1o y producci\u00f3n con rica experiencia. Cu\u00e9ntanos tus demandas y te ofrecemos una soluci\u00f3n.<\/div>\n<\/li>\n<li class=\"_li\">\n<div class=\"li_head\">3. \u00bfEs aceptable ODM u OEM?<\/div>\n<div class=\"li_con\">S\u00ed. Debido a la experiencia de producci\u00f3n y exportaci\u00f3n de al menos 20 a\u00f1os, hemos finalizado muchos pedidos de ODM y OEM en los \u00faltimos a\u00f1os. Nuestra f\u00e1brica cubre un \u00e1rea de 40000?O con l\u00edneas de producci\u00f3n avanzadas. Nuestra capacidad para hacer ODM y OEM es confiable.<\/div>\n<\/li>\n<li class=\"_li\">\n<div class=\"li_head\">4. \u00bfQu\u00e9 certificados de producto tienes?<\/div>\n<div class=\"li_con\">Los productos GALAXY HOME han sido certificados por SGS, CNAS, CMA, CAL y jlac-mra. Se han emitido certificados.<\/div>\n<\/li>\n<li class=\"_li\">\n<div class=\"li_head\">5. \u00bfC\u00f3mo puedo obtener el precio m\u00e1s reciente?<\/div>\n<div class=\"li_con\">Los clientes pueden hacer clic en el bot\u00f3n Cont\u00e1ctenos para enviarnos una consulta. Generalmente cotizamos dentro de las 24 horas durante los d\u00edas h\u00e1biles. Tambi\u00e9n puedes enviarnos un correo electr\u00f3nico o un WhatsApp directamente si deseas una respuesta r\u00e1pida. La direcci\u00f3n de correo electr\u00f3nico es info@ghgalaxyhome.com y el n\u00famero de tel\u00e9fono es 86-17722731431.<\/div>\n<\/li>\n<li class=\"_li\">\n<div class=\"li_head\">6.\u00bfPuedo comprar muestras?<\/div>\n<div class=\"li_con\">S\u00ed. Se pueden discutir detalles como el flete y el tiempo de entrega.<\/div>\n<\/li>\n<li class=\"_li\">\n<div class=\"li_head\">7. \u00bfCu\u00e1l es el tiempo de entrega?<\/div>\n<div class=\"li_con\">El plazo de entrega depende de la cantidad del pedido y del stock. Generalmente es de 7 a 15 d\u00edas para existencias adecuadas y alrededor de 40 d\u00edas para existencias bajas.<\/div>\n<\/li>\n<li class=\"_li\">\n<div class=\"li_head\">8. \u00bfCu\u00e1l es la forma de entrega?<\/div>\n<div class=\"li_con\">Los productos pueden entregarse por mar, aire o expreso (EMS, UPS, DHL, TNT, FEDEX, etc.). Por favor hable con nosotros antes de realizar pedidos.<\/div>\n<\/li>\n<li class=\"_li\">\n<div class=\"li_head\">9.\u00bfC\u00f3mo puedo pagar? \u00bfCu\u00e1l es el m\u00e9todo de pago?<\/div>\n<div class=\"li_con\">Se aceptan T\/T, L\/C, Western Union, Moneygram y Paypal.<\/div>\n<\/li>\n<li class=\"_li\">\n<div class=\"li_head\">10.\u00bfQu\u00e9 puedes hacer para asegurar la calidad?<\/div>\n<div class=\"li_con\">El departamento de inspecci\u00f3n de calidad de nuestra f\u00e1brica controla cada aspecto de la producci\u00f3n. Tambi\u00e9n te mantendremos informado mediante fotos y v\u00eddeos para asegurarnos de que cada detalle est\u00e9 solucionado. Siempre nos mantendremos en contacto con los compradores en caso de cualquier pregunta.<\/div>\n<\/li>\n<\/ul>\n<\/div>\n<p><\/p>\n<p><\/p>\n<p><\/p>\n<p><\/p>\n<p><\/p>\n<p><\/p>\n<p><\/p>\n<\/p><\/div>","protected":false},"excerpt":{"rendered":"<p>Frameless sliding shower enclosures have a minimalist and contemporary appearance, enhancing the overall aesthetics of the bathroom.The absence of bulky frames creates a more open and spacious feeling inside the shower, making the bathroom appear larger.Frameless enclosures can be custom-built to fit specific shower spaces, allowing for more flexibility in design and layout.<\/p>","protected":false},"featured_media":29454,"comment_status":"open","ping_status":"closed","template":"","meta":[],"product_brand":[],"product_cat":[23],"product_tag":[],"class_list":{"0":"post-29478","1":"product","2":"type-product","3":"status-publish","4":"has-post-thumbnail","6":"product_cat-products-40763","8":"first","9":"instock","10":"shipping-taxable","11":"product-type-simple"},"_links":{"self":[{"href":"https:\/\/ghgalaxyhome.com\/es\/wp-json\/wp\/v2\/product\/29478","targetHints":{"allow":["GET"]}}],"collection":[{"href":"https:\/\/ghgalaxyhome.com\/es\/wp-json\/wp\/v2\/product"}],"about":[{"href":"https:\/\/ghgalaxyhome.com\/es\/wp-json\/wp\/v2\/types\/product"}],"replies":[{"embeddable":true,"href":"https:\/\/ghgalaxyhome.com\/es\/wp-json\/wp\/v2\/comments?post=29478"}],"version-history":[{"count":2,"href":"https:\/\/ghgalaxyhome.com\/es\/wp-json\/wp\/v2\/product\/29478\/revisions"}],"predecessor-version":[{"id":29635,"href":"https:\/\/ghgalaxyhome.com\/es\/wp-json\/wp\/v2\/product\/29478\/revisions\/29635"}],"wp:featuredmedia":[{"embeddable":true,"href":"https:\/\/ghgalaxyhome.com\/es\/wp-json\/wp\/v2\/media\/29454"}],"wp:attachment":[{"href":"https:\/\/ghgalaxyhome.com\/es\/wp-json\/wp\/v2\/media?parent=29478"}],"wp:term":[{"taxonomy":"product_brand","embeddable":true,"href":"https:\/\/ghgalaxyhome.com\/es\/wp-json\/wp\/v2\/product_brand?post=29478"},{"taxonomy":"product_cat","embeddable":true,"href":"https:\/\/ghgalaxyhome.com\/es\/wp-json\/wp\/v2\/product_cat?post=29478"},{"taxonomy":"product_tag","embeddable":true,"href":"https:\/\/ghgalaxyhome.com\/es\/wp-json\/wp\/v2\/product_tag?post=29478"}],"curies":[{"name":"wp","href":"https:\/\/api.w.org\/{rel}","templated":true}]}}