{"id":29474,"date":"2024-06-09T12:42:43","date_gmt":"2024-06-09T12:42:43","guid":{"rendered":"https:\/\/ghgalaxyhome.com\/?post_type=product&#038;p=29474"},"modified":"2024-06-09T16:26:56","modified_gmt":"2024-06-09T16:26:56","slug":"products-detail-3605604","status":"publish","type":"product","link":"https:\/\/ghgalaxyhome.com\/es\/video\/products-detail-3605604","title":{"rendered":"Mamparas de ducha: puertas de ducha cuadradas con marcos de acero inoxidable |proveedores de mamparas de ducha | Inicio Galaxy"},"content":{"rendered":"<div class=\"cons_box ls-product\">\n<p style=\"text-align: center\"><\/p>\n<div class=\"text-center d-tem20-title border-color d-interval\" data-detail=\"wrap\">\n<div class=\"title-header\">\n<div class=\"title font-color\"><span style=\"font-size: 24px\"><strong>Acerca de este producto<\/strong><\/span><\/div>\n<div class=\"description\">Detalles importantes<\/div>\n<\/div>\n<\/div>\n<p style=\"text-align: left\"><span style=\"font-size: 24px\"><\/span><\/p>\n<p>Las mamparas de ducha corredizas con marco de acero inoxidable ofrecen una variedad de beneficios que las convierten en la opci\u00f3n preferida para muchas configuraciones de ba\u00f1o:<\/p>\n<p><strong>Durabilidad robusta:<\/strong> Los marcos de acero inoxidable proporcionan una resistencia excepcional a la corrosi\u00f3n y resistencia, lo que garantiza una larga vida \u00fatil de la mampara de ducha.<\/p>\n<p><strong>Est\u00e9tica atemporal:<\/strong> La apariencia elegante y moderna de los marcos de acero inoxidable agrega un toque de elegancia al ba\u00f1o manteniendo un dise\u00f1o cl\u00e1sico y atemporal.<\/p>\n<p><strong>Estabilidad y soporte:<\/strong> Los marcos de acero inoxidable ofrecen un soporte estructural robusto, lo que garantiza la estabilidad de todo el gabinete y mejora la seguridad del usuario.<\/p>\n<p><strong>Variedad de Acabados:<\/strong> Los marcos de acero inoxidable est\u00e1n disponibles en varios acabados, lo que permite a los propietarios elegir una apariencia que complemente la decoraci\u00f3n y el estilo de su ba\u00f1o.<\/p>\n<p><strong>Facil mantenimiento: <\/strong>El acero inoxidable es f\u00e1cil de limpiar y mantener y requiere un esfuerzo m\u00ednimo para mantener intactos su brillo y apariencia.<\/p>\n<p><strong>Personalizaci\u00f3n: <\/strong>Estas mamparas se pueden adaptar para adaptarse a diferentes espacios y dise\u00f1os de ducha, acomod\u00e1ndose a diversas configuraciones de ba\u00f1o.<\/p>\n<p><strong>Dise\u00f1o vers\u00e1til:<\/strong> Los gabinetes con marco de acero inoxidable se integran perfectamente con diferentes estilos de duchas y ba\u00f1os, brindando versatilidad de dise\u00f1o.<\/p>\n<p><strong>Resistente a factores ambientales:<\/strong> La resistencia del acero inoxidable a la humedad lo hace adecuado para ambientes h\u00famedos como ba\u00f1os.<\/p>\n<p><strong>Valor mejorado: <\/strong>La combinaci\u00f3n de durabilidad y est\u00e9tica que ofrecen los gabinetes con marco de acero inoxidable puede agregar valor a la propiedad en general.<\/p>\n<p><strong>Longevidad:<\/strong> La resistencia del acero inoxidable a la oxidaci\u00f3n y al desgaste garantiza que el marco mantenga su integridad a lo largo del tiempo, incluso en ambientes con mucha humedad.<\/p>\n<p>En conclusi\u00f3n, las mamparas de ducha corredizas con marco de acero inoxidable combinan durabilidad, estilo y practicidad, lo que las convierte en una opci\u00f3n confiable y visualmente atractiva para una amplia gama de ba\u00f1os.<\/p>\n<p style=\"text-align:center\"><\/p>\n<p style=\"text-align:center\"><img decoding=\"async\" src=\"https:\/\/ghgalaxyhome.com\/wp-content\/uploads\/2024\/06\/file_21691632684542.jpg?x-oss-process=image\/resize,m_lfit,w_1224\/format,webp\/quality,80\" alt=\"\" data-src=\"https:\/\/ghgalaxyhome.com\/wp-content\/uploads\/2024\/06\/file_21691632684542.jpg\" class=\"img-self show_imgss\"><\/p>\n<p><\/p>\n<p style=\"text-align: left\"><span style=\"text-decoration: none;font-size: 18px\"><\/span><\/p>\n<p style=\"text-align: left\"><span style=\"text-decoration: none;font-size: 18px\"><\/span><\/p>\n<table>\n<tbody>\n<tr class=\"firstRow\">\n<td width=\"234\" valign=\"top\">Marca de producto<\/td>\n<td width=\"234\" valign=\"top\">Inicio Galaxy<\/td>\n<td width=\"234\" valign=\"top\">Estilo de dise\u00f1o<\/td>\n<td width=\"234\" valign=\"top\">Moderno<\/td>\n<\/tr>\n<tr>\n<td width=\"234\" valign=\"top\">tipo de producto<\/td>\n<td width=\"234\" valign=\"top\">Mampara de ducha de vidrio<\/td>\n<td width=\"234\" valign=\"top\">N\u00famero de modelo<\/td>\n<td width=\"234\" valign=\"top\">SE20433BK<\/td>\n<\/tr>\n<tr>\n<td width=\"234\" valign=\"top\">Garant\u00eda<\/td>\n<td width=\"234\" valign=\"top\">3 a\u00f1os<\/td>\n<td width=\"234\" valign=\"top\">Lugar de origen<\/td>\n<td width=\"234\" valign=\"top\">Fosh\u00e1n, China<\/td>\n<\/tr>\n<tr>\n<td width=\"234\" valign=\"top\">Material de la bandeja<\/td>\n<td width=\"234\" valign=\"top\">acero inoxidable 304<\/td>\n<td width=\"234\" valign=\"top\">Estilo de marco<\/td>\n<td width=\"234\" valign=\"top\">Con marco<\/td>\n<\/tr>\n<tr>\n<td width=\"234\" valign=\"top\">Espesor del vidrio<\/td>\n<td width=\"234\" valign=\"top\">8mm\/10mm<\/td>\n<td width=\"234\" valign=\"top\">Estilo abierto<\/td>\n<td width=\"234\" valign=\"top\">Corredizo<\/td>\n<\/tr>\n<tr>\n<td width=\"234\" valign=\"top\">Estilo de apariencia<\/td>\n<td width=\"234\" valign=\"top\">Derecho<\/td>\n<td width=\"234\" valign=\"top\">Forma de bandeja<\/td>\n<td width=\"234\" valign=\"top\">Rect\u00e1ngulo<\/td>\n<\/tr>\n<tr>\n<td width=\"234\" valign=\"top\">Tama\u00f1o<\/td>\n<td width=\"234\" valign=\"top\">Tama\u00f1o personalizado<\/td>\n<td width=\"234\" valign=\"top\">Material de los paneles<\/td>\n<td width=\"234\" valign=\"top\">Vidrio templado<\/td>\n<\/tr>\n<\/tbody>\n<\/table>\n<p style=\"text-align: center\"><img decoding=\"async\" src=\"https:\/\/ghgalaxyhome.com\/wp-content\/uploads\/2024\/06\/file_01691633227677.png?x-oss-process=image\/resize,m_lfit,w_1224\/format,webp\/quality,80\" alt=\"\" data-src=\"https:\/\/ghgalaxyhome.com\/wp-content\/uploads\/2024\/06\/file_01691633227677.png\" class=\"img-self show_imgss\"><\/p>\n<table>\n<tbody>\n<tr class=\"firstRow\">\n<td width=\"591\" valign=\"top\"><img decoding=\"async\" src=\"https:\/\/ghgalaxyhome.com\/wp-content\/uploads\/2024\/06\/file_01691633275468.jpg?x-oss-process=image\/resize,m_lfit,w_1224\/format,webp\/quality,80\" alt=\"\" style=\"float: right\" data-src=\"https:\/\/ghgalaxyhome.com\/wp-content\/uploads\/2024\/06\/file_01691633275468.jpg\" class=\"img-self show_imgss\"><\/td>\n<td width=\"591\" valign=\"top\"><img decoding=\"async\" src=\"https:\/\/ghgalaxyhome.com\/wp-content\/uploads\/2024\/06\/file_01691633297557.png?x-oss-process=image\/resize,m_lfit,w_1224\/format,webp\/quality,80\" alt=\"\" data-src=\"https:\/\/ghgalaxyhome.com\/wp-content\/uploads\/2024\/06\/file_01691633297557.png\" class=\"img-self show_imgss\"><\/td>\n<\/tr>\n<tr>\n<td width=\"591\" valign=\"top\"><img decoding=\"async\" src=\"https:\/\/ghgalaxyhome.com\/wp-content\/uploads\/2024\/06\/file_01691633309041.jpg?x-oss-process=image\/resize,m_lfit,w_1224\/format,webp\/quality,80\" alt=\"\" style=\"float: right\" data-src=\"https:\/\/ghgalaxyhome.com\/wp-content\/uploads\/2024\/06\/file_01691633309041.jpg\" class=\"img-self show_imgss\"><\/td>\n<td width=\"591\" valign=\"top\"><img decoding=\"async\" src=\"https:\/\/ghgalaxyhome.com\/wp-content\/uploads\/2024\/06\/file_01691633323584.jpg?x-oss-process=image\/resize,m_lfit,w_1224\/format,webp\/quality,80\" alt=\"\" data-src=\"https:\/\/ghgalaxyhome.com\/wp-content\/uploads\/2024\/06\/file_01691633323584.jpg\" class=\"img-self show_imgss\"><\/td>\n<\/tr>\n<\/tbody>\n<\/table>\n<p style=\"text-align: center\"><img decoding=\"async\" src=\"https:\/\/ghgalaxyhome.com\/wp-content\/uploads\/2024\/06\/file_01691633353919.png?x-oss-process=image\/resize,m_lfit,w_1224\/format,webp\/quality,80\" alt=\"\" data-src=\"https:\/\/ghgalaxyhome.com\/wp-content\/uploads\/2024\/06\/file_01691633353919.png\" class=\"img-self show_imgss\"><img decoding=\"async\" src=\"https:\/\/ghgalaxyhome.com\/wp-content\/uploads\/2024\/06\/file_11691633353919.jpg?x-oss-process=image\/resize,m_lfit,w_1224\/format,webp\/quality,80\" alt=\"\" data-src=\"https:\/\/ghgalaxyhome.com\/wp-content\/uploads\/2024\/06\/file_11691633353919.jpg\" class=\"img-self show_imgss\"><img decoding=\"async\" src=\"https:\/\/ghgalaxyhome.com\/wp-content\/uploads\/2024\/06\/file_21691633353919.png?x-oss-process=image\/resize,m_lfit,w_1224\/format,webp\/quality,80\" alt=\"\" data-src=\"https:\/\/ghgalaxyhome.com\/wp-content\/uploads\/2024\/06\/file_21691633353919.png\" class=\"img-self show_imgss\"><img decoding=\"async\" src=\"https:\/\/ghgalaxyhome.com\/wp-content\/uploads\/2024\/06\/file_31691633353919.png?x-oss-process=image\/resize,m_lfit,w_1224\/format,webp\/quality,80\" alt=\"\" data-src=\"https:\/\/ghgalaxyhome.com\/wp-content\/uploads\/2024\/06\/file_31691633353919.png\" class=\"img-self show_imgss\"><\/p>\n<p><\/p>\n<p style=\"text-align: center\"><img decoding=\"async\" src=\"https:\/\/ghgalaxyhome.com\/wp-content\/uploads\/2024\/06\/file_01686042185861.jpg?x-oss-process=image\/resize,m_lfit,w_1224\/format,webp\/quality,80\" alt=\"\" data-src=\"https:\/\/ghgalaxyhome.com\/wp-content\/uploads\/2024\/06\/file_01686042185861.jpg\" class=\"img-self show_imgss\"><\/p>\n<p style=\"text-align: center\"><\/p>\n<div class=\"text-center d-tem20-title border-color d-interval\" data-detail=\"wrap\">\n<div class=\"title-header\">\n<div class=\"title font-color\"><span style=\"font-size: 24px\"><strong>Preguntas m\u00e1s frecuentes<\/strong><\/span><\/div>\n<\/div>\n<\/div>\n<div class=\"de_m_faq_5 cont_section\">\n<ul class=\"_ul\">\n<li class=\"_li\">\n<div class=\"li_head\">1. \u00bfQu\u00e9 tipo de productos pueden ofrecer?<\/div>\n<div class=\"li_con\">Los principales productos de GALAXY HOME son tocadores de ba\u00f1o, gabinetes de cocina, ba\u00f1eras, grifos de lavabo, cabezales de ducha, mamparas de ducha, inodoros y accesorios de ba\u00f1o.<\/div>\n<\/li>\n<li class=\"_li\">\n<div class=\"li_head\">2.\u00bfEs posible la personalizaci\u00f3n?<\/div>\n<div class=\"li_con\">S\u00ed. Contamos con un equipo profesional de dise\u00f1o y producci\u00f3n con rica experiencia. Cu\u00e9ntanos tus demandas y te ofrecemos una soluci\u00f3n.<\/div>\n<\/li>\n<li class=\"_li\">\n<div class=\"li_head\">3. \u00bfEs aceptable ODM u OEM?<\/div>\n<div class=\"li_con\">S\u00ed. Debido a la experiencia de producci\u00f3n y exportaci\u00f3n de al menos 20 a\u00f1os, hemos finalizado muchos pedidos de ODM y OEM en los \u00faltimos a\u00f1os. Nuestra f\u00e1brica cubre un \u00e1rea de 40000?O con l\u00edneas de producci\u00f3n avanzadas. Nuestra capacidad para hacer ODM y OEM es confiable.<\/div>\n<\/li>\n<li class=\"_li\">\n<div class=\"li_head\">4. \u00bfQu\u00e9 certificados de producto tienes?<\/div>\n<div class=\"li_con\">Los productos GALAXY HOME han sido certificados por SGS, CNAS, CMA, CAL y jlac-mra. Se han emitido certificados.<\/div>\n<\/li>\n<li class=\"_li\">\n<div class=\"li_head\">5. \u00bfC\u00f3mo puedo obtener el precio m\u00e1s reciente?<\/div>\n<div class=\"li_con\">Los clientes pueden hacer clic en el bot\u00f3n Cont\u00e1ctenos para enviarnos una consulta. Generalmente cotizamos dentro de las 24 horas durante los d\u00edas h\u00e1biles. Tambi\u00e9n puedes enviarnos un correo electr\u00f3nico o un WhatsApp directamente si deseas una respuesta r\u00e1pida. La direcci\u00f3n de correo electr\u00f3nico es info@ghgalaxyhome.com y el n\u00famero de tel\u00e9fono es 86-17722731431.<\/div>\n<\/li>\n<li class=\"_li\">\n<div class=\"li_head\">6.\u00bfPuedo comprar muestras?<\/div>\n<div class=\"li_con\">S\u00ed. Se pueden discutir detalles como el flete y el tiempo de entrega.<\/div>\n<\/li>\n<li class=\"_li\">\n<div class=\"li_head\">7. \u00bfCu\u00e1l es el tiempo de entrega?<\/div>\n<div class=\"li_con\">El plazo de entrega depende de la cantidad del pedido y del stock. Generalmente es de 7 a 15 d\u00edas para existencias adecuadas y alrededor de 40 d\u00edas para existencias bajas.<\/div>\n<\/li>\n<li class=\"_li\">\n<div class=\"li_head\">8. \u00bfCu\u00e1l es la forma de entrega?<\/div>\n<div class=\"li_con\">Los productos pueden entregarse por mar, aire o expreso (EMS, UPS, DHL, TNT, FEDEX, etc.). Por favor hable con nosotros antes de realizar pedidos.<\/div>\n<\/li>\n<li class=\"_li\">\n<div class=\"li_head\">9.\u00bfC\u00f3mo puedo pagar? \u00bfCu\u00e1l es el m\u00e9todo de pago?<\/div>\n<div class=\"li_con\">Se aceptan T\/T, L\/C, Western Union, Moneygram y Paypal.<\/div>\n<\/li>\n<li class=\"_li\">\n<div class=\"li_head\">10.\u00bfQu\u00e9 puedes hacer para asegurar la calidad?<\/div>\n<div class=\"li_con\">El departamento de inspecci\u00f3n de calidad de nuestra f\u00e1brica controla cada aspecto de la producci\u00f3n. Tambi\u00e9n te mantendremos informado mediante fotos y v\u00eddeos para asegurarnos de que cada detalle est\u00e9 solucionado. Siempre nos mantendremos en contacto con los compradores en caso de cualquier pregunta.<\/div>\n<\/li>\n<\/ul>\n<\/div>\n<p><\/p>\n<\/p><\/div>","protected":false},"excerpt":{"rendered":"<p>Mamparas de ducha con marco de acero inoxidable: fabricaci\u00f3n experta de mamparas de ducha, material y color del marco personalizables, dimensiones de la mampara de ducha, color y grosor del vidrio. El marco est\u00e1 tratado con procesos impermeables y antioxidantes. El vidrio est\u00e1 hecho de vidrio templado apto para autom\u00f3viles, que se somete a un proceso de templado calentado a 680-720 \u00b0C y luego enfriado cuidadosamente. El vidrio de la mampara de ducha cuenta con una alta resistencia al impacto y cualidades a prueba de explosiones: no menos de 40 part\u00edculas en 25 cm2.<\/p>","protected":false},"featured_media":29437,"comment_status":"open","ping_status":"closed","template":"","meta":[],"product_brand":[],"product_cat":[23],"product_tag":[],"class_list":{"0":"post-29474","1":"product","2":"type-product","3":"status-publish","4":"has-post-thumbnail","6":"product_cat-products-40763","8":"first","9":"instock","10":"shipping-taxable","11":"product-type-simple"},"_links":{"self":[{"href":"https:\/\/ghgalaxyhome.com\/es\/wp-json\/wp\/v2\/product\/29474","targetHints":{"allow":["GET"]}}],"collection":[{"href":"https:\/\/ghgalaxyhome.com\/es\/wp-json\/wp\/v2\/product"}],"about":[{"href":"https:\/\/ghgalaxyhome.com\/es\/wp-json\/wp\/v2\/types\/product"}],"replies":[{"embeddable":true,"href":"https:\/\/ghgalaxyhome.com\/es\/wp-json\/wp\/v2\/comments?post=29474"}],"version-history":[{"count":2,"href":"https:\/\/ghgalaxyhome.com\/es\/wp-json\/wp\/v2\/product\/29474\/revisions"}],"predecessor-version":[{"id":29649,"href":"https:\/\/ghgalaxyhome.com\/es\/wp-json\/wp\/v2\/product\/29474\/revisions\/29649"}],"wp:featuredmedia":[{"embeddable":true,"href":"https:\/\/ghgalaxyhome.com\/es\/wp-json\/wp\/v2\/media\/29437"}],"wp:attachment":[{"href":"https:\/\/ghgalaxyhome.com\/es\/wp-json\/wp\/v2\/media?parent=29474"}],"wp:term":[{"taxonomy":"product_brand","embeddable":true,"href":"https:\/\/ghgalaxyhome.com\/es\/wp-json\/wp\/v2\/product_brand?post=29474"},{"taxonomy":"product_cat","embeddable":true,"href":"https:\/\/ghgalaxyhome.com\/es\/wp-json\/wp\/v2\/product_cat?post=29474"},{"taxonomy":"product_tag","embeddable":true,"href":"https:\/\/ghgalaxyhome.com\/es\/wp-json\/wp\/v2\/product_tag?post=29474"}],"curies":[{"name":"wp","href":"https:\/\/api.w.org\/{rel}","templated":true}]}}